{"id":2078,"date":"2026-01-26T05:37:06","date_gmt":"2026-01-26T05:37:06","guid":{"rendered":"https:\/\/www.materialstests.com\/?page_id=2078"},"modified":"2026-01-26T13:22:09","modified_gmt":"2026-01-26T13:22:09","slug":"contact-us","status":"publish","type":"page","link":"https:\/\/www.materialstests.com\/tr\/contact-us.html","title":{"rendered":"Bize Ula\u015f\u0131n"},"content":{"rendered":"<div data-elementor-type=\"wp-page\" data-elementor-id=\"2078\" class=\"elementor elementor-2078\" data-elementor-post-type=\"page\">\n\t\t\t\t<div class=\"elementor-element elementor-element-857c6e4 e-flex e-con-boxed e-con e-parent\" data-id=\"857c6e4\" data-element_type=\"container\" data-settings=\"{&quot;background_background&quot;:&quot;classic&quot;}\">\n\t\t\t\t\t<div class=\"e-con-inner\">\n\t\t\t\t<div class=\"elementor-element elementor-element-18c6c37 elementor-widget elementor-widget-heading\" data-id=\"18c6c37\" data-element_type=\"widget\" data-widget_type=\"heading.default\">\n\t\t\t\t\t<div class=\"elementor-heading-title elementor-size-default\"><nav aria-label=\"ekmek k\u0131r\u0131nt\u0131lar\u0131\" class=\"rank-math-breadcrumb\"><p><a href=\"https:\/\/www.materialstests.com\/tr\/\">Ev<\/a><span class=\"separator\"> \u00bb <\/span><span class=\"last\">Ev<\/span><\/p><\/nav>\u200b<\/div>\t\t\t\t<\/div>\n\t\t\t\t\t<\/div>\n\t\t\t\t<\/div>\n\t\t<div class=\"elementor-element elementor-element-a267ca2 e-flex e-con-boxed e-con e-parent\" data-id=\"a267ca2\" data-element_type=\"container\">\n\t\t\t\t\t<div class=\"e-con-inner\">\n\t\t\t\t<div class=\"elementor-element elementor-element-cae2fd3 elementor-widget elementor-widget-text-editor\" data-id=\"cae2fd3\" data-element_type=\"widget\" data-widget_type=\"text-editor.default\">\n\t\t\t\t\t\t\t\t\t<p><strong>Cell Instruments Co, Ltd.<\/strong><\/p><p><strong>Telefon<\/strong>: +86 531 88977152<\/p><p><strong>Cep telefonu<\/strong>: +86 18560013985<\/p><p><strong>Posta<\/strong>: trade@celtec.cn<\/p><p><strong>WhatsApp<\/strong>: +86 18560013985<\/p><p><strong>WeChat<\/strong>: +86 18560013985<\/p><p><strong>Adres<\/strong>: No. 5577 Gongyebei Rd, Licheng B\u00f6lgesi, Jinan, 250109, Shandong, \u00c7in<\/p><p>Bu \u00fcr\u00fcn hakk\u0131nda daha fazla bilgi almak isterseniz, l\u00fctfen bizimle ileti\u015fime ge\u00e7mekten \u00e7ekinmeyin. Sizin i\u00e7in di\u011fer pop\u00fcler \u00fcr\u00fcnleri tavsiye ederiz:\u00a0 <a class=\"aahaf6o\" title=\"Ka\u011f\u0131t ve Karton Kal\u0131nl\u0131\u011f\u0131 Test Cihaz\u0131\" href=\"https:\/\/www.materialstests.com\/tr\/paper-board-tester.html\/\">Ka\u011f\u0131t ve Karton Kal\u0131nl\u0131\u011f\u0131 Test Cihaz\u0131<\/a>,\u00a0<a class=\"aahaf6o\" title=\"Yap\u0131\u015fkanl\u0131k Testi\" href=\"https:\/\/www.materialstests.com\/tr\/adhesiveness-tester.html\/\">Yap\u0131\u015fkanl\u0131k Testi<\/a>,\u00a0<a class=\"aahaf6o\" title=\"Is\u0131 Gradyan\u0131 Test Cihaz\u0131\" href=\"https:\/\/www.materialstests.com\/tr\/products\/ghs-01-gradient-heat-seal-tester.html\/\">Is\u0131 Gradyan\u0131 Test Cihaz\u0131<\/a>,\u00a0<a class=\"aahaf6o\" title=\"film \u0131s\u0131 b\u00fcz\u00fc\u015fmeli test cihaz\u0131\" href=\"https:\/\/www.materialstests.com\/tr\/shrink-tester.html\/\">film \u0131s\u0131 b\u00fcz\u00fc\u015fmeli test cihaz\u0131<\/a>,\u00a0<a class=\"aahaf6o\" title=\"Esnek Dayan\u0131kl\u0131l\u0131k Test Cihaz\u0131\" href=\"https:\/\/www.materialstests.com\/tr\/flex-durability-tester.html\/\">Esnek Dayan\u0131kl\u0131l\u0131k Test Cihaz\u0131<\/a>,\u00a0<a class=\"aahaf6o\" title=\"Gradyan Is\u0131 Yal\u0131t\u0131m Test Cihaz\u0131\" href=\"https:\/\/www.materialstests.com\/tr\/gradient-heat-seal-tester.html\/\">Gradyan Is\u0131 Yal\u0131t\u0131m Test Cihaz\u0131<\/a>,\u00a0<a class=\"aahaf6o\" title=\"Soyulma Yap\u0131\u015ft\u0131rma Test Cihaz\u0131\" href=\"https:\/\/www.materialstests.com\/tr\/products\/spc-01-stretch-film-peeling-cling-tester.html\/\">Soyulma Yap\u0131\u015ft\u0131rma Test Cihaz\u0131<\/a>,\u00a0<a class=\"aahaf6o\" title=\"Tutma G\u00fcc\u00fc Test Cihaz\u0131\" href=\"https:\/\/www.materialstests.com\/tr\/holding-power-tester.html\/\">Tutma G\u00fcc\u00fc Test Cihaz\u0131<\/a>,\u00a0<a class=\"aahaf6o\" title=\"\u00e7in \u0131s\u0131 s\u0131zd\u0131rmazl\u0131k test cihaz\u0131\" href=\"https:\/\/www.materialstests.com\/tr\/productstags\/china-heat-sealing-tester-factory.html\/\">\u00e7in \u0131s\u0131 s\u0131zd\u0131rmazl\u0131k test cihaz\u0131<\/a>,\u00a0<a class=\"aahaf6o\" title=\"Karbonasyon Test Cihaz\u0131 hizmetleri\" href=\"https:\/\/www.materialstests.com\/tr\/products\/clrt-01-carbon-dioxide-volume-tester.html\/\">Karbonasyon Test Cihaz\u0131 hizmetleri<\/a>,\u00a0<a class=\"aahaf6o\" title=\"Shrink Test Cihaz\u0131 hizmetleri\" href=\"https:\/\/www.materialstests.com\/tr\/shrink-tester.html\/\">Shrink Test Cihaz\u0131 hizmetleri<\/a>,\u00a0<a class=\"aahaf6o\" title=\"Esnek Dayan\u0131kl\u0131l\u0131k Test Cihaz\u0131 \u00c7in\" href=\"https:\/\/www.materialstests.com\/tr\/products\/gft-01-flex-durability-tester.html\/\">Esnek Dayan\u0131kl\u0131l\u0131k Test Cihaz\u0131 \u00c7in<\/a>,\u00a0<a class=\"aahaf6o\" title=\"Esnek Dayan\u0131kl\u0131l\u0131k Test Cihaz\u0131 hizmetleri\" href=\"https:\/\/www.materialstests.com\/tr\/products\/gft-01-flex-durability-tester.html\/\">Esnek Dayan\u0131kl\u0131l\u0131k Test Cihaz\u0131 hizmetleri<\/a>,\u00a0<a class=\"aahaf6o\" title=\"Filmsiz Shrink Test Cihaz\u0131 \u00c7in\" href=\"https:\/\/www.materialstests.com\/tr\/shrink-tester.html\/\">Filmsiz Shrink Test Cihaz\u0131 \u00c7in<\/a>,\u00a0<a class=\"aahaf6o\" title=\"Gradyan Is\u0131 Yal\u0131t\u0131m Test Cihaz\u0131 \u00c7in\" href=\"https:\/\/www.materialstests.com\/tr\/gradient-heat-seal-tester.html\/\">Gradyan Is\u0131 Yal\u0131t\u0131m Test Cihaz\u0131 \u00c7in<\/a>,\u00a0<a class=\"aahaf6o\" title=\"Gradyan Is\u0131 Yal\u0131t\u0131m Test Cihaz\u0131 hizmetleri\" href=\"https:\/\/www.materialstests.com\/tr\/gradient-heat-seal-tester.html\/\">Gradyan Is\u0131 Yal\u0131t\u0131m Test Cihaz\u0131 hizmetleri<\/a>,\u00a0<a class=\"aahaf6o\" title=\"Soyulma Sarma Test Cihaz\u0131 \u00c7in\" href=\"https:\/\/www.materialstests.com\/tr\/peeling-cling-tester.html\/\">Soyulma Sarma Test Cihaz\u0131 \u00c7in<\/a>,\u00a0<a class=\"aahaf6o\" title=\"Soyulma Sarg\u0131 Test Cihaz\u0131 hizmetleri\" href=\"https:\/\/www.materialstests.com\/tr\/products\/spc-01-stretch-film-peeling-cling-tester.html\/\">Soyulma Sarg\u0131 Test Cihaz\u0131 hizmetleri<\/a>,\u00a0<a class=\"aahaf6o\" title=\"konteyner soyulma test cihaz\u0131\" href=\"https:\/\/www.materialstests.com\/tr\/productstags\/container-peeling-tester.html\/\">konteyner soyulma test cihaz\u0131<\/a>,\u00a0<a class=\"aahaf6o\" title=\"Konteyner Test Cihaz\u0131\" href=\"https:\/\/www.materialstests.com\/tr\/container-tester.html\/\">Konteyner Test Cihaz\u0131<\/a><\/p>\t\t\t\t\t\t\t\t<\/div>\n\t\t\t\t\t<\/div>\n\t\t\t\t<\/div>\n\t\t\t\t<\/div>","protected":false},"excerpt":{"rendered":"<p>\u200b Cell Instruments Co., Ltd. Telephone: +86 531 88977152 Cell phone: +86 18560013985 Mail: trade@celtec.cn WhatsApp: +86 18560013985 WeChat: +86 18560013985 Address: No. 5577 Gongyebei Rd, Licheng District, Jinan, 250109, Shandong, China If you would like more information about this product, please feel free to contact us. Recommend other popular products for you:\u00a0 Paper and [&hellip;]<\/p>","protected":false},"author":1,"featured_media":0,"parent":0,"menu_order":0,"comment_status":"closed","ping_status":"closed","template":"","meta":{"_acf_changed":false,"footnotes":""},"class_list":["post-2078","page","type-page","status-publish","hentry"],"acf":[],"_links":{"self":[{"href":"https:\/\/www.materialstests.com\/tr\/wp-json\/wp\/v2\/pages\/2078","targetHints":{"allow":["GET"]}}],"collection":[{"href":"https:\/\/www.materialstests.com\/tr\/wp-json\/wp\/v2\/pages"}],"about":[{"href":"https:\/\/www.materialstests.com\/tr\/wp-json\/wp\/v2\/types\/page"}],"author":[{"embeddable":true,"href":"https:\/\/www.materialstests.com\/tr\/wp-json\/wp\/v2\/users\/1"}],"replies":[{"embeddable":true,"href":"https:\/\/www.materialstests.com\/tr\/wp-json\/wp\/v2\/comments?post=2078"}],"version-history":[{"count":0,"href":"https:\/\/www.materialstests.com\/tr\/wp-json\/wp\/v2\/pages\/2078\/revisions"}],"wp:attachment":[{"href":"https:\/\/www.materialstests.com\/tr\/wp-json\/wp\/v2\/media?parent=2078"}],"curies":[{"name":"wp","href":"https:\/\/api.w.org\/{rel}","templated":true}]}}