{"id":2076,"date":"2026-01-26T05:36:23","date_gmt":"2026-01-26T05:36:23","guid":{"rendered":"https:\/\/www.materialstests.com\/?page_id=2076"},"modified":"2026-01-26T13:07:58","modified_gmt":"2026-01-26T13:07:58","slug":"service-support","status":"publish","type":"page","link":"https:\/\/www.materialstests.com\/tr\/service-support.html","title":{"rendered":"Hizmet Deste\u011fi"},"content":{"rendered":"<div data-elementor-type=\"wp-page\" data-elementor-id=\"2076\" class=\"elementor elementor-2076\" data-elementor-post-type=\"page\">\n\t\t\t\t<div class=\"elementor-element elementor-element-0644825 e-flex e-con-boxed e-con e-parent\" data-id=\"0644825\" data-element_type=\"container\" data-settings=\"{&quot;background_background&quot;:&quot;classic&quot;}\">\n\t\t\t\t\t<div class=\"e-con-inner\">\n\t\t\t\t<div class=\"elementor-element elementor-element-9b508b5 elementor-widget elementor-widget-heading\" data-id=\"9b508b5\" data-element_type=\"widget\" data-widget_type=\"heading.default\">\n\t\t\t\t\t<div class=\"elementor-heading-title elementor-size-default\"><nav aria-label=\"ekmek k\u0131r\u0131nt\u0131lar\u0131\" class=\"rank-math-breadcrumb\"><p><a href=\"https:\/\/www.materialstests.com\/tr\/\">Ev<\/a><span class=\"separator\"> \u00bb <\/span><span class=\"last\">Ev<\/span><\/p><\/nav>\u200b<\/div>\t\t\t\t<\/div>\n\t\t\t\t\t<\/div>\n\t\t\t\t<\/div>\n\t\t<div class=\"elementor-element elementor-element-760817c e-flex e-con-boxed e-con e-parent\" data-id=\"760817c\" data-element_type=\"container\">\n\t\t\t\t\t<div class=\"e-con-inner\">\n\t\t\t\t<div class=\"elementor-element elementor-element-55a348f elementor-widget elementor-widget-text-editor\" data-id=\"55a348f\" data-element_type=\"widget\" data-widget_type=\"text-editor.default\">\n\t\t\t\t\t\t\t\t\t<p><strong>\u00d6zelle\u015ftirme Politikas\u0131:<\/strong><\/p><p>Cell Instruments Co., Ltd. olarak, \u00e7e\u015fitli sekt\u00f6rleri kapsayan farkl\u0131 m\u00fc\u015fteri portf\u00f6y\u00fcm\u00fcz\u00fcn farkl\u0131 ve geli\u015fen ihtiya\u00e7lar\u0131n\u0131n fark\u0131nday\u0131z. Taahh\u00fcd\u00fcm\u00fcz, kapsaml\u0131 bir \u00f6zelle\u015ftirme politikas\u0131 arac\u0131l\u0131\u011f\u0131yla ki\u015fiselle\u015ftirilmi\u015f \u00e7\u00f6z\u00fcmler sunmak ve malzeme test ekipman\u0131m\u0131z\u0131n \u00f6zel ve benzersiz gereksinimlerinizi kar\u015f\u0131lamas\u0131n\u0131 sa\u011flamakt\u0131r. Odak noktan\u0131z ister ambalaj, g\u0131da, ila\u00e7, medikal, i\u00e7ecek, yap\u0131\u015fkanl\u0131k, elektronik veya ba\u015fka bir end\u00fcstri olsun, amac\u0131m\u0131z size tam spesifikasyonlar\u0131n\u0131za g\u00f6re uyarlanm\u0131\u015f son teknoloji malzeme test \u00e7\u00f6z\u00fcmleri sunmakt\u0131r.<\/p><p><strong>\u00d6zelle\u015ftirme S\u00fcreci:<\/strong><\/p><p>1. \u0130lk Kons\u00fcltasyon:<\/p><p>- Tart\u0131\u015fma ve Fikir \u00dcretme: Test y\u00f6ntemi, standartlar ve \u00f6zel gereksinimler hakk\u0131nda fikir al\u0131\u015fveri\u015finde bulunmak i\u00e7in uzmanlar\u0131m\u0131zla g\u00f6r\u00fc\u015f\u00fcn.<\/p><p>- Malzeme De\u011ferlendirmesi: Mevcut Test Cihaz\u0131m\u0131zdaki bir modifikasyonun test ihtiya\u00e7lar\u0131n\u0131z\u0131 kar\u015f\u0131lay\u0131p kar\u015f\u0131layamayaca\u011f\u0131n\u0131 belirlemek i\u00e7in malzeme t\u00fcr\u00fcn\u00fc, yap\u0131s\u0131n\u0131 ve \u00f6zelliklerini de\u011ferlendirin.<\/p><p>2. \u00d6rnek Al\u0131m ve De\u011fi\u015fiklik:<\/p><p>- De\u011ferlendirme: Mevcut test cihaz\u0131nda yap\u0131lacak bir de\u011fi\u015fikli\u011fin uygulanabilir oldu\u011funun teyit edilmesinin ard\u0131ndan m\u00fc\u015fterilerden numuneler al\u0131yoruz.<\/p><p>- Teknik Modifikasyon: Donan\u0131m ve yaz\u0131l\u0131m m\u00fchendislerinden olu\u015fan \u00f6zel teknik ekibimiz, mevcut test cihaz\u0131n\u0131 tart\u0131\u015f\u0131lan teknik ayr\u0131nt\u0131lara g\u00f6re dikkatlice de\u011fi\u015ftirir.<\/p><p>*YA DA*<\/p><p>- Yeni Test Cihaz\u0131 Tasar\u0131m\u0131: K\u00fc\u00e7\u00fck bir de\u011fi\u015fiklik test gereksinimlerini kar\u015f\u0131layamazsa, teknik ekibimiz yeni bir test cihaz\u0131 ve ilgili program\u0131 tasarlayarak kapsaml\u0131 bir \u00e7\u00f6z\u00fcm sa\u011flar.<\/p><p>3. Performans Testi:<\/p><p>- Kalite G\u00fcvencesi: De\u011fi\u015ftirilmi\u015f veya yeni test cihaz\u0131 haz\u0131r oldu\u011funda, optimum performans\u0131 sa\u011flamak i\u00e7in numuneler \u00fczerinde kapsaml\u0131 testler ger\u00e7ekle\u015ftiriyoruz.<\/p><p>4. Test Do\u011frulama ve Etkile\u015fim:<\/p><p>- Test Videosu Payla\u015f\u0131m\u0131: De\u011fi\u015ftirilmi\u015f veya yeni tasarlanm\u0131\u015f test cihaz\u0131n\u0131 \u00e7al\u0131\u015f\u0131rken g\u00f6steren ayr\u0131nt\u0131l\u0131 bir test videosu sa\u011fl\u0131yoruz.<\/p><p>- Canl\u0131 Test Daveti: Alternatif olarak, m\u00fc\u015fteriler canl\u0131 teste tan\u0131kl\u0131k etmek i\u00e7in tesisimize davet edilir ve ekipman\u0131n yetenekleri hakk\u0131nda ilk elden bir deneyim sunar.<\/p><p>5. Onay ve Sevkiyat:<\/p><p>- M\u00fc\u015fteri Onay\u0131: Test sonu\u00e7lar\u0131n\u0131 inceledikten ve ekipman\u0131n performans\u0131n\u0131 deneyimledikten sonra m\u00fc\u015fteriler memnuniyetlerini onaylar.<\/p><p>- Sonu\u00e7land\u0131rma: Onayland\u0131ktan sonra, mutlu bir teslimat deneyimi i\u00e7in \u00f6zelle\u015ftirilmi\u015f test cihaz\u0131n\u0131 g\u00f6ndermeye devam ediyoruz.<\/p><p><strong>\u00d6zelle\u015ftirmede Avantajlar<\/strong><\/p><p>1. Kapsaml\u0131 Sekt\u00f6r Deneyimi:<\/p><p>- Sekt\u00f6rler Aras\u0131 Uzmanl\u0131k: Uzun y\u0131llara dayanan varl\u0131\u011f\u0131m\u0131zla ambalaj, g\u0131da, ila\u00e7, medikal, i\u00e7ecek, yap\u0131\u015fkanl\u0131k, elektronik ve daha fazlas\u0131 dahil olmak \u00fczere \u00e7e\u015fitli sekt\u00f6rlerde zengin bir deneyim sunuyoruz.<\/p><p>- Derinlemesine Sekt\u00f6r Anlay\u0131\u015f\u0131: Profesyonellerimiz, sekt\u00f6re \u00f6zg\u00fc zorluklar ve gereksinimler hakk\u0131nda derinlemesine bilgi sahibidir.<\/p><p>2. Geni\u015f \u00dcr\u00fcn Yelpazesi:<\/p><p>- Kapsaml\u0131 \u00dcr\u00fcn Portf\u00f6y\u00fc: Farkl\u0131 end\u00fcstrilerdeki \u00e7e\u015fitli test ihtiya\u00e7lar\u0131n\u0131 kar\u015f\u0131lamak i\u00e7in \u00e7ok \u00e7e\u015fitli malzeme test cihazlar\u0131 sunuyoruz.<\/p><p>- \u00c7\u00f6z\u00fcmlerde \u00c7ok Y\u00f6nl\u00fcl\u00fck: Geni\u015f \u00fcr\u00fcn yelpazemiz, \u00e7ok \u00e7e\u015fitli test uygulamalar\u0131 i\u00e7in \u00e7\u00f6z\u00fcmler sunabilmemizi sa\u011flar.<\/p><p>3. Otomasyon Uzmanl\u0131\u011f\u0131:<\/p><p>- Otomasyon Entegrasyonu: Test s\u00fcre\u00e7lerini kolayla\u015ft\u0131rmak ve verimlili\u011fi art\u0131rmak i\u00e7in otomasyon konusundaki yetkinli\u011fimizden yararlan\u0131n.<\/p><p>- \u00d6zel Otomasyon \u00c7\u00f6z\u00fcmleri: Deneyimimiz, otomatik \u00e7\u00f6z\u00fcmleri belirli sekt\u00f6r taleplerini kar\u015f\u0131layacak \u015fekilde \u00f6zelle\u015ftirmemize olanak tan\u0131r.<\/p><p>4. H\u0131zl\u0131 Yan\u0131t ve Geri D\u00f6n\u00fc\u015f:<\/p><p>- \u00c7evik ve Duyarl\u0131 Ekip: \u00d6zel ekibimiz sorulara h\u0131zl\u0131 bir \u015fekilde yan\u0131t vererek sorunsuz ve h\u0131zl\u0131 bir \u00f6zelle\u015ftirme s\u00fcreci sa\u011flar.<\/p><p>- Verimli Geri D\u00f6n\u00fc\u015f: Makul bir zaman dilimi i\u00e7inde \u00f6zelle\u015ftirilmi\u015f \u00e7\u00f6z\u00fcmler sunma taahh\u00fcd\u00fcm\u00fczden yararlan\u0131n.<\/p><p>5. Ekonomiklik:<\/p><p>- Uygun Maliyetli \u00c7\u00f6z\u00fcmler: Kaliteden \u00f6d\u00fcn vermeden uygun fiyatl\u0131 \u00f6zelle\u015ftirme se\u00e7enekleri sunmaya \u00f6ncelik veriyoruz.<\/p><p>- Yat\u0131r\u0131m i\u00e7in De\u011fer: Uygun maliyetli \u00e7\u00f6z\u00fcmlerimiz m\u00fckemmel bir de\u011fer sunarak yat\u0131r\u0131m\u0131n\u0131zdan olumlu bir geri d\u00f6n\u00fc\u015f sa\u011flar.<\/p><p>6. Test Standartlar\u0131n\u0131n Anla\u015f\u0131lmas\u0131:<\/p><p>- Uluslararas\u0131 Standartlara Uygunluk: ASTM, ISO, GT, YBB, JIS, DIN, IEC ve daha fazlas\u0131 gibi uluslararas\u0131 test standartlar\u0131nda \u00e7ok bilgiliyiz.<\/p><p>- Testte Hassasiyet: Bu standartlara ba\u011fl\u0131l\u0131\u011f\u0131m\u0131z, \u00f6zelle\u015ftirilmi\u015f test \u00e7\u00f6z\u00fcmlerimizin do\u011frulu\u011funu ve g\u00fcvenilirli\u011fini sa\u011flar.<\/p><p>7. \u0130yi Dil Becerileri:<\/p><p>- Etkili \u0130leti\u015fim: Ekibimiz, \u00f6zelle\u015ftirme s\u00fcreci boyunca a\u00e7\u0131k ve etkili ileti\u015fimi kolayla\u015ft\u0131ran g\u00fc\u00e7l\u00fc dil becerilerine sahiptir.<\/p><p><strong>Sat\u0131\u015f Sonras\u0131 Hizmet Politikas\u0131<\/strong><\/p><p>Cell Instruments Co., Ltd. olarak, siz de\u011ferli m\u00fc\u015fterilerimizin memnuniyetini ve ba\u015far\u0131s\u0131n\u0131 sa\u011flamak i\u00e7in ola\u011fan\u00fcst\u00fc sat\u0131\u015f sonras\u0131 hizmet sunmay\u0131 taahh\u00fct ediyoruz. Sat\u0131\u015f Sonras\u0131 Hizmet Politikam\u0131z, \u00fcr\u00fcn ya\u015fam d\u00f6ng\u00fcs\u00fc boyunca sizi destekleme taahh\u00fcd\u00fcm\u00fcze rehberlik eden ilke ve prosed\u00fcrleri \u00f6zetlemektedir.<\/p><p>1. Garanti Kapsam\u0131:<\/p><p>- T\u00fcm Cell Instruments \u00fcr\u00fcnleri, genellikle bir y\u0131l olan standart bir garanti s\u00fcresiyle birlikte gelir. Bu garanti, \u00fcretim hatalar\u0131n\u0131 kapsar ve belirtilen s\u00fcre boyunca ekipman\u0131n d\u00fczg\u00fcn \u00e7al\u0131\u015fmas\u0131n\u0131 sa\u011flar.<\/p><p>2. Garanti Talepleri:<\/p><p>- Bir garanti talebi durumunda, m\u00fc\u015fterilerin sat\u0131n alma belgesini ve sorunun ayr\u0131nt\u0131l\u0131 bir a\u00e7\u0131klamas\u0131n\u0131 sunmalar\u0131 gerekmektedir.<\/p><p>- Teknik destek ekibimiz talebi de\u011ferlendirecek ve sorunun garanti kapsam\u0131na girip girmedi\u011fini belirleyecektir.<\/p><p>- Kapsam dahilindeyse, kusurlu par\u00e7alar\u0131 veya ekipman\u0131 derhal onaracak veya de\u011fi\u015ftirece\u011fiz.<\/p><p>3. Teknik Destek:<\/p><p>- \u00d6zel teknik destek ekibimiz, kar\u015f\u0131la\u015fabilece\u011finiz her t\u00fcrl\u00fc soru veya sorunda size yard\u0131mc\u0131 olmaya haz\u0131rd\u0131r.<\/p><p>- M\u00fc\u015fterilerimiz mesai saatleri i\u00e7inde info@celtec.cn adresinden teknik deste\u011fimize ula\u015fabilirler.<\/p><p>4. Bak\u0131m ve Kalibrasyon Hizmetleri:<\/p><p>- Optimum performans\u0131 sa\u011flamak i\u00e7in d\u00fczenli bak\u0131m yap\u0131lmas\u0131n\u0131 \u00f6neriyoruz. M\u00fc\u015fterilerimiz ekibimizle birlikte bak\u0131m hizmetlerini planlayabilirler.<\/p><p>- Test ekipman\u0131n\u0131n do\u011frulu\u011funu korumak i\u00e7in kalibrasyon hizmetleri mevcuttur.<\/p><p>5. Yedek Par\u00e7a Bulunabilirli\u011fi:<\/p><p>- H\u0131zl\u0131 de\u011fi\u015fimleri kolayla\u015ft\u0131rmak ve ar\u0131za s\u00fcresini en aza indirmek i\u00e7in bir yedek par\u00e7a envanteri bulunduruyoruz.<\/p><p>- M\u00fc\u015fteriler, uyumluluk ve performans sa\u011flamak i\u00e7in orijinal yedek par\u00e7alar\u0131 do\u011frudan bizden sat\u0131n alabilirler.<\/p><p>6. M\u00fc\u015fteri E\u011fitimi:<\/p><p>- M\u00fc\u015fterilerimizin ekipmanlar\u0131m\u0131z\u0131 kullanma yeterliliklerini en \u00fcst d\u00fczeye \u00e7\u0131karmalar\u0131 i\u00e7in \u00e7evrimi\u00e7i e\u011fitim oturumlar\u0131 her zaman mevcuttur.<\/p><p>- E\u011fitim, m\u00fc\u015fteri tercihlerine g\u00f6re yerinde (Maliyet g\u00f6r\u00fc\u015f\u00fclecektir.) veya uzaktan ger\u00e7ekle\u015ftirilebilir.<\/p><p>7. M\u00fc\u015fteri Geri Bildirimi:<\/p><p>- \u00dcr\u00fcnlerimizi ve hizmetlerimizi geli\u015ftirmemize yard\u0131mc\u0131 oldu\u011fu i\u00e7in m\u00fc\u015fteri geri bildirimlerine de\u011fer veriyoruz. M\u00fc\u015fterilerimiz, info@celtec.cn e-posta adresindeki ileti\u015fim formumuz arac\u0131l\u0131\u011f\u0131yla geri bildirimde bulunmaya te\u015fvik edilmektedir. .<\/p><p>8. \u0130leti\u015fim Bilgileri:<\/p><p>Sat\u0131\u015f sonras\u0131 hizmet sorular\u0131n\u0131z i\u00e7in l\u00fctfen info@celtec.cn veya +86 18560013985 adresinden M\u00fc\u015fteri Destek Ekibimizle ileti\u015fime ge\u00e7in.<\/p><p><strong>SSS<\/strong><\/p><p>S: Cell Instruments \u00fcr\u00fcnleri i\u00e7in tipik teslimat s\u00fcresi nedir?<\/p><p>C: Teslimat s\u00fcreleri \u00fcr\u00fcne ve \u00f6zelle\u015ftirme gereksinimlerine ba\u011fl\u0131 olarak de\u011fi\u015fir. Standart \u00fcr\u00fcnler genellikle 5 i\u015f g\u00fcn\u00fc veya daha k\u0131sa bir s\u00fcre i\u00e7inde g\u00f6nderilir.<\/p><p>S: Sipari\u015fimin teslimat\u0131n\u0131 h\u0131zland\u0131rabilir miyim?<\/p><p>C: Evet, h\u0131zland\u0131r\u0131lm\u0131\u015f nakliye se\u00e7enekleri mevcuttur. \u00d6zel gereksinimlerinizi ve teslimat zaman \u00e7izelgelerinizi g\u00f6r\u00fc\u015fmek i\u00e7in l\u00fctfen sat\u0131\u015f ekibimizle ileti\u015fime ge\u00e7in.<\/p><p>S: Hangi \u00f6deme y\u00f6ntemlerini kabul ediyorsunuz?<\/p><p>C: Normalde \u00f6demeleri banka havalesi yoluyla kabul ediyoruz.<\/p><p>S: Belirli \u00f6deme y\u00f6ntemlerini kullanmak i\u00e7in herhangi bir ek \u00fccret var m\u0131?<\/p><p>C: Standart \u00f6deme y\u00f6ntemlerimiz ek \u00fccrete tabi de\u011fildir. Ancak, banka havaleleri banka \u00fccretlerine tabi olabilir.<\/p><p>S: \u00dcr\u00fcnler nakliye i\u00e7in nas\u0131l paketleniyor?<\/p><p>C: \u00dcr\u00fcnlerimiz g\u00fcvenli nakliyeyi sa\u011flamak i\u00e7in g\u00fcvenli bir \u015fekilde paketlenmi\u015ftir. Nakliye s\u0131ras\u0131nda ekipman\u0131 korumak i\u00e7in anti-\u015fok ambalaj malzemeleri ve kontrplak kartonlar veya tahta kartonlar kullan\u0131yoruz.<\/p><p>S: G\u00f6nderilen sipari\u015fler i\u00e7in takip bilgisi sa\u011fl\u0131yor musunuz?<\/p><p>C: Evet, sipari\u015finiz g\u00f6nderildikten sonra, g\u00f6nderi durumunu izlemeniz i\u00e7in takip bilgilerini i\u00e7eren bir e-posta alacaks\u0131n\u0131z.<\/p><p>S: Mevcut g\u00f6nderim y\u00f6ntemleri nelerdir?<\/p><p>C: Sevkiyat y\u00f6nteminin se\u00e7imi teslimat\u0131n aciliyetine, b\u00fct\u00e7e k\u0131s\u0131tlamalar\u0131na ve mallar\u0131n boyutuna ve a\u011f\u0131rl\u0131\u011f\u0131na ba\u011fl\u0131 olarak de\u011fi\u015febilir. Siz de\u011ferli m\u00fc\u015fterilerimiz i\u00e7in sevkiyat\u0131 optimize etmek amac\u0131yla her zaman lojistik uzmanlar\u0131yla yak\u0131n i\u015fbirli\u011fi i\u00e7inde \u00e7al\u0131\u015f\u0131yoruz.<\/p><p>S\u0131k kullan\u0131lan g\u00f6nderim y\u00f6ntemleri \u015funlard\u0131r:<\/p><p>1. Kurye Hizmetleri (\u00f6rn. DHL, FedEx, UPS, SF Express):<\/p><p>A\u00e7\u0131klama: Kap\u0131dan kap\u0131ya hizmet sunan \u00f6zel kurye \u015firketleri.<\/p><p>Teslimat S\u00fcresi: H\u0131zl\u0131 transit s\u00fcreleri, ekspres kargoya benzer.<\/p><p>\u015eunlar i\u00e7in uygundur: G\u00fcvenilirlik ve h\u0131za odaklanan k\u00fc\u00e7\u00fck ila orta \u00f6l\u00e7ekli paketler (GW 60 kg'dan az).<\/p><p>2. Hava Ta\u015f\u0131mac\u0131l\u0131\u011f\u0131:<\/p><p>A\u00e7\u0131klama: Deniz ta\u015f\u0131mac\u0131l\u0131\u011f\u0131na k\u0131yasla daha h\u0131zl\u0131 teslimat i\u00e7in hava yoluyla ta\u015f\u0131ma.<\/p><p>Teslimat S\u00fcresi: Deniz ta\u015f\u0131mac\u0131l\u0131\u011f\u0131ndan daha h\u0131zl\u0131, ancak normalde ekspres kargodan daha yava\u015f.<\/p><p>\u015eunlar i\u00e7in uygundur: Orta b\u00fct\u00e7e ve a\u011f\u0131rl\u0131\u011fa sahip zamana duyarl\u0131 g\u00f6nderiler. (GW 45 kg'dan fazla).<\/p><p>3. Deniz Ta\u015f\u0131mac\u0131l\u0131\u011f\u0131:<\/p><p>A\u00e7\u0131klama: B\u00fcy\u00fck ve a\u011f\u0131r sevkiyatlar i\u00e7in uygun maliyetli.<\/p><p>Teslimat S\u00fcresi: Hava ta\u015f\u0131mac\u0131l\u0131\u011f\u0131na k\u0131yasla daha uzun transit s\u00fcreleri.<\/p><p>\u015eunlar i\u00e7in uygundur: Maliyet tasarrufuna ve esnek bir teslimat zaman \u00e7izelgesine odaklanan b\u00fcy\u00fck g\u00f6nderiler.<\/p><p>4. Demiryolu Ta\u015f\u0131mac\u0131l\u0131\u011f\u0131:<\/p><p>Tan\u0131m: Genellikle k\u0131talararas\u0131 nakliye i\u00e7in kullan\u0131lan, Orta Asya veya Avrupal\u0131 m\u00fc\u015fterilere demiryolu ile kara ta\u015f\u0131mac\u0131l\u0131\u011f\u0131.<\/p><p>Teslim S\u00fcresi: Genellikle deniz ta\u015f\u0131mac\u0131l\u0131\u011f\u0131ndan daha h\u0131zl\u0131, ancak hava ta\u015f\u0131mac\u0131l\u0131\u011f\u0131ndan daha yava\u015f.<\/p><p>\u015eunlar i\u00e7in uygundur: Demiryolu ile eri\u015filebilen var\u0131\u015f noktalar\u0131na sahip b\u00fcy\u00fck g\u00f6nderiler.<\/p><p>5. \u0130ntermodal Ta\u015f\u0131mac\u0131l\u0131k:<\/p><p>Tan\u0131m: Birden fazla ta\u015f\u0131mac\u0131l\u0131k modunun bir kombinasyonu (\u00f6rne\u011fin, deniz ve demiryolu, kamyon ve hava).<\/p><p>Teslim S\u00fcresi: Se\u00e7ilen modlar\u0131n kombinasyonuna ba\u011fl\u0131 olarak de\u011fi\u015fkendir.<\/p><p>\u015eunlar i\u00e7in uygundur: Ta\u015f\u0131ma ihtiya\u00e7lar\u0131n\u0131n bir arada oldu\u011fu karma\u015f\u0131k lojistik senaryolar\u0131.<\/p>\t\t\t\t\t\t\t\t<\/div>\n\t\t\t\t\t<\/div>\n\t\t\t\t<\/div>\n\t\t\t\t<\/div>","protected":false},"excerpt":{"rendered":"<p>\u200b Customization Policy: At Cell Instruments Co., Ltd., we recognize the distinct and evolving needs of our diverse clientele spanning various industries. Our commitment is to offer personalized solutions through a comprehensive customization policy, ensuring that our material test equipment meets your specific and unique requirements. Whether your focus lies in packaging, food, pharmaceuticals, medical, [&hellip;]<\/p>","protected":false},"author":1,"featured_media":0,"parent":0,"menu_order":0,"comment_status":"closed","ping_status":"closed","template":"","meta":{"_acf_changed":false,"footnotes":""},"class_list":["post-2076","page","type-page","status-publish","hentry"],"acf":[],"_links":{"self":[{"href":"https:\/\/www.materialstests.com\/tr\/wp-json\/wp\/v2\/pages\/2076","targetHints":{"allow":["GET"]}}],"collection":[{"href":"https:\/\/www.materialstests.com\/tr\/wp-json\/wp\/v2\/pages"}],"about":[{"href":"https:\/\/www.materialstests.com\/tr\/wp-json\/wp\/v2\/types\/page"}],"author":[{"embeddable":true,"href":"https:\/\/www.materialstests.com\/tr\/wp-json\/wp\/v2\/users\/1"}],"replies":[{"embeddable":true,"href":"https:\/\/www.materialstests.com\/tr\/wp-json\/wp\/v2\/comments?post=2076"}],"version-history":[{"count":0,"href":"https:\/\/www.materialstests.com\/tr\/wp-json\/wp\/v2\/pages\/2076\/revisions"}],"wp:attachment":[{"href":"https:\/\/www.materialstests.com\/tr\/wp-json\/wp\/v2\/media?parent=2076"}],"curies":[{"name":"wp","href":"https:\/\/api.w.org\/{rel}","templated":true}]}}