{"id":2020,"date":"2026-01-26T03:32:25","date_gmt":"2026-01-26T03:32:25","guid":{"rendered":"https:\/\/www.materialstests.com\/?page_id=2020"},"modified":"2026-01-26T13:06:21","modified_gmt":"2026-01-26T13:06:21","slug":"about-us","status":"publish","type":"page","link":"https:\/\/www.materialstests.com\/tr\/about-us.html","title":{"rendered":"Hakk\u0131m\u0131zda"},"content":{"rendered":"<div data-elementor-type=\"wp-page\" data-elementor-id=\"2020\" class=\"elementor elementor-2020\" data-elementor-post-type=\"page\">\n\t\t\t\t<div class=\"elementor-element elementor-element-c1e7c03 e-flex e-con-boxed e-con e-parent\" data-id=\"c1e7c03\" data-element_type=\"container\" data-settings=\"{&quot;background_background&quot;:&quot;classic&quot;}\">\n\t\t\t\t\t<div class=\"e-con-inner\">\n\t\t\t\t<div class=\"elementor-element elementor-element-8fd22e0 elementor-widget elementor-widget-heading\" data-id=\"8fd22e0\" data-element_type=\"widget\" data-widget_type=\"heading.default\">\n\t\t\t\t\t<div class=\"elementor-heading-title elementor-size-default\"><nav aria-label=\"ekmek k\u0131r\u0131nt\u0131lar\u0131\" class=\"rank-math-breadcrumb\"><p><a href=\"https:\/\/www.materialstests.com\/tr\/\">Ev<\/a><span class=\"separator\"> \u00bb <\/span><span class=\"last\">Ev<\/span><\/p><\/nav>\u200b<\/div>\t\t\t\t<\/div>\n\t\t\t\t\t<\/div>\n\t\t\t\t<\/div>\n\t\t<div class=\"elementor-element elementor-element-f608734 e-flex e-con-boxed e-con e-parent\" data-id=\"f608734\" data-element_type=\"container\">\n\t\t\t\t\t<div class=\"e-con-inner\">\n\t\t\t\t<div class=\"elementor-element elementor-element-58cb6ea elementor-widget elementor-widget-text-editor\" data-id=\"58cb6ea\" data-element_type=\"widget\" data-widget_type=\"text-editor.default\">\n\t\t\t\t\t\t\t\t\t<p>Resmi olarak kuruldu\u011fu 2014 y\u0131l\u0131ndan bu yana Cell Instruments, \u00fcr\u00fcn geli\u015ftirme ve inovasyon alanlar\u0131nda h\u0131zla y\u00fckselerek dinamik tarihinde \u00f6nemli bir sayfa a\u00e7m\u0131\u015ft\u0131r. M\u00fckemmelli\u011fe olan ba\u011fl\u0131l\u0131\u011f\u0131m\u0131z, Ambalaj Malzemesi Testi, T\u0131bbi Malzeme Testi, G\u0131da Testi, \u0130la\u00e7 Testi, Yap\u0131\u015fkanl\u0131k Testi, Ka\u011f\u0131t ve Karton Testi ve hatta \u0130ste\u011fe Ba\u011fl\u0131 \u00d6zelle\u015ftirmeyi kapsayan kapsaml\u0131 hatlara sahip malzeme test ekipman\u0131 alan\u0131nda kilometre ta\u015flar\u0131 elde etmemizi sa\u011flad\u0131. Bu son teknoloji \u00e7\u00f6z\u00fcmler, ambalaj, g\u0131da, ila\u00e7, medikal, kozmetik, i\u00e7ecek, \u00fcniversite, denetim, yap\u0131\u015fkanl\u0131k ve tekstil dahil olmak \u00fczere \u00e7e\u015fitli sekt\u00f6rlerde \u00e7ok y\u00f6nl\u00fc uygulamalar bulmaktad\u0131r.<\/p>\t\t\t\t\t\t\t\t<\/div>\n\t\t\t\t<div class=\"elementor-element elementor-element-c7d07e9 elementor-widget elementor-widget-image\" data-id=\"c7d07e9\" data-element_type=\"widget\" data-widget_type=\"image.default\">\n\t\t\t\t\t\t\t\t\t\t\t\t\t\t\t<img fetchpriority=\"high\" decoding=\"async\" width=\"800\" height=\"400\" src=\"https:\/\/www.materialstests.com\/wp-content\/uploads\/2026\/01\/bc800e5326c92bfcd7f943355926093a.jpg\" class=\"attachment-large size-large wp-image-2238\" alt=\"Ka\u00e7ak Test Ekipman\u0131 \u00dcreticisi- HAKKIMIZDA\" srcset=\"https:\/\/www.materialstests.com\/wp-content\/uploads\/2026\/01\/bc800e5326c92bfcd7f943355926093a.jpg 800w, https:\/\/www.materialstests.com\/wp-content\/uploads\/2026\/01\/bc800e5326c92bfcd7f943355926093a-300x150.jpg 300w, https:\/\/www.materialstests.com\/wp-content\/uploads\/2026\/01\/bc800e5326c92bfcd7f943355926093a-768x384.jpg 768w, https:\/\/www.materialstests.com\/wp-content\/uploads\/2026\/01\/bc800e5326c92bfcd7f943355926093a-18x9.jpg 18w\" sizes=\"(max-width: 800px) 100vw, 800px\" \/>\t\t\t\t\t\t\t\t\t\t\t\t\t\t\t<\/div>\n\t\t\t\t<div class=\"elementor-element elementor-element-127095f elementor-widget elementor-widget-text-editor\" data-id=\"127095f\" data-element_type=\"widget\" data-widget_type=\"text-editor.default\">\n\t\t\t\t\t\t\t\t\t<p>K\u00fcresel ayak izimiz 70\u2018ten fazla \u00fclke ve b\u00f6lgeye ula\u015farak ve onlar\u0131 etkileyerek b\u00fcy\u00fck \u00f6l\u00e7\u00fcde geni\u015fledi. Cell Instruments'de misyonumuz sadece test \u00e7\u00f6z\u00fcmleri sa\u011flaman\u0131n \u00f6tesine ge\u00e7erek, m\u00fc\u015fteri kalite kontrol\u00fc ve ara\u015ft\u0131rma ve geli\u015ftirme ortam\u0131n\u0131 \u015fekillendirmektir. Misyonumuz, d\u00fcnya \u00e7ap\u0131ndaki kullan\u0131c\u0131lara rekabet\u00e7i ve g\u00fcvenilir \u00e7\u00f6z\u00fcmler sunarak bu s\u00fcre\u00e7lerde ayr\u0131lmaz bir \u2019H\u00fccre' birimi olarak tan\u0131nmakt\u0131r.<\/p><p>Sekt\u00f6rde \u00f6nc\u00fc bir g\u00fc\u00e7 olan Cell Instruments, standartlara olan ba\u011fl\u0131l\u0131\u011f\u0131ndan \u00f6d\u00fcn vermeyen m\u00fchendislik odakl\u0131 bir kurulu\u015f olmaya devam etmektedir. M\u00fckemmelli\u011fe \u00f6ncelik vererek, end\u00fcstri standartlar\u0131na uygunlu\u011fu sa\u011flarken m\u00fc\u015fterilerimizin \u00f6zel ihtiya\u00e7lar\u0131n\u0131 kar\u015f\u0131lamak i\u00e7in \u00f6zel olarak tasarlanm\u0131\u015f cihaz modellerini aktif olarak geli\u015ftirdik. Bu cihazlar, m\u00fc\u015fteri laboratuvarlar\u0131na, ara\u015ft\u0131rma ve geli\u015ftirme merkezlerine, \u00fcretim tesislerine, konferans salonlar\u0131na ve \u00f6tesine sorunsuz bir \u015fekilde entegre edilen paha bi\u00e7ilmez problem \u00e7\u00f6zme ara\u00e7lar\u0131 olarak hizmet vermektedir. Teknik ge\u00e7mi\u015fimiz, m\u00fc\u015fterilerimizin \u00fcr\u00fcnlerinin kalitesini koruyarak uluslararas\u0131 pazarda g\u00fcvenle gezinmelerini sa\u011flar.<\/p>\t\t\t\t\t\t\t\t<\/div>\n\t\t\t\t<div class=\"elementor-element elementor-element-a0311d4 elementor-widget elementor-widget-image\" data-id=\"a0311d4\" data-element_type=\"widget\" data-widget_type=\"image.default\">\n\t\t\t\t\t\t\t\t\t\t\t\t\t\t\t<img decoding=\"async\" width=\"800\" height=\"400\" src=\"https:\/\/www.materialstests.com\/wp-content\/uploads\/2026\/01\/6f6c3ee6a57f3b5a064c916fc412fc69.jpg\" class=\"attachment-large size-large wp-image-2239\" alt=\"Ka\u00e7ak Test Ekipman\u0131 \u00dcreticisi- HAKKIMIZDA\" srcset=\"https:\/\/www.materialstests.com\/wp-content\/uploads\/2026\/01\/6f6c3ee6a57f3b5a064c916fc412fc69.jpg 800w, https:\/\/www.materialstests.com\/wp-content\/uploads\/2026\/01\/6f6c3ee6a57f3b5a064c916fc412fc69-300x150.jpg 300w, https:\/\/www.materialstests.com\/wp-content\/uploads\/2026\/01\/6f6c3ee6a57f3b5a064c916fc412fc69-768x384.jpg 768w, https:\/\/www.materialstests.com\/wp-content\/uploads\/2026\/01\/6f6c3ee6a57f3b5a064c916fc412fc69-18x9.jpg 18w\" sizes=\"(max-width: 800px) 100vw, 800px\" \/>\t\t\t\t\t\t\t\t\t\t\t\t\t\t\t<\/div>\n\t\t\t\t<div class=\"elementor-element elementor-element-5673870 elementor-widget elementor-widget-text-editor\" data-id=\"5673870\" data-element_type=\"widget\" data-widget_type=\"text-editor.default\">\n\t\t\t\t\t\t\t\t\t<p>Cell Instruments kendisini yaln\u0131zca son teknoloji test ekipman\u0131 \u00fcreticisi olarak de\u011fil, ayn\u0131 zamanda d\u00fcnya \u00e7ap\u0131ndaki i\u015fletmelerin ba\u015far\u0131s\u0131nda stratejik bir ortak olarak konumland\u0131rm\u0131\u015ft\u0131r. \u00c7ok \u00e7e\u015fitli uzmanl\u0131klarla donat\u0131lm\u0131\u015f \u00f6zel ekibimiz, m\u00fc\u015fterilerimizin sadece \u00fcr\u00fcn de\u011fil, verimliliklerini, \u00fcr\u00fcn kalitelerini ve genel rekabet g\u00fc\u00e7lerini art\u0131ran kapsaml\u0131 \u00e7\u00f6z\u00fcmler almalar\u0131n\u0131 sa\u011flamak i\u00e7in yorulmadan i\u015fbirli\u011fi yapmaktad\u0131r.<\/p><p>Kuzey \u00c7in'in en \u00f6nemli sanayi merkezlerinden biri olan Jinan \u015fehrinde bulunan genel merkezimiz, ara\u015ft\u0131rma, geli\u015ftirme ve m\u00fc\u015fteri odakl\u0131 giri\u015fimler i\u00e7in bir ba\u011flant\u0131 noktas\u0131 sa\u011flayarak faaliyetlerimizin merkezi olarak hizmet vermektedir.<\/p><p>Ba\u015far\u0131m\u0131z s\u0131n\u0131rlar\u0131n \u00f6tesine uzan\u0131yor, \u00e7\u00fcnk\u00fc uluslararas\u0131 ticarete aktif olarak kat\u0131l\u0131yor ve en yeni \u00e7\u00f6z\u00fcmlerimizi \u00e7ok say\u0131da \u00fclkeye ihra\u00e7 ediyoruz. Bu k\u00fcresel eri\u015fim, i\u015fbirli\u011fini te\u015fvik etme ve inovasyonu k\u00fcresel \u00f6l\u00e7ekte payla\u015fma vizyonumuzun bir kan\u0131t\u0131d\u0131r.<\/p><p>M\u00fckemmellik yolculu\u011fumuza devam ederken, sizi k\u00fcresel \u00f6l\u00e7ekte kalite kontrol ve ara\u015ft\u0131rma-geli\u015ftirmenin gelece\u011fini \u015fekillendirmede bize kat\u0131lmaya davet ediyoruz.<\/p><p>Bu \u00fcr\u00fcn hakk\u0131nda daha fazla bilgi almak isterseniz, l\u00fctfen bizimle ileti\u015fime ge\u00e7mekten \u00e7ekinmeyin. Sizin i\u00e7in di\u011fer pop\u00fcler \u00fcr\u00fcnleri tavsiye ederiz:\u00a0<a class=\"aahaf6o\" title=\"Ka\u011f\u0131t ve Karton Kal\u0131nl\u0131\u011f\u0131 Test Cihaz\u0131\" href=\"https:\/\/www.materialstests.com\/tr\/paper-board-tester.html\/\">Ka\u011f\u0131t ve Karton Kal\u0131nl\u0131\u011f\u0131 Test Cihaz\u0131<\/a>,\u00a0<a class=\"aahaf6o\" title=\"Br\u00fct Ka\u00e7ak Test Cihaz\u0131 Ekipmanlar\u0131\" href=\"https:\/\/www.materialstests.com\/tr\/gross-leak-tester.html\/\">Br\u00fct Ka\u00e7ak Test Cihaz\u0131 Ekipmanlar\u0131<\/a>,\u00a0<a class=\"aahaf6o\" title=\" Br\u00fct Ka\u00e7ak Test Cihaz\u0131 Ekipman Testi\" href=\"https:\/\/www.materialstests.com\/tr\/gross-leak-tester.html\/\">Br\u00fct Ka\u00e7ak Test Cihaz\u0131 Ekipman Testi<\/a>,\u00a0<a class=\"aahaf6o\" title=\"Br\u00fct Ka\u00e7ak Test Cihaz\u0131 Ekipman Testi\" href=\"https:\/\/www.materialstests.com\/tr\/gross-leak-tester.html\/\">Br\u00fct Ka\u00e7ak Test Cihaz\u0131 Ekipman Testi<\/a>,\u00a0<a class=\"aahaf6o\" title=\"Gradyan Is\u0131 Yal\u0131t\u0131m Test Cihaz\u0131 \u00dcreticisi\" href=\"https:\/\/www.materialstests.com\/tr\/products\/ghs-01-gradient-heat-seal-tester.html\/\">Gradyan Is\u0131 Yal\u0131t\u0131m Test Cihaz\u0131 \u00dcreticisi<\/a>,\u00a0<a class=\"aahaf6o\" title=\"Laboratuvar S\u0131cak Yap\u0131\u015ft\u0131rma Test Cihaz\u0131\" href=\"https:\/\/www.materialstests.com\/tr\/products\/htt-02-hot-tack-tester.html\/\">Laboratuvar S\u0131cak Yap\u0131\u015ft\u0131rma Test Cihaz\u0131<\/a>,\u00a0<a class=\"aahaf6o\" title=\"Is\u0131 Gradyan\u0131 Test Cihaz\u0131\" href=\"https:\/\/www.materialstests.com\/tr\/products\/ghs-01-gradient-heat-seal-tester.html\/\">Is\u0131 Gradyan\u0131 Test Cihaz\u0131<\/a>,\u00a0<a class=\"aahaf6o\" title=\"filmsiz shrink test cihaz\u0131\" href=\"https:\/\/www.materialstests.com\/tr\/shrink-tester.html\/\">filmsiz shrink test cihaz\u0131<\/a>,\u00a0<a class=\"aahaf6o\" title=\"film \u0131s\u0131 b\u00fcz\u00fc\u015fmeli test cihaz\u0131\" href=\"https:\/\/www.materialstests.com\/tr\/shrink-tester.html\/\">film \u0131s\u0131 b\u00fcz\u00fc\u015fmeli test cihaz\u0131<\/a>,\u00a0<a class=\"aahaf6o\" title=\"Esnek Dayan\u0131kl\u0131l\u0131k Test Cihaz\u0131\" href=\"https:\/\/www.materialstests.com\/tr\/flex-durability-tester.html\/\">Esnek Dayan\u0131kl\u0131l\u0131k Test Cihaz\u0131<\/a>,\u00a0<a class=\"aahaf6o\" title=\"Gradyan Is\u0131 Yal\u0131t\u0131m Test Cihaz\u0131\" href=\"https:\/\/www.materialstests.com\/tr\/gradient-heat-seal-tester.html\/\">Gradyan Is\u0131 Yal\u0131t\u0131m Test Cihaz\u0131<\/a>,\u00a0<a class=\"aahaf6o\" title=\"Soyulma Yap\u0131\u015ft\u0131rma Test Cihaz\u0131\" href=\"https:\/\/www.materialstests.com\/tr\/products\/spc-01-stretch-film-peeling-cling-tester.html\/\">Soyulma Yap\u0131\u015ft\u0131rma Test Cihaz\u0131<\/a>,\u00a0<a class=\"aahaf6o\" title=\"Tutma G\u00fcc\u00fc Test Cihaz\u0131\" href=\"https:\/\/www.materialstests.com\/tr\/holding-power-tester.html\/\">Tutma G\u00fcc\u00fc Test Cihaz\u0131<\/a>,\u00a0<a class=\"aahaf6o\" title=\"Laboratuvar Is\u0131 Yal\u0131t\u0131m Test Cihaz\u0131\" href=\"https:\/\/www.materialstests.com\/tr\/products\/hst-01-heat-seal-tester.html\/\">Laboratuvar Is\u0131 Yal\u0131t\u0131m Test Cihaz\u0131<\/a>,\u00a0<a class=\"aahaf6o\" title=\"konteyner soyulma test cihaz\u0131\" href=\"https:\/\/www.materialstests.com\/tr\/productstags\/container-peeling-tester.html\/\">konteyner soyulma test cihaz\u0131<\/a>,\u00a0<a class=\"aahaf6o\" title=\"\u00e7in \u0131s\u0131 s\u0131zd\u0131rmazl\u0131k test cihaz\u0131 tedarik\u00e7ileri\" href=\"https:\/\/www.materialstests.com\/tr\/heat-seal-tester.html\/\">\u00e7in \u0131s\u0131 s\u0131zd\u0131rmazl\u0131k test cihaz\u0131 tedarik\u00e7ileri<\/a>,\u00a0<a class=\"aahaf6o\" title=\"\u00e7in \u0131s\u0131 s\u0131zd\u0131rmazl\u0131k test cihaz\u0131\" href=\"https:\/\/www.materialstests.com\/tr\/productstags\/china-heat-sealing-tester-factory.html\/\">\u00e7in \u0131s\u0131 s\u0131zd\u0131rmazl\u0131k test cihaz\u0131<\/a>,\u00a0<a class=\"aahaf6o\" title=\"\u0131s\u0131 yal\u0131t\u0131m test cihaz\u0131 fabrikalar\u0131\" href=\"https:\/\/www.materialstests.com\/tr\/productstags\/heat-sealing-tester-factories.html\/\">\u0131s\u0131 yal\u0131t\u0131m test cihaz\u0131 fabrikalar\u0131<\/a>,\u00a0<a class=\"aahaf6o\" title=\"\u0131s\u0131 yal\u0131t\u0131m test cihaz\u0131 fabrikalar\u0131\" href=\"https:\/\/www.materialstests.com\/tr\/productstags\/heat-sealing-tester-factories.html\/\">\u0131s\u0131 yal\u0131t\u0131m test cihaz\u0131 fabrikalar\u0131<\/a>,\u00a0<a class=\"aahaf6o\" title=\"Karbonasyon Test Cihaz\u0131 tedarik\u00e7isi\" href=\"https:\/\/www.materialstests.com\/tr\/products\/clrt-01-carbon-dioxide-volume-tester.html\/\">Karbonasyon Test Cihaz\u0131 tedarik\u00e7isi<\/a>,\u00a0<a class=\"aahaf6o\" title=\"Karbonasyon Test Cihaz\u0131 hizmetleri\" href=\"https:\/\/www.materialstests.com\/tr\/products\/clrt-01-carbon-dioxide-volume-tester.html\/\">Karbonasyon Test Cihaz\u0131 hizmetleri<\/a>,\u00a0<a class=\"aahaf6o\" title=\"Shrink Test Cihaz\u0131 hizmetleri\" href=\"https:\/\/www.materialstests.com\/tr\/shrink-tester.html\/\">Shrink Test Cihaz\u0131 hizmetleri<\/a>,\u00a0<a class=\"aahaf6o\" title=\"Bilyal\u0131 Tack Test Cihaz\u0131 tedarik\u00e7isi\" href=\"https:\/\/www.materialstests.com\/tr\/products\/btt-01-ball-tack-tester.html\/\">Bilyal\u0131 Tack Test Cihaz\u0131 tedarik\u00e7isi<\/a>,\u00a0<a class=\"aahaf6o\" title=\"Bilyal\u0131 Tack Test Cihaz\u0131 ihracat\u0131\" href=\"https:\/\/www.materialstests.com\/tr\/products\/btt-01-ball-tack-tester.html\/\">Bilyal\u0131 Tack Test Cihaz\u0131 ihracat\u0131<\/a>,\u00a0<a class=\"aahaf6o\" title=\"Esnek Dayan\u0131kl\u0131l\u0131k Test Cihaz\u0131 \u00fcretici\" href=\"https:\/\/www.materialstests.com\/tr\/flex-durability-tester.html\/\">Esnek Dayan\u0131kl\u0131l\u0131k Test Cihaz\u0131 \u00fcretici<\/a>,\u00a0<a class=\"aahaf6o\" title=\"Esnek Dayan\u0131kl\u0131l\u0131k Test Cihaz\u0131 tedarik\u00e7isi\" href=\"https:\/\/www.materialstests.com\/tr\/flex-durability-tester.html\/\">Esnek Dayan\u0131kl\u0131l\u0131k Test Cihaz\u0131 tedarik\u00e7isi<\/a>,\u00a0<a class=\"aahaf6o\" title=\"Esnek Dayan\u0131kl\u0131l\u0131k Test Cihaz\u0131 ihracat\u0131\" href=\"https:\/\/www.materialstests.com\/tr\/flex-durability-tester.html\/\">Esnek Dayan\u0131kl\u0131l\u0131k Test Cihaz\u0131 ihracat\u0131<\/a>,\u00a0<a class=\"aahaf6o\" title=\"Esnek Dayan\u0131kl\u0131l\u0131k Test Cihaz\u0131 \u00c7in\" href=\"https:\/\/www.materialstests.com\/tr\/products\/gft-01-flex-durability-tester.html\/\">Esnek Dayan\u0131kl\u0131l\u0131k Test Cihaz\u0131 \u00c7in<\/a>,\u00a0<a class=\"aahaf6o\" title=\"Esnek Dayan\u0131kl\u0131l\u0131k Test Cihaz\u0131 hizmetleri\" href=\"https:\/\/www.materialstests.com\/tr\/products\/gft-01-flex-durability-tester.html\/\">Esnek Dayan\u0131kl\u0131l\u0131k Test Cihaz\u0131 hizmetleri<\/a><\/p>\t\t\t\t\t\t\t\t<\/div>\n\t\t\t\t\t<\/div>\n\t\t\t\t<\/div>\n\t\t\t\t<\/div>","protected":false},"excerpt":{"rendered":"<p>\u200b Since its official establishment in 2014, Cell Instruments has rapidly ascended in product development and innovation, marking a significant chapter in its dynamic history. Our commitment to excellence has propelled us to achieve milestones in the field of material test equipment, boasting comprehensive lines that encompass Packaging Material Testing, Medical Material Testing, Food Testing, [&hellip;]<\/p>","protected":false},"author":1,"featured_media":0,"parent":0,"menu_order":0,"comment_status":"closed","ping_status":"closed","template":"","meta":{"_acf_changed":false,"footnotes":""},"class_list":["post-2020","page","type-page","status-publish","hentry"],"acf":[],"_links":{"self":[{"href":"https:\/\/www.materialstests.com\/tr\/wp-json\/wp\/v2\/pages\/2020","targetHints":{"allow":["GET"]}}],"collection":[{"href":"https:\/\/www.materialstests.com\/tr\/wp-json\/wp\/v2\/pages"}],"about":[{"href":"https:\/\/www.materialstests.com\/tr\/wp-json\/wp\/v2\/types\/page"}],"author":[{"embeddable":true,"href":"https:\/\/www.materialstests.com\/tr\/wp-json\/wp\/v2\/users\/1"}],"replies":[{"embeddable":true,"href":"https:\/\/www.materialstests.com\/tr\/wp-json\/wp\/v2\/comments?post=2020"}],"version-history":[{"count":0,"href":"https:\/\/www.materialstests.com\/tr\/wp-json\/wp\/v2\/pages\/2020\/revisions"}],"wp:attachment":[{"href":"https:\/\/www.materialstests.com\/tr\/wp-json\/wp\/v2\/media?parent=2020"}],"curies":[{"name":"wp","href":"https:\/\/api.w.org\/{rel}","templated":true}]}}