{"id":2078,"date":"2026-01-26T05:37:06","date_gmt":"2026-01-26T05:37:06","guid":{"rendered":"https:\/\/www.materialstests.com\/?page_id=2078"},"modified":"2026-01-26T13:22:09","modified_gmt":"2026-01-26T13:22:09","slug":"contact-us","status":"publish","type":"page","link":"https:\/\/www.materialstests.com\/sv\/contact-us.html","title":{"rendered":"Kontakta oss"},"content":{"rendered":"<div data-elementor-type=\"wp-page\" data-elementor-id=\"2078\" class=\"elementor elementor-2078\" data-elementor-post-type=\"page\">\n\t\t\t\t<div class=\"elementor-element elementor-element-857c6e4 e-flex e-con-boxed e-con e-parent\" data-id=\"857c6e4\" data-element_type=\"container\" data-settings=\"{&quot;background_background&quot;:&quot;classic&quot;}\">\n\t\t\t\t\t<div class=\"e-con-inner\">\n\t\t\t\t<div class=\"elementor-element elementor-element-18c6c37 elementor-widget elementor-widget-heading\" data-id=\"18c6c37\" data-element_type=\"widget\" data-widget_type=\"heading.default\">\n\t\t\t\t\t<div class=\"elementor-heading-title elementor-size-default\"><nav aria-label=\"br\u00f6dsmulor\" class=\"rank-math-breadcrumb\"><p><a href=\"https:\/\/www.materialstests.com\/sv\/\">Hem<\/a><span class=\"separator\"> \u00bb <\/span><span class=\"last\">Hem<\/span><\/p><\/nav>\u200b<\/div>\t\t\t\t<\/div>\n\t\t\t\t\t<\/div>\n\t\t\t\t<\/div>\n\t\t<div class=\"elementor-element elementor-element-a267ca2 e-flex e-con-boxed e-con e-parent\" data-id=\"a267ca2\" data-element_type=\"container\">\n\t\t\t\t\t<div class=\"e-con-inner\">\n\t\t\t\t<div class=\"elementor-element elementor-element-cae2fd3 elementor-widget elementor-widget-text-editor\" data-id=\"cae2fd3\" data-element_type=\"widget\" data-widget_type=\"text-editor.default\">\n\t\t\t\t\t\t\t\t\t<p><strong>Cell Instruments Co, Ltd.<\/strong><\/p><p><strong>Telefon<\/strong>: +86 531 88977152<\/p><p><strong>Mobiltelefon<\/strong>: +86 18560013985<\/p><p><strong>Post<\/strong>: trade@celtec.cn<\/p><p><strong>WhatsApp<\/strong>: +86 18560013985<\/p><p><strong>WeChat<\/strong>: +86 18560013985<\/p><p><strong>Adress<\/strong>: No. 5577 Gongyebei Rd, Licheng District, Jinan, 250109, Shandong, Kina<\/p><p>Om du vill ha mer information om den h\u00e4r produkten \u00e4r du v\u00e4lkommen att kontakta oss. Rekommendera andra popul\u00e4ra produkter f\u00f6r dig:\u00a0 <a class=\"aahaf6o\" title=\"Tjockleksm\u00e4tare f\u00f6r papper och kartong\" href=\"https:\/\/www.materialstests.com\/sv\/paper-board-tester.html\/\">Tjockleksm\u00e4tare f\u00f6r papper och kartong<\/a>,\u00a0<a class=\"aahaf6o\" title=\"Test av vidh\u00e4ftningsf\u00f6rm\u00e5ga\" href=\"https:\/\/www.materialstests.com\/sv\/adhesiveness-tester.html\/\">Test av vidh\u00e4ftningsf\u00f6rm\u00e5ga<\/a>,\u00a0<a class=\"aahaf6o\" title=\"Tester f\u00f6r v\u00e4rmegradient\" href=\"https:\/\/www.materialstests.com\/sv\/products\/ghs-01-gradient-heat-seal-tester.html\/\">Tester f\u00f6r v\u00e4rmegradient<\/a>,\u00a0<a class=\"aahaf6o\" title=\"testare f\u00f6r v\u00e4rmekrympning av film\" href=\"https:\/\/www.materialstests.com\/sv\/shrink-tester.html\/\">testare f\u00f6r v\u00e4rmekrympning av film<\/a>,\u00a0<a class=\"aahaf6o\" title=\"Test av b\u00f6jh\u00e5llfasthet\" href=\"https:\/\/www.materialstests.com\/sv\/flex-durability-tester.html\/\">Test av b\u00f6jh\u00e5llfasthet<\/a>,\u00a0<a class=\"aahaf6o\" title=\"Tester f\u00f6r v\u00e4rmef\u00f6rsegling med gradient\" href=\"https:\/\/www.materialstests.com\/sv\/gradient-heat-seal-tester.html\/\">Tester f\u00f6r v\u00e4rmef\u00f6rsegling med gradient<\/a>,\u00a0<a class=\"aahaf6o\" title=\"Tester f\u00f6r avskalning av klister\" href=\"https:\/\/www.materialstests.com\/sv\/products\/spc-01-stretch-film-peeling-cling-tester.html\/\">Tester f\u00f6r avskalning av klister<\/a>,\u00a0<a class=\"aahaf6o\" title=\"Test av h\u00e5llfasthet\" href=\"https:\/\/www.materialstests.com\/sv\/holding-power-tester.html\/\">Test av h\u00e5llfasthet<\/a>,\u00a0<a class=\"aahaf6o\" title=\"Kina v\u00e4rmef\u00f6rseglingstestare\" href=\"https:\/\/www.materialstests.com\/sv\/productstags\/china-heat-sealing-tester-factory.html\/\">Kina v\u00e4rmef\u00f6rseglingstestare<\/a>,\u00a0<a class=\"aahaf6o\" title=\"Karbonatiseringstestare tj\u00e4nster\" href=\"https:\/\/www.materialstests.com\/sv\/products\/clrt-01-carbon-dioxide-volume-tester.html\/\">Karbonatiseringstestare tj\u00e4nster<\/a>,\u00a0<a class=\"aahaf6o\" title=\"Tj\u00e4nster f\u00f6r krympprovningsutrustning\" href=\"https:\/\/www.materialstests.com\/sv\/shrink-tester.html\/\">Tj\u00e4nster f\u00f6r krympprovningsutrustning<\/a>,\u00a0<a class=\"aahaf6o\" title=\"Tester f\u00f6r b\u00f6jh\u00e5llfasthet Kina\" href=\"https:\/\/www.materialstests.com\/sv\/products\/gft-01-flex-durability-tester.html\/\">Tester f\u00f6r b\u00f6jh\u00e5llfasthet Kina<\/a>,\u00a0<a class=\"aahaf6o\" title=\"Tj\u00e4nster f\u00f6r test av b\u00f6jh\u00e5llfasthet\" href=\"https:\/\/www.materialstests.com\/sv\/products\/gft-01-flex-durability-tester.html\/\">Tj\u00e4nster f\u00f6r test av b\u00f6jh\u00e5llfasthet<\/a>,\u00a0<a class=\"aahaf6o\" title=\"Testare f\u00f6r filmfri krympning Kina\" href=\"https:\/\/www.materialstests.com\/sv\/shrink-tester.html\/\">Testare f\u00f6r filmfri krympning Kina<\/a>,\u00a0<a class=\"aahaf6o\" title=\"Tester f\u00f6r v\u00e4rmef\u00f6rsegling med gradient Kina\" href=\"https:\/\/www.materialstests.com\/sv\/gradient-heat-seal-tester.html\/\">Tester f\u00f6r v\u00e4rmef\u00f6rsegling med gradient Kina<\/a>,\u00a0<a class=\"aahaf6o\" title=\"Tj\u00e4nster f\u00f6r test av gradientv\u00e4rmef\u00f6rsegling\" href=\"https:\/\/www.materialstests.com\/sv\/gradient-heat-seal-tester.html\/\">Tj\u00e4nster f\u00f6r test av gradientv\u00e4rmef\u00f6rsegling<\/a>,\u00a0<a class=\"aahaf6o\" title=\"Tester f\u00f6r avskalning av kl\u00e4dsel Kina\" href=\"https:\/\/www.materialstests.com\/sv\/peeling-cling-tester.html\/\">Tester f\u00f6r avskalning av kl\u00e4dsel Kina<\/a>,\u00a0<a class=\"aahaf6o\" title=\"Tj\u00e4nster f\u00f6r test av avskalning av klister\" href=\"https:\/\/www.materialstests.com\/sv\/products\/spc-01-stretch-film-peeling-cling-tester.html\/\">Tj\u00e4nster f\u00f6r test av avskalning av klister<\/a>,\u00a0<a class=\"aahaf6o\" title=\"testare f\u00f6r skalning av beh\u00e5llare\" href=\"https:\/\/www.materialstests.com\/sv\/productstags\/container-peeling-tester.html\/\">testare f\u00f6r skalning av beh\u00e5llare<\/a>,\u00a0<a class=\"aahaf6o\" title=\"Testare av beh\u00e5llare\" href=\"https:\/\/www.materialstests.com\/sv\/container-tester.html\/\">Testare av beh\u00e5llare<\/a><\/p>\t\t\t\t\t\t\t\t<\/div>\n\t\t\t\t\t<\/div>\n\t\t\t\t<\/div>\n\t\t\t\t<\/div>","protected":false},"excerpt":{"rendered":"<p>\u200b Cell Instruments Co., Ltd. Telephone: +86 531 88977152 Cell phone: +86 18560013985 Mail: trade@celtec.cn WhatsApp: +86 18560013985 WeChat: +86 18560013985 Address: No. 5577 Gongyebei Rd, Licheng District, Jinan, 250109, Shandong, China If you would like more information about this product, please feel free to contact us. Recommend other popular products for you:\u00a0 Paper and [&hellip;]<\/p>","protected":false},"author":1,"featured_media":0,"parent":0,"menu_order":0,"comment_status":"closed","ping_status":"closed","template":"","meta":{"_acf_changed":false,"footnotes":""},"class_list":["post-2078","page","type-page","status-publish","hentry"],"acf":[],"_links":{"self":[{"href":"https:\/\/www.materialstests.com\/sv\/wp-json\/wp\/v2\/pages\/2078","targetHints":{"allow":["GET"]}}],"collection":[{"href":"https:\/\/www.materialstests.com\/sv\/wp-json\/wp\/v2\/pages"}],"about":[{"href":"https:\/\/www.materialstests.com\/sv\/wp-json\/wp\/v2\/types\/page"}],"author":[{"embeddable":true,"href":"https:\/\/www.materialstests.com\/sv\/wp-json\/wp\/v2\/users\/1"}],"replies":[{"embeddable":true,"href":"https:\/\/www.materialstests.com\/sv\/wp-json\/wp\/v2\/comments?post=2078"}],"version-history":[{"count":0,"href":"https:\/\/www.materialstests.com\/sv\/wp-json\/wp\/v2\/pages\/2078\/revisions"}],"wp:attachment":[{"href":"https:\/\/www.materialstests.com\/sv\/wp-json\/wp\/v2\/media?parent=2078"}],"curies":[{"name":"wp","href":"https:\/\/api.w.org\/{rel}","templated":true}]}}