{"id":2076,"date":"2026-01-26T05:36:23","date_gmt":"2026-01-26T05:36:23","guid":{"rendered":"https:\/\/www.materialstests.com\/?page_id=2076"},"modified":"2026-01-26T13:07:58","modified_gmt":"2026-01-26T13:07:58","slug":"service-support","status":"publish","type":"page","link":"https:\/\/www.materialstests.com\/sv\/service-support.html","title":{"rendered":"Service Support"},"content":{"rendered":"<div data-elementor-type=\"wp-page\" data-elementor-id=\"2076\" class=\"elementor elementor-2076\" data-elementor-post-type=\"page\">\n\t\t\t\t<div class=\"elementor-element elementor-element-0644825 e-flex e-con-boxed e-con e-parent\" data-id=\"0644825\" data-element_type=\"container\" data-settings=\"{&quot;background_background&quot;:&quot;classic&quot;}\">\n\t\t\t\t\t<div class=\"e-con-inner\">\n\t\t\t\t<div class=\"elementor-element elementor-element-9b508b5 elementor-widget elementor-widget-heading\" data-id=\"9b508b5\" data-element_type=\"widget\" data-widget_type=\"heading.default\">\n\t\t\t\t\t<div class=\"elementor-heading-title elementor-size-default\"><nav aria-label=\"br\u00f6dsmulor\" class=\"rank-math-breadcrumb\"><p><a href=\"https:\/\/www.materialstests.com\/sv\/\">Hem<\/a><span class=\"separator\"> \u00bb <\/span><span class=\"last\">Hem<\/span><\/p><\/nav>\u200b<\/div>\t\t\t\t<\/div>\n\t\t\t\t\t<\/div>\n\t\t\t\t<\/div>\n\t\t<div class=\"elementor-element elementor-element-760817c e-flex e-con-boxed e-con e-parent\" data-id=\"760817c\" data-element_type=\"container\">\n\t\t\t\t\t<div class=\"e-con-inner\">\n\t\t\t\t<div class=\"elementor-element elementor-element-55a348f elementor-widget elementor-widget-text-editor\" data-id=\"55a348f\" data-element_type=\"widget\" data-widget_type=\"text-editor.default\">\n\t\t\t\t\t\t\t\t\t<p><strong>Policy f\u00f6r kundanpassning:<\/strong><\/p><p>P\u00e5 Cell Instruments Co., Ltd. \u00e4r vi medvetna om de olika och f\u00f6r\u00e4nderliga behoven hos v\u00e5r m\u00e5ngsidiga kundkrets som sp\u00e4nner \u00f6ver olika branscher. V\u00e5rt \u00e5tagande \u00e4r att erbjuda personliga l\u00f6sningar genom en omfattande anpassningspolicy, vilket s\u00e4kerst\u00e4ller att v\u00e5r materialtestutrustning uppfyller dina specifika och unika krav. Oavsett om ditt fokus ligger p\u00e5 f\u00f6rpackningar, livsmedel, l\u00e4kemedel, medicinteknik, drycker, limning, elektronik eller n\u00e5gon annan industri, \u00e4r v\u00e5rt m\u00e5l att f\u00f6rse dig med banbrytande materialprovningsl\u00f6sningar som \u00e4r skr\u00e4ddarsydda efter dina exakta specifikationer.<\/p><p><strong>Process f\u00f6r kundanpassning:<\/strong><\/p><p>1. Inledande konsultation:<\/p><p>- Diskussion och id\u00e9skapande: Samarbeta med v\u00e5ra experter f\u00f6r att utbyta id\u00e9er om testmetoder, standarder och specifika krav.<\/p><p>- Materialbed\u00f6mning: Bed\u00f6m materialets typ, beskaffenhet och specifikationer f\u00f6r att avg\u00f6ra om en modifiering av v\u00e5ra befintliga testanl\u00e4ggningar f\u00f6r plasttestning kan uppfylla dina testbehov.<\/p><p>2. Mottagning och modifiering av prov:<\/p><p>- Utv\u00e4rdering: N\u00e4r vi har bekr\u00e4ftat att en modifiering av den aktuella testaren \u00e4r genomf\u00f6rbar, tar vi emot prover fr\u00e5n kunderna.<\/p><p>- Teknisk modifiering: V\u00e5rt dedikerade tekniska team, som best\u00e5r av h\u00e5rdvaru- och mjukvaruingenj\u00f6rer, modifierar noggrant den befintliga testaren baserat p\u00e5 de tekniska detaljer som diskuterats.<\/p><p>*OR*<\/p><p>- Ny testdesign: Om en mindre modifiering inte kan uppfylla testkraven, utformar v\u00e5rt tekniska team en ny testare och motsvarande program, vilket s\u00e4kerst\u00e4ller en helt\u00e4ckande l\u00f6sning.<\/p><p>3. Prestandatestning:<\/p><p>- Kvalitetss\u00e4kring: N\u00e4r den modifierade eller nya testaren \u00e4r klar genomf\u00f6r vi noggranna tester p\u00e5 prover f\u00f6r att s\u00e4kerst\u00e4lla optimal prestanda.<\/p><p>4. Testverifiering och interaktion:<\/p><p>- Delning av testvideo: Vi tillhandah\u00e5ller en detaljerad testvideo som visar den modifierade eller nydesignade testaren i aktion.<\/p><p>- Inbjudan till test i skarpt l\u00e4ge: Alternativt bjuds kunderna in till v\u00e5r anl\u00e4ggning f\u00f6r att bevittna live-testet, vilket ger en f\u00f6rstahandsupplevelse av utrustningens kapacitet.<\/p><p>5. Bekr\u00e4ftelse och avs\u00e4ndande:<\/p><p>- Godk\u00e4nnande fr\u00e5n kund: Efter att ha granskat testresultaten och upplevt utrustningens prestanda bekr\u00e4ftar kunderna att de \u00e4r n\u00f6jda.<\/p><p>- F\u00e4rdigst\u00e4llande: Efter bekr\u00e4ftelse forts\u00e4tter vi med att skicka den anpassade testaren f\u00f6r en lyckad leveransupplevelse.<\/p><p><strong>F\u00f6rdelar med kundanpassning<\/strong><\/p><p>1. Omfattande branscherfarenhet:<\/p><p>- Expertis inom alla branscher: Med en l\u00e5ngvarig n\u00e4rvaro har vi en stor erfarenhet av olika branscher, inklusive f\u00f6rpackningar, livsmedel, l\u00e4kemedel, medicinteknik, drycker, limning, elektronik och mycket mer.<\/p><p>- Djupg\u00e5ende branschf\u00f6rst\u00e5else: V\u00e5ra medarbetare har djupg\u00e5ende kunskaper om branschspecifika utmaningar och krav.<\/p><p>2. Brett utbud av produkter:<\/p><p>- Omfattande produktportf\u00f6lj: Vi erbjuder ett brett sortiment av materialtestutrustning f\u00f6r att tillgodose olika testbehov inom olika branscher.<\/p><p>- M\u00e5ngsidighet i l\u00f6sningar: V\u00e5rt breda produktsortiment s\u00e4kerst\u00e4ller att vi kan erbjuda l\u00f6sningar f\u00f6r ett stort antal olika testapplikationer.<\/p><p>3. Expertis inom automatisering:<\/p><p>- Integration av automatisering: Utnyttja v\u00e5r kompetens inom automatisering f\u00f6r att effektivisera testprocesser och \u00f6ka effektiviteten.<\/p><p>- Skr\u00e4ddarsydda automationsl\u00f6sningar: V\u00e5r erfarenhet g\u00f6r att vi kan skr\u00e4ddarsy automatiserade l\u00f6sningar f\u00f6r att uppfylla specifika branschkrav.<\/p><p>4. Snabb respons och v\u00e4ndning:<\/p><p>- Agilt och lyh\u00f6rt team: V\u00e5rt dedikerade team svarar snabbt p\u00e5 f\u00f6rfr\u00e5gningar och s\u00e4kerst\u00e4ller en s\u00f6ml\u00f6s och snabb anpassningsprocess.<\/p><p>- Effektiv leveranstid: Dra nytta av v\u00e5rt \u00e5tagande att leverera skr\u00e4ddarsydda l\u00f6sningar inom en rimlig tidsram.<\/p><p>5. Prisv\u00e4rdhet:<\/p><p>- Kostnadseffektiva l\u00f6sningar: Vi prioriterar att tillhandah\u00e5lla prisv\u00e4rda anpassningsalternativ utan att kompromissa med kvaliteten.<\/p><p>- V\u00e4rde f\u00f6r investeringen: V\u00e5ra kostnadseffektiva l\u00f6sningar ger ett utm\u00e4rkt v\u00e4rde och s\u00e4kerst\u00e4ller en positiv avkastning p\u00e5 din investering.<\/p><p>6. F\u00f6rst\u00e5else av teststandarder:<\/p><p>- \u00d6verensst\u00e4mmelse med internationella standarder: Vi \u00e4r v\u00e4l f\u00f6rtrogna med internationella teststandarder som ASTM, ISO, GT, YBB, JIS, DIN, IEC med flera.<\/p><p>- Precision i testning: V\u00e5r efterlevnad av dessa standarder s\u00e4kerst\u00e4ller noggrannheten och tillf\u00f6rlitligheten i v\u00e5ra kundanpassade testl\u00f6sningar.<\/p><p>7. Goda spr\u00e5kkunskaper:<\/p><p>- Effektiv kommunikation: V\u00e5rt team har goda spr\u00e5kkunskaper, vilket underl\u00e4ttar en tydlig och effektiv kommunikation under hela anpassningsprocessen.<\/p><p><strong>Policy f\u00f6r service efter f\u00f6rs\u00e4ljning<\/strong><\/p><p>P\u00e5 Cell Instruments Co, Ltd. \u00e4r vi fast beslutna att tillhandah\u00e5lla enast\u00e5ende kundservice f\u00f6r att s\u00e4kerst\u00e4lla att v\u00e5ra v\u00e4rdefulla kunder \u00e4r n\u00f6jda och framg\u00e5ngsrika. V\u00e5r policy f\u00f6r eftermarknadsservice beskriver de principer och f\u00f6rfaranden som styr v\u00e5rt \u00e5tagande att st\u00f6dja dig under hela produktens livscykel.<\/p><p>1. T\u00e4ckning av garanti:<\/p><p>- Alla Cell Instruments-produkter levereras med en standardgarantiperiod, vanligtvis ett \u00e5r. Garantin t\u00e4cker tillverkningsfel och s\u00e4kerst\u00e4ller att utrustningen fungerar korrekt under den angivna perioden.<\/p><p>2. Garantianspr\u00e5k:<\/p><p>- I h\u00e4ndelse av garantianspr\u00e5k m\u00e5ste kunden uppvisa ink\u00f6psbevis och en detaljerad beskrivning av problemet.<\/p><p>- V\u00e5rt tekniska supportteam kommer att bed\u00f6ma anspr\u00e5ket och avg\u00f6ra om problemet omfattas av garantin.<\/p><p>- Om f\u00f6rs\u00e4kringen g\u00e4ller kommer vi att reparera eller byta ut de defekta delarna eller den defekta utrustningen omg\u00e5ende.<\/p><p>3. Teknisk support:<\/p><p>- V\u00e5rt dedikerade tekniska supportteam finns tillg\u00e4ngligt f\u00f6r att hj\u00e4lpa till med alla fr\u00e5gor eller problem som du kan st\u00f6ta p\u00e5.<\/p><p>- Kunder kan kontakta v\u00e5r tekniska support via info@celtec.cn under kontorstid.<\/p><p>4. Underh\u00e5lls- och kalibreringstj\u00e4nster:<\/p><p>- Vi rekommenderar regelbundet underh\u00e5ll f\u00f6r att s\u00e4kerst\u00e4lla optimal prestanda. Kunder kan schemal\u00e4gga underh\u00e5llstj\u00e4nster med v\u00e5rt team.<\/p><p>- Kalibreringstj\u00e4nster finns tillg\u00e4ngliga f\u00f6r att uppr\u00e4tth\u00e5lla noggrannheten i testutrustningen.<\/p><p>5. Tillg\u00e4nglighet f\u00f6r reservdelar:<\/p><p>- Vi h\u00e5ller ett lager av reservdelar f\u00f6r att underl\u00e4tta snabba byten och minimera stillest\u00e5ndstiden.<\/p><p>- Kunderna kan k\u00f6pa originalreservdelar direkt fr\u00e5n oss f\u00f6r att s\u00e4kerst\u00e4lla kompatibilitet och prestanda.<\/p><p>6. Utbildning av kunder:<\/p><p>- Onlineutbildningar \u00e4r alltid tillg\u00e4ngliga f\u00f6r v\u00e5ra kunder f\u00f6r att maximera deras kunskaper i att anv\u00e4nda v\u00e5r utrustning.<\/p><p>- Utbildningen kan genomf\u00f6ras p\u00e5 plats (kostnaden ska diskuteras) eller p\u00e5 distans baserat p\u00e5 kundens \u00f6nskem\u00e5l.<\/p><p>7. \u00c5terkoppling fr\u00e5n kunder:<\/p><p>- Vi v\u00e4rdes\u00e4tter feedback fr\u00e5n v\u00e5ra kunder eftersom det hj\u00e4lper oss att f\u00f6rb\u00e4ttra v\u00e5ra produkter och tj\u00e4nster. Kunder uppmuntras att ge feedback via v\u00e5rt kontaktformul\u00e4r eller via e-post info@celtec.cn .<\/p><p>8. Kontaktuppgifter:<\/p><p>F\u00f6r fr\u00e5gor om service efter f\u00f6rs\u00e4ljning, v\u00e4nligen kontakta v\u00e5rt kundtj\u00e4nstteam p\u00e5 info@celtec.cn eller +86 18560013985.<\/p><p><strong>VANLIGA FR\u00c5GOR<\/strong><\/p><p>F: Vad \u00e4r den typiska leveranstiden f\u00f6r Cell Instruments-produkter?<\/p><p>S: Leveranstiderna varierar beroende p\u00e5 produkt och anpassningskrav. Standardprodukter skickas vanligtvis inom 5 arbetsdagar eller mindre.<\/p><p>Q: Kan jag p\u00e5skynda leveransen av min best\u00e4llning?<\/p><p>S: Ja, det finns alternativ f\u00f6r expedierad leverans. Kontakta v\u00e5rt s\u00e4ljteam f\u00f6r att diskutera dina specifika krav och leveranstider.<\/p><p>F: Vilka betalningsmetoder accepterar ni?<\/p><p>A: Vi accepterar normalt betalningar via bank\u00f6verf\u00f6ring.<\/p><p>Q: Finns det n\u00e5gra extra avgifter f\u00f6r att anv\u00e4nda vissa betalningsmetoder?<\/p><p>S: V\u00e5ra standardbetalningsmetoder medf\u00f6r inga extra avgifter. F\u00f6r bank\u00f6verf\u00f6ringar kan dock bankavgifter tillkomma.<\/p><p>F: Hur f\u00f6rpackas produkterna f\u00f6r leverans?<\/p><p>A: V\u00e5ra produkter \u00e4r s\u00e4kert f\u00f6rpackade f\u00f6r att s\u00e4kerst\u00e4lla s\u00e4ker transit. Vi anv\u00e4nder chockskyddande f\u00f6rpackningsmaterial och plywoodkartonger eller kartongkartonger f\u00f6r att skydda utrustningen under transporten.<\/p><p>F: Tillhandah\u00e5ller ni sp\u00e5rningsinformation f\u00f6r skickade best\u00e4llningar?<\/p><p>S: Ja, n\u00e4r din best\u00e4llning har skickats kommer du att f\u00e5 ett e-postmeddelande med sp\u00e5rningsinformation f\u00f6r att \u00f6vervaka leveransstatusen.<\/p><p>F: Vilka \u00e4r de tillg\u00e4ngliga leveransmetoderna?<\/p><p>S: Valet av leveransmetod kan variera beroende p\u00e5 hur br\u00e5dskande leveransen \u00e4r, budgetbegr\u00e4nsningar samt varornas storlek och vikt. Vi har alltid ett n\u00e4ra samarbete med logistikexperter f\u00f6r att optimera frakten f\u00f6r v\u00e5ra v\u00e4rdefulla kunder.<\/p><p>De vanligaste leveransmetoderna \u00e4r:<\/p><p>1. Kurirtj\u00e4nster (t.ex. DHL, FedEx, UPS, SF Express):<\/p><p>Beskrivning: Privata kurirf\u00f6retag som erbjuder d\u00f6rr-till-d\u00f6rr-tj\u00e4nster.<\/p><p>Leveranstid: Snabba transittider, liknande expressfrakt.<\/p><p>L\u00e4mplig f\u00f6r: Sm\u00e5 till medelstora paket (GW mindre \u00e4n 60 kg) med fokus p\u00e5 tillf\u00f6rlitlighet och hastighet.<\/p><p>2. Flygfrakt:<\/p><p>Beskrivning: Transport med flyg f\u00f6r snabbare leverans j\u00e4mf\u00f6rt med sj\u00f6frakt.<\/p><p>Leveranstid: Snabbare \u00e4n sj\u00f6frakt men normalt l\u00e5ngsammare \u00e4n expressfrakt.<\/p><p>L\u00e4mplig f\u00f6r: Tidsk\u00e4nsliga f\u00f6rs\u00e4ndelser med m\u00e5ttlig budget och vikt. (GW mer \u00e4n 45 kg).<\/p><p>3. Sj\u00f6frakt:<\/p><p>Beskrivning: Kostnadseffektivt f\u00f6r stora och tunga s\u00e4ndningar.<\/p><p>Leveranstid: L\u00e4ngre transittider j\u00e4mf\u00f6rt med flygfrakt.<\/p><p>L\u00e4mplig f\u00f6r: Stora s\u00e4ndningar med fokus p\u00e5 kostnadsbesparingar och en flexibel leveranstid.<\/p><p>4. Godstransporter p\u00e5 j\u00e4rnv\u00e4g:<\/p><p>Beskrivning: Landtransport p\u00e5 j\u00e4rnv\u00e4g, ofta f\u00f6r interkontinentala transporter till kunder i Centralasien eller Europa.<\/p><p>Leveranstid: Generellt snabbare \u00e4n sj\u00f6frakt men l\u00e5ngsammare \u00e4n flygfrakt.<\/p><p>L\u00e4mplig f\u00f6r: Stora transporter med destinationer som kan n\u00e5s via j\u00e4rnv\u00e4g.<\/p><p>5. Intermodal transport:<\/p><p>Beskrivning: En kombination av flera transports\u00e4tt (t.ex. sj\u00f6fart och j\u00e4rnv\u00e4g, lastbil och flyg).<\/p><p>Leveranstid: Varierande, beroende p\u00e5 vilken kombination av transports\u00e4tt som v\u00e4ljs.<\/p><p>L\u00e4mplig f\u00f6r: Komplexa logistikscenarier med en blandning av transportbehov.<\/p>\t\t\t\t\t\t\t\t<\/div>\n\t\t\t\t\t<\/div>\n\t\t\t\t<\/div>\n\t\t\t\t<\/div>","protected":false},"excerpt":{"rendered":"<p>\u200b Customization Policy: At Cell Instruments Co., Ltd., we recognize the distinct and evolving needs of our diverse clientele spanning various industries. Our commitment is to offer personalized solutions through a comprehensive customization policy, ensuring that our material test equipment meets your specific and unique requirements. Whether your focus lies in packaging, food, pharmaceuticals, medical, [&hellip;]<\/p>","protected":false},"author":1,"featured_media":0,"parent":0,"menu_order":0,"comment_status":"closed","ping_status":"closed","template":"","meta":{"_acf_changed":false,"footnotes":""},"class_list":["post-2076","page","type-page","status-publish","hentry"],"acf":[],"_links":{"self":[{"href":"https:\/\/www.materialstests.com\/sv\/wp-json\/wp\/v2\/pages\/2076","targetHints":{"allow":["GET"]}}],"collection":[{"href":"https:\/\/www.materialstests.com\/sv\/wp-json\/wp\/v2\/pages"}],"about":[{"href":"https:\/\/www.materialstests.com\/sv\/wp-json\/wp\/v2\/types\/page"}],"author":[{"embeddable":true,"href":"https:\/\/www.materialstests.com\/sv\/wp-json\/wp\/v2\/users\/1"}],"replies":[{"embeddable":true,"href":"https:\/\/www.materialstests.com\/sv\/wp-json\/wp\/v2\/comments?post=2076"}],"version-history":[{"count":0,"href":"https:\/\/www.materialstests.com\/sv\/wp-json\/wp\/v2\/pages\/2076\/revisions"}],"wp:attachment":[{"href":"https:\/\/www.materialstests.com\/sv\/wp-json\/wp\/v2\/media?parent=2076"}],"curies":[{"name":"wp","href":"https:\/\/api.w.org\/{rel}","templated":true}]}}