{"id":2020,"date":"2026-01-26T03:32:25","date_gmt":"2026-01-26T03:32:25","guid":{"rendered":"https:\/\/www.materialstests.com\/?page_id=2020"},"modified":"2026-01-26T13:06:21","modified_gmt":"2026-01-26T13:06:21","slug":"about-us","status":"publish","type":"page","link":"https:\/\/www.materialstests.com\/sv\/about-us.html","title":{"rendered":"Om oss"},"content":{"rendered":"<div data-elementor-type=\"wp-page\" data-elementor-id=\"2020\" class=\"elementor elementor-2020\" data-elementor-post-type=\"page\">\n\t\t\t\t<div class=\"elementor-element elementor-element-c1e7c03 e-flex e-con-boxed e-con e-parent\" data-id=\"c1e7c03\" data-element_type=\"container\" data-settings=\"{&quot;background_background&quot;:&quot;classic&quot;}\">\n\t\t\t\t\t<div class=\"e-con-inner\">\n\t\t\t\t<div class=\"elementor-element elementor-element-8fd22e0 elementor-widget elementor-widget-heading\" data-id=\"8fd22e0\" data-element_type=\"widget\" data-widget_type=\"heading.default\">\n\t\t\t\t\t<div class=\"elementor-heading-title elementor-size-default\"><nav aria-label=\"br\u00f6dsmulor\" class=\"rank-math-breadcrumb\"><p><a href=\"https:\/\/www.materialstests.com\/sv\/\">Hem<\/a><span class=\"separator\"> \u00bb <\/span><span class=\"last\">Hem<\/span><\/p><\/nav>\u200b<\/div>\t\t\t\t<\/div>\n\t\t\t\t\t<\/div>\n\t\t\t\t<\/div>\n\t\t<div class=\"elementor-element elementor-element-f608734 e-flex e-con-boxed e-con e-parent\" data-id=\"f608734\" data-element_type=\"container\">\n\t\t\t\t\t<div class=\"e-con-inner\">\n\t\t\t\t<div class=\"elementor-element elementor-element-58cb6ea elementor-widget elementor-widget-text-editor\" data-id=\"58cb6ea\" data-element_type=\"widget\" data-widget_type=\"text-editor.default\">\n\t\t\t\t\t\t\t\t\t<p>Sedan det officiella grundandet 2014 har Cell Instruments snabbt tagit ett kliv upp\u00e5t inom produktutveckling och innovation, vilket utg\u00f6r ett viktigt kapitel i f\u00f6retagets dynamiska historia. V\u00e5rt engagemang f\u00f6r excellens har drivit oss att uppn\u00e5 milstolpar inom omr\u00e5det materialtestutrustning, med omfattande linjer som omfattar testning av f\u00f6rpackningsmaterial, testning av medicinskt material, livsmedelstestning, farmaceutisk testning, vidh\u00e4ftningstestning, pappers- och kartongtestning och till och med anpassning p\u00e5 beg\u00e4ran. Dessa banbrytande l\u00f6sningar har m\u00e5ngsidiga anv\u00e4ndningsomr\u00e5den inom olika branscher, t.ex. f\u00f6rpackningar, livsmedel, l\u00e4kemedel, medicin, kosmetika, drycker, universitet, inspektion, vidh\u00e4ftning och textil.<\/p>\t\t\t\t\t\t\t\t<\/div>\n\t\t\t\t<div class=\"elementor-element elementor-element-c7d07e9 elementor-widget elementor-widget-image\" data-id=\"c7d07e9\" data-element_type=\"widget\" data-widget_type=\"image.default\">\n\t\t\t\t\t\t\t\t\t\t\t\t\t\t\t<img fetchpriority=\"high\" decoding=\"async\" width=\"800\" height=\"400\" src=\"https:\/\/www.materialstests.com\/wp-content\/uploads\/2026\/01\/bc800e5326c92bfcd7f943355926093a.jpg\" class=\"attachment-large size-large wp-image-2238\" alt=\"Tillverkare av utrustning f\u00f6r l\u00e4cktestning - OM OSS\" srcset=\"https:\/\/www.materialstests.com\/wp-content\/uploads\/2026\/01\/bc800e5326c92bfcd7f943355926093a.jpg 800w, https:\/\/www.materialstests.com\/wp-content\/uploads\/2026\/01\/bc800e5326c92bfcd7f943355926093a-300x150.jpg 300w, https:\/\/www.materialstests.com\/wp-content\/uploads\/2026\/01\/bc800e5326c92bfcd7f943355926093a-768x384.jpg 768w, https:\/\/www.materialstests.com\/wp-content\/uploads\/2026\/01\/bc800e5326c92bfcd7f943355926093a-18x9.jpg 18w\" sizes=\"(max-width: 800px) 100vw, 800px\" \/>\t\t\t\t\t\t\t\t\t\t\t\t\t\t\t<\/div>\n\t\t\t\t<div class=\"elementor-element elementor-element-127095f elementor-widget elementor-widget-text-editor\" data-id=\"127095f\" data-element_type=\"widget\" data-widget_type=\"text-editor.default\">\n\t\t\t\t\t\t\t\t\t<p>V\u00e5rt globala fotavtryck har expanderat kraftigt och n\u00e5r och p\u00e5verkar \u00f6ver 70 l\u00e4nder och regioner. P\u00e5 Cell Instruments str\u00e4cker sig v\u00e5rt uppdrag l\u00e4ngre \u00e4n att bara tillhandah\u00e5lla testl\u00f6sningar; det kretsar kring att forma landskapet f\u00f6r kundernas kvalitetskontroll och forskning och utveckling. V\u00e5rt uppdrag \u00e4r att bli erk\u00e4nda som en integrerad \u2018Cell\u2019-enhet inom dessa processer och erbjuda konkurrenskraftiga och p\u00e5litliga l\u00f6sningar till anv\u00e4ndare \u00f6ver hela v\u00e4rlden.<\/p><p>Som pionj\u00e4r i branschen \u00e4r Cell Instruments fortfarande en ingenj\u00f6rsdriven organisation med ett orubbligt engagemang f\u00f6r standarder. Vi prioriterar excellens och har aktivt utvecklat instrumentmodeller som \u00e4r skr\u00e4ddarsydda f\u00f6r att m\u00f6ta v\u00e5ra kunders specifika behov samtidigt som vi s\u00e4kerst\u00e4ller att de uppfyller industristandarder. Dessa instrument fungerar som ov\u00e4rderliga verktyg f\u00f6r probleml\u00f6sning och integreras s\u00f6ml\u00f6st i kundernas laboratorier, forsknings- och utvecklingscentra, tillverkningsanl\u00e4ggningar, f\u00f6rel\u00e4sningssalar och mycket mer. V\u00e5r tekniska bakgrund s\u00e4kerst\u00e4ller kvaliteten p\u00e5 v\u00e5ra kunders produkter och g\u00f6r det m\u00f6jligt f\u00f6r dem att navigera p\u00e5 den internationella marknaden med tillf\u00f6rsikt.<\/p>\t\t\t\t\t\t\t\t<\/div>\n\t\t\t\t<div class=\"elementor-element elementor-element-a0311d4 elementor-widget elementor-widget-image\" data-id=\"a0311d4\" data-element_type=\"widget\" data-widget_type=\"image.default\">\n\t\t\t\t\t\t\t\t\t\t\t\t\t\t\t<img decoding=\"async\" width=\"800\" height=\"400\" src=\"https:\/\/www.materialstests.com\/wp-content\/uploads\/2026\/01\/6f6c3ee6a57f3b5a064c916fc412fc69.jpg\" class=\"attachment-large size-large wp-image-2239\" alt=\"Tillverkare av utrustning f\u00f6r l\u00e4cktestning - OM OSS\" srcset=\"https:\/\/www.materialstests.com\/wp-content\/uploads\/2026\/01\/6f6c3ee6a57f3b5a064c916fc412fc69.jpg 800w, https:\/\/www.materialstests.com\/wp-content\/uploads\/2026\/01\/6f6c3ee6a57f3b5a064c916fc412fc69-300x150.jpg 300w, https:\/\/www.materialstests.com\/wp-content\/uploads\/2026\/01\/6f6c3ee6a57f3b5a064c916fc412fc69-768x384.jpg 768w, https:\/\/www.materialstests.com\/wp-content\/uploads\/2026\/01\/6f6c3ee6a57f3b5a064c916fc412fc69-18x9.jpg 18w\" sizes=\"(max-width: 800px) 100vw, 800px\" \/>\t\t\t\t\t\t\t\t\t\t\t\t\t\t\t<\/div>\n\t\t\t\t<div class=\"elementor-element elementor-element-5673870 elementor-widget elementor-widget-text-editor\" data-id=\"5673870\" data-element_type=\"widget\" data-widget_type=\"text-editor.default\">\n\t\t\t\t\t\t\t\t\t<p>Cell Instruments har positionerat sig inte bara som en tillverkare av toppmodern testutrustning utan \u00e4ven som en strategisk partner f\u00f6r framg\u00e5ngsrika f\u00f6retag \u00f6ver hela v\u00e4rlden. V\u00e5rt dedikerade team, utrustat med ett brett spektrum av expertis, samarbetar outtr\u00f6ttligt f\u00f6r att s\u00e4kerst\u00e4lla att v\u00e5ra kunder inte bara f\u00e5r produkter utan omfattande l\u00f6sningar som f\u00f6rb\u00e4ttrar deras effektivitet, produktkvalitet och \u00f6vergripande konkurrenskraft.<\/p><p>V\u00e5rt huvudkontor ligger i Jinan City, en av norra Kinas st\u00f6rsta industriella knutpunkter, och fungerar som centrum f\u00f6r v\u00e5r verksamhet och utg\u00f6r en knutpunkt f\u00f6r forskning, utveckling och kundorienterade initiativ.<\/p><p>V\u00e5r framg\u00e5ng str\u00e4cker sig bortom gr\u00e4nserna, eftersom vi aktivt deltar i internationell handel och exporterar v\u00e5ra banbrytande l\u00f6sningar till en m\u00e4ngd l\u00e4nder. Denna globala r\u00e4ckvidd \u00e4r ett bevis p\u00e5 v\u00e5r vision att fr\u00e4mja samarbete och dela med oss av innovation p\u00e5 global niv\u00e5.<\/p><p>N\u00e4r vi nu forts\u00e4tter v\u00e5r resa mot excellens inbjuder vi dig att tillsammans med oss forma framtiden f\u00f6r kvalitetskontroll och forskning och utveckling p\u00e5 global niv\u00e5.<\/p><p>Om du vill ha mer information om den h\u00e4r produkten \u00e4r du v\u00e4lkommen att kontakta oss. Rekommendera andra popul\u00e4ra produkter f\u00f6r dig:\u00a0<a class=\"aahaf6o\" title=\"Tjockleksm\u00e4tare f\u00f6r papper och kartong\" href=\"https:\/\/www.materialstests.com\/sv\/paper-board-tester.html\/\">Tjockleksm\u00e4tare f\u00f6r papper och kartong<\/a>,\u00a0<a class=\"aahaf6o\" title=\"Utrustning f\u00f6r provning av bruttol\u00e4ckage\" href=\"https:\/\/www.materialstests.com\/sv\/gross-leak-tester.html\/\">Utrustning f\u00f6r provning av bruttol\u00e4ckage<\/a>,\u00a0<a class=\"aahaf6o\" title=\" Bruttol\u00e4ckagetestare Utrustning Testning\" href=\"https:\/\/www.materialstests.com\/sv\/gross-leak-tester.html\/\">Bruttol\u00e4ckagetestare Utrustning Testning<\/a>,\u00a0<a class=\"aahaf6o\" title=\"Bruttol\u00e4ckagetestare Utrustning Testning\" href=\"https:\/\/www.materialstests.com\/sv\/gross-leak-tester.html\/\">Bruttol\u00e4ckagetestare Utrustning Testning<\/a>,\u00a0<a class=\"aahaf6o\" title=\"Tillverkare av tester f\u00f6r gradientv\u00e4rmef\u00f6rsegling\" href=\"https:\/\/www.materialstests.com\/sv\/products\/ghs-01-gradient-heat-seal-tester.html\/\">Tillverkare av tester f\u00f6r gradientv\u00e4rmef\u00f6rsegling<\/a>,\u00a0<a class=\"aahaf6o\" title=\"Laboratorieprovare f\u00f6r heta tack\" href=\"https:\/\/www.materialstests.com\/sv\/products\/htt-02-hot-tack-tester.html\/\">Laboratorieprovare f\u00f6r heta tack<\/a>,\u00a0<a class=\"aahaf6o\" title=\"Tester f\u00f6r v\u00e4rmegradient\" href=\"https:\/\/www.materialstests.com\/sv\/products\/ghs-01-gradient-heat-seal-tester.html\/\">Tester f\u00f6r v\u00e4rmegradient<\/a>,\u00a0<a class=\"aahaf6o\" title=\"filmfri krympningstestare\" href=\"https:\/\/www.materialstests.com\/sv\/shrink-tester.html\/\">filmfri krympningstestare<\/a>,\u00a0<a class=\"aahaf6o\" title=\"testare f\u00f6r v\u00e4rmekrympning av film\" href=\"https:\/\/www.materialstests.com\/sv\/shrink-tester.html\/\">testare f\u00f6r v\u00e4rmekrympning av film<\/a>,\u00a0<a class=\"aahaf6o\" title=\"Test av b\u00f6jh\u00e5llfasthet\" href=\"https:\/\/www.materialstests.com\/sv\/flex-durability-tester.html\/\">Test av b\u00f6jh\u00e5llfasthet<\/a>,\u00a0<a class=\"aahaf6o\" title=\"Tester f\u00f6r v\u00e4rmef\u00f6rsegling med gradient\" href=\"https:\/\/www.materialstests.com\/sv\/gradient-heat-seal-tester.html\/\">Tester f\u00f6r v\u00e4rmef\u00f6rsegling med gradient<\/a>,\u00a0<a class=\"aahaf6o\" title=\"Tester f\u00f6r avskalning av klister\" href=\"https:\/\/www.materialstests.com\/sv\/products\/spc-01-stretch-film-peeling-cling-tester.html\/\">Tester f\u00f6r avskalning av klister<\/a>,\u00a0<a class=\"aahaf6o\" title=\"Test av h\u00e5llfasthet\" href=\"https:\/\/www.materialstests.com\/sv\/holding-power-tester.html\/\">Test av h\u00e5llfasthet<\/a>,\u00a0<a class=\"aahaf6o\" title=\"Laboratorieprovare f\u00f6r v\u00e4rmef\u00f6rsegling\" href=\"https:\/\/www.materialstests.com\/sv\/products\/hst-01-heat-seal-tester.html\/\">Laboratorieprovare f\u00f6r v\u00e4rmef\u00f6rsegling<\/a>,\u00a0<a class=\"aahaf6o\" title=\"testare f\u00f6r skalning av beh\u00e5llare\" href=\"https:\/\/www.materialstests.com\/sv\/productstags\/container-peeling-tester.html\/\">testare f\u00f6r skalning av beh\u00e5llare<\/a>,\u00a0<a class=\"aahaf6o\" title=\"leverant\u00f6rer av v\u00e4rmef\u00f6rseglingstestare i Kina\" href=\"https:\/\/www.materialstests.com\/sv\/heat-seal-tester.html\/\">leverant\u00f6rer av v\u00e4rmef\u00f6rseglingstestare i Kina<\/a>,\u00a0<a class=\"aahaf6o\" title=\"Kina v\u00e4rmef\u00f6rseglingstestare\" href=\"https:\/\/www.materialstests.com\/sv\/productstags\/china-heat-sealing-tester-factory.html\/\">Kina v\u00e4rmef\u00f6rseglingstestare<\/a>,\u00a0<a class=\"aahaf6o\" title=\"v\u00e4rmef\u00f6rseglingstestare fabriker\" href=\"https:\/\/www.materialstests.com\/sv\/productstags\/heat-sealing-tester-factories.html\/\">v\u00e4rmef\u00f6rseglingstestare fabriker<\/a>,\u00a0<a class=\"aahaf6o\" title=\"v\u00e4rmef\u00f6rseglingstestare fabriker\" href=\"https:\/\/www.materialstests.com\/sv\/productstags\/heat-sealing-tester-factories.html\/\">v\u00e4rmef\u00f6rseglingstestare fabriker<\/a>,\u00a0<a class=\"aahaf6o\" title=\"Leverant\u00f6r av karbonatiseringstestare\" href=\"https:\/\/www.materialstests.com\/sv\/products\/clrt-01-carbon-dioxide-volume-tester.html\/\">Leverant\u00f6r av karbonatiseringstestare<\/a>,\u00a0<a class=\"aahaf6o\" title=\"Karbonatiseringstestare tj\u00e4nster\" href=\"https:\/\/www.materialstests.com\/sv\/products\/clrt-01-carbon-dioxide-volume-tester.html\/\">Karbonatiseringstestare tj\u00e4nster<\/a>,\u00a0<a class=\"aahaf6o\" title=\"Tj\u00e4nster f\u00f6r krympprovningsutrustning\" href=\"https:\/\/www.materialstests.com\/sv\/shrink-tester.html\/\">Tj\u00e4nster f\u00f6r krympprovningsutrustning<\/a>,\u00a0<a class=\"aahaf6o\" title=\"Leverant\u00f6r av kulh\u00e4ftningsprovare\" href=\"https:\/\/www.materialstests.com\/sv\/products\/btt-01-ball-tack-tester.html\/\">Leverant\u00f6r av kulh\u00e4ftningsprovare<\/a>,\u00a0<a class=\"aahaf6o\" title=\"Ball Tack Tester export\" href=\"https:\/\/www.materialstests.com\/sv\/products\/btt-01-ball-tack-tester.html\/\">Ball Tack Tester export<\/a>,\u00a0<a class=\"aahaf6o\" title=\"Tillverkare av tester f\u00f6r b\u00f6jh\u00e5llfasthet\" href=\"https:\/\/www.materialstests.com\/sv\/flex-durability-tester.html\/\">Tillverkare av tester f\u00f6r b\u00f6jh\u00e5llfasthet<\/a>,\u00a0<a class=\"aahaf6o\" title=\"Flex Durability Tester leverant\u00f6r\" href=\"https:\/\/www.materialstests.com\/sv\/flex-durability-tester.html\/\">Flex Durability Tester leverant\u00f6r<\/a>,\u00a0<a class=\"aahaf6o\" title=\"Flex h\u00e5llbarhetstestare export\" href=\"https:\/\/www.materialstests.com\/sv\/flex-durability-tester.html\/\">Flex h\u00e5llbarhetstestare export<\/a>,\u00a0<a class=\"aahaf6o\" title=\"Tester f\u00f6r b\u00f6jh\u00e5llfasthet Kina\" href=\"https:\/\/www.materialstests.com\/sv\/products\/gft-01-flex-durability-tester.html\/\">Tester f\u00f6r b\u00f6jh\u00e5llfasthet Kina<\/a>,\u00a0<a class=\"aahaf6o\" title=\"Tj\u00e4nster f\u00f6r test av b\u00f6jh\u00e5llfasthet\" href=\"https:\/\/www.materialstests.com\/sv\/products\/gft-01-flex-durability-tester.html\/\">Tj\u00e4nster f\u00f6r test av b\u00f6jh\u00e5llfasthet<\/a><\/p>\t\t\t\t\t\t\t\t<\/div>\n\t\t\t\t\t<\/div>\n\t\t\t\t<\/div>\n\t\t\t\t<\/div>","protected":false},"excerpt":{"rendered":"<p>\u200b Since its official establishment in 2014, Cell Instruments has rapidly ascended in product development and innovation, marking a significant chapter in its dynamic history. Our commitment to excellence has propelled us to achieve milestones in the field of material test equipment, boasting comprehensive lines that encompass Packaging Material Testing, Medical Material Testing, Food Testing, [&hellip;]<\/p>","protected":false},"author":1,"featured_media":0,"parent":0,"menu_order":0,"comment_status":"closed","ping_status":"closed","template":"","meta":{"_acf_changed":false,"footnotes":""},"class_list":["post-2020","page","type-page","status-publish","hentry"],"acf":[],"_links":{"self":[{"href":"https:\/\/www.materialstests.com\/sv\/wp-json\/wp\/v2\/pages\/2020","targetHints":{"allow":["GET"]}}],"collection":[{"href":"https:\/\/www.materialstests.com\/sv\/wp-json\/wp\/v2\/pages"}],"about":[{"href":"https:\/\/www.materialstests.com\/sv\/wp-json\/wp\/v2\/types\/page"}],"author":[{"embeddable":true,"href":"https:\/\/www.materialstests.com\/sv\/wp-json\/wp\/v2\/users\/1"}],"replies":[{"embeddable":true,"href":"https:\/\/www.materialstests.com\/sv\/wp-json\/wp\/v2\/comments?post=2020"}],"version-history":[{"count":0,"href":"https:\/\/www.materialstests.com\/sv\/wp-json\/wp\/v2\/pages\/2020\/revisions"}],"wp:attachment":[{"href":"https:\/\/www.materialstests.com\/sv\/wp-json\/wp\/v2\/media?parent=2020"}],"curies":[{"name":"wp","href":"https:\/\/api.w.org\/{rel}","templated":true}]}}