{"id":2080,"date":"2026-01-26T05:37:24","date_gmt":"2026-01-26T05:37:24","guid":{"rendered":"https:\/\/www.materialstests.com\/?page_id=2080"},"modified":"2026-01-26T13:36:05","modified_gmt":"2026-01-26T13:36:05","slug":"faq","status":"publish","type":"page","link":"https:\/\/www.materialstests.com\/sl\/faq.html","title":{"rendered":"POGOSTA VPRA\u0160ANJA"},"content":{"rendered":"<div data-elementor-type=\"wp-page\" data-elementor-id=\"2080\" class=\"elementor elementor-2080\" data-elementor-post-type=\"page\">\n\t\t\t\t<div class=\"elementor-element elementor-element-968636c e-flex e-con-boxed e-con e-parent\" data-id=\"968636c\" data-element_type=\"container\" data-settings=\"{&quot;background_background&quot;:&quot;classic&quot;}\">\n\t\t\t\t\t<div class=\"e-con-inner\">\n\t\t\t\t<div class=\"elementor-element elementor-element-c11cda6 elementor-widget elementor-widget-heading\" data-id=\"c11cda6\" data-element_type=\"widget\" data-widget_type=\"heading.default\">\n\t\t\t\t\t<div class=\"elementor-heading-title elementor-size-default\"><nav aria-label=\"drobtine\" class=\"rank-math-breadcrumb\"><p><a href=\"https:\/\/www.materialstests.com\/sl\/\">Domov<\/a><span class=\"separator\"> \u00bb <\/span><span class=\"last\">Domov<\/span><\/p><\/nav>\u200b<\/div>\t\t\t\t<\/div>\n\t\t\t\t\t<\/div>\n\t\t\t\t<\/div>\n\t\t<div class=\"elementor-element elementor-element-dd484b9 e-flex e-con-boxed e-con e-parent\" data-id=\"dd484b9\" data-element_type=\"container\">\n\t\t\t\t\t<div class=\"e-con-inner\">\n\t\t\t\t<div class=\"elementor-element elementor-element-4188fa4 elementor-widget elementor-widget-n-accordion\" data-id=\"4188fa4\" data-element_type=\"widget\" data-settings=\"{&quot;default_state&quot;:&quot;all_collapsed&quot;,&quot;max_items_expended&quot;:&quot;multiple&quot;,&quot;n_accordion_animation_duration&quot;:{&quot;unit&quot;:&quot;ms&quot;,&quot;size&quot;:400,&quot;sizes&quot;:[]}}\" data-widget_type=\"nested-accordion.default\">\n\t\t\t\t\t\t\t<div class=\"e-n-accordion\" aria-label=\"Akordeon. Povezave odpirate z Enter ali Space, zapirate s Escape in se pomikate s pu\u0161\u010dicami.\">\n\t\t\t\t\t\t<details id=\"e-n-accordion-item-6870\" class=\"e-n-accordion-item\" >\n\t\t\t\t<summary class=\"e-n-accordion-item-title\" data-accordion-index=\"1\" tabindex=\"0\" aria-expanded=\"false\" aria-controls=\"e-n-accordion-item-6870\" >\n\t\t\t\t\t<span class='e-n-accordion-item-title-header'><div class=\"e-n-accordion-item-title-text\"> V\uff1a Ali ste proizvajalec ali trgovsko podjetje? <\/div><\/span>\n\t\t\t\t\t\t\t\t\t<\/summary>\n\t\t\t\t<div role=\"region\" aria-labelledby=\"e-n-accordion-item-6870\" class=\"elementor-element elementor-element-862560b e-con-full e-flex e-con e-child\" data-id=\"862560b\" data-element_type=\"container\" data-settings=\"{&quot;background_background&quot;:&quot;classic&quot;}\">\n\t\t<div role=\"region\" aria-labelledby=\"e-n-accordion-item-6870\" class=\"elementor-element elementor-element-76d5dfa e-flex e-con-boxed e-con e-child\" data-id=\"76d5dfa\" data-element_type=\"container\">\n\t\t\t\t\t<div class=\"e-con-inner\">\n\t\t\t\t<div class=\"elementor-element elementor-element-89c75be elementor-widget elementor-widget-text-editor\" data-id=\"89c75be\" data-element_type=\"widget\" data-widget_type=\"text-editor.default\">\n\t\t\t\t\t\t\t\t\t<p>O: Smo proizvajalec, specializiran za instrumente za testiranje materialov za industrije, kot so embala\u017ea, medicinski pripomo\u010dki, farmacevtski izdelki, kozmetika, hrana, pija\u010da in lepila. Na\u0161 sede\u017e je v mestu Jinan, Shandong, Kitajska.<\/p>\t\t\t\t\t\t\t\t<\/div>\n\t\t\t\t\t<\/div>\n\t\t\t\t<\/div>\n\t\t\t\t<\/div>\n\t\t\t\t\t<\/details>\n\t\t\t\t\t\t<details id=\"e-n-accordion-item-6871\" class=\"e-n-accordion-item\" >\n\t\t\t\t<summary class=\"e-n-accordion-item-title\" data-accordion-index=\"2\" tabindex=\"-1\" aria-expanded=\"false\" aria-controls=\"e-n-accordion-item-6871\" >\n\t\t\t\t\t<span class='e-n-accordion-item-title-header'><div class=\"e-n-accordion-item-title-text\"> V\uff1a Kje lahko kupim va\u0161e preizku\u0161evalce materialov? <\/div><\/span>\n\t\t\t\t\t\t\t\t\t<\/summary>\n\t\t\t\t<div role=\"region\" aria-labelledby=\"e-n-accordion-item-6871\" class=\"elementor-element elementor-element-d3f4d4c e-con-full e-flex e-con e-child\" data-id=\"d3f4d4c\" data-element_type=\"container\" data-settings=\"{&quot;background_background&quot;:&quot;classic&quot;}\">\n\t\t<div role=\"region\" aria-labelledby=\"e-n-accordion-item-6871\" class=\"elementor-element elementor-element-da44084 e-flex e-con-boxed e-con e-child\" data-id=\"da44084\" data-element_type=\"container\">\n\t\t\t\t\t<div class=\"e-con-inner\">\n\t\t\t\t<div class=\"elementor-element elementor-element-fac06b9 elementor-widget elementor-widget-text-editor\" data-id=\"fac06b9\" data-element_type=\"widget\" data-widget_type=\"text-editor.default\">\n\t\t\t\t\t\t\t\t\t<p>O: Na\u0161e testerje izva\u017eamo neposredno iz Kitajske. Poleg tega imamo v nekaterih regijah lokalne predstavnike, ki skrbijo za prodajo in zagotavljajo podporo.<\/p>\t\t\t\t\t\t\t\t<\/div>\n\t\t\t\t\t<\/div>\n\t\t\t\t<\/div>\n\t\t\t\t<\/div>\n\t\t\t\t\t<\/details>\n\t\t\t\t\t\t<details id=\"e-n-accordion-item-6872\" class=\"e-n-accordion-item\" >\n\t\t\t\t<summary class=\"e-n-accordion-item-title\" data-accordion-index=\"3\" tabindex=\"-1\" aria-expanded=\"false\" aria-controls=\"e-n-accordion-item-6872\" >\n\t\t\t\t\t<span class='e-n-accordion-item-title-header'><div class=\"e-n-accordion-item-title-text\"> V\uff1a Kako poteka postopek namestitve? <\/div><\/span>\n\t\t\t\t\t\t\t\t\t<\/summary>\n\t\t\t\t<div role=\"region\" aria-labelledby=\"e-n-accordion-item-6872\" class=\"elementor-element elementor-element-6d8cb15 e-con-full e-flex e-con e-child\" data-id=\"6d8cb15\" data-element_type=\"container\" data-settings=\"{&quot;background_background&quot;:&quot;classic&quot;}\">\n\t\t<div role=\"region\" aria-labelledby=\"e-n-accordion-item-6872\" class=\"elementor-element elementor-element-5b56bcd e-flex e-con-boxed e-con e-child\" data-id=\"5b56bcd\" data-element_type=\"container\">\n\t\t\t\t\t<div class=\"e-con-inner\">\n\t\t\t\t<div class=\"elementor-element elementor-element-f82ace7 elementor-widget elementor-widget-text-editor\" data-id=\"f82ace7\" data-element_type=\"widget\" data-widget_type=\"text-editor.default\">\n\t\t\t\t\t\t\t\t\tO: Testerje obi\u010dajno dobavljamo kot celotne enote, priro\u010dnik za uporabo pa vsebuje podrobna navodila za namestitev. Poleg tega nudimo brezpla\u010dno spletno podporo pri namestitvi in zagonu.\t\t\t\t\t\t\t\t<\/div>\n\t\t\t\t\t<\/div>\n\t\t\t\t<\/div>\n\t\t\t\t<\/div>\n\t\t\t\t\t<\/details>\n\t\t\t\t\t\t<details id=\"e-n-accordion-item-6873\" class=\"e-n-accordion-item\" >\n\t\t\t\t<summary class=\"e-n-accordion-item-title\" data-accordion-index=\"4\" tabindex=\"-1\" aria-expanded=\"false\" aria-controls=\"e-n-accordion-item-6873\" >\n\t\t\t\t\t<span class='e-n-accordion-item-title-header'><div class=\"e-n-accordion-item-title-text\"> V\uff1a Ali nudite poprodajne storitve? <\/div><\/span>\n\t\t\t\t\t\t\t\t\t<\/summary>\n\t\t\t\t<div role=\"region\" aria-labelledby=\"e-n-accordion-item-6873\" class=\"elementor-element elementor-element-961bbe7 e-con-full e-flex e-con e-child\" data-id=\"961bbe7\" data-element_type=\"container\" data-settings=\"{&quot;background_background&quot;:&quot;classic&quot;}\">\n\t\t<div role=\"region\" aria-labelledby=\"e-n-accordion-item-6873\" class=\"elementor-element elementor-element-39e1cef e-flex e-con-boxed e-con e-child\" data-id=\"39e1cef\" data-element_type=\"container\">\n\t\t\t\t\t<div class=\"e-con-inner\">\n\t\t\t\t<div class=\"elementor-element elementor-element-3e7962b elementor-widget elementor-widget-text-editor\" data-id=\"3e7962b\" data-element_type=\"widget\" data-widget_type=\"text-editor.default\">\n\t\t\t\t\t\t\t\t\tO: Da, kot proizvajalec lahko zlahka prepoznamo in uporabnike usmerjamo pri re\u0161evanju morebitnih te\u017eav. Ko prejmemo poprodajno poro\u010dilo, se odzovemo v enem delovnem dnevu in zagotovimo re\u0161itve v naslednjih 8 urah.\t\t\t\t\t\t\t\t<\/div>\n\t\t\t\t\t<\/div>\n\t\t\t\t<\/div>\n\t\t\t\t<\/div>\n\t\t\t\t\t<\/details>\n\t\t\t\t\t\t<details id=\"e-n-accordion-item-6874\" class=\"e-n-accordion-item\" >\n\t\t\t\t<summary class=\"e-n-accordion-item-title\" data-accordion-index=\"5\" tabindex=\"-1\" aria-expanded=\"false\" aria-controls=\"e-n-accordion-item-6874\" >\n\t\t\t\t\t<span class='e-n-accordion-item-title-header'><div class=\"e-n-accordion-item-title-text\"> V\uff1a Kak\u0161en je garancijski rok za va\u0161e izdelke? <\/div><\/span>\n\t\t\t\t\t\t\t\t\t<\/summary>\n\t\t\t\t<div role=\"region\" aria-labelledby=\"e-n-accordion-item-6874\" class=\"elementor-element elementor-element-9d39525 e-con-full e-flex e-con e-child\" data-id=\"9d39525\" data-element_type=\"container\" data-settings=\"{&quot;background_background&quot;:&quot;classic&quot;}\">\n\t\t<div role=\"region\" aria-labelledby=\"e-n-accordion-item-6874\" class=\"elementor-element elementor-element-c4fcbc9 e-flex e-con-boxed e-con e-child\" data-id=\"c4fcbc9\" data-element_type=\"container\">\n\t\t\t\t\t<div class=\"e-con-inner\">\n\t\t\t\t<div class=\"elementor-element elementor-element-2bcd980 elementor-widget elementor-widget-text-editor\" data-id=\"2bcd980\" data-element_type=\"widget\" data-widget_type=\"text-editor.default\">\n\t\t\t\t\t\t\t\t\tO: Na\u0161a garancija velja 12 mesecev za proizvodne napake. Poleg tega nudimo brezpla\u010dno tehni\u010dno podporo za vse \u017eivljenje.\t\t\t\t\t\t\t\t<\/div>\n\t\t\t\t\t<\/div>\n\t\t\t\t<\/div>\n\t\t\t\t<\/div>\n\t\t\t\t\t<\/details>\n\t\t\t\t\t\t<details id=\"e-n-accordion-item-6875\" class=\"e-n-accordion-item\" >\n\t\t\t\t<summary class=\"e-n-accordion-item-title\" data-accordion-index=\"6\" tabindex=\"-1\" aria-expanded=\"false\" aria-controls=\"e-n-accordion-item-6875\" >\n\t\t\t\t\t<span class='e-n-accordion-item-title-header'><div class=\"e-n-accordion-item-title-text\"> V\uff1a Kak\u0161en je pri\u010dakovani \u010das dostave? <\/div><\/span>\n\t\t\t\t\t\t\t\t\t<\/summary>\n\t\t\t\t<div role=\"region\" aria-labelledby=\"e-n-accordion-item-6875\" class=\"elementor-element elementor-element-6a4f3ba e-con-full e-flex e-con e-child\" data-id=\"6a4f3ba\" data-element_type=\"container\" data-settings=\"{&quot;background_background&quot;:&quot;classic&quot;}\">\n\t\t<div role=\"region\" aria-labelledby=\"e-n-accordion-item-6875\" class=\"elementor-element elementor-element-223fedd e-flex e-con-boxed e-con e-child\" data-id=\"223fedd\" data-element_type=\"container\">\n\t\t\t\t\t<div class=\"e-con-inner\">\n\t\t\t\t<div class=\"elementor-element elementor-element-f061c38 elementor-widget elementor-widget-text-editor\" data-id=\"f061c38\" data-element_type=\"widget\" data-widget_type=\"text-editor.default\">\n\t\t\t\t\t\t\t\t\tO: Za standardne modele je dobavni rok 1-5 delovnih dni. Prilagojeni modeli obi\u010dajno potrebujejo pribli\u017eno 10-20 delovnih dni za dostavo.\t\t\t\t\t\t\t\t<\/div>\n\t\t\t\t\t<\/div>\n\t\t\t\t<\/div>\n\t\t\t\t<\/div>\n\t\t\t\t\t<\/details>\n\t\t\t\t\t\t<details id=\"e-n-accordion-item-6876\" class=\"e-n-accordion-item\" >\n\t\t\t\t<summary class=\"e-n-accordion-item-title\" data-accordion-index=\"7\" tabindex=\"-1\" aria-expanded=\"false\" aria-controls=\"e-n-accordion-item-6876\" >\n\t\t\t\t\t<span class='e-n-accordion-item-title-header'><div class=\"e-n-accordion-item-title-text\"> V\uff1a Ali lahko pred nakupom dobim predstavitev ali preizkus va\u0161ih testerjev materialov? <\/div><\/span>\n\t\t\t\t\t\t\t\t\t<\/summary>\n\t\t\t\t<div role=\"region\" aria-labelledby=\"e-n-accordion-item-6876\" class=\"elementor-element elementor-element-843548f e-con-full e-flex e-con e-child\" data-id=\"843548f\" data-element_type=\"container\" data-settings=\"{&quot;background_background&quot;:&quot;classic&quot;}\">\n\t\t<div role=\"region\" aria-labelledby=\"e-n-accordion-item-6876\" class=\"elementor-element elementor-element-553585d e-flex e-con-boxed e-con e-child\" data-id=\"553585d\" data-element_type=\"container\">\n\t\t\t\t\t<div class=\"e-con-inner\">\n\t\t\t\t<div class=\"elementor-element elementor-element-d26e1bf elementor-widget elementor-widget-text-editor\" data-id=\"d26e1bf\" data-element_type=\"widget\" data-widget_type=\"text-editor.default\">\n\t\t\t\t\t\t\t\t\t<div class=\"faq-item-name  active\">\u00a0<\/div><div class=\"faq-item-text\"><div class=\"text\"><p title=\"Da, za standardne enote zainteresiranim strankam ponujamo predstavitve in preizkuse. Za dogovor o seji se obrnite na na\u0161o prodajno ekipo.\">O: Da, za standardne enote zainteresiranim strankam ponujamo predstavitve in preizkuse. Za dogovor o seji se obrnite na na\u0161o prodajno ekipo.<\/p><\/div><\/div>\t\t\t\t\t\t\t\t<\/div>\n\t\t\t\t\t<\/div>\n\t\t\t\t<\/div>\n\t\t\t\t<\/div>\n\t\t\t\t\t<\/details>\n\t\t\t\t\t\t<details id=\"e-n-accordion-item-6877\" class=\"e-n-accordion-item\" >\n\t\t\t\t<summary class=\"e-n-accordion-item-title\" data-accordion-index=\"8\" tabindex=\"-1\" aria-expanded=\"false\" aria-controls=\"e-n-accordion-item-6877\" >\n\t\t\t\t\t<span class='e-n-accordion-item-title-header'><div class=\"e-n-accordion-item-title-text\"> V\uff1a Ali so rezervni deli za va\u0161e preizku\u0161evalnike materialov na voljo? <\/div><\/span>\n\t\t\t\t\t\t\t\t\t<\/summary>\n\t\t\t\t<div role=\"region\" aria-labelledby=\"e-n-accordion-item-6877\" class=\"elementor-element elementor-element-64b6735 e-con-full e-flex e-con e-child\" data-id=\"64b6735\" data-element_type=\"container\" data-settings=\"{&quot;background_background&quot;:&quot;classic&quot;}\">\n\t\t<div role=\"region\" aria-labelledby=\"e-n-accordion-item-6877\" class=\"elementor-element elementor-element-5f0cb7b e-flex e-con-boxed e-con e-child\" data-id=\"5f0cb7b\" data-element_type=\"container\">\n\t\t\t\t\t<div class=\"e-con-inner\">\n\t\t\t\t<div class=\"elementor-element elementor-element-a94f722 elementor-widget elementor-widget-text-editor\" data-id=\"a94f722\" data-element_type=\"widget\" data-widget_type=\"text-editor.default\">\n\t\t\t\t\t\t\t\t\t<p>O: Da, vzdr\u017eujemo zalogo najpogosteje potrebnih rezervnih delov. \u010ce potrebujete nadomestne ali dodatne dele, vam lahko pomaga na\u0161a slu\u017eba za podporo strankam.<\/p>\t\t\t\t\t\t\t\t<\/div>\n\t\t\t\t\t<\/div>\n\t\t\t\t<\/div>\n\t\t\t\t<\/div>\n\t\t\t\t\t<\/details>\n\t\t\t\t\t\t<details id=\"e-n-accordion-item-6878\" class=\"e-n-accordion-item\" >\n\t\t\t\t<summary class=\"e-n-accordion-item-title\" data-accordion-index=\"9\" tabindex=\"-1\" aria-expanded=\"false\" aria-controls=\"e-n-accordion-item-6878\" >\n\t\t\t\t\t<span class='e-n-accordion-item-title-header'><div class=\"e-n-accordion-item-title-text\"> V\uff1a Ali nudite usposabljanje za uporabo va\u0161ih testerjev materialov? <\/div><\/span>\n\t\t\t\t\t\t\t\t\t<\/summary>\n\t\t\t\t<div role=\"region\" aria-labelledby=\"e-n-accordion-item-6878\" class=\"elementor-element elementor-element-200ae5c e-con-full e-flex e-con e-child\" data-id=\"200ae5c\" data-element_type=\"container\" data-settings=\"{&quot;background_background&quot;:&quot;classic&quot;}\">\n\t\t<div role=\"region\" aria-labelledby=\"e-n-accordion-item-6878\" class=\"elementor-element elementor-element-7146203 e-flex e-con-boxed e-con e-child\" data-id=\"7146203\" data-element_type=\"container\">\n\t\t\t\t\t<div class=\"e-con-inner\">\n\t\t\t\t<div class=\"elementor-element elementor-element-370d79a elementor-widget elementor-widget-text-editor\" data-id=\"370d79a\" data-element_type=\"widget\" data-widget_type=\"text-editor.default\">\n\t\t\t\t\t\t\t\t\tO: Vsekakor. Ponujamo obse\u017ena usposabljanja v na\u0161em obratu ali prek spletnih platform, da bi zagotovili, da bodo uporabniki znali upravljati na\u0161o opremo.\t\t\t\t\t\t\t\t<\/div>\n\t\t\t\t\t<\/div>\n\t\t\t\t<\/div>\n\t\t\t\t<\/div>\n\t\t\t\t\t<\/details>\n\t\t\t\t\t\t<details id=\"e-n-accordion-item-6879\" class=\"e-n-accordion-item\" >\n\t\t\t\t<summary class=\"e-n-accordion-item-title\" data-accordion-index=\"10\" tabindex=\"-1\" aria-expanded=\"false\" aria-controls=\"e-n-accordion-item-6879\" >\n\t\t\t\t\t<span class='e-n-accordion-item-title-header'><div class=\"e-n-accordion-item-title-text\"> V\uff1a Ali je mogo\u010de va\u0161e testerje materialov prilagoditi posebnim zahtevam industrije? <\/div><\/span>\n\t\t\t\t\t\t\t\t\t<\/summary>\n\t\t\t\t<div role=\"region\" aria-labelledby=\"e-n-accordion-item-6879\" class=\"elementor-element elementor-element-03a5e87 e-con-full e-flex e-con e-child\" data-id=\"03a5e87\" data-element_type=\"container\" data-settings=\"{&quot;background_background&quot;:&quot;classic&quot;}\">\n\t\t<div role=\"region\" aria-labelledby=\"e-n-accordion-item-6879\" class=\"elementor-element elementor-element-67447d9 e-flex e-con-boxed e-con e-child\" data-id=\"67447d9\" data-element_type=\"container\">\n\t\t\t\t\t<div class=\"e-con-inner\">\n\t\t\t\t<div class=\"elementor-element elementor-element-bd8ab7b elementor-widget elementor-widget-text-editor\" data-id=\"bd8ab7b\" data-element_type=\"widget\" data-widget_type=\"text-editor.default\">\n\t\t\t\t\t\t\t\t\tO: Da, ponujamo mo\u017enosti prilagajanja, s katerimi lahko testerje prilagodimo posebnim potrebam industrije. Obrnite se na na\u0161o prodajno ekipo in se pogovorite o svojih zahtevah.\t\t\t\t\t\t\t\t<\/div>\n\t\t\t\t\t<\/div>\n\t\t\t\t<\/div>\n\t\t\t\t<\/div>\n\t\t\t\t\t<\/details>\n\t\t\t\t\t\t<details id=\"e-n-accordion-item-68710\" class=\"e-n-accordion-item\" >\n\t\t\t\t<summary class=\"e-n-accordion-item-title\" data-accordion-index=\"11\" tabindex=\"-1\" aria-expanded=\"false\" aria-controls=\"e-n-accordion-item-68710\" >\n\t\t\t\t\t<span class='e-n-accordion-item-title-header'><div class=\"e-n-accordion-item-title-text\"> V\uff1a Ali je za va\u0161e izdelke na voljo mednarodna dostava? <\/div><\/span>\n\t\t\t\t\t\t\t\t\t<\/summary>\n\t\t\t\t<div role=\"region\" aria-labelledby=\"e-n-accordion-item-68710\" class=\"elementor-element elementor-element-d34b8b6 e-con-full e-flex e-con e-child\" data-id=\"d34b8b6\" data-element_type=\"container\" data-settings=\"{&quot;background_background&quot;:&quot;classic&quot;}\">\n\t\t<div role=\"region\" aria-labelledby=\"e-n-accordion-item-68710\" class=\"elementor-element elementor-element-8402035 e-flex e-con-boxed e-con e-child\" data-id=\"8402035\" data-element_type=\"container\">\n\t\t\t\t\t<div class=\"e-con-inner\">\n\t\t\t\t<div class=\"elementor-element elementor-element-9fbdede elementor-widget elementor-widget-text-editor\" data-id=\"9fbdede\" data-element_type=\"widget\" data-widget_type=\"text-editor.default\">\n\t\t\t\t\t\t\t\t\tO: Da, za na\u0161e testerje materialov zagotavljamo mednarodno po\u0161iljanje. Na\u0161a logisti\u010dna ekipa zagotavlja varno in pravo\u010dasno dostavo strankam po vsem svetu na optimalne na\u010dine.\t\t\t\t\t\t\t\t<\/div>\n\t\t\t\t\t<\/div>\n\t\t\t\t<\/div>\n\t\t\t\t<\/div>\n\t\t\t\t\t<\/details>\n\t\t\t\t\t\t<details id=\"e-n-accordion-item-68711\" class=\"e-n-accordion-item\" >\n\t\t\t\t<summary class=\"e-n-accordion-item-title\" data-accordion-index=\"12\" tabindex=\"-1\" aria-expanded=\"false\" aria-controls=\"e-n-accordion-item-68711\" >\n\t\t\t\t\t<span class='e-n-accordion-item-title-header'><div class=\"e-n-accordion-item-title-text\"> V\uff1a Kako lahko stopim v stik z va\u0161o slu\u017ebo za pomo\u010d strankam? <\/div><\/span>\n\t\t\t\t\t\t\t\t\t<\/summary>\n\t\t\t\t<div role=\"region\" aria-labelledby=\"e-n-accordion-item-68711\" class=\"elementor-element elementor-element-7537239 e-con-full e-flex e-con e-child\" data-id=\"7537239\" data-element_type=\"container\" data-settings=\"{&quot;background_background&quot;:&quot;classic&quot;}\">\n\t\t<div role=\"region\" aria-labelledby=\"e-n-accordion-item-68711\" class=\"elementor-element elementor-element-c7e97e5 e-flex e-con-boxed e-con e-child\" data-id=\"c7e97e5\" data-element_type=\"container\">\n\t\t\t\t\t<div class=\"e-con-inner\">\n\t\t\t\t<div class=\"elementor-element elementor-element-5cb7c40 elementor-widget elementor-widget-text-editor\" data-id=\"5cb7c40\" data-element_type=\"widget\" data-widget_type=\"text-editor.default\">\n\t\t\t\t\t\t\t\t\t<p>O: Na\u0161o ekipo za podporo strankam lahko pokli\u010dete prek na\u0161e telefonske \u0161tevilke, e-po\u0161te ali z oddajo sporo\u010dila na na\u0161em spletnem mestu. Zavezani smo k hitri in u\u010dinkoviti storitvi za stranke.<\/p>\t\t\t\t\t\t\t\t<\/div>\n\t\t\t\t\t<\/div>\n\t\t\t\t<\/div>\n\t\t\t\t<\/div>\n\t\t\t\t\t<\/details>\n\t\t\t\t\t\t<details id=\"e-n-accordion-item-68712\" class=\"e-n-accordion-item\" >\n\t\t\t\t<summary class=\"e-n-accordion-item-title\" data-accordion-index=\"13\" tabindex=\"-1\" aria-expanded=\"false\" aria-controls=\"e-n-accordion-item-68712\" >\n\t\t\t\t\t<span class='e-n-accordion-item-title-header'><div class=\"e-n-accordion-item-title-text\"> V\uff1a Ali so va\u0161i preizku\u0161evalci materialov skladni z industrijskimi standardi in predpisi? <\/div><\/span>\n\t\t\t\t\t\t\t\t\t<\/summary>\n\t\t\t\t<div role=\"region\" aria-labelledby=\"e-n-accordion-item-68712\" class=\"elementor-element elementor-element-88a1322 e-con-full e-flex e-con e-child\" data-id=\"88a1322\" data-element_type=\"container\" data-settings=\"{&quot;background_background&quot;:&quot;classic&quot;}\">\n\t\t<div role=\"region\" aria-labelledby=\"e-n-accordion-item-68712\" class=\"elementor-element elementor-element-667c3c7 e-flex e-con-boxed e-con e-child\" data-id=\"667c3c7\" data-element_type=\"container\">\n\t\t\t\t\t<div class=\"e-con-inner\">\n\t\t\t\t<div class=\"elementor-element elementor-element-b93f6e3 elementor-widget elementor-widget-text-editor\" data-id=\"b93f6e3\" data-element_type=\"widget\" data-widget_type=\"text-editor.default\">\n\t\t\t\t\t\t\t\t\t<p>O: Da, na\u0161i preizku\u0161evalci materialov so zasnovani in izdelani v skladu z ustreznimi industrijskimi standardi in predpisi. Prednost dajemo kakovosti in upo\u0161tevanju smernic.<\/p>\t\t\t\t\t\t\t\t<\/div>\n\t\t\t\t\t<\/div>\n\t\t\t\t<\/div>\n\t\t\t\t<\/div>\n\t\t\t\t\t<\/details>\n\t\t\t\t\t<\/div>\n\t\t\t\t\t\t<\/div>\n\t\t\t\t\t<\/div>\n\t\t\t\t<\/div>\n\t\t\t\t<\/div>","protected":false},"excerpt":{"rendered":"<p>\u200b Q\uff1a Are you a manufacturer or a trading company? A: We are the manufacturer, specializing in material testing instruments for industries such as packaging, medical devices, pharmaceuticals, cosmetics, food, beverages, and adhesives. Our headquarters are located in Jinan City, Shandong, China. Q\uff1a Where can I purchase your material testers? A: We directly export our [&hellip;]<\/p>","protected":false},"author":1,"featured_media":0,"parent":0,"menu_order":0,"comment_status":"closed","ping_status":"closed","template":"","meta":{"_acf_changed":false,"footnotes":""},"class_list":["post-2080","page","type-page","status-publish","hentry"],"acf":[],"_links":{"self":[{"href":"https:\/\/www.materialstests.com\/sl\/wp-json\/wp\/v2\/pages\/2080","targetHints":{"allow":["GET"]}}],"collection":[{"href":"https:\/\/www.materialstests.com\/sl\/wp-json\/wp\/v2\/pages"}],"about":[{"href":"https:\/\/www.materialstests.com\/sl\/wp-json\/wp\/v2\/types\/page"}],"author":[{"embeddable":true,"href":"https:\/\/www.materialstests.com\/sl\/wp-json\/wp\/v2\/users\/1"}],"replies":[{"embeddable":true,"href":"https:\/\/www.materialstests.com\/sl\/wp-json\/wp\/v2\/comments?post=2080"}],"version-history":[{"count":0,"href":"https:\/\/www.materialstests.com\/sl\/wp-json\/wp\/v2\/pages\/2080\/revisions"}],"wp:attachment":[{"href":"https:\/\/www.materialstests.com\/sl\/wp-json\/wp\/v2\/media?parent=2080"}],"curies":[{"name":"wp","href":"https:\/\/api.w.org\/{rel}","templated":true}]}}