{"id":2078,"date":"2026-01-26T05:37:06","date_gmt":"2026-01-26T05:37:06","guid":{"rendered":"https:\/\/www.materialstests.com\/?page_id=2078"},"modified":"2026-01-26T13:22:09","modified_gmt":"2026-01-26T13:22:09","slug":"contact-us","status":"publish","type":"page","link":"https:\/\/www.materialstests.com\/sl\/contact-us.html","title":{"rendered":"Pi\u0161ite nam"},"content":{"rendered":"<div data-elementor-type=\"wp-page\" data-elementor-id=\"2078\" class=\"elementor elementor-2078\" data-elementor-post-type=\"page\">\n\t\t\t\t<div class=\"elementor-element elementor-element-857c6e4 e-flex e-con-boxed e-con e-parent\" data-id=\"857c6e4\" data-element_type=\"container\" data-settings=\"{&quot;background_background&quot;:&quot;classic&quot;}\">\n\t\t\t\t\t<div class=\"e-con-inner\">\n\t\t\t\t<div class=\"elementor-element elementor-element-18c6c37 elementor-widget elementor-widget-heading\" data-id=\"18c6c37\" data-element_type=\"widget\" data-widget_type=\"heading.default\">\n\t\t\t\t\t<div class=\"elementor-heading-title elementor-size-default\"><nav aria-label=\"drobtine\" class=\"rank-math-breadcrumb\"><p><a href=\"https:\/\/www.materialstests.com\/sl\/\">Domov<\/a><span class=\"separator\"> \u00bb <\/span><span class=\"last\">Domov<\/span><\/p><\/nav>\u200b<\/div>\t\t\t\t<\/div>\n\t\t\t\t\t<\/div>\n\t\t\t\t<\/div>\n\t\t<div class=\"elementor-element elementor-element-a267ca2 e-flex e-con-boxed e-con e-parent\" data-id=\"a267ca2\" data-element_type=\"container\">\n\t\t\t\t\t<div class=\"e-con-inner\">\n\t\t\t\t<div class=\"elementor-element elementor-element-cae2fd3 elementor-widget elementor-widget-text-editor\" data-id=\"cae2fd3\" data-element_type=\"widget\" data-widget_type=\"text-editor.default\">\n\t\t\t\t\t\t\t\t\t<p><strong>Cell Instruments Co., Ltd.<\/strong><\/p><p><strong>Telefon<\/strong>: +86 531 88977152<\/p><p><strong>Mobilni telefon<\/strong>: +86 18560013985<\/p><p><strong>Po\u0161ta<\/strong>: trade@celtec.cn<\/p><p><strong>WhatsApp<\/strong>: +86 18560013985<\/p><p><strong>WeChat<\/strong>: +86 18560013985<\/p><p><strong>Naslov<\/strong>: 5577 Gongyebei Rd, Licheng District, Jinan, 250109, Shandong, Kitajska<\/p><p>\u010ce \u017eelite ve\u010d informacij o tem izdelku, se obrnite na nas. Priporo\u010damo vam tudi druge priljubljene izdelke:\u00a0 <a class=\"aahaf6o\" title=\"Tester debeline papirja in kartona\" href=\"https:\/\/www.materialstests.com\/sl\/paper-board-tester.html\/\">Tester debeline papirja in kartona<\/a>,\u00a0<a class=\"aahaf6o\" title=\"Testiranje lepljivosti\" href=\"https:\/\/www.materialstests.com\/sl\/adhesiveness-tester.html\/\">Testiranje lepljivosti<\/a>,\u00a0<a class=\"aahaf6o\" title=\"Tester toplotnega gradienta\" href=\"https:\/\/www.materialstests.com\/sl\/products\/ghs-01-gradient-heat-seal-tester.html\/\">Tester toplotnega gradienta<\/a>,\u00a0<a class=\"aahaf6o\" title=\"tester za toplotno kr\u010denje filma\" href=\"https:\/\/www.materialstests.com\/sl\/shrink-tester.html\/\">tester za toplotno kr\u010denje filma<\/a>,\u00a0<a class=\"aahaf6o\" title=\"Tester vzdr\u017eljivosti Flex\" href=\"https:\/\/www.materialstests.com\/sl\/flex-durability-tester.html\/\">Tester vzdr\u017eljivosti Flex<\/a>,\u00a0<a class=\"aahaf6o\" title=\"Gradientni toplotni tesnilni tester\" href=\"https:\/\/www.materialstests.com\/sl\/gradient-heat-seal-tester.html\/\">Gradientni toplotni tesnilni tester<\/a>,\u00a0<a class=\"aahaf6o\" title=\"Tester za lu\u0161\u010denje\" href=\"https:\/\/www.materialstests.com\/sl\/products\/spc-01-stretch-film-peeling-cling-tester.html\/\">Tester za lu\u0161\u010denje<\/a>,\u00a0<a class=\"aahaf6o\" title=\"Tester za mo\u010d dr\u017eanja\" href=\"https:\/\/www.materialstests.com\/sl\/holding-power-tester.html\/\">Tester za mo\u010d dr\u017eanja<\/a>,\u00a0<a class=\"aahaf6o\" title=\"kitajski tester za toplotno tesnjenje\" href=\"https:\/\/www.materialstests.com\/sl\/productstags\/china-heat-sealing-tester-factory.html\/\">kitajski tester za toplotno tesnjenje<\/a>,\u00a0<a class=\"aahaf6o\" title=\"Storitve preizku\u0161evalnika karbonizacije\" href=\"https:\/\/www.materialstests.com\/sl\/products\/clrt-01-carbon-dioxide-volume-tester.html\/\">Storitve preizku\u0161evalnika karbonizacije<\/a>,\u00a0<a class=\"aahaf6o\" title=\"Storitve preizku\u0161evalnika kr\u010denja\" href=\"https:\/\/www.materialstests.com\/sl\/shrink-tester.html\/\">Storitve preizku\u0161evalnika kr\u010denja<\/a>,\u00a0<a class=\"aahaf6o\" title=\"Tester trajnosti Flex Kitajska\" href=\"https:\/\/www.materialstests.com\/sl\/products\/gft-01-flex-durability-tester.html\/\">Tester trajnosti Flex Kitajska<\/a>,\u00a0<a class=\"aahaf6o\" title=\"Storitve preizku\u0161evalnika trajnosti Flex\" href=\"https:\/\/www.materialstests.com\/sl\/products\/gft-01-flex-durability-tester.html\/\">Storitve preizku\u0161evalnika trajnosti Flex<\/a>,\u00a0<a class=\"aahaf6o\" title=\"Film brez kr\u010denja Tester Kitajska\" href=\"https:\/\/www.materialstests.com\/sl\/shrink-tester.html\/\">Film brez kr\u010denja Tester Kitajska<\/a>,\u00a0<a class=\"aahaf6o\" title=\"Gradientni toplotni tesnilni tester Kitajska\" href=\"https:\/\/www.materialstests.com\/sl\/gradient-heat-seal-tester.html\/\">Gradientni toplotni tesnilni tester Kitajska<\/a>,\u00a0<a class=\"aahaf6o\" title=\"Storitve testerja gradientnega toplotnega tesnjenja\" href=\"https:\/\/www.materialstests.com\/sl\/gradient-heat-seal-tester.html\/\">Storitve testerja gradientnega toplotnega tesnjenja<\/a>,\u00a0<a class=\"aahaf6o\" title=\"Tester lepljenja za lu\u0161\u010denje Kitajska\" href=\"https:\/\/www.materialstests.com\/sl\/peeling-cling-tester.html\/\">Tester lepljenja za lu\u0161\u010denje Kitajska<\/a>,\u00a0<a class=\"aahaf6o\" title=\"Storitve testerja za lu\u0161\u010denje\" href=\"https:\/\/www.materialstests.com\/sl\/products\/spc-01-stretch-film-peeling-cling-tester.html\/\">Storitve testerja za lu\u0161\u010denje<\/a>,\u00a0<a class=\"aahaf6o\" title=\"tester za lu\u0161\u010denje posode\" href=\"https:\/\/www.materialstests.com\/sl\/productstags\/container-peeling-tester.html\/\">tester za lu\u0161\u010denje posode<\/a>,\u00a0<a class=\"aahaf6o\" title=\"Tester zabojnikov\" href=\"https:\/\/www.materialstests.com\/sl\/container-tester.html\/\">Tester zabojnikov<\/a><\/p>\t\t\t\t\t\t\t\t<\/div>\n\t\t\t\t\t<\/div>\n\t\t\t\t<\/div>\n\t\t\t\t<\/div>","protected":false},"excerpt":{"rendered":"<p>\u200b Cell Instruments Co., Ltd. Telephone: +86 531 88977152 Cell phone: +86 18560013985 Mail: trade@celtec.cn WhatsApp: +86 18560013985 WeChat: +86 18560013985 Address: No. 5577 Gongyebei Rd, Licheng District, Jinan, 250109, Shandong, China If you would like more information about this product, please feel free to contact us. Recommend other popular products for you:\u00a0 Paper and [&hellip;]<\/p>","protected":false},"author":1,"featured_media":0,"parent":0,"menu_order":0,"comment_status":"closed","ping_status":"closed","template":"","meta":{"_acf_changed":false,"footnotes":""},"class_list":["post-2078","page","type-page","status-publish","hentry"],"acf":[],"_links":{"self":[{"href":"https:\/\/www.materialstests.com\/sl\/wp-json\/wp\/v2\/pages\/2078","targetHints":{"allow":["GET"]}}],"collection":[{"href":"https:\/\/www.materialstests.com\/sl\/wp-json\/wp\/v2\/pages"}],"about":[{"href":"https:\/\/www.materialstests.com\/sl\/wp-json\/wp\/v2\/types\/page"}],"author":[{"embeddable":true,"href":"https:\/\/www.materialstests.com\/sl\/wp-json\/wp\/v2\/users\/1"}],"replies":[{"embeddable":true,"href":"https:\/\/www.materialstests.com\/sl\/wp-json\/wp\/v2\/comments?post=2078"}],"version-history":[{"count":0,"href":"https:\/\/www.materialstests.com\/sl\/wp-json\/wp\/v2\/pages\/2078\/revisions"}],"wp:attachment":[{"href":"https:\/\/www.materialstests.com\/sl\/wp-json\/wp\/v2\/media?parent=2078"}],"curies":[{"name":"wp","href":"https:\/\/api.w.org\/{rel}","templated":true}]}}