{"id":2020,"date":"2026-01-26T03:32:25","date_gmt":"2026-01-26T03:32:25","guid":{"rendered":"https:\/\/www.materialstests.com\/?page_id=2020"},"modified":"2026-01-26T13:06:21","modified_gmt":"2026-01-26T13:06:21","slug":"about-us","status":"publish","type":"page","link":"https:\/\/www.materialstests.com\/sl\/about-us.html","title":{"rendered":"O nas"},"content":{"rendered":"<div data-elementor-type=\"wp-page\" data-elementor-id=\"2020\" class=\"elementor elementor-2020\" data-elementor-post-type=\"page\">\n\t\t\t\t<div class=\"elementor-element elementor-element-c1e7c03 e-flex e-con-boxed e-con e-parent\" data-id=\"c1e7c03\" data-element_type=\"container\" data-settings=\"{&quot;background_background&quot;:&quot;classic&quot;}\">\n\t\t\t\t\t<div class=\"e-con-inner\">\n\t\t\t\t<div class=\"elementor-element elementor-element-8fd22e0 elementor-widget elementor-widget-heading\" data-id=\"8fd22e0\" data-element_type=\"widget\" data-widget_type=\"heading.default\">\n\t\t\t\t\t<div class=\"elementor-heading-title elementor-size-default\"><nav aria-label=\"drobtine\" class=\"rank-math-breadcrumb\"><p><a href=\"https:\/\/www.materialstests.com\/sl\/\">Domov<\/a><span class=\"separator\"> \u00bb <\/span><span class=\"last\">Domov<\/span><\/p><\/nav>\u200b<\/div>\t\t\t\t<\/div>\n\t\t\t\t\t<\/div>\n\t\t\t\t<\/div>\n\t\t<div class=\"elementor-element elementor-element-f608734 e-flex e-con-boxed e-con e-parent\" data-id=\"f608734\" data-element_type=\"container\">\n\t\t\t\t\t<div class=\"e-con-inner\">\n\t\t\t\t<div class=\"elementor-element elementor-element-58cb6ea elementor-widget elementor-widget-text-editor\" data-id=\"58cb6ea\" data-element_type=\"widget\" data-widget_type=\"text-editor.default\">\n\t\t\t\t\t\t\t\t\t<p>Od svoje uradne ustanovitve leta 2014 se Cell Instruments hitro vzpenja na podro\u010dju razvoja izdelkov in inovacij, kar pomeni pomembno poglavje v njegovi dinami\u010dni zgodovini. Na\u0161a zavezanost k odli\u010dnosti nas je spodbudila k doseganju mejnikov na podro\u010dju opreme za presku\u0161anje materialov, saj se pona\u0161amo z obse\u017enimi linijami, ki zajemajo presku\u0161anje embala\u017enih materialov, presku\u0161anje medicinskih materialov, presku\u0161anje \u017eivil, farmacevtsko presku\u0161anje, presku\u0161anje lepljivosti, presku\u0161anje papirja in kartona ter celo prilagajanje na zahtevo. Te najsodobnej\u0161e re\u0161itve se vsestransko uporabljajo v razli\u010dnih panogah, vklju\u010dno z embala\u017eo, hrano, farmacevtskimi izdelki, medicino, kozmetiko, pija\u010dami, univerzami, in\u0161pekcijo, lepljivostjo in tekstilom.<\/p>\t\t\t\t\t\t\t\t<\/div>\n\t\t\t\t<div class=\"elementor-element elementor-element-c7d07e9 elementor-widget elementor-widget-image\" data-id=\"c7d07e9\" data-element_type=\"widget\" data-widget_type=\"image.default\">\n\t\t\t\t\t\t\t\t\t\t\t\t\t\t\t<img fetchpriority=\"high\" decoding=\"async\" width=\"800\" height=\"400\" src=\"https:\/\/www.materialstests.com\/wp-content\/uploads\/2026\/01\/bc800e5326c92bfcd7f943355926093a.jpg\" class=\"attachment-large size-large wp-image-2238\" alt=\"Proizvajalec opreme za testiranje pu\u0161\u010danja - O NAS\" srcset=\"https:\/\/www.materialstests.com\/wp-content\/uploads\/2026\/01\/bc800e5326c92bfcd7f943355926093a.jpg 800w, https:\/\/www.materialstests.com\/wp-content\/uploads\/2026\/01\/bc800e5326c92bfcd7f943355926093a-300x150.jpg 300w, https:\/\/www.materialstests.com\/wp-content\/uploads\/2026\/01\/bc800e5326c92bfcd7f943355926093a-768x384.jpg 768w, https:\/\/www.materialstests.com\/wp-content\/uploads\/2026\/01\/bc800e5326c92bfcd7f943355926093a-18x9.jpg 18w\" sizes=\"(max-width: 800px) 100vw, 800px\" \/>\t\t\t\t\t\t\t\t\t\t\t\t\t\t\t<\/div>\n\t\t\t\t<div class=\"elementor-element elementor-element-127095f elementor-widget elementor-widget-text-editor\" data-id=\"127095f\" data-element_type=\"widget\" data-widget_type=\"text-editor.default\">\n\t\t\t\t\t\t\t\t\t<p>Na\u0161 globalni odtis se je mo\u010dno raz\u0161iril, saj je dosegel in vplival na ve\u010d kot 70 dr\u017eav in regij. Na\u0161e poslanstvo v dru\u017ebi Cell Instruments presega zgolj zagotavljanje testnih re\u0161itev, temve\u010d se vrti okoli oblikovanja pokrajine nadzora kakovosti ter raziskav in razvoja pri strankah. Na\u0161e poslanstvo je, da bi bili prepoznani kot sestavna enota \u2018celice\u2019 v teh procesih, ki uporabnikom po vsem svetu ponuja konkuren\u010dne in zaupanja vredne re\u0161itve.<\/p><p>Kot pionirska sila v industriji ostaja Cell Instruments in\u017eenirsko usmerjena organizacija z neomajno zavezanostjo standardom. Ker dajemo prednost odli\u010dnosti, smo aktivno razvijali modele instrumentov, prilagojene posebnim potrebam na\u0161ih strank, hkrati pa zagotavljamo skladnost z industrijskimi standardi. Ti instrumenti slu\u017eijo kot neprecenljiva orodja za re\u0161evanje problemov, ki so brez te\u017eav vklju\u010deni v laboratorije strank, raziskovalne in razvojne centre, proizvodne obrate, predavalnice in druge prostore. Na\u0161e tehni\u010dno ozadje zagotavlja kakovost izdelkov na\u0161ih strank in jim omogo\u010da, da se samozavestno gibljejo na mednarodnem trgu.<\/p>\t\t\t\t\t\t\t\t<\/div>\n\t\t\t\t<div class=\"elementor-element elementor-element-a0311d4 elementor-widget elementor-widget-image\" data-id=\"a0311d4\" data-element_type=\"widget\" data-widget_type=\"image.default\">\n\t\t\t\t\t\t\t\t\t\t\t\t\t\t\t<img decoding=\"async\" width=\"800\" height=\"400\" src=\"https:\/\/www.materialstests.com\/wp-content\/uploads\/2026\/01\/6f6c3ee6a57f3b5a064c916fc412fc69.jpg\" class=\"attachment-large size-large wp-image-2239\" alt=\"Proizvajalec opreme za testiranje pu\u0161\u010danja - O NAS\" srcset=\"https:\/\/www.materialstests.com\/wp-content\/uploads\/2026\/01\/6f6c3ee6a57f3b5a064c916fc412fc69.jpg 800w, https:\/\/www.materialstests.com\/wp-content\/uploads\/2026\/01\/6f6c3ee6a57f3b5a064c916fc412fc69-300x150.jpg 300w, https:\/\/www.materialstests.com\/wp-content\/uploads\/2026\/01\/6f6c3ee6a57f3b5a064c916fc412fc69-768x384.jpg 768w, https:\/\/www.materialstests.com\/wp-content\/uploads\/2026\/01\/6f6c3ee6a57f3b5a064c916fc412fc69-18x9.jpg 18w\" sizes=\"(max-width: 800px) 100vw, 800px\" \/>\t\t\t\t\t\t\t\t\t\t\t\t\t\t\t<\/div>\n\t\t\t\t<div class=\"elementor-element elementor-element-5673870 elementor-widget elementor-widget-text-editor\" data-id=\"5673870\" data-element_type=\"widget\" data-widget_type=\"text-editor.default\">\n\t\t\t\t\t\t\t\t\t<p>Podjetje Cell Instruments se je uveljavilo ne le kot proizvajalec najsodobnej\u0161e opreme za presku\u0161anje, temve\u010d tudi kot strate\u0161ki partner za uspeh podjetij po vsem svetu. Na\u0161a predana ekipa, opremljena z razli\u010dnimi strokovnimi znanji, neutrudno sodeluje, da na\u0161e stranke ne bi prejele le izdelkov, temve\u010d celovite re\u0161itve, ki pove\u010dujejo njihovo u\u010dinkovitost, kakovost izdelkov in splo\u0161no konkuren\u010dnost.<\/p><p>Na\u0161 sede\u017e se nahaja v mestu Jinan, enem od glavnih industrijskih sredi\u0161\u010d na severu Kitajske, in je sredi\u0161\u010de na\u0161ega delovanja, saj predstavlja sti\u010di\u0161\u010de za raziskave, razvoj in pobude, usmerjene k strankam.<\/p><p>Na\u0161 uspeh sega prek meja, saj smo dejavno vklju\u010deni v mednarodno trgovino in svoje vrhunske re\u0161itve izva\u017eamo v \u0161tevilne dr\u017eave. Ta globalni doseg je dokaz na\u0161e vizije spodbujanja sodelovanja in izmenjave inovacij na svetovni ravni.<\/p><p>Na poti k odli\u010dnosti vas vabimo, da se nam pridru\u017eite pri oblikovanju prihodnosti nadzora kakovosti ter raziskav in razvoja na svetovni ravni.<\/p><p>\u010ce \u017eelite ve\u010d informacij o tem izdelku, se obrnite na nas. Priporo\u010damo vam tudi druge priljubljene izdelke:\u00a0<a class=\"aahaf6o\" title=\"Tester debeline papirja in kartona\" href=\"https:\/\/www.materialstests.com\/sl\/paper-board-tester.html\/\">Tester debeline papirja in kartona<\/a>,\u00a0<a class=\"aahaf6o\" title=\"Oprema za testiranje bruto pu\u0161\u010danja\" href=\"https:\/\/www.materialstests.com\/sl\/gross-leak-tester.html\/\">Oprema za testiranje bruto pu\u0161\u010danja<\/a>,\u00a0<a class=\"aahaf6o\" title=\" Tester za bruto pu\u0161\u010danje Testiranje opreme\" href=\"https:\/\/www.materialstests.com\/sl\/gross-leak-tester.html\/\">Tester za bruto pu\u0161\u010danje Testiranje opreme<\/a>,\u00a0<a class=\"aahaf6o\" title=\"Tester za bruto pu\u0161\u010danje Testiranje opreme\" href=\"https:\/\/www.materialstests.com\/sl\/gross-leak-tester.html\/\">Tester za bruto pu\u0161\u010danje Testiranje opreme<\/a>,\u00a0<a class=\"aahaf6o\" title=\"Proizvajalec gradientnega toplotnega tesnilnega testerja\" href=\"https:\/\/www.materialstests.com\/sl\/products\/ghs-01-gradient-heat-seal-tester.html\/\">Proizvajalec gradientnega toplotnega tesnilnega testerja<\/a>,\u00a0<a class=\"aahaf6o\" title=\"Laboratorijski tester za vro\u010de lepljenje\" href=\"https:\/\/www.materialstests.com\/sl\/products\/htt-02-hot-tack-tester.html\/\">Laboratorijski tester za vro\u010de lepljenje<\/a>,\u00a0<a class=\"aahaf6o\" title=\"Tester toplotnega gradienta\" href=\"https:\/\/www.materialstests.com\/sl\/products\/ghs-01-gradient-heat-seal-tester.html\/\">Tester toplotnega gradienta<\/a>,\u00a0<a class=\"aahaf6o\" title=\"tester za kr\u010denje brez filma\" href=\"https:\/\/www.materialstests.com\/sl\/shrink-tester.html\/\">tester za kr\u010denje brez filma<\/a>,\u00a0<a class=\"aahaf6o\" title=\"tester za toplotno kr\u010denje filma\" href=\"https:\/\/www.materialstests.com\/sl\/shrink-tester.html\/\">tester za toplotno kr\u010denje filma<\/a>,\u00a0<a class=\"aahaf6o\" title=\"Tester vzdr\u017eljivosti Flex\" href=\"https:\/\/www.materialstests.com\/sl\/flex-durability-tester.html\/\">Tester vzdr\u017eljivosti Flex<\/a>,\u00a0<a class=\"aahaf6o\" title=\"Gradientni toplotni tesnilni tester\" href=\"https:\/\/www.materialstests.com\/sl\/gradient-heat-seal-tester.html\/\">Gradientni toplotni tesnilni tester<\/a>,\u00a0<a class=\"aahaf6o\" title=\"Tester za lu\u0161\u010denje\" href=\"https:\/\/www.materialstests.com\/sl\/products\/spc-01-stretch-film-peeling-cling-tester.html\/\">Tester za lu\u0161\u010denje<\/a>,\u00a0<a class=\"aahaf6o\" title=\"Tester za mo\u010d dr\u017eanja\" href=\"https:\/\/www.materialstests.com\/sl\/holding-power-tester.html\/\">Tester za mo\u010d dr\u017eanja<\/a>,\u00a0<a class=\"aahaf6o\" title=\"Laboratorijski tester toplotnega tesnjenja\" href=\"https:\/\/www.materialstests.com\/sl\/products\/hst-01-heat-seal-tester.html\/\">Laboratorijski tester toplotnega tesnjenja<\/a>,\u00a0<a class=\"aahaf6o\" title=\"tester za lu\u0161\u010denje posode\" href=\"https:\/\/www.materialstests.com\/sl\/productstags\/container-peeling-tester.html\/\">tester za lu\u0161\u010denje posode<\/a>,\u00a0<a class=\"aahaf6o\" title=\"kitajski dobavitelji testerjev toplotnega tesnjenja\" href=\"https:\/\/www.materialstests.com\/sl\/heat-seal-tester.html\/\">kitajski dobavitelji testerjev toplotnega tesnjenja<\/a>,\u00a0<a class=\"aahaf6o\" title=\"kitajski tester za toplotno tesnjenje\" href=\"https:\/\/www.materialstests.com\/sl\/productstags\/china-heat-sealing-tester-factory.html\/\">kitajski tester za toplotno tesnjenje<\/a>,\u00a0<a class=\"aahaf6o\" title=\"Tovarne za testiranje toplotnega tesnjenja\" href=\"https:\/\/www.materialstests.com\/sl\/productstags\/heat-sealing-tester-factories.html\/\">Tovarne za testiranje toplotnega tesnjenja<\/a>,\u00a0<a class=\"aahaf6o\" title=\"Tovarne za testiranje toplotnega tesnjenja\" href=\"https:\/\/www.materialstests.com\/sl\/productstags\/heat-sealing-tester-factories.html\/\">Tovarne za testiranje toplotnega tesnjenja<\/a>,\u00a0<a class=\"aahaf6o\" title=\"Dobavitelj karbonizacijskega testerja\" href=\"https:\/\/www.materialstests.com\/sl\/products\/clrt-01-carbon-dioxide-volume-tester.html\/\">Dobavitelj karbonizacijskega testerja<\/a>,\u00a0<a class=\"aahaf6o\" title=\"Storitve preizku\u0161evalnika karbonizacije\" href=\"https:\/\/www.materialstests.com\/sl\/products\/clrt-01-carbon-dioxide-volume-tester.html\/\">Storitve preizku\u0161evalnika karbonizacije<\/a>,\u00a0<a class=\"aahaf6o\" title=\"Storitve preizku\u0161evalnika kr\u010denja\" href=\"https:\/\/www.materialstests.com\/sl\/shrink-tester.html\/\">Storitve preizku\u0161evalnika kr\u010denja<\/a>,\u00a0<a class=\"aahaf6o\" title=\"Dobavitelj testerja Ball Tack Tester\" href=\"https:\/\/www.materialstests.com\/sl\/products\/btt-01-ball-tack-tester.html\/\">Dobavitelj testerja Ball Tack Tester<\/a>,\u00a0<a class=\"aahaf6o\" title=\"Izvoz testerja Ball Tack Tester\" href=\"https:\/\/www.materialstests.com\/sl\/products\/btt-01-ball-tack-tester.html\/\">Izvoz testerja Ball Tack Tester<\/a>,\u00a0<a class=\"aahaf6o\" title=\"Proizvajalec Flex Tester trajnosti\" href=\"https:\/\/www.materialstests.com\/sl\/flex-durability-tester.html\/\">Proizvajalec Flex Tester trajnosti<\/a>,\u00a0<a class=\"aahaf6o\" title=\"Dobavitelj testerja trajnosti Flex\" href=\"https:\/\/www.materialstests.com\/sl\/flex-durability-tester.html\/\">Dobavitelj testerja trajnosti Flex<\/a>,\u00a0<a class=\"aahaf6o\" title=\"Flex Tester trajnosti izvoz\" href=\"https:\/\/www.materialstests.com\/sl\/flex-durability-tester.html\/\">Flex Tester trajnosti izvoz<\/a>,\u00a0<a class=\"aahaf6o\" title=\"Tester trajnosti Flex Kitajska\" href=\"https:\/\/www.materialstests.com\/sl\/products\/gft-01-flex-durability-tester.html\/\">Tester trajnosti Flex Kitajska<\/a>,\u00a0<a class=\"aahaf6o\" title=\"Storitve preizku\u0161evalnika trajnosti Flex\" href=\"https:\/\/www.materialstests.com\/sl\/products\/gft-01-flex-durability-tester.html\/\">Storitve preizku\u0161evalnika trajnosti Flex<\/a><\/p>\t\t\t\t\t\t\t\t<\/div>\n\t\t\t\t\t<\/div>\n\t\t\t\t<\/div>\n\t\t\t\t<\/div>","protected":false},"excerpt":{"rendered":"<p>\u200b Since its official establishment in 2014, Cell Instruments has rapidly ascended in product development and innovation, marking a significant chapter in its dynamic history. Our commitment to excellence has propelled us to achieve milestones in the field of material test equipment, boasting comprehensive lines that encompass Packaging Material Testing, Medical Material Testing, Food Testing, [&hellip;]<\/p>","protected":false},"author":1,"featured_media":0,"parent":0,"menu_order":0,"comment_status":"closed","ping_status":"closed","template":"","meta":{"_acf_changed":false,"footnotes":""},"class_list":["post-2020","page","type-page","status-publish","hentry"],"acf":[],"_links":{"self":[{"href":"https:\/\/www.materialstests.com\/sl\/wp-json\/wp\/v2\/pages\/2020","targetHints":{"allow":["GET"]}}],"collection":[{"href":"https:\/\/www.materialstests.com\/sl\/wp-json\/wp\/v2\/pages"}],"about":[{"href":"https:\/\/www.materialstests.com\/sl\/wp-json\/wp\/v2\/types\/page"}],"author":[{"embeddable":true,"href":"https:\/\/www.materialstests.com\/sl\/wp-json\/wp\/v2\/users\/1"}],"replies":[{"embeddable":true,"href":"https:\/\/www.materialstests.com\/sl\/wp-json\/wp\/v2\/comments?post=2020"}],"version-history":[{"count":0,"href":"https:\/\/www.materialstests.com\/sl\/wp-json\/wp\/v2\/pages\/2020\/revisions"}],"wp:attachment":[{"href":"https:\/\/www.materialstests.com\/sl\/wp-json\/wp\/v2\/media?parent=2020"}],"curies":[{"name":"wp","href":"https:\/\/api.w.org\/{rel}","templated":true}]}}