{"id":2080,"date":"2026-01-26T05:37:24","date_gmt":"2026-01-26T05:37:24","guid":{"rendered":"https:\/\/www.materialstests.com\/?page_id=2080"},"modified":"2026-01-26T13:36:05","modified_gmt":"2026-01-26T13:36:05","slug":"faq","status":"publish","type":"page","link":"https:\/\/www.materialstests.com\/sk\/faq.html","title":{"rendered":"\u010cASTO KLADEN\u00c9 OT\u00c1ZKY"},"content":{"rendered":"<div data-elementor-type=\"wp-page\" data-elementor-id=\"2080\" class=\"elementor elementor-2080\" data-elementor-post-type=\"page\">\n\t\t\t\t<div class=\"elementor-element elementor-element-968636c e-flex e-con-boxed e-con e-parent\" data-id=\"968636c\" data-element_type=\"container\" data-settings=\"{&quot;background_background&quot;:&quot;classic&quot;}\">\n\t\t\t\t\t<div class=\"e-con-inner\">\n\t\t\t\t<div class=\"elementor-element elementor-element-c11cda6 elementor-widget elementor-widget-heading\" data-id=\"c11cda6\" data-element_type=\"widget\" data-widget_type=\"heading.default\">\n\t\t\t\t\t<div class=\"elementor-heading-title elementor-size-default\"><nav aria-label=\"str\u00fahanka\" class=\"rank-math-breadcrumb\"><p><a href=\"https:\/\/www.materialstests.com\/sk\/\">Domov<\/a><span class=\"separator\"> \u00bb <\/span><span class=\"last\">Domov<\/span><\/p><\/nav>\u200b<\/div>\t\t\t\t<\/div>\n\t\t\t\t\t<\/div>\n\t\t\t\t<\/div>\n\t\t<div class=\"elementor-element elementor-element-dd484b9 e-flex e-con-boxed e-con e-parent\" data-id=\"dd484b9\" data-element_type=\"container\">\n\t\t\t\t\t<div class=\"e-con-inner\">\n\t\t\t\t<div class=\"elementor-element elementor-element-4188fa4 elementor-widget elementor-widget-n-accordion\" data-id=\"4188fa4\" data-element_type=\"widget\" data-settings=\"{&quot;default_state&quot;:&quot;all_collapsed&quot;,&quot;max_items_expended&quot;:&quot;multiple&quot;,&quot;n_accordion_animation_duration&quot;:{&quot;unit&quot;:&quot;ms&quot;,&quot;size&quot;:400,&quot;sizes&quot;:[]}}\" data-widget_type=\"nested-accordion.default\">\n\t\t\t\t\t\t\t<div class=\"e-n-accordion\" aria-label=\"Akorde\u00f3n. Odkazy otv\u00e1rajte kl\u00e1vesom Enter alebo Medzern\u00edk, zatv\u00e1rajte kl\u00e1vesom Escape a navigujte pomocou \u0161\u00edpok.\">\n\t\t\t\t\t\t<details id=\"e-n-accordion-item-6870\" class=\"e-n-accordion-item\" >\n\t\t\t\t<summary class=\"e-n-accordion-item-title\" data-accordion-index=\"1\" tabindex=\"0\" aria-expanded=\"false\" aria-controls=\"e-n-accordion-item-6870\" >\n\t\t\t\t\t<span class='e-n-accordion-item-title-header'><div class=\"e-n-accordion-item-title-text\"> Q\uff1a Ste v\u00fdrobca alebo obchodn\u00e1 spolo\u010dnos\u0165? <\/div><\/span>\n\t\t\t\t\t\t\t\t\t<\/summary>\n\t\t\t\t<div role=\"region\" aria-labelledby=\"e-n-accordion-item-6870\" class=\"elementor-element elementor-element-862560b e-con-full e-flex e-con e-child\" data-id=\"862560b\" data-element_type=\"container\" data-settings=\"{&quot;background_background&quot;:&quot;classic&quot;}\">\n\t\t<div role=\"region\" aria-labelledby=\"e-n-accordion-item-6870\" class=\"elementor-element elementor-element-76d5dfa e-flex e-con-boxed e-con e-child\" data-id=\"76d5dfa\" data-element_type=\"container\">\n\t\t\t\t\t<div class=\"e-con-inner\">\n\t\t\t\t<div class=\"elementor-element elementor-element-89c75be elementor-widget elementor-widget-text-editor\" data-id=\"89c75be\" data-element_type=\"widget\" data-widget_type=\"text-editor.default\">\n\t\t\t\t\t\t\t\t\t<p>Odpove\u010f: Sme v\u00fdrobca, ktor\u00fd sa \u0161pecializuje na pr\u00edstroje na testovanie materi\u00e1lov pre priemyseln\u00e9 odvetvia, ako s\u00fa obaly, zdravotn\u00edcke pom\u00f4cky, lie\u010div\u00e1, kozmetika, potraviny, n\u00e1poje a lepidl\u00e1. Na\u0161e \u00fastredie sa nach\u00e1dza v meste Jinan, Shandong, \u010c\u00edna.<\/p>\t\t\t\t\t\t\t\t<\/div>\n\t\t\t\t\t<\/div>\n\t\t\t\t<\/div>\n\t\t\t\t<\/div>\n\t\t\t\t\t<\/details>\n\t\t\t\t\t\t<details id=\"e-n-accordion-item-6871\" class=\"e-n-accordion-item\" >\n\t\t\t\t<summary class=\"e-n-accordion-item-title\" data-accordion-index=\"2\" tabindex=\"-1\" aria-expanded=\"false\" aria-controls=\"e-n-accordion-item-6871\" >\n\t\t\t\t\t<span class='e-n-accordion-item-title-header'><div class=\"e-n-accordion-item-title-text\"> Q\uff1a Kde si m\u00f4\u017eem zak\u00fapi\u0165 va\u0161e testery materi\u00e1lov? <\/div><\/span>\n\t\t\t\t\t\t\t\t\t<\/summary>\n\t\t\t\t<div role=\"region\" aria-labelledby=\"e-n-accordion-item-6871\" class=\"elementor-element elementor-element-d3f4d4c e-con-full e-flex e-con e-child\" data-id=\"d3f4d4c\" data-element_type=\"container\" data-settings=\"{&quot;background_background&quot;:&quot;classic&quot;}\">\n\t\t<div role=\"region\" aria-labelledby=\"e-n-accordion-item-6871\" class=\"elementor-element elementor-element-da44084 e-flex e-con-boxed e-con e-child\" data-id=\"da44084\" data-element_type=\"container\">\n\t\t\t\t\t<div class=\"e-con-inner\">\n\t\t\t\t<div class=\"elementor-element elementor-element-fac06b9 elementor-widget elementor-widget-text-editor\" data-id=\"fac06b9\" data-element_type=\"widget\" data-widget_type=\"text-editor.default\">\n\t\t\t\t\t\t\t\t\t<p>Odpove\u010f: Na\u0161e testery vyv\u00e1\u017eame priamo z \u010c\u00edny. Okrem toho m\u00e1me v niektor\u00fdch regi\u00f3noch miestnych z\u00e1stupcov, ktor\u00ed sa staraj\u00fa o predaj a poskytuj\u00fa podporu.<\/p>\t\t\t\t\t\t\t\t<\/div>\n\t\t\t\t\t<\/div>\n\t\t\t\t<\/div>\n\t\t\t\t<\/div>\n\t\t\t\t\t<\/details>\n\t\t\t\t\t\t<details id=\"e-n-accordion-item-6872\" class=\"e-n-accordion-item\" >\n\t\t\t\t<summary class=\"e-n-accordion-item-title\" data-accordion-index=\"3\" tabindex=\"-1\" aria-expanded=\"false\" aria-controls=\"e-n-accordion-item-6872\" >\n\t\t\t\t\t<span class='e-n-accordion-item-title-header'><div class=\"e-n-accordion-item-title-text\"> Q\uff1a Ako prebieha proces in\u0161tal\u00e1cie? <\/div><\/span>\n\t\t\t\t\t\t\t\t\t<\/summary>\n\t\t\t\t<div role=\"region\" aria-labelledby=\"e-n-accordion-item-6872\" class=\"elementor-element elementor-element-6d8cb15 e-con-full e-flex e-con e-child\" data-id=\"6d8cb15\" data-element_type=\"container\" data-settings=\"{&quot;background_background&quot;:&quot;classic&quot;}\">\n\t\t<div role=\"region\" aria-labelledby=\"e-n-accordion-item-6872\" class=\"elementor-element elementor-element-5b56bcd e-flex e-con-boxed e-con e-child\" data-id=\"5b56bcd\" data-element_type=\"container\">\n\t\t\t\t\t<div class=\"e-con-inner\">\n\t\t\t\t<div class=\"elementor-element elementor-element-f82ace7 elementor-widget elementor-widget-text-editor\" data-id=\"f82ace7\" data-element_type=\"widget\" data-widget_type=\"text-editor.default\">\n\t\t\t\t\t\t\t\t\tOdpove\u010f: Tester zvy\u010dajne dod\u00e1vame ako cel\u00fa jednotku a v n\u00e1vode na obsluhu n\u00e1jdete podrobn\u00e9 pokyny na in\u0161tal\u00e1ciu. Okrem toho pon\u00fakame bezplatn\u00fa online podporu pri in\u0161tal\u00e1cii a uveden\u00ed do prev\u00e1dzky.\t\t\t\t\t\t\t\t<\/div>\n\t\t\t\t\t<\/div>\n\t\t\t\t<\/div>\n\t\t\t\t<\/div>\n\t\t\t\t\t<\/details>\n\t\t\t\t\t\t<details id=\"e-n-accordion-item-6873\" class=\"e-n-accordion-item\" >\n\t\t\t\t<summary class=\"e-n-accordion-item-title\" data-accordion-index=\"4\" tabindex=\"-1\" aria-expanded=\"false\" aria-controls=\"e-n-accordion-item-6873\" >\n\t\t\t\t\t<span class='e-n-accordion-item-title-header'><div class=\"e-n-accordion-item-title-text\"> Q\uff1a Poskytujete popredajn\u00fd servis? <\/div><\/span>\n\t\t\t\t\t\t\t\t\t<\/summary>\n\t\t\t\t<div role=\"region\" aria-labelledby=\"e-n-accordion-item-6873\" class=\"elementor-element elementor-element-961bbe7 e-con-full e-flex e-con e-child\" data-id=\"961bbe7\" data-element_type=\"container\" data-settings=\"{&quot;background_background&quot;:&quot;classic&quot;}\">\n\t\t<div role=\"region\" aria-labelledby=\"e-n-accordion-item-6873\" class=\"elementor-element elementor-element-39e1cef e-flex e-con-boxed e-con e-child\" data-id=\"39e1cef\" data-element_type=\"container\">\n\t\t\t\t\t<div class=\"e-con-inner\">\n\t\t\t\t<div class=\"elementor-element elementor-element-3e7962b elementor-widget elementor-widget-text-editor\" data-id=\"3e7962b\" data-element_type=\"widget\" data-widget_type=\"text-editor.default\">\n\t\t\t\t\t\t\t\t\tOdpove\u010f: \u00c1no, ako v\u00fdrobca dok\u00e1\u017eeme \u013eahko identifikova\u0165 a usmerni\u0165 pou\u017e\u00edvate\u013eov pri rie\u0161en\u00ed ak\u00fdchko\u013evek probl\u00e9mov. Po prijat\u00ed popredajnej spr\u00e1vy reagujeme do jedn\u00e9ho pracovn\u00e9ho d\u0148a a rie\u0161enia poskytujeme do nasleduj\u00facich 8 hod\u00edn.\t\t\t\t\t\t\t\t<\/div>\n\t\t\t\t\t<\/div>\n\t\t\t\t<\/div>\n\t\t\t\t<\/div>\n\t\t\t\t\t<\/details>\n\t\t\t\t\t\t<details id=\"e-n-accordion-item-6874\" class=\"e-n-accordion-item\" >\n\t\t\t\t<summary class=\"e-n-accordion-item-title\" data-accordion-index=\"5\" tabindex=\"-1\" aria-expanded=\"false\" aria-controls=\"e-n-accordion-item-6874\" >\n\t\t\t\t\t<span class='e-n-accordion-item-title-header'><div class=\"e-n-accordion-item-title-text\"> Q\uff1a Ak\u00e1 je z\u00e1ru\u010dn\u00e1 doba na va\u0161e v\u00fdrobky? <\/div><\/span>\n\t\t\t\t\t\t\t\t\t<\/summary>\n\t\t\t\t<div role=\"region\" aria-labelledby=\"e-n-accordion-item-6874\" class=\"elementor-element elementor-element-9d39525 e-con-full e-flex e-con e-child\" data-id=\"9d39525\" data-element_type=\"container\" data-settings=\"{&quot;background_background&quot;:&quot;classic&quot;}\">\n\t\t<div role=\"region\" aria-labelledby=\"e-n-accordion-item-6874\" class=\"elementor-element elementor-element-c4fcbc9 e-flex e-con-boxed e-con e-child\" data-id=\"c4fcbc9\" data-element_type=\"container\">\n\t\t\t\t\t<div class=\"e-con-inner\">\n\t\t\t\t<div class=\"elementor-element elementor-element-2bcd980 elementor-widget elementor-widget-text-editor\" data-id=\"2bcd980\" data-element_type=\"widget\" data-widget_type=\"text-editor.default\">\n\t\t\t\t\t\t\t\t\tOdpove\u010f: Na\u0161a z\u00e1ruka sa vz\u0165ahuje na 12 mesiacov na v\u00fdrobn\u00e9 chyby. Okrem toho pon\u00fakame bezplatn\u00fa technick\u00fa podporu po\u010das cel\u00e9ho \u017eivota.\t\t\t\t\t\t\t\t<\/div>\n\t\t\t\t\t<\/div>\n\t\t\t\t<\/div>\n\t\t\t\t<\/div>\n\t\t\t\t\t<\/details>\n\t\t\t\t\t\t<details id=\"e-n-accordion-item-6875\" class=\"e-n-accordion-item\" >\n\t\t\t\t<summary class=\"e-n-accordion-item-title\" data-accordion-index=\"6\" tabindex=\"-1\" aria-expanded=\"false\" aria-controls=\"e-n-accordion-item-6875\" >\n\t\t\t\t\t<span class='e-n-accordion-item-title-header'><div class=\"e-n-accordion-item-title-text\"> Q\uff1a Ak\u00fd je predpokladan\u00fd \u010das dodania? <\/div><\/span>\n\t\t\t\t\t\t\t\t\t<\/summary>\n\t\t\t\t<div role=\"region\" aria-labelledby=\"e-n-accordion-item-6875\" class=\"elementor-element elementor-element-6a4f3ba e-con-full e-flex e-con e-child\" data-id=\"6a4f3ba\" data-element_type=\"container\" data-settings=\"{&quot;background_background&quot;:&quot;classic&quot;}\">\n\t\t<div role=\"region\" aria-labelledby=\"e-n-accordion-item-6875\" class=\"elementor-element elementor-element-223fedd e-flex e-con-boxed e-con e-child\" data-id=\"223fedd\" data-element_type=\"container\">\n\t\t\t\t\t<div class=\"e-con-inner\">\n\t\t\t\t<div class=\"elementor-element elementor-element-f061c38 elementor-widget elementor-widget-text-editor\" data-id=\"f061c38\" data-element_type=\"widget\" data-widget_type=\"text-editor.default\">\n\t\t\t\t\t\t\t\t\tOdpove\u010f: Pri \u0161tandardn\u00fdch modeloch je dodacia lehota 1-5 pracovn\u00fdch dn\u00ed. Dodanie modelov na mieru zvy\u010dajne trv\u00e1 pribli\u017ene 10-20 pracovn\u00fdch dn\u00ed.\t\t\t\t\t\t\t\t<\/div>\n\t\t\t\t\t<\/div>\n\t\t\t\t<\/div>\n\t\t\t\t<\/div>\n\t\t\t\t\t<\/details>\n\t\t\t\t\t\t<details id=\"e-n-accordion-item-6876\" class=\"e-n-accordion-item\" >\n\t\t\t\t<summary class=\"e-n-accordion-item-title\" data-accordion-index=\"7\" tabindex=\"-1\" aria-expanded=\"false\" aria-controls=\"e-n-accordion-item-6876\" >\n\t\t\t\t\t<span class='e-n-accordion-item-title-header'><div class=\"e-n-accordion-item-title-text\"> Q\uff1a M\u00f4\u017eem si pred zak\u00fapen\u00edm vysk\u00fa\u0161a\u0165 va\u0161e testery materi\u00e1lov? <\/div><\/span>\n\t\t\t\t\t\t\t\t\t<\/summary>\n\t\t\t\t<div role=\"region\" aria-labelledby=\"e-n-accordion-item-6876\" class=\"elementor-element elementor-element-843548f e-con-full e-flex e-con e-child\" data-id=\"843548f\" data-element_type=\"container\" data-settings=\"{&quot;background_background&quot;:&quot;classic&quot;}\">\n\t\t<div role=\"region\" aria-labelledby=\"e-n-accordion-item-6876\" class=\"elementor-element elementor-element-553585d e-flex e-con-boxed e-con e-child\" data-id=\"553585d\" data-element_type=\"container\">\n\t\t\t\t\t<div class=\"e-con-inner\">\n\t\t\t\t<div class=\"elementor-element elementor-element-d26e1bf elementor-widget elementor-widget-text-editor\" data-id=\"d26e1bf\" data-element_type=\"widget\" data-widget_type=\"text-editor.default\">\n\t\t\t\t\t\t\t\t\t<div class=\"faq-item-name  active\">\u00a0<\/div><div class=\"faq-item-text\"><div class=\"text\"><p title=\"\u00c1no, v pr\u00edpade \u0161tandardn\u00fdch jednotiek pon\u00fakame z\u00e1ujemcom uk\u00e1\u017eky a sk\u00fa\u0161obn\u00e9 testy. Kontaktujte n\u00e1\u0161 predajn\u00fd t\u00edm a dohodnite si term\u00edn.\">Odpove\u010f: \u00c1no, v pr\u00edpade \u0161tandardn\u00fdch jednotiek pon\u00fakame z\u00e1ujemcom predv\u00e1dzanie a sk\u00fa\u0161anie. Kontaktujte n\u00e1\u0161 predajn\u00fd t\u00edm a dohodnite si term\u00edn.<\/p><\/div><\/div>\t\t\t\t\t\t\t\t<\/div>\n\t\t\t\t\t<\/div>\n\t\t\t\t<\/div>\n\t\t\t\t<\/div>\n\t\t\t\t\t<\/details>\n\t\t\t\t\t\t<details id=\"e-n-accordion-item-6877\" class=\"e-n-accordion-item\" >\n\t\t\t\t<summary class=\"e-n-accordion-item-title\" data-accordion-index=\"8\" tabindex=\"-1\" aria-expanded=\"false\" aria-controls=\"e-n-accordion-item-6877\" >\n\t\t\t\t\t<span class='e-n-accordion-item-title-header'><div class=\"e-n-accordion-item-title-text\"> Q\uff1a S\u00fa pre va\u0161e testery materi\u00e1lov \u013eahko dostupn\u00e9 n\u00e1hradn\u00e9 diely? <\/div><\/span>\n\t\t\t\t\t\t\t\t\t<\/summary>\n\t\t\t\t<div role=\"region\" aria-labelledby=\"e-n-accordion-item-6877\" class=\"elementor-element elementor-element-64b6735 e-con-full e-flex e-con e-child\" data-id=\"64b6735\" data-element_type=\"container\" data-settings=\"{&quot;background_background&quot;:&quot;classic&quot;}\">\n\t\t<div role=\"region\" aria-labelledby=\"e-n-accordion-item-6877\" class=\"elementor-element elementor-element-5f0cb7b e-flex e-con-boxed e-con e-child\" data-id=\"5f0cb7b\" data-element_type=\"container\">\n\t\t\t\t\t<div class=\"e-con-inner\">\n\t\t\t\t<div class=\"elementor-element elementor-element-a94f722 elementor-widget elementor-widget-text-editor\" data-id=\"a94f722\" data-element_type=\"widget\" data-widget_type=\"text-editor.default\">\n\t\t\t\t\t\t\t\t\t<p>Odpove\u010f: \u00c1no, m\u00e1me z\u00e1sobu be\u017ene potrebn\u00fdch n\u00e1hradn\u00fdch dielov. V pr\u00edpade potreby n\u00e1hradn\u00fdch alebo \u010fal\u0161\u00edch dielov v\u00e1m pom\u00f4\u017ee n\u00e1\u0161 t\u00edm z\u00e1kazn\u00edckej podpory.<\/p>\t\t\t\t\t\t\t\t<\/div>\n\t\t\t\t\t<\/div>\n\t\t\t\t<\/div>\n\t\t\t\t<\/div>\n\t\t\t\t\t<\/details>\n\t\t\t\t\t\t<details id=\"e-n-accordion-item-6878\" class=\"e-n-accordion-item\" >\n\t\t\t\t<summary class=\"e-n-accordion-item-title\" data-accordion-index=\"9\" tabindex=\"-1\" aria-expanded=\"false\" aria-controls=\"e-n-accordion-item-6878\" >\n\t\t\t\t\t<span class='e-n-accordion-item-title-header'><div class=\"e-n-accordion-item-title-text\"> Q\uff1a Poskytujete \u0161kolenia na obsluhu va\u0161ich testerov materi\u00e1lov? <\/div><\/span>\n\t\t\t\t\t\t\t\t\t<\/summary>\n\t\t\t\t<div role=\"region\" aria-labelledby=\"e-n-accordion-item-6878\" class=\"elementor-element elementor-element-200ae5c e-con-full e-flex e-con e-child\" data-id=\"200ae5c\" data-element_type=\"container\" data-settings=\"{&quot;background_background&quot;:&quot;classic&quot;}\">\n\t\t<div role=\"region\" aria-labelledby=\"e-n-accordion-item-6878\" class=\"elementor-element elementor-element-7146203 e-flex e-con-boxed e-con e-child\" data-id=\"7146203\" data-element_type=\"container\">\n\t\t\t\t\t<div class=\"e-con-inner\">\n\t\t\t\t<div class=\"elementor-element elementor-element-370d79a elementor-widget elementor-widget-text-editor\" data-id=\"370d79a\" data-element_type=\"widget\" data-widget_type=\"text-editor.default\">\n\t\t\t\t\t\t\t\t\tOdpove\u010f: Ur\u010dite. Pon\u00fakame komplexn\u00e9 \u0161kolenia bu\u010f v na\u0161om zariaden\u00ed, alebo prostredn\u00edctvom online platforiem, aby sme zabezpe\u010dili, \u017ee pou\u017e\u00edvatelia bud\u00fa zru\u010dn\u00ed v obsluhe na\u0161ich zariaden\u00ed.\t\t\t\t\t\t\t\t<\/div>\n\t\t\t\t\t<\/div>\n\t\t\t\t<\/div>\n\t\t\t\t<\/div>\n\t\t\t\t\t<\/details>\n\t\t\t\t\t\t<details id=\"e-n-accordion-item-6879\" class=\"e-n-accordion-item\" >\n\t\t\t\t<summary class=\"e-n-accordion-item-title\" data-accordion-index=\"10\" tabindex=\"-1\" aria-expanded=\"false\" aria-controls=\"e-n-accordion-item-6879\" >\n\t\t\t\t\t<span class='e-n-accordion-item-title-header'><div class=\"e-n-accordion-item-title-text\"> Q\uff1a M\u00f4\u017eu by\u0165 va\u0161e testery materi\u00e1lov prisp\u00f4soben\u00e9 tak, aby sp\u013a\u0148ali \u0161pecifick\u00e9 po\u017eiadavky priemyslu? <\/div><\/span>\n\t\t\t\t\t\t\t\t\t<\/summary>\n\t\t\t\t<div role=\"region\" aria-labelledby=\"e-n-accordion-item-6879\" class=\"elementor-element elementor-element-03a5e87 e-con-full e-flex e-con e-child\" data-id=\"03a5e87\" data-element_type=\"container\" data-settings=\"{&quot;background_background&quot;:&quot;classic&quot;}\">\n\t\t<div role=\"region\" aria-labelledby=\"e-n-accordion-item-6879\" class=\"elementor-element elementor-element-67447d9 e-flex e-con-boxed e-con e-child\" data-id=\"67447d9\" data-element_type=\"container\">\n\t\t\t\t\t<div class=\"e-con-inner\">\n\t\t\t\t<div class=\"elementor-element elementor-element-bd8ab7b elementor-widget elementor-widget-text-editor\" data-id=\"bd8ab7b\" data-element_type=\"widget\" data-widget_type=\"text-editor.default\">\n\t\t\t\t\t\t\t\t\tOdpove\u010f: \u00c1no, pon\u00fakame mo\u017enosti prisp\u00f4sobenia, aby sme na\u0161e testery prisp\u00f4sobili konkr\u00e9tnym potreb\u00e1m odvetvia. Kontaktujte n\u00e1\u0161 predajn\u00fd t\u00edm a prediskutujte svoje po\u017eiadavky.\t\t\t\t\t\t\t\t<\/div>\n\t\t\t\t\t<\/div>\n\t\t\t\t<\/div>\n\t\t\t\t<\/div>\n\t\t\t\t\t<\/details>\n\t\t\t\t\t\t<details id=\"e-n-accordion-item-68710\" class=\"e-n-accordion-item\" >\n\t\t\t\t<summary class=\"e-n-accordion-item-title\" data-accordion-index=\"11\" tabindex=\"-1\" aria-expanded=\"false\" aria-controls=\"e-n-accordion-item-68710\" >\n\t\t\t\t\t<span class='e-n-accordion-item-title-header'><div class=\"e-n-accordion-item-title-text\"> Q\uff1a Je pre va\u0161e v\u00fdrobky k dispoz\u00edcii medzin\u00e1rodn\u00e1 doprava? <\/div><\/span>\n\t\t\t\t\t\t\t\t\t<\/summary>\n\t\t\t\t<div role=\"region\" aria-labelledby=\"e-n-accordion-item-68710\" class=\"elementor-element elementor-element-d34b8b6 e-con-full e-flex e-con e-child\" data-id=\"d34b8b6\" data-element_type=\"container\" data-settings=\"{&quot;background_background&quot;:&quot;classic&quot;}\">\n\t\t<div role=\"region\" aria-labelledby=\"e-n-accordion-item-68710\" class=\"elementor-element elementor-element-8402035 e-flex e-con-boxed e-con e-child\" data-id=\"8402035\" data-element_type=\"container\">\n\t\t\t\t\t<div class=\"e-con-inner\">\n\t\t\t\t<div class=\"elementor-element elementor-element-9fbdede elementor-widget elementor-widget-text-editor\" data-id=\"9fbdede\" data-element_type=\"widget\" data-widget_type=\"text-editor.default\">\n\t\t\t\t\t\t\t\t\tOdpove\u010f: \u00c1no, pre na\u0161e testery materi\u00e1lov poskytujeme medzin\u00e1rodn\u00fa prepravu. N\u00e1\u0161 logistick\u00fd t\u00edm zabezpe\u010duje bezpe\u010dn\u00e9 a v\u010dasn\u00e9 doru\u010denie z\u00e1kazn\u00edkom po celom svete optim\u00e1lnymi sp\u00f4sobmi.\t\t\t\t\t\t\t\t<\/div>\n\t\t\t\t\t<\/div>\n\t\t\t\t<\/div>\n\t\t\t\t<\/div>\n\t\t\t\t\t<\/details>\n\t\t\t\t\t\t<details id=\"e-n-accordion-item-68711\" class=\"e-n-accordion-item\" >\n\t\t\t\t<summary class=\"e-n-accordion-item-title\" data-accordion-index=\"12\" tabindex=\"-1\" aria-expanded=\"false\" aria-controls=\"e-n-accordion-item-68711\" >\n\t\t\t\t\t<span class='e-n-accordion-item-title-header'><div class=\"e-n-accordion-item-title-text\"> Q\uff1a Ako m\u00f4\u017eem kontaktova\u0165 v\u00e1\u0161 t\u00edm z\u00e1kazn\u00edckej podpory? <\/div><\/span>\n\t\t\t\t\t\t\t\t\t<\/summary>\n\t\t\t\t<div role=\"region\" aria-labelledby=\"e-n-accordion-item-68711\" class=\"elementor-element elementor-element-7537239 e-con-full e-flex e-con e-child\" data-id=\"7537239\" data-element_type=\"container\" data-settings=\"{&quot;background_background&quot;:&quot;classic&quot;}\">\n\t\t<div role=\"region\" aria-labelledby=\"e-n-accordion-item-68711\" class=\"elementor-element elementor-element-c7e97e5 e-flex e-con-boxed e-con e-child\" data-id=\"c7e97e5\" data-element_type=\"container\">\n\t\t\t\t\t<div class=\"e-con-inner\">\n\t\t\t\t<div class=\"elementor-element elementor-element-5cb7c40 elementor-widget elementor-widget-text-editor\" data-id=\"5cb7c40\" data-element_type=\"widget\" data-widget_type=\"text-editor.default\">\n\t\t\t\t\t\t\t\t\t<p>Odpove\u010f: N\u00e1\u0161 t\u00edm z\u00e1kazn\u00edckej podpory m\u00f4\u017eete kontaktova\u0165 prostredn\u00edctvom hor\u00facej linky, e-mailu alebo odoslan\u00edm spr\u00e1vy na na\u0161ej webovej str\u00e1nke. Sna\u017e\u00edme sa o r\u00fdchly a efekt\u00edvny z\u00e1kazn\u00edcky servis.<\/p>\t\t\t\t\t\t\t\t<\/div>\n\t\t\t\t\t<\/div>\n\t\t\t\t<\/div>\n\t\t\t\t<\/div>\n\t\t\t\t\t<\/details>\n\t\t\t\t\t\t<details id=\"e-n-accordion-item-68712\" class=\"e-n-accordion-item\" >\n\t\t\t\t<summary class=\"e-n-accordion-item-title\" data-accordion-index=\"13\" tabindex=\"-1\" aria-expanded=\"false\" aria-controls=\"e-n-accordion-item-68712\" >\n\t\t\t\t\t<span class='e-n-accordion-item-title-header'><div class=\"e-n-accordion-item-title-text\"> Q\uff1a S\u00fa va\u0161e testery materi\u00e1lov v s\u00falade s priemyseln\u00fdmi normami a predpismi? <\/div><\/span>\n\t\t\t\t\t\t\t\t\t<\/summary>\n\t\t\t\t<div role=\"region\" aria-labelledby=\"e-n-accordion-item-68712\" class=\"elementor-element elementor-element-88a1322 e-con-full e-flex e-con e-child\" data-id=\"88a1322\" data-element_type=\"container\" data-settings=\"{&quot;background_background&quot;:&quot;classic&quot;}\">\n\t\t<div role=\"region\" aria-labelledby=\"e-n-accordion-item-68712\" class=\"elementor-element elementor-element-667c3c7 e-flex e-con-boxed e-con e-child\" data-id=\"667c3c7\" data-element_type=\"container\">\n\t\t\t\t\t<div class=\"e-con-inner\">\n\t\t\t\t<div class=\"elementor-element elementor-element-b93f6e3 elementor-widget elementor-widget-text-editor\" data-id=\"b93f6e3\" data-element_type=\"widget\" data-widget_type=\"text-editor.default\">\n\t\t\t\t\t\t\t\t\t<p>Odpove\u010f: \u00c1no, na\u0161e testery materi\u00e1lov s\u00fa navrhnut\u00e9 a vyroben\u00e9 v s\u00falade s pr\u00edslu\u0161n\u00fdmi priemyseln\u00fdmi normami a predpismi. Prioritou je pre n\u00e1s kvalita a dodr\u017eiavanie smern\u00edc.<\/p>\t\t\t\t\t\t\t\t<\/div>\n\t\t\t\t\t<\/div>\n\t\t\t\t<\/div>\n\t\t\t\t<\/div>\n\t\t\t\t\t<\/details>\n\t\t\t\t\t<\/div>\n\t\t\t\t\t\t<\/div>\n\t\t\t\t\t<\/div>\n\t\t\t\t<\/div>\n\t\t\t\t<\/div>","protected":false},"excerpt":{"rendered":"<p>\u200b Q\uff1a Are you a manufacturer or a trading company? A: We are the manufacturer, specializing in material testing instruments for industries such as packaging, medical devices, pharmaceuticals, cosmetics, food, beverages, and adhesives. Our headquarters are located in Jinan City, Shandong, China. Q\uff1a Where can I purchase your material testers? A: We directly export our [&hellip;]<\/p>","protected":false},"author":1,"featured_media":0,"parent":0,"menu_order":0,"comment_status":"closed","ping_status":"closed","template":"","meta":{"_acf_changed":false,"footnotes":""},"class_list":["post-2080","page","type-page","status-publish","hentry"],"acf":[],"_links":{"self":[{"href":"https:\/\/www.materialstests.com\/sk\/wp-json\/wp\/v2\/pages\/2080","targetHints":{"allow":["GET"]}}],"collection":[{"href":"https:\/\/www.materialstests.com\/sk\/wp-json\/wp\/v2\/pages"}],"about":[{"href":"https:\/\/www.materialstests.com\/sk\/wp-json\/wp\/v2\/types\/page"}],"author":[{"embeddable":true,"href":"https:\/\/www.materialstests.com\/sk\/wp-json\/wp\/v2\/users\/1"}],"replies":[{"embeddable":true,"href":"https:\/\/www.materialstests.com\/sk\/wp-json\/wp\/v2\/comments?post=2080"}],"version-history":[{"count":0,"href":"https:\/\/www.materialstests.com\/sk\/wp-json\/wp\/v2\/pages\/2080\/revisions"}],"wp:attachment":[{"href":"https:\/\/www.materialstests.com\/sk\/wp-json\/wp\/v2\/media?parent=2080"}],"curies":[{"name":"wp","href":"https:\/\/api.w.org\/{rel}","templated":true}]}}