{"id":2076,"date":"2026-01-26T05:36:23","date_gmt":"2026-01-26T05:36:23","guid":{"rendered":"https:\/\/www.materialstests.com\/?page_id=2076"},"modified":"2026-01-26T13:07:58","modified_gmt":"2026-01-26T13:07:58","slug":"service-support","status":"publish","type":"page","link":"https:\/\/www.materialstests.com\/sk\/service-support.html","title":{"rendered":"Servisn\u00e1 podpora"},"content":{"rendered":"<div data-elementor-type=\"wp-page\" data-elementor-id=\"2076\" class=\"elementor elementor-2076\" data-elementor-post-type=\"page\">\n\t\t\t\t<div class=\"elementor-element elementor-element-0644825 e-flex e-con-boxed e-con e-parent\" data-id=\"0644825\" data-element_type=\"container\" data-settings=\"{&quot;background_background&quot;:&quot;classic&quot;}\">\n\t\t\t\t\t<div class=\"e-con-inner\">\n\t\t\t\t<div class=\"elementor-element elementor-element-9b508b5 elementor-widget elementor-widget-heading\" data-id=\"9b508b5\" data-element_type=\"widget\" data-widget_type=\"heading.default\">\n\t\t\t\t\t<div class=\"elementor-heading-title elementor-size-default\"><nav aria-label=\"str\u00fahanka\" class=\"rank-math-breadcrumb\"><p><a href=\"https:\/\/www.materialstests.com\/sk\/\">Domov<\/a><span class=\"separator\"> \u00bb <\/span><span class=\"last\">Domov<\/span><\/p><\/nav>\u200b<\/div>\t\t\t\t<\/div>\n\t\t\t\t\t<\/div>\n\t\t\t\t<\/div>\n\t\t<div class=\"elementor-element elementor-element-760817c e-flex e-con-boxed e-con e-parent\" data-id=\"760817c\" data-element_type=\"container\">\n\t\t\t\t\t<div class=\"e-con-inner\">\n\t\t\t\t<div class=\"elementor-element elementor-element-55a348f elementor-widget elementor-widget-text-editor\" data-id=\"55a348f\" data-element_type=\"widget\" data-widget_type=\"text-editor.default\">\n\t\t\t\t\t\t\t\t\t<p><strong>Z\u00e1sady prisp\u00f4sobenia:<\/strong><\/p><p>V spolo\u010dnosti Cell Instruments Co., Ltd., si uvedomujeme odli\u0161n\u00e9 a vyv\u00edjaj\u00face sa potreby na\u0161ej r\u00f4znorodej klientely v r\u00f4znych odvetviach. Na\u0161\u00edm z\u00e1v\u00e4zkom je pon\u00faka\u0165 individu\u00e1lne rie\u0161enia prostredn\u00edctvom komplexnej politiky prisp\u00f4sobovania, \u010d\u00edm zabezpe\u010dujeme, aby na\u0161e zariadenia na testovanie materi\u00e1lov sp\u013a\u0148ali va\u0161e \u0161pecifick\u00e9 a jedine\u010dn\u00e9 po\u017eiadavky. \u010ci u\u017e sa zameriavate na balenie, potraviny, lieky, medic\u00ednu, n\u00e1poje, lepenie, elektroniku alebo ak\u00e9ko\u013evek in\u00e9 odvetvie, na\u0161\u00edm cie\u013eom je poskytn\u00fa\u0165 v\u00e1m \u0161pi\u010dkov\u00e9 rie\u0161enia na testovanie materi\u00e1lov presne pod\u013ea va\u0161ich \u0161pecifik\u00e1ci\u00ed.<\/p><p><strong>Proces prisp\u00f4sobenia:<\/strong><\/p><p>1. \u00davodn\u00e1 konzult\u00e1cia:<\/p><p>- Diskusia a n\u00e1pady: Zapojte sa do v\u00fdmeny n\u00e1padov s na\u0161imi odborn\u00edkmi o testovacej met\u00f3de, norm\u00e1ch a \u0161pecifick\u00fdch po\u017eiadavk\u00e1ch.<\/p><p>- Hodnotenie materi\u00e1lu: Pos\u00fadenie typu, povahy a \u0161pecifik\u00e1ci\u00ed materi\u00e1lu s cie\u013eom ur\u010di\u0165, \u010di modifik\u00e1cia n\u00e1\u0161ho existuj\u00faceho testera|\u3001Testovanie plastov m\u00f4\u017ee splni\u0165 va\u0161e potreby.<\/p><p>2. Pr\u00edjem a \u00faprava vzorky:<\/p><p>- Hodnotenie: Po potvrden\u00ed, \u017ee \u00faprava s\u00fa\u010dasn\u00e9ho testera je uskuto\u010dnite\u013en\u00e1, dost\u00e1vame od z\u00e1kazn\u00edkov vzorky.<\/p><p>- Technick\u00e1 \u00faprava: N\u00e1\u0161 \u0161pecializovan\u00fd technick\u00fd t\u00edm zlo\u017een\u00fd z hardv\u00e9rov\u00fdch a softv\u00e9rov\u00fdch in\u017einierov starostlivo uprav\u00ed existuj\u00faci tester na z\u00e1klade prediskutovan\u00fdch technick\u00fdch detailov.<\/p><p>*OR*<\/p><p>- Nov\u00fd dizajn testera: Ak men\u0161ia \u00faprava nem\u00f4\u017ee splni\u0165 po\u017eiadavky na testovanie, n\u00e1\u0161 technick\u00fd t\u00edm navrhne nov\u00fd tester a pr\u00edslu\u0161n\u00fd program, \u010d\u00edm sa zabezpe\u010d\u00ed komplexn\u00e9 rie\u0161enie.<\/p><p>3. Testovanie v\u00fdkonu:<\/p><p>- Zabezpe\u010denie kvality: Ke\u010f je upraven\u00fd alebo nov\u00fd tester pripraven\u00fd, vykon\u00e1me d\u00f4kladn\u00e9 testovanie vzoriek, aby sme zabezpe\u010dili optim\u00e1lny v\u00fdkon.<\/p><p>4. Overovanie testov a interakcia:<\/p><p>- Test zdie\u013eania videa: Poskytujeme podrobn\u00e9 testovacie video, ktor\u00e9 ukazuje upraven\u00fd alebo novo navrhnut\u00fd tester v akcii.<\/p><p>- Pozv\u00e1nka na \u017eiv\u00fd test: Pr\u00edpadne s\u00fa z\u00e1kazn\u00edci pozvan\u00ed do n\u00e1\u0161ho zariadenia, aby sa z\u00fa\u010dastnili na \u017eivom teste, ktor\u00fd pon\u00faka priamu sk\u00fasenos\u0165 s mo\u017enos\u0165ami zariadenia.<\/p><p>5. Potvrdenie a odoslanie:<\/p><p>- Schv\u00e1lenie z\u00e1kazn\u00edkom: Po presk\u00faman\u00ed v\u00fdsledkov testov a vysk\u00fa\u0161an\u00ed v\u00fdkonu zariadenia z\u00e1kazn\u00edci potvrdia svoju spokojnos\u0165.<\/p><p>- Finaliz\u00e1cia: Po potvrden\u00ed prist\u00fapime k odoslaniu prisp\u00f4soben\u00e9ho testera, aby ste boli spokojn\u00ed s doru\u010den\u00edm.<\/p><p><strong>V\u00fdhody prisp\u00f4sobenia<\/strong><\/p><p>1. Rozsiahle sk\u00fasenosti v odvetv\u00ed:<\/p><p>- Odbornos\u0165 v r\u00f4znych odvetviach: V\u010faka dlhodob\u00e9mu p\u00f4sobeniu prin\u00e1\u0161ame bohat\u00e9 sk\u00fasenosti v r\u00f4znych odvetviach vr\u00e1tane balenia, potravin\u00e1rstva, farmaceutick\u00e9ho priemyslu, zdravotn\u00edctva, n\u00e1pojov, lepenia, elektroniky a \u010fal\u0161\u00edch.<\/p><p>- Hlbok\u00e9 znalosti odvetvia: Na\u0161i odborn\u00edci maj\u00fa hlbok\u00e9 znalosti o v\u00fdzvach a po\u017eiadavk\u00e1ch \u0161pecifick\u00fdch pre dan\u00e9 odvetvie.<\/p><p>2. \u0160irok\u00fd sortiment v\u00fdrobkov:<\/p><p>- Komplexn\u00e9 portf\u00f3lio produktov: Pon\u00fakame r\u00f4znorod\u00fd sortiment zariaden\u00ed na testovanie materi\u00e1lov, aby sme uspokojili r\u00f4zne potreby testovania v r\u00f4znych priemyseln\u00fdch odvetviach.<\/p><p>- V\u0161estrannos\u0165 rie\u0161en\u00ed: Na\u0161a \u0161irok\u00e1 \u0161k\u00e1la v\u00fdrobkov zaru\u010duje, \u017ee m\u00f4\u017eeme poskytn\u00fa\u0165 rie\u0161enia pre \u0161irok\u00fa \u0161k\u00e1lu testovac\u00edch aplik\u00e1ci\u00ed.<\/p><p>3. Odborn\u00e9 znalosti v oblasti automatiz\u00e1cie:<\/p><p>- Integr\u00e1cia automatiz\u00e1cie: Vyu\u017eite na\u0161e znalosti v oblasti automatiz\u00e1cie na zefekt\u00edvnenie testovac\u00edch procesov a zv\u00fd\u0161enie efektivity.<\/p><p>- Rie\u0161enia automatiz\u00e1cie na mieru: Na\u0161e sk\u00fasenosti n\u00e1m umo\u017e\u0148uj\u00fa prisp\u00f4sobi\u0165 automatizovan\u00e9 rie\u0161enia \u0161pecifick\u00fdm po\u017eiadavk\u00e1m odvetvia.<\/p><p>4. R\u00fdchla reakcia a obrat:<\/p><p>- Agiln\u00fd a citliv\u00fd t\u00edm: N\u00e1\u0161 \u0161pecializovan\u00fd t\u00edm zabezpe\u010duje r\u00fdchlu odozvu na ot\u00e1zky, \u010d\u00edm zaru\u010duje bezprobl\u00e9mov\u00fd a r\u00fdchly proces prisp\u00f4sobenia.<\/p><p>- Efekt\u00edvny obrat: Vyu\u017eite n\u00e1\u0161 z\u00e1v\u00e4zok dod\u00e1va\u0165 rie\u0161enia na mieru v primeranom \u010dasovom r\u00e1mci.<\/p><p>5. Cenov\u00e1 dostupnos\u0165:<\/p><p>- N\u00e1kladovo efekt\u00edvne rie\u0161enia: Prioritou je pre n\u00e1s poskytovanie cenovo dostupn\u00fdch mo\u017enost\u00ed prisp\u00f4sobenia bez kompromisov v kvalite.<\/p><p>- Hodnota invest\u00edcie: Na\u0161e n\u00e1kladovo efekt\u00edvne rie\u0161enia pon\u00fakaj\u00fa vynikaj\u00facu hodnotu a zabezpe\u010duj\u00fa pozit\u00edvnu n\u00e1vratnos\u0165 va\u0161ich invest\u00edci\u00ed.<\/p><p>6. Pochopenie testovac\u00edch noriem:<\/p><p>- S\u00falad s medzin\u00e1rodn\u00fdmi normami: Sme dobre obozn\u00e1men\u00ed s medzin\u00e1rodn\u00fdmi testovac\u00edmi normami, ako s\u00fa ASTM, ISO, GT, YBB, JIS, DIN, IEC a \u010fal\u0161ie.<\/p><p>- Presnos\u0165 pri testovan\u00ed: Dodr\u017eiavanie t\u00fdchto noriem zaru\u010duje presnos\u0165 a spo\u013eahlivos\u0165 na\u0161ich testovac\u00edch rie\u0161en\u00ed na mieru.<\/p><p>7. Dobr\u00e9 jazykov\u00e9 znalosti:<\/p><p>- Efekt\u00edvna komunik\u00e1cia: N\u00e1\u0161 t\u00edm m\u00e1 dobr\u00e9 jazykov\u00e9 znalosti, ktor\u00e9 u\u013eah\u010duj\u00fa jasn\u00fa a efekt\u00edvnu komunik\u00e1ciu po\u010das cel\u00e9ho procesu prisp\u00f4sobovania.<\/p><p><strong>Politika popredajn\u00e9ho servisu<\/strong><\/p><p>V spolo\u010dnosti Cell Instruments Co., Ltd. sa zav\u00e4zujeme poskytova\u0165 v\u00fdnimo\u010dn\u00fd popredajn\u00fd servis, aby sme zabezpe\u010dili spokojnos\u0165 a \u00faspech na\u0161ich v\u00e1\u017een\u00fdch z\u00e1kazn\u00edkov. V na\u0161ich z\u00e1sad\u00e1ch popredajn\u00e9ho servisu s\u00fa uveden\u00e9 z\u00e1sady a postupy, ktor\u00fdmi sa riadi n\u00e1\u0161 z\u00e1v\u00e4zok podporova\u0165 v\u00e1s po\u010das cel\u00e9ho \u017eivotn\u00e9ho cyklu v\u00fdrobku.<\/p><p>1. Z\u00e1ru\u010dn\u00e9 krytie:<\/p><p>- Na v\u0161etky produkty Cell Instruments sa vz\u0165ahuje \u0161tandardn\u00e1 z\u00e1ru\u010dn\u00e1 doba, zvy\u010dajne jeden rok. T\u00e1to z\u00e1ruka sa vz\u0165ahuje na v\u00fdrobn\u00e9 chyby a zaru\u010duje spr\u00e1vne fungovanie zariadenia po\u010das stanoven\u00e9ho obdobia.<\/p><p>2. Z\u00e1ru\u010dn\u00e9 n\u00e1roky:<\/p><p>- V pr\u00edpade z\u00e1ru\u010dnej reklam\u00e1cie je z\u00e1kazn\u00edk povinn\u00fd predlo\u017ei\u0165 doklad o k\u00fape a podrobn\u00fd opis probl\u00e9mu.<\/p><p>- N\u00e1\u0161 t\u00edm technickej podpory pos\u00fadi reklam\u00e1ciu a ur\u010d\u00ed, \u010di sa na probl\u00e9m vz\u0165ahuje z\u00e1ruka.<\/p><p>- Ak sa na ne vz\u0165ahuje poistenie, chybn\u00e9 diely alebo zariadenie okam\u017eite oprav\u00edme alebo vymen\u00edme.<\/p><p>3. Technick\u00e1 podpora:<\/p><p>- N\u00e1\u0161 \u0161pecializovan\u00fd t\u00edm technickej podpory je k dispoz\u00edcii na pomoc pri rie\u0161en\u00ed ak\u00fdchko\u013evek ot\u00e1zok alebo probl\u00e9mov, s ktor\u00fdmi sa m\u00f4\u017eete stretn\u00fa\u0165.<\/p><p>- Z\u00e1kazn\u00edci m\u00f4\u017eu kontaktova\u0165 na\u0161u technick\u00fa podporu prostredn\u00edctvom str\u00e1nky info@celtec.cn po\u010das pracovn\u00fdch hod\u00edn.<\/p><p>4. Slu\u017eby \u00fadr\u017eby a kalibr\u00e1cie:<\/p><p>- Odpor\u00fa\u010dame pravideln\u00fa \u00fadr\u017ebu na zabezpe\u010denie optim\u00e1lneho v\u00fdkonu. Z\u00e1kazn\u00edci si m\u00f4\u017eu napl\u00e1nova\u0165 servisn\u00e9 slu\u017eby u n\u00e1\u0161ho t\u00edmu.<\/p><p>- Na udr\u017eiavanie presnosti testovac\u00edch zariaden\u00ed s\u00fa k dispoz\u00edcii kalibra\u010dn\u00e9 slu\u017eby.<\/p><p>5. Dostupnos\u0165 n\u00e1hradn\u00fdch dielov:<\/p><p>- Udr\u017eiavame z\u00e1soby n\u00e1hradn\u00fdch dielov, aby sme u\u013eah\u010dili r\u00fdchlu v\u00fdmenu a minimalizovali prestoje.<\/p><p>- Z\u00e1kazn\u00edci si m\u00f4\u017eu zak\u00fapi\u0165 origin\u00e1lne n\u00e1hradn\u00e9 diely priamo od n\u00e1s, aby sa zabezpe\u010dila kompatibilita a v\u00fdkon.<\/p><p>6. \u0160kolenie z\u00e1kazn\u00edkov:<\/p><p>- Pre na\u0161ich z\u00e1kazn\u00edkov s\u00fa v\u017edy k dispoz\u00edcii online \u0161kolenia, ktor\u00e9 im umo\u017enia maximalizova\u0165 ich zru\u010dnos\u0165 pri pou\u017e\u00edvan\u00ed n\u00e1\u0161ho zariadenia.<\/p><p>- \u0160kolenie sa m\u00f4\u017ee uskuto\u010dni\u0165 priamo na mieste (n\u00e1klady bud\u00fa predmetom diskusie) alebo na dia\u013eku na z\u00e1klade preferenci\u00ed z\u00e1kazn\u00edka.<\/p><p>7. Sp\u00e4tn\u00e1 v\u00e4zba od z\u00e1kazn\u00edkov:<\/p><p>- Cen\u00edme si sp\u00e4tn\u00fa v\u00e4zbu od z\u00e1kazn\u00edkov, preto\u017ee n\u00e1m pom\u00e1ha zlep\u0161ova\u0165 na\u0161e produkty a slu\u017eby. Z\u00e1kazn\u00edkom odpor\u00fa\u010dame, aby poskytli sp\u00e4tn\u00fa v\u00e4zbu prostredn\u00edctvom n\u00e1\u0161ho kontaktn\u00e9ho formul\u00e1ra alebo e-mailom na info@celtec.cn .<\/p><p>8. Kontaktn\u00e9 inform\u00e1cie:<\/p><p>V pr\u00edpade ot\u00e1zok t\u00fdkaj\u00facich sa popredajn\u00e9ho servisu kontaktujte n\u00e1\u0161 t\u00edm z\u00e1kazn\u00edckej podpory na adrese info@celtec.cn alebo +86 18560013985.<\/p><p><strong>\u010cASTO KLADEN\u00c9 OT\u00c1ZKY<\/strong><\/p><p>Ot\u00e1zka: Ak\u00fd je typick\u00fd \u010das dodania v\u00fdrobkov Cell Instruments?<\/p><p>Odpove\u010f: Dodacie lehoty sa l\u00ed\u0161ia v z\u00e1vislosti od v\u00fdrobku a po\u017eiadaviek na prisp\u00f4sobenie. \u0160tandardn\u00e9 v\u00fdrobky sa zvy\u010dajne dod\u00e1vaj\u00fa do 5 pracovn\u00fdch dn\u00ed alebo sk\u00f4r.<\/p><p>Ot\u00e1zka: M\u00f4\u017eem ur\u00fdchli\u0165 doru\u010denie svojej objedn\u00e1vky?<\/p><p>Odpove\u010f: \u00c1no, k dispoz\u00edcii s\u00fa mo\u017enosti zr\u00fdchlenej prepravy. Kontaktujte n\u00e1\u0161 predajn\u00fd t\u00edm a prediskutujte svoje \u0161pecifick\u00e9 po\u017eiadavky a dodacie lehoty.<\/p><p>Ot\u00e1zka: Ak\u00e9 sp\u00f4soby platby akceptujete?<\/p><p>Odpove\u010f: Be\u017ene prij\u00edmame platby bankov\u00fdm prevodom.<\/p><p>Ot\u00e1zka: Existuj\u00fa nejak\u00e9 dodato\u010dn\u00e9 poplatky za pou\u017e\u00edvanie ur\u010dit\u00fdch sp\u00f4sobov platby?<\/p><p>Odpove\u010f: Na\u0161e \u0161tandardn\u00e9 sp\u00f4soby platby nie s\u00fa spoplatnen\u00e9. Bankov\u00e9 prevody v\u0161ak m\u00f4\u017eu podlieha\u0165 bankov\u00fdm poplatkom.<\/p><p>Ot\u00e1zka: Ako s\u00fa v\u00fdrobky balen\u00e9 na prepravu?<\/p><p>Odpove\u010f: Na\u0161e v\u00fdrobky s\u00fa bezpe\u010dne zabalen\u00e9, aby sa zabezpe\u010dila bezpe\u010dn\u00e1 preprava. Na ochranu zariaden\u00ed po\u010das prepravy pou\u017e\u00edvame obalov\u00e9 materi\u00e1ly proti n\u00e1razom a preglejkov\u00e9 kart\u00f3ny alebo kart\u00f3ny z lepenky.<\/p><p>Ot\u00e1zka: Poskytujete inform\u00e1cie o sledovan\u00ed odoslan\u00fdch objedn\u00e1vok?<\/p><p>Odpove\u010f: \u00c1no, po odoslan\u00ed objedn\u00e1vky dostanete e-mail s inform\u00e1ciami o sledovan\u00ed, aby ste mohli sledova\u0165 stav z\u00e1sielky.<\/p><p>Ot\u00e1zka: Ak\u00e9 s\u00fa dostupn\u00e9 sp\u00f4soby dopravy?<\/p><p>Odpove\u010f: V\u00fdber sp\u00f4sobu prepravy sa m\u00f4\u017ee l\u00ed\u0161i\u0165 v z\u00e1vislosti od naliehavosti doru\u010denia, rozpo\u010dtov\u00fdch obmedzen\u00ed a ve\u013ekosti a hmotnosti tovaru. V\u017edy \u00fazko spolupracujeme s odborn\u00edkmi na logistiku, aby sme optimalizovali prepravu pre na\u0161ich v\u00e1\u017een\u00fdch z\u00e1kazn\u00edkov.<\/p><p>\u010casto pou\u017e\u00edvan\u00e9 sp\u00f4soby prepravy s\u00fa:<\/p><p>1. Kuri\u00e9rske slu\u017eby (napr. DHL, FedEx, UPS, SF Express):<\/p><p>Popis: V s\u00fa\u010dasnosti sa nach\u00e1dza na \u00fazem\u00ed Slovenskej republiky: S\u00fakromn\u00e9 kuri\u00e9rske spolo\u010dnosti pon\u00fakaj\u00face slu\u017eby od dver\u00ed k dver\u00e1m.<\/p><p>\u010cas dodania: R\u00fdchly \u010das prepravy, podobne ako pri expresnej preprave.<\/p><p>Vhodn\u00e9 pre: Mal\u00e9 a\u017e stredne ve\u013ek\u00e9 bal\u00edky (GW menej ako 60 kg) s d\u00f4razom na spo\u013eahlivos\u0165 a r\u00fdchlos\u0165.<\/p><p>2. Leteck\u00e1 preprava:<\/p><p>Popis: V s\u00fa\u010dasnosti sa nach\u00e1dza na \u00fazem\u00ed Slovenskej republiky: Preprava letecky pre r\u00fdchlej\u0161ie dodanie v porovnan\u00ed s n\u00e1mornou prepravou.<\/p><p>\u010cas dodania: R\u00fdchlej\u0161ia ako n\u00e1morn\u00e1 preprava, ale zvy\u010dajne pomal\u0161ia ako expresn\u00e1 preprava.<\/p><p>Vhodn\u00e9 pre: \u010casovo citliv\u00e9 z\u00e1sielky s miernym rozpo\u010dtom a hmotnos\u0165ou. (GW viac ako 45 kg).<\/p><p>3. N\u00e1morn\u00e1 preprava:<\/p><p>Popis: V s\u00fa\u010dasnosti sa nach\u00e1dza na \u00fazem\u00ed Slovenskej republiky: Cenovo v\u00fdhodn\u00e9 pre ve\u013ek\u00e9 a \u0165a\u017ek\u00e9 z\u00e1sielky.<\/p><p>\u010cas dodania: Dlh\u0161\u00ed \u010das prepravy v porovnan\u00ed s leteckou prepravou.<\/p><p>Vhodn\u00e9 pre: Ve\u013ek\u00e9 z\u00e1sielky so zameran\u00edm na \u00fasporu n\u00e1kladov a flexibiln\u00fd \u010dasov\u00fd harmonogram dodania.<\/p><p>4. \u017delezni\u010dn\u00e1 n\u00e1kladn\u00e1 doprava:<\/p><p>Popis: V s\u00fa\u010dasnosti sa nach\u00e1dza na \u00fazem\u00ed Slovenskej republiky: Pozemn\u00e1 preprava po \u017eeleznici, \u010dasto pou\u017e\u00edvan\u00e1 na medzikontinent\u00e1lnu prepravu do strednej \u00c1zie alebo k eur\u00f3pskym z\u00e1kazn\u00edkom.<\/p><p>Dodacia lehota: Vo v\u0161eobecnosti je r\u00fdchlej\u0161ia ako n\u00e1morn\u00e1 preprava, ale pomal\u0161ia ako leteck\u00e1 preprava.<\/p><p>Vhodn\u00e9 pre: Ve\u013ek\u00e9 z\u00e1sielky s destin\u00e1ciami dostupn\u00fdmi po \u017eeleznici.<\/p><p>5. Intermod\u00e1lna doprava:<\/p><p>Popis: V s\u00fa\u010dasnosti sa nach\u00e1dza na \u00fazem\u00ed Slovenskej republiky: Kombin\u00e1cia viacer\u00fdch druhov dopravy (napr. n\u00e1mornej a \u017eelezni\u010dnej, n\u00e1kladnej a leteckej).<\/p><p>\u010cas dodania: V z\u00e1vislosti od zvolenej kombin\u00e1cie re\u017eimov.<\/p><p>Vhodn\u00e9 pre: Komplexn\u00e9 logistick\u00e9 scen\u00e1re s kombin\u00e1ciou prepravn\u00fdch potrieb.<\/p>\t\t\t\t\t\t\t\t<\/div>\n\t\t\t\t\t<\/div>\n\t\t\t\t<\/div>\n\t\t\t\t<\/div>","protected":false},"excerpt":{"rendered":"<p>\u200b Customization Policy: At Cell Instruments Co., Ltd., we recognize the distinct and evolving needs of our diverse clientele spanning various industries. Our commitment is to offer personalized solutions through a comprehensive customization policy, ensuring that our material test equipment meets your specific and unique requirements. Whether your focus lies in packaging, food, pharmaceuticals, medical, [&hellip;]<\/p>","protected":false},"author":1,"featured_media":0,"parent":0,"menu_order":0,"comment_status":"closed","ping_status":"closed","template":"","meta":{"_acf_changed":false,"footnotes":""},"class_list":["post-2076","page","type-page","status-publish","hentry"],"acf":[],"_links":{"self":[{"href":"https:\/\/www.materialstests.com\/sk\/wp-json\/wp\/v2\/pages\/2076","targetHints":{"allow":["GET"]}}],"collection":[{"href":"https:\/\/www.materialstests.com\/sk\/wp-json\/wp\/v2\/pages"}],"about":[{"href":"https:\/\/www.materialstests.com\/sk\/wp-json\/wp\/v2\/types\/page"}],"author":[{"embeddable":true,"href":"https:\/\/www.materialstests.com\/sk\/wp-json\/wp\/v2\/users\/1"}],"replies":[{"embeddable":true,"href":"https:\/\/www.materialstests.com\/sk\/wp-json\/wp\/v2\/comments?post=2076"}],"version-history":[{"count":0,"href":"https:\/\/www.materialstests.com\/sk\/wp-json\/wp\/v2\/pages\/2076\/revisions"}],"wp:attachment":[{"href":"https:\/\/www.materialstests.com\/sk\/wp-json\/wp\/v2\/media?parent=2076"}],"curies":[{"name":"wp","href":"https:\/\/api.w.org\/{rel}","templated":true}]}}