{"id":2020,"date":"2026-01-26T03:32:25","date_gmt":"2026-01-26T03:32:25","guid":{"rendered":"https:\/\/www.materialstests.com\/?page_id=2020"},"modified":"2026-01-26T13:06:21","modified_gmt":"2026-01-26T13:06:21","slug":"about-us","status":"publish","type":"page","link":"https:\/\/www.materialstests.com\/sk\/about-us.html","title":{"rendered":"O n\u00e1s"},"content":{"rendered":"<div data-elementor-type=\"wp-page\" data-elementor-id=\"2020\" class=\"elementor elementor-2020\" data-elementor-post-type=\"page\">\n\t\t\t\t<div class=\"elementor-element elementor-element-c1e7c03 e-flex e-con-boxed e-con e-parent\" data-id=\"c1e7c03\" data-element_type=\"container\" data-settings=\"{&quot;background_background&quot;:&quot;classic&quot;}\">\n\t\t\t\t\t<div class=\"e-con-inner\">\n\t\t\t\t<div class=\"elementor-element elementor-element-8fd22e0 elementor-widget elementor-widget-heading\" data-id=\"8fd22e0\" data-element_type=\"widget\" data-widget_type=\"heading.default\">\n\t\t\t\t\t<div class=\"elementor-heading-title elementor-size-default\"><nav aria-label=\"str\u00fahanka\" class=\"rank-math-breadcrumb\"><p><a href=\"https:\/\/www.materialstests.com\/sk\/\">Domov<\/a><span class=\"separator\"> \u00bb <\/span><span class=\"last\">Domov<\/span><\/p><\/nav>\u200b<\/div>\t\t\t\t<\/div>\n\t\t\t\t\t<\/div>\n\t\t\t\t<\/div>\n\t\t<div class=\"elementor-element elementor-element-f608734 e-flex e-con-boxed e-con e-parent\" data-id=\"f608734\" data-element_type=\"container\">\n\t\t\t\t\t<div class=\"e-con-inner\">\n\t\t\t\t<div class=\"elementor-element elementor-element-58cb6ea elementor-widget elementor-widget-text-editor\" data-id=\"58cb6ea\" data-element_type=\"widget\" data-widget_type=\"text-editor.default\">\n\t\t\t\t\t\t\t\t\t<p>Od svojho ofici\u00e1lneho zalo\u017eenia v roku 2014 spolo\u010dnos\u0165 Cell Instruments r\u00fdchlo st\u00fapa vo v\u00fdvoji produktov a inov\u00e1ci\u00e1ch, \u010do predstavuje v\u00fdznamn\u00fa kapitolu v jej dynamickej hist\u00f3rii. Na\u0161e odhodlanie dosahova\u0165 dokonalos\u0165 n\u00e1s posunulo k dosiahnutiu m\u00ed\u013enikov v oblasti zariaden\u00ed na testovanie materi\u00e1lov a m\u00f4\u017eeme sa pochv\u00e1li\u0165 komplexn\u00fdmi radmi, ktor\u00e9 zah\u0155\u0148aj\u00fa testovanie obalov\u00fdch materi\u00e1lov, testovanie zdravotn\u00edckych materi\u00e1lov, testovanie potrav\u00edn, farmaceutick\u00e9 testovanie, testovanie lepivosti, testovanie papiera a lepenky a dokonca aj prisp\u00f4sobenie na po\u017eiadanie. Tieto \u0161pi\u010dkov\u00e9 rie\u0161enia nach\u00e1dzaj\u00fa v\u0161estrann\u00e9 uplatnenie v r\u00f4znych priemyseln\u00fdch odvetviach vr\u00e1tane baliaceho, potravin\u00e1rskeho, farmaceutick\u00e9ho, lek\u00e1rskeho, kozmetick\u00e9ho, n\u00e1pojov\u00e9ho, univerzitn\u00e9ho, kontroln\u00e9ho, lepiaceho a textiln\u00e9ho priemyslu.<\/p>\t\t\t\t\t\t\t\t<\/div>\n\t\t\t\t<div class=\"elementor-element elementor-element-c7d07e9 elementor-widget elementor-widget-image\" data-id=\"c7d07e9\" data-element_type=\"widget\" data-widget_type=\"image.default\">\n\t\t\t\t\t\t\t\t\t\t\t\t\t\t\t<img fetchpriority=\"high\" decoding=\"async\" width=\"800\" height=\"400\" src=\"https:\/\/www.materialstests.com\/wp-content\/uploads\/2026\/01\/bc800e5326c92bfcd7f943355926093a.jpg\" class=\"attachment-large size-large wp-image-2238\" alt=\"V\u00fdrobca zariaden\u00ed na testovanie tesnosti - O N\u00c1S\" srcset=\"https:\/\/www.materialstests.com\/wp-content\/uploads\/2026\/01\/bc800e5326c92bfcd7f943355926093a.jpg 800w, https:\/\/www.materialstests.com\/wp-content\/uploads\/2026\/01\/bc800e5326c92bfcd7f943355926093a-300x150.jpg 300w, https:\/\/www.materialstests.com\/wp-content\/uploads\/2026\/01\/bc800e5326c92bfcd7f943355926093a-768x384.jpg 768w, https:\/\/www.materialstests.com\/wp-content\/uploads\/2026\/01\/bc800e5326c92bfcd7f943355926093a-18x9.jpg 18w\" sizes=\"(max-width: 800px) 100vw, 800px\" \/>\t\t\t\t\t\t\t\t\t\t\t\t\t\t\t<\/div>\n\t\t\t\t<div class=\"elementor-element elementor-element-127095f elementor-widget elementor-widget-text-editor\" data-id=\"127095f\" data-element_type=\"widget\" data-widget_type=\"text-editor.default\">\n\t\t\t\t\t\t\t\t\t<p>Na\u0161a glob\u00e1lna p\u00f4sobnos\u0165 sa v\u00fdrazne roz\u0161\u00edrila a zasahuje a ovplyv\u0148uje viac ako 70 kraj\u00edn a regi\u00f3nov. V spolo\u010dnosti Cell Instruments na\u0161e poslanie presahuje r\u00e1mec jednoduch\u00e9ho poskytovania testovac\u00edch rie\u0161en\u00ed, ale zameriava sa na formovanie prostredia kontroly kvality a v\u00fdskumu a v\u00fdvoja u z\u00e1kazn\u00edkov. Na\u0161\u00edm poslan\u00edm je by\u0165 uzn\u00e1van\u00fd ako integr\u00e1lna jednotka \u2018Cell\u2019 v r\u00e1mci t\u00fdchto procesov, ktor\u00e1 pon\u00faka konkurencieschopn\u00e9 a d\u00f4veryhodn\u00e9 rie\u0161enia pre pou\u017e\u00edvate\u013eov na celom svete.<\/p><p>Spolo\u010dnos\u0165 Cell Instruments je priekopn\u00edckou silou v tomto odvetv\u00ed a zost\u00e1va organiz\u00e1ciou zameranou na in\u017einierstvo s neochvejn\u00fdm z\u00e1v\u00e4zkom dodr\u017eiava\u0165 normy. Uprednost\u0148uj\u00fac dokonalos\u0165 sme akt\u00edvne vyv\u00edjali modely pr\u00edstrojov prisp\u00f4soben\u00e9 \u0161pecifick\u00fdm potreb\u00e1m na\u0161ich z\u00e1kazn\u00edkov a z\u00e1rove\u0148 sme zabezpe\u010dili s\u00falad s priemyseln\u00fdmi normami. Tieto pr\u00edstroje sl\u00fa\u017eia ako neocenite\u013en\u00e9 n\u00e1stroje na rie\u0161enie probl\u00e9mov, bezprobl\u00e9movo integrovan\u00e9 do laborat\u00f3ri\u00ed z\u00e1kazn\u00edkov, v\u00fdskumn\u00fdch a v\u00fdvojov\u00fdch centier, v\u00fdrobn\u00fdch z\u00e1vodov, predn\u00e1\u0161kov\u00fdch miestnost\u00ed a inde. Na\u0161e technick\u00e9 z\u00e1zemie zabezpe\u010duje kvalitu v\u00fdrobkov na\u0161ich z\u00e1kazn\u00edkov a umo\u017e\u0148uje im s istotou sa pohybova\u0165 na medzin\u00e1rodnom trhu.<\/p>\t\t\t\t\t\t\t\t<\/div>\n\t\t\t\t<div class=\"elementor-element elementor-element-a0311d4 elementor-widget elementor-widget-image\" data-id=\"a0311d4\" data-element_type=\"widget\" data-widget_type=\"image.default\">\n\t\t\t\t\t\t\t\t\t\t\t\t\t\t\t<img decoding=\"async\" width=\"800\" height=\"400\" src=\"https:\/\/www.materialstests.com\/wp-content\/uploads\/2026\/01\/6f6c3ee6a57f3b5a064c916fc412fc69.jpg\" class=\"attachment-large size-large wp-image-2239\" alt=\"V\u00fdrobca zariaden\u00ed na testovanie tesnosti - O N\u00c1S\" srcset=\"https:\/\/www.materialstests.com\/wp-content\/uploads\/2026\/01\/6f6c3ee6a57f3b5a064c916fc412fc69.jpg 800w, https:\/\/www.materialstests.com\/wp-content\/uploads\/2026\/01\/6f6c3ee6a57f3b5a064c916fc412fc69-300x150.jpg 300w, https:\/\/www.materialstests.com\/wp-content\/uploads\/2026\/01\/6f6c3ee6a57f3b5a064c916fc412fc69-768x384.jpg 768w, https:\/\/www.materialstests.com\/wp-content\/uploads\/2026\/01\/6f6c3ee6a57f3b5a064c916fc412fc69-18x9.jpg 18w\" sizes=\"(max-width: 800px) 100vw, 800px\" \/>\t\t\t\t\t\t\t\t\t\t\t\t\t\t\t<\/div>\n\t\t\t\t<div class=\"elementor-element elementor-element-5673870 elementor-widget elementor-widget-text-editor\" data-id=\"5673870\" data-element_type=\"widget\" data-widget_type=\"text-editor.default\">\n\t\t\t\t\t\t\t\t\t<p>Spolo\u010dnos\u0165 Cell Instruments sa etablovala nielen ako v\u00fdrobca najmodernej\u0161\u00edch testovac\u00edch zariaden\u00ed, ale aj ako strategick\u00fd partner pre \u00faspech podnikov na celom svete. N\u00e1\u0161 \u0161pecializovan\u00fd t\u00edm, vybaven\u00fd r\u00f4znorod\u00fdmi odborn\u00fdmi znalos\u0165ami, ne\u00fanavne spolupracuje, aby na\u0161i klienti nedost\u00e1vali len v\u00fdrobky, ale komplexn\u00e9 rie\u0161enia, ktor\u00e9 zvy\u0161uj\u00fa ich efekt\u00edvnos\u0165, kvalitu v\u00fdrobkov a celkov\u00fa konkurencieschopnos\u0165.<\/p><p>Na\u0161a centr\u00e1la sa nach\u00e1dza v meste Jinan, jednom z hlavn\u00fdch priemyseln\u00fdch centier severnej \u010c\u00edny, a sl\u00fa\u017ei ako centrum na\u0161ich \u010dinnost\u00ed, ktor\u00e9 je spojovac\u00edm \u010dl\u00e1nkom pre v\u00fdskum, v\u00fdvoj a iniciat\u00edvy zameran\u00e9 na z\u00e1kazn\u00edka.<\/p><p>N\u00e1\u0161 \u00faspech presahuje hranice, preto\u017ee sa akt\u00edvne zap\u00e1jame do medzin\u00e1rodn\u00e9ho obchodu a vyv\u00e1\u017eame na\u0161e \u0161pi\u010dkov\u00e9 rie\u0161enia do mnoh\u00fdch kraj\u00edn. Tento glob\u00e1lny dosah je d\u00f4kazom na\u0161ej v\u00edzie podporova\u0165 spolupr\u00e1cu a zdie\u013eanie inov\u00e1ci\u00ed v celosvetovom meradle.<\/p><p>Pokra\u010dujeme v na\u0161ej ceste k dokonalosti a poz\u00fdvame v\u00e1s, aby ste sa k n\u00e1m pridali pri formovan\u00ed bud\u00facnosti kontroly kvality a v\u00fdskumu a v\u00fdvoja v celosvetovom meradle.<\/p><p>Ak m\u00e1te z\u00e1ujem o \u010fal\u0161ie inform\u00e1cie o tomto v\u00fdrobku, nev\u00e1hajte n\u00e1s kontaktova\u0165. Odpor\u00fa\u010dame v\u00e1m \u010fal\u0161ie ob\u013e\u00faben\u00e9 produkty:\u00a0<a class=\"aahaf6o\" title=\"Tester hr\u00fabky papiera a lepenky\" href=\"https:\/\/www.materialstests.com\/sk\/paper-board-tester.html\/\">Tester hr\u00fabky papiera a lepenky<\/a>,\u00a0<a class=\"aahaf6o\" title=\"Zariadenia na testovanie hrub\u00fdch \u00fanikov\" href=\"https:\/\/www.materialstests.com\/sk\/gross-leak-tester.html\/\">Zariadenia na testovanie hrub\u00fdch \u00fanikov<\/a>,\u00a0<a class=\"aahaf6o\" title=\" Hrub\u00fd tester \u00faniku Testovanie zariaden\u00ed\" href=\"https:\/\/www.materialstests.com\/sk\/gross-leak-tester.html\/\">Hrub\u00fd tester \u00faniku Testovanie zariaden\u00ed<\/a>,\u00a0<a class=\"aahaf6o\" title=\"Hrub\u00fd tester \u00faniku Testovanie zariaden\u00ed\" href=\"https:\/\/www.materialstests.com\/sk\/gross-leak-tester.html\/\">Hrub\u00fd tester \u00faniku Testovanie zariaden\u00ed<\/a>,\u00a0<a class=\"aahaf6o\" title=\"V\u00fdrobca gradientn\u00e9ho tepeln\u00e9ho tesnenia\" href=\"https:\/\/www.materialstests.com\/sk\/products\/ghs-01-gradient-heat-seal-tester.html\/\">V\u00fdrobca gradientn\u00e9ho tepeln\u00e9ho tesnenia<\/a>,\u00a0<a class=\"aahaf6o\" title=\"Laborat\u00f3rny tester na hor\u00face lepenie\" href=\"https:\/\/www.materialstests.com\/sk\/products\/htt-02-hot-tack-tester.html\/\">Laborat\u00f3rny tester na hor\u00face lepenie<\/a>,\u00a0<a class=\"aahaf6o\" title=\"Tester tepeln\u00e9ho gradientu\" href=\"https:\/\/www.materialstests.com\/sk\/products\/ghs-01-gradient-heat-seal-tester.html\/\">Tester tepeln\u00e9ho gradientu<\/a>,\u00a0<a class=\"aahaf6o\" title=\"tester zmr\u0161\u0165ovania bez f\u00f3lie\" href=\"https:\/\/www.materialstests.com\/sk\/shrink-tester.html\/\">tester zmr\u0161\u0165ovania bez f\u00f3lie<\/a>,\u00a0<a class=\"aahaf6o\" title=\"tester zmr\u0161\u0165ovania f\u00f3lie\" href=\"https:\/\/www.materialstests.com\/sk\/shrink-tester.html\/\">tester zmr\u0161\u0165ovania f\u00f3lie<\/a>,\u00a0<a class=\"aahaf6o\" title=\"Tester odolnosti Flex\" href=\"https:\/\/www.materialstests.com\/sk\/flex-durability-tester.html\/\">Tester odolnosti Flex<\/a>,\u00a0<a class=\"aahaf6o\" title=\"Tester gradientn\u00e9ho tepeln\u00e9ho tesnenia\" href=\"https:\/\/www.materialstests.com\/sk\/gradient-heat-seal-tester.html\/\">Tester gradientn\u00e9ho tepeln\u00e9ho tesnenia<\/a>,\u00a0<a class=\"aahaf6o\" title=\"Tester na odlupovanie\" href=\"https:\/\/www.materialstests.com\/sk\/products\/spc-01-stretch-film-peeling-cling-tester.html\/\">Tester na odlupovanie<\/a>,\u00a0<a class=\"aahaf6o\" title=\"Tester pr\u00edkonu\" href=\"https:\/\/www.materialstests.com\/sk\/holding-power-tester.html\/\">Tester pr\u00edkonu<\/a>,\u00a0<a class=\"aahaf6o\" title=\"Laborat\u00f3rny tester tepeln\u00e9ho tesnenia\" href=\"https:\/\/www.materialstests.com\/sk\/products\/hst-01-heat-seal-tester.html\/\">Laborat\u00f3rny tester tepeln\u00e9ho tesnenia<\/a>,\u00a0<a class=\"aahaf6o\" title=\"tester na odlupovanie n\u00e1dob\" href=\"https:\/\/www.materialstests.com\/sk\/productstags\/container-peeling-tester.html\/\">tester na odlupovanie n\u00e1dob<\/a>,\u00a0<a class=\"aahaf6o\" title=\"dod\u00e1vatelia \u010d\u00ednskych testerov tepeln\u00e9ho tesnenia\" href=\"https:\/\/www.materialstests.com\/sk\/heat-seal-tester.html\/\">dod\u00e1vatelia \u010d\u00ednskych testerov tepeln\u00e9ho tesnenia<\/a>,\u00a0<a class=\"aahaf6o\" title=\"\u010d\u00ednsky tester tepeln\u00e9ho tesnenia\" href=\"https:\/\/www.materialstests.com\/sk\/productstags\/china-heat-sealing-tester-factory.html\/\">\u010d\u00ednsky tester tepeln\u00e9ho tesnenia<\/a>,\u00a0<a class=\"aahaf6o\" title=\"Tov\u00e1rne na testovanie tepeln\u00e9ho tesnenia\" href=\"https:\/\/www.materialstests.com\/sk\/productstags\/heat-sealing-tester-factories.html\/\">Tov\u00e1rne na testovanie tepeln\u00e9ho tesnenia<\/a>,\u00a0<a class=\"aahaf6o\" title=\"tov\u00e1rne na testovanie tepeln\u00e9ho tesnenia\" href=\"https:\/\/www.materialstests.com\/sk\/productstags\/heat-sealing-tester-factories.html\/\">tov\u00e1rne na testovanie tepeln\u00e9ho tesnenia<\/a>,\u00a0<a class=\"aahaf6o\" title=\"Dod\u00e1vate\u013e testera karboniz\u00e1cie\" href=\"https:\/\/www.materialstests.com\/sk\/products\/clrt-01-carbon-dioxide-volume-tester.html\/\">Dod\u00e1vate\u013e testera karboniz\u00e1cie<\/a>,\u00a0<a class=\"aahaf6o\" title=\"Slu\u017eby testera s\u00fdtenia\" href=\"https:\/\/www.materialstests.com\/sk\/products\/clrt-01-carbon-dioxide-volume-tester.html\/\">Slu\u017eby testera s\u00fdtenia<\/a>,\u00a0<a class=\"aahaf6o\" title=\"Slu\u017eby zmr\u0161\u0165ovacieho testera\" href=\"https:\/\/www.materialstests.com\/sk\/shrink-tester.html\/\">Slu\u017eby zmr\u0161\u0165ovacieho testera<\/a>,\u00a0<a class=\"aahaf6o\" title=\"Dod\u00e1vate\u013e testera Ball Tack\" href=\"https:\/\/www.materialstests.com\/sk\/products\/btt-01-ball-tack-tester.html\/\">Dod\u00e1vate\u013e testera Ball Tack<\/a>,\u00a0<a class=\"aahaf6o\" title=\"Tester gu\u013e\u00f4\u010dok Export\" href=\"https:\/\/www.materialstests.com\/sk\/products\/btt-01-ball-tack-tester.html\/\">Tester gu\u013e\u00f4\u010dok Export<\/a>,\u00a0<a class=\"aahaf6o\" title=\"V\u00fdrobca testera odolnosti Flex\" href=\"https:\/\/www.materialstests.com\/sk\/flex-durability-tester.html\/\">V\u00fdrobca testera odolnosti Flex<\/a>,\u00a0<a class=\"aahaf6o\" title=\"Dod\u00e1vate\u013e testera odolnosti Flex\" href=\"https:\/\/www.materialstests.com\/sk\/flex-durability-tester.html\/\">Dod\u00e1vate\u013e testera odolnosti Flex<\/a>,\u00a0<a class=\"aahaf6o\" title=\"Tester odolnosti Flex export\" href=\"https:\/\/www.materialstests.com\/sk\/flex-durability-tester.html\/\">Tester odolnosti Flex export<\/a>,\u00a0<a class=\"aahaf6o\" title=\"Tester odolnosti Flex \u010c\u00edna\" href=\"https:\/\/www.materialstests.com\/sk\/products\/gft-01-flex-durability-tester.html\/\">Tester odolnosti Flex \u010c\u00edna<\/a>,\u00a0<a class=\"aahaf6o\" title=\"Slu\u017eby testera odolnosti Flex\" href=\"https:\/\/www.materialstests.com\/sk\/products\/gft-01-flex-durability-tester.html\/\">Slu\u017eby testera odolnosti Flex<\/a><\/p>\t\t\t\t\t\t\t\t<\/div>\n\t\t\t\t\t<\/div>\n\t\t\t\t<\/div>\n\t\t\t\t<\/div>","protected":false},"excerpt":{"rendered":"<p>\u200b Since its official establishment in 2014, Cell Instruments has rapidly ascended in product development and innovation, marking a significant chapter in its dynamic history. Our commitment to excellence has propelled us to achieve milestones in the field of material test equipment, boasting comprehensive lines that encompass Packaging Material Testing, Medical Material Testing, Food Testing, [&hellip;]<\/p>","protected":false},"author":1,"featured_media":0,"parent":0,"menu_order":0,"comment_status":"closed","ping_status":"closed","template":"","meta":{"_acf_changed":false,"footnotes":""},"class_list":["post-2020","page","type-page","status-publish","hentry"],"acf":[],"_links":{"self":[{"href":"https:\/\/www.materialstests.com\/sk\/wp-json\/wp\/v2\/pages\/2020","targetHints":{"allow":["GET"]}}],"collection":[{"href":"https:\/\/www.materialstests.com\/sk\/wp-json\/wp\/v2\/pages"}],"about":[{"href":"https:\/\/www.materialstests.com\/sk\/wp-json\/wp\/v2\/types\/page"}],"author":[{"embeddable":true,"href":"https:\/\/www.materialstests.com\/sk\/wp-json\/wp\/v2\/users\/1"}],"replies":[{"embeddable":true,"href":"https:\/\/www.materialstests.com\/sk\/wp-json\/wp\/v2\/comments?post=2020"}],"version-history":[{"count":0,"href":"https:\/\/www.materialstests.com\/sk\/wp-json\/wp\/v2\/pages\/2020\/revisions"}],"wp:attachment":[{"href":"https:\/\/www.materialstests.com\/sk\/wp-json\/wp\/v2\/media?parent=2020"}],"curies":[{"name":"wp","href":"https:\/\/api.w.org\/{rel}","templated":true}]}}