{"id":2078,"date":"2026-01-26T05:37:06","date_gmt":"2026-01-26T05:37:06","guid":{"rendered":"https:\/\/www.materialstests.com\/?page_id=2078"},"modified":"2026-01-26T13:22:09","modified_gmt":"2026-01-26T13:22:09","slug":"contact-us","status":"publish","type":"page","link":"https:\/\/www.materialstests.com\/ro\/contact-us.html","title":{"rendered":"Contacta\u021bi-ne"},"content":{"rendered":"<div data-elementor-type=\"wp-page\" data-elementor-id=\"2078\" class=\"elementor elementor-2078\" data-elementor-post-type=\"page\">\n\t\t\t\t<div class=\"elementor-element elementor-element-857c6e4 e-flex e-con-boxed e-con e-parent\" data-id=\"857c6e4\" data-element_type=\"container\" data-settings=\"{&quot;background_background&quot;:&quot;classic&quot;}\">\n\t\t\t\t\t<div class=\"e-con-inner\">\n\t\t\t\t<div class=\"elementor-element elementor-element-18c6c37 elementor-widget elementor-widget-heading\" data-id=\"18c6c37\" data-element_type=\"widget\" data-widget_type=\"heading.default\">\n\t\t\t\t\t<div class=\"elementor-heading-title elementor-size-default\"><nav aria-label=\"pesmet\" class=\"rank-math-breadcrumb\"><p><a href=\"https:\/\/www.materialstests.com\/ro\/\">Acas\u0103<\/a><span class=\"separator\"> \u00bb <\/span><span class=\"last\">Acas\u0103<\/span><\/p><\/nav>\u200b<\/div>\t\t\t\t<\/div>\n\t\t\t\t\t<\/div>\n\t\t\t\t<\/div>\n\t\t<div class=\"elementor-element elementor-element-a267ca2 e-flex e-con-boxed e-con e-parent\" data-id=\"a267ca2\" data-element_type=\"container\">\n\t\t\t\t\t<div class=\"e-con-inner\">\n\t\t\t\t<div class=\"elementor-element elementor-element-cae2fd3 elementor-widget elementor-widget-text-editor\" data-id=\"cae2fd3\" data-element_type=\"widget\" data-widget_type=\"text-editor.default\">\n\t\t\t\t\t\t\t\t\t<p><strong>Cell Instruments Co., Ltd.<\/strong><\/p><p><strong>Telefon<\/strong>: +86 531 88977152<\/p><p><strong>Telefon mobil<\/strong>: +86 18560013985<\/p><p><strong>Po\u0219t\u0103<\/strong>: trade@celtec.cn<\/p><p><strong>WhatsApp<\/strong>: +86 18560013985<\/p><p><strong>WeChat<\/strong>: +86 18560013985<\/p><p><strong>Adres\u0103<\/strong>: No. 5577 Gongyebei Rd, Licheng District, Jinan, 250109, Shandong, China<\/p><p>Dac\u0103 dori\u021bi mai multe informa\u021bii despre acest produs, v\u0103 rug\u0103m s\u0103 nu ezita\u021bi s\u0103 ne contacta\u021bi. Recomand alte produse populare pentru dvs:\u00a0 <a class=\"aahaf6o\" title=\"Tester pentru grosimea h\u00e2rtiei \u0219i a cartonului\" href=\"https:\/\/www.materialstests.com\/ro\/paper-board-tester.html\/\">Tester pentru grosimea h\u00e2rtiei \u0219i a cartonului<\/a>,\u00a0<a class=\"aahaf6o\" title=\"Testarea adezivit\u0103\u021bii\" href=\"https:\/\/www.materialstests.com\/ro\/adhesiveness-tester.html\/\">Testarea adezivit\u0103\u021bii<\/a>,\u00a0<a class=\"aahaf6o\" title=\"Tester de gradient termic\" href=\"https:\/\/www.materialstests.com\/ro\/products\/ghs-01-gradient-heat-seal-tester.html\/\">Tester de gradient termic<\/a>,\u00a0<a class=\"aahaf6o\" title=\"tester de film termocontractabil\" href=\"https:\/\/www.materialstests.com\/ro\/shrink-tester.html\/\">tester de film termocontractabil<\/a>,\u00a0<a class=\"aahaf6o\" title=\"Tester de durabilitate Flex\" href=\"https:\/\/www.materialstests.com\/ro\/flex-durability-tester.html\/\">Tester de durabilitate Flex<\/a>,\u00a0<a class=\"aahaf6o\" title=\"Tester de etan\u0219are termic\u0103 gradient\" href=\"https:\/\/www.materialstests.com\/ro\/gradient-heat-seal-tester.html\/\">Tester de etan\u0219are termic\u0103 gradient<\/a>,\u00a0<a class=\"aahaf6o\" title=\"Tester de peeling Cling\" href=\"https:\/\/www.materialstests.com\/ro\/products\/spc-01-stretch-film-peeling-cling-tester.html\/\">Tester de peeling Cling<\/a>,\u00a0<a class=\"aahaf6o\" title=\"Tester de putere de men\u021binere\" href=\"https:\/\/www.materialstests.com\/ro\/holding-power-tester.html\/\">Tester de putere de men\u021binere<\/a>,\u00a0<a class=\"aahaf6o\" title=\"tester de etan\u0219are termic\u0103 china\" href=\"https:\/\/www.materialstests.com\/ro\/productstags\/china-heat-sealing-tester-factory.html\/\">tester de etan\u0219are termic\u0103 china<\/a>,\u00a0<a class=\"aahaf6o\" title=\"Servicii de testare a carbona\u021biei\" href=\"https:\/\/www.materialstests.com\/ro\/products\/clrt-01-carbon-dioxide-volume-tester.html\/\">Servicii de testare a carbona\u021biei<\/a>,\u00a0<a class=\"aahaf6o\" title=\"Servicii Shrink Tester\" href=\"https:\/\/www.materialstests.com\/ro\/shrink-tester.html\/\">Servicii Shrink Tester<\/a>,\u00a0<a class=\"aahaf6o\" title=\"Flex Durabilitate Tester China\" href=\"https:\/\/www.materialstests.com\/ro\/products\/gft-01-flex-durability-tester.html\/\">Flex Durabilitate Tester China<\/a>,\u00a0<a class=\"aahaf6o\" title=\"Servicii Flex Durability Tester\" href=\"https:\/\/www.materialstests.com\/ro\/products\/gft-01-flex-durability-tester.html\/\">Servicii Flex Durability Tester<\/a>,\u00a0<a class=\"aahaf6o\" title=\"Film Free Shrink Tester China\" href=\"https:\/\/www.materialstests.com\/ro\/shrink-tester.html\/\">Film Free Shrink Tester China<\/a>,\u00a0<a class=\"aahaf6o\" title=\"Tester de etan\u0219are termic\u0103 gradient China\" href=\"https:\/\/www.materialstests.com\/ro\/gradient-heat-seal-tester.html\/\">Tester de etan\u0219are termic\u0103 gradient China<\/a>,\u00a0<a class=\"aahaf6o\" title=\"Servicii Gradient Heat Seal Tester\" href=\"https:\/\/www.materialstests.com\/ro\/gradient-heat-seal-tester.html\/\">Servicii Gradient Heat Seal Tester<\/a>,\u00a0<a class=\"aahaf6o\" title=\"Peeling Cling Tester China\" href=\"https:\/\/www.materialstests.com\/ro\/peeling-cling-tester.html\/\">Peeling Cling Tester China<\/a>,\u00a0<a class=\"aahaf6o\" title=\"Servicii de testare a lipiciului care se desprinde\" href=\"https:\/\/www.materialstests.com\/ro\/products\/spc-01-stretch-film-peeling-cling-tester.html\/\">Servicii de testare a lipiciului care se desprinde<\/a>,\u00a0<a class=\"aahaf6o\" title=\"tester de decojire a recipientelor\" href=\"https:\/\/www.materialstests.com\/ro\/productstags\/container-peeling-tester.html\/\">tester de decojire a recipientelor<\/a>,\u00a0<a class=\"aahaf6o\" title=\"Tester de containere\" href=\"https:\/\/www.materialstests.com\/ro\/container-tester.html\/\">Tester de containere<\/a><\/p>\t\t\t\t\t\t\t\t<\/div>\n\t\t\t\t\t<\/div>\n\t\t\t\t<\/div>\n\t\t\t\t<\/div>","protected":false},"excerpt":{"rendered":"<p>\u200b Cell Instruments Co., Ltd. Telephone: +86 531 88977152 Cell phone: +86 18560013985 Mail: trade@celtec.cn WhatsApp: +86 18560013985 WeChat: +86 18560013985 Address: No. 5577 Gongyebei Rd, Licheng District, Jinan, 250109, Shandong, China If you would like more information about this product, please feel free to contact us. Recommend other popular products for you:\u00a0 Paper and [&hellip;]<\/p>","protected":false},"author":1,"featured_media":0,"parent":0,"menu_order":0,"comment_status":"closed","ping_status":"closed","template":"","meta":{"_acf_changed":false,"footnotes":""},"class_list":["post-2078","page","type-page","status-publish","hentry"],"acf":[],"_links":{"self":[{"href":"https:\/\/www.materialstests.com\/ro\/wp-json\/wp\/v2\/pages\/2078","targetHints":{"allow":["GET"]}}],"collection":[{"href":"https:\/\/www.materialstests.com\/ro\/wp-json\/wp\/v2\/pages"}],"about":[{"href":"https:\/\/www.materialstests.com\/ro\/wp-json\/wp\/v2\/types\/page"}],"author":[{"embeddable":true,"href":"https:\/\/www.materialstests.com\/ro\/wp-json\/wp\/v2\/users\/1"}],"replies":[{"embeddable":true,"href":"https:\/\/www.materialstests.com\/ro\/wp-json\/wp\/v2\/comments?post=2078"}],"version-history":[{"count":0,"href":"https:\/\/www.materialstests.com\/ro\/wp-json\/wp\/v2\/pages\/2078\/revisions"}],"wp:attachment":[{"href":"https:\/\/www.materialstests.com\/ro\/wp-json\/wp\/v2\/media?parent=2078"}],"curies":[{"name":"wp","href":"https:\/\/api.w.org\/{rel}","templated":true}]}}