{"id":2076,"date":"2026-01-26T05:36:23","date_gmt":"2026-01-26T05:36:23","guid":{"rendered":"https:\/\/www.materialstests.com\/?page_id=2076"},"modified":"2026-01-26T13:07:58","modified_gmt":"2026-01-26T13:07:58","slug":"service-support","status":"publish","type":"page","link":"https:\/\/www.materialstests.com\/ro\/service-support.html","title":{"rendered":"Suport pentru servicii"},"content":{"rendered":"<div data-elementor-type=\"wp-page\" data-elementor-id=\"2076\" class=\"elementor elementor-2076\" data-elementor-post-type=\"page\">\n\t\t\t\t<div class=\"elementor-element elementor-element-0644825 e-flex e-con-boxed e-con e-parent\" data-id=\"0644825\" data-element_type=\"container\" data-settings=\"{&quot;background_background&quot;:&quot;classic&quot;}\">\n\t\t\t\t\t<div class=\"e-con-inner\">\n\t\t\t\t<div class=\"elementor-element elementor-element-9b508b5 elementor-widget elementor-widget-heading\" data-id=\"9b508b5\" data-element_type=\"widget\" data-widget_type=\"heading.default\">\n\t\t\t\t\t<div class=\"elementor-heading-title elementor-size-default\"><nav aria-label=\"pesmet\" class=\"rank-math-breadcrumb\"><p><a href=\"https:\/\/www.materialstests.com\/ro\/\">Acas\u0103<\/a><span class=\"separator\"> \u00bb <\/span><span class=\"last\">Acas\u0103<\/span><\/p><\/nav>\u200b<\/div>\t\t\t\t<\/div>\n\t\t\t\t\t<\/div>\n\t\t\t\t<\/div>\n\t\t<div class=\"elementor-element elementor-element-760817c e-flex e-con-boxed e-con e-parent\" data-id=\"760817c\" data-element_type=\"container\">\n\t\t\t\t\t<div class=\"e-con-inner\">\n\t\t\t\t<div class=\"elementor-element elementor-element-55a348f elementor-widget elementor-widget-text-editor\" data-id=\"55a348f\" data-element_type=\"widget\" data-widget_type=\"text-editor.default\">\n\t\t\t\t\t\t\t\t\t<p><strong>Politica de personalizare:<\/strong><\/p><p>La Cell Instruments Co., Ltd., recunoa\u0219tem nevoile distincte \u0219i \u00een continu\u0103 evolu\u021bie ale clientelei noastre diverse care acoper\u0103 diverse industrii. Angajamentul nostru este de a oferi solu\u021bii personalizate printr-o politic\u0103 cuprinz\u0103toare de personalizare, asigur\u00e2ndu-ne c\u0103 echipamentele noastre de testare a materialelor \u00eendeplinesc cerin\u021bele dvs. specifice \u0219i unice. Indiferent dac\u0103 v\u0103 concentra\u021bi asupra ambalajelor, produselor alimentare, farmaceutice, medicale, b\u0103uturilor, adezivit\u0103\u021bii, electronicii sau oric\u0103rei alte industrii, obiectivul nostru este s\u0103 v\u0103 oferim solu\u021bii de testare a materialelor de ultim\u0103 genera\u021bie, adaptate specifica\u021biilor dumneavoastr\u0103 exacte.<\/p><p><strong>Procesul de personalizare:<\/strong><\/p><p>1. Consultarea ini\u021bial\u0103:<\/p><p>- Discu\u021bii \u0219i idei: Discuta\u021bi cu exper\u021bii no\u0219tri pentru a schimba idei despre metoda de testare, standarde \u0219i cerin\u021be specifice.<\/p><p>- Evaluarea materialelor: Evaluarea tipului de material, a naturii \u0219i a specifica\u021biilor pentru a determina dac\u0103 o modificare a factorilor no\u0219tri de testare a materialelor plastice existen\u021bi poate satisface nevoile dvs. de testare.<\/p><p>2. Recep\u021bia \u0219i modificarea probelor:<\/p><p>- Evaluare: Dup\u0103 confirmarea faptului c\u0103 o modificare a testerului actual este fezabil\u0103, primim mostre de la clien\u021bi.<\/p><p>- Modificare tehnic\u0103: Echipa noastr\u0103 tehnic\u0103 dedicat\u0103, format\u0103 din ingineri hardware \u0219i software, modific\u0103 cu aten\u021bie testerul existent pe baza detaliilor tehnice discutate.<\/p><p>*OR*<\/p><p>- Proiectarea unui nou tester: Dac\u0103 o modificare minor\u0103 nu poate \u00eendeplini cerin\u021bele de testare, echipa noastr\u0103 tehnic\u0103 proiecteaz\u0103 un nou tester \u0219i un program corespunz\u0103tor, asigur\u00e2nd o solu\u021bie complet\u0103.<\/p><p>3. Testarea performan\u021bei:<\/p><p>- Asigurarea calit\u0103\u021bii: Odat\u0103 ce testerul nou sau modificat este gata, efectu\u0103m teste complete pe e\u0219antioane pentru a asigura o performan\u021b\u0103 optim\u0103.<\/p><p>4. Verificarea \u0219i interac\u021biunea testelor:<\/p><p>- Partajarea videoclipurilor de testare: Oferim un test video detaliat care prezint\u0103 testerul modificat sau nou proiectat \u00een ac\u021biune.<\/p><p>- Invita\u021bie la testul live: Alternativ, clien\u021bii sunt invita\u021bi la sediul nostru pentru a asista la testul live, oferind o experien\u021b\u0103 direct\u0103 a capacit\u0103\u021bilor echipamentului.<\/p><p>5. Confirmarea \u0219i expedierea:<\/p><p>- Aprobarea clientului: Dup\u0103 examinarea rezultatelor testelor \u0219i experimentarea performan\u021bei echipamentului, clien\u021bii \u00ee\u0219i confirm\u0103 satisfac\u021bia.<\/p><p>- Finalizare: Dup\u0103 confirmare, proced\u0103m la expedierea testerului personalizat pentru o experien\u021b\u0103 de livrare fericit\u0103.<\/p><p><strong>Avantaje \u00een personalizare<\/strong><\/p><p>1. Experien\u021b\u0103 vast\u0103 \u00een industrie:<\/p><p>- Experien\u021b\u0103 \u00een toate industriile: Cu o prezen\u021b\u0103 \u00eendelungat\u0103, aducem o bogat\u0103 experien\u021b\u0103 \u00een diverse industrii, inclusiv ambalaje, produse alimentare, farmaceutice, medicale, b\u0103uturi, adezivi, electronice \u0219i multe altele.<\/p><p>- \u00cen\u021belegerea profund\u0103 a industriei: Profesioni\u0219tii no\u0219tri de\u021bin cuno\u0219tin\u021be aprofundate despre provoc\u0103rile \u0219i cerin\u021bele specifice industriei.<\/p><p>2. Gam\u0103 larg\u0103 de produse:<\/p><p>- Portofoliu cuprinz\u0103tor de produse: Oferim o gam\u0103 variat\u0103 de echipamente de testare a materialelor pentru a r\u0103spunde diverselor nevoi de testare din diferite industrii.<\/p><p>- Versatilitate \u00een solu\u021bii: Gama noastr\u0103 larg\u0103 de produse ne asigur\u0103 c\u0103 putem oferi solu\u021bii pentru o gam\u0103 larg\u0103 de aplica\u021bii de testare.<\/p><p>3. Expertiz\u0103 \u00een automatizare:<\/p><p>- Integrarea automatiz\u0103rii: Profita\u021bi de competen\u021bele noastre \u00een domeniul automatiz\u0103rii pentru a simplifica procesele de testare \u0219i a spori eficien\u021ba.<\/p><p>- Solu\u021bii de automatizare personalizate: Experien\u021ba noastr\u0103 ne permite s\u0103 personaliz\u0103m solu\u021biile automatizate pentru a r\u0103spunde cerin\u021belor specifice ale industriei.<\/p><p>4. R\u0103spuns rapid \u0219i finalizare rapid\u0103:<\/p><p>- Echip\u0103 agil\u0103 \u0219i receptiv\u0103: Echipa noastr\u0103 dedicat\u0103 asigur\u0103 un r\u0103spuns rapid la solicit\u0103ri, asigur\u00e2nd un proces de personalizare prompt \u0219i f\u0103r\u0103 probleme.<\/p><p>- Procesare eficient\u0103: Beneficia\u021bi de angajamentul nostru de a furniza solu\u021bii personalizate \u00eentr-un interval de timp rezonabil.<\/p><p>5. Accesibilitate:<\/p><p>- Solu\u021bii eficiente din punct de vedere al costurilor: Oferim cu prioritate op\u021biuni de personalizare accesibile, f\u0103r\u0103 a compromite calitatea.<\/p><p>- Valoare pentru investi\u021bie: Solu\u021biile noastre rentabile ofer\u0103 o valoare excelent\u0103, asigur\u00e2nd o rentabilitate pozitiv\u0103 a investi\u021biei dumneavoastr\u0103.<\/p><p>6. \u00cen\u021belegerea standardelor de testare:<\/p><p>- Conformitatea cu standardele interna\u021bionale: Suntem bine familiariza\u021bi cu standardele interna\u021bionale de testare, cum ar fi ASTM, ISO, GT, YBB, JIS, DIN, IEC \u0219i altele.<\/p><p>- Precizie \u00een testare: Aderarea noastr\u0103 la aceste standarde asigur\u0103 acurate\u021bea \u0219i fiabilitatea solu\u021biilor noastre de testare personalizate.<\/p><p>7. Competen\u021be lingvistice bune:<\/p><p>- Comunicare eficient\u0103: Echipa noastr\u0103 posed\u0103 abilit\u0103\u021bi lingvistice puternice, facilit\u00e2nd comunicarea clar\u0103 \u0219i eficient\u0103 pe tot parcursul procesului de personalizare.<\/p><p><strong>Politica de servicii post-v\u00e2nzare<\/strong><\/p><p>La Cell Instruments Co., Ltd., ne angaj\u0103m s\u0103 oferim servicii post-v\u00e2nzare excep\u021bionale pentru a asigura satisfac\u021bia \u0219i succesul clien\u021bilor no\u0219tri valoro\u0219i. Politica noastr\u0103 privind serviciile post-v\u00e2nzare prezint\u0103 principiile \u0219i procedurile care ghideaz\u0103 angajamentul nostru de a v\u0103 sprijini pe tot parcursul ciclului de via\u021b\u0103 al produsului.<\/p><p>1. Acoperire garan\u021bie:<\/p><p>- Toate produsele Cell Instruments vin cu o perioad\u0103 de garan\u021bie standard, de obicei un an. Aceast\u0103 garan\u021bie acoper\u0103 defectele de fabrica\u021bie \u0219i asigur\u0103 buna func\u021bionare a echipamentului pe parcursul perioadei specificate.<\/p><p>2. Revendic\u0103ri \u00een garan\u021bie:<\/p><p>- \u00cen cazul unei cereri de garan\u021bie, clien\u021bii trebuie s\u0103 furnizeze dovada achizi\u021biei \u0219i o descriere detaliat\u0103 a problemei.<\/p><p>- Echipa noastr\u0103 de asisten\u021b\u0103 tehnic\u0103 va evalua cererea \u0219i va stabili dac\u0103 problema intr\u0103 sub inciden\u021ba garan\u021biei.<\/p><p>- Dac\u0103 este acoperit, vom repara sau \u00eenlocui imediat piesele sau echipamentele defecte.<\/p><p>3. Asisten\u021b\u0103 tehnic\u0103:<\/p><p>- Echipa noastr\u0103 dedicat\u0103 de asisten\u021b\u0103 tehnic\u0103 este disponibil\u0103 pentru a v\u0103 ajuta cu orice \u00eentreb\u0103ri sau probleme pe care le pute\u021bi \u00eent\u00e2mpina.<\/p><p>- Clien\u021bii pot contacta asisten\u021ba noastr\u0103 tehnic\u0103 prin info@celtec.cn \u00een timpul orelor de program.<\/p><p>4. Servicii de \u00eentre\u021binere \u0219i calibrare:<\/p><p>- Recomand\u0103m \u00eentre\u021binerea regulat\u0103 pentru a asigura performan\u021be optime. Clien\u021bii pot programa servicii de \u00eentre\u021binere cu echipa noastr\u0103.<\/p><p>- Serviciile de calibrare sunt disponibile pentru a men\u021bine acurate\u021bea echipamentelor de testare.<\/p><p>5. Disponibilitatea pieselor de schimb:<\/p><p>- Men\u021binem un inventar de piese de schimb pentru a facilita \u00eenlocuirile rapide \u0219i a minimiza timpul de inactivitate.<\/p><p>- Clien\u021bii pot achizi\u021biona piese de schimb originale direct de la noi pentru a asigura compatibilitatea \u0219i performan\u021ba.<\/p><p>6. Formarea clien\u021bilor:<\/p><p>- Sesiunile de instruire online sunt \u00eentotdeauna disponibile pentru clien\u021bii no\u0219tri pentru a-\u0219i maximiza competen\u021ba \u00een utilizarea echipamentelor noastre.<\/p><p>- Instruirea poate fi efectuat\u0103 la fa\u021ba locului (costul urmeaz\u0103 s\u0103 fie discutat) sau la distan\u021b\u0103, \u00een func\u021bie de preferin\u021bele clientului.<\/p><p>7. Feedback-ul clien\u021bilor:<\/p><p>- Apreciem feedback-ul clien\u021bilor, deoarece ne ajut\u0103 s\u0103 ne \u00eembun\u0103t\u0103\u021bim produsele \u0219i serviciile. Clien\u021bii sunt \u00eencuraja\u021bi s\u0103 ofere feedback prin intermediul formularului nostru de contact sau prin e-mail la info@celtec.cn .<\/p><p>8. Informa\u021bii de contact:<\/p><p>Pentru \u00eentreb\u0103ri privind serviciile post-v\u00e2nzare, v\u0103 rug\u0103m s\u0103 contacta\u021bi echipa noastr\u0103 de asisten\u021b\u0103 pentru clien\u021bi la info@celtec.cn sau +86 18560013985.<\/p><p><strong>\u00ceNTREB\u0102RI FRECVENTE<\/strong><\/p><p>\u00ce: Care este termenul de livrare tipic pentru produsele Cell Instruments?<\/p><p>R: Termenele de livrare variaz\u0103 \u00een func\u021bie de produs \u0219i de cerin\u021bele de personalizare. Produsele standard sunt de obicei expediate \u00een termen de 5 zile lucr\u0103toare sau mai pu\u021bin.<\/p><p>\u00ce: Pot s\u0103 accelerez livrarea comenzii mele?<\/p><p>R: Da, sunt disponibile op\u021biuni de expediere accelerat\u0103. V\u0103 rug\u0103m s\u0103 contacta\u021bi echipa noastr\u0103 de v\u00e2nz\u0103ri pentru a discuta cerin\u021bele dvs. specifice \u0219i termenele de livrare.<\/p><p>\u00ce: Ce metode de plat\u0103 accepta\u021bi?<\/p><p>R: \u00cen mod normal, accept\u0103m pl\u0103\u021bi prin transfer bancar.<\/p><p>\u00ce: Exist\u0103 taxe suplimentare pentru utilizarea anumitor metode de plat\u0103?<\/p><p>R: Metodele noastre standard de plat\u0103 nu implic\u0103 comisioane suplimentare. Cu toate acestea, transferurile bancare pot fi supuse unor comisioane bancare.<\/p><p>\u00ce: Cum sunt ambalate produsele pentru expediere?<\/p><p>R: Produsele noastre sunt ambalate \u00een siguran\u021b\u0103 pentru a asigura un tranzit sigur. Folosim materiale de ambalare anti-\u0219oc \u0219i cutii de placaj sau cutii de carton pentru a proteja echipamentul \u00een timpul transportului.<\/p><p>\u00ce: Furniza\u021bi informa\u021bii de urm\u0103rire pentru comenzile expediate?<\/p><p>R: Da, odat\u0103 ce comanda dvs. este expediat\u0103, ve\u021bi primi un e-mail cu informa\u021bii de urm\u0103rire pentru a monitoriza starea expedierii.<\/p><p>\u00ce: Care sunt metodele de expediere disponibile?<\/p><p>R: Alegerea metodei de expediere poate varia \u00een func\u021bie de urgen\u021ba livr\u0103rii, constr\u00e2ngerile bugetare, precum \u0219i de m\u0103rimea \u0219i greutatea bunurilor. \u00centotdeauna lucr\u0103m \u00eendeaproape cu exper\u021bi \u00een logistic\u0103 pentru a optimiza expedierea pentru clien\u021bii no\u0219tri valoro\u0219i.<\/p><p>Metodele de expediere frecvent utilizate sunt:<\/p><p>1. Servicii de curierat (de exemplu, DHL, FedEx, UPS, SF Express):<\/p><p>Descriere: Companii private de curierat care ofer\u0103 servicii door-to-door.<\/p><p>Timp de livrare: Timp de tranzit rapid, similar cu transportul expres.<\/p><p>Potrivit pentru: Pachete de dimensiuni mici \u0219i medii (GW mai pu\u021bin de 60 kg) cu accent pe fiabilitate \u0219i vitez\u0103.<\/p><p>2. Transport aerian:<\/p><p>Descriere: Transport aerian pentru o livrare mai rapid\u0103 \u00een compara\u021bie cu transportul maritim.<\/p><p>Timp de livrare: Mai rapid dec\u00e2t transportul maritim, dar \u00een mod normal mai lent dec\u00e2t transportul expres.<\/p><p>Potrivit pentru: Transporturi sensibile la timp cu un buget \u0219i o greutate moderate. (GW mai mult de 45 kg).<\/p><p>3. Transport maritim:<\/p><p>Descriere: Rentabil pentru transporturi mari \u0219i grele.<\/p><p>Timpul de livrare: Timp de tranzit mai lung \u00een compara\u021bie cu transportul aerian.<\/p><p>Potrivit pentru: Transporturi mari cu accent pe reducerea costurilor \u0219i pe un termen de livrare flexibil.<\/p><p>4. Transport feroviar de marf\u0103:<\/p><p>Descriere: Transport terestru pe calea ferat\u0103, adesea utilizat pentru transporturi intercontinentale, c\u0103tre Asia Central\u0103 sau clien\u021bi europeni.<\/p><p>Timp de livrare: \u00cen general, mai rapid dec\u00e2t transportul maritim, dar mai lent dec\u00e2t transportul aerian.<\/p><p>Potrivit pentru: Transporturi mari cu destina\u021bii accesibile pe calea ferat\u0103.<\/p><p>5. Transport intermodal:<\/p><p>Descriere: O combina\u021bie a mai multor moduri de transport (de exemplu, maritim \u0219i feroviar, camion \u0219i aerian).<\/p><p>Timp de livrare: Variabil, \u00een func\u021bie de combina\u021bia de moduri aleas\u0103.<\/p><p>Potrivit pentru: Scenarii logistice complexe cu un mix de nevoi de transport.<\/p>\t\t\t\t\t\t\t\t<\/div>\n\t\t\t\t\t<\/div>\n\t\t\t\t<\/div>\n\t\t\t\t<\/div>","protected":false},"excerpt":{"rendered":"<p>\u200b Customization Policy: At Cell Instruments Co., Ltd., we recognize the distinct and evolving needs of our diverse clientele spanning various industries. Our commitment is to offer personalized solutions through a comprehensive customization policy, ensuring that our material test equipment meets your specific and unique requirements. Whether your focus lies in packaging, food, pharmaceuticals, medical, [&hellip;]<\/p>","protected":false},"author":1,"featured_media":0,"parent":0,"menu_order":0,"comment_status":"closed","ping_status":"closed","template":"","meta":{"_acf_changed":false,"footnotes":""},"class_list":["post-2076","page","type-page","status-publish","hentry"],"acf":[],"_links":{"self":[{"href":"https:\/\/www.materialstests.com\/ro\/wp-json\/wp\/v2\/pages\/2076","targetHints":{"allow":["GET"]}}],"collection":[{"href":"https:\/\/www.materialstests.com\/ro\/wp-json\/wp\/v2\/pages"}],"about":[{"href":"https:\/\/www.materialstests.com\/ro\/wp-json\/wp\/v2\/types\/page"}],"author":[{"embeddable":true,"href":"https:\/\/www.materialstests.com\/ro\/wp-json\/wp\/v2\/users\/1"}],"replies":[{"embeddable":true,"href":"https:\/\/www.materialstests.com\/ro\/wp-json\/wp\/v2\/comments?post=2076"}],"version-history":[{"count":0,"href":"https:\/\/www.materialstests.com\/ro\/wp-json\/wp\/v2\/pages\/2076\/revisions"}],"wp:attachment":[{"href":"https:\/\/www.materialstests.com\/ro\/wp-json\/wp\/v2\/media?parent=2076"}],"curies":[{"name":"wp","href":"https:\/\/api.w.org\/{rel}","templated":true}]}}