{"id":2020,"date":"2026-01-26T03:32:25","date_gmt":"2026-01-26T03:32:25","guid":{"rendered":"https:\/\/www.materialstests.com\/?page_id=2020"},"modified":"2026-01-26T13:06:21","modified_gmt":"2026-01-26T13:06:21","slug":"about-us","status":"publish","type":"page","link":"https:\/\/www.materialstests.com\/ro\/about-us.html","title":{"rendered":"Despre noi"},"content":{"rendered":"<div data-elementor-type=\"wp-page\" data-elementor-id=\"2020\" class=\"elementor elementor-2020\" data-elementor-post-type=\"page\">\n\t\t\t\t<div class=\"elementor-element elementor-element-c1e7c03 e-flex e-con-boxed e-con e-parent\" data-id=\"c1e7c03\" data-element_type=\"container\" data-settings=\"{&quot;background_background&quot;:&quot;classic&quot;}\">\n\t\t\t\t\t<div class=\"e-con-inner\">\n\t\t\t\t<div class=\"elementor-element elementor-element-8fd22e0 elementor-widget elementor-widget-heading\" data-id=\"8fd22e0\" data-element_type=\"widget\" data-widget_type=\"heading.default\">\n\t\t\t\t\t<div class=\"elementor-heading-title elementor-size-default\"><nav aria-label=\"pesmet\" class=\"rank-math-breadcrumb\"><p><a href=\"https:\/\/www.materialstests.com\/ro\/\">Acas\u0103<\/a><span class=\"separator\"> \u00bb <\/span><span class=\"last\">Acas\u0103<\/span><\/p><\/nav>\u200b<\/div>\t\t\t\t<\/div>\n\t\t\t\t\t<\/div>\n\t\t\t\t<\/div>\n\t\t<div class=\"elementor-element elementor-element-f608734 e-flex e-con-boxed e-con e-parent\" data-id=\"f608734\" data-element_type=\"container\">\n\t\t\t\t\t<div class=\"e-con-inner\">\n\t\t\t\t<div class=\"elementor-element elementor-element-58cb6ea elementor-widget elementor-widget-text-editor\" data-id=\"58cb6ea\" data-element_type=\"widget\" data-widget_type=\"text-editor.default\">\n\t\t\t\t\t\t\t\t\t<p>De la \u00eenfiin\u021barea sa oficial\u0103 \u00een 2014, Cell Instruments a avansat rapid \u00een dezvoltarea \u0219i inovarea produselor, marc\u00e2nd un capitol semnificativ \u00een istoria sa dinamic\u0103. Angajamentul nostru fa\u021b\u0103 de excelen\u021b\u0103 ne-a propulsat s\u0103 atingem repere \u00een domeniul echipamentelor de testare a materialelor, av\u00e2nd linii cuprinz\u0103toare care cuprind testarea materialelor de ambalare, testarea materialelor medicale, testarea alimentelor, testarea produselor farmaceutice, testarea adezivit\u0103\u021bii, testarea h\u00e2rtiei \u0219i a cartonului \u0219i chiar personalizarea la cerere. Aceste solu\u021bii de ultim\u0103 genera\u021bie \u00ee\u0219i g\u0103sesc aplica\u021bii versatile \u00een diverse industrii, inclusiv ambalaje, produse alimentare, farmaceutice, medicale, cosmetice, b\u0103uturi, universit\u0103\u021bi, inspec\u021bie, aderen\u021b\u0103 \u0219i textile.<\/p>\t\t\t\t\t\t\t\t<\/div>\n\t\t\t\t<div class=\"elementor-element elementor-element-c7d07e9 elementor-widget elementor-widget-image\" data-id=\"c7d07e9\" data-element_type=\"widget\" data-widget_type=\"image.default\">\n\t\t\t\t\t\t\t\t\t\t\t\t\t\t\t<img fetchpriority=\"high\" decoding=\"async\" width=\"800\" height=\"400\" src=\"https:\/\/www.materialstests.com\/wp-content\/uploads\/2026\/01\/bc800e5326c92bfcd7f943355926093a.jpg\" class=\"attachment-large size-large wp-image-2238\" alt=\"Produc\u0103tor de echipamente de testare a scurgerilor- DESPRE NOI\" srcset=\"https:\/\/www.materialstests.com\/wp-content\/uploads\/2026\/01\/bc800e5326c92bfcd7f943355926093a.jpg 800w, https:\/\/www.materialstests.com\/wp-content\/uploads\/2026\/01\/bc800e5326c92bfcd7f943355926093a-300x150.jpg 300w, https:\/\/www.materialstests.com\/wp-content\/uploads\/2026\/01\/bc800e5326c92bfcd7f943355926093a-768x384.jpg 768w, https:\/\/www.materialstests.com\/wp-content\/uploads\/2026\/01\/bc800e5326c92bfcd7f943355926093a-18x9.jpg 18w\" sizes=\"(max-width: 800px) 100vw, 800px\" \/>\t\t\t\t\t\t\t\t\t\t\t\t\t\t\t<\/div>\n\t\t\t\t<div class=\"elementor-element elementor-element-127095f elementor-widget elementor-widget-text-editor\" data-id=\"127095f\" data-element_type=\"widget\" data-widget_type=\"text-editor.default\">\n\t\t\t\t\t\t\t\t\t<p>Amprenta noastr\u0103 global\u0103 s-a extins foarte mult, ating\u00e2nd \u0219i influen\u021b\u00e2nd peste 70 de \u021b\u0103ri \u0219i regiuni. La Cell Instruments, misiunea noastr\u0103 se extinde dincolo de simpla furnizare de solu\u021bii de testare; aceasta se \u00eenv\u00e2rte \u00een jurul model\u0103rii peisajului de control al calit\u0103\u021bii clien\u021bilor \u0219i de cercetare \u0219i dezvoltare. Misiunea noastr\u0103 este de a fi recunoscu\u021bi ca o unitate \u2018celul\u0103\u2019 integral\u0103 \u00een cadrul acestor procese, oferind solu\u021bii competitive \u0219i de \u00eencredere utilizatorilor din \u00eentreaga lume.<\/p><p>Ca o for\u021b\u0103 de pionierat \u00een industrie, Cell Instruments r\u0103m\u00e2ne o organiza\u021bie bazat\u0103 pe inginerie, cu un angajament ferm fa\u021b\u0103 de standarde. Prioritiz\u00e2nd excelen\u021ba, am dezvoltat \u00een mod activ modele de instrumente adaptate pentru a r\u0103spunde nevoilor specifice ale clien\u021bilor no\u0219tri, asigur\u00e2nd \u00een acela\u0219i timp conformitatea cu standardele din industrie. Aceste instrumente servesc drept instrumente nepre\u021buite de rezolvare a problemelor, integrate perfect \u00een laboratoarele clien\u021bilor, centrele de cercetare \u0219i dezvoltare, fabricile, s\u0103lile de curs \u0219i nu numai. Experien\u021ba noastr\u0103 tehnic\u0103 garanteaz\u0103 calitatea produselor clien\u021bilor no\u0219tri, permi\u021b\u00e2ndu-le s\u0103 navigheze cu \u00eencredere pe pia\u021ba interna\u021bional\u0103.<\/p>\t\t\t\t\t\t\t\t<\/div>\n\t\t\t\t<div class=\"elementor-element elementor-element-a0311d4 elementor-widget elementor-widget-image\" data-id=\"a0311d4\" data-element_type=\"widget\" data-widget_type=\"image.default\">\n\t\t\t\t\t\t\t\t\t\t\t\t\t\t\t<img decoding=\"async\" width=\"800\" height=\"400\" src=\"https:\/\/www.materialstests.com\/wp-content\/uploads\/2026\/01\/6f6c3ee6a57f3b5a064c916fc412fc69.jpg\" class=\"attachment-large size-large wp-image-2239\" alt=\"Produc\u0103tor de echipamente de testare a scurgerilor- DESPRE NOI\" srcset=\"https:\/\/www.materialstests.com\/wp-content\/uploads\/2026\/01\/6f6c3ee6a57f3b5a064c916fc412fc69.jpg 800w, https:\/\/www.materialstests.com\/wp-content\/uploads\/2026\/01\/6f6c3ee6a57f3b5a064c916fc412fc69-300x150.jpg 300w, https:\/\/www.materialstests.com\/wp-content\/uploads\/2026\/01\/6f6c3ee6a57f3b5a064c916fc412fc69-768x384.jpg 768w, https:\/\/www.materialstests.com\/wp-content\/uploads\/2026\/01\/6f6c3ee6a57f3b5a064c916fc412fc69-18x9.jpg 18w\" sizes=\"(max-width: 800px) 100vw, 800px\" \/>\t\t\t\t\t\t\t\t\t\t\t\t\t\t\t<\/div>\n\t\t\t\t<div class=\"elementor-element elementor-element-5673870 elementor-widget elementor-widget-text-editor\" data-id=\"5673870\" data-element_type=\"widget\" data-widget_type=\"text-editor.default\">\n\t\t\t\t\t\t\t\t\t<p>Cell Instruments s-a pozi\u021bionat nu numai ca produc\u0103tor de echipamente de testare de ultim\u0103 genera\u021bie, ci \u0219i ca partener strategic \u00een succesul afacerilor din \u00eentreaga lume. Echipa noastr\u0103 dedicat\u0103, echipat\u0103 cu o gam\u0103 variat\u0103 de expertiz\u0103, colaboreaz\u0103 neobosit pentru a se asigura c\u0103 clien\u021bii no\u0219tri primesc nu doar produse, ci \u0219i solu\u021bii complete care le sporesc eficien\u021ba, calitatea produselor \u0219i competitivitatea general\u0103.<\/p><p>Situat \u00een ora\u0219ul Jinan, unul dintre marile centre industriale din nordul Chinei, sediul nostru central este centrul opera\u021biunilor noastre, oferind un punct de leg\u0103tur\u0103 pentru cercetare, dezvoltare \u0219i ini\u021biative centrate pe client.<\/p><p>Succesul nostru se extinde dincolo de grani\u021be, deoarece ne implic\u0103m activ \u00een comer\u021bul interna\u021bional, export\u00e2nd solu\u021biile noastre de ultim\u0103 or\u0103 \u00eentr-o multitudine de \u021b\u0103ri. Aceast\u0103 extindere global\u0103 este o dovad\u0103 a viziunii noastre de a promova colaborarea \u0219i \u00eemp\u0103rt\u0103\u0219irea inova\u021biei la scar\u0103 global\u0103.<\/p><p>Pe m\u0103sur\u0103 ce ne continu\u0103m c\u0103l\u0103toria spre excelen\u021b\u0103, v\u0103 invit\u0103m s\u0103 v\u0103 al\u0103tura\u021bi nou\u0103 \u00een modelarea viitorului controlului calit\u0103\u021bii \u0219i al cercet\u0103rii \u0219i dezvolt\u0103rii la scar\u0103 global\u0103.<\/p><p>Dac\u0103 dori\u021bi mai multe informa\u021bii despre acest produs, v\u0103 rug\u0103m s\u0103 nu ezita\u021bi s\u0103 ne contacta\u021bi. Recomand alte produse populare pentru dvs:\u00a0<a class=\"aahaf6o\" title=\"Tester pentru grosimea h\u00e2rtiei \u0219i a cartonului\" href=\"https:\/\/www.materialstests.com\/ro\/paper-board-tester.html\/\">Tester pentru grosimea h\u00e2rtiei \u0219i a cartonului<\/a>,\u00a0<a class=\"aahaf6o\" title=\"Echipament de testare a scurgerilor brute\" href=\"https:\/\/www.materialstests.com\/ro\/gross-leak-tester.html\/\">Echipament de testare a scurgerilor brute<\/a>,\u00a0<a class=\"aahaf6o\" title=\" Tester de scurgere brut\u0103 Echipament de testare\" href=\"https:\/\/www.materialstests.com\/ro\/gross-leak-tester.html\/\">Tester de scurgere brut\u0103 Echipament de testare<\/a>,\u00a0<a class=\"aahaf6o\" title=\"Tester de scurgere brut\u0103 Echipament de testare\" href=\"https:\/\/www.materialstests.com\/ro\/gross-leak-tester.html\/\">Tester de scurgere brut\u0103 Echipament de testare<\/a>,\u00a0<a class=\"aahaf6o\" title=\"Tester de etan\u0219are termic\u0103 gradient Produc\u0103tor\" href=\"https:\/\/www.materialstests.com\/ro\/products\/ghs-01-gradient-heat-seal-tester.html\/\">Tester de etan\u0219are termic\u0103 gradient Produc\u0103tor<\/a>,\u00a0<a class=\"aahaf6o\" title=\"Tester de laborator pentru lipire la cald\" href=\"https:\/\/www.materialstests.com\/ro\/products\/htt-02-hot-tack-tester.html\/\">Tester de laborator pentru lipire la cald<\/a>,\u00a0<a class=\"aahaf6o\" title=\"Tester de gradient termic\" href=\"https:\/\/www.materialstests.com\/ro\/products\/ghs-01-gradient-heat-seal-tester.html\/\">Tester de gradient termic<\/a>,\u00a0<a class=\"aahaf6o\" title=\"tester de contrac\u021bie f\u0103r\u0103 film\" href=\"https:\/\/www.materialstests.com\/ro\/shrink-tester.html\/\">tester de contrac\u021bie f\u0103r\u0103 film<\/a>,\u00a0<a class=\"aahaf6o\" title=\"tester de film termocontractabil\" href=\"https:\/\/www.materialstests.com\/ro\/shrink-tester.html\/\">tester de film termocontractabil<\/a>,\u00a0<a class=\"aahaf6o\" title=\"Tester de durabilitate Flex\" href=\"https:\/\/www.materialstests.com\/ro\/flex-durability-tester.html\/\">Tester de durabilitate Flex<\/a>,\u00a0<a class=\"aahaf6o\" title=\"Tester de etan\u0219are termic\u0103 gradient\" href=\"https:\/\/www.materialstests.com\/ro\/gradient-heat-seal-tester.html\/\">Tester de etan\u0219are termic\u0103 gradient<\/a>,\u00a0<a class=\"aahaf6o\" title=\"Tester de peeling Cling\" href=\"https:\/\/www.materialstests.com\/ro\/products\/spc-01-stretch-film-peeling-cling-tester.html\/\">Tester de peeling Cling<\/a>,\u00a0<a class=\"aahaf6o\" title=\"Tester de putere de men\u021binere\" href=\"https:\/\/www.materialstests.com\/ro\/holding-power-tester.html\/\">Tester de putere de men\u021binere<\/a>,\u00a0<a class=\"aahaf6o\" title=\"Tester de etan\u0219are termic\u0103 de laborator\" href=\"https:\/\/www.materialstests.com\/ro\/products\/hst-01-heat-seal-tester.html\/\">Tester de etan\u0219are termic\u0103 de laborator<\/a>,\u00a0<a class=\"aahaf6o\" title=\"tester de decojire a recipientelor\" href=\"https:\/\/www.materialstests.com\/ro\/productstags\/container-peeling-tester.html\/\">tester de decojire a recipientelor<\/a>,\u00a0<a class=\"aahaf6o\" title=\"china furnizori de testere de etan\u0219are termic\u0103\" href=\"https:\/\/www.materialstests.com\/ro\/heat-seal-tester.html\/\">china furnizori de testere de etan\u0219are termic\u0103<\/a>,\u00a0<a class=\"aahaf6o\" title=\"tester de etan\u0219are termic\u0103 china\" href=\"https:\/\/www.materialstests.com\/ro\/productstags\/china-heat-sealing-tester-factory.html\/\">tester de etan\u0219are termic\u0103 china<\/a>,\u00a0<a class=\"aahaf6o\" title=\"fabricile de testere de etan\u0219are termic\u0103\" href=\"https:\/\/www.materialstests.com\/ro\/productstags\/heat-sealing-tester-factories.html\/\">fabricile de testere de etan\u0219are termic\u0103<\/a>,\u00a0<a class=\"aahaf6o\" title=\"fabricile de testere de etan\u0219are termic\u0103\" href=\"https:\/\/www.materialstests.com\/ro\/productstags\/heat-sealing-tester-factories.html\/\">fabricile de testere de etan\u0219are termic\u0103<\/a>,\u00a0<a class=\"aahaf6o\" title=\"Tester de carbonatare furnizor\" href=\"https:\/\/www.materialstests.com\/ro\/products\/clrt-01-carbon-dioxide-volume-tester.html\/\">Tester de carbonatare furnizor<\/a>,\u00a0<a class=\"aahaf6o\" title=\"Servicii de testare a carbona\u021biei\" href=\"https:\/\/www.materialstests.com\/ro\/products\/clrt-01-carbon-dioxide-volume-tester.html\/\">Servicii de testare a carbona\u021biei<\/a>,\u00a0<a class=\"aahaf6o\" title=\"Servicii Shrink Tester\" href=\"https:\/\/www.materialstests.com\/ro\/shrink-tester.html\/\">Servicii Shrink Tester<\/a>,\u00a0<a class=\"aahaf6o\" title=\"Ball Tack Tester furnizor\" href=\"https:\/\/www.materialstests.com\/ro\/products\/btt-01-ball-tack-tester.html\/\">Ball Tack Tester furnizor<\/a>,\u00a0<a class=\"aahaf6o\" title=\"Bil\u0103 Tack Tester export\" href=\"https:\/\/www.materialstests.com\/ro\/products\/btt-01-ball-tack-tester.html\/\">Bil\u0103 Tack Tester export<\/a>,\u00a0<a class=\"aahaf6o\" title=\"Produc\u0103tor Flex Durability Tester\" href=\"https:\/\/www.materialstests.com\/ro\/flex-durability-tester.html\/\">Produc\u0103tor Flex Durability Tester<\/a>,\u00a0<a class=\"aahaf6o\" title=\"Flex Durabilitate Tester furnizor\" href=\"https:\/\/www.materialstests.com\/ro\/flex-durability-tester.html\/\">Flex Durabilitate Tester furnizor<\/a>,\u00a0<a class=\"aahaf6o\" title=\"Flex Durability Tester export\" href=\"https:\/\/www.materialstests.com\/ro\/flex-durability-tester.html\/\">Flex Durability Tester export<\/a>,\u00a0<a class=\"aahaf6o\" title=\"Flex Durabilitate Tester China\" href=\"https:\/\/www.materialstests.com\/ro\/products\/gft-01-flex-durability-tester.html\/\">Flex Durabilitate Tester China<\/a>,\u00a0<a class=\"aahaf6o\" title=\"Servicii Flex Durability Tester\" href=\"https:\/\/www.materialstests.com\/ro\/products\/gft-01-flex-durability-tester.html\/\">Servicii Flex Durability Tester<\/a><\/p>\t\t\t\t\t\t\t\t<\/div>\n\t\t\t\t\t<\/div>\n\t\t\t\t<\/div>\n\t\t\t\t<\/div>","protected":false},"excerpt":{"rendered":"<p>\u200b Since its official establishment in 2014, Cell Instruments has rapidly ascended in product development and innovation, marking a significant chapter in its dynamic history. Our commitment to excellence has propelled us to achieve milestones in the field of material test equipment, boasting comprehensive lines that encompass Packaging Material Testing, Medical Material Testing, Food Testing, [&hellip;]<\/p>","protected":false},"author":1,"featured_media":0,"parent":0,"menu_order":0,"comment_status":"closed","ping_status":"closed","template":"","meta":{"_acf_changed":false,"footnotes":""},"class_list":["post-2020","page","type-page","status-publish","hentry"],"acf":[],"_links":{"self":[{"href":"https:\/\/www.materialstests.com\/ro\/wp-json\/wp\/v2\/pages\/2020","targetHints":{"allow":["GET"]}}],"collection":[{"href":"https:\/\/www.materialstests.com\/ro\/wp-json\/wp\/v2\/pages"}],"about":[{"href":"https:\/\/www.materialstests.com\/ro\/wp-json\/wp\/v2\/types\/page"}],"author":[{"embeddable":true,"href":"https:\/\/www.materialstests.com\/ro\/wp-json\/wp\/v2\/users\/1"}],"replies":[{"embeddable":true,"href":"https:\/\/www.materialstests.com\/ro\/wp-json\/wp\/v2\/comments?post=2020"}],"version-history":[{"count":0,"href":"https:\/\/www.materialstests.com\/ro\/wp-json\/wp\/v2\/pages\/2020\/revisions"}],"wp:attachment":[{"href":"https:\/\/www.materialstests.com\/ro\/wp-json\/wp\/v2\/media?parent=2020"}],"curies":[{"name":"wp","href":"https:\/\/api.w.org\/{rel}","templated":true}]}}