{"id":2078,"date":"2026-01-26T05:37:06","date_gmt":"2026-01-26T05:37:06","guid":{"rendered":"https:\/\/www.materialstests.com\/?page_id=2078"},"modified":"2026-01-26T13:22:09","modified_gmt":"2026-01-26T13:22:09","slug":"contact-us","status":"publish","type":"page","link":"https:\/\/www.materialstests.com\/pt\/contact-us.html","title":{"rendered":"Contactar-nos"},"content":{"rendered":"<div data-elementor-type=\"wp-page\" data-elementor-id=\"2078\" class=\"elementor elementor-2078\" data-elementor-post-type=\"page\">\n\t\t\t\t<div class=\"elementor-element elementor-element-857c6e4 e-flex e-con-boxed e-con e-parent\" data-id=\"857c6e4\" data-element_type=\"container\" data-settings=\"{&quot;background_background&quot;:&quot;classic&quot;}\">\n\t\t\t\t\t<div class=\"e-con-inner\">\n\t\t\t\t<div class=\"elementor-element elementor-element-18c6c37 elementor-widget elementor-widget-heading\" data-id=\"18c6c37\" data-element_type=\"widget\" data-widget_type=\"heading.default\">\n\t\t\t\t\t<div class=\"elementor-heading-title elementor-size-default\"><nav aria-label=\"p\u00e3o ralado\" class=\"rank-math-breadcrumb\"><p><a href=\"https:\/\/www.materialstests.com\/pt\/\">In\u00edcio<\/a><span class=\"separator\"> \u00bb <\/span><span class=\"last\">In\u00edcio<\/span><\/p><\/nav>\u200b<\/div>\t\t\t\t<\/div>\n\t\t\t\t\t<\/div>\n\t\t\t\t<\/div>\n\t\t<div class=\"elementor-element elementor-element-a267ca2 e-flex e-con-boxed e-con e-parent\" data-id=\"a267ca2\" data-element_type=\"container\">\n\t\t\t\t\t<div class=\"e-con-inner\">\n\t\t\t\t<div class=\"elementor-element elementor-element-cae2fd3 elementor-widget elementor-widget-text-editor\" data-id=\"cae2fd3\" data-element_type=\"widget\" data-widget_type=\"text-editor.default\">\n\t\t\t\t\t\t\t\t\t<p><strong>Cell Instruments Co., Ltd.<\/strong><\/p><p><strong>Telefone<\/strong>: +86 531 88977152<\/p><p><strong>Telem\u00f3vel<\/strong>: +86 18560013985<\/p><p><strong>Correio<\/strong>: trade@celtec.cn<\/p><p><strong>WhatsApp<\/strong>: +86 18560013985<\/p><p><strong>WeChat<\/strong>: +86 18560013985<\/p><p><strong>Endere\u00e7o<\/strong>: No. 5577 Gongyebei Rd, Licheng District, Jinan, 250109, Shandong, China<\/p><p>Se desejar obter mais informa\u00e7\u00f5es sobre este produto, n\u00e3o hesite em contactar-nos. Recomendamos outros produtos populares para si:\u00a0 <a class=\"aahaf6o\" title=\"Testador de espessura de papel e cart\u00e3o\" href=\"https:\/\/www.materialstests.com\/pt\/paper-board-tester.html\/\">Testador de espessura de papel e cart\u00e3o<\/a>,\u00a0<a class=\"aahaf6o\" title=\"Teste de adesividade\" href=\"https:\/\/www.materialstests.com\/pt\/adhesiveness-tester.html\/\">Teste de adesividade<\/a>,\u00a0<a class=\"aahaf6o\" title=\"Testador de gradiente de calor\" href=\"https:\/\/www.materialstests.com\/pt\/products\/ghs-01-gradient-heat-seal-tester.html\/\">Testador de gradiente de calor<\/a>,\u00a0<a class=\"aahaf6o\" title=\"testador de pel\u00edcula termo-retr\u00e1til\" href=\"https:\/\/www.materialstests.com\/pt\/shrink-tester.html\/\">testador de pel\u00edcula termo-retr\u00e1til<\/a>,\u00a0<a class=\"aahaf6o\" title=\"Testador de durabilidade flex\u00edvel\" href=\"https:\/\/www.materialstests.com\/pt\/flex-durability-tester.html\/\">Testador de durabilidade flex\u00edvel<\/a>,\u00a0<a class=\"aahaf6o\" title=\"Testador de selagem por calor gradiente\" href=\"https:\/\/www.materialstests.com\/pt\/gradient-heat-seal-tester.html\/\">Testador de selagem por calor gradiente<\/a>,\u00a0<a class=\"aahaf6o\" title=\"Testador de pel\u00edcula aderente\" href=\"https:\/\/www.materialstests.com\/pt\/products\/spc-01-stretch-film-peeling-cling-tester.html\/\">Testador de pel\u00edcula aderente<\/a>,\u00a0<a class=\"aahaf6o\" title=\"Testador de for\u00e7a de reten\u00e7\u00e3o\" href=\"https:\/\/www.materialstests.com\/pt\/holding-power-tester.html\/\">Testador de for\u00e7a de reten\u00e7\u00e3o<\/a>,\u00a0<a class=\"aahaf6o\" title=\"testador de selagem t\u00e9rmica da china\" href=\"https:\/\/www.materialstests.com\/pt\/productstags\/china-heat-sealing-tester-factory.html\/\">testador de selagem t\u00e9rmica da china<\/a>,\u00a0<a class=\"aahaf6o\" title=\"Servi\u00e7os de teste de carbonata\u00e7\u00e3o\" href=\"https:\/\/www.materialstests.com\/pt\/products\/clrt-01-carbon-dioxide-volume-tester.html\/\">Servi\u00e7os de teste de carbonata\u00e7\u00e3o<\/a>,\u00a0<a class=\"aahaf6o\" title=\"Servi\u00e7os de testador de retra\u00e7\u00e3o\" href=\"https:\/\/www.materialstests.com\/pt\/shrink-tester.html\/\">Servi\u00e7os de testador de retra\u00e7\u00e3o<\/a>,\u00a0<a class=\"aahaf6o\" title=\"Testador de durabilidade flex\u00edvel China\" href=\"https:\/\/www.materialstests.com\/pt\/products\/gft-01-flex-durability-tester.html\/\">Testador de durabilidade flex\u00edvel China<\/a>,\u00a0<a class=\"aahaf6o\" title=\"Servi\u00e7os de testador de durabilidade flex\u00edvel\" href=\"https:\/\/www.materialstests.com\/pt\/products\/gft-01-flex-durability-tester.html\/\">Servi\u00e7os de testador de durabilidade flex\u00edvel<\/a>,\u00a0<a class=\"aahaf6o\" title=\"Testador de retra\u00e7\u00e3o sem pel\u00edcula China\" href=\"https:\/\/www.materialstests.com\/pt\/shrink-tester.html\/\">Testador de retra\u00e7\u00e3o sem pel\u00edcula China<\/a>,\u00a0<a class=\"aahaf6o\" title=\"Testador de selagem por calor gradiente China\" href=\"https:\/\/www.materialstests.com\/pt\/gradient-heat-seal-tester.html\/\">Testador de selagem por calor gradiente China<\/a>,\u00a0<a class=\"aahaf6o\" title=\"Servi\u00e7os de testador de selagem por calor gradiente\" href=\"https:\/\/www.materialstests.com\/pt\/gradient-heat-seal-tester.html\/\">Servi\u00e7os de testador de selagem por calor gradiente<\/a>,\u00a0<a class=\"aahaf6o\" title=\"Testador de pel\u00edcula aderente China\" href=\"https:\/\/www.materialstests.com\/pt\/peeling-cling-tester.html\/\">Testador de pel\u00edcula aderente China<\/a>,\u00a0<a class=\"aahaf6o\" title=\"Servi\u00e7os de testador de pel\u00edcula de descasque\" href=\"https:\/\/www.materialstests.com\/pt\/products\/spc-01-stretch-film-peeling-cling-tester.html\/\">Servi\u00e7os de testador de pel\u00edcula de descasque<\/a>,\u00a0<a class=\"aahaf6o\" title=\"teste de descasque do recipiente\" href=\"https:\/\/www.materialstests.com\/pt\/productstags\/container-peeling-tester.html\/\">teste de descasque do recipiente<\/a>,\u00a0<a class=\"aahaf6o\" title=\"Testador de contentores\" href=\"https:\/\/www.materialstests.com\/pt\/container-tester.html\/\">Testador de contentores<\/a><\/p>\t\t\t\t\t\t\t\t<\/div>\n\t\t\t\t\t<\/div>\n\t\t\t\t<\/div>\n\t\t\t\t<\/div>","protected":false},"excerpt":{"rendered":"<p>\u200b Cell Instruments Co., Ltd. Telephone: +86 531 88977152 Cell phone: +86 18560013985 Mail: trade@celtec.cn WhatsApp: +86 18560013985 WeChat: +86 18560013985 Address: No. 5577 Gongyebei Rd, Licheng District, Jinan, 250109, Shandong, China If you would like more information about this product, please feel free to contact us. Recommend other popular products for you:\u00a0 Paper and [&hellip;]<\/p>","protected":false},"author":1,"featured_media":0,"parent":0,"menu_order":0,"comment_status":"closed","ping_status":"closed","template":"","meta":{"_acf_changed":false,"footnotes":""},"class_list":["post-2078","page","type-page","status-publish","hentry"],"acf":[],"_links":{"self":[{"href":"https:\/\/www.materialstests.com\/pt\/wp-json\/wp\/v2\/pages\/2078","targetHints":{"allow":["GET"]}}],"collection":[{"href":"https:\/\/www.materialstests.com\/pt\/wp-json\/wp\/v2\/pages"}],"about":[{"href":"https:\/\/www.materialstests.com\/pt\/wp-json\/wp\/v2\/types\/page"}],"author":[{"embeddable":true,"href":"https:\/\/www.materialstests.com\/pt\/wp-json\/wp\/v2\/users\/1"}],"replies":[{"embeddable":true,"href":"https:\/\/www.materialstests.com\/pt\/wp-json\/wp\/v2\/comments?post=2078"}],"version-history":[{"count":0,"href":"https:\/\/www.materialstests.com\/pt\/wp-json\/wp\/v2\/pages\/2078\/revisions"}],"wp:attachment":[{"href":"https:\/\/www.materialstests.com\/pt\/wp-json\/wp\/v2\/media?parent=2078"}],"curies":[{"name":"wp","href":"https:\/\/api.w.org\/{rel}","templated":true}]}}