{"id":2076,"date":"2026-01-26T05:36:23","date_gmt":"2026-01-26T05:36:23","guid":{"rendered":"https:\/\/www.materialstests.com\/?page_id=2076"},"modified":"2026-01-26T13:07:58","modified_gmt":"2026-01-26T13:07:58","slug":"service-support","status":"publish","type":"page","link":"https:\/\/www.materialstests.com\/pt\/service-support.html","title":{"rendered":"Apoio ao servi\u00e7o"},"content":{"rendered":"<div data-elementor-type=\"wp-page\" data-elementor-id=\"2076\" class=\"elementor elementor-2076\" data-elementor-post-type=\"page\">\n\t\t\t\t<div class=\"elementor-element elementor-element-0644825 e-flex e-con-boxed e-con e-parent\" data-id=\"0644825\" data-element_type=\"container\" data-settings=\"{&quot;background_background&quot;:&quot;classic&quot;}\">\n\t\t\t\t\t<div class=\"e-con-inner\">\n\t\t\t\t<div class=\"elementor-element elementor-element-9b508b5 elementor-widget elementor-widget-heading\" data-id=\"9b508b5\" data-element_type=\"widget\" data-widget_type=\"heading.default\">\n\t\t\t\t\t<div class=\"elementor-heading-title elementor-size-default\"><nav aria-label=\"p\u00e3o ralado\" class=\"rank-math-breadcrumb\"><p><a href=\"https:\/\/www.materialstests.com\/pt\/\">In\u00edcio<\/a><span class=\"separator\"> \u00bb <\/span><span class=\"last\">In\u00edcio<\/span><\/p><\/nav>\u200b<\/div>\t\t\t\t<\/div>\n\t\t\t\t\t<\/div>\n\t\t\t\t<\/div>\n\t\t<div class=\"elementor-element elementor-element-760817c e-flex e-con-boxed e-con e-parent\" data-id=\"760817c\" data-element_type=\"container\">\n\t\t\t\t\t<div class=\"e-con-inner\">\n\t\t\t\t<div class=\"elementor-element elementor-element-55a348f elementor-widget elementor-widget-text-editor\" data-id=\"55a348f\" data-element_type=\"widget\" data-widget_type=\"text-editor.default\">\n\t\t\t\t\t\t\t\t\t<p><strong>Pol\u00edtica de personaliza\u00e7\u00e3o:<\/strong><\/p><p>Na Cell Instruments Co., Ltd., reconhecemos as necessidades distintas e em evolu\u00e7\u00e3o da nossa clientela diversificada que abrange v\u00e1rios sectores. O nosso compromisso \u00e9 oferecer solu\u00e7\u00f5es personalizadas atrav\u00e9s de uma pol\u00edtica de personaliza\u00e7\u00e3o abrangente, assegurando que o nosso equipamento de teste de materiais satisfaz os seus requisitos espec\u00edficos e \u00fanicos. Quer se trate de embalagens, alimentos, produtos farmac\u00eauticos, m\u00e9dicos, bebidas, adesivos, eletr\u00f3nica ou qualquer outra ind\u00fastria, o nosso objetivo \u00e9 fornecer-lhe solu\u00e7\u00f5es de teste de materiais de ponta, adaptadas \u00e0s suas especifica\u00e7\u00f5es exactas.<\/p><p><strong>Processo de personaliza\u00e7\u00e3o:<\/strong><\/p><p>1. Consulta inicial:<\/p><p>- Discuss\u00e3o e Idea\u00e7\u00e3o: Interaja com os nossos especialistas para trocar ideias sobre o m\u00e9todo de ensaio, as normas e os requisitos espec\u00edficos.<\/p><p>- Avalia\u00e7\u00e3o de materiais: Avaliar o tipo de material, a natureza e as especifica\u00e7\u00f5es para determinar se uma modifica\u00e7\u00e3o de nossos testadores existentes|\u3001Fatores de teste de pl\u00e1sticos pode atender \u00e0s suas necessidades de teste.<\/p><p>2. Rece\u00e7\u00e3o e modifica\u00e7\u00e3o de amostras:<\/p><p>- Avalia\u00e7\u00e3o: Ap\u00f3s a confirma\u00e7\u00e3o de que uma modifica\u00e7\u00e3o do testador atual \u00e9 vi\u00e1vel, recebemos amostras dos clientes.<\/p><p>- Modifica\u00e7\u00e3o t\u00e9cnica: A nossa equipa t\u00e9cnica dedicada, composta por engenheiros de hardware e software, modifica cuidadosamente o aparelho de teste existente com base nos detalhes t\u00e9cnicos discutidos.<\/p><p>*OU*<\/p><p>- Projeto de novo testador: Se uma pequena modifica\u00e7\u00e3o n\u00e3o puder satisfazer os requisitos de teste, a nossa equipa t\u00e9cnica concebe um novo testador e o programa correspondente, garantindo uma solu\u00e7\u00e3o abrangente.<\/p><p>3. Testes de desempenho:<\/p><p>- Garantia de qualidade: Quando o aparelho de teste modificado ou novo estiver pronto, realizamos testes exaustivos em amostras para garantir um desempenho \u00f3timo.<\/p><p>4. Verifica\u00e7\u00e3o e intera\u00e7\u00e3o dos testes:<\/p><p>- Partilha de v\u00eddeos de teste: Fornecemos um v\u00eddeo de teste detalhado que mostra o testador modificado ou recentemente concebido em a\u00e7\u00e3o.<\/p><p>- Convite para teste em direto: Em alternativa, os clientes s\u00e3o convidados a deslocarem-se \u00e0s nossas instala\u00e7\u00f5es para assistirem ao teste em direto, oferecendo uma experi\u00eancia em primeira m\u00e3o das capacidades do equipamento.<\/p><p>5. Confirma\u00e7\u00e3o e envio:<\/p><p>- Aprova\u00e7\u00e3o do cliente: Depois de analisar os resultados dos testes e de experimentar o desempenho do equipamento, os clientes confirmam a sua satisfa\u00e7\u00e3o.<\/p><p>- Finaliza\u00e7\u00e3o: Ap\u00f3s a confirma\u00e7\u00e3o, procedemos ao envio do testador personalizado para uma experi\u00eancia de entrega feliz.<\/p><p><strong>Vantagens na personaliza\u00e7\u00e3o<\/strong><\/p><p>1. Vasta experi\u00eancia no sector:<\/p><p>- Experi\u00eancia em todos os sectores: Com uma presen\u00e7a de longa data, trazemos uma vasta experi\u00eancia em diversas ind\u00fastrias, incluindo embalagens, alimentos, produtos farmac\u00eauticos, m\u00e9dicos, bebidas, adesivos, eletr\u00f3nica e muito mais.<\/p><p>- Conhecimento profundo do sector: Os nossos profissionais possuem um conhecimento profundo dos desafios e requisitos espec\u00edficos do sector.<\/p><p>2. Vasta gama de produtos:<\/p><p>- Carteira de produtos abrangente: Oferecemos uma gama diversificada de equipamentos de teste de materiais para atender a v\u00e1rias necessidades de teste em diferentes ind\u00fastrias.<\/p><p>- Versatilidade nas solu\u00e7\u00f5es: A nossa vasta gama de produtos garante que podemos fornecer solu\u00e7\u00f5es para uma vasta gama de aplica\u00e7\u00f5es de teste.<\/p><p>3. Experi\u00eancia em automatiza\u00e7\u00e3o:<\/p><p>- Integra\u00e7\u00e3o de automa\u00e7\u00e3o: Aproveite a nossa profici\u00eancia em automa\u00e7\u00e3o para simplificar os processos de teste e aumentar a efici\u00eancia.<\/p><p>- Solu\u00e7\u00f5es de automatiza\u00e7\u00e3o \u00e0 medida: A nossa experi\u00eancia permite-nos personalizar solu\u00e7\u00f5es automatizadas para satisfazer as exig\u00eancias espec\u00edficas da ind\u00fastria.<\/p><p>4. Resposta r\u00e1pida e retorno:<\/p><p>- Equipa \u00e1gil e recetiva: A nossa equipa dedicada garante uma resposta r\u00e1pida aos pedidos de informa\u00e7\u00e3o, assegurando um processo de personaliza\u00e7\u00e3o r\u00e1pido e sem problemas.<\/p><p>- Efici\u00eancia na entrega: Beneficie do nosso compromisso de fornecer solu\u00e7\u00f5es personalizadas dentro de um prazo razo\u00e1vel.<\/p><p>5. Acessibilidade:<\/p><p>- Solu\u00e7\u00f5es econ\u00f3micas: Damos prioridade ao fornecimento de op\u00e7\u00f5es de personaliza\u00e7\u00e3o econ\u00f3micas sem comprometer a qualidade.<\/p><p>- Valor do investimento: As nossas solu\u00e7\u00f5es econ\u00f3micas oferecem um excelente valor, assegurando um retorno positivo do seu investimento.<\/p><p>6. Compreens\u00e3o das normas de teste:<\/p><p>- Conformidade com as normas internacionais: Conhecemos bem as normas de ensaio internacionais, tais como ASTM, ISO, GT, YBB, JIS, DIN, IEC, entre outras.<\/p><p>- Precis\u00e3o nos testes: A nossa ades\u00e3o a estas normas garante a precis\u00e3o e a fiabilidade das nossas solu\u00e7\u00f5es de teste personalizadas.<\/p><p>7. Bons conhecimentos lingu\u00edsticos:<\/p><p>- Comunica\u00e7\u00e3o eficaz: A nossa equipa possui fortes compet\u00eancias lingu\u00edsticas, facilitando uma comunica\u00e7\u00e3o clara e eficaz durante todo o processo de personaliza\u00e7\u00e3o.<\/p><p><strong>Pol\u00edtica de servi\u00e7o p\u00f3s-venda<\/strong><\/p><p>Na Cell Instruments Co., Ltd., estamos empenhados em fornecer um servi\u00e7o p\u00f3s-venda excecional para garantir a satisfa\u00e7\u00e3o e o sucesso dos nossos valiosos clientes. A nossa Pol\u00edtica de Servi\u00e7o P\u00f3s-Venda descreve os princ\u00edpios e procedimentos que orientam o nosso compromisso de o apoiar durante todo o ciclo de vida do produto.<\/p><p>1. Cobertura da garantia:<\/p><p>- Todos os produtos Cell Instruments s\u00e3o fornecidos com um per\u00edodo de garantia padr\u00e3o, normalmente de um ano. Esta garantia cobre defeitos de fabrico e assegura o bom funcionamento do equipamento durante o per\u00edodo especificado.<\/p><p>2. Reclama\u00e7\u00f5es de garantia:<\/p><p>- Em caso de reclama\u00e7\u00e3o ao abrigo da garantia, os clientes t\u00eam de apresentar uma prova de compra e uma descri\u00e7\u00e3o pormenorizada do problema.<\/p><p>- A nossa equipa de apoio t\u00e9cnico avaliar\u00e1 a reclama\u00e7\u00e3o e determinar\u00e1 se o problema est\u00e1 abrangido pela cobertura da garantia.<\/p><p>- Se estiver coberto, repararemos ou substituiremos imediatamente as pe\u00e7as ou o equipamento defeituoso.<\/p><p>3. Apoio t\u00e9cnico:<\/p><p>- A nossa equipa de apoio t\u00e9cnico dedicada est\u00e1 dispon\u00edvel para o ajudar com quaisquer d\u00favidas ou problemas que possa encontrar.<\/p><p>- Os clientes podem contactar o nosso apoio t\u00e9cnico atrav\u00e9s de info@celtec.cn durante o hor\u00e1rio de expediente.<\/p><p>4. Servi\u00e7os de manuten\u00e7\u00e3o e calibra\u00e7\u00e3o:<\/p><p>- Recomendamos uma manuten\u00e7\u00e3o regular para garantir um desempenho \u00f3timo. Os clientes podem agendar servi\u00e7os de manuten\u00e7\u00e3o com a nossa equipa.<\/p><p>- Est\u00e3o dispon\u00edveis servi\u00e7os de calibra\u00e7\u00e3o para manter a exatid\u00e3o do equipamento de ensaio.<\/p><p>5. Disponibilidade de pe\u00e7as sobressalentes:<\/p><p>- Mantemos um invent\u00e1rio de pe\u00e7as sobresselentes para facilitar substitui\u00e7\u00f5es r\u00e1pidas e minimizar o tempo de inatividade.<\/p><p>- Os clientes podem comprar pe\u00e7as sobressalentes genu\u00ednas diretamente a n\u00f3s para garantir a compatibilidade e o desempenho.<\/p><p>6. Forma\u00e7\u00e3o de clientes:<\/p><p>- Est\u00e3o sempre dispon\u00edveis sess\u00f5es de forma\u00e7\u00e3o online para que os nossos clientes possam maximizar a sua profici\u00eancia na utiliza\u00e7\u00e3o do nosso equipamento.<\/p><p>- A forma\u00e7\u00e3o pode ser realizada no local (o custo deve ser discutido) ou \u00e0 dist\u00e2ncia, com base nas prefer\u00eancias do cliente.<\/p><p>7. Feedback do cliente:<\/p><p>- Valorizamos o feedback dos clientes, uma vez que nos ajuda a melhorar os nossos produtos e servi\u00e7os. Os clientes s\u00e3o encorajados a dar a sua opini\u00e3o atrav\u00e9s do nosso formul\u00e1rio de contacto ou por correio eletr\u00f3nico info@celtec.cn .<\/p><p>8. Informa\u00e7\u00f5es de contacto:<\/p><p>Para quest\u00f5es relacionadas com o servi\u00e7o p\u00f3s-venda, contacte a nossa equipa de apoio ao cliente atrav\u00e9s de info@celtec.cn ou +86 18560013985.<\/p><p><strong>FAQ<\/strong><\/p><p>P: Qual \u00e9 o prazo de entrega t\u00edpico dos produtos Cell Instruments?<\/p><p>R: Os prazos de entrega variam consoante o produto e os requisitos de personaliza\u00e7\u00e3o. Os produtos standard s\u00e3o normalmente enviados no prazo de 5 dias \u00fateis ou menos.<\/p><p>P: Posso acelerar a entrega da minha encomenda?<\/p><p>R: Sim, est\u00e3o dispon\u00edveis op\u00e7\u00f5es de envio expedito. Contacte a nossa equipa de vendas para analisar os seus requisitos espec\u00edficos e os prazos de entrega.<\/p><p>P: Quais s\u00e3o os m\u00e9todos de pagamento aceites?<\/p><p>R: Normalmente, aceitamos pagamentos por transfer\u00eancia banc\u00e1ria.<\/p><p>P: Existem taxas adicionais pela utiliza\u00e7\u00e3o de determinados m\u00e9todos de pagamento?<\/p><p>R: Os nossos m\u00e9todos de pagamento normais n\u00e3o implicam taxas adicionais. No entanto, as transfer\u00eancias banc\u00e1rias podem estar sujeitas a encargos banc\u00e1rios.<\/p><p>P: Como \u00e9 que os produtos s\u00e3o embalados para envio?<\/p><p>R: Os nossos produtos s\u00e3o embalados de forma segura para garantir um transporte seguro. Utilizamos materiais de embalagem anti-choque e caixas de contraplacado ou de cart\u00e3o para proteger o equipamento durante o transporte.<\/p><p>P: Fornecem informa\u00e7\u00f5es de seguimento das encomendas expedidas?<\/p><p>R: Sim, assim que a sua encomenda for expedida, receber\u00e1 um e-mail com informa\u00e7\u00f5es de seguimento para acompanhar o estado da expedi\u00e7\u00e3o.<\/p><p>P: Quais s\u00e3o os m\u00e9todos de envio dispon\u00edveis?<\/p><p>R: A escolha do m\u00e9todo de envio pode variar consoante a urg\u00eancia da entrega, as restri\u00e7\u00f5es or\u00e7amentais e o tamanho e peso da mercadoria. Trabalhamos sempre em estreita colabora\u00e7\u00e3o com especialistas em log\u00edstica para otimizar o envio para os nossos estimados clientes.<\/p><p>Os m\u00e9todos de envio frequentemente utilizados s\u00e3o:<\/p><p>1. Servi\u00e7os de correio r\u00e1pido (por exemplo, DHL, FedEx, UPS, SF Express):<\/p><p>Descri\u00e7\u00e3o: Empresas de correio privado que oferecem servi\u00e7os porta-a-porta.<\/p><p>Prazo de entrega: Tempos de tr\u00e2nsito r\u00e1pidos, semelhantes aos do envio expresso.<\/p><p>Adequado para: Embalagens de pequena e m\u00e9dia dimens\u00e3o (GW inferior a 60 kg) com \u00eanfase na fiabilidade e rapidez.<\/p><p>2. Transporte a\u00e9reo de mercadorias:<\/p><p>Descri\u00e7\u00e3o: Transporte a\u00e9reo para uma entrega mais r\u00e1pida em compara\u00e7\u00e3o com o transporte mar\u00edtimo.<\/p><p>Prazo de entrega: Mais r\u00e1pido do que o transporte mar\u00edtimo, mas normalmente mais lento do que o transporte expresso.<\/p><p>Adequado para: Envios sens\u00edveis ao tempo com um or\u00e7amento e peso moderados. (GW superior a 45 kg).<\/p><p>3. Transporte mar\u00edtimo:<\/p><p>Descri\u00e7\u00e3o: Econ\u00f3mica para envios grandes e pesados.<\/p><p>Prazo de entrega: Tempos de tr\u00e2nsito mais longos em compara\u00e7\u00e3o com o transporte a\u00e9reo.<\/p><p>Adequado para: Grandes remessas com foco em economia de custos e um cronograma de entrega flex\u00edvel.<\/p><p>4. Transporte ferrovi\u00e1rio de mercadorias:<\/p><p>Descri\u00e7\u00e3o: Transporte terrestre por caminho de ferro, frequentemente utilizado para o transporte intercontinental, para a \u00c1sia Central ou para clientes europeus.<\/p><p>Prazo de entrega: Geralmente mais r\u00e1pido do que o frete mar\u00edtimo, mas mais lento do que o frete a\u00e9reo.<\/p><p>Adequado para: Grandes carregamentos com destinos acess\u00edveis por caminho de ferro.<\/p><p>5. Transporte Intermodal:<\/p><p>Descri\u00e7\u00e3o: Uma combina\u00e7\u00e3o de v\u00e1rios modos de transporte (por exemplo, mar\u00edtimo e ferrovi\u00e1rio, cami\u00e3o e a\u00e9reo).<\/p><p>Prazo de entrega: Vari\u00e1vel, consoante a combina\u00e7\u00e3o de modos escolhida.<\/p><p>Adequado para: Cen\u00e1rios log\u00edsticos complexos com uma mistura de necessidades de transporte.<\/p>\t\t\t\t\t\t\t\t<\/div>\n\t\t\t\t\t<\/div>\n\t\t\t\t<\/div>\n\t\t\t\t<\/div>","protected":false},"excerpt":{"rendered":"<p>\u200b Customization Policy: At Cell Instruments Co., Ltd., we recognize the distinct and evolving needs of our diverse clientele spanning various industries. Our commitment is to offer personalized solutions through a comprehensive customization policy, ensuring that our material test equipment meets your specific and unique requirements. Whether your focus lies in packaging, food, pharmaceuticals, medical, [&hellip;]<\/p>","protected":false},"author":1,"featured_media":0,"parent":0,"menu_order":0,"comment_status":"closed","ping_status":"closed","template":"","meta":{"_acf_changed":false,"footnotes":""},"class_list":["post-2076","page","type-page","status-publish","hentry"],"acf":[],"_links":{"self":[{"href":"https:\/\/www.materialstests.com\/pt\/wp-json\/wp\/v2\/pages\/2076","targetHints":{"allow":["GET"]}}],"collection":[{"href":"https:\/\/www.materialstests.com\/pt\/wp-json\/wp\/v2\/pages"}],"about":[{"href":"https:\/\/www.materialstests.com\/pt\/wp-json\/wp\/v2\/types\/page"}],"author":[{"embeddable":true,"href":"https:\/\/www.materialstests.com\/pt\/wp-json\/wp\/v2\/users\/1"}],"replies":[{"embeddable":true,"href":"https:\/\/www.materialstests.com\/pt\/wp-json\/wp\/v2\/comments?post=2076"}],"version-history":[{"count":0,"href":"https:\/\/www.materialstests.com\/pt\/wp-json\/wp\/v2\/pages\/2076\/revisions"}],"wp:attachment":[{"href":"https:\/\/www.materialstests.com\/pt\/wp-json\/wp\/v2\/media?parent=2076"}],"curies":[{"name":"wp","href":"https:\/\/api.w.org\/{rel}","templated":true}]}}