{"id":2020,"date":"2026-01-26T03:32:25","date_gmt":"2026-01-26T03:32:25","guid":{"rendered":"https:\/\/www.materialstests.com\/?page_id=2020"},"modified":"2026-01-26T13:06:21","modified_gmt":"2026-01-26T13:06:21","slug":"about-us","status":"publish","type":"page","link":"https:\/\/www.materialstests.com\/pt\/about-us.html","title":{"rendered":"Sobre n\u00f3s"},"content":{"rendered":"<div data-elementor-type=\"wp-page\" data-elementor-id=\"2020\" class=\"elementor elementor-2020\" data-elementor-post-type=\"page\">\n\t\t\t\t<div class=\"elementor-element elementor-element-c1e7c03 e-flex e-con-boxed e-con e-parent\" data-id=\"c1e7c03\" data-element_type=\"container\" data-settings=\"{&quot;background_background&quot;:&quot;classic&quot;}\">\n\t\t\t\t\t<div class=\"e-con-inner\">\n\t\t\t\t<div class=\"elementor-element elementor-element-8fd22e0 elementor-widget elementor-widget-heading\" data-id=\"8fd22e0\" data-element_type=\"widget\" data-widget_type=\"heading.default\">\n\t\t\t\t\t<div class=\"elementor-heading-title elementor-size-default\"><nav aria-label=\"p\u00e3o ralado\" class=\"rank-math-breadcrumb\"><p><a href=\"https:\/\/www.materialstests.com\/pt\/\">In\u00edcio<\/a><span class=\"separator\"> \u00bb <\/span><span class=\"last\">In\u00edcio<\/span><\/p><\/nav>\u200b<\/div>\t\t\t\t<\/div>\n\t\t\t\t\t<\/div>\n\t\t\t\t<\/div>\n\t\t<div class=\"elementor-element elementor-element-f608734 e-flex e-con-boxed e-con e-parent\" data-id=\"f608734\" data-element_type=\"container\">\n\t\t\t\t\t<div class=\"e-con-inner\">\n\t\t\t\t<div class=\"elementor-element elementor-element-58cb6ea elementor-widget elementor-widget-text-editor\" data-id=\"58cb6ea\" data-element_type=\"widget\" data-widget_type=\"text-editor.default\">\n\t\t\t\t\t\t\t\t\t<p>Desde a sua cria\u00e7\u00e3o oficial em 2014, a Cell Instruments ascendeu rapidamente no desenvolvimento e inova\u00e7\u00e3o de produtos, marcando um cap\u00edtulo significativo em sua hist\u00f3ria din\u00e2mica. Nosso compromisso com a excel\u00eancia nos levou a alcan\u00e7ar marcos no campo de equipamentos de teste de materiais, ostentando linhas abrangentes que abrangem testes de materiais de embalagem, testes de materiais m\u00e9dicos, testes de alimentos, testes farmac\u00eauticos, testes de adesividade, testes de papel e cart\u00e3o e at\u00e9 personaliza\u00e7\u00e3o sob demanda. Estas solu\u00e7\u00f5es de ponta encontram aplica\u00e7\u00f5es vers\u00e1teis em diversas ind\u00fastrias, incluindo embalagens, alimentar, farmac\u00eautica, m\u00e9dica, cosm\u00e9tica, bebidas, universit\u00e1ria, inspe\u00e7\u00e3o, adesividade e t\u00eaxtil.<\/p>\t\t\t\t\t\t\t\t<\/div>\n\t\t\t\t<div class=\"elementor-element elementor-element-c7d07e9 elementor-widget elementor-widget-image\" data-id=\"c7d07e9\" data-element_type=\"widget\" data-widget_type=\"image.default\">\n\t\t\t\t\t\t\t\t\t\t\t\t\t\t\t<img fetchpriority=\"high\" decoding=\"async\" width=\"800\" height=\"400\" src=\"https:\/\/www.materialstests.com\/wp-content\/uploads\/2026\/01\/bc800e5326c92bfcd7f943355926093a.jpg\" class=\"attachment-large size-large wp-image-2238\" alt=\"Fabricante de equipamento de teste de fugas - SOBRE N\u00d3S\" srcset=\"https:\/\/www.materialstests.com\/wp-content\/uploads\/2026\/01\/bc800e5326c92bfcd7f943355926093a.jpg 800w, https:\/\/www.materialstests.com\/wp-content\/uploads\/2026\/01\/bc800e5326c92bfcd7f943355926093a-300x150.jpg 300w, https:\/\/www.materialstests.com\/wp-content\/uploads\/2026\/01\/bc800e5326c92bfcd7f943355926093a-768x384.jpg 768w, https:\/\/www.materialstests.com\/wp-content\/uploads\/2026\/01\/bc800e5326c92bfcd7f943355926093a-18x9.jpg 18w\" sizes=\"(max-width: 800px) 100vw, 800px\" \/>\t\t\t\t\t\t\t\t\t\t\t\t\t\t\t<\/div>\n\t\t\t\t<div class=\"elementor-element elementor-element-127095f elementor-widget elementor-widget-text-editor\" data-id=\"127095f\" data-element_type=\"widget\" data-widget_type=\"text-editor.default\">\n\t\t\t\t\t\t\t\t\t<p>Nossa presen\u00e7a global se expandiu muito, alcan\u00e7ando e impactando mais de 70 pa\u00edses e regi\u00f5es. Na Cell Instruments, a nossa miss\u00e3o vai al\u00e9m do mero fornecimento de solu\u00e7\u00f5es de teste; gira em torno de moldar a paisagem do controlo de qualidade do cliente e da investiga\u00e7\u00e3o e desenvolvimento. A nossa miss\u00e3o \u00e9 sermos reconhecidos como uma unidade \u2018c\u00e9lula\u2019 integral dentro destes processos, oferecendo solu\u00e7\u00f5es competitivas e de confian\u00e7a aos utilizadores em todo o mundo.<\/p><p>Como uma for\u00e7a pioneira na ind\u00fastria, o Cell Instruments continua a ser uma organiza\u00e7\u00e3o orientada para a engenharia com um compromisso inabal\u00e1vel com os padr\u00f5es. Priorizando a excel\u00eancia, desenvolvemos ativamente modelos de instrumentos adaptados para atender \u00e0s necessidades espec\u00edficas de nossos clientes, garantindo a conformidade com os padr\u00f5es da ind\u00fastria. Estes instrumentos servem como ferramentas inestim\u00e1veis para a resolu\u00e7\u00e3o de problemas, perfeitamente integrados nos laborat\u00f3rios dos clientes, centros de investiga\u00e7\u00e3o e desenvolvimento, locais de fabrico, salas de aula e muito mais. A nossa experi\u00eancia t\u00e9cnica salvaguarda a qualidade dos produtos dos nossos clientes, permitindo-lhes navegar no mercado internacional com confian\u00e7a.<\/p>\t\t\t\t\t\t\t\t<\/div>\n\t\t\t\t<div class=\"elementor-element elementor-element-a0311d4 elementor-widget elementor-widget-image\" data-id=\"a0311d4\" data-element_type=\"widget\" data-widget_type=\"image.default\">\n\t\t\t\t\t\t\t\t\t\t\t\t\t\t\t<img decoding=\"async\" width=\"800\" height=\"400\" src=\"https:\/\/www.materialstests.com\/wp-content\/uploads\/2026\/01\/6f6c3ee6a57f3b5a064c916fc412fc69.jpg\" class=\"attachment-large size-large wp-image-2239\" alt=\"Fabricante de equipamento de teste de fugas - SOBRE N\u00d3S\" srcset=\"https:\/\/www.materialstests.com\/wp-content\/uploads\/2026\/01\/6f6c3ee6a57f3b5a064c916fc412fc69.jpg 800w, https:\/\/www.materialstests.com\/wp-content\/uploads\/2026\/01\/6f6c3ee6a57f3b5a064c916fc412fc69-300x150.jpg 300w, https:\/\/www.materialstests.com\/wp-content\/uploads\/2026\/01\/6f6c3ee6a57f3b5a064c916fc412fc69-768x384.jpg 768w, https:\/\/www.materialstests.com\/wp-content\/uploads\/2026\/01\/6f6c3ee6a57f3b5a064c916fc412fc69-18x9.jpg 18w\" sizes=\"(max-width: 800px) 100vw, 800px\" \/>\t\t\t\t\t\t\t\t\t\t\t\t\t\t\t<\/div>\n\t\t\t\t<div class=\"elementor-element elementor-element-5673870 elementor-widget elementor-widget-text-editor\" data-id=\"5673870\" data-element_type=\"widget\" data-widget_type=\"text-editor.default\">\n\t\t\t\t\t\t\t\t\t<p>A Cell Instruments posicionou-se n\u00e3o s\u00f3 como um fabricante de equipamentos de teste de \u00faltima gera\u00e7\u00e3o, mas tamb\u00e9m como um parceiro estrat\u00e9gico para o sucesso de empresas em todo o mundo. A nossa equipa dedicada, equipada com uma gama diversificada de conhecimentos, colabora incansavelmente para garantir que os nossos clientes recebam n\u00e3o s\u00f3 produtos, mas tamb\u00e9m solu\u00e7\u00f5es abrangentes que aumentem a sua efici\u00eancia, a qualidade dos produtos e a competitividade global.<\/p><p>Localizada na cidade de Jinan, um dos principais p\u00f3los industriais do norte da China, a nossa sede \u00e9 o centro das nossas opera\u00e7\u00f5es, proporcionando um nexo para a investiga\u00e7\u00e3o, desenvolvimento e iniciativas centradas no cliente.<\/p><p>O nosso sucesso estende-se para al\u00e9m das fronteiras, uma vez que participamos ativamente no com\u00e9rcio internacional, exportando as nossas solu\u00e7\u00f5es de ponta para uma multiplicidade de pa\u00edses. Este alcance global \u00e9 um testemunho da nossa vis\u00e3o de promover a colabora\u00e7\u00e3o e partilhar a inova\u00e7\u00e3o \u00e0 escala global.<\/p><p>\u00c0 medida que continuamos a nossa viagem rumo \u00e0 excel\u00eancia, convidamo-lo a juntar-se a n\u00f3s para moldar o futuro do controlo de qualidade e da investiga\u00e7\u00e3o e desenvolvimento \u00e0 escala global.<\/p><p>Se desejar obter mais informa\u00e7\u00f5es sobre este produto, n\u00e3o hesite em contactar-nos. Recomendamos outros produtos populares para si:\u00a0<a class=\"aahaf6o\" title=\"Testador de espessura de papel e cart\u00e3o\" href=\"https:\/\/www.materialstests.com\/pt\/paper-board-tester.html\/\">Testador de espessura de papel e cart\u00e3o<\/a>,\u00a0<a class=\"aahaf6o\" title=\"Equipamento de ensaio de fugas brutas\" href=\"https:\/\/www.materialstests.com\/pt\/gross-leak-tester.html\/\">Equipamento de ensaio de fugas brutas<\/a>,\u00a0<a class=\"aahaf6o\" title=\" Testador de vazamento bruto Teste de equipamento\" href=\"https:\/\/www.materialstests.com\/pt\/gross-leak-tester.html\/\">Testador de vazamento bruto Teste de equipamento<\/a>,\u00a0<a class=\"aahaf6o\" title=\"Testador de vazamento bruto Teste de equipamento\" href=\"https:\/\/www.materialstests.com\/pt\/gross-leak-tester.html\/\">Testador de vazamento bruto Teste de equipamento<\/a>,\u00a0<a class=\"aahaf6o\" title=\"Testador de selagem por calor gradiente Fabricante\" href=\"https:\/\/www.materialstests.com\/pt\/products\/ghs-01-gradient-heat-seal-tester.html\/\">Testador de selagem por calor gradiente Fabricante<\/a>,\u00a0<a class=\"aahaf6o\" title=\"Testador de Hot Tack de laborat\u00f3rio\" href=\"https:\/\/www.materialstests.com\/pt\/products\/htt-02-hot-tack-tester.html\/\">Testador de Hot Tack de laborat\u00f3rio<\/a>,\u00a0<a class=\"aahaf6o\" title=\"Testador de gradiente de calor\" href=\"https:\/\/www.materialstests.com\/pt\/products\/ghs-01-gradient-heat-seal-tester.html\/\">Testador de gradiente de calor<\/a>,\u00a0<a class=\"aahaf6o\" title=\"aparelho de teste de retra\u00e7\u00e3o sem pel\u00edcula\" href=\"https:\/\/www.materialstests.com\/pt\/shrink-tester.html\/\">aparelho de teste de retra\u00e7\u00e3o sem pel\u00edcula<\/a>,\u00a0<a class=\"aahaf6o\" title=\"testador de pel\u00edcula termo-retr\u00e1til\" href=\"https:\/\/www.materialstests.com\/pt\/shrink-tester.html\/\">testador de pel\u00edcula termo-retr\u00e1til<\/a>,\u00a0<a class=\"aahaf6o\" title=\"Testador de durabilidade flex\u00edvel\" href=\"https:\/\/www.materialstests.com\/pt\/flex-durability-tester.html\/\">Testador de durabilidade flex\u00edvel<\/a>,\u00a0<a class=\"aahaf6o\" title=\"Testador de selagem por calor gradiente\" href=\"https:\/\/www.materialstests.com\/pt\/gradient-heat-seal-tester.html\/\">Testador de selagem por calor gradiente<\/a>,\u00a0<a class=\"aahaf6o\" title=\"Testador de pel\u00edcula aderente\" href=\"https:\/\/www.materialstests.com\/pt\/products\/spc-01-stretch-film-peeling-cling-tester.html\/\">Testador de pel\u00edcula aderente<\/a>,\u00a0<a class=\"aahaf6o\" title=\"Testador de for\u00e7a de reten\u00e7\u00e3o\" href=\"https:\/\/www.materialstests.com\/pt\/holding-power-tester.html\/\">Testador de for\u00e7a de reten\u00e7\u00e3o<\/a>,\u00a0<a class=\"aahaf6o\" title=\"Testador de selagem t\u00e9rmica de laborat\u00f3rio\" href=\"https:\/\/www.materialstests.com\/pt\/products\/hst-01-heat-seal-tester.html\/\">Testador de selagem t\u00e9rmica de laborat\u00f3rio<\/a>,\u00a0<a class=\"aahaf6o\" title=\"teste de descasque do recipiente\" href=\"https:\/\/www.materialstests.com\/pt\/productstags\/container-peeling-tester.html\/\">teste de descasque do recipiente<\/a>,\u00a0<a class=\"aahaf6o\" title=\"fornecedores de testador de selagem t\u00e9rmica na china\" href=\"https:\/\/www.materialstests.com\/pt\/heat-seal-tester.html\/\">fornecedores de testador de selagem t\u00e9rmica na china<\/a>,\u00a0<a class=\"aahaf6o\" title=\"testador de selagem t\u00e9rmica da china\" href=\"https:\/\/www.materialstests.com\/pt\/productstags\/china-heat-sealing-tester-factory.html\/\">testador de selagem t\u00e9rmica da china<\/a>,\u00a0<a class=\"aahaf6o\" title=\"f\u00e1bricas de testadores de selagem t\u00e9rmica\" href=\"https:\/\/www.materialstests.com\/pt\/productstags\/heat-sealing-tester-factories.html\/\">f\u00e1bricas de testadores de selagem t\u00e9rmica<\/a>,\u00a0<a class=\"aahaf6o\" title=\"f\u00e1bricas de testadores de selagem a quente\" href=\"https:\/\/www.materialstests.com\/pt\/productstags\/heat-sealing-tester-factories.html\/\">f\u00e1bricas de testadores de selagem a quente<\/a>,\u00a0<a class=\"aahaf6o\" title=\"Fornecedor de verificador de carbonata\u00e7\u00e3o\" href=\"https:\/\/www.materialstests.com\/pt\/products\/clrt-01-carbon-dioxide-volume-tester.html\/\">Fornecedor de verificador de carbonata\u00e7\u00e3o<\/a>,\u00a0<a class=\"aahaf6o\" title=\"Servi\u00e7os de teste de carbonata\u00e7\u00e3o\" href=\"https:\/\/www.materialstests.com\/pt\/products\/clrt-01-carbon-dioxide-volume-tester.html\/\">Servi\u00e7os de teste de carbonata\u00e7\u00e3o<\/a>,\u00a0<a class=\"aahaf6o\" title=\"Servi\u00e7os de testador de retra\u00e7\u00e3o\" href=\"https:\/\/www.materialstests.com\/pt\/shrink-tester.html\/\">Servi\u00e7os de testador de retra\u00e7\u00e3o<\/a>,\u00a0<a class=\"aahaf6o\" title=\"Fornecedor de verificador de ader\u00eancia de esferas\" href=\"https:\/\/www.materialstests.com\/pt\/products\/btt-01-ball-tack-tester.html\/\">Fornecedor de verificador de ader\u00eancia de esferas<\/a>,\u00a0<a class=\"aahaf6o\" title=\"Exporta\u00e7\u00e3o de Ball Tack Tester\" href=\"https:\/\/www.materialstests.com\/pt\/products\/btt-01-ball-tack-tester.html\/\">Exporta\u00e7\u00e3o de Ball Tack Tester<\/a>,\u00a0<a class=\"aahaf6o\" title=\"Fabricante de testador de durabilidade flex\u00edvel\" href=\"https:\/\/www.materialstests.com\/pt\/flex-durability-tester.html\/\">Fabricante de testador de durabilidade flex\u00edvel<\/a>,\u00a0<a class=\"aahaf6o\" title=\"Fornecedor de testador de durabilidade flex\u00edvel\" href=\"https:\/\/www.materialstests.com\/pt\/flex-durability-tester.html\/\">Fornecedor de testador de durabilidade flex\u00edvel<\/a>,\u00a0<a class=\"aahaf6o\" title=\"Exporta\u00e7\u00e3o de testador de durabilidade flex\u00edvel\" href=\"https:\/\/www.materialstests.com\/pt\/flex-durability-tester.html\/\">Exporta\u00e7\u00e3o de testador de durabilidade flex\u00edvel<\/a>,\u00a0<a class=\"aahaf6o\" title=\"Testador de durabilidade flex\u00edvel China\" href=\"https:\/\/www.materialstests.com\/pt\/products\/gft-01-flex-durability-tester.html\/\">Testador de durabilidade flex\u00edvel China<\/a>,\u00a0<a class=\"aahaf6o\" title=\"Servi\u00e7os de testador de durabilidade flex\u00edvel\" href=\"https:\/\/www.materialstests.com\/pt\/products\/gft-01-flex-durability-tester.html\/\">Servi\u00e7os de testador de durabilidade flex\u00edvel<\/a><\/p>\t\t\t\t\t\t\t\t<\/div>\n\t\t\t\t\t<\/div>\n\t\t\t\t<\/div>\n\t\t\t\t<\/div>","protected":false},"excerpt":{"rendered":"<p>\u200b Since its official establishment in 2014, Cell Instruments has rapidly ascended in product development and innovation, marking a significant chapter in its dynamic history. Our commitment to excellence has propelled us to achieve milestones in the field of material test equipment, boasting comprehensive lines that encompass Packaging Material Testing, Medical Material Testing, Food Testing, [&hellip;]<\/p>","protected":false},"author":1,"featured_media":0,"parent":0,"menu_order":0,"comment_status":"closed","ping_status":"closed","template":"","meta":{"_acf_changed":false,"footnotes":""},"class_list":["post-2020","page","type-page","status-publish","hentry"],"acf":[],"_links":{"self":[{"href":"https:\/\/www.materialstests.com\/pt\/wp-json\/wp\/v2\/pages\/2020","targetHints":{"allow":["GET"]}}],"collection":[{"href":"https:\/\/www.materialstests.com\/pt\/wp-json\/wp\/v2\/pages"}],"about":[{"href":"https:\/\/www.materialstests.com\/pt\/wp-json\/wp\/v2\/types\/page"}],"author":[{"embeddable":true,"href":"https:\/\/www.materialstests.com\/pt\/wp-json\/wp\/v2\/users\/1"}],"replies":[{"embeddable":true,"href":"https:\/\/www.materialstests.com\/pt\/wp-json\/wp\/v2\/comments?post=2020"}],"version-history":[{"count":0,"href":"https:\/\/www.materialstests.com\/pt\/wp-json\/wp\/v2\/pages\/2020\/revisions"}],"wp:attachment":[{"href":"https:\/\/www.materialstests.com\/pt\/wp-json\/wp\/v2\/media?parent=2020"}],"curies":[{"name":"wp","href":"https:\/\/api.w.org\/{rel}","templated":true}]}}