{"id":2078,"date":"2026-01-26T05:37:06","date_gmt":"2026-01-26T05:37:06","guid":{"rendered":"https:\/\/www.materialstests.com\/?page_id=2078"},"modified":"2026-01-26T13:22:09","modified_gmt":"2026-01-26T13:22:09","slug":"contact-us","status":"publish","type":"page","link":"https:\/\/www.materialstests.com\/pl\/contact-us.html","title":{"rendered":"Kontakt"},"content":{"rendered":"<div data-elementor-type=\"wp-page\" data-elementor-id=\"2078\" class=\"elementor elementor-2078\" data-elementor-post-type=\"page\">\n\t\t\t\t<div class=\"elementor-element elementor-element-857c6e4 e-flex e-con-boxed e-con e-parent\" data-id=\"857c6e4\" data-element_type=\"container\" data-settings=\"{&quot;background_background&quot;:&quot;classic&quot;}\">\n\t\t\t\t\t<div class=\"e-con-inner\">\n\t\t\t\t<div class=\"elementor-element elementor-element-18c6c37 elementor-widget elementor-widget-heading\" data-id=\"18c6c37\" data-element_type=\"widget\" data-widget_type=\"heading.default\">\n\t\t\t\t\t<div class=\"elementor-heading-title elementor-size-default\"><nav aria-label=\"bu\u0142ka tarta\" class=\"rank-math-breadcrumb\"><p><a href=\"https:\/\/www.materialstests.com\/pl\/\">Strona g\u0142\u00f3wna<\/a><span class=\"separator\"> \u00bb <\/span><span class=\"last\">Strona g\u0142\u00f3wna<\/span><\/p><\/nav>\u200b<\/div>\t\t\t\t<\/div>\n\t\t\t\t\t<\/div>\n\t\t\t\t<\/div>\n\t\t<div class=\"elementor-element elementor-element-a267ca2 e-flex e-con-boxed e-con e-parent\" data-id=\"a267ca2\" data-element_type=\"container\">\n\t\t\t\t\t<div class=\"e-con-inner\">\n\t\t\t\t<div class=\"elementor-element elementor-element-cae2fd3 elementor-widget elementor-widget-text-editor\" data-id=\"cae2fd3\" data-element_type=\"widget\" data-widget_type=\"text-editor.default\">\n\t\t\t\t\t\t\t\t\t<p><strong>Cell Instruments Co, Ltd.<\/strong><\/p><p><strong>Telefon<\/strong>: +86 531 88977152<\/p><p><strong>Telefon kom\u00f3rkowy<\/strong>: +86 18560013985<\/p><p><strong>Poczta<\/strong>: trade@celtec.cn<\/p><p><strong>WhatsApp<\/strong>: +86 18560013985<\/p><p><strong>WeChat<\/strong>: +86 18560013985<\/p><p><strong>Adres<\/strong>: Nr 5577 Gongyebei Rd, Licheng District, Jinan, 250109, Shandong, Chiny<\/p><p>Je\u015bli chcesz uzyska\u0107 wi\u0119cej informacji na temat tego produktu, skontaktuj si\u0119 z nami. Polecamy r\u00f3wnie\u017c inne popularne produkty:\u00a0 <a class=\"aahaf6o\" title=\"Tester grubo\u015bci papieru i tektury\" href=\"https:\/\/www.materialstests.com\/pl\/paper-board-tester.html\/\">Tester grubo\u015bci papieru i tektury<\/a>,\u00a0<a class=\"aahaf6o\" title=\"Testowanie przyczepno\u015bci\" href=\"https:\/\/www.materialstests.com\/pl\/adhesiveness-tester.html\/\">Testowanie przyczepno\u015bci<\/a>,\u00a0<a class=\"aahaf6o\" title=\"Tester gradientu ciep\u0142a\" href=\"https:\/\/www.materialstests.com\/pl\/products\/ghs-01-gradient-heat-seal-tester.html\/\">Tester gradientu ciep\u0142a<\/a>,\u00a0<a class=\"aahaf6o\" title=\"tester folii termokurczliwej\" href=\"https:\/\/www.materialstests.com\/pl\/shrink-tester.html\/\">tester folii termokurczliwej<\/a>,\u00a0<a class=\"aahaf6o\" title=\"Elastyczny tester wytrzyma\u0142o\u015bci\" href=\"https:\/\/www.materialstests.com\/pl\/flex-durability-tester.html\/\">Elastyczny tester wytrzyma\u0142o\u015bci<\/a>,\u00a0<a class=\"aahaf6o\" title=\"Gradientowy tester szczelno\u015bci termicznej\" href=\"https:\/\/www.materialstests.com\/pl\/gradient-heat-seal-tester.html\/\">Gradientowy tester szczelno\u015bci termicznej<\/a>,\u00a0<a class=\"aahaf6o\" title=\"Tester odklejaj\u0105cej si\u0119 pow\u0142oki\" href=\"https:\/\/www.materialstests.com\/pl\/products\/spc-01-stretch-film-peeling-cling-tester.html\/\">Tester odklejaj\u0105cej si\u0119 pow\u0142oki<\/a>,\u00a0<a class=\"aahaf6o\" title=\"Tester si\u0142y trzymania\" href=\"https:\/\/www.materialstests.com\/pl\/holding-power-tester.html\/\">Tester si\u0142y trzymania<\/a>,\u00a0<a class=\"aahaf6o\" title=\"chi\u0144ski tester zgrzewania\" href=\"https:\/\/www.materialstests.com\/pl\/productstags\/china-heat-sealing-tester-factory.html\/\">chi\u0144ski tester zgrzewania<\/a>,\u00a0<a class=\"aahaf6o\" title=\"Us\u0142ugi testera nasycenia dwutlenkiem w\u0119gla\" href=\"https:\/\/www.materialstests.com\/pl\/products\/clrt-01-carbon-dioxide-volume-tester.html\/\">Us\u0142ugi testera nasycenia dwutlenkiem w\u0119gla<\/a>,\u00a0<a class=\"aahaf6o\" title=\"Us\u0142ugi testera kurczliwo\u015bci\" href=\"https:\/\/www.materialstests.com\/pl\/shrink-tester.html\/\">Us\u0142ugi testera kurczliwo\u015bci<\/a>,\u00a0<a class=\"aahaf6o\" title=\"Elastyczny tester wytrzyma\u0142o\u015bci Chiny\" href=\"https:\/\/www.materialstests.com\/pl\/products\/gft-01-flex-durability-tester.html\/\">Elastyczny tester wytrzyma\u0142o\u015bci Chiny<\/a>,\u00a0<a class=\"aahaf6o\" title=\"Us\u0142ugi testera elastycznej wytrzyma\u0142o\u015bci\" href=\"https:\/\/www.materialstests.com\/pl\/products\/gft-01-flex-durability-tester.html\/\">Us\u0142ugi testera elastycznej wytrzyma\u0142o\u015bci<\/a>,\u00a0<a class=\"aahaf6o\" title=\"Tester kurczliwo\u015bci bez folii Chiny\" href=\"https:\/\/www.materialstests.com\/pl\/shrink-tester.html\/\">Tester kurczliwo\u015bci bez folii Chiny<\/a>,\u00a0<a class=\"aahaf6o\" title=\"Gradientowy tester zgrzewu Chiny\" href=\"https:\/\/www.materialstests.com\/pl\/gradient-heat-seal-tester.html\/\">Gradientowy tester zgrzewu Chiny<\/a>,\u00a0<a class=\"aahaf6o\" title=\"Us\u0142ugi testera zgrzewania gradientowego\" href=\"https:\/\/www.materialstests.com\/pl\/gradient-heat-seal-tester.html\/\">Us\u0142ugi testera zgrzewania gradientowego<\/a>,\u00a0<a class=\"aahaf6o\" title=\"Tester odklejania folii Chiny\" href=\"https:\/\/www.materialstests.com\/pl\/peeling-cling-tester.html\/\">Tester odklejania folii Chiny<\/a>,\u00a0<a class=\"aahaf6o\" title=\"Us\u0142ugi testera odklejaj\u0105cej si\u0119 pow\u0142oki\" href=\"https:\/\/www.materialstests.com\/pl\/products\/spc-01-stretch-film-peeling-cling-tester.html\/\">Us\u0142ugi testera odklejaj\u0105cej si\u0119 pow\u0142oki<\/a>,\u00a0<a class=\"aahaf6o\" title=\"tester z\u0142uszczania pojemnika\" href=\"https:\/\/www.materialstests.com\/pl\/productstags\/container-peeling-tester.html\/\">tester z\u0142uszczania pojemnika<\/a>,\u00a0<a class=\"aahaf6o\" title=\"Tester pojemnik\u00f3w\" href=\"https:\/\/www.materialstests.com\/pl\/container-tester.html\/\">Tester pojemnik\u00f3w<\/a><\/p>\t\t\t\t\t\t\t\t<\/div>\n\t\t\t\t\t<\/div>\n\t\t\t\t<\/div>\n\t\t\t\t<\/div>","protected":false},"excerpt":{"rendered":"<p>\u200b Cell Instruments Co., Ltd. Telephone: +86 531 88977152 Cell phone: +86 18560013985 Mail: trade@celtec.cn WhatsApp: +86 18560013985 WeChat: +86 18560013985 Address: No. 5577 Gongyebei Rd, Licheng District, Jinan, 250109, Shandong, China If you would like more information about this product, please feel free to contact us. Recommend other popular products for you:\u00a0 Paper and [&hellip;]<\/p>","protected":false},"author":1,"featured_media":0,"parent":0,"menu_order":0,"comment_status":"closed","ping_status":"closed","template":"","meta":{"_acf_changed":false,"footnotes":""},"class_list":["post-2078","page","type-page","status-publish","hentry"],"acf":[],"_links":{"self":[{"href":"https:\/\/www.materialstests.com\/pl\/wp-json\/wp\/v2\/pages\/2078","targetHints":{"allow":["GET"]}}],"collection":[{"href":"https:\/\/www.materialstests.com\/pl\/wp-json\/wp\/v2\/pages"}],"about":[{"href":"https:\/\/www.materialstests.com\/pl\/wp-json\/wp\/v2\/types\/page"}],"author":[{"embeddable":true,"href":"https:\/\/www.materialstests.com\/pl\/wp-json\/wp\/v2\/users\/1"}],"replies":[{"embeddable":true,"href":"https:\/\/www.materialstests.com\/pl\/wp-json\/wp\/v2\/comments?post=2078"}],"version-history":[{"count":0,"href":"https:\/\/www.materialstests.com\/pl\/wp-json\/wp\/v2\/pages\/2078\/revisions"}],"wp:attachment":[{"href":"https:\/\/www.materialstests.com\/pl\/wp-json\/wp\/v2\/media?parent=2078"}],"curies":[{"name":"wp","href":"https:\/\/api.w.org\/{rel}","templated":true}]}}