{"id":2076,"date":"2026-01-26T05:36:23","date_gmt":"2026-01-26T05:36:23","guid":{"rendered":"https:\/\/www.materialstests.com\/?page_id=2076"},"modified":"2026-01-26T13:07:58","modified_gmt":"2026-01-26T13:07:58","slug":"service-support","status":"publish","type":"page","link":"https:\/\/www.materialstests.com\/pl\/service-support.html","title":{"rendered":"Wsparcie serwisowe"},"content":{"rendered":"<div data-elementor-type=\"wp-page\" data-elementor-id=\"2076\" class=\"elementor elementor-2076\" data-elementor-post-type=\"page\">\n\t\t\t\t<div class=\"elementor-element elementor-element-0644825 e-flex e-con-boxed e-con e-parent\" data-id=\"0644825\" data-element_type=\"container\" data-settings=\"{&quot;background_background&quot;:&quot;classic&quot;}\">\n\t\t\t\t\t<div class=\"e-con-inner\">\n\t\t\t\t<div class=\"elementor-element elementor-element-9b508b5 elementor-widget elementor-widget-heading\" data-id=\"9b508b5\" data-element_type=\"widget\" data-widget_type=\"heading.default\">\n\t\t\t\t\t<div class=\"elementor-heading-title elementor-size-default\"><nav aria-label=\"bu\u0142ka tarta\" class=\"rank-math-breadcrumb\"><p><a href=\"https:\/\/www.materialstests.com\/pl\/\">Strona g\u0142\u00f3wna<\/a><span class=\"separator\"> \u00bb <\/span><span class=\"last\">Strona g\u0142\u00f3wna<\/span><\/p><\/nav>\u200b<\/div>\t\t\t\t<\/div>\n\t\t\t\t\t<\/div>\n\t\t\t\t<\/div>\n\t\t<div class=\"elementor-element elementor-element-760817c e-flex e-con-boxed e-con e-parent\" data-id=\"760817c\" data-element_type=\"container\">\n\t\t\t\t\t<div class=\"e-con-inner\">\n\t\t\t\t<div class=\"elementor-element elementor-element-55a348f elementor-widget elementor-widget-text-editor\" data-id=\"55a348f\" data-element_type=\"widget\" data-widget_type=\"text-editor.default\">\n\t\t\t\t\t\t\t\t\t<p><strong>Zasady dostosowywania:<\/strong><\/p><p>W Cell Instruments Co., Ltd. zdajemy sobie spraw\u0119 z odr\u0119bnych i zmieniaj\u0105cych si\u0119 potrzeb naszych zr\u00f3\u017cnicowanych klient\u00f3w z r\u00f3\u017cnych bran\u017c. Naszym zobowi\u0105zaniem jest oferowanie spersonalizowanych rozwi\u0105za\u0144 poprzez kompleksow\u0105 polityk\u0119 dostosowywania, zapewniaj\u0105c, \u017ce nasz sprz\u0119t do testowania materia\u0142\u00f3w spe\u0142nia okre\u015blone i unikalne wymagania. Niezale\u017cnie od tego, czy koncentrujesz si\u0119 na opakowaniach, \u017cywno\u015bci, farmaceutykach, medycynie, napojach, klejach, elektronice czy jakiejkolwiek innej bran\u017cy, naszym celem jest zapewnienie najnowocze\u015bniejszych rozwi\u0105za\u0144 do testowania materia\u0142\u00f3w dostosowanych do Twoich dok\u0142adnych specyfikacji.<\/p><p><strong>Proces dostosowywania:<\/strong><\/p><p>1. Wst\u0119pna konsultacja:<\/p><p>- Dyskusja i pomys\u0142y: Wsp\u00f3\u0142pracuj z naszymi ekspertami, aby wymienia\u0107 si\u0119 pomys\u0142ami na temat metod testowania, norm i konkretnych wymaga\u0144.<\/p><p>- Ocena materia\u0142u: Ocena rodzaju, charakteru i specyfikacji materia\u0142u w celu okre\u015blenia, czy modyfikacja naszych istniej\u0105cych urz\u0105dze\u0144 do testowania tworzyw sztucznych mo\u017ce spe\u0142ni\u0107 Twoje potrzeby w zakresie testowania.<\/p><p>2. Odbi\u00f3r i modyfikacja pr\u00f3bek:<\/p><p>- Ocena: Po potwierdzeniu, \u017ce modyfikacja obecnego testera jest wykonalna, otrzymujemy pr\u00f3bki od klient\u00f3w.<\/p><p>- Modyfikacja techniczna: Nasz dedykowany zesp\u00f3\u0142 techniczny, sk\u0142adaj\u0105cy si\u0119 z in\u017cynier\u00f3w sprz\u0119tu i oprogramowania, starannie modyfikuje istniej\u0105cy tester w oparciu o om\u00f3wione szczeg\u00f3\u0142y techniczne.<\/p><p>*OR*<\/p><p>- Nowy projekt testera: Je\u015bli drobna modyfikacja nie mo\u017ce spe\u0142ni\u0107 wymaga\u0144 testowych, nasz zesp\u00f3\u0142 techniczny projektuje nowy tester i odpowiedni program, zapewniaj\u0105c kompleksowe rozwi\u0105zanie.<\/p><p>3. Testowanie wydajno\u015bci:<\/p><p>- Zapewnienie jako\u015bci: Gdy zmodyfikowany lub nowy tester jest gotowy, przeprowadzamy dok\u0142adne testy na pr\u00f3bkach, aby zapewni\u0107 optymaln\u0105 wydajno\u015b\u0107.<\/p><p>4. Weryfikacja test\u00f3w i interakcja:<\/p><p>- Udost\u0119pnianie film\u00f3w testowych: Zapewniamy szczeg\u00f3\u0142owy film testowy prezentuj\u0105cy zmodyfikowany lub nowo zaprojektowany tester w akcji.<\/p><p>- Zaproszenie do test\u00f3w na \u017cywo: Alternatywnie, klienci s\u0105 zapraszani do naszego zak\u0142adu, aby by\u0107 \u015bwiadkami testu na \u017cywo, oferuj\u0105c do\u015bwiadczenie z pierwszej r\u0119ki w zakresie mo\u017cliwo\u015bci sprz\u0119tu.<\/p><p>5. Potwierdzenie i wysy\u0142ka:<\/p><p>- Zatwierdzenie przez klienta: Po zapoznaniu si\u0119 z wynikami test\u00f3w i do\u015bwiadczeniu wydajno\u015bci sprz\u0119tu, klienci potwierdzaj\u0105 swoje zadowolenie.<\/p><p>- Finalizacja: Po potwierdzeniu przyst\u0119pujemy do wysy\u0142ki spersonalizowanego testera, aby zapewni\u0107 zadowolenie z dostawy.<\/p><p><strong>Zalety personalizacji<\/strong><\/p><p>1. Bogate do\u015bwiadczenie w bran\u017cy:<\/p><p>- Do\u015bwiadczenie w r\u00f3\u017cnych bran\u017cach: Dzi\u0119ki wieloletniej obecno\u015bci wnosimy bogate do\u015bwiadczenie w r\u00f3\u017cnych bran\u017cach, w tym opakowaniowej, spo\u017cywczej, farmaceutycznej, medycznej, napoj\u00f3w, klej\u00f3w, elektroniki i innych.<\/p><p>- Dog\u0142\u0119bna znajomo\u015b\u0107 bran\u017cy: Nasi specjali\u015bci posiadaj\u0105 dog\u0142\u0119bn\u0105 wiedz\u0119 na temat specyficznych dla bran\u017cy wyzwa\u0144 i wymaga\u0144.<\/p><p>2. Szeroka gama produkt\u00f3w:<\/p><p>- Kompleksowe portfolio produkt\u00f3w: Oferujemy zr\u00f3\u017cnicowan\u0105 gam\u0119 urz\u0105dze\u0144 do testowania materia\u0142\u00f3w, aby zaspokoi\u0107 r\u00f3\u017cne potrzeby testowe w r\u00f3\u017cnych bran\u017cach.<\/p><p>- Wszechstronno\u015b\u0107 rozwi\u0105za\u0144: Nasza szeroka gama produkt\u00f3w gwarantuje, \u017ce mo\u017cemy zapewni\u0107 rozwi\u0105zania dla szerokiej gamy zastosowa\u0144 testowych.<\/p><p>3. Do\u015bwiadczenie w automatyzacji:<\/p><p>- Integracja automatyzacji: Wykorzystaj nasz\u0105 bieg\u0142o\u015b\u0107 w automatyzacji, aby usprawni\u0107 procesy testowania i zwi\u0119kszy\u0107 wydajno\u015b\u0107.<\/p><p>- Rozwi\u0105zania automatyzacji dostosowane do potrzeb: Nasze do\u015bwiadczenie pozwala nam dostosowywa\u0107 zautomatyzowane rozwi\u0105zania do konkretnych wymaga\u0144 bran\u017cowych.<\/p><p>4. Szybka reakcja i realizacja:<\/p><p>- Sprawny i elastyczny zesp\u00f3\u0142: Nasz dedykowany zesp\u00f3\u0142 zapewnia szybk\u0105 reakcj\u0119 na zapytania, zapewniaj\u0105c p\u0142ynny i szybki proces dostosowywania.<\/p><p>- Efektywna realizacja: Skorzystaj z naszego zaanga\u017cowania w dostarczanie niestandardowych rozwi\u0105za\u0144 w rozs\u0105dnych ramach czasowych.<\/p><p>5. Przyst\u0119pno\u015b\u0107 cenowa:<\/p><p>- Ekonomiczne rozwi\u0105zania: Naszym priorytetem jest zapewnienie przyst\u0119pnych cenowo opcji dostosowywania bez uszczerbku dla jako\u015bci.<\/p><p>- Warto\u015b\u0107 inwestycji: Nasze ekonomiczne rozwi\u0105zania oferuj\u0105 doskona\u0142\u0105 warto\u015b\u0107, zapewniaj\u0105c pozytywny zwrot z inwestycji.<\/p><p>6. Zrozumienie standard\u00f3w testowych:<\/p><p>- Zgodno\u015b\u0107 z mi\u0119dzynarodowymi normami: Doskonale znamy mi\u0119dzynarodowe standardy testowania, takie jak ASTM, ISO, GT, YBB, JIS, DIN, IEC i inne.<\/p><p>- Precyzja w testowaniu: Przestrzeganie tych standard\u00f3w zapewnia dok\u0142adno\u015b\u0107 i niezawodno\u015b\u0107 naszych niestandardowych rozwi\u0105za\u0144 testowych.<\/p><p>7. Dobre umiej\u0119tno\u015bci j\u0119zykowe:<\/p><p>- Skuteczna komunikacja: Nasz zesp\u00f3\u0142 posiada silne umiej\u0119tno\u015bci j\u0119zykowe, u\u0142atwiaj\u0105ce jasn\u0105 i skuteczn\u0105 komunikacj\u0119 w ca\u0142ym procesie dostosowywania.<\/p><p><strong>Polityka obs\u0142ugi posprzeda\u017cnej<\/strong><\/p><p>W Cell Instruments Co., Ltd. dok\u0142adamy wszelkich stara\u0144, aby zapewni\u0107 wyj\u0105tkow\u0105 obs\u0142ug\u0119 posprzeda\u017cow\u0105, aby zapewni\u0107 satysfakcj\u0119 i sukces naszych cenionych klient\u00f3w. Nasza polityka obs\u0142ugi posprzeda\u017cnej okre\u015bla zasady i procedury, kt\u00f3re kieruj\u0105 naszym zaanga\u017cowaniem we wspieranie klient\u00f3w przez ca\u0142y cykl \u017cycia produktu.<\/p><p>1. Zakres gwarancji:<\/p><p>- Wszystkie produkty Cell Instruments s\u0105 obj\u0119te standardowym okresem gwarancyjnym, zazwyczaj wynosz\u0105cym jeden rok. Gwarancja ta obejmuje wady produkcyjne i zapewnia prawid\u0142owe dzia\u0142anie sprz\u0119tu w okre\u015blonym okresie.<\/p><p>2. Roszczenia gwarancyjne:<\/p><p>- W przypadku roszczenia gwarancyjnego klienci s\u0105 zobowi\u0105zani do przedstawienia dowodu zakupu i szczeg\u00f3\u0142owego opisu problemu.<\/p><p>- Nasz zesp\u00f3\u0142 pomocy technicznej oceni roszczenie i ustali, czy problem jest obj\u0119ty gwarancj\u0105.<\/p><p>- W przypadku obj\u0119cia ubezpieczeniem, niezw\u0142ocznie naprawimy lub wymienimy wadliwe cz\u0119\u015bci lub sprz\u0119t.<\/p><p>3. Wsparcie techniczne:<\/p><p>- Nasz dedykowany zesp\u00f3\u0142 wsparcia technicznego jest dost\u0119pny, aby pom\u00f3c w przypadku jakichkolwiek pyta\u0144 lub problem\u00f3w.<\/p><p>- Klienci mog\u0105 skontaktowa\u0107 si\u0119 z naszym wsparciem technicznym za po\u015brednictwem strony info@celtec.cn w godzinach pracy.<\/p><p>4. Us\u0142ugi konserwacji i kalibracji:<\/p><p>- Zalecamy regularn\u0105 konserwacj\u0119, aby zapewni\u0107 optymaln\u0105 wydajno\u015b\u0107. Klienci mog\u0105 zaplanowa\u0107 us\u0142ugi konserwacyjne z naszym zespo\u0142em.<\/p><p>- Dost\u0119pne s\u0105 us\u0142ugi kalibracji w celu utrzymania dok\u0142adno\u015bci sprz\u0119tu testuj\u0105cego.<\/p><p>5. Dost\u0119pno\u015b\u0107 cz\u0119\u015bci zamiennych:<\/p><p>- Utrzymujemy zapas cz\u0119\u015bci zamiennych, aby u\u0142atwi\u0107 szybk\u0105 wymian\u0119 i zminimalizowa\u0107 przestoje.<\/p><p>- Klienci mog\u0105 zakupi\u0107 oryginalne cz\u0119\u015bci zamienne bezpo\u015brednio od nas, aby zapewni\u0107 kompatybilno\u015b\u0107 i wydajno\u015b\u0107.<\/p><p>6. Szkolenie klient\u00f3w:<\/p><p>- Sesje szkoleniowe online s\u0105 zawsze dost\u0119pne dla naszych klient\u00f3w, aby zmaksymalizowa\u0107 ich bieg\u0142o\u015b\u0107 w korzystaniu z naszego sprz\u0119tu.<\/p><p>- Szkolenie mo\u017ce by\u0107 przeprowadzone na miejscu (koszt do om\u00f3wienia) lub zdalnie w zale\u017cno\u015bci od preferencji klienta.<\/p><p>7. Opinie klient\u00f3w:<\/p><p>- Cenimy opinie klient\u00f3w, poniewa\u017c pomagaj\u0105 nam one ulepsza\u0107 nasze produkty i us\u0142ugi. Zach\u0119camy klient\u00f3w do przekazywania opinii za po\u015brednictwem naszego formularza kontaktowego lub wiadomo\u015bci e-mail info@celtec.cn .<\/p><p>8. Informacje kontaktowe:<\/p><p>W przypadku pyta\u0144 dotycz\u0105cych obs\u0142ugi posprzeda\u017cnej prosimy o kontakt z naszym zespo\u0142em obs\u0142ugi klienta pod adresem info@celtec.cn lub +86 18560013985.<\/p><p><strong>FAQ<\/strong><\/p><p>P: Jaki jest typowy czas dostawy produkt\u00f3w Cell Instruments?<\/p><p>Czas dostawy r\u00f3\u017cni si\u0119 w zale\u017cno\u015bci od produktu i wymaga\u0144 dotycz\u0105cych personalizacji. Standardowe produkty s\u0105 zazwyczaj wysy\u0142ane w ci\u0105gu 5 dni roboczych lub kr\u00f3cej.<\/p><p>P: Czy mog\u0119 przyspieszy\u0107 dostaw\u0119 mojego zam\u00f3wienia?<\/p><p>O: Tak, dost\u0119pne s\u0105 opcje przyspieszonej wysy\u0142ki. Prosimy o kontakt z naszym zespo\u0142em sprzeda\u017cy w celu om\u00f3wienia konkretnych wymaga\u0144 i termin\u00f3w dostaw.<\/p><p>P: Jakie metody p\u0142atno\u015bci s\u0105 akceptowane?<\/p><p>Zwykle akceptujemy p\u0142atno\u015bci przelewem bankowym.<\/p><p>P: Czy s\u0105 jakie\u015b dodatkowe op\u0142aty za korzystanie z niekt\u00f3rych metod p\u0142atno\u015bci?<\/p><p>O: Nasze standardowe metody p\u0142atno\u015bci nie wi\u0105\u017c\u0105 si\u0119 z dodatkowymi op\u0142atami. Przelewy bankowe mog\u0105 jednak podlega\u0107 op\u0142atom bankowym.<\/p><p>P: Jak pakowane s\u0105 produkty do wysy\u0142ki?<\/p><p>Nasze produkty s\u0105 bezpiecznie zapakowane, aby zapewni\u0107 bezpieczny transport. U\u017cywamy antywstrz\u0105sowych materia\u0142\u00f3w opakowaniowych i karton\u00f3w ze sklejki lub karton\u00f3w z tektury, aby chroni\u0107 sprz\u0119t podczas transportu.<\/p><p>P: Czy dostarczacie informacje o \u015bledzeniu wys\u0142anych zam\u00f3wie\u0144?<\/p><p>O: Tak, po wys\u0142aniu zam\u00f3wienia otrzymasz wiadomo\u015b\u0107 e-mail z informacjami o \u015bledzeniu przesy\u0142ki, aby monitorowa\u0107 jej status.<\/p><p>P: Jakie s\u0105 dost\u0119pne metody wysy\u0142ki?<\/p><p>O: Wyb\u00f3r metody wysy\u0142ki mo\u017ce si\u0119 r\u00f3\u017cni\u0107 w zale\u017cno\u015bci od pilno\u015bci dostawy, ogranicze\u0144 bud\u017cetowych oraz rozmiaru i wagi towar\u00f3w. Zawsze \u015bci\u015ble wsp\u00f3\u0142pracujemy z ekspertami ds. logistyki, aby zoptymalizowa\u0107 wysy\u0142k\u0119 dla naszych cenionych klient\u00f3w.<\/p><p>Cz\u0119sto stosowane metody wysy\u0142ki to:<\/p><p>1. Us\u0142ugi kurierskie (np. DHL, FedEx, UPS, SF Express):<\/p><p>Opis: Prywatne firmy kurierskie oferuj\u0105ce us\u0142ugi \"od drzwi do drzwi\".<\/p><p>Czas dostawy: Szybki czas dostawy, podobny do wysy\u0142ki ekspresowej.<\/p><p>Odpowiednie dla: Ma\u0142e i \u015brednie paczki (GW poni\u017cej 60 kg) z naciskiem na niezawodno\u015b\u0107 i szybko\u015b\u0107.<\/p><p>2. Fracht lotniczy:<\/p><p>Opis: Transport lotniczy zapewniaj\u0105cy szybsz\u0105 dostaw\u0119 w por\u00f3wnaniu do frachtu morskiego.<\/p><p>Czas dostawy: Szybciej ni\u017c fracht morski, ale zwykle wolniej ni\u017c wysy\u0142ka ekspresowa.<\/p><p>Odpowiednie dla: Przesy\u0142ki wra\u017cliwe czasowo o umiarkowanym bud\u017cecie i wadze. (GW powy\u017cej 45 kg).<\/p><p>3. Fracht morski:<\/p><p>Opis: Ekonomiczne rozwi\u0105zanie dla du\u017cych i ci\u0119\u017ckich przesy\u0142ek.<\/p><p>Czas dostawy: D\u0142u\u017cszy czas transportu w por\u00f3wnaniu do transportu lotniczego.<\/p><p>Odpowiednie dla: Du\u017ce przesy\u0142ki z naciskiem na oszcz\u0119dno\u015b\u0107 koszt\u00f3w i elastyczny harmonogram dostaw.<\/p><p>4. Fracht kolejowy:<\/p><p>Opis: Transport l\u0105dowy kolej\u0105, cz\u0119sto wykorzystywany do przewoz\u00f3w mi\u0119dzykontynentalnych, do klient\u00f3w z Azji \u015arodkowej lub Europy.<\/p><p>Czas dostawy: Generalnie szybciej ni\u017c fracht morski, ale wolniej ni\u017c fracht lotniczy.<\/p><p>Odpowiednie dla: Du\u017ce przesy\u0142ki z miejscami docelowymi dost\u0119pnymi kolej\u0105.<\/p><p>5. Transport intermodalny:<\/p><p>Opis: Po\u0142\u0105czenie wielu rodzaj\u00f3w transportu (np. morskiego i kolejowego, samochodowego i lotniczego).<\/p><p>Czas dostawy: Zmienny, w zale\u017cno\u015bci od wybranej kombinacji tryb\u00f3w.<\/p><p>Odpowiedni dla: Z\u0142o\u017cone scenariusze logistyczne z r\u00f3\u017cnymi potrzebami transportowymi.<\/p>\t\t\t\t\t\t\t\t<\/div>\n\t\t\t\t\t<\/div>\n\t\t\t\t<\/div>\n\t\t\t\t<\/div>","protected":false},"excerpt":{"rendered":"<p>\u200b Customization Policy: At Cell Instruments Co., Ltd., we recognize the distinct and evolving needs of our diverse clientele spanning various industries. Our commitment is to offer personalized solutions through a comprehensive customization policy, ensuring that our material test equipment meets your specific and unique requirements. Whether your focus lies in packaging, food, pharmaceuticals, medical, [&hellip;]<\/p>","protected":false},"author":1,"featured_media":0,"parent":0,"menu_order":0,"comment_status":"closed","ping_status":"closed","template":"","meta":{"_acf_changed":false,"footnotes":""},"class_list":["post-2076","page","type-page","status-publish","hentry"],"acf":[],"_links":{"self":[{"href":"https:\/\/www.materialstests.com\/pl\/wp-json\/wp\/v2\/pages\/2076","targetHints":{"allow":["GET"]}}],"collection":[{"href":"https:\/\/www.materialstests.com\/pl\/wp-json\/wp\/v2\/pages"}],"about":[{"href":"https:\/\/www.materialstests.com\/pl\/wp-json\/wp\/v2\/types\/page"}],"author":[{"embeddable":true,"href":"https:\/\/www.materialstests.com\/pl\/wp-json\/wp\/v2\/users\/1"}],"replies":[{"embeddable":true,"href":"https:\/\/www.materialstests.com\/pl\/wp-json\/wp\/v2\/comments?post=2076"}],"version-history":[{"count":0,"href":"https:\/\/www.materialstests.com\/pl\/wp-json\/wp\/v2\/pages\/2076\/revisions"}],"wp:attachment":[{"href":"https:\/\/www.materialstests.com\/pl\/wp-json\/wp\/v2\/media?parent=2076"}],"curies":[{"name":"wp","href":"https:\/\/api.w.org\/{rel}","templated":true}]}}