{"id":2020,"date":"2026-01-26T03:32:25","date_gmt":"2026-01-26T03:32:25","guid":{"rendered":"https:\/\/www.materialstests.com\/?page_id=2020"},"modified":"2026-01-26T13:06:21","modified_gmt":"2026-01-26T13:06:21","slug":"about-us","status":"publish","type":"page","link":"https:\/\/www.materialstests.com\/pl\/about-us.html","title":{"rendered":"O nas"},"content":{"rendered":"<div data-elementor-type=\"wp-page\" data-elementor-id=\"2020\" class=\"elementor elementor-2020\" data-elementor-post-type=\"page\">\n\t\t\t\t<div class=\"elementor-element elementor-element-c1e7c03 e-flex e-con-boxed e-con e-parent\" data-id=\"c1e7c03\" data-element_type=\"container\" data-settings=\"{&quot;background_background&quot;:&quot;classic&quot;}\">\n\t\t\t\t\t<div class=\"e-con-inner\">\n\t\t\t\t<div class=\"elementor-element elementor-element-8fd22e0 elementor-widget elementor-widget-heading\" data-id=\"8fd22e0\" data-element_type=\"widget\" data-widget_type=\"heading.default\">\n\t\t\t\t\t<div class=\"elementor-heading-title elementor-size-default\"><nav aria-label=\"bu\u0142ka tarta\" class=\"rank-math-breadcrumb\"><p><a href=\"https:\/\/www.materialstests.com\/pl\/\">Strona g\u0142\u00f3wna<\/a><span class=\"separator\"> \u00bb <\/span><span class=\"last\">Strona g\u0142\u00f3wna<\/span><\/p><\/nav>\u200b<\/div>\t\t\t\t<\/div>\n\t\t\t\t\t<\/div>\n\t\t\t\t<\/div>\n\t\t<div class=\"elementor-element elementor-element-f608734 e-flex e-con-boxed e-con e-parent\" data-id=\"f608734\" data-element_type=\"container\">\n\t\t\t\t\t<div class=\"e-con-inner\">\n\t\t\t\t<div class=\"elementor-element elementor-element-58cb6ea elementor-widget elementor-widget-text-editor\" data-id=\"58cb6ea\" data-element_type=\"widget\" data-widget_type=\"text-editor.default\">\n\t\t\t\t\t\t\t\t\t<p>Od momentu oficjalnego za\u0142o\u017cenia w 2014 roku, firma Cell Instruments szybko rozwin\u0119\u0142a si\u0119 w zakresie rozwoju produkt\u00f3w i innowacji, wyznaczaj\u0105c znacz\u0105cy rozdzia\u0142 w swojej dynamicznej historii. Nasze d\u0105\u017cenie do doskona\u0142o\u015bci pozwoli\u0142o nam osi\u0105gn\u0105\u0107 kamienie milowe w dziedzinie urz\u0105dze\u0144 do testowania materia\u0142\u00f3w, oferuj\u0105c kompleksowe linie obejmuj\u0105ce testowanie materia\u0142\u00f3w opakowaniowych, testowanie materia\u0142\u00f3w medycznych, testowanie \u017cywno\u015bci, testowanie farmaceutyczne, testowanie przyczepno\u015bci, testowanie papieru i tektury, a nawet dostosowywanie na \u017c\u0105danie. Te najnowocze\u015bniejsze rozwi\u0105zania znajduj\u0105 wszechstronne zastosowanie w r\u00f3\u017cnych bran\u017cach, w tym opakowaniowej, spo\u017cywczej, farmaceutycznej, medycznej, kosmetycznej, napoj\u00f3w, uniwersyteckiej, inspekcji, przyczepno\u015bci i tekstylnej.<\/p>\t\t\t\t\t\t\t\t<\/div>\n\t\t\t\t<div class=\"elementor-element elementor-element-c7d07e9 elementor-widget elementor-widget-image\" data-id=\"c7d07e9\" data-element_type=\"widget\" data-widget_type=\"image.default\">\n\t\t\t\t\t\t\t\t\t\t\t\t\t\t\t<img fetchpriority=\"high\" decoding=\"async\" width=\"800\" height=\"400\" src=\"https:\/\/www.materialstests.com\/wp-content\/uploads\/2026\/01\/bc800e5326c92bfcd7f943355926093a.jpg\" class=\"attachment-large size-large wp-image-2238\" alt=\"Producent sprz\u0119tu do test\u00f3w szczelno\u015bci - O NAS\" srcset=\"https:\/\/www.materialstests.com\/wp-content\/uploads\/2026\/01\/bc800e5326c92bfcd7f943355926093a.jpg 800w, https:\/\/www.materialstests.com\/wp-content\/uploads\/2026\/01\/bc800e5326c92bfcd7f943355926093a-300x150.jpg 300w, https:\/\/www.materialstests.com\/wp-content\/uploads\/2026\/01\/bc800e5326c92bfcd7f943355926093a-768x384.jpg 768w, https:\/\/www.materialstests.com\/wp-content\/uploads\/2026\/01\/bc800e5326c92bfcd7f943355926093a-18x9.jpg 18w\" sizes=\"(max-width: 800px) 100vw, 800px\" \/>\t\t\t\t\t\t\t\t\t\t\t\t\t\t\t<\/div>\n\t\t\t\t<div class=\"elementor-element elementor-element-127095f elementor-widget elementor-widget-text-editor\" data-id=\"127095f\" data-element_type=\"widget\" data-widget_type=\"text-editor.default\">\n\t\t\t\t\t\t\t\t\t<p>Nasz globalny zasi\u0119g znacznie si\u0119 rozszerzy\u0142, docieraj\u0105c i wp\u0142ywaj\u0105c na ponad 70 kraj\u00f3w i region\u00f3w. W Cell Instruments nasza misja wykracza poza zwyk\u0142e dostarczanie rozwi\u0105za\u0144 testowych; obraca si\u0119 wok\u00f3\u0142 kszta\u0142towania krajobrazu kontroli jako\u015bci klienta oraz bada\u0144 i rozwoju. Nasz\u0105 misj\u0105 jest uznanie nas za integraln\u0105 jednostk\u0119 \u2018Cell\u2019 w tych procesach, oferuj\u0105c\u0105 konkurencyjne i godne zaufania rozwi\u0105zania u\u017cytkownikom na ca\u0142ym \u015bwiecie.<\/p><p>Jako pionierska si\u0142a w bran\u017cy, Cell Instruments pozostaje organizacj\u0105 opart\u0105 na in\u017cynierii z nieustannym zaanga\u017cowaniem w przestrzeganie standard\u00f3w. Stawiaj\u0105c na doskona\u0142o\u015b\u0107, aktywnie rozwijamy modele przyrz\u0105d\u00f3w dostosowane do specyficznych potrzeb naszych klient\u00f3w, zapewniaj\u0105c jednocze\u015bnie zgodno\u015b\u0107 z normami bran\u017cowymi. Instrumenty te s\u0142u\u017c\u0105 jako nieocenione narz\u0119dzia do rozwi\u0105zywania problem\u00f3w, p\u0142ynnie zintegrowane z laboratoriami klient\u00f3w, o\u015brodkami badawczo-rozwojowymi, zak\u0142adami produkcyjnymi, salami wyk\u0142adowymi i nie tylko. Nasze zaplecze techniczne zapewnia jako\u015b\u0107 produkt\u00f3w naszych klient\u00f3w, umo\u017cliwiaj\u0105c im pewn\u0105 nawigacj\u0119 na rynku mi\u0119dzynarodowym.<\/p>\t\t\t\t\t\t\t\t<\/div>\n\t\t\t\t<div class=\"elementor-element elementor-element-a0311d4 elementor-widget elementor-widget-image\" data-id=\"a0311d4\" data-element_type=\"widget\" data-widget_type=\"image.default\">\n\t\t\t\t\t\t\t\t\t\t\t\t\t\t\t<img decoding=\"async\" width=\"800\" height=\"400\" src=\"https:\/\/www.materialstests.com\/wp-content\/uploads\/2026\/01\/6f6c3ee6a57f3b5a064c916fc412fc69.jpg\" class=\"attachment-large size-large wp-image-2239\" alt=\"Producent sprz\u0119tu do test\u00f3w szczelno\u015bci - O NAS\" srcset=\"https:\/\/www.materialstests.com\/wp-content\/uploads\/2026\/01\/6f6c3ee6a57f3b5a064c916fc412fc69.jpg 800w, https:\/\/www.materialstests.com\/wp-content\/uploads\/2026\/01\/6f6c3ee6a57f3b5a064c916fc412fc69-300x150.jpg 300w, https:\/\/www.materialstests.com\/wp-content\/uploads\/2026\/01\/6f6c3ee6a57f3b5a064c916fc412fc69-768x384.jpg 768w, https:\/\/www.materialstests.com\/wp-content\/uploads\/2026\/01\/6f6c3ee6a57f3b5a064c916fc412fc69-18x9.jpg 18w\" sizes=\"(max-width: 800px) 100vw, 800px\" \/>\t\t\t\t\t\t\t\t\t\t\t\t\t\t\t<\/div>\n\t\t\t\t<div class=\"elementor-element elementor-element-5673870 elementor-widget elementor-widget-text-editor\" data-id=\"5673870\" data-element_type=\"widget\" data-widget_type=\"text-editor.default\">\n\t\t\t\t\t\t\t\t\t<p>Cell Instruments pozycjonuje si\u0119 nie tylko jako producent najnowocze\u015bniejszych urz\u0105dze\u0144 testuj\u0105cych, ale tak\u017ce jako strategiczny partner w sukcesie firm na ca\u0142ym \u015bwiecie. Nasz oddany zesp\u00f3\u0142, wyposa\u017cony w r\u00f3\u017cnorodn\u0105 wiedz\u0119 specjalistyczn\u0105, niestrudzenie wsp\u00f3\u0142pracuje, aby zapewni\u0107, \u017ce nasi klienci otrzymuj\u0105 nie tylko produkty, ale kompleksowe rozwi\u0105zania, kt\u00f3re zwi\u0119kszaj\u0105 ich wydajno\u015b\u0107, jako\u015b\u0107 produkt\u00f3w i og\u00f3ln\u0105 konkurencyjno\u015b\u0107.<\/p><p>Nasza siedziba g\u0142\u00f3wna, zlokalizowana w mie\u015bcie Jinan, jednym z g\u0142\u00f3wnych o\u015brodk\u00f3w przemys\u0142owych w p\u00f3\u0142nocnych Chinach, s\u0142u\u017cy jako centrum naszych dzia\u0142a\u0144, zapewniaj\u0105c punkt w\u0119z\u0142owy dla bada\u0144, rozwoju i inicjatyw zorientowanych na klienta.<\/p><p>Nasz sukces wykracza poza granice, poniewa\u017c aktywnie anga\u017cujemy si\u0119 w handel mi\u0119dzynarodowy, eksportuj\u0105c nasze najnowocze\u015bniejsze rozwi\u0105zania do wielu kraj\u00f3w. Ten globalny zasi\u0119g jest \u015bwiadectwem naszej wizji wspierania wsp\u00f3\u0142pracy i dzielenia si\u0119 innowacjami w skali globalnej.<\/p><p>Kontynuuj\u0105c nasz\u0105 podr\u00f3\u017c w kierunku doskona\u0142o\u015bci, zapraszamy do przy\u0142\u0105czenia si\u0119 do nas w kszta\u0142towaniu przysz\u0142o\u015bci kontroli jako\u015bci oraz bada\u0144 i rozwoju w skali globalnej.<\/p><p>Je\u015bli chcesz uzyska\u0107 wi\u0119cej informacji na temat tego produktu, skontaktuj si\u0119 z nami. Polecamy r\u00f3wnie\u017c inne popularne produkty:\u00a0<a class=\"aahaf6o\" title=\"Tester grubo\u015bci papieru i tektury\" href=\"https:\/\/www.materialstests.com\/pl\/paper-board-tester.html\/\">Tester grubo\u015bci papieru i tektury<\/a>,\u00a0<a class=\"aahaf6o\" title=\"Sprz\u0119t do testowania nieszczelno\u015bci brutto\" href=\"https:\/\/www.materialstests.com\/pl\/gross-leak-tester.html\/\">Sprz\u0119t do testowania nieszczelno\u015bci brutto<\/a>,\u00a0<a class=\"aahaf6o\" title=\" Tester szczelno\u015bci brutto Testowanie sprz\u0119tu\" href=\"https:\/\/www.materialstests.com\/pl\/gross-leak-tester.html\/\">Tester szczelno\u015bci brutto Testowanie sprz\u0119tu<\/a>,\u00a0<a class=\"aahaf6o\" title=\"Tester szczelno\u015bci brutto Testowanie sprz\u0119tu\" href=\"https:\/\/www.materialstests.com\/pl\/gross-leak-tester.html\/\">Tester szczelno\u015bci brutto Testowanie sprz\u0119tu<\/a>,\u00a0<a class=\"aahaf6o\" title=\"Gradientowy tester szczelno\u015bci termicznej Producent\" href=\"https:\/\/www.materialstests.com\/pl\/products\/ghs-01-gradient-heat-seal-tester.html\/\">Gradientowy tester szczelno\u015bci termicznej Producent<\/a>,\u00a0<a class=\"aahaf6o\" title=\"Laboratoryjny tester przyczepno\u015bci na gor\u0105co\" href=\"https:\/\/www.materialstests.com\/pl\/products\/htt-02-hot-tack-tester.html\/\">Laboratoryjny tester przyczepno\u015bci na gor\u0105co<\/a>,\u00a0<a class=\"aahaf6o\" title=\"Tester gradientu ciep\u0142a\" href=\"https:\/\/www.materialstests.com\/pl\/products\/ghs-01-gradient-heat-seal-tester.html\/\">Tester gradientu ciep\u0142a<\/a>,\u00a0<a class=\"aahaf6o\" title=\"bezfoliowy tester kurczliwo\u015bci\" href=\"https:\/\/www.materialstests.com\/pl\/shrink-tester.html\/\">bezfoliowy tester kurczliwo\u015bci<\/a>,\u00a0<a class=\"aahaf6o\" title=\"tester folii termokurczliwej\" href=\"https:\/\/www.materialstests.com\/pl\/shrink-tester.html\/\">tester folii termokurczliwej<\/a>,\u00a0<a class=\"aahaf6o\" title=\"Elastyczny tester wytrzyma\u0142o\u015bci\" href=\"https:\/\/www.materialstests.com\/pl\/flex-durability-tester.html\/\">Elastyczny tester wytrzyma\u0142o\u015bci<\/a>,\u00a0<a class=\"aahaf6o\" title=\"Gradientowy tester szczelno\u015bci termicznej\" href=\"https:\/\/www.materialstests.com\/pl\/gradient-heat-seal-tester.html\/\">Gradientowy tester szczelno\u015bci termicznej<\/a>,\u00a0<a class=\"aahaf6o\" title=\"Tester odklejaj\u0105cej si\u0119 pow\u0142oki\" href=\"https:\/\/www.materialstests.com\/pl\/products\/spc-01-stretch-film-peeling-cling-tester.html\/\">Tester odklejaj\u0105cej si\u0119 pow\u0142oki<\/a>,\u00a0<a class=\"aahaf6o\" title=\"Tester si\u0142y trzymania\" href=\"https:\/\/www.materialstests.com\/pl\/holding-power-tester.html\/\">Tester si\u0142y trzymania<\/a>,\u00a0<a class=\"aahaf6o\" title=\"Laboratoryjny tester zgrzewu\" href=\"https:\/\/www.materialstests.com\/pl\/products\/hst-01-heat-seal-tester.html\/\">Laboratoryjny tester zgrzewu<\/a>,\u00a0<a class=\"aahaf6o\" title=\"tester z\u0142uszczania pojemnika\" href=\"https:\/\/www.materialstests.com\/pl\/productstags\/container-peeling-tester.html\/\">tester z\u0142uszczania pojemnika<\/a>,\u00a0<a class=\"aahaf6o\" title=\"chi\u0144scy dostawcy tester\u00f3w zgrzew\u00f3w\" href=\"https:\/\/www.materialstests.com\/pl\/heat-seal-tester.html\/\">chi\u0144scy dostawcy tester\u00f3w zgrzew\u00f3w<\/a>,\u00a0<a class=\"aahaf6o\" title=\"chi\u0144ski tester zgrzewania\" href=\"https:\/\/www.materialstests.com\/pl\/productstags\/china-heat-sealing-tester-factory.html\/\">chi\u0144ski tester zgrzewania<\/a>,\u00a0<a class=\"aahaf6o\" title=\"fabryki tester\u00f3w zgrzew\u00f3w\" href=\"https:\/\/www.materialstests.com\/pl\/productstags\/heat-sealing-tester-factories.html\/\">fabryki tester\u00f3w zgrzew\u00f3w<\/a>,\u00a0<a class=\"aahaf6o\" title=\"fabryki tester\u00f3w zgrzewania\" href=\"https:\/\/www.materialstests.com\/pl\/productstags\/heat-sealing-tester-factories.html\/\">fabryki tester\u00f3w zgrzewania<\/a>,\u00a0<a class=\"aahaf6o\" title=\"Dostawca tester\u00f3w nasycenia dwutlenkiem w\u0119gla\" href=\"https:\/\/www.materialstests.com\/pl\/products\/clrt-01-carbon-dioxide-volume-tester.html\/\">Dostawca tester\u00f3w nasycenia dwutlenkiem w\u0119gla<\/a>,\u00a0<a class=\"aahaf6o\" title=\"Us\u0142ugi testera nasycenia dwutlenkiem w\u0119gla\" href=\"https:\/\/www.materialstests.com\/pl\/products\/clrt-01-carbon-dioxide-volume-tester.html\/\">Us\u0142ugi testera nasycenia dwutlenkiem w\u0119gla<\/a>,\u00a0<a class=\"aahaf6o\" title=\"Us\u0142ugi testera kurczliwo\u015bci\" href=\"https:\/\/www.materialstests.com\/pl\/shrink-tester.html\/\">Us\u0142ugi testera kurczliwo\u015bci<\/a>,\u00a0<a class=\"aahaf6o\" title=\"Dostawca tester\u00f3w przyczepno\u015bci kulek\" href=\"https:\/\/www.materialstests.com\/pl\/products\/btt-01-ball-tack-tester.html\/\">Dostawca tester\u00f3w przyczepno\u015bci kulek<\/a>,\u00a0<a class=\"aahaf6o\" title=\"Eksport testera przyczepno\u015bci kulek\" href=\"https:\/\/www.materialstests.com\/pl\/products\/btt-01-ball-tack-tester.html\/\">Eksport testera przyczepno\u015bci kulek<\/a>,\u00a0<a class=\"aahaf6o\" title=\"Producent elastycznych tester\u00f3w wytrzyma\u0142o\u015bci\" href=\"https:\/\/www.materialstests.com\/pl\/flex-durability-tester.html\/\">Producent elastycznych tester\u00f3w wytrzyma\u0142o\u015bci<\/a>,\u00a0<a class=\"aahaf6o\" title=\"Dostawca elastycznych tester\u00f3w wytrzyma\u0142o\u015bci\" href=\"https:\/\/www.materialstests.com\/pl\/flex-durability-tester.html\/\">Dostawca elastycznych tester\u00f3w wytrzyma\u0142o\u015bci<\/a>,\u00a0<a class=\"aahaf6o\" title=\"Eksport elastycznego testera wytrzyma\u0142o\u015bci\" href=\"https:\/\/www.materialstests.com\/pl\/flex-durability-tester.html\/\">Eksport elastycznego testera wytrzyma\u0142o\u015bci<\/a>,\u00a0<a class=\"aahaf6o\" title=\"Elastyczny tester wytrzyma\u0142o\u015bci Chiny\" href=\"https:\/\/www.materialstests.com\/pl\/products\/gft-01-flex-durability-tester.html\/\">Elastyczny tester wytrzyma\u0142o\u015bci Chiny<\/a>,\u00a0<a class=\"aahaf6o\" title=\"Us\u0142ugi testera elastycznej wytrzyma\u0142o\u015bci\" href=\"https:\/\/www.materialstests.com\/pl\/products\/gft-01-flex-durability-tester.html\/\">Us\u0142ugi testera elastycznej wytrzyma\u0142o\u015bci<\/a><\/p>\t\t\t\t\t\t\t\t<\/div>\n\t\t\t\t\t<\/div>\n\t\t\t\t<\/div>\n\t\t\t\t<\/div>","protected":false},"excerpt":{"rendered":"<p>\u200b Since its official establishment in 2014, Cell Instruments has rapidly ascended in product development and innovation, marking a significant chapter in its dynamic history. Our commitment to excellence has propelled us to achieve milestones in the field of material test equipment, boasting comprehensive lines that encompass Packaging Material Testing, Medical Material Testing, Food Testing, [&hellip;]<\/p>","protected":false},"author":1,"featured_media":0,"parent":0,"menu_order":0,"comment_status":"closed","ping_status":"closed","template":"","meta":{"_acf_changed":false,"footnotes":""},"class_list":["post-2020","page","type-page","status-publish","hentry"],"acf":[],"_links":{"self":[{"href":"https:\/\/www.materialstests.com\/pl\/wp-json\/wp\/v2\/pages\/2020","targetHints":{"allow":["GET"]}}],"collection":[{"href":"https:\/\/www.materialstests.com\/pl\/wp-json\/wp\/v2\/pages"}],"about":[{"href":"https:\/\/www.materialstests.com\/pl\/wp-json\/wp\/v2\/types\/page"}],"author":[{"embeddable":true,"href":"https:\/\/www.materialstests.com\/pl\/wp-json\/wp\/v2\/users\/1"}],"replies":[{"embeddable":true,"href":"https:\/\/www.materialstests.com\/pl\/wp-json\/wp\/v2\/comments?post=2020"}],"version-history":[{"count":0,"href":"https:\/\/www.materialstests.com\/pl\/wp-json\/wp\/v2\/pages\/2020\/revisions"}],"wp:attachment":[{"href":"https:\/\/www.materialstests.com\/pl\/wp-json\/wp\/v2\/media?parent=2020"}],"curies":[{"name":"wp","href":"https:\/\/api.w.org\/{rel}","templated":true}]}}