{"id":2080,"date":"2026-01-26T05:37:24","date_gmt":"2026-01-26T05:37:24","guid":{"rendered":"https:\/\/www.materialstests.com\/?page_id=2080"},"modified":"2026-01-26T13:36:05","modified_gmt":"2026-01-26T13:36:05","slug":"faq","status":"publish","type":"page","link":"https:\/\/www.materialstests.com\/nb\/faq.html","title":{"rendered":"VANLIGE SP\u00d8RSM\u00c5L"},"content":{"rendered":"<div data-elementor-type=\"wp-page\" data-elementor-id=\"2080\" class=\"elementor elementor-2080\" data-elementor-post-type=\"page\">\n\t\t\t\t<div class=\"elementor-element elementor-element-968636c e-flex e-con-boxed e-con e-parent\" data-id=\"968636c\" data-element_type=\"container\" data-settings=\"{&quot;background_background&quot;:&quot;classic&quot;}\">\n\t\t\t\t\t<div class=\"e-con-inner\">\n\t\t\t\t<div class=\"elementor-element elementor-element-c11cda6 elementor-widget elementor-widget-heading\" data-id=\"c11cda6\" data-element_type=\"widget\" data-widget_type=\"heading.default\">\n\t\t\t\t\t<div class=\"elementor-heading-title elementor-size-default\"><nav aria-label=\"br\u00f8dsmuler\" class=\"rank-math-breadcrumb\"><p><a href=\"https:\/\/www.materialstests.com\/nb\/\">Hjem<\/a><span class=\"separator\"> \u00bb <\/span><span class=\"last\">Hjem<\/span><\/p><\/nav>\u200b<\/div>\t\t\t\t<\/div>\n\t\t\t\t\t<\/div>\n\t\t\t\t<\/div>\n\t\t<div class=\"elementor-element elementor-element-dd484b9 e-flex e-con-boxed e-con e-parent\" data-id=\"dd484b9\" data-element_type=\"container\">\n\t\t\t\t\t<div class=\"e-con-inner\">\n\t\t\t\t<div class=\"elementor-element elementor-element-4188fa4 elementor-widget elementor-widget-n-accordion\" data-id=\"4188fa4\" data-element_type=\"widget\" data-settings=\"{&quot;default_state&quot;:&quot;all_collapsed&quot;,&quot;max_items_expended&quot;:&quot;multiple&quot;,&quot;n_accordion_animation_duration&quot;:{&quot;unit&quot;:&quot;ms&quot;,&quot;size&quot;:400,&quot;sizes&quot;:[]}}\" data-widget_type=\"nested-accordion.default\">\n\t\t\t\t\t\t\t<div class=\"e-n-accordion\" aria-label=\"Trekkspill. \u00c5pne lenker med Enter eller Space, lukk med Escape, og naviger med piltastene\">\n\t\t\t\t\t\t<details id=\"e-n-accordion-item-6870\" class=\"e-n-accordion-item\" >\n\t\t\t\t<summary class=\"e-n-accordion-item-title\" data-accordion-index=\"1\" tabindex=\"0\" aria-expanded=\"false\" aria-controls=\"e-n-accordion-item-6870\" >\n\t\t\t\t\t<span class='e-n-accordion-item-title-header'><div class=\"e-n-accordion-item-title-text\"> Sp\u00f8rsm\u00e5l: Er du en produsent eller et handelsselskap? <\/div><\/span>\n\t\t\t\t\t\t\t\t\t<\/summary>\n\t\t\t\t<div role=\"region\" aria-labelledby=\"e-n-accordion-item-6870\" class=\"elementor-element elementor-element-862560b e-con-full e-flex e-con e-child\" data-id=\"862560b\" data-element_type=\"container\" data-settings=\"{&quot;background_background&quot;:&quot;classic&quot;}\">\n\t\t<div role=\"region\" aria-labelledby=\"e-n-accordion-item-6870\" class=\"elementor-element elementor-element-76d5dfa e-flex e-con-boxed e-con e-child\" data-id=\"76d5dfa\" data-element_type=\"container\">\n\t\t\t\t\t<div class=\"e-con-inner\">\n\t\t\t\t<div class=\"elementor-element elementor-element-89c75be elementor-widget elementor-widget-text-editor\" data-id=\"89c75be\" data-element_type=\"widget\" data-widget_type=\"text-editor.default\">\n\t\t\t\t\t\t\t\t\t<p>A: Vi er produsenten, som spesialiserer seg p\u00e5 materialtestinstrumenter for bransjer som emballasje, medisinsk utstyr, legemidler, kosmetikk, mat, drikkevarer og lim. Hovedkvarteret v\u00e5rt ligger i Jinan City, Shandong, Kina.<\/p>\t\t\t\t\t\t\t\t<\/div>\n\t\t\t\t\t<\/div>\n\t\t\t\t<\/div>\n\t\t\t\t<\/div>\n\t\t\t\t\t<\/details>\n\t\t\t\t\t\t<details id=\"e-n-accordion-item-6871\" class=\"e-n-accordion-item\" >\n\t\t\t\t<summary class=\"e-n-accordion-item-title\" data-accordion-index=\"2\" tabindex=\"-1\" aria-expanded=\"false\" aria-controls=\"e-n-accordion-item-6871\" >\n\t\t\t\t\t<span class='e-n-accordion-item-title-header'><div class=\"e-n-accordion-item-title-text\"> Sp\u00f8rsm\u00e5l: Hvor kan jeg kj\u00f8pe materialtesterne deres? <\/div><\/span>\n\t\t\t\t\t\t\t\t\t<\/summary>\n\t\t\t\t<div role=\"region\" aria-labelledby=\"e-n-accordion-item-6871\" class=\"elementor-element elementor-element-d3f4d4c e-con-full e-flex e-con e-child\" data-id=\"d3f4d4c\" data-element_type=\"container\" data-settings=\"{&quot;background_background&quot;:&quot;classic&quot;}\">\n\t\t<div role=\"region\" aria-labelledby=\"e-n-accordion-item-6871\" class=\"elementor-element elementor-element-da44084 e-flex e-con-boxed e-con e-child\" data-id=\"da44084\" data-element_type=\"container\">\n\t\t\t\t\t<div class=\"e-con-inner\">\n\t\t\t\t<div class=\"elementor-element elementor-element-fac06b9 elementor-widget elementor-widget-text-editor\" data-id=\"fac06b9\" data-element_type=\"widget\" data-widget_type=\"text-editor.default\">\n\t\t\t\t\t\t\t\t\t<p>Svar: Vi eksporterer testerne v\u00e5re direkte fra Kina. I tillegg har vi lokale representanter som tar seg av salg og support i enkelte regioner.<\/p>\t\t\t\t\t\t\t\t<\/div>\n\t\t\t\t\t<\/div>\n\t\t\t\t<\/div>\n\t\t\t\t<\/div>\n\t\t\t\t\t<\/details>\n\t\t\t\t\t\t<details id=\"e-n-accordion-item-6872\" class=\"e-n-accordion-item\" >\n\t\t\t\t<summary class=\"e-n-accordion-item-title\" data-accordion-index=\"3\" tabindex=\"-1\" aria-expanded=\"false\" aria-controls=\"e-n-accordion-item-6872\" >\n\t\t\t\t\t<span class='e-n-accordion-item-title-header'><div class=\"e-n-accordion-item-title-text\"> Sp\u00f8rsm\u00e5l: Hvordan h\u00e5ndteres installasjonsprosessen? <\/div><\/span>\n\t\t\t\t\t\t\t\t\t<\/summary>\n\t\t\t\t<div role=\"region\" aria-labelledby=\"e-n-accordion-item-6872\" class=\"elementor-element elementor-element-6d8cb15 e-con-full e-flex e-con e-child\" data-id=\"6d8cb15\" data-element_type=\"container\" data-settings=\"{&quot;background_background&quot;:&quot;classic&quot;}\">\n\t\t<div role=\"region\" aria-labelledby=\"e-n-accordion-item-6872\" class=\"elementor-element elementor-element-5b56bcd e-flex e-con-boxed e-con e-child\" data-id=\"5b56bcd\" data-element_type=\"container\">\n\t\t\t\t\t<div class=\"e-con-inner\">\n\t\t\t\t<div class=\"elementor-element elementor-element-f82ace7 elementor-widget elementor-widget-text-editor\" data-id=\"f82ace7\" data-element_type=\"widget\" data-widget_type=\"text-editor.default\">\n\t\t\t\t\t\t\t\t\tSvar: Vi leverer vanligvis testerne som hele enheter, og bruksanvisningen inneholder detaljerte instruksjoner for installasjon. I tillegg tilbyr vi gratis nettbasert st\u00f8tte for installasjon og igangkj\u00f8ring.\t\t\t\t\t\t\t\t<\/div>\n\t\t\t\t\t<\/div>\n\t\t\t\t<\/div>\n\t\t\t\t<\/div>\n\t\t\t\t\t<\/details>\n\t\t\t\t\t\t<details id=\"e-n-accordion-item-6873\" class=\"e-n-accordion-item\" >\n\t\t\t\t<summary class=\"e-n-accordion-item-title\" data-accordion-index=\"4\" tabindex=\"-1\" aria-expanded=\"false\" aria-controls=\"e-n-accordion-item-6873\" >\n\t\t\t\t\t<span class='e-n-accordion-item-title-header'><div class=\"e-n-accordion-item-title-text\"> Q: Tilbyr du ettersalgsservice? <\/div><\/span>\n\t\t\t\t\t\t\t\t\t<\/summary>\n\t\t\t\t<div role=\"region\" aria-labelledby=\"e-n-accordion-item-6873\" class=\"elementor-element elementor-element-961bbe7 e-con-full e-flex e-con e-child\" data-id=\"961bbe7\" data-element_type=\"container\" data-settings=\"{&quot;background_background&quot;:&quot;classic&quot;}\">\n\t\t<div role=\"region\" aria-labelledby=\"e-n-accordion-item-6873\" class=\"elementor-element elementor-element-39e1cef e-flex e-con-boxed e-con e-child\" data-id=\"39e1cef\" data-element_type=\"container\">\n\t\t\t\t\t<div class=\"e-con-inner\">\n\t\t\t\t<div class=\"elementor-element elementor-element-3e7962b elementor-widget elementor-widget-text-editor\" data-id=\"3e7962b\" data-element_type=\"widget\" data-widget_type=\"text-editor.default\">\n\t\t\t\t\t\t\t\t\tA: Ja, som produsent kan vi lett identifisere og veilede brukere for \u00e5 l\u00f8se eventuelle problemer. N\u00e5r vi mottar en ettersalgsrapport, svarer vi innen \u00e9n arbeidsdag og tilbyr l\u00f8sninger i l\u00f8pet av de neste 8 timene.\t\t\t\t\t\t\t\t<\/div>\n\t\t\t\t\t<\/div>\n\t\t\t\t<\/div>\n\t\t\t\t<\/div>\n\t\t\t\t\t<\/details>\n\t\t\t\t\t\t<details id=\"e-n-accordion-item-6874\" class=\"e-n-accordion-item\" >\n\t\t\t\t<summary class=\"e-n-accordion-item-title\" data-accordion-index=\"5\" tabindex=\"-1\" aria-expanded=\"false\" aria-controls=\"e-n-accordion-item-6874\" >\n\t\t\t\t\t<span class='e-n-accordion-item-title-header'><div class=\"e-n-accordion-item-title-text\"> Q: Hva er garantiperioden for produktene dine? <\/div><\/span>\n\t\t\t\t\t\t\t\t\t<\/summary>\n\t\t\t\t<div role=\"region\" aria-labelledby=\"e-n-accordion-item-6874\" class=\"elementor-element elementor-element-9d39525 e-con-full e-flex e-con e-child\" data-id=\"9d39525\" data-element_type=\"container\" data-settings=\"{&quot;background_background&quot;:&quot;classic&quot;}\">\n\t\t<div role=\"region\" aria-labelledby=\"e-n-accordion-item-6874\" class=\"elementor-element elementor-element-c4fcbc9 e-flex e-con-boxed e-con e-child\" data-id=\"c4fcbc9\" data-element_type=\"container\">\n\t\t\t\t\t<div class=\"e-con-inner\">\n\t\t\t\t<div class=\"elementor-element elementor-element-2bcd980 elementor-widget elementor-widget-text-editor\" data-id=\"2bcd980\" data-element_type=\"widget\" data-widget_type=\"text-editor.default\">\n\t\t\t\t\t\t\t\t\tSvar: Garantien v\u00e5r dekker 12 m\u00e5neder for produksjonsfeil. I tillegg tilbyr vi livslang gratis teknisk support.\t\t\t\t\t\t\t\t<\/div>\n\t\t\t\t\t<\/div>\n\t\t\t\t<\/div>\n\t\t\t\t<\/div>\n\t\t\t\t\t<\/details>\n\t\t\t\t\t\t<details id=\"e-n-accordion-item-6875\" class=\"e-n-accordion-item\" >\n\t\t\t\t<summary class=\"e-n-accordion-item-title\" data-accordion-index=\"6\" tabindex=\"-1\" aria-expanded=\"false\" aria-controls=\"e-n-accordion-item-6875\" >\n\t\t\t\t\t<span class='e-n-accordion-item-title-header'><div class=\"e-n-accordion-item-title-text\"> Q: Hva er forventet leveringstid? <\/div><\/span>\n\t\t\t\t\t\t\t\t\t<\/summary>\n\t\t\t\t<div role=\"region\" aria-labelledby=\"e-n-accordion-item-6875\" class=\"elementor-element elementor-element-6a4f3ba e-con-full e-flex e-con e-child\" data-id=\"6a4f3ba\" data-element_type=\"container\" data-settings=\"{&quot;background_background&quot;:&quot;classic&quot;}\">\n\t\t<div role=\"region\" aria-labelledby=\"e-n-accordion-item-6875\" class=\"elementor-element elementor-element-223fedd e-flex e-con-boxed e-con e-child\" data-id=\"223fedd\" data-element_type=\"container\">\n\t\t\t\t\t<div class=\"e-con-inner\">\n\t\t\t\t<div class=\"elementor-element elementor-element-f061c38 elementor-widget elementor-widget-text-editor\" data-id=\"f061c38\" data-element_type=\"widget\" data-widget_type=\"text-editor.default\">\n\t\t\t\t\t\t\t\t\tA: For standardmodeller er leveringstiden 1-5 virkedager. Tilpassede modeller krever vanligvis ca. 10-20 arbeidsdager for levering.\t\t\t\t\t\t\t\t<\/div>\n\t\t\t\t\t<\/div>\n\t\t\t\t<\/div>\n\t\t\t\t<\/div>\n\t\t\t\t\t<\/details>\n\t\t\t\t\t\t<details id=\"e-n-accordion-item-6876\" class=\"e-n-accordion-item\" >\n\t\t\t\t<summary class=\"e-n-accordion-item-title\" data-accordion-index=\"7\" tabindex=\"-1\" aria-expanded=\"false\" aria-controls=\"e-n-accordion-item-6876\" >\n\t\t\t\t\t<span class='e-n-accordion-item-title-header'><div class=\"e-n-accordion-item-title-text\"> Sp\u00f8rsm\u00e5l: Kan jeg f\u00e5 en demonstrasjon eller pr\u00f8veversjon av materialtesterne deres f\u00f8r jeg kj\u00f8per? <\/div><\/span>\n\t\t\t\t\t\t\t\t\t<\/summary>\n\t\t\t\t<div role=\"region\" aria-labelledby=\"e-n-accordion-item-6876\" class=\"elementor-element elementor-element-843548f e-con-full e-flex e-con e-child\" data-id=\"843548f\" data-element_type=\"container\" data-settings=\"{&quot;background_background&quot;:&quot;classic&quot;}\">\n\t\t<div role=\"region\" aria-labelledby=\"e-n-accordion-item-6876\" class=\"elementor-element elementor-element-553585d e-flex e-con-boxed e-con e-child\" data-id=\"553585d\" data-element_type=\"container\">\n\t\t\t\t\t<div class=\"e-con-inner\">\n\t\t\t\t<div class=\"elementor-element elementor-element-d26e1bf elementor-widget elementor-widget-text-editor\" data-id=\"d26e1bf\" data-element_type=\"widget\" data-widget_type=\"text-editor.default\">\n\t\t\t\t\t\t\t\t\t<div class=\"faq-item-name  active\">\u00a0<\/div><div class=\"faq-item-text\"><div class=\"text\"><p title=\"Ja, for standardenheter tilbyr vi demonstrasjoner og pr\u00f8veversjoner for interesserte kunder. Ta kontakt med salgsteamet v\u00e5rt for \u00e5 avtale en \u00f8kt.\">Svar: Ja, for standardenheter tilbyr vi demonstrasjoner og pr\u00f8veversjoner for interesserte kunder. Ta kontakt med salgsteamet v\u00e5rt for \u00e5 avtale en \u00f8kt.<\/p><\/div><\/div>\t\t\t\t\t\t\t\t<\/div>\n\t\t\t\t\t<\/div>\n\t\t\t\t<\/div>\n\t\t\t\t<\/div>\n\t\t\t\t\t<\/details>\n\t\t\t\t\t\t<details id=\"e-n-accordion-item-6877\" class=\"e-n-accordion-item\" >\n\t\t\t\t<summary class=\"e-n-accordion-item-title\" data-accordion-index=\"8\" tabindex=\"-1\" aria-expanded=\"false\" aria-controls=\"e-n-accordion-item-6877\" >\n\t\t\t\t\t<span class='e-n-accordion-item-title-header'><div class=\"e-n-accordion-item-title-text\"> Sp\u00f8rsm\u00e5l: Er reservedeler lett tilgjengelige for materialtesterne dine? <\/div><\/span>\n\t\t\t\t\t\t\t\t\t<\/summary>\n\t\t\t\t<div role=\"region\" aria-labelledby=\"e-n-accordion-item-6877\" class=\"elementor-element elementor-element-64b6735 e-con-full e-flex e-con e-child\" data-id=\"64b6735\" data-element_type=\"container\" data-settings=\"{&quot;background_background&quot;:&quot;classic&quot;}\">\n\t\t<div role=\"region\" aria-labelledby=\"e-n-accordion-item-6877\" class=\"elementor-element elementor-element-5f0cb7b e-flex e-con-boxed e-con e-child\" data-id=\"5f0cb7b\" data-element_type=\"container\">\n\t\t\t\t\t<div class=\"e-con-inner\">\n\t\t\t\t<div class=\"elementor-element elementor-element-a94f722 elementor-widget elementor-widget-text-editor\" data-id=\"a94f722\" data-element_type=\"widget\" data-widget_type=\"text-editor.default\">\n\t\t\t\t\t\t\t\t\t<p>Svar: Ja, vi har et lager av vanlige reservedeler. Hvis du trenger reservedeler eller ekstra deler, kan v\u00e5rt kundesupportteam hjelpe deg.<\/p>\t\t\t\t\t\t\t\t<\/div>\n\t\t\t\t\t<\/div>\n\t\t\t\t<\/div>\n\t\t\t\t<\/div>\n\t\t\t\t\t<\/details>\n\t\t\t\t\t\t<details id=\"e-n-accordion-item-6878\" class=\"e-n-accordion-item\" >\n\t\t\t\t<summary class=\"e-n-accordion-item-title\" data-accordion-index=\"9\" tabindex=\"-1\" aria-expanded=\"false\" aria-controls=\"e-n-accordion-item-6878\" >\n\t\t\t\t\t<span class='e-n-accordion-item-title-header'><div class=\"e-n-accordion-item-title-text\"> Sp\u00f8rsm\u00e5l: Tilbyr dere oppl\u00e6ring i bruk av materialtesterne deres? <\/div><\/span>\n\t\t\t\t\t\t\t\t\t<\/summary>\n\t\t\t\t<div role=\"region\" aria-labelledby=\"e-n-accordion-item-6878\" class=\"elementor-element elementor-element-200ae5c e-con-full e-flex e-con e-child\" data-id=\"200ae5c\" data-element_type=\"container\" data-settings=\"{&quot;background_background&quot;:&quot;classic&quot;}\">\n\t\t<div role=\"region\" aria-labelledby=\"e-n-accordion-item-6878\" class=\"elementor-element elementor-element-7146203 e-flex e-con-boxed e-con e-child\" data-id=\"7146203\" data-element_type=\"container\">\n\t\t\t\t\t<div class=\"e-con-inner\">\n\t\t\t\t<div class=\"elementor-element elementor-element-370d79a elementor-widget elementor-widget-text-editor\" data-id=\"370d79a\" data-element_type=\"widget\" data-widget_type=\"text-editor.default\">\n\t\t\t\t\t\t\t\t\tSvar: Absolutt. Vi tilbyr omfattende oppl\u00e6rings\u00f8kter enten p\u00e5 anlegget v\u00e5rt eller via nettbaserte plattformer for \u00e5 sikre at brukerne er dyktige til \u00e5 bruke utstyret v\u00e5rt.\t\t\t\t\t\t\t\t<\/div>\n\t\t\t\t\t<\/div>\n\t\t\t\t<\/div>\n\t\t\t\t<\/div>\n\t\t\t\t\t<\/details>\n\t\t\t\t\t\t<details id=\"e-n-accordion-item-6879\" class=\"e-n-accordion-item\" >\n\t\t\t\t<summary class=\"e-n-accordion-item-title\" data-accordion-index=\"10\" tabindex=\"-1\" aria-expanded=\"false\" aria-controls=\"e-n-accordion-item-6879\" >\n\t\t\t\t\t<span class='e-n-accordion-item-title-header'><div class=\"e-n-accordion-item-title-text\"> Sp\u00f8rsm\u00e5l: Kan materialtesterne dine tilpasses for \u00e5 oppfylle spesifikke bransjekrav? <\/div><\/span>\n\t\t\t\t\t\t\t\t\t<\/summary>\n\t\t\t\t<div role=\"region\" aria-labelledby=\"e-n-accordion-item-6879\" class=\"elementor-element elementor-element-03a5e87 e-con-full e-flex e-con e-child\" data-id=\"03a5e87\" data-element_type=\"container\" data-settings=\"{&quot;background_background&quot;:&quot;classic&quot;}\">\n\t\t<div role=\"region\" aria-labelledby=\"e-n-accordion-item-6879\" class=\"elementor-element elementor-element-67447d9 e-flex e-con-boxed e-con e-child\" data-id=\"67447d9\" data-element_type=\"container\">\n\t\t\t\t\t<div class=\"e-con-inner\">\n\t\t\t\t<div class=\"elementor-element elementor-element-bd8ab7b elementor-widget elementor-widget-text-editor\" data-id=\"bd8ab7b\" data-element_type=\"widget\" data-widget_type=\"text-editor.default\">\n\t\t\t\t\t\t\t\t\tSvar: Ja, vi tilbyr tilpasningsmuligheter for \u00e5 skreddersy testerne v\u00e5re til spesifikke bransjebehov. Kontakt salgsteamet v\u00e5rt for \u00e5 diskutere dine behov.\t\t\t\t\t\t\t\t<\/div>\n\t\t\t\t\t<\/div>\n\t\t\t\t<\/div>\n\t\t\t\t<\/div>\n\t\t\t\t\t<\/details>\n\t\t\t\t\t\t<details id=\"e-n-accordion-item-68710\" class=\"e-n-accordion-item\" >\n\t\t\t\t<summary class=\"e-n-accordion-item-title\" data-accordion-index=\"11\" tabindex=\"-1\" aria-expanded=\"false\" aria-controls=\"e-n-accordion-item-68710\" >\n\t\t\t\t\t<span class='e-n-accordion-item-title-header'><div class=\"e-n-accordion-item-title-text\"> Sp\u00f8rsm\u00e5l: Er internasjonal frakt tilgjengelig for produktene dine? <\/div><\/span>\n\t\t\t\t\t\t\t\t\t<\/summary>\n\t\t\t\t<div role=\"region\" aria-labelledby=\"e-n-accordion-item-68710\" class=\"elementor-element elementor-element-d34b8b6 e-con-full e-flex e-con e-child\" data-id=\"d34b8b6\" data-element_type=\"container\" data-settings=\"{&quot;background_background&quot;:&quot;classic&quot;}\">\n\t\t<div role=\"region\" aria-labelledby=\"e-n-accordion-item-68710\" class=\"elementor-element elementor-element-8402035 e-flex e-con-boxed e-con e-child\" data-id=\"8402035\" data-element_type=\"container\">\n\t\t\t\t\t<div class=\"e-con-inner\">\n\t\t\t\t<div class=\"elementor-element elementor-element-9fbdede elementor-widget elementor-widget-text-editor\" data-id=\"9fbdede\" data-element_type=\"widget\" data-widget_type=\"text-editor.default\">\n\t\t\t\t\t\t\t\t\tSvar: Ja, vi tilbyr internasjonal frakt for v\u00e5re materialtestere. V\u00e5rt logistikkteam s\u00f8rger for sikker og rettidig levering til kunder over hele verden p\u00e5 best mulig m\u00e5te.\t\t\t\t\t\t\t\t<\/div>\n\t\t\t\t\t<\/div>\n\t\t\t\t<\/div>\n\t\t\t\t<\/div>\n\t\t\t\t\t<\/details>\n\t\t\t\t\t\t<details id=\"e-n-accordion-item-68711\" class=\"e-n-accordion-item\" >\n\t\t\t\t<summary class=\"e-n-accordion-item-title\" data-accordion-index=\"12\" tabindex=\"-1\" aria-expanded=\"false\" aria-controls=\"e-n-accordion-item-68711\" >\n\t\t\t\t\t<span class='e-n-accordion-item-title-header'><div class=\"e-n-accordion-item-title-text\"> Sp\u00f8rsm\u00e5l: Hvordan kontakter jeg kundest\u00f8tteteamet for \u00e5 f\u00e5 hjelp? <\/div><\/span>\n\t\t\t\t\t\t\t\t\t<\/summary>\n\t\t\t\t<div role=\"region\" aria-labelledby=\"e-n-accordion-item-68711\" class=\"elementor-element elementor-element-7537239 e-con-full e-flex e-con e-child\" data-id=\"7537239\" data-element_type=\"container\" data-settings=\"{&quot;background_background&quot;:&quot;classic&quot;}\">\n\t\t<div role=\"region\" aria-labelledby=\"e-n-accordion-item-68711\" class=\"elementor-element elementor-element-c7e97e5 e-flex e-con-boxed e-con e-child\" data-id=\"c7e97e5\" data-element_type=\"container\">\n\t\t\t\t\t<div class=\"e-con-inner\">\n\t\t\t\t<div class=\"elementor-element elementor-element-5cb7c40 elementor-widget elementor-widget-text-editor\" data-id=\"5cb7c40\" data-element_type=\"widget\" data-widget_type=\"text-editor.default\">\n\t\t\t\t\t\t\t\t\t<p>Svar: Du kan n\u00e5 kundest\u00f8tteteamet v\u00e5rt via v\u00e5r hotline, e-post eller ved \u00e5 sende inn en melding p\u00e5 nettstedet v\u00e5rt. Vi er opptatt av rask og effektiv kundeservice.<\/p>\t\t\t\t\t\t\t\t<\/div>\n\t\t\t\t\t<\/div>\n\t\t\t\t<\/div>\n\t\t\t\t<\/div>\n\t\t\t\t\t<\/details>\n\t\t\t\t\t\t<details id=\"e-n-accordion-item-68712\" class=\"e-n-accordion-item\" >\n\t\t\t\t<summary class=\"e-n-accordion-item-title\" data-accordion-index=\"13\" tabindex=\"-1\" aria-expanded=\"false\" aria-controls=\"e-n-accordion-item-68712\" >\n\t\t\t\t\t<span class='e-n-accordion-item-title-header'><div class=\"e-n-accordion-item-title-text\"> Sp\u00f8rsm\u00e5l: Er materialtesterne dine i samsvar med bransjestandarder og forskrifter? <\/div><\/span>\n\t\t\t\t\t\t\t\t\t<\/summary>\n\t\t\t\t<div role=\"region\" aria-labelledby=\"e-n-accordion-item-68712\" class=\"elementor-element elementor-element-88a1322 e-con-full e-flex e-con e-child\" data-id=\"88a1322\" data-element_type=\"container\" data-settings=\"{&quot;background_background&quot;:&quot;classic&quot;}\">\n\t\t<div role=\"region\" aria-labelledby=\"e-n-accordion-item-68712\" class=\"elementor-element elementor-element-667c3c7 e-flex e-con-boxed e-con e-child\" data-id=\"667c3c7\" data-element_type=\"container\">\n\t\t\t\t\t<div class=\"e-con-inner\">\n\t\t\t\t<div class=\"elementor-element elementor-element-b93f6e3 elementor-widget elementor-widget-text-editor\" data-id=\"b93f6e3\" data-element_type=\"widget\" data-widget_type=\"text-editor.default\">\n\t\t\t\t\t\t\t\t\t<p>Svar: Ja, materialtesterne v\u00e5re er utformet og produsert i samsvar med relevante bransjestandarder og forskrifter. Vi prioriterer kvalitet og overholdelse av retningslinjer.<\/p>\t\t\t\t\t\t\t\t<\/div>\n\t\t\t\t\t<\/div>\n\t\t\t\t<\/div>\n\t\t\t\t<\/div>\n\t\t\t\t\t<\/details>\n\t\t\t\t\t<\/div>\n\t\t\t\t\t\t<\/div>\n\t\t\t\t\t<\/div>\n\t\t\t\t<\/div>\n\t\t\t\t<\/div>","protected":false},"excerpt":{"rendered":"<p>\u200b Q\uff1a Are you a manufacturer or a trading company? A: We are the manufacturer, specializing in material testing instruments for industries such as packaging, medical devices, pharmaceuticals, cosmetics, food, beverages, and adhesives. Our headquarters are located in Jinan City, Shandong, China. Q\uff1a Where can I purchase your material testers? A: We directly export our [&hellip;]<\/p>","protected":false},"author":1,"featured_media":0,"parent":0,"menu_order":0,"comment_status":"closed","ping_status":"closed","template":"","meta":{"_acf_changed":false,"footnotes":""},"class_list":["post-2080","page","type-page","status-publish","hentry"],"acf":[],"_links":{"self":[{"href":"https:\/\/www.materialstests.com\/nb\/wp-json\/wp\/v2\/pages\/2080","targetHints":{"allow":["GET"]}}],"collection":[{"href":"https:\/\/www.materialstests.com\/nb\/wp-json\/wp\/v2\/pages"}],"about":[{"href":"https:\/\/www.materialstests.com\/nb\/wp-json\/wp\/v2\/types\/page"}],"author":[{"embeddable":true,"href":"https:\/\/www.materialstests.com\/nb\/wp-json\/wp\/v2\/users\/1"}],"replies":[{"embeddable":true,"href":"https:\/\/www.materialstests.com\/nb\/wp-json\/wp\/v2\/comments?post=2080"}],"version-history":[{"count":0,"href":"https:\/\/www.materialstests.com\/nb\/wp-json\/wp\/v2\/pages\/2080\/revisions"}],"wp:attachment":[{"href":"https:\/\/www.materialstests.com\/nb\/wp-json\/wp\/v2\/media?parent=2080"}],"curies":[{"name":"wp","href":"https:\/\/api.w.org\/{rel}","templated":true}]}}