{"id":2078,"date":"2026-01-26T05:37:06","date_gmt":"2026-01-26T05:37:06","guid":{"rendered":"https:\/\/www.materialstests.com\/?page_id=2078"},"modified":"2026-01-26T13:22:09","modified_gmt":"2026-01-26T13:22:09","slug":"contact-us","status":"publish","type":"page","link":"https:\/\/www.materialstests.com\/nb\/contact-us.html","title":{"rendered":"Kontakt oss"},"content":{"rendered":"<div data-elementor-type=\"wp-page\" data-elementor-id=\"2078\" class=\"elementor elementor-2078\" data-elementor-post-type=\"page\">\n\t\t\t\t<div class=\"elementor-element elementor-element-857c6e4 e-flex e-con-boxed e-con e-parent\" data-id=\"857c6e4\" data-element_type=\"container\" data-settings=\"{&quot;background_background&quot;:&quot;classic&quot;}\">\n\t\t\t\t\t<div class=\"e-con-inner\">\n\t\t\t\t<div class=\"elementor-element elementor-element-18c6c37 elementor-widget elementor-widget-heading\" data-id=\"18c6c37\" data-element_type=\"widget\" data-widget_type=\"heading.default\">\n\t\t\t\t\t<div class=\"elementor-heading-title elementor-size-default\"><nav aria-label=\"br\u00f8dsmuler\" class=\"rank-math-breadcrumb\"><p><a href=\"https:\/\/www.materialstests.com\/nb\/\">Hjem<\/a><span class=\"separator\"> \u00bb <\/span><span class=\"last\">Hjem<\/span><\/p><\/nav>\u200b<\/div>\t\t\t\t<\/div>\n\t\t\t\t\t<\/div>\n\t\t\t\t<\/div>\n\t\t<div class=\"elementor-element elementor-element-a267ca2 e-flex e-con-boxed e-con e-parent\" data-id=\"a267ca2\" data-element_type=\"container\">\n\t\t\t\t\t<div class=\"e-con-inner\">\n\t\t\t\t<div class=\"elementor-element elementor-element-cae2fd3 elementor-widget elementor-widget-text-editor\" data-id=\"cae2fd3\" data-element_type=\"widget\" data-widget_type=\"text-editor.default\">\n\t\t\t\t\t\t\t\t\t<p><strong>Cell Instruments Co, Ltd.<\/strong><\/p><p><strong>Telefon<\/strong>: +86 531 88977152<\/p><p><strong>Mobiltelefon<\/strong>: +86 18560013985<\/p><p><strong>Post<\/strong>: trade@celtec.cn<\/p><p><strong>WhatsApp<\/strong>: +86 18560013985<\/p><p><strong>WeChat<\/strong>: +86 18560013985<\/p><p><strong>Adresse<\/strong>: Nr. 5577 Gongyebei Rd, Licheng District, Jinan, 250109, Shandong, Kina<\/p><p>Hvis du \u00f8nsker mer informasjon om dette produktet, er du velkommen til \u00e5 kontakte oss. Anbefaler andre popul\u00e6re produkter for deg:\u00a0 <a class=\"aahaf6o\" title=\"Tykkelsestester for papir og kartong\" href=\"https:\/\/www.materialstests.com\/nb\/paper-board-tester.html\/\">Tykkelsestester for papir og kartong<\/a>,\u00a0<a class=\"aahaf6o\" title=\"Testing av klebeevne\" href=\"https:\/\/www.materialstests.com\/nb\/adhesiveness-tester.html\/\">Testing av klebeevne<\/a>,\u00a0<a class=\"aahaf6o\" title=\"Varmegradienttester\" href=\"https:\/\/www.materialstests.com\/nb\/products\/ghs-01-gradient-heat-seal-tester.html\/\">Varmegradienttester<\/a>,\u00a0<a class=\"aahaf6o\" title=\"varmekrympetester for film\" href=\"https:\/\/www.materialstests.com\/nb\/shrink-tester.html\/\">varmekrympetester for film<\/a>,\u00a0<a class=\"aahaf6o\" title=\"Tester for fleksibel holdbarhet\" href=\"https:\/\/www.materialstests.com\/nb\/flex-durability-tester.html\/\">Tester for fleksibel holdbarhet<\/a>,\u00a0<a class=\"aahaf6o\" title=\"Gradient Heat Seal Tester\" href=\"https:\/\/www.materialstests.com\/nb\/gradient-heat-seal-tester.html\/\">Gradient Heat Seal Tester<\/a>,\u00a0<a class=\"aahaf6o\" title=\"Tester for avskalling av klister\" href=\"https:\/\/www.materialstests.com\/nb\/products\/spc-01-stretch-film-peeling-cling-tester.html\/\">Tester for avskalling av klister<\/a>,\u00a0<a class=\"aahaf6o\" title=\"Tester for holdekraft\" href=\"https:\/\/www.materialstests.com\/nb\/holding-power-tester.html\/\">Tester for holdekraft<\/a>,\u00a0<a class=\"aahaf6o\" title=\"Kina varmeforseglingstester\" href=\"https:\/\/www.materialstests.com\/nb\/productstags\/china-heat-sealing-tester-factory.html\/\">Kina varmeforseglingstester<\/a>,\u00a0<a class=\"aahaf6o\" title=\"Tjenester for karbonatiseringstestere\" href=\"https:\/\/www.materialstests.com\/nb\/products\/clrt-01-carbon-dioxide-volume-tester.html\/\">Tjenester for karbonatiseringstestere<\/a>,\u00a0<a class=\"aahaf6o\" title=\"Tjenester for krympetestere\" href=\"https:\/\/www.materialstests.com\/nb\/shrink-tester.html\/\">Tjenester for krympetestere<\/a>,\u00a0<a class=\"aahaf6o\" title=\"Flex holdbarhetstester Kina\" href=\"https:\/\/www.materialstests.com\/nb\/products\/gft-01-flex-durability-tester.html\/\">Flex holdbarhetstester Kina<\/a>,\u00a0<a class=\"aahaf6o\" title=\"Flex Durability Tester-tjenester\" href=\"https:\/\/www.materialstests.com\/nb\/products\/gft-01-flex-durability-tester.html\/\">Flex Durability Tester-tjenester<\/a>,\u00a0<a class=\"aahaf6o\" title=\"Filmfri krympetester Kina\" href=\"https:\/\/www.materialstests.com\/nb\/shrink-tester.html\/\">Filmfri krympetester Kina<\/a>,\u00a0<a class=\"aahaf6o\" title=\"Gradient Heat Seal Tester Kina\" href=\"https:\/\/www.materialstests.com\/nb\/gradient-heat-seal-tester.html\/\">Gradient Heat Seal Tester Kina<\/a>,\u00a0<a class=\"aahaf6o\" title=\"Gradient Heat Seal Tester-tjenester\" href=\"https:\/\/www.materialstests.com\/nb\/gradient-heat-seal-tester.html\/\">Gradient Heat Seal Tester-tjenester<\/a>,\u00a0<a class=\"aahaf6o\" title=\"Peeling Cling Tester Kina\" href=\"https:\/\/www.materialstests.com\/nb\/peeling-cling-tester.html\/\">Peeling Cling Tester Kina<\/a>,\u00a0<a class=\"aahaf6o\" title=\"Tjenester for peeling Cling Tester\" href=\"https:\/\/www.materialstests.com\/nb\/products\/spc-01-stretch-film-peeling-cling-tester.html\/\">Tjenester for peeling Cling Tester<\/a>,\u00a0<a class=\"aahaf6o\" title=\"tester for avskalling av beholdere\" href=\"https:\/\/www.materialstests.com\/nb\/productstags\/container-peeling-tester.html\/\">tester for avskalling av beholdere<\/a>,\u00a0<a class=\"aahaf6o\" title=\"Containertester\" href=\"https:\/\/www.materialstests.com\/nb\/container-tester.html\/\">Containertester<\/a><\/p>\t\t\t\t\t\t\t\t<\/div>\n\t\t\t\t\t<\/div>\n\t\t\t\t<\/div>\n\t\t\t\t<\/div>","protected":false},"excerpt":{"rendered":"<p>Cell Instruments Co, Ltd. Telefon: +86 531 +86 531 88977152 Mobiltelefon: +86 18560013985 Mail: trade@celtec.cn WhatsApp: +86 18560013985 WeChat: +86 18560013985 Adresse: Nr. 5577 Gongyebei Rd, Licheng District, Jinan, 250109, Shandong, Kina Hvis du \u00f8nsker mer informasjon om dette produktet, er du velkommen til \u00e5 kontakte oss. Anbefaler andre popul\u00e6re produkter for deg:  Papir og [...]<\/p>","protected":false},"author":1,"featured_media":0,"parent":0,"menu_order":0,"comment_status":"closed","ping_status":"closed","template":"","meta":{"_acf_changed":false,"footnotes":""},"class_list":["post-2078","page","type-page","status-publish","hentry"],"acf":[],"_links":{"self":[{"href":"https:\/\/www.materialstests.com\/nb\/wp-json\/wp\/v2\/pages\/2078","targetHints":{"allow":["GET"]}}],"collection":[{"href":"https:\/\/www.materialstests.com\/nb\/wp-json\/wp\/v2\/pages"}],"about":[{"href":"https:\/\/www.materialstests.com\/nb\/wp-json\/wp\/v2\/types\/page"}],"author":[{"embeddable":true,"href":"https:\/\/www.materialstests.com\/nb\/wp-json\/wp\/v2\/users\/1"}],"replies":[{"embeddable":true,"href":"https:\/\/www.materialstests.com\/nb\/wp-json\/wp\/v2\/comments?post=2078"}],"version-history":[{"count":0,"href":"https:\/\/www.materialstests.com\/nb\/wp-json\/wp\/v2\/pages\/2078\/revisions"}],"wp:attachment":[{"href":"https:\/\/www.materialstests.com\/nb\/wp-json\/wp\/v2\/media?parent=2078"}],"curies":[{"name":"wp","href":"https:\/\/api.w.org\/{rel}","templated":true}]}}