{"id":2076,"date":"2026-01-26T05:36:23","date_gmt":"2026-01-26T05:36:23","guid":{"rendered":"https:\/\/www.materialstests.com\/?page_id=2076"},"modified":"2026-01-26T13:07:58","modified_gmt":"2026-01-26T13:07:58","slug":"service-support","status":"publish","type":"page","link":"https:\/\/www.materialstests.com\/nb\/service-support.html","title":{"rendered":"Servicest\u00f8tte"},"content":{"rendered":"<div data-elementor-type=\"wp-page\" data-elementor-id=\"2076\" class=\"elementor elementor-2076\" data-elementor-post-type=\"page\">\n\t\t\t\t<div class=\"elementor-element elementor-element-0644825 e-flex e-con-boxed e-con e-parent\" data-id=\"0644825\" data-element_type=\"container\" data-settings=\"{&quot;background_background&quot;:&quot;classic&quot;}\">\n\t\t\t\t\t<div class=\"e-con-inner\">\n\t\t\t\t<div class=\"elementor-element elementor-element-9b508b5 elementor-widget elementor-widget-heading\" data-id=\"9b508b5\" data-element_type=\"widget\" data-widget_type=\"heading.default\">\n\t\t\t\t\t<div class=\"elementor-heading-title elementor-size-default\"><nav aria-label=\"br\u00f8dsmuler\" class=\"rank-math-breadcrumb\"><p><a href=\"https:\/\/www.materialstests.com\/nb\/\">Hjem<\/a><span class=\"separator\"> \u00bb <\/span><span class=\"last\">Hjem<\/span><\/p><\/nav>\u200b<\/div>\t\t\t\t<\/div>\n\t\t\t\t\t<\/div>\n\t\t\t\t<\/div>\n\t\t<div class=\"elementor-element elementor-element-760817c e-flex e-con-boxed e-con e-parent\" data-id=\"760817c\" data-element_type=\"container\">\n\t\t\t\t\t<div class=\"e-con-inner\">\n\t\t\t\t<div class=\"elementor-element elementor-element-55a348f elementor-widget elementor-widget-text-editor\" data-id=\"55a348f\" data-element_type=\"widget\" data-widget_type=\"text-editor.default\">\n\t\t\t\t\t\t\t\t\t<p><strong>Retningslinjer for tilpasning:<\/strong><\/p><p>Hos Cell Instruments Co, Ltd. anerkjenner vi de ulike og skiftende behovene til v\u00e5r mangfoldige kundekrets som spenner over ulike bransjer. Vi har forpliktet oss til \u00e5 tilby skreddersydde l\u00f8sninger gjennom en omfattende tilpasningspolicy som sikrer at v\u00e5rt materialtestutstyr oppfyller dine spesifikke og unike krav. Enten du arbeider med emballasje, n\u00e6ringsmidler, legemidler, medisin, drikkevarer, lim, elektronikk eller andre bransjer, er m\u00e5let v\u00e5rt \u00e5 tilby deg banebrytende materialtestl\u00f8sninger som er skreddersydd til dine eksakte spesifikasjoner.<\/p><p><strong>Tilpasningsprosess:<\/strong><\/p><p>1. Innledende konsultasjon:<\/p><p>- Diskusjon og id\u00e9utvikling: Utveksle ideer om testmetoder, standarder og spesifikke krav med ekspertene v\u00e5re.<\/p><p>- Materialvurdering: Vurder materialtype, art og spesifikasjoner for \u00e5 avgj\u00f8re om en modifisering av v\u00e5re eksisterende testere kan oppfylle testbehovene dine.<\/p><p>2. Mottak og modifisering av pr\u00f8ver:<\/p><p>- Evaluering: N\u00e5r vi har f\u00e5tt bekreftet at en modifisering av den n\u00e5v\u00e6rende testeren er gjennomf\u00f8rbar, mottar vi pr\u00f8ver fra kundene.<\/p><p>- Teknisk modifikasjon: V\u00e5rt dedikerte tekniske team, som best\u00e5r av maskinvare- og programvareingeni\u00f8rer, modifiserer den eksisterende testeren n\u00f8ye basert p\u00e5 de tekniske detaljene som er diskutert.<\/p><p>*ELLER*<\/p><p>- Design av nye testere: Hvis en mindre modifikasjon ikke kan oppfylle testkravene, designer v\u00e5rt tekniske team en ny tester og tilh\u00f8rende program, noe som sikrer en omfattende l\u00f8sning.<\/p><p>3. Ytelsestesting:<\/p><p>- Kvalitetssikring: N\u00e5r den modifiserte eller nye testeren er klar, utf\u00f8rer vi grundige tester p\u00e5 pr\u00f8ver for \u00e5 sikre optimal ytelse.<\/p><p>4. Testverifisering og interaksjon:<\/p><p>- Deling av testvideoer: Vi leverer en detaljert testvideo som viser den modifiserte eller nyutviklede testeren i aksjon.<\/p><p>- Invitasjon til live-test: Alternativt inviteres kundene til anlegget v\u00e5rt for \u00e5 overv\u00e6re live-testen, slik at de kan f\u00e5 en f\u00f8rsteh\u00e5ndsopplevelse av utstyrets kapasitet.<\/p><p>5. Bekreftelse og utsendelse:<\/p><p>- Godkjenning fra kunden: Etter \u00e5 ha gjennomg\u00e5tt testresultatene og erfart utstyrets ytelse, bekrefter kundene at de er forn\u00f8yde.<\/p><p>- Ferdigstillelse: Etter bekreftelse fortsetter vi med \u00e5 sende den tilpassede testeren for en lykkelig leveringsopplevelse.<\/p><p><strong>Fordeler ved tilpasning<\/strong><\/p><p>1. Omfattende bransjeerfaring:<\/p><p>- Ekspertise p\u00e5 tvers av bransjer: Vi har lang erfaring fra en rekke ulike bransjer, blant annet emballasje, n\u00e6ringsmidler, legemidler, medisin, drikkevarer, lim, elektronikk og mye mer.<\/p><p>- Dybdeg\u00e5ende bransjeforst\u00e5else: V\u00e5re fagfolk har inng\u00e5ende kunnskap om bransjespesifikke utfordringer og krav.<\/p><p>2. Bredt utvalg av produkter:<\/p><p>- Omfattende produktportef\u00f8lje: Vi tilbyr et bredt utvalg av materialtestutstyr for \u00e5 im\u00f8tekomme ulike testbehov innen forskjellige bransjer.<\/p><p>- Allsidighet i l\u00f8sningene: V\u00e5rt brede produktsortiment sikrer at vi kan tilby l\u00f8sninger for et omfattende utvalg av testapplikasjoner.<\/p><p>3. Automatiseringskompetanse:<\/p><p>- Integrasjon av automatisering: Utnytt v\u00e5r kompetanse innen automatisering for \u00e5 effektivisere testprosesser og \u00f8ke effektiviteten.<\/p><p>- Skreddersydde automatiseringsl\u00f8sninger: V\u00e5r erfaring gj\u00f8r at vi kan skreddersy automatiserte l\u00f8sninger for \u00e5 oppfylle spesifikke bransjekrav.<\/p><p>4. Rask respons og snuoperasjon:<\/p><p>- Smidig og responsivt team: V\u00e5rt dedikerte team s\u00f8rger for rask respons p\u00e5 henvendelser, noe som sikrer en s\u00f8ml\u00f8s og rask tilpasningsprosess.<\/p><p>- Effektiv gjennomf\u00f8ringstid: Dra nytte av v\u00e5r forpliktelse til \u00e5 levere skreddersydde l\u00f8sninger innen en rimelig tidsramme.<\/p><p>5. Rimelig pris:<\/p><p>- Kostnadseffektive l\u00f8sninger: Vi prioriterer \u00e5 tilby rimelige tilpasningsalternativer uten \u00e5 g\u00e5 p\u00e5 kompromiss med kvaliteten.<\/p><p>- Verdi for investeringen: V\u00e5re kostnadseffektive l\u00f8sninger gir utmerket verdi, noe som sikrer en positiv avkastning p\u00e5 investeringen din.<\/p><p>6. Forst\u00e5else av teststandarder:<\/p><p>- Overholdelse av internasjonale standarder: Vi er godt kjent med internasjonale teststandarder som ASTM, ISO, GT, YBB, JIS, DIN, IEC og flere.<\/p><p>- Presisjon i testingen: V\u00e5r overholdelse av disse standardene sikrer n\u00f8yaktigheten og p\u00e5liteligheten til v\u00e5re kundetilpassede testl\u00f8sninger.<\/p><p>7. Gode spr\u00e5kkunnskaper:<\/p><p>- Effektiv kommunikasjon: Teamet v\u00e5rt har gode spr\u00e5kkunnskaper, noe som legger til rette for tydelig og effektiv kommunikasjon gjennom hele tilpasningsprosessen.<\/p><p><strong>Retningslinjer for ettersalgsservice<\/strong><\/p><p>Hos Cell Instruments Co, Ltd. er vi forpliktet til \u00e5 yte eksepsjonell ettersalgsservice for \u00e5 sikre at v\u00e5re verdsatte kunder blir forn\u00f8yde og f\u00e5r suksess. V\u00e5re retningslinjer for ettersalgsservice beskriver prinsippene og prosedyrene som styrer v\u00e5r forpliktelse til \u00e5 st\u00f8tte deg gjennom hele produktets livssyklus.<\/p><p>1. Garantidekning:<\/p><p>- Alle Cell Instruments-produkter leveres med en standard garantiperiode, vanligvis ett \u00e5r. Denne garantien dekker produksjonsfeil og sikrer at utstyret fungerer som det skal i den angitte perioden.<\/p><p>2. Garantikrav:<\/p><p>- Ved garantikrav m\u00e5 kunden fremlegge kj\u00f8psbevis og en detaljert beskrivelse av problemet.<\/p><p>- V\u00e5rt tekniske supportteam vil vurdere kravet og avgj\u00f8re om problemet faller inn under garantidekningen.<\/p><p>- Hvis de dekkes, vil vi reparere eller erstatte de defekte delene eller utstyret umiddelbart.<\/p><p>3. Teknisk st\u00f8tte:<\/p><p>- V\u00e5rt dedikerte tekniske supportteam er tilgjengelig for \u00e5 hjelpe deg med eventuelle sp\u00f8rsm\u00e5l eller problemer du m\u00e5tte st\u00f8te p\u00e5.<\/p><p>- Kunder kan kontakte v\u00e5r tekniske support via info@celtec.cn i \u00e5pningstiden.<\/p><p>4. Vedlikeholds- og kalibreringstjenester:<\/p><p>- Vi anbefaler regelmessig vedlikehold for \u00e5 sikre optimal ytelse. Kunder kan planlegge vedlikeholdstjenester med teamet v\u00e5rt.<\/p><p>- Kalibreringstjenester er tilgjengelige for \u00e5 opprettholde n\u00f8yaktigheten til testutstyret.<\/p><p>5. Tilgjengelighet av reservedeler:<\/p><p>- Vi har et lager av reservedeler for \u00e5 legge til rette for raske utskiftninger og minimere nedetid.<\/p><p>- Kunder kan kj\u00f8pe originale reservedeler direkte fra oss for \u00e5 sikre kompatibilitet og ytelse.<\/p><p>6. Oppl\u00e6ring av kunder:<\/p><p>- Vi tilbyr alltid nettbasert oppl\u00e6ring for kundene v\u00e5re, slik at de kan bli s\u00e5 dyktige som mulig til \u00e5 bruke utstyret v\u00e5rt.<\/p><p>- Oppl\u00e6ringen kan gjennomf\u00f8res p\u00e5 stedet (kostnaden m\u00e5 diskuteres) eller eksternt basert p\u00e5 kundens preferanser.<\/p><p>7. Tilbakemeldinger fra kunder:<\/p><p>- Vi setter pris p\u00e5 tilbakemeldinger fra kunder, ettersom de hjelper oss med \u00e5 forbedre produktene og tjenestene v\u00e5re. Kunder oppfordres til \u00e5 gi tilbakemeldinger via v\u00e5rt kontaktskjema eller via e-post info@celtec.cn .<\/p><p>8. Kontaktinformasjon:<\/p><p>For henvendelser om ettersalgsservice, vennligst kontakt v\u00e5rt kundesupportteam p\u00e5 info@celtec.cn eller +86 18560013985.<\/p><p><strong>VANLIGE SP\u00d8RSM\u00c5L<\/strong><\/p><p>Sp\u00f8rsm\u00e5l: Hva er den typiske leveringstiden for Cell Instruments-produkter?<\/p><p>Svar: Leveringstiden varierer avhengig av produkt og tilpasningskrav. Standardprodukter sendes vanligvis innen 5 virkedager eller mindre.<\/p><p>Sp\u00f8rsm\u00e5l: Kan jeg fremskynde leveringen av bestillingen min?<\/p><p>Svar: Ja, alternativer for ekspresslevering er tilgjengelige. Ta kontakt med salgsteamet v\u00e5rt for \u00e5 diskutere dine spesifikke krav og leveringsfrister.<\/p><p>Sp\u00f8rsm\u00e5l: Hvilke betalingsmetoder godtar dere?<\/p><p>Svar: Vi godtar normalt betaling via bankoverf\u00f8ring.<\/p><p>Sp\u00f8rsm\u00e5l: Er det noen ekstra avgifter for bruk av visse betalingsmetoder?<\/p><p>Svar: V\u00e5re standard betalingsmetoder medf\u00f8rer ingen ekstra gebyrer. Bankoverf\u00f8ringer kan imidlertid v\u00e6re underlagt bankgebyrer.<\/p><p>Sp\u00f8rsm\u00e5l: Hvordan pakkes produktene for frakt?<\/p><p>Svar: Produktene v\u00e5re er forsvarlig pakket for \u00e5 sikre trygg transport. Vi bruker st\u00f8tdempende emballasjematerialer og kartonger av kryssfiner eller pappkartonger for \u00e5 beskytte utstyret under frakt.<\/p><p>Sp\u00f8rsm\u00e5l: Gir dere sporingsinformasjon for bestillinger som sendes?<\/p><p>Svar: Ja, n\u00e5r bestillingen din er sendt, vil du motta en e-post med sporingsinformasjon for \u00e5 overv\u00e5ke forsendelsesstatusen.<\/p><p>Sp\u00f8rsm\u00e5l: Hvilke fraktmetoder er tilgjengelige?<\/p><p>Svar: Valget av forsendelsesmetode kan variere avhengig av hvor mye det haster med leveringen, budsjettbegrensninger samt varens st\u00f8rrelse og vekt. Vi samarbeider alltid tett med logistikkeksperter for \u00e5 optimalisere forsendelsen for v\u00e5re kunder.<\/p><p>De hyppigst brukte forsendelsesmetodene er:<\/p><p>1. Kurertjenester (f.eks. DHL, FedEx, UPS, SF Express):<\/p><p>Beskrivelse: Private budfirmaer som tilbyr d\u00f8r-til-d\u00f8r-tjenester.<\/p><p>Leveringstid: Rask transittid, tilsvarende ekspressfrakt.<\/p><p>Egnet for: Sm\u00e5 til mellomstore pakker (GW mindre enn 60 kg) med fokus p\u00e5 p\u00e5litelighet og hastighet.<\/p><p>2. Flyfrakt:<\/p><p>Beskrivelse: Transport med fly for raskere levering sammenlignet med sj\u00f8frakt.<\/p><p>Leveringstid: Raskere enn sj\u00f8frakt, men normalt langsommere enn ekspressfrakt.<\/p><p>Egnet for: Tidssensitive forsendelser med moderat budsjett og vekt. (GW mer enn 45 kg).<\/p><p>3. Sj\u00f8frakt:<\/p><p>Beskrivelse: Kostnadseffektiv for store og tunge forsendelser.<\/p><p>Leveringstid: Lengre transittid sammenlignet med flyfrakt.<\/p><p>Egnet for: Store forsendelser med fokus p\u00e5 kostnadsbesparelser og en fleksibel leveringstid.<\/p><p>4. Godstransport p\u00e5 jernbane:<\/p><p>Beskrivelse: Landtransport med jernbane, ofte brukt til interkontinental frakt, til Sentral-Asia eller europeiske kunder.<\/p><p>Leveringstid: Generelt raskere enn sj\u00f8frakt, men tregere enn flyfrakt.<\/p><p>Egnet for: Store forsendelser med destinasjoner som kan n\u00e5s med jernbane.<\/p><p>5. Intermodal transport:<\/p><p>Beskrivelse: En kombinasjon av flere transportm\u00e5ter (f.eks. sj\u00f8 og jernbane, lastebil og fly).<\/p><p>Leveringstid: Variabel, avhengig av hvilken kombinasjon av modi som velges.<\/p><p>Egnet for: Komplekse logistikkscenarioer med en blanding av ulike transportbehov.<\/p>\t\t\t\t\t\t\t\t<\/div>\n\t\t\t\t\t<\/div>\n\t\t\t\t<\/div>\n\t\t\t\t<\/div>","protected":false},"excerpt":{"rendered":"<p>\u200b Customization Policy: At Cell Instruments Co., Ltd., we recognize the distinct and evolving needs of our diverse clientele spanning various industries. Our commitment is to offer personalized solutions through a comprehensive customization policy, ensuring that our material test equipment meets your specific and unique requirements. Whether your focus lies in packaging, food, pharmaceuticals, medical, [&hellip;]<\/p>","protected":false},"author":1,"featured_media":0,"parent":0,"menu_order":0,"comment_status":"closed","ping_status":"closed","template":"","meta":{"_acf_changed":false,"footnotes":""},"class_list":["post-2076","page","type-page","status-publish","hentry"],"acf":[],"_links":{"self":[{"href":"https:\/\/www.materialstests.com\/nb\/wp-json\/wp\/v2\/pages\/2076","targetHints":{"allow":["GET"]}}],"collection":[{"href":"https:\/\/www.materialstests.com\/nb\/wp-json\/wp\/v2\/pages"}],"about":[{"href":"https:\/\/www.materialstests.com\/nb\/wp-json\/wp\/v2\/types\/page"}],"author":[{"embeddable":true,"href":"https:\/\/www.materialstests.com\/nb\/wp-json\/wp\/v2\/users\/1"}],"replies":[{"embeddable":true,"href":"https:\/\/www.materialstests.com\/nb\/wp-json\/wp\/v2\/comments?post=2076"}],"version-history":[{"count":0,"href":"https:\/\/www.materialstests.com\/nb\/wp-json\/wp\/v2\/pages\/2076\/revisions"}],"wp:attachment":[{"href":"https:\/\/www.materialstests.com\/nb\/wp-json\/wp\/v2\/media?parent=2076"}],"curies":[{"name":"wp","href":"https:\/\/api.w.org\/{rel}","templated":true}]}}