{"id":2020,"date":"2026-01-26T03:32:25","date_gmt":"2026-01-26T03:32:25","guid":{"rendered":"https:\/\/www.materialstests.com\/?page_id=2020"},"modified":"2026-01-26T13:06:21","modified_gmt":"2026-01-26T13:06:21","slug":"about-us","status":"publish","type":"page","link":"https:\/\/www.materialstests.com\/nb\/about-us.html","title":{"rendered":"Om oss"},"content":{"rendered":"<div data-elementor-type=\"wp-page\" data-elementor-id=\"2020\" class=\"elementor elementor-2020\" data-elementor-post-type=\"page\">\n\t\t\t\t<div class=\"elementor-element elementor-element-c1e7c03 e-flex e-con-boxed e-con e-parent\" data-id=\"c1e7c03\" data-element_type=\"container\" data-settings=\"{&quot;background_background&quot;:&quot;classic&quot;}\">\n\t\t\t\t\t<div class=\"e-con-inner\">\n\t\t\t\t<div class=\"elementor-element elementor-element-8fd22e0 elementor-widget elementor-widget-heading\" data-id=\"8fd22e0\" data-element_type=\"widget\" data-widget_type=\"heading.default\">\n\t\t\t\t\t<div class=\"elementor-heading-title elementor-size-default\"><nav aria-label=\"br\u00f8dsmuler\" class=\"rank-math-breadcrumb\"><p><a href=\"https:\/\/www.materialstests.com\/nb\/\">Hjem<\/a><span class=\"separator\"> \u00bb <\/span><span class=\"last\">Hjem<\/span><\/p><\/nav>\u200b<\/div>\t\t\t\t<\/div>\n\t\t\t\t\t<\/div>\n\t\t\t\t<\/div>\n\t\t<div class=\"elementor-element elementor-element-f608734 e-flex e-con-boxed e-con e-parent\" data-id=\"f608734\" data-element_type=\"container\">\n\t\t\t\t\t<div class=\"e-con-inner\">\n\t\t\t\t<div class=\"elementor-element elementor-element-58cb6ea elementor-widget elementor-widget-text-editor\" data-id=\"58cb6ea\" data-element_type=\"widget\" data-widget_type=\"text-editor.default\">\n\t\t\t\t\t\t\t\t\t<p>Siden den offisielle etableringen i 2014 har Cell Instruments gjort raske fremskritt innen produktutvikling og innovasjon, noe som markerer et viktig kapittel i selskapets dynamiske historie. V\u00e5rt engasjement for fortreffelighet har drevet oss til \u00e5 oppn\u00e5 milep\u00e6ler innen materialtestutstyr, med et omfattende utvalg som omfatter testing av emballasjematerialer, testing av medisinske materialer, testing av n\u00e6ringsmidler, farmas\u00f8ytisk testing, testing av klebeevne, testing av papir og kartong og til og med skredders\u00f8m p\u00e5 foresp\u00f8rsel. Disse banebrytende l\u00f8sningene kan brukes i mange ulike bransjer, blant annet emballasje, n\u00e6ringsmidler, legemidler, medisin, kosmetikk, drikkevarer, universiteter, inspeksjon, klebeevne og tekstiler.<\/p>\t\t\t\t\t\t\t\t<\/div>\n\t\t\t\t<div class=\"elementor-element elementor-element-c7d07e9 elementor-widget elementor-widget-image\" data-id=\"c7d07e9\" data-element_type=\"widget\" data-widget_type=\"image.default\">\n\t\t\t\t\t\t\t\t\t\t\t\t\t\t\t<img fetchpriority=\"high\" decoding=\"async\" width=\"800\" height=\"400\" src=\"https:\/\/www.materialstests.com\/wp-content\/uploads\/2026\/01\/bc800e5326c92bfcd7f943355926093a.jpg\" class=\"attachment-large size-large wp-image-2238\" alt=\"Produsent av lekkasjetestutstyr - OM OSS\" srcset=\"https:\/\/www.materialstests.com\/wp-content\/uploads\/2026\/01\/bc800e5326c92bfcd7f943355926093a.jpg 800w, https:\/\/www.materialstests.com\/wp-content\/uploads\/2026\/01\/bc800e5326c92bfcd7f943355926093a-300x150.jpg 300w, https:\/\/www.materialstests.com\/wp-content\/uploads\/2026\/01\/bc800e5326c92bfcd7f943355926093a-768x384.jpg 768w, https:\/\/www.materialstests.com\/wp-content\/uploads\/2026\/01\/bc800e5326c92bfcd7f943355926093a-18x9.jpg 18w\" sizes=\"(max-width: 800px) 100vw, 800px\" \/>\t\t\t\t\t\t\t\t\t\t\t\t\t\t\t<\/div>\n\t\t\t\t<div class=\"elementor-element elementor-element-127095f elementor-widget elementor-widget-text-editor\" data-id=\"127095f\" data-element_type=\"widget\" data-widget_type=\"text-editor.default\">\n\t\t\t\t\t\t\t\t\t<p>V\u00e5rt globale fotavtrykk har ekspandert kraftig, og vi har n\u00e5 virksomhet i over 70 land og regioner. Hos Cell Instruments strekker oppdraget v\u00e5rt seg lenger enn bare \u00e5 tilby testl\u00f8sninger; det dreier seg om \u00e5 forme landskapet for kundenes kvalitetskontroll og forskning og utvikling. V\u00e5rt m\u00e5l er \u00e5 bli anerkjent som en integrert \u2018celle\u2019 i disse prosessene, og tilby konkurransedyktige og p\u00e5litelige l\u00f8sninger til brukere over hele verden.<\/p><p>Som en pioner i bransjen er Cell Instruments fortsatt en ingeni\u00f8rdrevet organisasjon med et urokkelig engasjement for standarder. Vi prioriterer kvalitet og har aktivt utviklet instrumentmodeller som er skreddersydd for \u00e5 im\u00f8tekomme kundenes spesifikke behov, samtidig som vi sikrer samsvar med bransjestandarder. Disse instrumentene fungerer som uvurderlige verkt\u00f8y for probleml\u00f8sning og integreres s\u00f8ml\u00f8st i kundelaboratorier, forsknings- og utviklingssentre, produksjonsanlegg, forelesningsrom og mye mer. V\u00e5r tekniske bakgrunn sikrer kvaliteten p\u00e5 v\u00e5re kunders produkter, slik at de kan navigere trygt p\u00e5 det internasjonale markedet.<\/p>\t\t\t\t\t\t\t\t<\/div>\n\t\t\t\t<div class=\"elementor-element elementor-element-a0311d4 elementor-widget elementor-widget-image\" data-id=\"a0311d4\" data-element_type=\"widget\" data-widget_type=\"image.default\">\n\t\t\t\t\t\t\t\t\t\t\t\t\t\t\t<img decoding=\"async\" width=\"800\" height=\"400\" src=\"https:\/\/www.materialstests.com\/wp-content\/uploads\/2026\/01\/6f6c3ee6a57f3b5a064c916fc412fc69.jpg\" class=\"attachment-large size-large wp-image-2239\" alt=\"Produsent av lekkasjetestutstyr - OM OSS\" srcset=\"https:\/\/www.materialstests.com\/wp-content\/uploads\/2026\/01\/6f6c3ee6a57f3b5a064c916fc412fc69.jpg 800w, https:\/\/www.materialstests.com\/wp-content\/uploads\/2026\/01\/6f6c3ee6a57f3b5a064c916fc412fc69-300x150.jpg 300w, https:\/\/www.materialstests.com\/wp-content\/uploads\/2026\/01\/6f6c3ee6a57f3b5a064c916fc412fc69-768x384.jpg 768w, https:\/\/www.materialstests.com\/wp-content\/uploads\/2026\/01\/6f6c3ee6a57f3b5a064c916fc412fc69-18x9.jpg 18w\" sizes=\"(max-width: 800px) 100vw, 800px\" \/>\t\t\t\t\t\t\t\t\t\t\t\t\t\t\t<\/div>\n\t\t\t\t<div class=\"elementor-element elementor-element-5673870 elementor-widget elementor-widget-text-editor\" data-id=\"5673870\" data-element_type=\"widget\" data-widget_type=\"text-editor.default\">\n\t\t\t\t\t\t\t\t\t<p>Cell Instruments har ikke bare posisjonert seg som en produsent av topp moderne testutstyr, men ogs\u00e5 som en strategisk partner som bidrar til at bedrifter over hele verden lykkes. V\u00e5rt dedikerte team, som er utstyrt med et bredt spekter av ekspertise, samarbeider utrettelig for \u00e5 sikre at kundene v\u00e5re ikke bare f\u00e5r produkter, men omfattende l\u00f8sninger som forbedrer effektiviteten, produktkvaliteten og den generelle konkurranseevnen.<\/p><p>Hovedkontoret v\u00e5rt ligger i Jinan City, et av Nord-Kinas st\u00f8rste industriknutepunkter, og fungerer som sentrum for virksomheten v\u00e5r, med et knutepunkt for forskning, utvikling og kundesentrerte initiativer.<\/p><p>V\u00e5r suksess strekker seg utover landegrensene, ettersom vi deltar aktivt i internasjonal handel og eksporterer v\u00e5re banebrytende l\u00f8sninger til en rekke land. Denne globale utbredelsen er et bevis p\u00e5 v\u00e5r visjon om \u00e5 fremme samarbeid og dele innovasjon p\u00e5 global skala.<\/p><p>Vi fortsetter v\u00e5r reise mot fremragende kvalitet, og vi inviterer deg til \u00e5 bli med p\u00e5 \u00e5 forme fremtiden for kvalitetskontroll og forskning og utvikling p\u00e5 verdensbasis.<\/p><p>Hvis du \u00f8nsker mer informasjon om dette produktet, er du velkommen til \u00e5 kontakte oss. Anbefaler andre popul\u00e6re produkter for deg:\u00a0<a class=\"aahaf6o\" title=\"Tykkelsestester for papir og kartong\" href=\"https:\/\/www.materialstests.com\/nb\/paper-board-tester.html\/\">Tykkelsestester for papir og kartong<\/a>,\u00a0<a class=\"aahaf6o\" title=\"Testutstyr for brutto lekkasje\" href=\"https:\/\/www.materialstests.com\/nb\/gross-leak-tester.html\/\">Testutstyr for brutto lekkasje<\/a>,\u00a0<a class=\"aahaf6o\" title=\" Test av utstyr for brutto lekkasjetester\" href=\"https:\/\/www.materialstests.com\/nb\/gross-leak-tester.html\/\">Test av utstyr for brutto lekkasjetester<\/a>,\u00a0<a class=\"aahaf6o\" title=\"Test av utstyr for brutto lekkasjetester\" href=\"https:\/\/www.materialstests.com\/nb\/gross-leak-tester.html\/\">Test av utstyr for brutto lekkasjetester<\/a>,\u00a0<a class=\"aahaf6o\" title=\"Gradient Heat Seal Tester Produsent\" href=\"https:\/\/www.materialstests.com\/nb\/products\/ghs-01-gradient-heat-seal-tester.html\/\">Gradient Heat Seal Tester Produsent<\/a>,\u00a0<a class=\"aahaf6o\" title=\"Laboratorietester for hot tack\" href=\"https:\/\/www.materialstests.com\/nb\/products\/htt-02-hot-tack-tester.html\/\">Laboratorietester for hot tack<\/a>,\u00a0<a class=\"aahaf6o\" title=\"Varmegradienttester\" href=\"https:\/\/www.materialstests.com\/nb\/products\/ghs-01-gradient-heat-seal-tester.html\/\">Varmegradienttester<\/a>,\u00a0<a class=\"aahaf6o\" title=\"filmfri krympetester\" href=\"https:\/\/www.materialstests.com\/nb\/shrink-tester.html\/\">filmfri krympetester<\/a>,\u00a0<a class=\"aahaf6o\" title=\"varmekrympetester for film\" href=\"https:\/\/www.materialstests.com\/nb\/shrink-tester.html\/\">varmekrympetester for film<\/a>,\u00a0<a class=\"aahaf6o\" title=\"Tester for fleksibel holdbarhet\" href=\"https:\/\/www.materialstests.com\/nb\/flex-durability-tester.html\/\">Tester for fleksibel holdbarhet<\/a>,\u00a0<a class=\"aahaf6o\" title=\"Gradient Heat Seal Tester\" href=\"https:\/\/www.materialstests.com\/nb\/gradient-heat-seal-tester.html\/\">Gradient Heat Seal Tester<\/a>,\u00a0<a class=\"aahaf6o\" title=\"Tester for avskalling av klister\" href=\"https:\/\/www.materialstests.com\/nb\/products\/spc-01-stretch-film-peeling-cling-tester.html\/\">Tester for avskalling av klister<\/a>,\u00a0<a class=\"aahaf6o\" title=\"Tester for holdekraft\" href=\"https:\/\/www.materialstests.com\/nb\/holding-power-tester.html\/\">Tester for holdekraft<\/a>,\u00a0<a class=\"aahaf6o\" title=\"Laboratorietester for varmeforsegling\" href=\"https:\/\/www.materialstests.com\/nb\/products\/hst-01-heat-seal-tester.html\/\">Laboratorietester for varmeforsegling<\/a>,\u00a0<a class=\"aahaf6o\" title=\"tester for avskalling av beholdere\" href=\"https:\/\/www.materialstests.com\/nb\/productstags\/container-peeling-tester.html\/\">tester for avskalling av beholdere<\/a>,\u00a0<a class=\"aahaf6o\" title=\"leverand\u00f8rer av varmeforseglingstestere i Kina\" href=\"https:\/\/www.materialstests.com\/nb\/heat-seal-tester.html\/\">leverand\u00f8rer av varmeforseglingstestere i Kina<\/a>,\u00a0<a class=\"aahaf6o\" title=\"Kina varmeforseglingstester\" href=\"https:\/\/www.materialstests.com\/nb\/productstags\/china-heat-sealing-tester-factory.html\/\">Kina varmeforseglingstester<\/a>,\u00a0<a class=\"aahaf6o\" title=\"varmeforseglingstester fabrikker\" href=\"https:\/\/www.materialstests.com\/nb\/productstags\/heat-sealing-tester-factories.html\/\">varmeforseglingstester fabrikker<\/a>,\u00a0<a class=\"aahaf6o\" title=\"varmeforsegling tester fabrikker\" href=\"https:\/\/www.materialstests.com\/nb\/productstags\/heat-sealing-tester-factories.html\/\">varmeforsegling tester fabrikker<\/a>,\u00a0<a class=\"aahaf6o\" title=\"Leverand\u00f8r av karbonatiseringstester\" href=\"https:\/\/www.materialstests.com\/nb\/products\/clrt-01-carbon-dioxide-volume-tester.html\/\">Leverand\u00f8r av karbonatiseringstester<\/a>,\u00a0<a class=\"aahaf6o\" title=\"Tjenester for karbonatiseringstestere\" href=\"https:\/\/www.materialstests.com\/nb\/products\/clrt-01-carbon-dioxide-volume-tester.html\/\">Tjenester for karbonatiseringstestere<\/a>,\u00a0<a class=\"aahaf6o\" title=\"Tjenester for krympetestere\" href=\"https:\/\/www.materialstests.com\/nb\/shrink-tester.html\/\">Tjenester for krympetestere<\/a>,\u00a0<a class=\"aahaf6o\" title=\"Leverand\u00f8r av Ball Tack Tester\" href=\"https:\/\/www.materialstests.com\/nb\/products\/btt-01-ball-tack-tester.html\/\">Leverand\u00f8r av Ball Tack Tester<\/a>,\u00a0<a class=\"aahaf6o\" title=\"Ball Tack Tester eksport\" href=\"https:\/\/www.materialstests.com\/nb\/products\/btt-01-ball-tack-tester.html\/\">Ball Tack Tester eksport<\/a>,\u00a0<a class=\"aahaf6o\" title=\"Produsent av Flex Durability Tester\" href=\"https:\/\/www.materialstests.com\/nb\/flex-durability-tester.html\/\">Produsent av Flex Durability Tester<\/a>,\u00a0<a class=\"aahaf6o\" title=\"Leverand\u00f8r av Flex Durability Tester\" href=\"https:\/\/www.materialstests.com\/nb\/flex-durability-tester.html\/\">Leverand\u00f8r av Flex Durability Tester<\/a>,\u00a0<a class=\"aahaf6o\" title=\"Flex Durability Tester eksport\" href=\"https:\/\/www.materialstests.com\/nb\/flex-durability-tester.html\/\">Flex Durability Tester eksport<\/a>,\u00a0<a class=\"aahaf6o\" title=\"Flex holdbarhetstester Kina\" href=\"https:\/\/www.materialstests.com\/nb\/products\/gft-01-flex-durability-tester.html\/\">Flex holdbarhetstester Kina<\/a>,\u00a0<a class=\"aahaf6o\" title=\"Flex Durability Tester-tjenester\" href=\"https:\/\/www.materialstests.com\/nb\/products\/gft-01-flex-durability-tester.html\/\">Flex Durability Tester-tjenester<\/a><\/p>\t\t\t\t\t\t\t\t<\/div>\n\t\t\t\t\t<\/div>\n\t\t\t\t<\/div>\n\t\t\t\t<\/div>","protected":false},"excerpt":{"rendered":"<p>\u200b Since its official establishment in 2014, Cell Instruments has rapidly ascended in product development and innovation, marking a significant chapter in its dynamic history. Our commitment to excellence has propelled us to achieve milestones in the field of material test equipment, boasting comprehensive lines that encompass Packaging Material Testing, Medical Material Testing, Food Testing, [&hellip;]<\/p>","protected":false},"author":1,"featured_media":0,"parent":0,"menu_order":0,"comment_status":"closed","ping_status":"closed","template":"","meta":{"_acf_changed":false,"footnotes":""},"class_list":["post-2020","page","type-page","status-publish","hentry"],"acf":[],"_links":{"self":[{"href":"https:\/\/www.materialstests.com\/nb\/wp-json\/wp\/v2\/pages\/2020","targetHints":{"allow":["GET"]}}],"collection":[{"href":"https:\/\/www.materialstests.com\/nb\/wp-json\/wp\/v2\/pages"}],"about":[{"href":"https:\/\/www.materialstests.com\/nb\/wp-json\/wp\/v2\/types\/page"}],"author":[{"embeddable":true,"href":"https:\/\/www.materialstests.com\/nb\/wp-json\/wp\/v2\/users\/1"}],"replies":[{"embeddable":true,"href":"https:\/\/www.materialstests.com\/nb\/wp-json\/wp\/v2\/comments?post=2020"}],"version-history":[{"count":0,"href":"https:\/\/www.materialstests.com\/nb\/wp-json\/wp\/v2\/pages\/2020\/revisions"}],"wp:attachment":[{"href":"https:\/\/www.materialstests.com\/nb\/wp-json\/wp\/v2\/media?parent=2020"}],"curies":[{"name":"wp","href":"https:\/\/api.w.org\/{rel}","templated":true}]}}