{"id":2080,"date":"2026-01-26T05:37:24","date_gmt":"2026-01-26T05:37:24","guid":{"rendered":"https:\/\/www.materialstests.com\/?page_id=2080"},"modified":"2026-01-26T13:36:05","modified_gmt":"2026-01-26T13:36:05","slug":"faq","status":"publish","type":"page","link":"https:\/\/www.materialstests.com\/lv\/faq.html","title":{"rendered":"BIE\u017d\u0100K UZDOTIE JAUT\u0100JUMI"},"content":{"rendered":"<div data-elementor-type=\"wp-page\" data-elementor-id=\"2080\" class=\"elementor elementor-2080\" data-elementor-post-type=\"page\">\n\t\t\t\t<div class=\"elementor-element elementor-element-968636c e-flex e-con-boxed e-con e-parent\" data-id=\"968636c\" data-element_type=\"container\" data-settings=\"{&quot;background_background&quot;:&quot;classic&quot;}\">\n\t\t\t\t\t<div class=\"e-con-inner\">\n\t\t\t\t<div class=\"elementor-element elementor-element-c11cda6 elementor-widget elementor-widget-heading\" data-id=\"c11cda6\" data-element_type=\"widget\" data-widget_type=\"heading.default\">\n\t\t\t\t\t<div class=\"elementor-heading-title elementor-size-default\"><nav aria-label=\"r\u012bvmaizes\" class=\"rank-math-breadcrumb\"><p><a href=\"https:\/\/www.materialstests.com\/lv\/\">S\u0101kums<\/a><span class=\"separator\"> \u00bb <\/span><span class=\"last\">S\u0101kums<\/span><\/p><\/nav>\u200b<\/div>\t\t\t\t<\/div>\n\t\t\t\t\t<\/div>\n\t\t\t\t<\/div>\n\t\t<div class=\"elementor-element elementor-element-dd484b9 e-flex e-con-boxed e-con e-parent\" data-id=\"dd484b9\" data-element_type=\"container\">\n\t\t\t\t\t<div class=\"e-con-inner\">\n\t\t\t\t<div class=\"elementor-element elementor-element-4188fa4 elementor-widget elementor-widget-n-accordion\" data-id=\"4188fa4\" data-element_type=\"widget\" data-settings=\"{&quot;default_state&quot;:&quot;all_collapsed&quot;,&quot;max_items_expended&quot;:&quot;multiple&quot;,&quot;n_accordion_animation_duration&quot;:{&quot;unit&quot;:&quot;ms&quot;,&quot;size&quot;:400,&quot;sizes&quot;:[]}}\" data-widget_type=\"nested-accordion.default\">\n\t\t\t\t\t\t\t<div class=\"e-n-accordion\" aria-label=\"Akordeons. Atveriet saites ar Enter vai Space, aizveriet ar Escape un p\u0101rvietojieties ar bulttausti\u0146iem.\">\n\t\t\t\t\t\t<details id=\"e-n-accordion-item-6870\" class=\"e-n-accordion-item\" >\n\t\t\t\t<summary class=\"e-n-accordion-item-title\" data-accordion-index=\"1\" tabindex=\"0\" aria-expanded=\"false\" aria-controls=\"e-n-accordion-item-6870\" >\n\t\t\t\t\t<span class='e-n-accordion-item-title-header'><div class=\"e-n-accordion-item-title-text\"> Q\uff1a Vai j\u016bs esat ra\u017eot\u0101js vai tirdzniec\u012bbas uz\u0146\u0113mums? <\/div><\/span>\n\t\t\t\t\t\t\t\t\t<\/summary>\n\t\t\t\t<div role=\"region\" aria-labelledby=\"e-n-accordion-item-6870\" class=\"elementor-element elementor-element-862560b e-con-full e-flex e-con e-child\" data-id=\"862560b\" data-element_type=\"container\" data-settings=\"{&quot;background_background&quot;:&quot;classic&quot;}\">\n\t\t<div role=\"region\" aria-labelledby=\"e-n-accordion-item-6870\" class=\"elementor-element elementor-element-76d5dfa e-flex e-con-boxed e-con e-child\" data-id=\"76d5dfa\" data-element_type=\"container\">\n\t\t\t\t\t<div class=\"e-con-inner\">\n\t\t\t\t<div class=\"elementor-element elementor-element-89c75be elementor-widget elementor-widget-text-editor\" data-id=\"89c75be\" data-element_type=\"widget\" data-widget_type=\"text-editor.default\">\n\t\t\t\t\t\t\t\t\t<p>A: M\u0113s esam ra\u017eot\u0101js, kas specializ\u0113jas materi\u0101lu test\u0113\u0161anas instrumentos t\u0101d\u0101m nozar\u0113m k\u0101 iepakojums, medic\u012bnas ier\u012bces, farm\u0101cija, kosm\u0113tika, p\u0101rtika, dz\u0113rieni un l\u012bmes. M\u016bsu galven\u0101 m\u012btne atrodas Jinan pils\u0113t\u0101, Shandong, \u0136\u012bn\u0101.<\/p>\t\t\t\t\t\t\t\t<\/div>\n\t\t\t\t\t<\/div>\n\t\t\t\t<\/div>\n\t\t\t\t<\/div>\n\t\t\t\t\t<\/details>\n\t\t\t\t\t\t<details id=\"e-n-accordion-item-6871\" class=\"e-n-accordion-item\" >\n\t\t\t\t<summary class=\"e-n-accordion-item-title\" data-accordion-index=\"2\" tabindex=\"-1\" aria-expanded=\"false\" aria-controls=\"e-n-accordion-item-6871\" >\n\t\t\t\t\t<span class='e-n-accordion-item-title-header'><div class=\"e-n-accordion-item-title-text\"> J\uff1a Kur es varu ieg\u0101d\u0101ties j\u016bsu materi\u0101lu testerus? <\/div><\/span>\n\t\t\t\t\t\t\t\t\t<\/summary>\n\t\t\t\t<div role=\"region\" aria-labelledby=\"e-n-accordion-item-6871\" class=\"elementor-element elementor-element-d3f4d4c e-con-full e-flex e-con e-child\" data-id=\"d3f4d4c\" data-element_type=\"container\" data-settings=\"{&quot;background_background&quot;:&quot;classic&quot;}\">\n\t\t<div role=\"region\" aria-labelledby=\"e-n-accordion-item-6871\" class=\"elementor-element elementor-element-da44084 e-flex e-con-boxed e-con e-child\" data-id=\"da44084\" data-element_type=\"container\">\n\t\t\t\t\t<div class=\"e-con-inner\">\n\t\t\t\t<div class=\"elementor-element elementor-element-fac06b9 elementor-widget elementor-widget-text-editor\" data-id=\"fac06b9\" data-element_type=\"widget\" data-widget_type=\"text-editor.default\">\n\t\t\t\t\t\t\t\t\t<p>A: M\u0113s tie\u0161i eksport\u0113jam m\u016bsu test\u0113t\u0101jus no \u0136\u012bnas. Turkl\u0101t atsevi\u0161\u0137os re\u0123ionos mums ir viet\u0113jie p\u0101rst\u0101vji, kas nodarbojas ar p\u0101rdo\u0161anu un nodro\u0161ina atbalstu.<\/p>\t\t\t\t\t\t\t\t<\/div>\n\t\t\t\t\t<\/div>\n\t\t\t\t<\/div>\n\t\t\t\t<\/div>\n\t\t\t\t\t<\/details>\n\t\t\t\t\t\t<details id=\"e-n-accordion-item-6872\" class=\"e-n-accordion-item\" >\n\t\t\t\t<summary class=\"e-n-accordion-item-title\" data-accordion-index=\"3\" tabindex=\"-1\" aria-expanded=\"false\" aria-controls=\"e-n-accordion-item-6872\" >\n\t\t\t\t\t<span class='e-n-accordion-item-title-header'><div class=\"e-n-accordion-item-title-text\"> J\uff1a K\u0101 notiek instal\u0113\u0161anas process? <\/div><\/span>\n\t\t\t\t\t\t\t\t\t<\/summary>\n\t\t\t\t<div role=\"region\" aria-labelledby=\"e-n-accordion-item-6872\" class=\"elementor-element elementor-element-6d8cb15 e-con-full e-flex e-con e-child\" data-id=\"6d8cb15\" data-element_type=\"container\" data-settings=\"{&quot;background_background&quot;:&quot;classic&quot;}\">\n\t\t<div role=\"region\" aria-labelledby=\"e-n-accordion-item-6872\" class=\"elementor-element elementor-element-5b56bcd e-flex e-con-boxed e-con e-child\" data-id=\"5b56bcd\" data-element_type=\"container\">\n\t\t\t\t\t<div class=\"e-con-inner\">\n\t\t\t\t<div class=\"elementor-element elementor-element-f82ace7 elementor-widget elementor-widget-text-editor\" data-id=\"f82ace7\" data-element_type=\"widget\" data-widget_type=\"text-editor.default\">\n\t\t\t\t\t\t\t\t\tA: M\u0113s parasti pieg\u0101d\u0101jam testerus k\u0101 veselas vien\u012bbas, un lieto\u0161anas pam\u0101c\u012bb\u0101 ir sniegtas detaliz\u0113tas uzst\u0101d\u012b\u0161anas instrukcijas. Turkl\u0101t m\u0113s pied\u0101v\u0101jam bezmaksas tie\u0161saistes atbalstu uzst\u0101d\u012b\u0161anai un nodo\u0161anai ekspluat\u0101cij\u0101.\t\t\t\t\t\t\t\t<\/div>\n\t\t\t\t\t<\/div>\n\t\t\t\t<\/div>\n\t\t\t\t<\/div>\n\t\t\t\t\t<\/details>\n\t\t\t\t\t\t<details id=\"e-n-accordion-item-6873\" class=\"e-n-accordion-item\" >\n\t\t\t\t<summary class=\"e-n-accordion-item-title\" data-accordion-index=\"4\" tabindex=\"-1\" aria-expanded=\"false\" aria-controls=\"e-n-accordion-item-6873\" >\n\t\t\t\t\t<span class='e-n-accordion-item-title-header'><div class=\"e-n-accordion-item-title-text\"> Q\uff1a Vai j\u016bs sniedzat p\u0113cp\u0101rdo\u0161anas servisu? <\/div><\/span>\n\t\t\t\t\t\t\t\t\t<\/summary>\n\t\t\t\t<div role=\"region\" aria-labelledby=\"e-n-accordion-item-6873\" class=\"elementor-element elementor-element-961bbe7 e-con-full e-flex e-con e-child\" data-id=\"961bbe7\" data-element_type=\"container\" data-settings=\"{&quot;background_background&quot;:&quot;classic&quot;}\">\n\t\t<div role=\"region\" aria-labelledby=\"e-n-accordion-item-6873\" class=\"elementor-element elementor-element-39e1cef e-flex e-con-boxed e-con e-child\" data-id=\"39e1cef\" data-element_type=\"container\">\n\t\t\t\t\t<div class=\"e-con-inner\">\n\t\t\t\t<div class=\"elementor-element elementor-element-3e7962b elementor-widget elementor-widget-text-editor\" data-id=\"3e7962b\" data-element_type=\"widget\" data-widget_type=\"text-editor.default\">\n\t\t\t\t\t\t\t\t\tA: J\u0101, m\u0113s k\u0101 ra\u017eot\u0101js varam viegli identific\u0113t un pal\u012bdz\u0113t lietot\u0101jiem atrisin\u0101t visas probl\u0113mas. Sa\u0146emot p\u0113cp\u0101rdo\u0161anas zi\u0146ojumu, m\u0113s rea\u0123\u0113jam vienas darba dienas laik\u0101 un sniedzam risin\u0101jumus n\u0101kamo 8 stundu laik\u0101.\t\t\t\t\t\t\t\t<\/div>\n\t\t\t\t\t<\/div>\n\t\t\t\t<\/div>\n\t\t\t\t<\/div>\n\t\t\t\t\t<\/details>\n\t\t\t\t\t\t<details id=\"e-n-accordion-item-6874\" class=\"e-n-accordion-item\" >\n\t\t\t\t<summary class=\"e-n-accordion-item-title\" data-accordion-index=\"5\" tabindex=\"-1\" aria-expanded=\"false\" aria-controls=\"e-n-accordion-item-6874\" >\n\t\t\t\t\t<span class='e-n-accordion-item-title-header'><div class=\"e-n-accordion-item-title-text\"> Q\uff1a K\u0101ds ir j\u016bsu produktu garantijas termi\u0146\u0161? <\/div><\/span>\n\t\t\t\t\t\t\t\t\t<\/summary>\n\t\t\t\t<div role=\"region\" aria-labelledby=\"e-n-accordion-item-6874\" class=\"elementor-element elementor-element-9d39525 e-con-full e-flex e-con e-child\" data-id=\"9d39525\" data-element_type=\"container\" data-settings=\"{&quot;background_background&quot;:&quot;classic&quot;}\">\n\t\t<div role=\"region\" aria-labelledby=\"e-n-accordion-item-6874\" class=\"elementor-element elementor-element-c4fcbc9 e-flex e-con-boxed e-con e-child\" data-id=\"c4fcbc9\" data-element_type=\"container\">\n\t\t\t\t\t<div class=\"e-con-inner\">\n\t\t\t\t<div class=\"elementor-element elementor-element-2bcd980 elementor-widget elementor-widget-text-editor\" data-id=\"2bcd980\" data-element_type=\"widget\" data-widget_type=\"text-editor.default\">\n\t\t\t\t\t\t\t\t\tA: M\u016bsu garantija attiecas uz 12 m\u0113ne\u0161u ra\u017eo\u0161anas defektiem. Turkl\u0101t m\u0113s pied\u0101v\u0101jam bezmaksas tehnisko atbalstu visu m\u016b\u017eu.\t\t\t\t\t\t\t\t<\/div>\n\t\t\t\t\t<\/div>\n\t\t\t\t<\/div>\n\t\t\t\t<\/div>\n\t\t\t\t\t<\/details>\n\t\t\t\t\t\t<details id=\"e-n-accordion-item-6875\" class=\"e-n-accordion-item\" >\n\t\t\t\t<summary class=\"e-n-accordion-item-title\" data-accordion-index=\"6\" tabindex=\"-1\" aria-expanded=\"false\" aria-controls=\"e-n-accordion-item-6875\" >\n\t\t\t\t\t<span class='e-n-accordion-item-title-header'><div class=\"e-n-accordion-item-title-text\"> Q\uff1a K\u0101ds ir paredzamais pieg\u0101des laiks? <\/div><\/span>\n\t\t\t\t\t\t\t\t\t<\/summary>\n\t\t\t\t<div role=\"region\" aria-labelledby=\"e-n-accordion-item-6875\" class=\"elementor-element elementor-element-6a4f3ba e-con-full e-flex e-con e-child\" data-id=\"6a4f3ba\" data-element_type=\"container\" data-settings=\"{&quot;background_background&quot;:&quot;classic&quot;}\">\n\t\t<div role=\"region\" aria-labelledby=\"e-n-accordion-item-6875\" class=\"elementor-element elementor-element-223fedd e-flex e-con-boxed e-con e-child\" data-id=\"223fedd\" data-element_type=\"container\">\n\t\t\t\t\t<div class=\"e-con-inner\">\n\t\t\t\t<div class=\"elementor-element elementor-element-f061c38 elementor-widget elementor-widget-text-editor\" data-id=\"f061c38\" data-element_type=\"widget\" data-widget_type=\"text-editor.default\">\n\t\t\t\t\t\t\t\t\tA: Standarta mode\u013ciem pieg\u0101des laiks ir 1-5 darba dienas. Piel\u0101gotiem mode\u013ciem pieg\u0101de parasti prasa aptuveni 10-20 darba dienas.\t\t\t\t\t\t\t\t<\/div>\n\t\t\t\t\t<\/div>\n\t\t\t\t<\/div>\n\t\t\t\t<\/div>\n\t\t\t\t\t<\/details>\n\t\t\t\t\t\t<details id=\"e-n-accordion-item-6876\" class=\"e-n-accordion-item\" >\n\t\t\t\t<summary class=\"e-n-accordion-item-title\" data-accordion-index=\"7\" tabindex=\"-1\" aria-expanded=\"false\" aria-controls=\"e-n-accordion-item-6876\" >\n\t\t\t\t\t<span class='e-n-accordion-item-title-header'><div class=\"e-n-accordion-item-title-text\"> Q\uff1a Vai pirms ieg\u0101des es varu sa\u0146emt j\u016bsu materi\u0101lu testeru demonstr\u0101ciju vai izm\u0113\u0123in\u0101jumu? <\/div><\/span>\n\t\t\t\t\t\t\t\t\t<\/summary>\n\t\t\t\t<div role=\"region\" aria-labelledby=\"e-n-accordion-item-6876\" class=\"elementor-element elementor-element-843548f e-con-full e-flex e-con e-child\" data-id=\"843548f\" data-element_type=\"container\" data-settings=\"{&quot;background_background&quot;:&quot;classic&quot;}\">\n\t\t<div role=\"region\" aria-labelledby=\"e-n-accordion-item-6876\" class=\"elementor-element elementor-element-553585d e-flex e-con-boxed e-con e-child\" data-id=\"553585d\" data-element_type=\"container\">\n\t\t\t\t\t<div class=\"e-con-inner\">\n\t\t\t\t<div class=\"elementor-element elementor-element-d26e1bf elementor-widget elementor-widget-text-editor\" data-id=\"d26e1bf\" data-element_type=\"widget\" data-widget_type=\"text-editor.default\">\n\t\t\t\t\t\t\t\t\t<div class=\"faq-item-name  active\">\u00a0<\/div><div class=\"faq-item-text\"><div class=\"text\"><p title=\"J\u0101, standarta vien\u012bb\u0101m m\u0113s pied\u0101v\u0101jam demonstr\u0101cijas un izm\u0113\u0123in\u0101jumus ieinteres\u0113tajiem klientiem. L\u016bdzu, sazinieties ar m\u016bsu p\u0101rdo\u0161anas komandu, lai norun\u0101tu sesiju.\">A: J\u0101, standarta vien\u012bb\u0101m m\u0113s pied\u0101v\u0101jam demonstr\u0101cijas un izm\u0113\u0123in\u0101jumus ieinteres\u0113tajiem klientiem. L\u016bdzu, sazinieties ar m\u016bsu p\u0101rdo\u0161anas komandu, lai norun\u0101tu sesiju.<\/p><\/div><\/div>\t\t\t\t\t\t\t\t<\/div>\n\t\t\t\t\t<\/div>\n\t\t\t\t<\/div>\n\t\t\t\t<\/div>\n\t\t\t\t\t<\/details>\n\t\t\t\t\t\t<details id=\"e-n-accordion-item-6877\" class=\"e-n-accordion-item\" >\n\t\t\t\t<summary class=\"e-n-accordion-item-title\" data-accordion-index=\"8\" tabindex=\"-1\" aria-expanded=\"false\" aria-controls=\"e-n-accordion-item-6877\" >\n\t\t\t\t\t<span class='e-n-accordion-item-title-header'><div class=\"e-n-accordion-item-title-text\"> Q\uff1a Vai j\u016bsu materi\u0101lu testeriem ir viegli pieejamas rezerves da\u013cas? <\/div><\/span>\n\t\t\t\t\t\t\t\t\t<\/summary>\n\t\t\t\t<div role=\"region\" aria-labelledby=\"e-n-accordion-item-6877\" class=\"elementor-element elementor-element-64b6735 e-con-full e-flex e-con e-child\" data-id=\"64b6735\" data-element_type=\"container\" data-settings=\"{&quot;background_background&quot;:&quot;classic&quot;}\">\n\t\t<div role=\"region\" aria-labelledby=\"e-n-accordion-item-6877\" class=\"elementor-element elementor-element-5f0cb7b e-flex e-con-boxed e-con e-child\" data-id=\"5f0cb7b\" data-element_type=\"container\">\n\t\t\t\t\t<div class=\"e-con-inner\">\n\t\t\t\t<div class=\"elementor-element elementor-element-a94f722 elementor-widget elementor-widget-text-editor\" data-id=\"a94f722\" data-element_type=\"widget\" data-widget_type=\"text-editor.default\">\n\t\t\t\t\t\t\t\t\t<p>A: J\u0101, m\u0113s uzturam parasti nepiecie\u0161amo rezerves da\u013cu kr\u0101jumus. Ja nepiecie\u0161amas rezerves da\u013cas vai papildu da\u013cas, m\u016bsu klientu atbalsta komanda var jums pal\u012bdz\u0113t.<\/p>\t\t\t\t\t\t\t\t<\/div>\n\t\t\t\t\t<\/div>\n\t\t\t\t<\/div>\n\t\t\t\t<\/div>\n\t\t\t\t\t<\/details>\n\t\t\t\t\t\t<details id=\"e-n-accordion-item-6878\" class=\"e-n-accordion-item\" >\n\t\t\t\t<summary class=\"e-n-accordion-item-title\" data-accordion-index=\"9\" tabindex=\"-1\" aria-expanded=\"false\" aria-controls=\"e-n-accordion-item-6878\" >\n\t\t\t\t\t<span class='e-n-accordion-item-title-header'><div class=\"e-n-accordion-item-title-text\"> Q\uff1a Vai j\u016bs nodro\u0161in\u0101t apm\u0101c\u012bbu, k\u0101 str\u0101d\u0101t ar j\u016bsu materi\u0101lu testeriem? <\/div><\/span>\n\t\t\t\t\t\t\t\t\t<\/summary>\n\t\t\t\t<div role=\"region\" aria-labelledby=\"e-n-accordion-item-6878\" class=\"elementor-element elementor-element-200ae5c e-con-full e-flex e-con e-child\" data-id=\"200ae5c\" data-element_type=\"container\" data-settings=\"{&quot;background_background&quot;:&quot;classic&quot;}\">\n\t\t<div role=\"region\" aria-labelledby=\"e-n-accordion-item-6878\" class=\"elementor-element elementor-element-7146203 e-flex e-con-boxed e-con e-child\" data-id=\"7146203\" data-element_type=\"container\">\n\t\t\t\t\t<div class=\"e-con-inner\">\n\t\t\t\t<div class=\"elementor-element elementor-element-370d79a elementor-widget elementor-widget-text-editor\" data-id=\"370d79a\" data-element_type=\"widget\" data-widget_type=\"text-editor.default\">\n\t\t\t\t\t\t\t\t\tA: Noteikti. M\u0113s pied\u0101v\u0101jam visaptvero\u0161as apm\u0101c\u012bbu sesijas vai nu m\u016bsu uz\u0146\u0113mum\u0101, vai tie\u0161saistes platform\u0101s, lai nodro\u0161in\u0101tu, ka lietot\u0101ji prot lietot m\u016bsu apr\u012bkojumu.\t\t\t\t\t\t\t\t<\/div>\n\t\t\t\t\t<\/div>\n\t\t\t\t<\/div>\n\t\t\t\t<\/div>\n\t\t\t\t\t<\/details>\n\t\t\t\t\t\t<details id=\"e-n-accordion-item-6879\" class=\"e-n-accordion-item\" >\n\t\t\t\t<summary class=\"e-n-accordion-item-title\" data-accordion-index=\"10\" tabindex=\"-1\" aria-expanded=\"false\" aria-controls=\"e-n-accordion-item-6879\" >\n\t\t\t\t\t<span class='e-n-accordion-item-title-header'><div class=\"e-n-accordion-item-title-text\"> Q\uff1a Vai j\u016bsu materi\u0101lu testeri var tikt piel\u0101goti, lai atbilstu \u012bpa\u0161\u0101m nozares pras\u012bb\u0101m? <\/div><\/span>\n\t\t\t\t\t\t\t\t\t<\/summary>\n\t\t\t\t<div role=\"region\" aria-labelledby=\"e-n-accordion-item-6879\" class=\"elementor-element elementor-element-03a5e87 e-con-full e-flex e-con e-child\" data-id=\"03a5e87\" data-element_type=\"container\" data-settings=\"{&quot;background_background&quot;:&quot;classic&quot;}\">\n\t\t<div role=\"region\" aria-labelledby=\"e-n-accordion-item-6879\" class=\"elementor-element elementor-element-67447d9 e-flex e-con-boxed e-con e-child\" data-id=\"67447d9\" data-element_type=\"container\">\n\t\t\t\t\t<div class=\"e-con-inner\">\n\t\t\t\t<div class=\"elementor-element elementor-element-bd8ab7b elementor-widget elementor-widget-text-editor\" data-id=\"bd8ab7b\" data-element_type=\"widget\" data-widget_type=\"text-editor.default\">\n\t\t\t\t\t\t\t\t\tA: J\u0101, m\u0113s pied\u0101v\u0101jam piel\u0101go\u0161anas iesp\u0113jas, lai piel\u0101gotu m\u016bsu test\u0113t\u0101jus konkr\u0113t\u0101m nozares vajadz\u012bb\u0101m. Sazinieties ar m\u016bsu p\u0101rdo\u0161anas komandu, lai apspriestu j\u016bsu pras\u012bbas.\t\t\t\t\t\t\t\t<\/div>\n\t\t\t\t\t<\/div>\n\t\t\t\t<\/div>\n\t\t\t\t<\/div>\n\t\t\t\t\t<\/details>\n\t\t\t\t\t\t<details id=\"e-n-accordion-item-68710\" class=\"e-n-accordion-item\" >\n\t\t\t\t<summary class=\"e-n-accordion-item-title\" data-accordion-index=\"11\" tabindex=\"-1\" aria-expanded=\"false\" aria-controls=\"e-n-accordion-item-68710\" >\n\t\t\t\t\t<span class='e-n-accordion-item-title-header'><div class=\"e-n-accordion-item-title-text\"> Q\uff1a Vai j\u016bsu produktiem ir pieejama starptautisk\u0101 pieg\u0101de? <\/div><\/span>\n\t\t\t\t\t\t\t\t\t<\/summary>\n\t\t\t\t<div role=\"region\" aria-labelledby=\"e-n-accordion-item-68710\" class=\"elementor-element elementor-element-d34b8b6 e-con-full e-flex e-con e-child\" data-id=\"d34b8b6\" data-element_type=\"container\" data-settings=\"{&quot;background_background&quot;:&quot;classic&quot;}\">\n\t\t<div role=\"region\" aria-labelledby=\"e-n-accordion-item-68710\" class=\"elementor-element elementor-element-8402035 e-flex e-con-boxed e-con e-child\" data-id=\"8402035\" data-element_type=\"container\">\n\t\t\t\t\t<div class=\"e-con-inner\">\n\t\t\t\t<div class=\"elementor-element elementor-element-9fbdede elementor-widget elementor-widget-text-editor\" data-id=\"9fbdede\" data-element_type=\"widget\" data-widget_type=\"text-editor.default\">\n\t\t\t\t\t\t\t\t\tA: J\u0101, m\u0113s nodro\u0161in\u0101m m\u016bsu materi\u0101lu test\u0113t\u0101ju starptautisku pieg\u0101di. M\u016bsu lo\u0123istikas komanda nodro\u0161ina dro\u0161u un savlaic\u012bgu pieg\u0101di klientiem vis\u0101 pasaul\u0113, izmantojot optim\u0101lus veidus.\t\t\t\t\t\t\t\t<\/div>\n\t\t\t\t\t<\/div>\n\t\t\t\t<\/div>\n\t\t\t\t<\/div>\n\t\t\t\t\t<\/details>\n\t\t\t\t\t\t<details id=\"e-n-accordion-item-68711\" class=\"e-n-accordion-item\" >\n\t\t\t\t<summary class=\"e-n-accordion-item-title\" data-accordion-index=\"12\" tabindex=\"-1\" aria-expanded=\"false\" aria-controls=\"e-n-accordion-item-68711\" >\n\t\t\t\t\t<span class='e-n-accordion-item-title-header'><div class=\"e-n-accordion-item-title-text\"> J\uff1a K\u0101 es varu sazin\u0101ties ar j\u016bsu klientu atbalsta komandu, lai sa\u0146emtu pal\u012bdz\u012bbu? <\/div><\/span>\n\t\t\t\t\t\t\t\t\t<\/summary>\n\t\t\t\t<div role=\"region\" aria-labelledby=\"e-n-accordion-item-68711\" class=\"elementor-element elementor-element-7537239 e-con-full e-flex e-con e-child\" data-id=\"7537239\" data-element_type=\"container\" data-settings=\"{&quot;background_background&quot;:&quot;classic&quot;}\">\n\t\t<div role=\"region\" aria-labelledby=\"e-n-accordion-item-68711\" class=\"elementor-element elementor-element-c7e97e5 e-flex e-con-boxed e-con e-child\" data-id=\"c7e97e5\" data-element_type=\"container\">\n\t\t\t\t\t<div class=\"e-con-inner\">\n\t\t\t\t<div class=\"elementor-element elementor-element-5cb7c40 elementor-widget elementor-widget-text-editor\" data-id=\"5cb7c40\" data-element_type=\"widget\" data-widget_type=\"text-editor.default\">\n\t\t\t\t\t\t\t\t\t<p>A: J\u016bs varat sazin\u0101ties ar m\u016bsu klientu atbalsta komandu, izmantojot m\u016bsu uztic\u012bbas t\u0101lruni, e-pastu vai nos\u016btot zi\u0146ojumu m\u016bsu vietn\u0113. M\u0113s esam ap\u0146\u0113mu\u0161ies nodro\u0161in\u0101t \u0101tru un efekt\u012bvu klientu apkalpo\u0161anu.<\/p>\t\t\t\t\t\t\t\t<\/div>\n\t\t\t\t\t<\/div>\n\t\t\t\t<\/div>\n\t\t\t\t<\/div>\n\t\t\t\t\t<\/details>\n\t\t\t\t\t\t<details id=\"e-n-accordion-item-68712\" class=\"e-n-accordion-item\" >\n\t\t\t\t<summary class=\"e-n-accordion-item-title\" data-accordion-index=\"13\" tabindex=\"-1\" aria-expanded=\"false\" aria-controls=\"e-n-accordion-item-68712\" >\n\t\t\t\t\t<span class='e-n-accordion-item-title-header'><div class=\"e-n-accordion-item-title-text\"> J\uff1a Vai j\u016bsu materi\u0101lu testeri atbilst nozares standartiem un noteikumiem? <\/div><\/span>\n\t\t\t\t\t\t\t\t\t<\/summary>\n\t\t\t\t<div role=\"region\" aria-labelledby=\"e-n-accordion-item-68712\" class=\"elementor-element elementor-element-88a1322 e-con-full e-flex e-con e-child\" data-id=\"88a1322\" data-element_type=\"container\" data-settings=\"{&quot;background_background&quot;:&quot;classic&quot;}\">\n\t\t<div role=\"region\" aria-labelledby=\"e-n-accordion-item-68712\" class=\"elementor-element elementor-element-667c3c7 e-flex e-con-boxed e-con e-child\" data-id=\"667c3c7\" data-element_type=\"container\">\n\t\t\t\t\t<div class=\"e-con-inner\">\n\t\t\t\t<div class=\"elementor-element elementor-element-b93f6e3 elementor-widget elementor-widget-text-editor\" data-id=\"b93f6e3\" data-element_type=\"widget\" data-widget_type=\"text-editor.default\">\n\t\t\t\t\t\t\t\t\t<p>A: J\u0101, m\u016bsu materi\u0101lu testeri ir izstr\u0101d\u0101ti un ra\u017eoti atbilsto\u0161i attiec\u012bgajiem nozares standartiem un noteikumiem. M\u016bsu priorit\u0101te ir kvalit\u0101te un vadl\u012bniju iev\u0113ro\u0161ana.<\/p>\t\t\t\t\t\t\t\t<\/div>\n\t\t\t\t\t<\/div>\n\t\t\t\t<\/div>\n\t\t\t\t<\/div>\n\t\t\t\t\t<\/details>\n\t\t\t\t\t<\/div>\n\t\t\t\t\t\t<\/div>\n\t\t\t\t\t<\/div>\n\t\t\t\t<\/div>\n\t\t\t\t<\/div>","protected":false},"excerpt":{"rendered":"<p>\u200b Q\uff1a Are you a manufacturer or a trading company? A: We are the manufacturer, specializing in material testing instruments for industries such as packaging, medical devices, pharmaceuticals, cosmetics, food, beverages, and adhesives. Our headquarters are located in Jinan City, Shandong, China. Q\uff1a Where can I purchase your material testers? A: We directly export our [&hellip;]<\/p>","protected":false},"author":1,"featured_media":0,"parent":0,"menu_order":0,"comment_status":"closed","ping_status":"closed","template":"","meta":{"_acf_changed":false,"footnotes":""},"class_list":["post-2080","page","type-page","status-publish","hentry"],"acf":[],"_links":{"self":[{"href":"https:\/\/www.materialstests.com\/lv\/wp-json\/wp\/v2\/pages\/2080","targetHints":{"allow":["GET"]}}],"collection":[{"href":"https:\/\/www.materialstests.com\/lv\/wp-json\/wp\/v2\/pages"}],"about":[{"href":"https:\/\/www.materialstests.com\/lv\/wp-json\/wp\/v2\/types\/page"}],"author":[{"embeddable":true,"href":"https:\/\/www.materialstests.com\/lv\/wp-json\/wp\/v2\/users\/1"}],"replies":[{"embeddable":true,"href":"https:\/\/www.materialstests.com\/lv\/wp-json\/wp\/v2\/comments?post=2080"}],"version-history":[{"count":0,"href":"https:\/\/www.materialstests.com\/lv\/wp-json\/wp\/v2\/pages\/2080\/revisions"}],"wp:attachment":[{"href":"https:\/\/www.materialstests.com\/lv\/wp-json\/wp\/v2\/media?parent=2080"}],"curies":[{"name":"wp","href":"https:\/\/api.w.org\/{rel}","templated":true}]}}