{"id":2078,"date":"2026-01-26T05:37:06","date_gmt":"2026-01-26T05:37:06","guid":{"rendered":"https:\/\/www.materialstests.com\/?page_id=2078"},"modified":"2026-01-26T13:22:09","modified_gmt":"2026-01-26T13:22:09","slug":"contact-us","status":"publish","type":"page","link":"https:\/\/www.materialstests.com\/lv\/contact-us.html","title":{"rendered":"Sazinieties ar mums"},"content":{"rendered":"<div data-elementor-type=\"wp-page\" data-elementor-id=\"2078\" class=\"elementor elementor-2078\" data-elementor-post-type=\"page\">\n\t\t\t\t<div class=\"elementor-element elementor-element-857c6e4 e-flex e-con-boxed e-con e-parent\" data-id=\"857c6e4\" data-element_type=\"container\" data-settings=\"{&quot;background_background&quot;:&quot;classic&quot;}\">\n\t\t\t\t\t<div class=\"e-con-inner\">\n\t\t\t\t<div class=\"elementor-element elementor-element-18c6c37 elementor-widget elementor-widget-heading\" data-id=\"18c6c37\" data-element_type=\"widget\" data-widget_type=\"heading.default\">\n\t\t\t\t\t<div class=\"elementor-heading-title elementor-size-default\"><nav aria-label=\"r\u012bvmaizes\" class=\"rank-math-breadcrumb\"><p><a href=\"https:\/\/www.materialstests.com\/lv\/\">S\u0101kums<\/a><span class=\"separator\"> \u00bb <\/span><span class=\"last\">S\u0101kums<\/span><\/p><\/nav>\u200b<\/div>\t\t\t\t<\/div>\n\t\t\t\t\t<\/div>\n\t\t\t\t<\/div>\n\t\t<div class=\"elementor-element elementor-element-a267ca2 e-flex e-con-boxed e-con e-parent\" data-id=\"a267ca2\" data-element_type=\"container\">\n\t\t\t\t\t<div class=\"e-con-inner\">\n\t\t\t\t<div class=\"elementor-element elementor-element-cae2fd3 elementor-widget elementor-widget-text-editor\" data-id=\"cae2fd3\" data-element_type=\"widget\" data-widget_type=\"text-editor.default\">\n\t\t\t\t\t\t\t\t\t<p><strong>Cell Instruments Co., Ltd.<\/strong><\/p><p><strong>T\u0101lrunis<\/strong>: +86 531 88977152<\/p><p><strong>Mobilais t\u0101lrunis<\/strong>: +86 18560013985<\/p><p><strong>Pasts<\/strong>: trade@celtec.cn<\/p><p><strong>WhatsApp<\/strong>: +86 18560013985<\/p><p><strong>WeChat<\/strong>: +86 18560013985<\/p><p><strong>Adrese<\/strong>: Nr. 5577 Gongyebei Rd, Licheng District, Jinan, 250109, Shandong, \u0136\u012bna<\/p><p>Ja v\u0113laties vair\u0101k inform\u0101cijas par \u0161o produktu, l\u016bdzu, sazinieties ar mums. Iesak\u0101m jums citus popul\u0101rus produktus:\u00a0 <a class=\"aahaf6o\" title=\"Pap\u012bra un kartona biezuma testeris\" href=\"https:\/\/www.materialstests.com\/lv\/paper-board-tester.html\/\">Pap\u012bra un kartona biezuma testeris<\/a>,\u00a0<a class=\"aahaf6o\" title=\"Adh\u0113zijas test\u0113\u0161ana\" href=\"https:\/\/www.materialstests.com\/lv\/adhesiveness-tester.html\/\">Adh\u0113zijas test\u0113\u0161ana<\/a>,\u00a0<a class=\"aahaf6o\" title=\"Siltuma gradienta testeris\" href=\"https:\/\/www.materialstests.com\/lv\/products\/ghs-01-gradient-heat-seal-tester.html\/\">Siltuma gradienta testeris<\/a>,\u00a0<a class=\"aahaf6o\" title=\"pl\u0113ves termisk\u0101s sarau\u0161an\u0101s testeris\" href=\"https:\/\/www.materialstests.com\/lv\/shrink-tester.html\/\">pl\u0113ves termisk\u0101s sarau\u0161an\u0101s testeris<\/a>,\u00a0<a class=\"aahaf6o\" title=\"Flex iztur\u012bbas testeris\" href=\"https:\/\/www.materialstests.com\/lv\/flex-durability-tester.html\/\">Flex iztur\u012bbas testeris<\/a>,\u00a0<a class=\"aahaf6o\" title=\"Gradienta siltuma bl\u012bv\u0113juma testeris\" href=\"https:\/\/www.materialstests.com\/lv\/gradient-heat-seal-tester.html\/\">Gradienta siltuma bl\u012bv\u0113juma testeris<\/a>,\u00a0<a class=\"aahaf6o\" title=\"L\u012bsto\u0161\u0101 sl\u012bp\u0113juma testeris\" href=\"https:\/\/www.materialstests.com\/lv\/products\/spc-01-stretch-film-peeling-cling-tester.html\/\">L\u012bsto\u0161\u0101 sl\u012bp\u0113juma testeris<\/a>,\u00a0<a class=\"aahaf6o\" title=\"Tur\u0113\u0161anas jaudas testeris\" href=\"https:\/\/www.materialstests.com\/lv\/holding-power-tester.html\/\">Tur\u0113\u0161anas jaudas testeris<\/a>,\u00a0<a class=\"aahaf6o\" title=\"\u0136\u012bnas siltuma bl\u012bv\u0113\u0161anas testeris\" href=\"https:\/\/www.materialstests.com\/lv\/productstags\/china-heat-sealing-tester-factory.html\/\">\u0136\u012bnas siltuma bl\u012bv\u0113\u0161anas testeris<\/a>,\u00a0<a class=\"aahaf6o\" title=\"Karboniz\u0101cijas testera pakalpojumi\" href=\"https:\/\/www.materialstests.com\/lv\/products\/clrt-01-carbon-dioxide-volume-tester.html\/\">Karboniz\u0101cijas testera pakalpojumi<\/a>,\u00a0<a class=\"aahaf6o\" title=\"Termokurin\u0101m\u0101 testera pakalpojumi\" href=\"https:\/\/www.materialstests.com\/lv\/shrink-tester.html\/\">Termokurin\u0101m\u0101 testera pakalpojumi<\/a>,\u00a0<a class=\"aahaf6o\" title=\"Flex iztur\u012bbas testeris \u0136\u012bna\" href=\"https:\/\/www.materialstests.com\/lv\/products\/gft-01-flex-durability-tester.html\/\">Flex iztur\u012bbas testeris \u0136\u012bna<\/a>,\u00a0<a class=\"aahaf6o\" title=\"Flex iztur\u012bbas testera pakalpojumi\" href=\"https:\/\/www.materialstests.com\/lv\/products\/gft-01-flex-durability-tester.html\/\">Flex iztur\u012bbas testera pakalpojumi<\/a>,\u00a0<a class=\"aahaf6o\" title=\"Pl\u0113ves bezmaksas sarau\u0161an\u0101s testeris \u0136\u012bna\" href=\"https:\/\/www.materialstests.com\/lv\/shrink-tester.html\/\">Pl\u0113ves bezmaksas sarau\u0161an\u0101s testeris \u0136\u012bna<\/a>,\u00a0<a class=\"aahaf6o\" title=\"Gradienta siltuma bl\u012bv\u0113juma testeris \u0136\u012bna\" href=\"https:\/\/www.materialstests.com\/lv\/gradient-heat-seal-tester.html\/\">Gradienta siltuma bl\u012bv\u0113juma testeris \u0136\u012bna<\/a>,\u00a0<a class=\"aahaf6o\" title=\"Gradienta siltuma bl\u012bv\u0113juma testera pakalpojumi\" href=\"https:\/\/www.materialstests.com\/lv\/gradient-heat-seal-tester.html\/\">Gradienta siltuma bl\u012bv\u0113juma testera pakalpojumi<\/a>,\u00a0<a class=\"aahaf6o\" title=\"P\u012blings l\u012bmes testeris \u0136\u012bna\" href=\"https:\/\/www.materialstests.com\/lv\/peeling-cling-tester.html\/\">P\u012blings l\u012bmes testeris \u0136\u012bna<\/a>,\u00a0<a class=\"aahaf6o\" title=\"Lob\u012b\u0161anas testera pakalpojumi\" href=\"https:\/\/www.materialstests.com\/lv\/products\/spc-01-stretch-film-peeling-cling-tester.html\/\">Lob\u012b\u0161anas testera pakalpojumi<\/a>,\u00a0<a class=\"aahaf6o\" title=\"konteinera p\u012blinga testeris\" href=\"https:\/\/www.materialstests.com\/lv\/productstags\/container-peeling-tester.html\/\">konteinera p\u012blinga testeris<\/a>,\u00a0<a class=\"aahaf6o\" title=\"Konteineru testeris\" href=\"https:\/\/www.materialstests.com\/lv\/container-tester.html\/\">Konteineru testeris<\/a><\/p>\t\t\t\t\t\t\t\t<\/div>\n\t\t\t\t\t<\/div>\n\t\t\t\t<\/div>\n\t\t\t\t<\/div>","protected":false},"excerpt":{"rendered":"<p>\u200b Cell Instruments Co., Ltd. Telephone: +86 531 88977152 Cell phone: +86 18560013985 Mail: trade@celtec.cn WhatsApp: +86 18560013985 WeChat: +86 18560013985 Address: No. 5577 Gongyebei Rd, Licheng District, Jinan, 250109, Shandong, China If you would like more information about this product, please feel free to contact us. Recommend other popular products for you:\u00a0 Paper and [&hellip;]<\/p>","protected":false},"author":1,"featured_media":0,"parent":0,"menu_order":0,"comment_status":"closed","ping_status":"closed","template":"","meta":{"_acf_changed":false,"footnotes":""},"class_list":["post-2078","page","type-page","status-publish","hentry"],"acf":[],"_links":{"self":[{"href":"https:\/\/www.materialstests.com\/lv\/wp-json\/wp\/v2\/pages\/2078","targetHints":{"allow":["GET"]}}],"collection":[{"href":"https:\/\/www.materialstests.com\/lv\/wp-json\/wp\/v2\/pages"}],"about":[{"href":"https:\/\/www.materialstests.com\/lv\/wp-json\/wp\/v2\/types\/page"}],"author":[{"embeddable":true,"href":"https:\/\/www.materialstests.com\/lv\/wp-json\/wp\/v2\/users\/1"}],"replies":[{"embeddable":true,"href":"https:\/\/www.materialstests.com\/lv\/wp-json\/wp\/v2\/comments?post=2078"}],"version-history":[{"count":0,"href":"https:\/\/www.materialstests.com\/lv\/wp-json\/wp\/v2\/pages\/2078\/revisions"}],"wp:attachment":[{"href":"https:\/\/www.materialstests.com\/lv\/wp-json\/wp\/v2\/media?parent=2078"}],"curies":[{"name":"wp","href":"https:\/\/api.w.org\/{rel}","templated":true}]}}