{"id":2076,"date":"2026-01-26T05:36:23","date_gmt":"2026-01-26T05:36:23","guid":{"rendered":"https:\/\/www.materialstests.com\/?page_id=2076"},"modified":"2026-01-26T13:07:58","modified_gmt":"2026-01-26T13:07:58","slug":"service-support","status":"publish","type":"page","link":"https:\/\/www.materialstests.com\/lv\/service-support.html","title":{"rendered":"Pakalpojumu atbalsts"},"content":{"rendered":"<div data-elementor-type=\"wp-page\" data-elementor-id=\"2076\" class=\"elementor elementor-2076\" data-elementor-post-type=\"page\">\n\t\t\t\t<div class=\"elementor-element elementor-element-0644825 e-flex e-con-boxed e-con e-parent\" data-id=\"0644825\" data-element_type=\"container\" data-settings=\"{&quot;background_background&quot;:&quot;classic&quot;}\">\n\t\t\t\t\t<div class=\"e-con-inner\">\n\t\t\t\t<div class=\"elementor-element elementor-element-9b508b5 elementor-widget elementor-widget-heading\" data-id=\"9b508b5\" data-element_type=\"widget\" data-widget_type=\"heading.default\">\n\t\t\t\t\t<div class=\"elementor-heading-title elementor-size-default\"><nav aria-label=\"r\u012bvmaizes\" class=\"rank-math-breadcrumb\"><p><a href=\"https:\/\/www.materialstests.com\/lv\/\">S\u0101kums<\/a><span class=\"separator\"> \u00bb <\/span><span class=\"last\">S\u0101kums<\/span><\/p><\/nav>\u200b<\/div>\t\t\t\t<\/div>\n\t\t\t\t\t<\/div>\n\t\t\t\t<\/div>\n\t\t<div class=\"elementor-element elementor-element-760817c e-flex e-con-boxed e-con e-parent\" data-id=\"760817c\" data-element_type=\"container\">\n\t\t\t\t\t<div class=\"e-con-inner\">\n\t\t\t\t<div class=\"elementor-element elementor-element-55a348f elementor-widget elementor-widget-text-editor\" data-id=\"55a348f\" data-element_type=\"widget\" data-widget_type=\"text-editor.default\">\n\t\t\t\t\t\t\t\t\t<p><strong>Piel\u0101go\u0161anas politika:<\/strong><\/p><p>Uz\u0146\u0113mum\u0101 Cell Instruments Co., Ltd. m\u0113s apzin\u0101mies m\u016bsu daudzveid\u012bgo klientu, kas p\u0101rst\u0101v da\u017e\u0101das nozares, at\u0161\u0137ir\u012bg\u0101s un main\u012bg\u0101s vajadz\u012bbas. M\u016bsu ap\u0146em\u0161an\u0101s ir pied\u0101v\u0101t personaliz\u0113tus risin\u0101jumus, izmantojot visaptvero\u0161u piel\u0101go\u0161anas politiku, nodro\u0161inot, ka m\u016bsu materi\u0101lu test\u0113\u0161anas iek\u0101rtas atbilst j\u016bsu specifiskaj\u0101m un unik\u0101laj\u0101m pras\u012bb\u0101m. Neatkar\u012bgi no t\u0101, vai j\u016bsu uzman\u012bbas lok\u0101 ir iepakojuma, p\u0101rtikas, farm\u0101cijas, medic\u012bnas, dz\u0113rienu, adh\u0113zijas, elektronikas vai jebkura cita nozare, m\u016bsu m\u0113r\u0137is ir pied\u0101v\u0101t jums vismodern\u0101kos materi\u0101lu test\u0113\u0161anas risin\u0101jumus, kas piel\u0101goti tie\u0161i j\u016bsu specifik\u0101cij\u0101m.<\/p><p><strong>Piel\u0101go\u0161anas process:<\/strong><\/p><p>1. S\u0101kotn\u0113j\u0101 konsult\u0101cija:<\/p><p>- Diskusija un idejas: Iesaistieties ar m\u016bsu ekspertiem, lai apmain\u012btos ar idej\u0101m par test\u0113\u0161anas metodi, standartiem un \u012bpa\u0161\u0101m pras\u012bb\u0101m.<\/p><p>- Materi\u0101lu nov\u0113rt\u0113jums: Izv\u0113rt\u0113jiet materi\u0101la veidu, raksturu un specifik\u0101cijas, lai noteiktu, vai m\u016bsu eso\u0161\u0101 testera modifik\u0101cija|\u3001Plastmasas test\u0113\u0161anas r\u016bpn\u012bcas var apmierin\u0101t j\u016bsu test\u0113\u0161anas vajadz\u012bbas.<\/p><p>2. Parauga pie\u0146em\u0161ana un modific\u0113\u0161ana:<\/p><p>- Nov\u0113rt\u0113\u0161ana: P\u0113c apstiprin\u0101juma, ka pa\u0161reiz\u0113j\u0101 testera modifik\u0101cija ir iesp\u0113jama, m\u0113s sa\u0146emam paraugus no klientiem.<\/p><p>- Tehnisk\u0101 modifik\u0101cija: M\u016bsu specializ\u0113t\u0101 tehnisk\u0101 komanda, kur\u0101 ietilpst aparat\u016bras un programmat\u016bras in\u017eenieri, r\u016bp\u012bgi modific\u0113 eso\u0161o testeri, pamatojoties uz apspriestaj\u0101m tehniskaj\u0101m deta\u013c\u0101m.<\/p><p>*OR*<\/p><p>- Jauns testera dizains: Ja neliela modifik\u0101cija neatbilst testa pras\u012bb\u0101m, m\u016bsu tehnisk\u0101 komanda izstr\u0101d\u0101 jaunu testeri un atbilsto\u0161u programmu, nodro\u0161inot visaptvero\u0161u risin\u0101jumu.<\/p><p>3. Veiktsp\u0113jas test\u0113\u0161ana:<\/p><p>- Kvalit\u0101tes nodro\u0161in\u0101\u0161ana: Kad p\u0101rveidotais vai jaunais testeris ir gatavs, m\u0113s veicam r\u016bp\u012bgu paraugu test\u0113\u0161anu, lai nodro\u0161in\u0101tu optim\u0101lu veiktsp\u0113ju.<\/p><p>4. Testa verifik\u0101cija un mijiedarb\u012bba:<\/p><p>- Testa video kop\u012bgo\u0161ana: M\u0113s pied\u0101v\u0101jam detaliz\u0113tu testa video, kur\u0101 redzams p\u0101rveidotais vai jaunizveidotais testeris darb\u012bb\u0101.<\/p><p>- Uzaicin\u0101jums uz tie\u0161raidi: Alternat\u012bvi, klienti tiek aicin\u0101ti uz m\u016bsu ra\u017eotni, lai kl\u0101tien\u0113 v\u0113rotu kl\u0101tienes testu, kas sniedz iesp\u0113ju kl\u0101tien\u0113 iepaz\u012bties ar iek\u0101rtas iesp\u0113j\u0101m.<\/p><p>5. Apstiprin\u0101\u0161ana un nos\u016bt\u012b\u0161ana:<\/p><p>- Klienta apstiprin\u0101jums: P\u0113c testa rezult\u0101tu p\u0101rbaudes un iek\u0101rtas darb\u012bbas izm\u0113\u0123in\u0101juma klienti apstiprina savu apmierin\u0101t\u012bbu.<\/p><p>- Pabeig\u0161ana: P\u0113c apstiprin\u0101juma m\u0113s turpin\u0101m piel\u0101got\u0101 testera nos\u016bt\u012b\u0161anu, lai nodro\u0161in\u0101tu laim\u012bgu pieg\u0101des pieredzi.<\/p><p><strong>Piel\u0101go\u0161anas priek\u0161roc\u012bbas<\/strong><\/p><p>1. Pla\u0161a pieredze nozar\u0113:<\/p><p>- Kompetence da\u017e\u0101d\u0101s nozar\u0113s: M\u0113s jau ilgsto\u0161i darbojamies un esam ieguvu\u0161i bag\u0101t\u012bgu pieredzi da\u017e\u0101d\u0101s nozar\u0113s, tostarp iepakojuma, p\u0101rtikas, farm\u0101cijas, medic\u012bnas, dz\u0113rienu, l\u012bm\u0113\u0161anas, elektronikas un cit\u0101s.<\/p><p>- Padzi\u013cin\u0101ta nozares izpratne: M\u016bsu speci\u0101listiem ir padzi\u013cin\u0101tas zin\u0101\u0161anas par nozares specifiskaj\u0101m probl\u0113m\u0101m un pras\u012bb\u0101m.<\/p><p>2. Pla\u0161s produktu kl\u0101sts:<\/p><p>- Visaptvero\u0161s produktu portfelis: M\u0113s pied\u0101v\u0101jam daudzveid\u012bgu materi\u0101lu test\u0113\u0161anas iek\u0101rtu kl\u0101stu, lai apmierin\u0101tu da\u017e\u0101das test\u0113\u0161anas vajadz\u012bbas da\u017e\u0101d\u0101s nozar\u0113s.<\/p><p>- Risin\u0101jumu daudzpus\u012bba: M\u016bsu pla\u0161ais produktu kl\u0101sts nodro\u0161ina, ka m\u0113s varam pied\u0101v\u0101t risin\u0101jumus pla\u0161am test\u0113\u0161anas pielietojumu kl\u0101stam.<\/p><p>3. Automatiz\u0101cijas ekspert\u012bze:<\/p><p>- Automatiz\u0101cijas integr\u0101cija: Izmantojiet m\u016bsu zin\u0101\u0161anas automatiz\u0101cijas jom\u0101, lai racionaliz\u0113tu test\u0113\u0161anas procesus un uzlabotu efektivit\u0101ti.<\/p><p>- Piel\u0101goti automatiz\u0101cijas risin\u0101jumi: M\u016bsu pieredze \u013cauj mums piel\u0101got automatiz\u0113tus risin\u0101jumus, lai tie atbilstu konkr\u0113t\u0101m nozares pras\u012bb\u0101m.<\/p><p>4. \u0100tra reakcija un \u0101tra apstr\u0101de:<\/p><p>- Veikla un atsauc\u012bga komanda: M\u016bsu komanda nodro\u0161ina \u0101tru atbildi uz piepras\u012bjumiem, nodro\u0161inot vienm\u0113r\u012bgu un \u0101tru piel\u0101go\u0161anas procesu.<\/p><p>- Efekt\u012bvs apgroz\u012bjums: Izmantojiet m\u016bsu ap\u0146em\u0161anos nodro\u0161in\u0101t piel\u0101gotus risin\u0101jumus sapr\u0101t\u012bg\u0101 termi\u0146\u0101.<\/p><p>5. Pieejam\u012bba:<\/p><p>- Rentabli risin\u0101jumi: M\u0113s pie\u0161\u0137iram priorit\u0101ti pieejamu piel\u0101go\u0161anas iesp\u0113ju nodro\u0161in\u0101\u0161anai, neapdraudot kvalit\u0101ti.<\/p><p>- Ieguld\u012bjuma v\u0113rt\u012bba: M\u016bsu rentablie risin\u0101jumi pied\u0101v\u0101 izcilu v\u0113rt\u012bbu, nodro\u0161inot pozit\u012bvu ieguld\u012bjumu atdevi.<\/p><p>6. Izpratne par test\u0113\u0161anas standartiem:<\/p><p>- Atbilst\u012bba starptautiskajiem standartiem: M\u0113s labi p\u0101rzin\u0101m starptautiskos test\u0113\u0161anas standartus, piem\u0113ram, ASTM, ISO, GT, YBB, JIS, DIN, IEC un citus.<\/p><p>- Test\u0113\u0161anas precizit\u0101te: M\u016bsu atbilst\u012bba \u0161iem standartiem nodro\u0161ina m\u016bsu piel\u0101gotu test\u0113\u0161anas risin\u0101jumu precizit\u0101ti un uzticam\u012bbu.<\/p><p>7. Labas valodu zin\u0101\u0161anas:<\/p><p>- Efekt\u012bva sazi\u0146a: M\u016bsu komandai ir labas valodu zin\u0101\u0161anas, kas atvieglo skaidru un efekt\u012bvu sazi\u0146u vis\u0101 piel\u0101go\u0161anas proces\u0101.<\/p><p><strong>P\u0113cp\u0101rdo\u0161anas servisa politika<\/strong><\/p><p>Uz\u0146\u0113mum\u0101 Cell Instruments Co., Ltd. m\u0113s esam ap\u0146\u0113mu\u0161ies nodro\u0161in\u0101t izcilu p\u0113cp\u0101rdo\u0161anas servisu, lai nodro\u0161in\u0101tu m\u016bsu v\u0113rt\u012bgo klientu apmierin\u0101t\u012bbu un pan\u0101kumus. M\u016bsu p\u0113cp\u0101rdo\u0161anas servisa politik\u0101 ir izkl\u0101st\u012bti principi un proced\u016bras, kas nosaka m\u016bsu ap\u0146em\u0161anos atbalst\u012bt j\u016bs vis\u0101 produkta dz\u012bves cikl\u0101.<\/p><p>1. Garantijas segums:<\/p><p>- Visiem Cell Instruments izstr\u0101d\u0101jumiem ir standarta garantija, kas parasti ir viens gads. \u0160\u012b garantija attiecas uz ra\u017eo\u0161anas defektiem un nodro\u0161ina pareizu iek\u0101rtas darb\u012bbu nor\u0101d\u012btaj\u0101 period\u0101.<\/p><p>2. Garantijas pras\u012bbas:<\/p><p>- Garantijas pretenzijas gad\u012bjum\u0101 klientiem ir j\u0101iesniedz pirkumu apliecino\u0161s dokuments un detaliz\u0113ts probl\u0113mas apraksts.<\/p><p>- M\u016bsu tehnisk\u0101 atbalsta komanda izv\u0113rt\u0113s pretenziju un noteiks, vai uz probl\u0113mu attiecas garantijas segums.<\/p><p>- Ja uz to attiecas apdro\u0161in\u0101\u0161anas segums, m\u0113s nekav\u0113joties salabosim vai nomain\u012bsim boj\u0101t\u0101s deta\u013cas vai apr\u012bkojumu.<\/p><p>3. Tehniskais atbalsts:<\/p><p>- M\u016bsu speci\u0101li izveidot\u0101 tehnisk\u0101 atbalsta komanda ir pieejama, lai pal\u012bdz\u0113tu ar visiem jaut\u0101jumiem vai probl\u0113m\u0101m, ar kur\u0101m varat saskarties.<\/p><p>- Klienti var sazin\u0101ties ar m\u016bsu tehnisko atbalstu, izmantojot info@celtec.cn darba laik\u0101.<\/p><p>4. Tehnisk\u0101s apkopes un kalibr\u0113\u0161anas pakalpojumi:<\/p><p>- M\u0113s iesak\u0101m veikt regul\u0101ru apkopi, lai nodro\u0161in\u0101tu optim\u0101lu darb\u012bbu. Klienti var pl\u0101not apkopes pakalpojumus ar m\u016bsu komandu.<\/p><p>- Lai uztur\u0113tu test\u0113\u0161anas iek\u0101rtu precizit\u0101ti, ir pieejami kalibr\u0113\u0161anas pakalpojumi.<\/p><p>5. Rezerves da\u013cu pieejam\u012bba:<\/p><p>- M\u0113s uzturam rezerves da\u013cu kr\u0101jumu, lai atvieglotu \u0101tru nomai\u0146u un samazin\u0101tu d\u012bkst\u0101ves laiku.<\/p><p>- Klienti var ieg\u0101d\u0101ties ori\u0123in\u0101las rezerves da\u013cas tie\u0161i no mums, lai nodro\u0161in\u0101tu savietojam\u012bbu un veiktsp\u0113ju.<\/p><p>6. Klientu apm\u0101c\u012bba:<\/p><p>- M\u016bsu klientiem vienm\u0113r ir pieejamas tie\u0161saistes apm\u0101c\u012bbas sesijas, lai maksim\u0101li uzlabotu savu prasmju l\u012bmeni, izmantojot m\u016bsu apr\u012bkojumu.<\/p><p>- Apm\u0101c\u012bbu var veikt uz vietas (izmaksas tiks apspriestas) vai att\u0101lin\u0101ti, pamatojoties uz klienta v\u0113lm\u0113m.<\/p><p>7. Klientu atsauksmes:<\/p><p>- M\u0113s augstu v\u0113rt\u0113jam klientu atsauksmes, jo t\u0101s pal\u012bdz mums uzlabot m\u016bsu produktus un pakalpojumus. Klienti tiek aicin\u0101ti sniegt atsauksmes, izmantojot m\u016bsu kontaktformu vai e-pastu info@celtec.cn .<\/p><p>8. Kontaktinform\u0101cija:<\/p><p>Lai sa\u0146emtu p\u0113cp\u0101rdo\u0161anas servisa jaut\u0101jumus, l\u016bdzu, sazinieties ar m\u016bsu klientu atbalsta komandu pa t\u0101lruni info@celtec.cn vai +86 18560013985.<\/p><p><strong>BIE\u017d\u0100K UZDOTIE JAUT\u0100JUMI<\/strong><\/p><p>J: K\u0101ds ir tipiskais Cell Instruments izstr\u0101d\u0101jumu pieg\u0101des laiks?<\/p><p>A: Pieg\u0101des laiks at\u0161\u0137iras atkar\u012bb\u0101 no produkta un piel\u0101go\u0161anas pras\u012bb\u0101m. Standarta produkti parasti tiek nos\u016bt\u012bti 5 darba dienu laik\u0101 vai \u0101tr\u0101k.<\/p><p>J: Vai es varu pa\u0101trin\u0101t pas\u016bt\u012bjuma pieg\u0101di?<\/p><p>A: J\u0101, ir pieejamas pa\u0101trin\u0101tas pieg\u0101des iesp\u0113jas. L\u016bdzu, sazinieties ar m\u016bsu p\u0101rdo\u0161anas komandu, lai apspriestu j\u016bsu konkr\u0113t\u0101s pras\u012bbas un pieg\u0101des termi\u0146us.<\/p><p>J: K\u0101das maks\u0101jumu metodes j\u016bs pie\u0146emat?<\/p><p>A: M\u0113s parasti pie\u0146emam maks\u0101jumus ar bankas p\u0101rskait\u012bjumu.<\/p><p>J: Vai par noteiktu maks\u0101jumu meto\u017eu izmanto\u0161anu ir j\u0101maks\u0101 papildu maksa?<\/p><p>A: Par m\u016bsu standarta maks\u0101jumu metod\u0113m nav j\u0101maks\u0101 papildu maksa. Tom\u0113r par bankas p\u0101rskait\u012bjumiem var tikt piem\u0113rota bankas maksa.<\/p><p>J: K\u0101 produkti tiek iepakoti nos\u016bt\u012b\u0161anai?<\/p><p>A: M\u016bsu produkti ir dro\u0161i iepakoti, lai nodro\u0161in\u0101tu dro\u0161u transport\u0113\u0161anu. M\u0113s izmantojam pret triecieniem aizsarg\u0101tus iepakojuma materi\u0101lus un sapl\u0101k\u0161\u0146a kastes vai kartona k\u0101rbas, lai aizsarg\u0101tu apr\u012bkojumu p\u0101rvad\u0101\u0161anas laik\u0101.<\/p><p>J: Vai j\u016bs sniedzat nos\u016bt\u012bto pas\u016bt\u012bjumu izseko\u0161anas inform\u0101ciju?<\/p><p>A: J\u0101, tikl\u012bdz j\u016bsu pas\u016bt\u012bjums tiks nos\u016bt\u012bts, j\u016bs sa\u0146emsiet e-pastu ar izseko\u0161anas inform\u0101ciju, lai uzraudz\u012btu s\u016bt\u012bjuma statusu.<\/p><p>J: K\u0101di ir pieejamie pieg\u0101des veidi?<\/p><p>A: S\u016bt\u012b\u0161anas veids var at\u0161\u0137irties atkar\u012bb\u0101 no pieg\u0101des steidzam\u012bbas, bud\u017eeta ierobe\u017eojumiem, k\u0101 ar\u012b pre\u010du izm\u0113ra un svara. M\u0113s vienm\u0113r cie\u0161i sadarbojamies ar lo\u0123istikas ekspertiem, lai optimiz\u0113tu s\u016bt\u012bjumu pieg\u0101di m\u016bsu v\u0113rt\u012bgajiem klientiem.<\/p><p>Bie\u017e\u0101k izmantot\u0101s pieg\u0101des metodes ir:<\/p><p>1. Kurjerpasta pakalpojumi (piem\u0113ram, DHL, FedEx, UPS, SF Express):<\/p><p>Apraksts: Priv\u0101ti kurjeru uz\u0146\u0113mumi, kas pied\u0101v\u0101 pakalpojumus no durv\u012bm l\u012bdz durv\u012bm.<\/p><p>Pieg\u0101des laiks: \u0100trs tranz\u012bta laiks, l\u012bdz\u012bgs eksprespasta pieg\u0101dei.<\/p><p>Piem\u0113rots: maziem un vid\u0113ja izm\u0113ra iepakojumiem (GW maz\u0101k nek\u0101 60 kg) ar uzsvaru uz uzticam\u012bbu un \u0101trumu.<\/p><p>2. Gaisa kravu p\u0101rvad\u0101jumi:<\/p><p>Apraksts: \u0100tr\u0101ka pieg\u0101de, sal\u012bdzinot ar j\u016bras kravu p\u0101rvad\u0101jumiem.<\/p><p>Pieg\u0101des laiks: \u0100tr\u0101ks nek\u0101 j\u016bras kravu p\u0101rvad\u0101jumi, bet parasti l\u0113n\u0101ks nek\u0101 ekspress\u016bt\u012bjumi.<\/p><p>Piem\u0113rots: Laikam jut\u012bgiem s\u016bt\u012bjumiem ar m\u0113renu bud\u017eetu un svaru. (GW vair\u0101k nek\u0101 45 kg).<\/p><p>3. J\u016bras kravu p\u0101rvad\u0101jumi:<\/p><p>Apraksts: Izmaksu zi\u0146\u0101 izdev\u012bgi lieliem un smagiem s\u016bt\u012bjumiem.<\/p><p>Pieg\u0101des laiks: Ilg\u0101ks tranz\u012bta laiks sal\u012bdzin\u0101jum\u0101 ar gaisa kravu p\u0101rvad\u0101jumiem.<\/p><p>Piem\u0113rots: Lieliem s\u016bt\u012bjumiem ar uzsvaru uz izmaksu ietaup\u012bjumu un elast\u012bgu pieg\u0101des grafiku.<\/p><p>4. Dzelzce\u013ca kravu p\u0101rvad\u0101jumi:<\/p><p>Apraksts: P\u0101rvad\u0101jumi pa sauszemi pa dzelzce\u013cu, ko bie\u017ei izmanto starpkontinent\u0101liem p\u0101rvad\u0101jumiem uz Vidus\u0101ziju vai Eiropas klientiem.<\/p><p>Pieg\u0101des laiks: parasti \u0101tr\u0101k nek\u0101 j\u016bras kravu p\u0101rvad\u0101jumi, bet l\u0113n\u0101k nek\u0101 gaisa kravu p\u0101rvad\u0101jumi.<\/p><p>Piem\u0113rots: Lieliem s\u016bt\u012bjumiem, kuru galam\u0113r\u0137i ir pieejami pa dzelzce\u013cu.<\/p><p>5. Intermod\u0101lie p\u0101rvad\u0101jumi:<\/p><p>Apraksts: Vair\u0101ku transporta veidu (piem\u0113ram, j\u016bras un dzelzce\u013ca, kravas un gaisa transporta) kombin\u0101cija.<\/p><p>Pieg\u0101des laiks: Atkar\u012bb\u0101 no izv\u0113l\u0113t\u0101s re\u017e\u012bmu kombin\u0101cijas.<\/p><p>Piem\u0113rots: Piem\u0113rots: sare\u017e\u0123\u012btiem lo\u0123istikas scen\u0101rijiem ar da\u017e\u0101d\u0101m transport\u0113\u0161anas vajadz\u012bb\u0101m.<\/p>\t\t\t\t\t\t\t\t<\/div>\n\t\t\t\t\t<\/div>\n\t\t\t\t<\/div>\n\t\t\t\t<\/div>","protected":false},"excerpt":{"rendered":"<p>\u200b Customization Policy: At Cell Instruments Co., Ltd., we recognize the distinct and evolving needs of our diverse clientele spanning various industries. Our commitment is to offer personalized solutions through a comprehensive customization policy, ensuring that our material test equipment meets your specific and unique requirements. Whether your focus lies in packaging, food, pharmaceuticals, medical, [&hellip;]<\/p>","protected":false},"author":1,"featured_media":0,"parent":0,"menu_order":0,"comment_status":"closed","ping_status":"closed","template":"","meta":{"_acf_changed":false,"footnotes":""},"class_list":["post-2076","page","type-page","status-publish","hentry"],"acf":[],"_links":{"self":[{"href":"https:\/\/www.materialstests.com\/lv\/wp-json\/wp\/v2\/pages\/2076","targetHints":{"allow":["GET"]}}],"collection":[{"href":"https:\/\/www.materialstests.com\/lv\/wp-json\/wp\/v2\/pages"}],"about":[{"href":"https:\/\/www.materialstests.com\/lv\/wp-json\/wp\/v2\/types\/page"}],"author":[{"embeddable":true,"href":"https:\/\/www.materialstests.com\/lv\/wp-json\/wp\/v2\/users\/1"}],"replies":[{"embeddable":true,"href":"https:\/\/www.materialstests.com\/lv\/wp-json\/wp\/v2\/comments?post=2076"}],"version-history":[{"count":0,"href":"https:\/\/www.materialstests.com\/lv\/wp-json\/wp\/v2\/pages\/2076\/revisions"}],"wp:attachment":[{"href":"https:\/\/www.materialstests.com\/lv\/wp-json\/wp\/v2\/media?parent=2076"}],"curies":[{"name":"wp","href":"https:\/\/api.w.org\/{rel}","templated":true}]}}