{"id":2020,"date":"2026-01-26T03:32:25","date_gmt":"2026-01-26T03:32:25","guid":{"rendered":"https:\/\/www.materialstests.com\/?page_id=2020"},"modified":"2026-01-26T13:06:21","modified_gmt":"2026-01-26T13:06:21","slug":"about-us","status":"publish","type":"page","link":"https:\/\/www.materialstests.com\/lv\/about-us.html","title":{"rendered":"Par mums"},"content":{"rendered":"<div data-elementor-type=\"wp-page\" data-elementor-id=\"2020\" class=\"elementor elementor-2020\" data-elementor-post-type=\"page\">\n\t\t\t\t<div class=\"elementor-element elementor-element-c1e7c03 e-flex e-con-boxed e-con e-parent\" data-id=\"c1e7c03\" data-element_type=\"container\" data-settings=\"{&quot;background_background&quot;:&quot;classic&quot;}\">\n\t\t\t\t\t<div class=\"e-con-inner\">\n\t\t\t\t<div class=\"elementor-element elementor-element-8fd22e0 elementor-widget elementor-widget-heading\" data-id=\"8fd22e0\" data-element_type=\"widget\" data-widget_type=\"heading.default\">\n\t\t\t\t\t<div class=\"elementor-heading-title elementor-size-default\"><nav aria-label=\"r\u012bvmaizes\" class=\"rank-math-breadcrumb\"><p><a href=\"https:\/\/www.materialstests.com\/lv\/\">S\u0101kums<\/a><span class=\"separator\"> \u00bb <\/span><span class=\"last\">S\u0101kums<\/span><\/p><\/nav>\u200b<\/div>\t\t\t\t<\/div>\n\t\t\t\t\t<\/div>\n\t\t\t\t<\/div>\n\t\t<div class=\"elementor-element elementor-element-f608734 e-flex e-con-boxed e-con e-parent\" data-id=\"f608734\" data-element_type=\"container\">\n\t\t\t\t\t<div class=\"e-con-inner\">\n\t\t\t\t<div class=\"elementor-element elementor-element-58cb6ea elementor-widget elementor-widget-text-editor\" data-id=\"58cb6ea\" data-element_type=\"widget\" data-widget_type=\"text-editor.default\">\n\t\t\t\t\t\t\t\t\t<p>Kop\u0161 ofici\u0101l\u0101s dibin\u0101\u0161anas 2014. gad\u0101 Cell Instruments ir strauji att\u012bst\u012bjies produktu izstr\u0101des un inov\u0101ciju jom\u0101, iez\u012bm\u0113jot noz\u012bm\u012bgu posmu sav\u0101 dinamiskaj\u0101 v\u0113stur\u0113. M\u016bsu ap\u0146em\u0161an\u0101s sasniegt izcil\u012bbu ir sekm\u0113jusi m\u016bsu sasniegumus materi\u0101lu test\u0113\u0161anas iek\u0101rtu jom\u0101, un m\u0113s varam lepoties ar visaptvero\u0161\u0101m l\u012bnij\u0101m, kas ietver iepakojuma materi\u0101lu test\u0113\u0161anu, medic\u012bnisko materi\u0101lu test\u0113\u0161anu, p\u0101rtikas produktu test\u0113\u0161anu, farm\u0101cijas test\u0113\u0161anu, adh\u0113zijas test\u0113\u0161anu, pap\u012bra un kartona test\u0113\u0161anu un pat piel\u0101go\u0161anu p\u0113c piepras\u012bjuma. \u0160ie jaun\u0101kie risin\u0101jumi atrod daudzpus\u012bgu pielietojumu da\u017e\u0101d\u0101s nozar\u0113s, tostarp iepakojuma, p\u0101rtikas, farm\u0101cijas, medic\u012bnas, kosm\u0113tikas, dz\u0113rienu, universit\u0101\u0161u, inspekcijas, adh\u0113zijas un tekstila nozar\u0113.<\/p>\t\t\t\t\t\t\t\t<\/div>\n\t\t\t\t<div class=\"elementor-element elementor-element-c7d07e9 elementor-widget elementor-widget-image\" data-id=\"c7d07e9\" data-element_type=\"widget\" data-widget_type=\"image.default\">\n\t\t\t\t\t\t\t\t\t\t\t\t\t\t\t<img fetchpriority=\"high\" decoding=\"async\" width=\"800\" height=\"400\" src=\"https:\/\/www.materialstests.com\/wp-content\/uploads\/2026\/01\/bc800e5326c92bfcd7f943355926093a.jpg\" class=\"attachment-large size-large wp-image-2238\" alt=\"Nopl\u016bdes test\u0113\u0161anas iek\u0101rtu ra\u017eot\u0101js - PAR MUMS\" srcset=\"https:\/\/www.materialstests.com\/wp-content\/uploads\/2026\/01\/bc800e5326c92bfcd7f943355926093a.jpg 800w, https:\/\/www.materialstests.com\/wp-content\/uploads\/2026\/01\/bc800e5326c92bfcd7f943355926093a-300x150.jpg 300w, https:\/\/www.materialstests.com\/wp-content\/uploads\/2026\/01\/bc800e5326c92bfcd7f943355926093a-768x384.jpg 768w, https:\/\/www.materialstests.com\/wp-content\/uploads\/2026\/01\/bc800e5326c92bfcd7f943355926093a-18x9.jpg 18w\" sizes=\"(max-width: 800px) 100vw, 800px\" \/>\t\t\t\t\t\t\t\t\t\t\t\t\t\t\t<\/div>\n\t\t\t\t<div class=\"elementor-element elementor-element-127095f elementor-widget elementor-widget-text-editor\" data-id=\"127095f\" data-element_type=\"widget\" data-widget_type=\"text-editor.default\">\n\t\t\t\t\t\t\t\t\t<p>M\u016bsu glob\u0101l\u0101 ietekme ir iev\u0113rojami papla\u0161in\u0101jusies, sasniedzot un ietekm\u0113jot vair\u0101k nek\u0101 70 valstis un re\u0123ionus. Cell Instruments misija ir pla\u0161\u0101ka par vienk\u0101r\u0161u test\u0113\u0161anas risin\u0101jumu nodro\u0161in\u0101\u0161anu; t\u0101 ir saist\u012bta ar klientu kvalit\u0101tes kontroles, p\u0113tniec\u012bbas un izstr\u0101des ainavas veido\u0161anu. M\u016bsu misija ir b\u016bt atz\u012btiem par neat\u0146emamu \u2018\u0161\u016bnas\u2019 vien\u012bbu \u0161ajos procesos, pied\u0101v\u0101jot konkur\u0113tsp\u0113j\u012bgus un uzticamus risin\u0101jumus lietot\u0101jiem vis\u0101 pasaul\u0113.<\/p><p>B\u016bdama nozares celmlauzis, Cell Instruments joproj\u0101m ir uz in\u017eenierzin\u0101tn\u0113m orient\u0113ta organiz\u0101cija, kas stingri iev\u0113ro standartus. Pie\u0161\u0137irot priorit\u0101ti izcil\u012bbai, m\u0113s esam akt\u012bvi izstr\u0101d\u0101ju\u0161i instrumentu mode\u013cus, kas piel\u0101goti m\u016bsu klientu \u012bpa\u0161aj\u0101m vajadz\u012bb\u0101m, vienlaikus nodro\u0161inot atbilst\u012bbu nozares standartiem. \u0160ie instrumenti kalpo k\u0101 nenov\u0113rt\u0113jami probl\u0113mu risin\u0101\u0161anas r\u012bki, kas ir viegli integr\u0113jami klientu laboratorij\u0101s, p\u0113tniec\u012bbas un att\u012bst\u012bbas centros, ra\u017eotn\u0113s, lekciju z\u0101l\u0113s un citur. M\u016bsu tehnisk\u0101 pieredze nodro\u0161ina m\u016bsu klientu produktu kvalit\u0101ti, \u013caujot tiem dro\u0161i darboties starptautiskaj\u0101 tirg\u016b.<\/p>\t\t\t\t\t\t\t\t<\/div>\n\t\t\t\t<div class=\"elementor-element elementor-element-a0311d4 elementor-widget elementor-widget-image\" data-id=\"a0311d4\" data-element_type=\"widget\" data-widget_type=\"image.default\">\n\t\t\t\t\t\t\t\t\t\t\t\t\t\t\t<img decoding=\"async\" width=\"800\" height=\"400\" src=\"https:\/\/www.materialstests.com\/wp-content\/uploads\/2026\/01\/6f6c3ee6a57f3b5a064c916fc412fc69.jpg\" class=\"attachment-large size-large wp-image-2239\" alt=\"Nopl\u016bdes test\u0113\u0161anas iek\u0101rtu ra\u017eot\u0101js - PAR MUMS\" srcset=\"https:\/\/www.materialstests.com\/wp-content\/uploads\/2026\/01\/6f6c3ee6a57f3b5a064c916fc412fc69.jpg 800w, https:\/\/www.materialstests.com\/wp-content\/uploads\/2026\/01\/6f6c3ee6a57f3b5a064c916fc412fc69-300x150.jpg 300w, https:\/\/www.materialstests.com\/wp-content\/uploads\/2026\/01\/6f6c3ee6a57f3b5a064c916fc412fc69-768x384.jpg 768w, https:\/\/www.materialstests.com\/wp-content\/uploads\/2026\/01\/6f6c3ee6a57f3b5a064c916fc412fc69-18x9.jpg 18w\" sizes=\"(max-width: 800px) 100vw, 800px\" \/>\t\t\t\t\t\t\t\t\t\t\t\t\t\t\t<\/div>\n\t\t\t\t<div class=\"elementor-element elementor-element-5673870 elementor-widget elementor-widget-text-editor\" data-id=\"5673870\" data-element_type=\"widget\" data-widget_type=\"text-editor.default\">\n\t\t\t\t\t\t\t\t\t<p>Cell Instruments ir sevi pozicion\u0113jis ne tikai k\u0101 m\u016bsdien\u012bgu test\u0113\u0161anas iek\u0101rtu ra\u017eot\u0101ju, bet ar\u012b k\u0101 strat\u0113\u0123isku partneri uz\u0146\u0113mumu pan\u0101kumiem vis\u0101 pasaul\u0113. M\u016bsu m\u0113r\u0137tiec\u012bg\u0101 komanda, kas ir apvelt\u012bta ar daudzveid\u012bg\u0101m zin\u0101\u0161an\u0101m, nenogursto\u0161i sadarbojas, lai nodro\u0161in\u0101tu, ka m\u016bsu klienti sa\u0146em ne tikai produktus, bet ar\u012b visaptvero\u0161us risin\u0101jumus, kas uzlabo to efektivit\u0101ti, produktu kvalit\u0101ti un visp\u0101r\u0113jo konkur\u0113tsp\u0113ju.<\/p><p>M\u016bsu galven\u0101 m\u012btne atrodas Dzji\u0146anas pils\u0113t\u0101, kas ir viens no liel\u0101kajiem Zieme\u013c\u0137\u012bnas r\u016bpniec\u012bbas centriem, un t\u0101 ir m\u016bsu darb\u012bbas centrs, kas ir p\u0113tniec\u012bbas, att\u012bst\u012bbas un uz klientiem orient\u0113tu iniciat\u012bvu mezgls.<\/p><p>M\u016bsu pan\u0101kumi sniedzas p\u0101ri robe\u017e\u0101m, jo m\u0113s akt\u012bvi iesaist\u0101mies starptautiskaj\u0101 tirdzniec\u012bb\u0101, eksport\u0113jot m\u016bsu progres\u012bvos risin\u0101jumus uz daudz\u0101m valst\u012bm. \u0160\u012b glob\u0101l\u0101 izplat\u012bba ir apliecin\u0101jums m\u016bsu v\u012bzijai par sadarb\u012bbas veicin\u0101\u0161anu un inov\u0101ciju apmai\u0146u glob\u0101l\u0101 m\u0113rog\u0101.<\/p><p>Turpinot savu ce\u013cu uz izcil\u012bbu, aicin\u0101m j\u016bs pievienoties mums, lai veidotu kvalit\u0101tes kontroles, p\u0113tniec\u012bbas un izstr\u0101des n\u0101kotni pasaules m\u0113rog\u0101.<\/p><p>Ja v\u0113laties vair\u0101k inform\u0101cijas par \u0161o produktu, l\u016bdzu, sazinieties ar mums. Iesak\u0101m jums citus popul\u0101rus produktus:\u00a0<a class=\"aahaf6o\" title=\"Pap\u012bra un kartona biezuma testeris\" href=\"https:\/\/www.materialstests.com\/lv\/paper-board-tester.html\/\">Pap\u012bra un kartona biezuma testeris<\/a>,\u00a0<a class=\"aahaf6o\" title=\"Bruto nopl\u016bdes testera apr\u012bkojums\" href=\"https:\/\/www.materialstests.com\/lv\/gross-leak-tester.html\/\">Bruto nopl\u016bdes testera apr\u012bkojums<\/a>,\u00a0<a class=\"aahaf6o\" title=\" Bruto nopl\u016bdes testera iek\u0101rtu test\u0113\u0161ana\" href=\"https:\/\/www.materialstests.com\/lv\/gross-leak-tester.html\/\">Bruto nopl\u016bdes testera iek\u0101rtu test\u0113\u0161ana<\/a>,\u00a0<a class=\"aahaf6o\" title=\"Bruto nopl\u016bdes testera iek\u0101rtu test\u0113\u0161ana\" href=\"https:\/\/www.materialstests.com\/lv\/gross-leak-tester.html\/\">Bruto nopl\u016bdes testera iek\u0101rtu test\u0113\u0161ana<\/a>,\u00a0<a class=\"aahaf6o\" title=\"Gradienta siltuma bl\u012bv\u0113juma testera ra\u017eot\u0101js\" href=\"https:\/\/www.materialstests.com\/lv\/products\/ghs-01-gradient-heat-seal-tester.html\/\">Gradienta siltuma bl\u012bv\u0113juma testera ra\u017eot\u0101js<\/a>,\u00a0<a class=\"aahaf6o\" title=\"Laboratorijas karst\u0101s sa\u0137eres testeris\" href=\"https:\/\/www.materialstests.com\/lv\/products\/htt-02-hot-tack-tester.html\/\">Laboratorijas karst\u0101s sa\u0137eres testeris<\/a>,\u00a0<a class=\"aahaf6o\" title=\"Siltuma gradienta testeris\" href=\"https:\/\/www.materialstests.com\/lv\/products\/ghs-01-gradient-heat-seal-tester.html\/\">Siltuma gradienta testeris<\/a>,\u00a0<a class=\"aahaf6o\" title=\"pl\u0113ves bez pl\u0113ves sarau\u0161an\u0101s testeris\" href=\"https:\/\/www.materialstests.com\/lv\/shrink-tester.html\/\">pl\u0113ves bez pl\u0113ves sarau\u0161an\u0101s testeris<\/a>,\u00a0<a class=\"aahaf6o\" title=\"pl\u0113ves termisk\u0101s sarau\u0161an\u0101s testeris\" href=\"https:\/\/www.materialstests.com\/lv\/shrink-tester.html\/\">pl\u0113ves termisk\u0101s sarau\u0161an\u0101s testeris<\/a>,\u00a0<a class=\"aahaf6o\" title=\"Flex iztur\u012bbas testeris\" href=\"https:\/\/www.materialstests.com\/lv\/flex-durability-tester.html\/\">Flex iztur\u012bbas testeris<\/a>,\u00a0<a class=\"aahaf6o\" title=\"Gradienta siltuma bl\u012bv\u0113juma testeris\" href=\"https:\/\/www.materialstests.com\/lv\/gradient-heat-seal-tester.html\/\">Gradienta siltuma bl\u012bv\u0113juma testeris<\/a>,\u00a0<a class=\"aahaf6o\" title=\"L\u012bsto\u0161\u0101 sl\u012bp\u0113juma testeris\" href=\"https:\/\/www.materialstests.com\/lv\/products\/spc-01-stretch-film-peeling-cling-tester.html\/\">L\u012bsto\u0161\u0101 sl\u012bp\u0113juma testeris<\/a>,\u00a0<a class=\"aahaf6o\" title=\"Tur\u0113\u0161anas jaudas testeris\" href=\"https:\/\/www.materialstests.com\/lv\/holding-power-tester.html\/\">Tur\u0113\u0161anas jaudas testeris<\/a>,\u00a0<a class=\"aahaf6o\" title=\"Laboratorijas karstuma bl\u012bv\u0113juma testeris\" href=\"https:\/\/www.materialstests.com\/lv\/products\/hst-01-heat-seal-tester.html\/\">Laboratorijas karstuma bl\u012bv\u0113juma testeris<\/a>,\u00a0<a class=\"aahaf6o\" title=\"konteinera p\u012blinga testeris\" href=\"https:\/\/www.materialstests.com\/lv\/productstags\/container-peeling-tester.html\/\">konteinera p\u012blinga testeris<\/a>,\u00a0<a class=\"aahaf6o\" title=\"\u0136\u012bnas siltuma bl\u012bv\u0113juma testera pieg\u0101d\u0101t\u0101ji\" href=\"https:\/\/www.materialstests.com\/lv\/heat-seal-tester.html\/\">\u0136\u012bnas siltuma bl\u012bv\u0113juma testera pieg\u0101d\u0101t\u0101ji<\/a>,\u00a0<a class=\"aahaf6o\" title=\"\u0136\u012bnas siltuma bl\u012bv\u0113\u0161anas testeris\" href=\"https:\/\/www.materialstests.com\/lv\/productstags\/china-heat-sealing-tester-factory.html\/\">\u0136\u012bnas siltuma bl\u012bv\u0113\u0161anas testeris<\/a>,\u00a0<a class=\"aahaf6o\" title=\"Siltuma bl\u012bv\u0113juma testera r\u016bpn\u012bcas\" href=\"https:\/\/www.materialstests.com\/lv\/productstags\/heat-sealing-tester-factories.html\/\">Siltuma bl\u012bv\u0113juma testera r\u016bpn\u012bcas<\/a>,\u00a0<a class=\"aahaf6o\" title=\"Siltuma bl\u012bv\u0113\u0161anas testera r\u016bpn\u012bcas\" href=\"https:\/\/www.materialstests.com\/lv\/productstags\/heat-sealing-tester-factories.html\/\">Siltuma bl\u012bv\u0113\u0161anas testera r\u016bpn\u012bcas<\/a>,\u00a0<a class=\"aahaf6o\" title=\"Karboniz\u0101cijas testera pieg\u0101d\u0101t\u0101js\" href=\"https:\/\/www.materialstests.com\/lv\/products\/clrt-01-carbon-dioxide-volume-tester.html\/\">Karboniz\u0101cijas testera pieg\u0101d\u0101t\u0101js<\/a>,\u00a0<a class=\"aahaf6o\" title=\"Karboniz\u0101cijas testera pakalpojumi\" href=\"https:\/\/www.materialstests.com\/lv\/products\/clrt-01-carbon-dioxide-volume-tester.html\/\">Karboniz\u0101cijas testera pakalpojumi<\/a>,\u00a0<a class=\"aahaf6o\" title=\"Termokurin\u0101m\u0101 testera pakalpojumi\" href=\"https:\/\/www.materialstests.com\/lv\/shrink-tester.html\/\">Termokurin\u0101m\u0101 testera pakalpojumi<\/a>,\u00a0<a class=\"aahaf6o\" title=\"Bumbu Tack Tester pieg\u0101d\u0101t\u0101js\" href=\"https:\/\/www.materialstests.com\/lv\/products\/btt-01-ball-tack-tester.html\/\">Bumbu Tack Tester pieg\u0101d\u0101t\u0101js<\/a>,\u00a0<a class=\"aahaf6o\" title=\"Bumbi\u0146u Tack Tester eksports\" href=\"https:\/\/www.materialstests.com\/lv\/products\/btt-01-ball-tack-tester.html\/\">Bumbi\u0146u Tack Tester eksports<\/a>,\u00a0<a class=\"aahaf6o\" title=\"Flex iztur\u012bbas testera ra\u017eot\u0101js\" href=\"https:\/\/www.materialstests.com\/lv\/flex-durability-tester.html\/\">Flex iztur\u012bbas testera ra\u017eot\u0101js<\/a>,\u00a0<a class=\"aahaf6o\" title=\"Flex iztur\u012bbas testera pieg\u0101d\u0101t\u0101js\" href=\"https:\/\/www.materialstests.com\/lv\/flex-durability-tester.html\/\">Flex iztur\u012bbas testera pieg\u0101d\u0101t\u0101js<\/a>,\u00a0<a class=\"aahaf6o\" title=\"Flex iztur\u012bbas testera eksports\" href=\"https:\/\/www.materialstests.com\/lv\/flex-durability-tester.html\/\">Flex iztur\u012bbas testera eksports<\/a>,\u00a0<a class=\"aahaf6o\" title=\"Flex iztur\u012bbas testeris \u0136\u012bna\" href=\"https:\/\/www.materialstests.com\/lv\/products\/gft-01-flex-durability-tester.html\/\">Flex iztur\u012bbas testeris \u0136\u012bna<\/a>,\u00a0<a class=\"aahaf6o\" title=\"Flex iztur\u012bbas testera pakalpojumi\" href=\"https:\/\/www.materialstests.com\/lv\/products\/gft-01-flex-durability-tester.html\/\">Flex iztur\u012bbas testera pakalpojumi<\/a><\/p>\t\t\t\t\t\t\t\t<\/div>\n\t\t\t\t\t<\/div>\n\t\t\t\t<\/div>\n\t\t\t\t<\/div>","protected":false},"excerpt":{"rendered":"<p>\u200b Since its official establishment in 2014, Cell Instruments has rapidly ascended in product development and innovation, marking a significant chapter in its dynamic history. Our commitment to excellence has propelled us to achieve milestones in the field of material test equipment, boasting comprehensive lines that encompass Packaging Material Testing, Medical Material Testing, Food Testing, [&hellip;]<\/p>","protected":false},"author":1,"featured_media":0,"parent":0,"menu_order":0,"comment_status":"closed","ping_status":"closed","template":"","meta":{"_acf_changed":false,"footnotes":""},"class_list":["post-2020","page","type-page","status-publish","hentry"],"acf":[],"_links":{"self":[{"href":"https:\/\/www.materialstests.com\/lv\/wp-json\/wp\/v2\/pages\/2020","targetHints":{"allow":["GET"]}}],"collection":[{"href":"https:\/\/www.materialstests.com\/lv\/wp-json\/wp\/v2\/pages"}],"about":[{"href":"https:\/\/www.materialstests.com\/lv\/wp-json\/wp\/v2\/types\/page"}],"author":[{"embeddable":true,"href":"https:\/\/www.materialstests.com\/lv\/wp-json\/wp\/v2\/users\/1"}],"replies":[{"embeddable":true,"href":"https:\/\/www.materialstests.com\/lv\/wp-json\/wp\/v2\/comments?post=2020"}],"version-history":[{"count":0,"href":"https:\/\/www.materialstests.com\/lv\/wp-json\/wp\/v2\/pages\/2020\/revisions"}],"wp:attachment":[{"href":"https:\/\/www.materialstests.com\/lv\/wp-json\/wp\/v2\/media?parent=2020"}],"curies":[{"name":"wp","href":"https:\/\/api.w.org\/{rel}","templated":true}]}}