{"id":2078,"date":"2026-01-26T05:37:06","date_gmt":"2026-01-26T05:37:06","guid":{"rendered":"https:\/\/www.materialstests.com\/?page_id=2078"},"modified":"2026-01-26T13:22:09","modified_gmt":"2026-01-26T13:22:09","slug":"contact-us","status":"publish","type":"page","link":"https:\/\/www.materialstests.com\/lt\/contact-us.html","title":{"rendered":"Susisiekite su mumis"},"content":{"rendered":"<div data-elementor-type=\"wp-page\" data-elementor-id=\"2078\" class=\"elementor elementor-2078\" data-elementor-post-type=\"page\">\n\t\t\t\t<div class=\"elementor-element elementor-element-857c6e4 e-flex e-con-boxed e-con e-parent\" data-id=\"857c6e4\" data-element_type=\"container\" data-settings=\"{&quot;background_background&quot;:&quot;classic&quot;}\">\n\t\t\t\t\t<div class=\"e-con-inner\">\n\t\t\t\t<div class=\"elementor-element elementor-element-18c6c37 elementor-widget elementor-widget-heading\" data-id=\"18c6c37\" data-element_type=\"widget\" data-widget_type=\"heading.default\">\n\t\t\t\t\t<div class=\"elementor-heading-title elementor-size-default\"><nav aria-label=\"d\u017ei\u016bv\u0117s\u0117liai\" class=\"rank-math-breadcrumb\"><p><a href=\"https:\/\/www.materialstests.com\/lt\/\">Pagrindinis<\/a><span class=\"separator\"> \u00bb <\/span><span class=\"last\">Pagrindinis<\/span><\/p><\/nav>\u200b<\/div>\t\t\t\t<\/div>\n\t\t\t\t\t<\/div>\n\t\t\t\t<\/div>\n\t\t<div class=\"elementor-element elementor-element-a267ca2 e-flex e-con-boxed e-con e-parent\" data-id=\"a267ca2\" data-element_type=\"container\">\n\t\t\t\t\t<div class=\"e-con-inner\">\n\t\t\t\t<div class=\"elementor-element elementor-element-cae2fd3 elementor-widget elementor-widget-text-editor\" data-id=\"cae2fd3\" data-element_type=\"widget\" data-widget_type=\"text-editor.default\">\n\t\t\t\t\t\t\t\t\t<p><strong>Cell Instruments Co., Ltd.<\/strong><\/p><p><strong>Telefonas<\/strong>: +86 531 88977152<\/p><p><strong>Mobilusis telefonas<\/strong>: +86 18560013985<\/p><p><strong>Pa\u0161tas<\/strong>: trade@celtec.cn<\/p><p><strong>\"WhatsApp\"<\/strong>: +86 18560013985<\/p><p><strong>\"WeChat\"<\/strong>: +86 18560013985<\/p><p><strong>Adresas<\/strong>: Nr. 5577 Gongyebei Rd, Licheng rajonas, Jinan, 250109, Shandong, Kinija<\/p><p>Jei norite gauti daugiau informacijos apie \u0161\u012f gamin\u012f, nedvejodami susisiekite su mumis. Rekomenduojame jums kitus populiarius produktus:\u00a0 <a class=\"aahaf6o\" title=\"Popieriaus ir kartono storio testeris\" href=\"https:\/\/www.materialstests.com\/lt\/paper-board-tester.html\/\">Popieriaus ir kartono storio testeris<\/a>,\u00a0<a class=\"aahaf6o\" title=\"Lipnumo bandymas\" href=\"https:\/\/www.materialstests.com\/lt\/adhesiveness-tester.html\/\">Lipnumo bandymas<\/a>,\u00a0<a class=\"aahaf6o\" title=\"\u0160ilumos gradiento testeris\" href=\"https:\/\/www.materialstests.com\/lt\/products\/ghs-01-gradient-heat-seal-tester.html\/\">\u0160ilumos gradiento testeris<\/a>,\u00a0<a class=\"aahaf6o\" title=\"pl\u0117vel\u0117s \u0161ilumos susitraukimo testeris\" href=\"https:\/\/www.materialstests.com\/lt\/shrink-tester.html\/\">pl\u0117vel\u0117s \u0161ilumos susitraukimo testeris<\/a>,\u00a0<a class=\"aahaf6o\" title=\"Lankstus patvarumo testeris\" href=\"https:\/\/www.materialstests.com\/lt\/flex-durability-tester.html\/\">Lankstus patvarumo testeris<\/a>,\u00a0<a class=\"aahaf6o\" title=\"Gradientinis \u0161ilumos sandarinimo testeris\" href=\"https:\/\/www.materialstests.com\/lt\/gradient-heat-seal-tester.html\/\">Gradientinis \u0161ilumos sandarinimo testeris<\/a>,\u00a0<a class=\"aahaf6o\" title=\"Nulupimo testeris\" href=\"https:\/\/www.materialstests.com\/lt\/products\/spc-01-stretch-film-peeling-cling-tester.html\/\">Nulupimo testeris<\/a>,\u00a0<a class=\"aahaf6o\" title=\"Laikymo galios testeris\" href=\"https:\/\/www.materialstests.com\/lt\/holding-power-tester.html\/\">Laikymo galios testeris<\/a>,\u00a0<a class=\"aahaf6o\" title=\"Kinijos \u0161ilumos sandarinimo testeris\" href=\"https:\/\/www.materialstests.com\/lt\/productstags\/china-heat-sealing-tester-factory.html\/\">Kinijos \u0161ilumos sandarinimo testeris<\/a>,\u00a0<a class=\"aahaf6o\" title=\"Karbonizacijos testerio paslaugos\" href=\"https:\/\/www.materialstests.com\/lt\/products\/clrt-01-carbon-dioxide-volume-tester.html\/\">Karbonizacijos testerio paslaugos<\/a>,\u00a0<a class=\"aahaf6o\" title=\"Sutraukimo testerio paslaugos\" href=\"https:\/\/www.materialstests.com\/lt\/shrink-tester.html\/\">Sutraukimo testerio paslaugos<\/a>,\u00a0<a class=\"aahaf6o\" title=\"Lankstus patvarumo testeris Kinija\" href=\"https:\/\/www.materialstests.com\/lt\/products\/gft-01-flex-durability-tester.html\/\">Lankstus patvarumo testeris Kinija<\/a>,\u00a0<a class=\"aahaf6o\" title=\"Lankstaus patvarumo testerio paslaugos\" href=\"https:\/\/www.materialstests.com\/lt\/products\/gft-01-flex-durability-tester.html\/\">Lankstaus patvarumo testerio paslaugos<\/a>,\u00a0<a class=\"aahaf6o\" title=\"Pl\u0117vel\u0117 be susitraukimo testeris Kinija\" href=\"https:\/\/www.materialstests.com\/lt\/shrink-tester.html\/\">Pl\u0117vel\u0117 be susitraukimo testeris Kinija<\/a>,\u00a0<a class=\"aahaf6o\" title=\"Gradientinis \u0161ilumos sandarinimo testeris Kinija\" href=\"https:\/\/www.materialstests.com\/lt\/gradient-heat-seal-tester.html\/\">Gradientinis \u0161ilumos sandarinimo testeris Kinija<\/a>,\u00a0<a class=\"aahaf6o\" title=\"Gradientinio \u0161iluminio sandarinimo testerio paslaugos\" href=\"https:\/\/www.materialstests.com\/lt\/gradient-heat-seal-tester.html\/\">Gradientinio \u0161iluminio sandarinimo testerio paslaugos<\/a>,\u00a0<a class=\"aahaf6o\" title=\"Nulupimo testeris Kinija\" href=\"https:\/\/www.materialstests.com\/lt\/peeling-cling-tester.html\/\">Nulupimo testeris Kinija<\/a>,\u00a0<a class=\"aahaf6o\" title=\"Lupimo testerio paslaugos\" href=\"https:\/\/www.materialstests.com\/lt\/products\/spc-01-stretch-film-peeling-cling-tester.html\/\">Lupimo testerio paslaugos<\/a>,\u00a0<a class=\"aahaf6o\" title=\"taros lupimo testeris\" href=\"https:\/\/www.materialstests.com\/lt\/productstags\/container-peeling-tester.html\/\">taros lupimo testeris<\/a>,\u00a0<a class=\"aahaf6o\" title=\"Konteineri\u0173 testeris\" href=\"https:\/\/www.materialstests.com\/lt\/container-tester.html\/\">Konteineri\u0173 testeris<\/a><\/p>\t\t\t\t\t\t\t\t<\/div>\n\t\t\t\t\t<\/div>\n\t\t\t\t<\/div>\n\t\t\t\t<\/div>","protected":false},"excerpt":{"rendered":"<p>\u200b Cell Instruments Co., Ltd. Telephone: +86 531 88977152 Cell phone: +86 18560013985 Mail: trade@celtec.cn WhatsApp: +86 18560013985 WeChat: +86 18560013985 Address: No. 5577 Gongyebei Rd, Licheng District, Jinan, 250109, Shandong, China If you would like more information about this product, please feel free to contact us. Recommend other popular products for you:\u00a0 Paper and [&hellip;]<\/p>","protected":false},"author":1,"featured_media":0,"parent":0,"menu_order":0,"comment_status":"closed","ping_status":"closed","template":"","meta":{"_acf_changed":false,"footnotes":""},"class_list":["post-2078","page","type-page","status-publish","hentry"],"acf":[],"_links":{"self":[{"href":"https:\/\/www.materialstests.com\/lt\/wp-json\/wp\/v2\/pages\/2078","targetHints":{"allow":["GET"]}}],"collection":[{"href":"https:\/\/www.materialstests.com\/lt\/wp-json\/wp\/v2\/pages"}],"about":[{"href":"https:\/\/www.materialstests.com\/lt\/wp-json\/wp\/v2\/types\/page"}],"author":[{"embeddable":true,"href":"https:\/\/www.materialstests.com\/lt\/wp-json\/wp\/v2\/users\/1"}],"replies":[{"embeddable":true,"href":"https:\/\/www.materialstests.com\/lt\/wp-json\/wp\/v2\/comments?post=2078"}],"version-history":[{"count":0,"href":"https:\/\/www.materialstests.com\/lt\/wp-json\/wp\/v2\/pages\/2078\/revisions"}],"wp:attachment":[{"href":"https:\/\/www.materialstests.com\/lt\/wp-json\/wp\/v2\/media?parent=2078"}],"curies":[{"name":"wp","href":"https:\/\/api.w.org\/{rel}","templated":true}]}}