{"id":2076,"date":"2026-01-26T05:36:23","date_gmt":"2026-01-26T05:36:23","guid":{"rendered":"https:\/\/www.materialstests.com\/?page_id=2076"},"modified":"2026-01-26T13:07:58","modified_gmt":"2026-01-26T13:07:58","slug":"service-support","status":"publish","type":"page","link":"https:\/\/www.materialstests.com\/lt\/service-support.html","title":{"rendered":"Paslaug\u0173 palaikymas"},"content":{"rendered":"<div data-elementor-type=\"wp-page\" data-elementor-id=\"2076\" class=\"elementor elementor-2076\" data-elementor-post-type=\"page\">\n\t\t\t\t<div class=\"elementor-element elementor-element-0644825 e-flex e-con-boxed e-con e-parent\" data-id=\"0644825\" data-element_type=\"container\" data-settings=\"{&quot;background_background&quot;:&quot;classic&quot;}\">\n\t\t\t\t\t<div class=\"e-con-inner\">\n\t\t\t\t<div class=\"elementor-element elementor-element-9b508b5 elementor-widget elementor-widget-heading\" data-id=\"9b508b5\" data-element_type=\"widget\" data-widget_type=\"heading.default\">\n\t\t\t\t\t<div class=\"elementor-heading-title elementor-size-default\"><nav aria-label=\"d\u017ei\u016bv\u0117s\u0117liai\" class=\"rank-math-breadcrumb\"><p><a href=\"https:\/\/www.materialstests.com\/lt\/\">Pagrindinis<\/a><span class=\"separator\"> \u00bb <\/span><span class=\"last\">Pagrindinis<\/span><\/p><\/nav>\u200b<\/div>\t\t\t\t<\/div>\n\t\t\t\t\t<\/div>\n\t\t\t\t<\/div>\n\t\t<div class=\"elementor-element elementor-element-760817c e-flex e-con-boxed e-con e-parent\" data-id=\"760817c\" data-element_type=\"container\">\n\t\t\t\t\t<div class=\"e-con-inner\">\n\t\t\t\t<div class=\"elementor-element elementor-element-55a348f elementor-widget elementor-widget-text-editor\" data-id=\"55a348f\" data-element_type=\"widget\" data-widget_type=\"text-editor.default\">\n\t\t\t\t\t\t\t\t\t<p><strong>Pritaikymo politika:<\/strong><\/p><p>\"Cell Instruments Co., Ltd.\" pripa\u017e\u012fsta skirtingus ir besikei\u010dian\u010dius \u012fvairi\u0173 pramon\u0117s \u0161ak\u0173 klient\u0173 poreikius. Esame \u012fsipareigoj\u0119 si\u016blyti individualizuotus sprendimus, taikydami i\u0161sami\u0105 pritaikymo politik\u0105, u\u017etikrinan\u010di\u0105, kad m\u016bs\u0173 med\u017eiag\u0173 bandymo \u012franga atitikt\u0173 j\u016bs\u0173 specifinius ir unikalius reikalavimus. Nesvarbu, ar j\u016bs\u0173 d\u0117mesys sutelktas \u012f pakavimo, maisto, farmacijos, medicinos, g\u0117rim\u0173, lipnumo, elektronikos, ar bet kuri\u0105 kit\u0105 pramon\u0117s \u0161ak\u0105, m\u016bs\u0173 tikslas - pateikti jums pa\u017eangiausius med\u017eiag\u0173 bandym\u0173 sprendimus, pritaikytus tiksliai pagal j\u016bs\u0173 specifikacijas.<\/p><p><strong>Pritaikymo procesas:<\/strong><\/p><p>1. Pirmin\u0117 konsultacija:<\/p><p>- Diskusijos ir id\u0117jos: Bendradarbiaukite su m\u016bs\u0173 ekspertais ir keiskit\u0117s id\u0117jomis apie bandymo metod\u0105, standartus ir konkre\u010dius reikalavimus.<\/p><p>- Med\u017eiagos vertinimas: \u012evertinkite med\u017eiagos tip\u0105, pob\u016bd\u012f ir specifikacijas, kad nustatytum\u0117te, ar m\u016bs\u0173 esam\u0173 testeri\u0173 modifikacija gali patenkinti j\u016bs\u0173 bandym\u0173 poreikius.<\/p><p>2. Pavyzd\u017ei\u0173 pri\u0117mimas ir modifikavimas:<\/p><p>- Vertinimas: Patvirtinus, kad dabartinio testerio modifikavimas yra \u012fmanomas, i\u0161 klient\u0173 gauname pavyzd\u017ei\u0173.<\/p><p>- Techninis pakeitimas: M\u016bs\u0173 technin\u0117 komanda, kuri\u0105 sudaro technin\u0117s ir programin\u0117s \u012frangos in\u017einieriai, kruop\u0161\u010diai modifikuoja esam\u0105 tester\u012f pagal aptartas technines detales.<\/p><p>*OR*<\/p><p>- Naujas testerio dizainas: M\u016bs\u0173 technin\u0117 komanda sukuria nauj\u0105 tester\u012f ir atitinkam\u0105 program\u0105, taip u\u017etikrindama i\u0161sam\u0173 sprendim\u0105.<\/p><p>3. Veiklos testavimas:<\/p><p>- Kokyb\u0117s u\u017etikrinimas: Kai modifikuotas arba naujas testeris yra paruo\u0161tas, mes atliekame i\u0161samius bandymus su pavyzd\u017eiais, kad u\u017etikrintume optimal\u0173 veikim\u0105.<\/p><p>4. Bandym\u0173 tikrinimas ir s\u0105veika:<\/p><p>- Bandomasis vaizdo \u012fra\u0161\u0173 bendrinimas: Pateikiame i\u0161sam\u0173 bandom\u0105j\u012f vaizdo \u012fra\u0161\u0105, kuriame demonstruojamas pakeistas arba naujai sukurtas testeris.<\/p><p>- Kvietimas atlikti tiesiogin\u012f test\u0105: Kvie\u010diame klientus atvykti \u012f m\u016bs\u0173 gamykl\u0105 ir steb\u0117ti tiesiogin\u012f bandym\u0105, kad jie gal\u0117t\u0173 i\u0161 pirm\u0173 l\u016bp\u0173 susipa\u017einti su \u012frangos galimyb\u0117mis.<\/p><p>5. Patvirtinimas ir i\u0161siuntimas:<\/p><p>- Kliento patvirtinimas: Per\u017ei\u016br\u0117j\u0119 bandym\u0173 rezultatus ir i\u0161band\u0119 \u012frangos veikim\u0105, klientai patvirtina savo pasitenkinim\u0105.<\/p><p>- Baigiamasis etapas: Patvirtinus patvirtinim\u0105, i\u0161siun\u010diame pritaikyt\u0105 tester\u012f, kad gal\u0117tum\u0117te d\u017eiaugtis laimingu pristatymu.<\/p><p><strong>Pritaikymo privalumai<\/strong><\/p><p>1. Didel\u0117 patirtis pramon\u0117je:<\/p><p>- Ekspertiz\u0117 \u012fvairiose pramon\u0117s \u0161akose: Mes turime daug patirties \u012fvairiose pramon\u0117s \u0161akose, \u012fskaitant pakavimo, maisto, farmacijos, medicinos, g\u0117rim\u0173, lipnumo, elektronikos ir kitas.<\/p><p>- I\u0161samus pramon\u0117s supratimas: M\u016bs\u0173 specialistai turi i\u0161sami\u0173 \u017eini\u0173 apie konkre\u010dios pramon\u0117s \u0161akos i\u0161\u0161\u016bkius ir reikalavimus.<\/p><p>2. Platus produkt\u0173 asortimentas:<\/p><p>- I\u0161samus produkt\u0173 portfelis: Si\u016blome \u012fvairi\u0105 med\u017eiag\u0173 bandymo \u012frang\u0105, kad patenkintume \u012fvairius bandym\u0173 poreikius \u012fvairiose pramon\u0117s \u0161akose.<\/p><p>- Sprendim\u0173 universalumas: M\u016bs\u0173 platus gamini\u0173 asortimentas u\u017etikrina, kad galime pasi\u016blyti sprendimus \u012fvairiems bandymams.<\/p><p>3. Automatikos ekspertiz\u0117:<\/p><p>- Automatikos integracija: Pasinaudokite m\u016bs\u0173 kompetencija automatizavimo srityje, kad supaprastintum\u0117te testavimo procesus ir padidintum\u0117te efektyvum\u0105.<\/p><p>- Individual\u016bs automatizavimo sprendimai: M\u016bs\u0173 patirtis leid\u017eia mums pritaikyti automatizuotus sprendimus konkretiems pramon\u0117s poreikiams.<\/p><p>4. Greitas atsakas ir apyvartos u\u017etikrinimas:<\/p><p>- Judri ir greitai reaguojanti komanda: M\u016bs\u0173 atsidavusi komanda u\u017etikrina greit\u0105 atsakym\u0105 \u012f u\u017eklausas ir skland\u0173 bei greit\u0105 pritaikymo proces\u0105.<\/p><p>- Efektyvus apsisukimas: Naudokit\u0117s m\u016bs\u0173 \u012fsipareigojimu pateikti individualius sprendimus per pagr\u012fst\u0105 laikotarp\u012f.<\/p><p>5. \u012eperkamumas:<\/p><p>- Ekonomi\u0161ki sprendimai: Mes teikiame pirmenyb\u0119 prieinam\u0173 pritaikymo galimybi\u0173 teikimui, nekeliant pavojaus kokybei.<\/p><p>- Investicij\u0173 vert\u0117: M\u016bs\u0173 ekonomi\u0161kai efektyv\u016bs sprendimai pasi\u017eymi puikia verte ir u\u017etikrina teigiam\u0105 investicij\u0173 gr\u0105\u017e\u0105.<\/p><p>6. Test\u0173 standart\u0173 supratimas:<\/p><p>- Atitiktis tarptautiniams standartams: Esame gerai susipa\u017ein\u0119 su tarptautiniais bandym\u0173 standartais, tokiais kaip ASTM, ISO, GT, YBB, JIS, DIN, IEC ir kt.<\/p><p>- Bandym\u0173 tikslumas: Tai, kad laikom\u0117s \u0161i\u0173 standart\u0173, u\u017etikrina m\u016bs\u0173 pritaikyt\u0173 testavimo sprendim\u0173 tikslum\u0105 ir patikimum\u0105.<\/p><p>7. Geri kalb\u0173 \u012fg\u016bd\u017eiai:<\/p><p>- Efektyvus bendravimas: M\u016bs\u0173 komanda turi gerus kalbinius \u012fg\u016bd\u017eius, tod\u0117l gali ai\u0161kiai ir veiksmingai bendrauti viso pritaikymo proceso metu.<\/p><p><strong>Popardaviminio aptarnavimo politika<\/strong><\/p><p>\"Cell Instruments Co., Ltd.\" esame \u012fsipareigoj\u0119 teikti i\u0161skirtines garantinio aptarnavimo paslaugas, kad u\u017etikrintume savo klient\u0173 pasitenkinim\u0105 ir s\u0117km\u0119. M\u016bs\u0173 popardaviminio aptarnavimo politikoje i\u0161d\u0117styti principai ir proced\u016bros, kuriomis vadovaujam\u0117s siekdami pad\u0117ti jums per vis\u0105 gaminio gyvavimo cikl\u0105.<\/p><p>1. Garantija:<\/p><p>- Visiems Cell Instruments gaminiams suteikiama standartin\u0117 garantija, paprastai vieneri\u0173 met\u0173. \u0160i garantija apima gamybos defektus ir u\u017etikrina tinkam\u0105 \u012frangos veikim\u0105 nurodytu laikotarpiu.<\/p><p>2. Garantiniai reikalavimai:<\/p><p>- Garantinio reikalavimo atveju klientai turi pateikti pirkim\u0105 patvirtinant\u012f dokument\u0105 ir i\u0161sam\u0173 problemos apra\u0161ym\u0105.<\/p><p>- M\u016bs\u0173 technin\u0117s pagalbos komanda \u012fvertins pretenzij\u0105 ir nustatys, ar problemai taikoma garantija.<\/p><p>- Jei taikoma garantija, mes nedelsdami suremontuosime arba pakeisime sugedusias dalis ar \u012frang\u0105.<\/p><p>3. Techninis palaikymas:<\/p><p>- M\u016bs\u0173 speciali technin\u0117s pagalbos komanda gali pad\u0117ti i\u0161spr\u0119sti bet kokias u\u017eklausas ar problemas, su kuriomis galite susidurti.<\/p><p>- Klientai gali susisiekti su m\u016bs\u0173 technine pagalba per info@celtec.cn darbo valandomis.<\/p><p>4. Technin\u0117s prie\u017ei\u016bros ir kalibravimo paslaugos:<\/p><p>- Rekomenduojame reguliariai atlikti technin\u0119 prie\u017ei\u016br\u0105, kad b\u016bt\u0173 u\u017etikrintas optimalus veikimas. Klientai gali planuoti technin\u0117s prie\u017ei\u016bros paslaugas su m\u016bs\u0173 komanda.<\/p><p>- Siekiant palaikyti bandym\u0173 \u012frangos tikslum\u0105, teikiamos kalibravimo paslaugos.<\/p><p>5. Atsargini\u0173 dali\u0173 prieinamumas:<\/p><p>- Turime atsargini\u0173 dali\u0173 atsarg\u0173, kad b\u016bt\u0173 galima greitai pakeisti ir suma\u017einti prastovas.<\/p><p>- Klientai gali \u012fsigyti originali\u0173 atsargini\u0173 dali\u0173 tiesiai i\u0161 m\u016bs\u0173, kad b\u016bt\u0173 u\u017etikrintas suderinamumas ir na\u0161umas.<\/p><p>6. Klient\u0173 mokymas:<\/p><p>- M\u016bs\u0173 klientai visada gali dalyvauti internetiniuose mokymuose, kad kuo geriau i\u0161mokt\u0173 naudotis m\u016bs\u0173 \u012franga.<\/p><p>- Mokymas gali b\u016bti vykdomas vietoje (kaina bus aptarta) arba nuotoliniu b\u016bdu, atsi\u017evelgiant \u012f kliento pageidavimus.<\/p><p>7. Klient\u0173 atsiliepimai:<\/p><p>- Vertiname klient\u0173 atsiliepimus, nes jie padeda mums tobulinti produktus ir paslaugas. Klientai raginami pateikti atsiliepimus per m\u016bs\u0173 kontaktin\u0119 form\u0105 arba el. pa\u0161tu info@celtec.cn .<\/p><p>8. Kontaktin\u0117 informacija:<\/p><p>Jei turite klausim\u0173 d\u0117l aptarnavimo po pardavimo, kreipkit\u0117s \u012f m\u016bs\u0173 klient\u0173 aptarnavimo komand\u0105 el. pa\u0161tu info@celtec.cn arba +86 18560013985.<\/p><p><strong>DUK<\/strong><\/p><p>K: Koks yra \u012fprastas Cell Instruments gamini\u0173 pristatymo laikas?<\/p><p>A: Pristatymo laikas priklauso nuo gaminio ir pritaikymo reikalavim\u0173. Standartiniai gaminiai paprastai i\u0161siun\u010diami per 5 darbo dienas ar grei\u010diau.<\/p><p>K: Ar galiu pagreitinti u\u017esakymo pristatym\u0105?<\/p><p>Atsakymas: Taip, yra greito pristatymo galimybi\u0173. Susisiekite su m\u016bs\u0173 pardavim\u0173 komanda ir aptarkite konkre\u010dius reikalavimus bei pristatymo terminus.<\/p><p>K: Kokius mok\u0117jimo b\u016bdus priimate?<\/p><p>A: Mes paprastai priimame mok\u0117jimus banko pavedimu.<\/p><p>K: Ar yra koki\u0173 nors papildom\u0173 mokes\u010di\u0173 u\u017e tam tikr\u0173 mok\u0117jimo b\u016bd\u0173 naudojim\u0105?<\/p><p>A: M\u016bs\u0173 standartiniai mok\u0117jimo b\u016bdai nereikalauja papildom\u0173 mokes\u010di\u0173. Ta\u010diau u\u017e banko pavedimus gali b\u016bti taikomi banko mokes\u010diai.<\/p><p>K: Kaip produktai supakuojami siuntimui?<\/p><p>A: M\u016bs\u0173 gaminiai yra saugiai supakuoti, kad b\u016bt\u0173 u\u017etikrintas saugus gabenimas. Naudojame nuo sm\u016bgi\u0173 apsaugan\u010dias pakavimo med\u017eiagas ir faneros d\u0117\u017ees arba kartono d\u0117\u017ees, kad apsaugotume \u012frang\u0105 gabenimo metu.<\/p><p>K: Ar pateikiate i\u0161si\u0173st\u0173 u\u017esakym\u0173 sekimo informacij\u0105?<\/p><p>A: Taip, kai tik j\u016bs\u0173 u\u017esakymas bus i\u0161si\u0173stas, gausite el. lai\u0161k\u0105 su sekimo informacija, kad gal\u0117tum\u0117te steb\u0117ti siuntos b\u016bsen\u0105.<\/p><p>K: Kokie yra galimi pristatymo b\u016bdai?<\/p><p>A: Siuntimo b\u016bdas gali b\u016bti pasirenkamas priklausomai nuo pristatymo skubumo, biud\u017eeto apribojim\u0173 ir preki\u0173 dyd\u017eio bei svorio. Visada glaud\u017eiai bendradarbiaujame su logistikos ekspertais, kad optimizuotume siuntim\u0105 savo brangiems klientams.<\/p><p>Da\u017eniausiai naudojami \u0161ie siuntimo b\u016bdai:<\/p><p>1. Pasiuntini\u0173 paslaugos (pvz., DHL, FedEx, UPS, SF Express):<\/p><p>Apra\u0161ymas: Priva\u010dios kurjeri\u0173 \u012fmon\u0117s, teikian\u010dios paslaugas nuo dur\u0173 iki dur\u0173.<\/p><p>Pristatymo laikas: Greitas gabenimo laikas, pana\u0161us \u012f greit\u0105j\u012f gabenim\u0105.<\/p><p>Tinka: Ma\u017eoms ir vidutinio dyd\u017eio pakuot\u0117ms (GW ma\u017eiau nei 60 kg), kurioms svarbus patikimumas ir greitis.<\/p><p>2. Krovini\u0173 gabenimas oro transportu:<\/p><p>Apra\u0161ymas: gabenimas oro transportu, kad krovinys b\u016bt\u0173 pristatytas grei\u010diau, palyginti su krovini\u0173 gabenimu j\u016bra.<\/p><p>Pristatymo laikas: Grei\u010diau nei j\u016br\u0173 transportu, bet paprastai l\u0117\u010diau nei greitasis gabenimas.<\/p><p>Tinka: Laikui jautrios siuntos, kuri\u0173 biud\u017eetas ir svoris yra nedideli. (GW daugiau nei 45 kg).<\/p><p>3. Krovini\u0173 gabenimas j\u016bra:<\/p><p>Apra\u0161ymas: Ekonomi\u0161kas dideli\u0173 ir sunki\u0173 siunt\u0173 gabenimas.<\/p><p>Pristatymo laikas: ilgesnis tranzito laikas, palyginti su krovini\u0173 gabenimu oru.<\/p><p>Tinka: Didel\u0117s siuntos, kai siekiama sutaupyti l\u0117\u0161\u0173 ir lanks\u010di\u0173 pristatymo termin\u0173.<\/p><p>4. Krovini\u0173 ve\u017eimas gele\u017einkeliais:<\/p><p>Apra\u0161ymas: Sausumos transportas gele\u017einkeliais, da\u017enai naudojamas tarp\u017eemyniniam gabenimui \u012f Vidurin\u0119 Azij\u0105 arba Europos klientams.<\/p><p>Pristatymo laikas: Paprastai grei\u010diau nei j\u016br\u0173 krovini\u0173 gabenimas, bet l\u0117\u010diau nei oro transportu.<\/p><p>Tinka: Tinkama: didel\u0117ms siuntoms, kuri\u0173 paskirties vietos pasiekiamos gele\u017einkeliais.<\/p><p>5. Intermodalinis transportas:<\/p><p>Apra\u0161ymas: J\u016br\u0173 ir gele\u017einkeli\u0173, sunkve\u017eimi\u0173 ir oro transporto derinys.<\/p><p>Pristatymo laikas: Priklausomai nuo pasirinkt\u0173 b\u016bd\u0173 derinio.<\/p><p>Tinka: Sud\u0117tingiems logistikos scenarijams su \u012fvairiais transportavimo poreikiais.<\/p>\t\t\t\t\t\t\t\t<\/div>\n\t\t\t\t\t<\/div>\n\t\t\t\t<\/div>\n\t\t\t\t<\/div>","protected":false},"excerpt":{"rendered":"<p>\u200b Customization Policy: At Cell Instruments Co., Ltd., we recognize the distinct and evolving needs of our diverse clientele spanning various industries. Our commitment is to offer personalized solutions through a comprehensive customization policy, ensuring that our material test equipment meets your specific and unique requirements. Whether your focus lies in packaging, food, pharmaceuticals, medical, [&hellip;]<\/p>","protected":false},"author":1,"featured_media":0,"parent":0,"menu_order":0,"comment_status":"closed","ping_status":"closed","template":"","meta":{"_acf_changed":false,"footnotes":""},"class_list":["post-2076","page","type-page","status-publish","hentry"],"acf":[],"_links":{"self":[{"href":"https:\/\/www.materialstests.com\/lt\/wp-json\/wp\/v2\/pages\/2076","targetHints":{"allow":["GET"]}}],"collection":[{"href":"https:\/\/www.materialstests.com\/lt\/wp-json\/wp\/v2\/pages"}],"about":[{"href":"https:\/\/www.materialstests.com\/lt\/wp-json\/wp\/v2\/types\/page"}],"author":[{"embeddable":true,"href":"https:\/\/www.materialstests.com\/lt\/wp-json\/wp\/v2\/users\/1"}],"replies":[{"embeddable":true,"href":"https:\/\/www.materialstests.com\/lt\/wp-json\/wp\/v2\/comments?post=2076"}],"version-history":[{"count":0,"href":"https:\/\/www.materialstests.com\/lt\/wp-json\/wp\/v2\/pages\/2076\/revisions"}],"wp:attachment":[{"href":"https:\/\/www.materialstests.com\/lt\/wp-json\/wp\/v2\/media?parent=2076"}],"curies":[{"name":"wp","href":"https:\/\/api.w.org\/{rel}","templated":true}]}}