{"id":2020,"date":"2026-01-26T03:32:25","date_gmt":"2026-01-26T03:32:25","guid":{"rendered":"https:\/\/www.materialstests.com\/?page_id=2020"},"modified":"2026-01-26T13:06:21","modified_gmt":"2026-01-26T13:06:21","slug":"about-us","status":"publish","type":"page","link":"https:\/\/www.materialstests.com\/lt\/about-us.html","title":{"rendered":"Apie mus"},"content":{"rendered":"<div data-elementor-type=\"wp-page\" data-elementor-id=\"2020\" class=\"elementor elementor-2020\" data-elementor-post-type=\"page\">\n\t\t\t\t<div class=\"elementor-element elementor-element-c1e7c03 e-flex e-con-boxed e-con e-parent\" data-id=\"c1e7c03\" data-element_type=\"container\" data-settings=\"{&quot;background_background&quot;:&quot;classic&quot;}\">\n\t\t\t\t\t<div class=\"e-con-inner\">\n\t\t\t\t<div class=\"elementor-element elementor-element-8fd22e0 elementor-widget elementor-widget-heading\" data-id=\"8fd22e0\" data-element_type=\"widget\" data-widget_type=\"heading.default\">\n\t\t\t\t\t<div class=\"elementor-heading-title elementor-size-default\"><nav aria-label=\"d\u017ei\u016bv\u0117s\u0117liai\" class=\"rank-math-breadcrumb\"><p><a href=\"https:\/\/www.materialstests.com\/lt\/\">Pagrindinis<\/a><span class=\"separator\"> \u00bb <\/span><span class=\"last\">Pagrindinis<\/span><\/p><\/nav>\u200b<\/div>\t\t\t\t<\/div>\n\t\t\t\t\t<\/div>\n\t\t\t\t<\/div>\n\t\t<div class=\"elementor-element elementor-element-f608734 e-flex e-con-boxed e-con e-parent\" data-id=\"f608734\" data-element_type=\"container\">\n\t\t\t\t\t<div class=\"e-con-inner\">\n\t\t\t\t<div class=\"elementor-element elementor-element-58cb6ea elementor-widget elementor-widget-text-editor\" data-id=\"58cb6ea\" data-element_type=\"widget\" data-widget_type=\"text-editor.default\">\n\t\t\t\t\t\t\t\t\t<p>Nuo oficialaus \u012fsteigimo 2014 m. \"Cell Instruments\" spar\u010diai kilo produkt\u0173 k\u016brimo ir naujovi\u0173 srityje, taip atverdama svarb\u0173 dinami\u0161kos istorijos puslap\u012f. M\u016bs\u0173 \u012fsipareigojimas siekti tobulumo pad\u0117jo mums pasiekti svarbi\u0173 laim\u0117jim\u0173 med\u017eiag\u0173 bandymo \u012frangos srityje, nes turime i\u0161samias linijas, apiman\u010dias pakuo\u010di\u0173 med\u017eiag\u0173 bandymus, medicinini\u0173 med\u017eiag\u0173 bandymus, maisto produkt\u0173 bandymus, farmacijos bandymus, lipnumo bandymus, popieriaus ir kartono bandymus ir net u\u017esakomuosius pritaikymus. \u0160iuos pa\u017eangiausius sprendimus galima universaliai pritaikyti \u012fvairiose pramon\u0117s \u0161akose, \u012fskaitant pakavimo, maisto, farmacijos, medicinos, kosmetikos, g\u0117rim\u0173, universitet\u0173, tikrinimo, lipnumo ir tekstil\u0117s pramon\u0119.<\/p>\t\t\t\t\t\t\t\t<\/div>\n\t\t\t\t<div class=\"elementor-element elementor-element-c7d07e9 elementor-widget elementor-widget-image\" data-id=\"c7d07e9\" data-element_type=\"widget\" data-widget_type=\"image.default\">\n\t\t\t\t\t\t\t\t\t\t\t\t\t\t\t<img fetchpriority=\"high\" decoding=\"async\" width=\"800\" height=\"400\" src=\"https:\/\/www.materialstests.com\/wp-content\/uploads\/2026\/01\/bc800e5326c92bfcd7f943355926093a.jpg\" class=\"attachment-large size-large wp-image-2238\" alt=\"Nuot\u0117kio bandymo \u012frangos gamintojas - apie mus\" srcset=\"https:\/\/www.materialstests.com\/wp-content\/uploads\/2026\/01\/bc800e5326c92bfcd7f943355926093a.jpg 800w, https:\/\/www.materialstests.com\/wp-content\/uploads\/2026\/01\/bc800e5326c92bfcd7f943355926093a-300x150.jpg 300w, https:\/\/www.materialstests.com\/wp-content\/uploads\/2026\/01\/bc800e5326c92bfcd7f943355926093a-768x384.jpg 768w, https:\/\/www.materialstests.com\/wp-content\/uploads\/2026\/01\/bc800e5326c92bfcd7f943355926093a-18x9.jpg 18w\" sizes=\"(max-width: 800px) 100vw, 800px\" \/>\t\t\t\t\t\t\t\t\t\t\t\t\t\t\t<\/div>\n\t\t\t\t<div class=\"elementor-element elementor-element-127095f elementor-widget elementor-widget-text-editor\" data-id=\"127095f\" data-element_type=\"widget\" data-widget_type=\"text-editor.default\">\n\t\t\t\t\t\t\t\t\t<p>M\u016bs\u0173 pasaulin\u0117 veikla labai i\u0161sipl\u0117t\u0117 ir pasiek\u0117 bei paveik\u0117 daugiau nei 70 \u0161ali\u0173 ir region\u0173. Cell Instruments misija neapsiriboja vien tik bandym\u0173 sprendim\u0173 teikimu, bet yra susijusi su klient\u0173 kokyb\u0117s kontrol\u0117s, mokslini\u0173 tyrim\u0173 ir technologin\u0117s pl\u0117tros formavimu. M\u016bs\u0173 misija - b\u016bti pripa\u017eintiems kaip neatsiejamas \u2018l\u0105stel\u0117s\u2019 padalinys \u0161iuose procesuose, si\u016blantis konkurencingus ir patikimus sprendimus naudotojams visame pasaulyje.<\/p><p>B\u016bdama pramon\u0117s pradinink\u0117, \u2019Cell Instruments\" ir toliau i\u0161lieka in\u017einieriais besivadovaujanti organizacija, kuri tvirtai laikosi standart\u0173. Teikdami pirmenyb\u0119 meistri\u0161kumui, aktyviai k\u016br\u0117me prietais\u0173 modelius, pritaikytus konkretiems klient\u0173 poreikiams, kartu u\u017etikrindami pramon\u0117s standart\u0173 laikym\u0105si. \u0160ie prietaisai yra ne\u012fkainojami problem\u0173 sprendimo \u012frankiai, lengvai integruojami \u012f klient\u0173 laboratorijas, mokslini\u0173 tyrim\u0173 ir taikomosios veiklos centrus, gamybos vietas, paskait\u0173 sales ir kitur. M\u016bs\u0173 techninis pasirengimas u\u017etikrina m\u016bs\u0173 klient\u0173 gamini\u0173 kokyb\u0119, tod\u0117l jie gali u\u017etikrintai \u017eengti \u012f tarptautin\u0119 rink\u0105.<\/p>\t\t\t\t\t\t\t\t<\/div>\n\t\t\t\t<div class=\"elementor-element elementor-element-a0311d4 elementor-widget elementor-widget-image\" data-id=\"a0311d4\" data-element_type=\"widget\" data-widget_type=\"image.default\">\n\t\t\t\t\t\t\t\t\t\t\t\t\t\t\t<img decoding=\"async\" width=\"800\" height=\"400\" src=\"https:\/\/www.materialstests.com\/wp-content\/uploads\/2026\/01\/6f6c3ee6a57f3b5a064c916fc412fc69.jpg\" class=\"attachment-large size-large wp-image-2239\" alt=\"Nuot\u0117kio bandymo \u012frangos gamintojas - apie mus\" srcset=\"https:\/\/www.materialstests.com\/wp-content\/uploads\/2026\/01\/6f6c3ee6a57f3b5a064c916fc412fc69.jpg 800w, https:\/\/www.materialstests.com\/wp-content\/uploads\/2026\/01\/6f6c3ee6a57f3b5a064c916fc412fc69-300x150.jpg 300w, https:\/\/www.materialstests.com\/wp-content\/uploads\/2026\/01\/6f6c3ee6a57f3b5a064c916fc412fc69-768x384.jpg 768w, https:\/\/www.materialstests.com\/wp-content\/uploads\/2026\/01\/6f6c3ee6a57f3b5a064c916fc412fc69-18x9.jpg 18w\" sizes=\"(max-width: 800px) 100vw, 800px\" \/>\t\t\t\t\t\t\t\t\t\t\t\t\t\t\t<\/div>\n\t\t\t\t<div class=\"elementor-element elementor-element-5673870 elementor-widget elementor-widget-text-editor\" data-id=\"5673870\" data-element_type=\"widget\" data-widget_type=\"text-editor.default\">\n\t\t\t\t\t\t\t\t\t<p>\"Cell Instruments\" tapo ne tik moderniausios bandym\u0173 \u012frangos gamintoja, bet ir strategine verslo s\u0117km\u0117s partnere visame pasaulyje. M\u016bs\u0173 atsidavusi komanda, turinti \u012fvairi\u0173 kompetencij\u0173, nenuilstamai bendradarbiauja siekdama u\u017etikrinti, kad m\u016bs\u0173 klientai gaut\u0173 ne tik gaminius, bet ir i\u0161samius sprendimus, didinan\u010dius j\u0173 efektyvum\u0105, produkt\u0173 kokyb\u0119 ir bendr\u0105 konkurencingum\u0105.<\/p><p>M\u016bs\u0173 pagrindin\u0117 b\u016bstin\u0117 \u012fsik\u016brusi Jinano mieste, viename i\u0161 pagrindini\u0173 \u0160iaur\u0117s Kinijos pramon\u0117s centr\u0173, ir yra m\u016bs\u0173 veiklos centras, kuriame vykdomi moksliniai tyrimai, pl\u0117tra ir \u012f klientus orientuotos iniciatyvos.<\/p><p>M\u016bs\u0173 s\u0117km\u0117 neapsiriboja tik sienomis, nes aktyviai dalyvaujame tarptautin\u0117je prekyboje ir eksportuojame savo pa\u017eangiausius sprendimus \u012f daugyb\u0119 \u0161ali\u0173. Tokia pasaulin\u0117 sklaida yra m\u016bs\u0173 vizijos - skatinti bendradarbiavim\u0105 ir dalytis inovacijomis pasauliniu mastu - \u012frodymas.<\/p><p>T\u0119sdami savo kelion\u0119 \u012f tobulum\u0105, kvie\u010diame jus prisijungti prie m\u016bs\u0173 kuriant kokyb\u0117s kontrol\u0117s, mokslini\u0173 tyrim\u0173 ir pl\u0117tros ateit\u012f pasauliniu mastu.<\/p><p>Jei norite gauti daugiau informacijos apie \u0161\u012f gamin\u012f, nedvejodami susisiekite su mumis. Rekomenduojame jums kitus populiarius produktus:\u00a0<a class=\"aahaf6o\" title=\"Popieriaus ir kartono storio testeris\" href=\"https:\/\/www.materialstests.com\/lt\/paper-board-tester.html\/\">Popieriaus ir kartono storio testeris<\/a>,\u00a0<a class=\"aahaf6o\" title=\"Bendrojo nuot\u0117kio testavimo \u012franga\" href=\"https:\/\/www.materialstests.com\/lt\/gross-leak-tester.html\/\">Bendrojo nuot\u0117kio testavimo \u012franga<\/a>,\u00a0<a class=\"aahaf6o\" title=\" Bendrasis nuot\u0117kio testeris \u012erangos testavimas\" href=\"https:\/\/www.materialstests.com\/lt\/gross-leak-tester.html\/\">Bendrasis nuot\u0117kio testeris \u012erangos testavimas<\/a>,\u00a0<a class=\"aahaf6o\" title=\"Bendrasis nuot\u0117kio testeris \u012erangos testavimas\" href=\"https:\/\/www.materialstests.com\/lt\/gross-leak-tester.html\/\">Bendrasis nuot\u0117kio testeris \u012erangos testavimas<\/a>,\u00a0<a class=\"aahaf6o\" title=\"Gradientinio \u0161iluminio sandarinimo testerio gamintojas\" href=\"https:\/\/www.materialstests.com\/lt\/products\/ghs-01-gradient-heat-seal-tester.html\/\">Gradientinio \u0161iluminio sandarinimo testerio gamintojas<\/a>,\u00a0<a class=\"aahaf6o\" title=\"Laboratorinis kar\u0161to sukibimo testeris\" href=\"https:\/\/www.materialstests.com\/lt\/products\/htt-02-hot-tack-tester.html\/\">Laboratorinis kar\u0161to sukibimo testeris<\/a>,\u00a0<a class=\"aahaf6o\" title=\"\u0160ilumos gradiento testeris\" href=\"https:\/\/www.materialstests.com\/lt\/products\/ghs-01-gradient-heat-seal-tester.html\/\">\u0160ilumos gradiento testeris<\/a>,\u00a0<a class=\"aahaf6o\" title=\"pl\u0117vel\u0117s be pl\u0117vel\u0117s susitraukimo testeris\" href=\"https:\/\/www.materialstests.com\/lt\/shrink-tester.html\/\">pl\u0117vel\u0117s be pl\u0117vel\u0117s susitraukimo testeris<\/a>,\u00a0<a class=\"aahaf6o\" title=\"pl\u0117vel\u0117s \u0161ilumos susitraukimo testeris\" href=\"https:\/\/www.materialstests.com\/lt\/shrink-tester.html\/\">pl\u0117vel\u0117s \u0161ilumos susitraukimo testeris<\/a>,\u00a0<a class=\"aahaf6o\" title=\"Lankstus patvarumo testeris\" href=\"https:\/\/www.materialstests.com\/lt\/flex-durability-tester.html\/\">Lankstus patvarumo testeris<\/a>,\u00a0<a class=\"aahaf6o\" title=\"Gradientinis \u0161ilumos sandarinimo testeris\" href=\"https:\/\/www.materialstests.com\/lt\/gradient-heat-seal-tester.html\/\">Gradientinis \u0161ilumos sandarinimo testeris<\/a>,\u00a0<a class=\"aahaf6o\" title=\"Nulupimo testeris\" href=\"https:\/\/www.materialstests.com\/lt\/products\/spc-01-stretch-film-peeling-cling-tester.html\/\">Nulupimo testeris<\/a>,\u00a0<a class=\"aahaf6o\" title=\"Laikymo galios testeris\" href=\"https:\/\/www.materialstests.com\/lt\/holding-power-tester.html\/\">Laikymo galios testeris<\/a>,\u00a0<a class=\"aahaf6o\" title=\"Laboratorinis terminio sandarinimo testeris\" href=\"https:\/\/www.materialstests.com\/lt\/products\/hst-01-heat-seal-tester.html\/\">Laboratorinis terminio sandarinimo testeris<\/a>,\u00a0<a class=\"aahaf6o\" title=\"taros lupimo testeris\" href=\"https:\/\/www.materialstests.com\/lt\/productstags\/container-peeling-tester.html\/\">taros lupimo testeris<\/a>,\u00a0<a class=\"aahaf6o\" title=\"Kinijos \u0161ilumos sandarinimo testerio tiek\u0117jai\" href=\"https:\/\/www.materialstests.com\/lt\/heat-seal-tester.html\/\">Kinijos \u0161ilumos sandarinimo testerio tiek\u0117jai<\/a>,\u00a0<a class=\"aahaf6o\" title=\"Kinijos \u0161ilumos sandarinimo testeris\" href=\"https:\/\/www.materialstests.com\/lt\/productstags\/china-heat-sealing-tester-factory.html\/\">Kinijos \u0161ilumos sandarinimo testeris<\/a>,\u00a0<a class=\"aahaf6o\" title=\"\u0161iluminio sandarinimo testerio gamyklos\" href=\"https:\/\/www.materialstests.com\/lt\/productstags\/heat-sealing-tester-factories.html\/\">\u0161iluminio sandarinimo testerio gamyklos<\/a>,\u00a0<a class=\"aahaf6o\" title=\"\u0161iluminio sandarinimo testeri\u0173 gamyklos\" href=\"https:\/\/www.materialstests.com\/lt\/productstags\/heat-sealing-tester-factories.html\/\">\u0161iluminio sandarinimo testeri\u0173 gamyklos<\/a>,\u00a0<a class=\"aahaf6o\" title=\"Karbonizacijos testerio tiek\u0117jas\" href=\"https:\/\/www.materialstests.com\/lt\/products\/clrt-01-carbon-dioxide-volume-tester.html\/\">Karbonizacijos testerio tiek\u0117jas<\/a>,\u00a0<a class=\"aahaf6o\" title=\"Karbonizacijos testerio paslaugos\" href=\"https:\/\/www.materialstests.com\/lt\/products\/clrt-01-carbon-dioxide-volume-tester.html\/\">Karbonizacijos testerio paslaugos<\/a>,\u00a0<a class=\"aahaf6o\" title=\"Sutraukimo testerio paslaugos\" href=\"https:\/\/www.materialstests.com\/lt\/shrink-tester.html\/\">Sutraukimo testerio paslaugos<\/a>,\u00a0<a class=\"aahaf6o\" title=\"Kamuoliuk\u0173 sukibimo testerio tiek\u0117jas\" href=\"https:\/\/www.materialstests.com\/lt\/products\/btt-01-ball-tack-tester.html\/\">Kamuoliuk\u0173 sukibimo testerio tiek\u0117jas<\/a>,\u00a0<a class=\"aahaf6o\" title=\"Kamuoliuk\u0173 testerio eksportas\" href=\"https:\/\/www.materialstests.com\/lt\/products\/btt-01-ball-tack-tester.html\/\">Kamuoliuk\u0173 testerio eksportas<\/a>,\u00a0<a class=\"aahaf6o\" title=\"Lankstaus patvarumo testerio gamintojas\" href=\"https:\/\/www.materialstests.com\/lt\/flex-durability-tester.html\/\">Lankstaus patvarumo testerio gamintojas<\/a>,\u00a0<a class=\"aahaf6o\" title=\"Lankstaus patvarumo testerio tiek\u0117jas\" href=\"https:\/\/www.materialstests.com\/lt\/flex-durability-tester.html\/\">Lankstaus patvarumo testerio tiek\u0117jas<\/a>,\u00a0<a class=\"aahaf6o\" title=\"Lankstus patvarumo testeris eksportas\" href=\"https:\/\/www.materialstests.com\/lt\/flex-durability-tester.html\/\">Lankstus patvarumo testeris eksportas<\/a>,\u00a0<a class=\"aahaf6o\" title=\"Lankstus patvarumo testeris Kinija\" href=\"https:\/\/www.materialstests.com\/lt\/products\/gft-01-flex-durability-tester.html\/\">Lankstus patvarumo testeris Kinija<\/a>,\u00a0<a class=\"aahaf6o\" title=\"Lankstaus patvarumo testerio paslaugos\" href=\"https:\/\/www.materialstests.com\/lt\/products\/gft-01-flex-durability-tester.html\/\">Lankstaus patvarumo testerio paslaugos<\/a><\/p>\t\t\t\t\t\t\t\t<\/div>\n\t\t\t\t\t<\/div>\n\t\t\t\t<\/div>\n\t\t\t\t<\/div>","protected":false},"excerpt":{"rendered":"<p>\u200b Since its official establishment in 2014, Cell Instruments has rapidly ascended in product development and innovation, marking a significant chapter in its dynamic history. Our commitment to excellence has propelled us to achieve milestones in the field of material test equipment, boasting comprehensive lines that encompass Packaging Material Testing, Medical Material Testing, Food Testing, [&hellip;]<\/p>","protected":false},"author":1,"featured_media":0,"parent":0,"menu_order":0,"comment_status":"closed","ping_status":"closed","template":"","meta":{"_acf_changed":false,"footnotes":""},"class_list":["post-2020","page","type-page","status-publish","hentry"],"acf":[],"_links":{"self":[{"href":"https:\/\/www.materialstests.com\/lt\/wp-json\/wp\/v2\/pages\/2020","targetHints":{"allow":["GET"]}}],"collection":[{"href":"https:\/\/www.materialstests.com\/lt\/wp-json\/wp\/v2\/pages"}],"about":[{"href":"https:\/\/www.materialstests.com\/lt\/wp-json\/wp\/v2\/types\/page"}],"author":[{"embeddable":true,"href":"https:\/\/www.materialstests.com\/lt\/wp-json\/wp\/v2\/users\/1"}],"replies":[{"embeddable":true,"href":"https:\/\/www.materialstests.com\/lt\/wp-json\/wp\/v2\/comments?post=2020"}],"version-history":[{"count":0,"href":"https:\/\/www.materialstests.com\/lt\/wp-json\/wp\/v2\/pages\/2020\/revisions"}],"wp:attachment":[{"href":"https:\/\/www.materialstests.com\/lt\/wp-json\/wp\/v2\/media?parent=2020"}],"curies":[{"name":"wp","href":"https:\/\/api.w.org\/{rel}","templated":true}]}}