{"id":2020,"date":"2026-01-26T03:32:25","date_gmt":"2026-01-26T03:32:25","guid":{"rendered":"https:\/\/www.materialstests.com\/?page_id=2020"},"modified":"2026-01-26T13:06:21","modified_gmt":"2026-01-26T13:06:21","slug":"about-us","status":"publish","type":"page","link":"https:\/\/www.materialstests.com\/it\/about-us.html","title":{"rendered":"Chi siamo"},"content":{"rendered":"<div data-elementor-type=\"wp-page\" data-elementor-id=\"2020\" class=\"elementor elementor-2020\" data-elementor-post-type=\"page\">\n\t\t\t\t<div class=\"elementor-element elementor-element-c1e7c03 e-flex e-con-boxed e-con e-parent\" data-id=\"c1e7c03\" data-element_type=\"container\" data-settings=\"{&quot;background_background&quot;:&quot;classic&quot;}\">\n\t\t\t\t\t<div class=\"e-con-inner\">\n\t\t\t\t<div class=\"elementor-element elementor-element-8fd22e0 elementor-widget elementor-widget-heading\" data-id=\"8fd22e0\" data-element_type=\"widget\" data-widget_type=\"heading.default\">\n\t\t\t\t\t<div class=\"elementor-heading-title elementor-size-default\"><nav aria-label=\"pangrattato\" class=\"rank-math-breadcrumb\"><p><a href=\"https:\/\/www.materialstests.com\/it\/\">Casa<\/a><span class=\"separator\"> \u00bb <\/span><span class=\"last\">Casa<\/span><\/p><\/nav>\u200b<\/div>\t\t\t\t<\/div>\n\t\t\t\t\t<\/div>\n\t\t\t\t<\/div>\n\t\t<div class=\"elementor-element elementor-element-f608734 e-flex e-con-boxed e-con e-parent\" data-id=\"f608734\" data-element_type=\"container\">\n\t\t\t\t\t<div class=\"e-con-inner\">\n\t\t\t\t<div class=\"elementor-element elementor-element-58cb6ea elementor-widget elementor-widget-text-editor\" data-id=\"58cb6ea\" data-element_type=\"widget\" data-widget_type=\"text-editor.default\">\n\t\t\t\t\t\t\t\t\t<p>Dalla sua fondazione ufficiale nel 2014, Cell Instruments \u00e8 salita rapidamente nello sviluppo e nell'innovazione dei prodotti, segnando un capitolo significativo della sua storia dinamica. Il nostro impegno per l'eccellenza ci ha spinto a raggiungere traguardi importanti nel campo delle apparecchiature di prova dei materiali, vantando linee complete che comprendono prove sui materiali da imballaggio, prove sui materiali medici, prove sugli alimenti, prove farmaceutiche, prove di adesivit\u00e0, prove su carta e cartone e persino personalizzazioni su richiesta. Queste soluzioni all'avanguardia trovano applicazioni versatili in diversi settori, tra cui quello dell'imballaggio, alimentare, farmaceutico, medico, cosmetico, delle bevande, universitario, dell'ispezione, dell'adesivit\u00e0 e tessile.<\/p>\t\t\t\t\t\t\t\t<\/div>\n\t\t\t\t<div class=\"elementor-element elementor-element-c7d07e9 elementor-widget elementor-widget-image\" data-id=\"c7d07e9\" data-element_type=\"widget\" data-widget_type=\"image.default\">\n\t\t\t\t\t\t\t\t\t\t\t\t\t\t\t<img fetchpriority=\"high\" decoding=\"async\" width=\"800\" height=\"400\" src=\"https:\/\/www.materialstests.com\/wp-content\/uploads\/2026\/01\/bc800e5326c92bfcd7f943355926093a.jpg\" class=\"attachment-large size-large wp-image-2238\" alt=\"Produttore di apparecchiature per il test di tenuta - CHI SIAMO\" srcset=\"https:\/\/www.materialstests.com\/wp-content\/uploads\/2026\/01\/bc800e5326c92bfcd7f943355926093a.jpg 800w, https:\/\/www.materialstests.com\/wp-content\/uploads\/2026\/01\/bc800e5326c92bfcd7f943355926093a-300x150.jpg 300w, https:\/\/www.materialstests.com\/wp-content\/uploads\/2026\/01\/bc800e5326c92bfcd7f943355926093a-768x384.jpg 768w, https:\/\/www.materialstests.com\/wp-content\/uploads\/2026\/01\/bc800e5326c92bfcd7f943355926093a-18x9.jpg 18w\" sizes=\"(max-width: 800px) 100vw, 800px\" \/>\t\t\t\t\t\t\t\t\t\t\t\t\t\t\t<\/div>\n\t\t\t\t<div class=\"elementor-element elementor-element-127095f elementor-widget elementor-widget-text-editor\" data-id=\"127095f\" data-element_type=\"widget\" data-widget_type=\"text-editor.default\">\n\t\t\t\t\t\t\t\t\t<p>La nostra presenza globale si \u00e8 notevolmente ampliata, raggiungendo e influenzando oltre 70 paesi e regioni. La missione dell'Cell Instruments non si limita alla semplice fornitura di soluzioni di test, ma ruota attorno alla definizione del panorama del controllo qualit\u00e0 e della ricerca e sviluppo dei clienti. La nostra missione \u00e8 quella di essere riconosciuti come un'unit\u00e0 \u2018Cellula\u2019 integrale all'interno di questi processi, offrendo soluzioni competitive e affidabili agli utenti di tutto il mondo.<\/p><p>In qualit\u00e0 di forza pionieristica del settore, Cell Instruments rimane un'organizzazione orientata alla progettazione con un impegno inflessibile nei confronti degli standard. Privilegiando l'eccellenza, abbiamo sviluppato attivamente modelli di strumenti su misura per soddisfare le esigenze specifiche dei nostri clienti, garantendo al contempo la conformit\u00e0 agli standard industriali. Questi strumenti fungono da preziosi strumenti per la risoluzione dei problemi e si integrano perfettamente nei laboratori dei clienti, nei centri di ricerca e sviluppo, nei siti di produzione, nelle aule e oltre. Il nostro background tecnico garantisce la qualit\u00e0 dei prodotti dei nostri clienti, consentendo loro di navigare con fiducia nel mercato internazionale.<\/p>\t\t\t\t\t\t\t\t<\/div>\n\t\t\t\t<div class=\"elementor-element elementor-element-a0311d4 elementor-widget elementor-widget-image\" data-id=\"a0311d4\" data-element_type=\"widget\" data-widget_type=\"image.default\">\n\t\t\t\t\t\t\t\t\t\t\t\t\t\t\t<img decoding=\"async\" width=\"800\" height=\"400\" src=\"https:\/\/www.materialstests.com\/wp-content\/uploads\/2026\/01\/6f6c3ee6a57f3b5a064c916fc412fc69.jpg\" class=\"attachment-large size-large wp-image-2239\" alt=\"Produttore di apparecchiature per il test di tenuta - CHI SIAMO\" srcset=\"https:\/\/www.materialstests.com\/wp-content\/uploads\/2026\/01\/6f6c3ee6a57f3b5a064c916fc412fc69.jpg 800w, https:\/\/www.materialstests.com\/wp-content\/uploads\/2026\/01\/6f6c3ee6a57f3b5a064c916fc412fc69-300x150.jpg 300w, https:\/\/www.materialstests.com\/wp-content\/uploads\/2026\/01\/6f6c3ee6a57f3b5a064c916fc412fc69-768x384.jpg 768w, https:\/\/www.materialstests.com\/wp-content\/uploads\/2026\/01\/6f6c3ee6a57f3b5a064c916fc412fc69-18x9.jpg 18w\" sizes=\"(max-width: 800px) 100vw, 800px\" \/>\t\t\t\t\t\t\t\t\t\t\t\t\t\t\t<\/div>\n\t\t\t\t<div class=\"elementor-element elementor-element-5673870 elementor-widget elementor-widget-text-editor\" data-id=\"5673870\" data-element_type=\"widget\" data-widget_type=\"text-editor.default\">\n\t\t\t\t\t\t\t\t\t<p>Cell Instruments si \u00e8 posizionata non solo come produttore di apparecchiature di prova all'avanguardia, ma come partner strategico per il successo delle aziende di tutto il mondo. Il nostro team dedicato, dotato di una vasta gamma di competenze, collabora instancabilmente per garantire che i nostri clienti ricevano non solo prodotti, ma soluzioni complete che migliorano l'efficienza, la qualit\u00e0 dei prodotti e la competitivit\u00e0 complessiva.<\/p><p>Situata nella citt\u00e0 di Jinan, uno dei principali poli industriali della Cina settentrionale, la nostra sede centrale \u00e8 il centro delle nostre attivit\u00e0 e rappresenta un punto di riferimento per la ricerca, lo sviluppo e le iniziative incentrate sul cliente.<\/p><p>Il nostro successo si estende oltre i confini, poich\u00e9 siamo attivamente impegnati nel commercio internazionale, esportando le nostre soluzioni all'avanguardia in una moltitudine di Paesi. Questa diffusione globale testimonia la nostra visione di promuovere la collaborazione e la condivisione dell'innovazione su scala mondiale.<\/p><p>Mentre continuiamo il nostro viaggio verso l'eccellenza, vi invitiamo a unirvi a noi per plasmare il futuro del controllo qualit\u00e0 e della ricerca e sviluppo su scala globale.<\/p><p>Se desiderate maggiori informazioni su questo prodotto, non esitate a contattarci. Raccomandiamo altri prodotti popolari per voi:\u00a0<a class=\"aahaf6o\" title=\"Tester di spessore per carta e cartone\" href=\"https:\/\/www.materialstests.com\/it\/paper-board-tester.html\/\">Tester di spessore per carta e cartone<\/a>,\u00a0<a class=\"aahaf6o\" title=\"Apparecchiature per il controllo delle perdite lorde\" href=\"https:\/\/www.materialstests.com\/it\/gross-leak-tester.html\/\">Apparecchiature per il controllo delle perdite lorde<\/a>,\u00a0<a class=\"aahaf6o\" title=\" Tester di perdite lorde Apparecchiature di prova\" href=\"https:\/\/www.materialstests.com\/it\/gross-leak-tester.html\/\">Tester di perdite lorde Apparecchiature di prova<\/a>,\u00a0<a class=\"aahaf6o\" title=\"Tester di perdite lorde Apparecchiature di prova\" href=\"https:\/\/www.materialstests.com\/it\/gross-leak-tester.html\/\">Tester di perdite lorde Apparecchiature di prova<\/a>,\u00a0<a class=\"aahaf6o\" title=\"Tester di tenuta termica a gradiente Produttore\" href=\"https:\/\/www.materialstests.com\/it\/products\/ghs-01-gradient-heat-seal-tester.html\/\">Tester di tenuta termica a gradiente Produttore<\/a>,\u00a0<a class=\"aahaf6o\" title=\"Tester di laboratorio per l&#039;incollaggio a caldo\" href=\"https:\/\/www.materialstests.com\/it\/products\/htt-02-hot-tack-tester.html\/\">Tester di laboratorio per l'incollaggio a caldo<\/a>,\u00a0<a class=\"aahaf6o\" title=\"Tester a gradiente di calore\" href=\"https:\/\/www.materialstests.com\/it\/products\/ghs-01-gradient-heat-seal-tester.html\/\">Tester a gradiente di calore<\/a>,\u00a0<a class=\"aahaf6o\" title=\"Tester di restringimento senza film\" href=\"https:\/\/www.materialstests.com\/it\/shrink-tester.html\/\">Tester di restringimento senza film<\/a>,\u00a0<a class=\"aahaf6o\" title=\"tester per film termoretraibile\" href=\"https:\/\/www.materialstests.com\/it\/shrink-tester.html\/\">tester per film termoretraibile<\/a>,\u00a0<a class=\"aahaf6o\" title=\"Tester di durata della flessione\" href=\"https:\/\/www.materialstests.com\/it\/flex-durability-tester.html\/\">Tester di durata della flessione<\/a>,\u00a0<a class=\"aahaf6o\" title=\"Tester di tenuta termica a gradiente\" href=\"https:\/\/www.materialstests.com\/it\/gradient-heat-seal-tester.html\/\">Tester di tenuta termica a gradiente<\/a>,\u00a0<a class=\"aahaf6o\" title=\"Tester di adesione al peeling\" href=\"https:\/\/www.materialstests.com\/it\/products\/spc-01-stretch-film-peeling-cling-tester.html\/\">Tester di adesione al peeling<\/a>,\u00a0<a class=\"aahaf6o\" title=\"Tester di potenza di tenuta\" href=\"https:\/\/www.materialstests.com\/it\/holding-power-tester.html\/\">Tester di potenza di tenuta<\/a>,\u00a0<a class=\"aahaf6o\" title=\"Tester di saldatura a caldo da laboratorio\" href=\"https:\/\/www.materialstests.com\/it\/products\/hst-01-heat-seal-tester.html\/\">Tester di saldatura a caldo da laboratorio<\/a>,\u00a0<a class=\"aahaf6o\" title=\"tester per la pelatura dei contenitori\" href=\"https:\/\/www.materialstests.com\/it\/productstags\/container-peeling-tester.html\/\">tester per la pelatura dei contenitori<\/a>,\u00a0<a class=\"aahaf6o\" title=\"fornitori di tester di tenuta termica in Cina\" href=\"https:\/\/www.materialstests.com\/it\/heat-seal-tester.html\/\">fornitori di tester di tenuta termica in Cina<\/a>,\u00a0<a class=\"aahaf6o\" title=\"tester di saldatura a caldo in Cina\" href=\"https:\/\/www.materialstests.com\/it\/productstags\/china-heat-sealing-tester-factory.html\/\">tester di saldatura a caldo in Cina<\/a>,\u00a0<a class=\"aahaf6o\" title=\"fabbriche di tester di tenuta termica\" href=\"https:\/\/www.materialstests.com\/it\/productstags\/heat-sealing-tester-factories.html\/\">fabbriche di tester di tenuta termica<\/a>,\u00a0<a class=\"aahaf6o\" title=\"fabbriche di tester di saldatura a caldo\" href=\"https:\/\/www.materialstests.com\/it\/productstags\/heat-sealing-tester-factories.html\/\">fabbriche di tester di saldatura a caldo<\/a>,\u00a0<a class=\"aahaf6o\" title=\"Fornitore del tester di carbonatazione\" href=\"https:\/\/www.materialstests.com\/it\/products\/clrt-01-carbon-dioxide-volume-tester.html\/\">Fornitore del tester di carbonatazione<\/a>,\u00a0<a class=\"aahaf6o\" title=\"Servizi del tester di carbonatazione\" href=\"https:\/\/www.materialstests.com\/it\/products\/clrt-01-carbon-dioxide-volume-tester.html\/\">Servizi del tester di carbonatazione<\/a>,\u00a0<a class=\"aahaf6o\" title=\"Servizi del tester di termoretrazione\" href=\"https:\/\/www.materialstests.com\/it\/shrink-tester.html\/\">Servizi del tester di termoretrazione<\/a>,\u00a0<a class=\"aahaf6o\" title=\"Fornitore di Tester a sfera\" href=\"https:\/\/www.materialstests.com\/it\/products\/btt-01-ball-tack-tester.html\/\">Fornitore di Tester a sfera<\/a>,\u00a0<a class=\"aahaf6o\" title=\"Esportazione del tester a sfera\" href=\"https:\/\/www.materialstests.com\/it\/products\/btt-01-ball-tack-tester.html\/\">Esportazione del tester a sfera<\/a>,\u00a0<a class=\"aahaf6o\" title=\"Produttore del tester di durata della flessione\" href=\"https:\/\/www.materialstests.com\/it\/flex-durability-tester.html\/\">Produttore del tester di durata della flessione<\/a>,\u00a0<a class=\"aahaf6o\" title=\"Fornitore del tester di durata della flessione\" href=\"https:\/\/www.materialstests.com\/it\/flex-durability-tester.html\/\">Fornitore del tester di durata della flessione<\/a>,\u00a0<a class=\"aahaf6o\" title=\"Esportazione del tester di durata della flessione\" href=\"https:\/\/www.materialstests.com\/it\/flex-durability-tester.html\/\">Esportazione del tester di durata della flessione<\/a>,\u00a0<a class=\"aahaf6o\" title=\"Tester di durata della flessione Cina\" href=\"https:\/\/www.materialstests.com\/it\/products\/gft-01-flex-durability-tester.html\/\">Tester di durata della flessione Cina<\/a>,\u00a0<a class=\"aahaf6o\" title=\"Servizi del tester di durata della flessione\" href=\"https:\/\/www.materialstests.com\/it\/products\/gft-01-flex-durability-tester.html\/\">Servizi del tester di durata della flessione<\/a><\/p>\t\t\t\t\t\t\t\t<\/div>\n\t\t\t\t\t<\/div>\n\t\t\t\t<\/div>\n\t\t\t\t<\/div>","protected":false},"excerpt":{"rendered":"<p>\u200b Since its official establishment in 2014, Cell Instruments has rapidly ascended in product development and innovation, marking a significant chapter in its dynamic history. Our commitment to excellence has propelled us to achieve milestones in the field of material test equipment, boasting comprehensive lines that encompass Packaging Material Testing, Medical Material Testing, Food Testing, [&hellip;]<\/p>","protected":false},"author":1,"featured_media":0,"parent":0,"menu_order":0,"comment_status":"closed","ping_status":"closed","template":"","meta":{"_acf_changed":false,"footnotes":""},"class_list":["post-2020","page","type-page","status-publish","hentry"],"acf":[],"_links":{"self":[{"href":"https:\/\/www.materialstests.com\/it\/wp-json\/wp\/v2\/pages\/2020","targetHints":{"allow":["GET"]}}],"collection":[{"href":"https:\/\/www.materialstests.com\/it\/wp-json\/wp\/v2\/pages"}],"about":[{"href":"https:\/\/www.materialstests.com\/it\/wp-json\/wp\/v2\/types\/page"}],"author":[{"embeddable":true,"href":"https:\/\/www.materialstests.com\/it\/wp-json\/wp\/v2\/users\/1"}],"replies":[{"embeddable":true,"href":"https:\/\/www.materialstests.com\/it\/wp-json\/wp\/v2\/comments?post=2020"}],"version-history":[{"count":0,"href":"https:\/\/www.materialstests.com\/it\/wp-json\/wp\/v2\/pages\/2020\/revisions"}],"wp:attachment":[{"href":"https:\/\/www.materialstests.com\/it\/wp-json\/wp\/v2\/media?parent=2020"}],"curies":[{"name":"wp","href":"https:\/\/api.w.org\/{rel}","templated":true}]}}