{"id":2078,"date":"2026-01-26T05:37:06","date_gmt":"2026-01-26T05:37:06","guid":{"rendered":"https:\/\/www.materialstests.com\/?page_id=2078"},"modified":"2026-01-26T13:22:09","modified_gmt":"2026-01-26T13:22:09","slug":"contact-us","status":"publish","type":"page","link":"https:\/\/www.materialstests.com\/hu\/contact-us.html","title":{"rendered":"Kapcsolatfelv\u00e9tel"},"content":{"rendered":"<div data-elementor-type=\"wp-page\" data-elementor-id=\"2078\" class=\"elementor elementor-2078\" data-elementor-post-type=\"page\">\n\t\t\t\t<div class=\"elementor-element elementor-element-857c6e4 e-flex e-con-boxed e-con e-parent\" data-id=\"857c6e4\" data-element_type=\"container\" data-settings=\"{&quot;background_background&quot;:&quot;classic&quot;}\">\n\t\t\t\t\t<div class=\"e-con-inner\">\n\t\t\t\t<div class=\"elementor-element elementor-element-18c6c37 elementor-widget elementor-widget-heading\" data-id=\"18c6c37\" data-element_type=\"widget\" data-widget_type=\"heading.default\">\n\t\t\t\t\t<div class=\"elementor-heading-title elementor-size-default\"><nav aria-label=\"zsemlemorzsa\" class=\"rank-math-breadcrumb\"><p><a href=\"https:\/\/www.materialstests.com\/hu\/\">Home<\/a><span class=\"separator\"> \u00bb <\/span><span class=\"last\">Home<\/span><\/p><\/nav>\u200b<\/div>\t\t\t\t<\/div>\n\t\t\t\t\t<\/div>\n\t\t\t\t<\/div>\n\t\t<div class=\"elementor-element elementor-element-a267ca2 e-flex e-con-boxed e-con e-parent\" data-id=\"a267ca2\" data-element_type=\"container\">\n\t\t\t\t\t<div class=\"e-con-inner\">\n\t\t\t\t<div class=\"elementor-element elementor-element-cae2fd3 elementor-widget elementor-widget-text-editor\" data-id=\"cae2fd3\" data-element_type=\"widget\" data-widget_type=\"text-editor.default\">\n\t\t\t\t\t\t\t\t\t<p><strong>Cell Instruments Co., Ltd.<\/strong><\/p><p><strong>Telefon<\/strong>: +86 531 88977152<\/p><p><strong>Mobiltelefon<\/strong>: +86 18560013985<\/p><p><strong>Mail<\/strong>: trade@celtec.cn<\/p><p><strong>WhatsApp<\/strong>: +86 18560013985<\/p><p><strong>WeChat<\/strong>: +86 18560013985<\/p><p><strong>C\u00edm:<\/strong>: No. 5577 Gongyebei Rd, Licheng District, Jinan, 250109, Shandong, China<\/p><p>Ha tov\u00e1bbi inform\u00e1ci\u00f3kat szeretne err\u0151l a term\u00e9kr\u0151l, k\u00e9rj\u00fck, forduljon hozz\u00e1nk bizalommal. Aj\u00e1nljuk \u00d6nnek m\u00e1s n\u00e9pszer\u0171 term\u00e9keket:\u00a0 <a class=\"aahaf6o\" title=\"Pap\u00edr \u00e9s karton vastags\u00e1gm\u00e9r\u0151\" href=\"https:\/\/www.materialstests.com\/hu\/paper-board-tester.html\/\">Pap\u00edr \u00e9s karton vastags\u00e1gm\u00e9r\u0151<\/a>,\u00a0<a class=\"aahaf6o\" title=\"Tapad\u00f3ss\u00e1gi vizsg\u00e1lat\" href=\"https:\/\/www.materialstests.com\/hu\/adhesiveness-tester.html\/\">Tapad\u00f3ss\u00e1gi vizsg\u00e1lat<\/a>,\u00a0<a class=\"aahaf6o\" title=\"H\u0151gradiens tesztel\u0151\" href=\"https:\/\/www.materialstests.com\/hu\/products\/ghs-01-gradient-heat-seal-tester.html\/\">H\u0151gradiens tesztel\u0151<\/a>,\u00a0<a class=\"aahaf6o\" title=\"film h\u0151zsugor\u00edt\u00f3 tesztel\u0151\" href=\"https:\/\/www.materialstests.com\/hu\/shrink-tester.html\/\">film h\u0151zsugor\u00edt\u00f3 tesztel\u0151<\/a>,\u00a0<a class=\"aahaf6o\" title=\"Flex tart\u00f3ss\u00e1gi tesztel\u0151\" href=\"https:\/\/www.materialstests.com\/hu\/flex-durability-tester.html\/\">Flex tart\u00f3ss\u00e1gi tesztel\u0151<\/a>,\u00a0<a class=\"aahaf6o\" title=\"Gradiens h\u0151szigetel\u0151 tesztel\u0151\" href=\"https:\/\/www.materialstests.com\/hu\/gradient-heat-seal-tester.html\/\">Gradiens h\u0151szigetel\u0151 tesztel\u0151<\/a>,\u00a0<a class=\"aahaf6o\" title=\"Peeling Cling Tester\" href=\"https:\/\/www.materialstests.com\/hu\/products\/spc-01-stretch-film-peeling-cling-tester.html\/\">Peeling Cling Tester<\/a>,\u00a0<a class=\"aahaf6o\" title=\"Tart\u00e1si teljes\u00edtm\u00e9ny tesztel\u0151\" href=\"https:\/\/www.materialstests.com\/hu\/holding-power-tester.html\/\">Tart\u00e1si teljes\u00edtm\u00e9ny tesztel\u0151<\/a>,\u00a0<a class=\"aahaf6o\" title=\"porcel\u00e1n h\u0151szigetel\u0151 tesztel\u0151\" href=\"https:\/\/www.materialstests.com\/hu\/productstags\/china-heat-sealing-tester-factory.html\/\">porcel\u00e1n h\u0151szigetel\u0151 tesztel\u0151<\/a>,\u00a0<a class=\"aahaf6o\" title=\"Sz\u00e9nsavtartalom-tesztel\u0151 szolg\u00e1ltat\u00e1sok\" href=\"https:\/\/www.materialstests.com\/hu\/products\/clrt-01-carbon-dioxide-volume-tester.html\/\">Sz\u00e9nsavtartalom-tesztel\u0151 szolg\u00e1ltat\u00e1sok<\/a>,\u00a0<a class=\"aahaf6o\" title=\"Zsugorod\u00e1si teszter szolg\u00e1ltat\u00e1sok\" href=\"https:\/\/www.materialstests.com\/hu\/shrink-tester.html\/\">Zsugorod\u00e1si teszter szolg\u00e1ltat\u00e1sok<\/a>,\u00a0<a class=\"aahaf6o\" title=\"Flex tart\u00f3ss\u00e1gi tesztel\u0151 K\u00edna\" href=\"https:\/\/www.materialstests.com\/hu\/products\/gft-01-flex-durability-tester.html\/\">Flex tart\u00f3ss\u00e1gi tesztel\u0151 K\u00edna<\/a>,\u00a0<a class=\"aahaf6o\" title=\"Flex Durability Tester szolg\u00e1ltat\u00e1sok\" href=\"https:\/\/www.materialstests.com\/hu\/products\/gft-01-flex-durability-tester.html\/\">Flex Durability Tester szolg\u00e1ltat\u00e1sok<\/a>,\u00a0<a class=\"aahaf6o\" title=\"Film Free zsugorod\u00e1si teszter K\u00edna\" href=\"https:\/\/www.materialstests.com\/hu\/shrink-tester.html\/\">Film Free zsugorod\u00e1si teszter K\u00edna<\/a>,\u00a0<a class=\"aahaf6o\" title=\"Gradiens h\u0151szigetel\u0151 tesztel\u0151 K\u00edna\" href=\"https:\/\/www.materialstests.com\/hu\/gradient-heat-seal-tester.html\/\">Gradiens h\u0151szigetel\u0151 tesztel\u0151 K\u00edna<\/a>,\u00a0<a class=\"aahaf6o\" title=\"Gradiens h\u0151szigetel\u0151 tesztel\u0151 szolg\u00e1ltat\u00e1sok\" href=\"https:\/\/www.materialstests.com\/hu\/gradient-heat-seal-tester.html\/\">Gradiens h\u0151szigetel\u0151 tesztel\u0151 szolg\u00e1ltat\u00e1sok<\/a>,\u00a0<a class=\"aahaf6o\" title=\"Peeling Cling Tester K\u00edna\" href=\"https:\/\/www.materialstests.com\/hu\/peeling-cling-tester.html\/\">Peeling Cling Tester K\u00edna<\/a>,\u00a0<a class=\"aahaf6o\" title=\"Peeling Cling Tester szolg\u00e1ltat\u00e1sok\" href=\"https:\/\/www.materialstests.com\/hu\/products\/spc-01-stretch-film-peeling-cling-tester.html\/\">Peeling Cling Tester szolg\u00e1ltat\u00e1sok<\/a>,\u00a0<a class=\"aahaf6o\" title=\"tart\u00e1ly h\u00e1moz\u00e1si tesztel\u0151\" href=\"https:\/\/www.materialstests.com\/hu\/productstags\/container-peeling-tester.html\/\">tart\u00e1ly h\u00e1moz\u00e1si tesztel\u0151<\/a>,\u00a0<a class=\"aahaf6o\" title=\"Kont\u00e9ner tesztel\u0151\" href=\"https:\/\/www.materialstests.com\/hu\/container-tester.html\/\">Kont\u00e9ner tesztel\u0151<\/a><\/p>\t\t\t\t\t\t\t\t<\/div>\n\t\t\t\t\t<\/div>\n\t\t\t\t<\/div>\n\t\t\t\t<\/div>","protected":false},"excerpt":{"rendered":"<p>\u200b Cell Instruments Co., Ltd. Telephone: +86 531 88977152 Cell phone: +86 18560013985 Mail: trade@celtec.cn WhatsApp: +86 18560013985 WeChat: +86 18560013985 Address: No. 5577 Gongyebei Rd, Licheng District, Jinan, 250109, Shandong, China If you would like more information about this product, please feel free to contact us. Recommend other popular products for you:\u00a0 Paper and [&hellip;]<\/p>","protected":false},"author":1,"featured_media":0,"parent":0,"menu_order":0,"comment_status":"closed","ping_status":"closed","template":"","meta":{"_acf_changed":false,"footnotes":""},"class_list":["post-2078","page","type-page","status-publish","hentry"],"acf":[],"_links":{"self":[{"href":"https:\/\/www.materialstests.com\/hu\/wp-json\/wp\/v2\/pages\/2078","targetHints":{"allow":["GET"]}}],"collection":[{"href":"https:\/\/www.materialstests.com\/hu\/wp-json\/wp\/v2\/pages"}],"about":[{"href":"https:\/\/www.materialstests.com\/hu\/wp-json\/wp\/v2\/types\/page"}],"author":[{"embeddable":true,"href":"https:\/\/www.materialstests.com\/hu\/wp-json\/wp\/v2\/users\/1"}],"replies":[{"embeddable":true,"href":"https:\/\/www.materialstests.com\/hu\/wp-json\/wp\/v2\/comments?post=2078"}],"version-history":[{"count":0,"href":"https:\/\/www.materialstests.com\/hu\/wp-json\/wp\/v2\/pages\/2078\/revisions"}],"wp:attachment":[{"href":"https:\/\/www.materialstests.com\/hu\/wp-json\/wp\/v2\/media?parent=2078"}],"curies":[{"name":"wp","href":"https:\/\/api.w.org\/{rel}","templated":true}]}}