{"id":2076,"date":"2026-01-26T05:36:23","date_gmt":"2026-01-26T05:36:23","guid":{"rendered":"https:\/\/www.materialstests.com\/?page_id=2076"},"modified":"2026-01-26T13:07:58","modified_gmt":"2026-01-26T13:07:58","slug":"service-support","status":"publish","type":"page","link":"https:\/\/www.materialstests.com\/hu\/service-support.html","title":{"rendered":"Szerviz t\u00e1mogat\u00e1s"},"content":{"rendered":"<div data-elementor-type=\"wp-page\" data-elementor-id=\"2076\" class=\"elementor elementor-2076\" data-elementor-post-type=\"page\">\n\t\t\t\t<div class=\"elementor-element elementor-element-0644825 e-flex e-con-boxed e-con e-parent\" data-id=\"0644825\" data-element_type=\"container\" data-settings=\"{&quot;background_background&quot;:&quot;classic&quot;}\">\n\t\t\t\t\t<div class=\"e-con-inner\">\n\t\t\t\t<div class=\"elementor-element elementor-element-9b508b5 elementor-widget elementor-widget-heading\" data-id=\"9b508b5\" data-element_type=\"widget\" data-widget_type=\"heading.default\">\n\t\t\t\t\t<div class=\"elementor-heading-title elementor-size-default\"><nav aria-label=\"zsemlemorzsa\" class=\"rank-math-breadcrumb\"><p><a href=\"https:\/\/www.materialstests.com\/hu\/\">Home<\/a><span class=\"separator\"> \u00bb <\/span><span class=\"last\">Home<\/span><\/p><\/nav>\u200b<\/div>\t\t\t\t<\/div>\n\t\t\t\t\t<\/div>\n\t\t\t\t<\/div>\n\t\t<div class=\"elementor-element elementor-element-760817c e-flex e-con-boxed e-con e-parent\" data-id=\"760817c\" data-element_type=\"container\">\n\t\t\t\t\t<div class=\"e-con-inner\">\n\t\t\t\t<div class=\"elementor-element elementor-element-55a348f elementor-widget elementor-widget-text-editor\" data-id=\"55a348f\" data-element_type=\"widget\" data-widget_type=\"text-editor.default\">\n\t\t\t\t\t\t\t\t\t<p><strong>Testreszab\u00e1si politika:<\/strong><\/p><p>Az Cell Instruments Co., Ltd.-n\u00e9l felismerj\u00fck a k\u00fcl\u00f6nb\u00f6z\u0151 ipar\u00e1gakra kiterjed\u0151, v\u00e1ltozatos \u00fcgyf\u00e9lk\u00f6r\u00fcnk elt\u00e9r\u0151 \u00e9s v\u00e1ltoz\u00f3 ig\u00e9nyeit. Elk\u00f6telezetts\u00e9g\u00fcnk, hogy szem\u00e9lyre szabott megold\u00e1sokat k\u00edn\u00e1ljunk egy \u00e1tfog\u00f3 testreszab\u00e1si politika r\u00e9v\u00e9n, biztos\u00edtva, hogy anyagvizsg\u00e1l\u00f3 berendez\u00e9seink megfeleljenek az \u00d6n egyedi \u00e9s egyedi k\u00f6vetelm\u00e9nyeinek. Ak\u00e1r a csomagol\u00e1s, az \u00e9lelmiszeripar, a gy\u00f3gyszeripar, az orvostudom\u00e1ny, az italgy\u00e1rt\u00e1s, a ragaszt\u00e1s, az elektronika vagy b\u00e1rmely m\u00e1s ipar\u00e1g ter\u00fclet\u00e9n tev\u00e9kenykedik, c\u00e9lunk, hogy az \u00d6n pontos specifik\u00e1ci\u00f3ira szabott, \u00e9lvonalbeli anyagvizsg\u00e1lati megold\u00e1sokat ny\u00fajtsunk \u00d6nnek.<\/p><p><strong>Testreszab\u00e1si folyamat:<\/strong><\/p><p>1. Els\u0151 konzult\u00e1ci\u00f3:<\/p><p>- Megbesz\u00e9l\u00e9s \u00e9s \u00f6tletel\u00e9s: Besz\u00e9lgessen szak\u00e9rt\u0151inkkel, hogy eszm\u00e9t cser\u00e9ljenek a vizsg\u00e1lati m\u00f3dszerr\u0151l, a szabv\u00e1nyokr\u00f3l \u00e9s a konkr\u00e9t k\u00f6vetelm\u00e9nyekr\u0151l.<\/p><p>- Anyagi \u00e9rt\u00e9kel\u00e9s: Az anyag t\u00edpus\u00e1nak, jelleg\u00e9nek \u00e9s specifik\u00e1ci\u00f3inak \u00e9rt\u00e9kel\u00e9se annak meg\u00e1llap\u00edt\u00e1sa \u00e9rdek\u00e9ben, hogy a megl\u00e9v\u0151 tesztel\u0151nk m\u00f3dos\u00edt\u00e1sa megfelel-e az \u00d6n vizsg\u00e1lati ig\u00e9nyeinek.<\/p><p>2. Mintafogad\u00e1s \u00e9s m\u00f3dos\u00edt\u00e1s:<\/p><p>- \u00c9rt\u00e9kel\u00e9s: A jelenlegi teszter m\u00f3dos\u00edt\u00e1s\u00e1nak megval\u00f3s\u00edthat\u00f3s\u00e1ga ut\u00e1n mint\u00e1kat kapunk az \u00fcgyfelekt\u0151l.<\/p><p>- M\u0171szaki m\u00f3dos\u00edt\u00e1s: A hardver- \u00e9s szoftverm\u00e9rn\u00f6k\u00f6kb\u0151l \u00e1ll\u00f3, elk\u00f6telezett m\u0171szaki csapatunk gondosan m\u00f3dos\u00edtja a megl\u00e9v\u0151 tesztel\u0151t a megbesz\u00e9lt m\u0171szaki r\u00e9szletek alapj\u00e1n.<\/p><p>*VAGY*<\/p><p>- \u00daj tesztel\u0151 kialak\u00edt\u00e1s: Ha egy kisebb m\u00f3dos\u00edt\u00e1s nem felel meg a tesztel\u00e9si k\u00f6vetelm\u00e9nyeknek, m\u0171szaki csapatunk \u00faj tesztel\u0151t \u00e9s a hozz\u00e1 tartoz\u00f3 programot tervez, \u00edgy biztos\u00edtva \u00e1tfog\u00f3 megold\u00e1st.<\/p><p>3. Teljes\u00edtm\u00e9nyvizsg\u00e1lat:<\/p><p>- Min\u0151s\u00e9gbiztos\u00edt\u00e1s: A m\u00f3dos\u00edtott vagy \u00faj teszter elk\u00e9sz\u00fclte ut\u00e1n alapos vizsg\u00e1latokat v\u00e9gz\u00fcnk a mint\u00e1kon az optim\u00e1lis teljes\u00edtm\u00e9ny biztos\u00edt\u00e1sa \u00e9rdek\u00e9ben.<\/p><p>4. Tesztellen\u0151rz\u00e9s \u00e9s interakci\u00f3:<\/p><p>- Vide\u00f3megoszt\u00e1s tesztel\u00e9se: R\u00e9szletes tesztvide\u00f3t biztos\u00edtunk, amely bemutatja a m\u00f3dos\u00edtott vagy \u00fajonnan tervezett tesztel\u0151t m\u0171k\u00f6d\u00e9s k\u00f6zben.<\/p><p>- \u00c9l\u0151 teszt megh\u00edv\u00f3: Ez\u00e1ltal els\u0151 k\u00e9zb\u0151l szerezhet\u00fcnk tapasztalatot a berendez\u00e9s k\u00e9pess\u00e9geir\u0151l.<\/p><p>5. Visszaigazol\u00e1s \u00e9s felad\u00e1s:<\/p><p>- \u00dcgyf\u00e9l j\u00f3v\u00e1hagy\u00e1sa: A vizsg\u00e1lati eredm\u00e9nyek \u00e1ttekint\u00e9se \u00e9s a berendez\u00e9s teljes\u00edtm\u00e9ny\u00e9nek megtapasztal\u00e1sa ut\u00e1n az \u00fcgyfelek meger\u0151s\u00edtik el\u00e9gedetts\u00e9g\u00fcket.<\/p><p>- V\u00e9gleges\u00edt\u00e9s: A meger\u0151s\u00edt\u00e9st k\u00f6vet\u0151en folytatjuk a testreszabott tesztel\u0151 elk\u00fcld\u00e9s\u00e9t a boldog sz\u00e1ll\u00edt\u00e1si \u00e9lm\u00e9ny \u00e9rdek\u00e9ben.<\/p><p><strong>El\u0151ny\u00f6k a testreszab\u00e1sban<\/strong><\/p><p>1. Sz\u00e9lesk\u00f6r\u0171 ipari tapasztalat:<\/p><p>- Szak\u00e9rtelem az ipar\u00e1gak k\u00f6z\u00f6tt: T\u00f6bb \u00e9ves jelenl\u00e9t\u00fcnknek k\u00f6sz\u00f6nhet\u0151en gazdag tapasztalattal rendelkez\u00fcnk a legk\u00fcl\u00f6nf\u00e9l\u00e9bb ipar\u00e1gakban, bele\u00e9rtve a csomagol\u00e1st, az \u00e9lelmiszeripart, a gy\u00f3gyszeripart, az orvostudom\u00e1nyt, az italipart, a ragaszt\u00e1st, az elektronik\u00e1t \u00e9s m\u00e9g sok m\u00e1s ipar\u00e1gat.<\/p><p>- M\u00e9lyrehat\u00f3 ipar\u00e1gi meg\u00e9rt\u00e9s: Szakembereink alapos ismeretekkel rendelkeznek az ipar\u00e1g-specifikus kih\u00edv\u00e1sokr\u00f3l \u00e9s k\u00f6vetelm\u00e9nyekr\u0151l.<\/p><p>2. Term\u00e9kek sz\u00e9les v\u00e1laszt\u00e9ka:<\/p><p>- \u00c1tfog\u00f3 term\u00e9kportf\u00f3li\u00f3: A k\u00fcl\u00f6nb\u00f6z\u0151 ipar\u00e1gak k\u00fcl\u00f6nb\u00f6z\u0151 vizsg\u00e1lati ig\u00e9nyeinek kiel\u00e9g\u00edt\u00e9s\u00e9re szolg\u00e1l\u00f3 anyagvizsg\u00e1l\u00f3 berendez\u00e9sek sz\u00e9les v\u00e1laszt\u00e9k\u00e1t k\u00edn\u00e1ljuk.<\/p><p>- Sokoldal\u00fa megold\u00e1sok: Sz\u00e9les term\u00e9kv\u00e1laszt\u00e9kunk biztos\u00edtja, hogy a vizsg\u00e1lati alkalmaz\u00e1sok sz\u00e9les sk\u00e1l\u00e1j\u00e1ra tudunk megold\u00e1st ny\u00fajtani.<\/p><p>3. Automatiz\u00e1l\u00e1si szak\u00e9rtelem:<\/p><p>- Automatiz\u00e1l\u00e1si integr\u00e1ci\u00f3: Haszn\u00e1lja ki az automatiz\u00e1l\u00e1sban val\u00f3 j\u00e1rtass\u00e1gunkat a tesztel\u00e9si folyamatok racionaliz\u00e1l\u00e1sa \u00e9s a hat\u00e9konys\u00e1g n\u00f6vel\u00e9se \u00e9rdek\u00e9ben.<\/p><p>- Testre szabott automatiz\u00e1l\u00e1si megold\u00e1sok: Tapasztalatunk lehet\u0151v\u00e9 teszi sz\u00e1munkra, hogy az automatiz\u00e1lt megold\u00e1sokat az egyedi ipar\u00e1gi ig\u00e9nyekhez igaz\u00edtsuk.<\/p><p>4. Gyors reag\u00e1l\u00e1s \u00e9s \u00e1tfut\u00e1si id\u0151:<\/p><p>- Agilis \u00e9s rugalmas csapat: Elk\u00f6telezett csapatunk gyors v\u00e1laszt ad a megkeres\u00e9sekre, biztos\u00edtva a z\u00f6kken\u0151mentes \u00e9s gyors testreszab\u00e1si folyamatot.<\/p><p>- Hat\u00e9kony fordulatsz\u00e1m: Profit\u00e1ljon a szem\u00e9lyre szabott megold\u00e1sok \u00e9sszer\u0171 hat\u00e1rid\u0151n bel\u00fcli sz\u00e1ll\u00edt\u00e1sa ir\u00e1nti elk\u00f6telezetts\u00e9g\u00fcnkb\u0151l.<\/p><p>5. Megfizethet\u0151s\u00e9g:<\/p><p>- K\u00f6lts\u00e9ghat\u00e9kony megold\u00e1sok: A min\u0151s\u00e9g rov\u00e1s\u00e1ra t\u00f6rt\u00e9n\u0151 kompromisszumok n\u00e9lk\u00fcl, megfizethet\u0151 testreszab\u00e1si lehet\u0151s\u00e9geket biztos\u00edtunk.<\/p><p>- \u00c9rt\u00e9k a befektet\u00e9s\u00e9rt: K\u00f6lts\u00e9ghat\u00e9kony megold\u00e1saink kiv\u00e1l\u00f3 \u00e9rt\u00e9ket k\u00edn\u00e1lnak, biztos\u00edtva a befektet\u00e9s pozit\u00edv megt\u00e9r\u00fcl\u00e9s\u00e9t.<\/p><p>6. A vizsg\u00e1lati szabv\u00e1nyok meg\u00e9rt\u00e9se:<\/p><p>- Megfelel\u00e9s a nemzetk\u00f6zi szabv\u00e1nyoknak: ASTM, ISO, GT, YBB, JIS, DIN, IEC \u00e9s egy\u00e9b nemzetk\u00f6zi vizsg\u00e1lati szabv\u00e1nyokban j\u00e1rtasak vagyunk.<\/p><p>- Precizit\u00e1s a tesztel\u00e9sben: A szabv\u00e1nyokhoz val\u00f3 ragaszkod\u00e1sunk biztos\u00edtja a testre szabott tesztel\u00e9si megold\u00e1saink pontoss\u00e1g\u00e1t \u00e9s megb\u00edzhat\u00f3s\u00e1g\u00e1t.<\/p><p>7. J\u00f3 nyelvtud\u00e1s:<\/p><p>- Hat\u00e9kony kommunik\u00e1ci\u00f3: Csapatunk er\u0151s nyelvtud\u00e1ssal rendelkezik, ami megk\u00f6nny\u00edti az egy\u00e9rtelm\u0171 \u00e9s hat\u00e9kony kommunik\u00e1ci\u00f3t a testreszab\u00e1si folyamat sor\u00e1n.<\/p><p><strong>\u00c9rt\u00e9kes\u00edt\u00e9s ut\u00e1ni szolg\u00e1ltat\u00e1si politika<\/strong><\/p><p>Az Cell Instruments Co., Ltd.-n\u00e9l elk\u00f6telezettek vagyunk a kiv\u00e9teles \u00e9rt\u00e9kes\u00edt\u00e9s ut\u00e1ni szolg\u00e1ltat\u00e1s biztos\u00edt\u00e1sa mellett, hogy biztos\u00edtsuk \u00e9rt\u00e9kes \u00fcgyfeleink el\u00e9gedetts\u00e9g\u00e9t \u00e9s siker\u00e9t. \u00c9rt\u00e9kes\u00edt\u00e9s ut\u00e1ni szolg\u00e1ltat\u00e1si politik\u00e1nk felv\u00e1zolja azokat az elveket \u00e9s elj\u00e1r\u00e1sokat, amelyek a term\u00e9k teljes \u00e9letciklusa sor\u00e1n az \u00d6n t\u00e1mogat\u00e1sa ir\u00e1nti elk\u00f6telezetts\u00e9g\u00fcnket vez\u00e9rlik.<\/p><p>1. Garanci\u00e1lis fedezet:<\/p><p>- Minden Cell Instruments term\u00e9khez szabv\u00e1nyos garanciaid\u0151 tartozik, \u00e1ltal\u00e1ban egy \u00e9v. Ez a garancia a gy\u00e1rt\u00e1si hib\u00e1kra vonatkozik, \u00e9s biztos\u00edtja a berendez\u00e9s megfelel\u0151 m\u0171k\u00f6d\u00e9s\u00e9t a megadott id\u0151szak alatt.<\/p><p>2. J\u00f3t\u00e1ll\u00e1si ig\u00e9nyek:<\/p><p>- Garanci\u00e1lis ig\u00e9ny eset\u00e9n az \u00fcgyfeleknek be kell ny\u00fajtaniuk a v\u00e1s\u00e1rl\u00e1st igazol\u00f3 bizonylatot \u00e9s a probl\u00e9ma r\u00e9szletes le\u00edr\u00e1s\u00e1t.<\/p><p>- M\u0171szaki t\u00e1mogat\u00f3 csapatunk \u00e9rt\u00e9keli a reklam\u00e1ci\u00f3t, \u00e9s meghat\u00e1rozza, hogy a probl\u00e9ma a garanci\u00e1lis fedezet al\u00e1 tartozik-e.<\/p><p>- Ha fedezetet ny\u00fajtunk, akkor a hib\u00e1s alkatr\u00e9szeket vagy berendez\u00e9seket azonnal megjav\u00edtjuk vagy kicser\u00e9lj\u00fck.<\/p><p>3. M\u0171szaki t\u00e1mogat\u00e1s:<\/p><p>- Elk\u00f6telezett technikai t\u00e1mogat\u00f3 csapatunk k\u00e9szs\u00e9ggel \u00e1ll rendelkez\u00e9sre, hogy seg\u00edtsen b\u00e1rmilyen k\u00e9rd\u00e9ssel vagy probl\u00e9m\u00e1val kapcsolatban.<\/p><p>- \u00dcgyfeleink a info@celtec.cn c\u00edmen kereszt\u00fcl l\u00e9phetnek kapcsolatba technikai t\u00e1mogat\u00e1sunkkal munkaid\u0151ben.<\/p><p>4. Karbantart\u00e1si \u00e9s kalibr\u00e1l\u00e1si szolg\u00e1ltat\u00e1sok:<\/p><p>- Az optim\u00e1lis teljes\u00edtm\u00e9ny biztos\u00edt\u00e1sa \u00e9rdek\u00e9ben javasoljuk a rendszeres karbantart\u00e1st. \u00dcgyfeleink a karbantart\u00e1si szolg\u00e1ltat\u00e1sokat csapatunkkal \u00fctemezhetik.<\/p><p>- A vizsg\u00e1l\u00f3berendez\u00e9sek pontoss\u00e1g\u00e1nak fenntart\u00e1s\u00e1hoz kalibr\u00e1l\u00e1si szolg\u00e1ltat\u00e1sok \u00e1llnak rendelkez\u00e9sre.<\/p><p>5. P\u00f3talkatr\u00e9szek el\u00e9rhet\u0151s\u00e9ge:<\/p><p>- A gyors cser\u00e9k megk\u00f6nny\u00edt\u00e9se \u00e9s az \u00e1ll\u00e1sid\u0151 minimaliz\u00e1l\u00e1sa \u00e9rdek\u00e9ben p\u00f3talkatr\u00e9sz-k\u00e9szletet tartunk fenn.<\/p><p>- A kompatibilit\u00e1s \u00e9s a teljes\u00edtm\u00e9ny biztos\u00edt\u00e1sa \u00e9rdek\u00e9ben az \u00fcgyfelek k\u00f6zvetlen\u00fcl t\u0151l\u00fcnk v\u00e1s\u00e1rolhatnak eredeti p\u00f3talkatr\u00e9szeket.<\/p><p>6. \u00dcgyf\u00e9lk\u00e9pz\u00e9s:<\/p><p>- \u00dcgyfeleink sz\u00e1m\u00e1ra mindig rendelkez\u00e9sre \u00e1llnak online k\u00e9pz\u00e9sek, hogy maximaliz\u00e1lhass\u00e1k j\u00e1rtass\u00e1gukat a berendez\u00e9seink haszn\u00e1lat\u00e1ban.<\/p><p>- A k\u00e9pz\u00e9s a helysz\u00ednen (a k\u00f6lts\u00e9geket m\u00e9g meg kell besz\u00e9lni.) vagy t\u00e1volr\u00f3l is elv\u00e9gezhet\u0151 az \u00fcgyf\u00e9l preferenci\u00e1i alapj\u00e1n.<\/p><p>7. Vev\u0151i visszajelz\u00e9sek:<\/p><p>- Nagyra \u00e9rt\u00e9kelj\u00fck a v\u00e1s\u00e1rl\u00f3i visszajelz\u00e9seket, mivel ezek seg\u00edtenek term\u00e9keink \u00e9s szolg\u00e1ltat\u00e1saink jav\u00edt\u00e1s\u00e1ban. \u00dcgyfeleinket arra b\u00e1tor\u00edtjuk, hogy visszajelz\u00e9st adjanak a kapcsolatfelv\u00e9teli \u0171rlapunkon kereszt\u00fcl vagy a info@celtec.cn e-mail c\u00edmen. .<\/p><p>8. Kapcsolattart\u00e1si inform\u00e1ci\u00f3k:<\/p><p>Az \u00e9rt\u00e9kes\u00edt\u00e9s ut\u00e1ni szervizk\u00e9rd\u00e9sekkel kapcsolatban k\u00e9rj\u00fck, forduljon \u00fcgyf\u00e9lszolg\u00e1lati csapatunkhoz a info@celtec.cn vagy a +86 18560013985 c\u00edmen.<\/p><p><strong>GYIK<\/strong><\/p><p>K: Mennyi az Cell Instruments term\u00e9kek tipikus sz\u00e1ll\u00edt\u00e1si ideje?<\/p><p>V: A sz\u00e1ll\u00edt\u00e1si id\u0151k a term\u00e9kt\u0151l \u00e9s a testreszab\u00e1si k\u00f6vetelm\u00e9nyekt\u0151l f\u00fcgg\u0151en v\u00e1ltoznak. A standard term\u00e9keket \u00e1ltal\u00e1ban 5 munkanapon bel\u00fcl vagy ann\u00e1l r\u00f6videbb id\u0151n bel\u00fcl sz\u00e1ll\u00edtj\u00e1k.<\/p><p>K: Meggyors\u00edthatom a rendel\u00e9sem kisz\u00e1ll\u00edt\u00e1s\u00e1t?<\/p><p>V: Igen, gyors\u00edtott sz\u00e1ll\u00edt\u00e1si lehet\u0151s\u00e9gek \u00e1llnak rendelkez\u00e9sre. K\u00e9rj\u00fck, vegye fel a kapcsolatot \u00e9rt\u00e9kes\u00edt\u00e9si csapatunkkal, hogy megbesz\u00e9lj\u00fck egyedi ig\u00e9nyeit \u00e9s a sz\u00e1ll\u00edt\u00e1si hat\u00e1rid\u0151ket.<\/p><p>K: Milyen fizet\u00e9si m\u00f3dokat fogad el?<\/p><p>V: \u00c1ltal\u00e1ban banki \u00e1tutal\u00e1ssal fogadjuk el a fizet\u00e9seket.<\/p><p>K: Vannak-e tov\u00e1bbi d\u00edjak bizonyos fizet\u00e9si m\u00f3dok haszn\u00e1lat\u00e1\u00e9rt?<\/p><p>V: Standard fizet\u00e9si m\u00f3dszereink nem j\u00e1rnak tov\u00e1bbi d\u00edjakkal. A banki \u00e1tutal\u00e1sok azonban banki d\u00edjakkal terhelhet\u0151k.<\/p><p>K: Hogyan csomagolj\u00e1k a term\u00e9keket sz\u00e1ll\u00edt\u00e1sra?<\/p><p>V: Term\u00e9keinket biztons\u00e1gosan csomagoljuk a biztons\u00e1gos sz\u00e1ll\u00edt\u00e1s \u00e9rdek\u00e9ben. A berendez\u00e9sek sz\u00e1ll\u00edt\u00e1s k\u00f6zbeni v\u00e9delm\u00e9re \u00fct\u00e9s\u00e1ll\u00f3 csomagol\u00f3anyagokat \u00e9s r\u00e9tegelt lemezkartonokat vagy kartondobozokat haszn\u00e1lunk.<\/p><p>K: Adnak nyomon k\u00f6vet\u00e9si inform\u00e1ci\u00f3kat a sz\u00e1ll\u00edtott megrendel\u00e9sekhez?<\/p><p>V: Igen, amint a megrendel\u00e9s\u00e9t elk\u00fcldt\u00fck, kap egy e-mailt a nyomon k\u00f6vet\u00e9si inform\u00e1ci\u00f3kkal, hogy nyomon k\u00f6vethesse a sz\u00e1ll\u00edt\u00e1s \u00e1llapot\u00e1t.<\/p><p>K: Milyen sz\u00e1ll\u00edt\u00e1si m\u00f3dok \u00e1llnak rendelkez\u00e9sre?<\/p><p>V: A sz\u00e1ll\u00edt\u00e1si m\u00f3d kiv\u00e1laszt\u00e1sa a sz\u00e1ll\u00edt\u00e1s s\u00fcrg\u0151ss\u00e9g\u00e9t\u0151l, a k\u00f6lts\u00e9gvet\u00e9si korl\u00e1tokt\u00f3l, valamint az \u00e1ru m\u00e9ret\u00e9t\u0151l \u00e9s s\u00faly\u00e1t\u00f3l f\u00fcgg\u0151en v\u00e1ltozhat. Mindig szorosan egy\u00fcttm\u0171k\u00f6d\u00fcnk a logisztikai szak\u00e9rt\u0151kkel, hogy optimaliz\u00e1ljuk a sz\u00e1ll\u00edt\u00e1st \u00e9rt\u00e9kes \u00fcgyfeleink sz\u00e1m\u00e1ra.<\/p><p>A leggyakrabban haszn\u00e1lt sz\u00e1ll\u00edt\u00e1si m\u00f3dok a k\u00f6vetkez\u0151k:<\/p><p>1. Fut\u00e1rszolg\u00e1latok (pl. DHL, FedEx, UPS, SF Express):<\/p><p>Le\u00edr\u00e1s: H\u00e1zhoz men\u0151 szolg\u00e1ltat\u00e1sokat ny\u00fajt\u00f3 mag\u00e1n fut\u00e1rszolg\u00e1latok.<\/p><p>Sz\u00e1ll\u00edt\u00e1si id\u0151: Gyors sz\u00e1ll\u00edt\u00e1si id\u0151, hasonl\u00f3an az expressz sz\u00e1ll\u00edt\u00e1shoz.<\/p><p>Alkalmas: Kis- \u00e9s k\u00f6zepes m\u00e9ret\u0171 csomagok (60 kg-n\u00e1l kisebb GW), amelyekn\u00e9l a megb\u00edzhat\u00f3s\u00e1g \u00e9s a gyorsas\u00e1g \u00e1ll a k\u00f6z\u00e9ppontban.<\/p><p>2. L\u00e9gi sz\u00e1ll\u00edtm\u00e1nyoz\u00e1s:<\/p><p>Le\u00edr\u00e1s: L\u00e9gi sz\u00e1ll\u00edt\u00e1s a tengeri sz\u00e1ll\u00edt\u00e1shoz k\u00e9pest gyorsabb sz\u00e1ll\u00edt\u00e1s \u00e9rdek\u00e9ben.<\/p><p>Sz\u00e1ll\u00edt\u00e1si id\u0151: Gyorsabb, mint a tengeri sz\u00e1ll\u00edt\u00e1s, de \u00e1ltal\u00e1ban lassabb, mint az expressz sz\u00e1ll\u00edt\u00e1s.<\/p><p>Alkalmas: Id\u0151\u00e9rz\u00e9keny k\u00fcldem\u00e9nyek, m\u00e9rs\u00e9kelt k\u00f6lts\u00e9gvet\u00e9ssel \u00e9s t\u00f6meggel. (GW t\u00f6bb mint 45 kg).<\/p><p>3. Tengeri sz\u00e1ll\u00edtm\u00e1nyoz\u00e1s:<\/p><p>Le\u00edr\u00e1s: K\u00f6lts\u00e9ghat\u00e9kony nagy \u00e9s neh\u00e9z sz\u00e1ll\u00edtm\u00e1nyok eset\u00e9n.<\/p><p>Sz\u00e1ll\u00edt\u00e1si id\u0151: Hosszabb sz\u00e1ll\u00edt\u00e1si id\u0151 a l\u00e9gi sz\u00e1ll\u00edt\u00e1shoz k\u00e9pest.<\/p><p>Alkalmas: A k\u00f6lts\u00e9gmegtakar\u00edt\u00e1sra \u00e9s a rugalmas sz\u00e1ll\u00edt\u00e1si hat\u00e1rid\u0151re \u00f6sszpontos\u00edt\u00f3 nagy sz\u00e1ll\u00edtm\u00e1nyok.<\/p><p>4. Vas\u00fati \u00e1rufuvaroz\u00e1s:<\/p><p>Le\u00edr\u00e1s: Sz\u00e1razf\u00f6ldi vas\u00fati sz\u00e1ll\u00edt\u00e1s, amelyet gyakran interkontinent\u00e1lis sz\u00e1ll\u00edt\u00e1sra haszn\u00e1lnak, K\u00f6z\u00e9p-\u00c1zsi\u00e1ba vagy eur\u00f3pai vev\u0151kh\u00f6z.<\/p><p>Sz\u00e1ll\u00edt\u00e1si id\u0151: \u00c1ltal\u00e1ban gyorsabb, mint a tengeri sz\u00e1ll\u00edt\u00e1s, de lassabb, mint a l\u00e9gi sz\u00e1ll\u00edt\u00e1s.<\/p><p>Alkalmas: Vas\u00faton el\u00e9rhet\u0151 c\u00e9l\u00e1llom\u00e1sokkal rendelkez\u0151 nagy sz\u00e1ll\u00edtm\u00e1nyok.<\/p><p>5. Intermod\u00e1lis sz\u00e1ll\u00edt\u00e1s:<\/p><p>Le\u00edr\u00e1s: T\u00f6bb sz\u00e1ll\u00edt\u00e1si m\u00f3d kombin\u00e1ci\u00f3ja (pl. tengeri \u00e9s vas\u00fati, teheraut\u00f3 \u00e9s l\u00e9gi).<\/p><p>Sz\u00e1ll\u00edt\u00e1si id\u0151: A v\u00e1lasztott m\u00f3dok kombin\u00e1ci\u00f3j\u00e1t\u00f3l f\u00fcgg\u0151en v\u00e1ltoz\u00f3.<\/p><p>Alkalmas: Komplex logisztikai forgat\u00f3k\u00f6nyvek, vegyes sz\u00e1ll\u00edt\u00e1si ig\u00e9nyekkel.<\/p>\t\t\t\t\t\t\t\t<\/div>\n\t\t\t\t\t<\/div>\n\t\t\t\t<\/div>\n\t\t\t\t<\/div>","protected":false},"excerpt":{"rendered":"<p>\u200b Customization Policy: At Cell Instruments Co., Ltd., we recognize the distinct and evolving needs of our diverse clientele spanning various industries. Our commitment is to offer personalized solutions through a comprehensive customization policy, ensuring that our material test equipment meets your specific and unique requirements. Whether your focus lies in packaging, food, pharmaceuticals, medical, [&hellip;]<\/p>","protected":false},"author":1,"featured_media":0,"parent":0,"menu_order":0,"comment_status":"closed","ping_status":"closed","template":"","meta":{"_acf_changed":false,"footnotes":""},"class_list":["post-2076","page","type-page","status-publish","hentry"],"acf":[],"_links":{"self":[{"href":"https:\/\/www.materialstests.com\/hu\/wp-json\/wp\/v2\/pages\/2076","targetHints":{"allow":["GET"]}}],"collection":[{"href":"https:\/\/www.materialstests.com\/hu\/wp-json\/wp\/v2\/pages"}],"about":[{"href":"https:\/\/www.materialstests.com\/hu\/wp-json\/wp\/v2\/types\/page"}],"author":[{"embeddable":true,"href":"https:\/\/www.materialstests.com\/hu\/wp-json\/wp\/v2\/users\/1"}],"replies":[{"embeddable":true,"href":"https:\/\/www.materialstests.com\/hu\/wp-json\/wp\/v2\/comments?post=2076"}],"version-history":[{"count":0,"href":"https:\/\/www.materialstests.com\/hu\/wp-json\/wp\/v2\/pages\/2076\/revisions"}],"wp:attachment":[{"href":"https:\/\/www.materialstests.com\/hu\/wp-json\/wp\/v2\/media?parent=2076"}],"curies":[{"name":"wp","href":"https:\/\/api.w.org\/{rel}","templated":true}]}}