{"id":2020,"date":"2026-01-26T03:32:25","date_gmt":"2026-01-26T03:32:25","guid":{"rendered":"https:\/\/www.materialstests.com\/?page_id=2020"},"modified":"2026-01-26T13:06:21","modified_gmt":"2026-01-26T13:06:21","slug":"about-us","status":"publish","type":"page","link":"https:\/\/www.materialstests.com\/hu\/about-us.html","title":{"rendered":"R\u00f3lunk"},"content":{"rendered":"<div data-elementor-type=\"wp-page\" data-elementor-id=\"2020\" class=\"elementor elementor-2020\" data-elementor-post-type=\"page\">\n\t\t\t\t<div class=\"elementor-element elementor-element-c1e7c03 e-flex e-con-boxed e-con e-parent\" data-id=\"c1e7c03\" data-element_type=\"container\" data-settings=\"{&quot;background_background&quot;:&quot;classic&quot;}\">\n\t\t\t\t\t<div class=\"e-con-inner\">\n\t\t\t\t<div class=\"elementor-element elementor-element-8fd22e0 elementor-widget elementor-widget-heading\" data-id=\"8fd22e0\" data-element_type=\"widget\" data-widget_type=\"heading.default\">\n\t\t\t\t\t<div class=\"elementor-heading-title elementor-size-default\"><nav aria-label=\"zsemlemorzsa\" class=\"rank-math-breadcrumb\"><p><a href=\"https:\/\/www.materialstests.com\/hu\/\">Home<\/a><span class=\"separator\"> \u00bb <\/span><span class=\"last\">Home<\/span><\/p><\/nav>\u200b<\/div>\t\t\t\t<\/div>\n\t\t\t\t\t<\/div>\n\t\t\t\t<\/div>\n\t\t<div class=\"elementor-element elementor-element-f608734 e-flex e-con-boxed e-con e-parent\" data-id=\"f608734\" data-element_type=\"container\">\n\t\t\t\t\t<div class=\"e-con-inner\">\n\t\t\t\t<div class=\"elementor-element elementor-element-58cb6ea elementor-widget elementor-widget-text-editor\" data-id=\"58cb6ea\" data-element_type=\"widget\" data-widget_type=\"text-editor.default\">\n\t\t\t\t\t\t\t\t\t<p>2014-es hivatalos alap\u00edt\u00e1sa \u00f3ta az Cell Instruments gyorsan felemelkedett a term\u00e9kfejleszt\u00e9s \u00e9s az innov\u00e1ci\u00f3 ter\u00e9n, ami jelent\u0151s fejezetet jelent dinamikus t\u00f6rt\u00e9net\u00e9ben. A kiv\u00e1l\u00f3s\u00e1g ir\u00e1nti elk\u00f6telezetts\u00e9g\u00fcnk m\u00e9rf\u00f6ldk\u00f6vek el\u00e9r\u00e9s\u00e9re k\u00e9sztetett minket az anyagvizsg\u00e1l\u00f3 berendez\u00e9sek ter\u00fclet\u00e9n, \u00e1tfog\u00f3 vonalakkal b\u00fcszk\u00e9lkedve, amelyek magukban foglalj\u00e1k a csomagol\u00f3anyagok vizsg\u00e1lat\u00e1t, az orvosi anyagok vizsg\u00e1lat\u00e1t, az \u00e9lelmiszer-vizsg\u00e1latot, a gy\u00f3gyszeripari vizsg\u00e1latot, a ragaszt\u00e1svizsg\u00e1latot, a pap\u00edr \u00e9s karton vizsg\u00e1lat\u00e1t, s\u0151t az ig\u00e9ny szerinti testreszab\u00e1st is. Ezek az \u00e9lvonalbeli megold\u00e1sok sokoldal\u00faan alkalmazhat\u00f3k a legk\u00fcl\u00f6nb\u00f6z\u0151bb ipar\u00e1gakban, bele\u00e9rtve a csomagol\u00e1si, \u00e9lelmiszeripari, gy\u00f3gyszeripari, orvosi, kozmetikai, italipari, egyetemi, ellen\u0151rz\u00e9si, ragaszt\u00e1si \u00e9s textilipari \u00e1gazatokat.<\/p>\t\t\t\t\t\t\t\t<\/div>\n\t\t\t\t<div class=\"elementor-element elementor-element-c7d07e9 elementor-widget elementor-widget-image\" data-id=\"c7d07e9\" data-element_type=\"widget\" data-widget_type=\"image.default\">\n\t\t\t\t\t\t\t\t\t\t\t\t\t\t\t<img fetchpriority=\"high\" decoding=\"async\" width=\"800\" height=\"400\" src=\"https:\/\/www.materialstests.com\/wp-content\/uploads\/2026\/01\/bc800e5326c92bfcd7f943355926093a.jpg\" class=\"attachment-large size-large wp-image-2238\" alt=\"Sziv\u00e1rg\u00e1svizsg\u00e1l\u00f3 berendez\u00e9sek gy\u00e1rt\u00f3ja - R\u00f3lunk\" srcset=\"https:\/\/www.materialstests.com\/wp-content\/uploads\/2026\/01\/bc800e5326c92bfcd7f943355926093a.jpg 800w, https:\/\/www.materialstests.com\/wp-content\/uploads\/2026\/01\/bc800e5326c92bfcd7f943355926093a-300x150.jpg 300w, https:\/\/www.materialstests.com\/wp-content\/uploads\/2026\/01\/bc800e5326c92bfcd7f943355926093a-768x384.jpg 768w, https:\/\/www.materialstests.com\/wp-content\/uploads\/2026\/01\/bc800e5326c92bfcd7f943355926093a-18x9.jpg 18w\" sizes=\"(max-width: 800px) 100vw, 800px\" \/>\t\t\t\t\t\t\t\t\t\t\t\t\t\t\t<\/div>\n\t\t\t\t<div class=\"elementor-element elementor-element-127095f elementor-widget elementor-widget-text-editor\" data-id=\"127095f\" data-element_type=\"widget\" data-widget_type=\"text-editor.default\">\n\t\t\t\t\t\t\t\t\t<p>Glob\u00e1lis jelenl\u00e9t\u00fcnk nagym\u00e9rt\u00e9kben kib\u0151v\u00fclt, \u00e9s t\u00f6bb mint 70 orsz\u00e1got \u00e9s r\u00e9gi\u00f3t \u00e9r el \u00e9s befoly\u00e1sol. Az Cell Instruments-n\u00e9l a k\u00fcldet\u00e9s\u00fcnk t\u00falmutat a puszta tesztmegold\u00e1sok biztos\u00edt\u00e1s\u00e1n; az \u00fcgyfelek min\u0151s\u00e9gellen\u0151rz\u00e9s\u00e9nek, valamint a kutat\u00e1s-fejleszt\u00e9snek a form\u00e1l\u00e1sa k\u00f6r\u00fcl forog. K\u00fcldet\u00e9s\u00fcnk, hogy e folyamatok szerves \u2018sejt\u2019-egys\u00e9gek\u00e9nt ismerjenek el minket, versenyk\u00e9pes \u00e9s megb\u00edzhat\u00f3 megold\u00e1sokat k\u00edn\u00e1lva a felhaszn\u00e1l\u00f3knak vil\u00e1gszerte.<\/p><p>Az ipar\u00e1g \u00fatt\u00f6r\u0151jek\u00e9nt az Cell Instruments tov\u00e1bbra is egy m\u00e9rn\u00f6kk\u00f6zpont\u00fa szervezet, amely rend\u00edthetetlen\u00fcl elk\u00f6telezett a szabv\u00e1nyok ir\u00e1nt. A kiv\u00e1l\u00f3s\u00e1got el\u0151t\u00e9rbe helyezve, akt\u00edvan fejlesztett\u00fcnk ki olyan m\u0171szer-modelleket, amelyek megfelelnek \u00fcgyfeleink egyedi ig\u00e9nyeinek, mik\u00f6zben biztos\u00edtjuk az ipari szabv\u00e1nyoknak val\u00f3 megfelel\u00e9st. Ezek a m\u0171szerek felbecs\u00fclhetetlen \u00e9rt\u00e9k\u0171 probl\u00e9mamegold\u00f3 eszk\u00f6zk\u00e9nt szolg\u00e1lnak, \u00e9s z\u00f6kken\u0151mentesen integr\u00e1lhat\u00f3k az \u00fcgyfelek laborat\u00f3riumaiba, a kutat\u00e1si \u00e9s fejleszt\u00e9si k\u00f6zpontokba, a gy\u00e1rt\u00f3\u00fczemekbe, az el\u0151ad\u00f3termekbe \u00e9s azon k\u00edv\u00fcl is. M\u0171szaki h\u00e1tter\u00fcnk biztos\u00edtja \u00fcgyfeleink term\u00e9keinek min\u0151s\u00e9g\u00e9t, lehet\u0151v\u00e9 t\u00e9ve sz\u00e1mukra, hogy magabiztosan mozogjanak a nemzetk\u00f6zi piacon.<\/p>\t\t\t\t\t\t\t\t<\/div>\n\t\t\t\t<div class=\"elementor-element elementor-element-a0311d4 elementor-widget elementor-widget-image\" data-id=\"a0311d4\" data-element_type=\"widget\" data-widget_type=\"image.default\">\n\t\t\t\t\t\t\t\t\t\t\t\t\t\t\t<img decoding=\"async\" width=\"800\" height=\"400\" src=\"https:\/\/www.materialstests.com\/wp-content\/uploads\/2026\/01\/6f6c3ee6a57f3b5a064c916fc412fc69.jpg\" class=\"attachment-large size-large wp-image-2239\" alt=\"Sziv\u00e1rg\u00e1svizsg\u00e1l\u00f3 berendez\u00e9sek gy\u00e1rt\u00f3ja - R\u00f3lunk\" srcset=\"https:\/\/www.materialstests.com\/wp-content\/uploads\/2026\/01\/6f6c3ee6a57f3b5a064c916fc412fc69.jpg 800w, https:\/\/www.materialstests.com\/wp-content\/uploads\/2026\/01\/6f6c3ee6a57f3b5a064c916fc412fc69-300x150.jpg 300w, https:\/\/www.materialstests.com\/wp-content\/uploads\/2026\/01\/6f6c3ee6a57f3b5a064c916fc412fc69-768x384.jpg 768w, https:\/\/www.materialstests.com\/wp-content\/uploads\/2026\/01\/6f6c3ee6a57f3b5a064c916fc412fc69-18x9.jpg 18w\" sizes=\"(max-width: 800px) 100vw, 800px\" \/>\t\t\t\t\t\t\t\t\t\t\t\t\t\t\t<\/div>\n\t\t\t\t<div class=\"elementor-element elementor-element-5673870 elementor-widget elementor-widget-text-editor\" data-id=\"5673870\" data-element_type=\"widget\" data-widget_type=\"text-editor.default\">\n\t\t\t\t\t\t\t\t\t<p>Az Cell Instruments nemcsak a legkorszer\u0171bb vizsg\u00e1l\u00f3berendez\u00e9sek gy\u00e1rt\u00f3jak\u00e9nt, hanem a v\u00e1llalkoz\u00e1sok siker\u00e9nek strat\u00e9giai partnerek\u00e9nt is poz\u00edcion\u00e1lta mag\u00e1t vil\u00e1gszerte. Elk\u00f6telezett, sokr\u00e9t\u0171 szak\u00e9rtelemmel felv\u00e9rtezett csapatunk f\u00e1radhatatlanul egy\u00fcttm\u0171k\u00f6dik annak \u00e9rdek\u00e9ben, hogy \u00fcgyfeleink ne csak term\u00e9keket, hanem \u00e1tfog\u00f3 megold\u00e1sokat kapjanak, amelyek n\u00f6velik hat\u00e9konys\u00e1gukat, term\u00e9kmin\u0151s\u00e9g\u00fcket \u00e9s \u00e1ltal\u00e1nos versenyk\u00e9pess\u00e9g\u00fcket.<\/p><p>Az \u00c9szak-K\u00edna egyik legfontosabb ipari k\u00f6zpontj\u00e1ban, Jinan v\u00e1ros\u00e1ban tal\u00e1lhat\u00f3 k\u00f6zpontunk m\u0171k\u00f6d\u00e9s\u00fcnk k\u00f6zpontja, amely a kutat\u00e1s, a fejleszt\u00e9s \u00e9s az \u00fcgyf\u00e9lk\u00f6zpont\u00fa kezdem\u00e9nyez\u00e9sek k\u00f6zpontja.<\/p><p>Siker\u00fcnk t\u00falmutat a hat\u00e1rokon, mivel akt\u00edvan r\u00e9szt vesz\u00fcnk a nemzetk\u00f6zi kereskedelemben, \u00e9s sz\u00e1mos orsz\u00e1gba export\u00e1ljuk \u00e9lvonalbeli megold\u00e1sainkat. Ez a glob\u00e1lis kiterjed\u00e9s az egy\u00fcttm\u0171k\u00f6d\u00e9s el\u0151mozd\u00edt\u00e1s\u00e1ra \u00e9s az innov\u00e1ci\u00f3 glob\u00e1lis szint\u0171 megoszt\u00e1s\u00e1ra ir\u00e1nyul\u00f3 elk\u00e9pzel\u00e9s\u00fcnk bizony\u00edt\u00e9ka.<\/p><p>Mik\u00f6zben folytatjuk a kiv\u00e1l\u00f3s\u00e1g fel\u00e9 vezet\u0151 utunkat, megh\u00edvjuk \u00d6nt, hogy csatlakozzon hozz\u00e1nk a min\u0151s\u00e9gellen\u0151rz\u00e9s, valamint a kutat\u00e1s \u00e9s fejleszt\u00e9s j\u00f6v\u0151j\u00e9nek glob\u00e1lis szint\u0171 alak\u00edt\u00e1s\u00e1ban.<\/p><p>Ha tov\u00e1bbi inform\u00e1ci\u00f3kat szeretne err\u0151l a term\u00e9kr\u0151l, k\u00e9rj\u00fck, forduljon hozz\u00e1nk bizalommal. Aj\u00e1nljuk \u00d6nnek m\u00e1s n\u00e9pszer\u0171 term\u00e9keket:\u00a0<a class=\"aahaf6o\" title=\"Pap\u00edr \u00e9s karton vastags\u00e1gm\u00e9r\u0151\" href=\"https:\/\/www.materialstests.com\/hu\/paper-board-tester.html\/\">Pap\u00edr \u00e9s karton vastags\u00e1gm\u00e9r\u0151<\/a>,\u00a0<a class=\"aahaf6o\" title=\"Brutt\u00f3 sziv\u00e1rg\u00e1svizsg\u00e1l\u00f3 berendez\u00e9s\" href=\"https:\/\/www.materialstests.com\/hu\/gross-leak-tester.html\/\">Brutt\u00f3 sziv\u00e1rg\u00e1svizsg\u00e1l\u00f3 berendez\u00e9s<\/a>,\u00a0<a class=\"aahaf6o\" title=\" Brutt\u00f3 sziv\u00e1rg\u00e1svizsg\u00e1l\u00f3 berendez\u00e9s vizsg\u00e1lata\" href=\"https:\/\/www.materialstests.com\/hu\/gross-leak-tester.html\/\">Brutt\u00f3 sziv\u00e1rg\u00e1svizsg\u00e1l\u00f3 berendez\u00e9s vizsg\u00e1lata<\/a>,\u00a0<a class=\"aahaf6o\" title=\"Brutt\u00f3 sziv\u00e1rg\u00e1svizsg\u00e1l\u00f3 berendez\u00e9s vizsg\u00e1lata\" href=\"https:\/\/www.materialstests.com\/hu\/gross-leak-tester.html\/\">Brutt\u00f3 sziv\u00e1rg\u00e1svizsg\u00e1l\u00f3 berendez\u00e9s vizsg\u00e1lata<\/a>,\u00a0<a class=\"aahaf6o\" title=\"Gradiens h\u0151szigetel\u0151 tesztel\u0151 gy\u00e1rt\u00f3\" href=\"https:\/\/www.materialstests.com\/hu\/products\/ghs-01-gradient-heat-seal-tester.html\/\">Gradiens h\u0151szigetel\u0151 tesztel\u0151 gy\u00e1rt\u00f3<\/a>,\u00a0<a class=\"aahaf6o\" title=\"Laborat\u00f3riumi Hot Tack tesztel\u0151\" href=\"https:\/\/www.materialstests.com\/hu\/products\/htt-02-hot-tack-tester.html\/\">Laborat\u00f3riumi Hot Tack tesztel\u0151<\/a>,\u00a0<a class=\"aahaf6o\" title=\"H\u0151gradiens tesztel\u0151\" href=\"https:\/\/www.materialstests.com\/hu\/products\/ghs-01-gradient-heat-seal-tester.html\/\">H\u0151gradiens tesztel\u0151<\/a>,\u00a0<a class=\"aahaf6o\" title=\"filmmentes zsugorod\u00e1si tesztel\u0151\" href=\"https:\/\/www.materialstests.com\/hu\/shrink-tester.html\/\">filmmentes zsugorod\u00e1si tesztel\u0151<\/a>,\u00a0<a class=\"aahaf6o\" title=\"film h\u0151zsugor\u00edt\u00f3 tesztel\u0151\" href=\"https:\/\/www.materialstests.com\/hu\/shrink-tester.html\/\">film h\u0151zsugor\u00edt\u00f3 tesztel\u0151<\/a>,\u00a0<a class=\"aahaf6o\" title=\"Flex tart\u00f3ss\u00e1gi tesztel\u0151\" href=\"https:\/\/www.materialstests.com\/hu\/flex-durability-tester.html\/\">Flex tart\u00f3ss\u00e1gi tesztel\u0151<\/a>,\u00a0<a class=\"aahaf6o\" title=\"Gradiens h\u0151szigetel\u0151 tesztel\u0151\" href=\"https:\/\/www.materialstests.com\/hu\/gradient-heat-seal-tester.html\/\">Gradiens h\u0151szigetel\u0151 tesztel\u0151<\/a>,\u00a0<a class=\"aahaf6o\" title=\"Peeling Cling Tester\" href=\"https:\/\/www.materialstests.com\/hu\/products\/spc-01-stretch-film-peeling-cling-tester.html\/\">Peeling Cling Tester<\/a>,\u00a0<a class=\"aahaf6o\" title=\"Tart\u00e1si teljes\u00edtm\u00e9ny tesztel\u0151\" href=\"https:\/\/www.materialstests.com\/hu\/holding-power-tester.html\/\">Tart\u00e1si teljes\u00edtm\u00e9ny tesztel\u0151<\/a>,\u00a0<a class=\"aahaf6o\" title=\"Laborat\u00f3riumi h\u0151szigetel\u0151 tesztel\u0151\" href=\"https:\/\/www.materialstests.com\/hu\/products\/hst-01-heat-seal-tester.html\/\">Laborat\u00f3riumi h\u0151szigetel\u0151 tesztel\u0151<\/a>,\u00a0<a class=\"aahaf6o\" title=\"tart\u00e1ly h\u00e1moz\u00e1si tesztel\u0151\" href=\"https:\/\/www.materialstests.com\/hu\/productstags\/container-peeling-tester.html\/\">tart\u00e1ly h\u00e1moz\u00e1si tesztel\u0151<\/a>,\u00a0<a class=\"aahaf6o\" title=\"porcel\u00e1n h\u0151szigetel\u0151 tesztel\u0151 besz\u00e1ll\u00edt\u00f3k\" href=\"https:\/\/www.materialstests.com\/hu\/heat-seal-tester.html\/\">porcel\u00e1n h\u0151szigetel\u0151 tesztel\u0151 besz\u00e1ll\u00edt\u00f3k<\/a>,\u00a0<a class=\"aahaf6o\" title=\"porcel\u00e1n h\u0151szigetel\u0151 tesztel\u0151\" href=\"https:\/\/www.materialstests.com\/hu\/productstags\/china-heat-sealing-tester-factory.html\/\">porcel\u00e1n h\u0151szigetel\u0151 tesztel\u0151<\/a>,\u00a0<a class=\"aahaf6o\" title=\"h\u0151szigetel\u0151 tesztel\u0151 gy\u00e1rak\" href=\"https:\/\/www.materialstests.com\/hu\/productstags\/heat-sealing-tester-factories.html\/\">h\u0151szigetel\u0151 tesztel\u0151 gy\u00e1rak<\/a>,\u00a0<a class=\"aahaf6o\" title=\"h\u0151szigetel\u0151 tesztel\u0151 gy\u00e1rak\" href=\"https:\/\/www.materialstests.com\/hu\/productstags\/heat-sealing-tester-factories.html\/\">h\u0151szigetel\u0151 tesztel\u0151 gy\u00e1rak<\/a>,\u00a0<a class=\"aahaf6o\" title=\"Sz\u00e9nsavtartalom teszter sz\u00e1ll\u00edt\u00f3\" href=\"https:\/\/www.materialstests.com\/hu\/products\/clrt-01-carbon-dioxide-volume-tester.html\/\">Sz\u00e9nsavtartalom teszter sz\u00e1ll\u00edt\u00f3<\/a>,\u00a0<a class=\"aahaf6o\" title=\"Sz\u00e9nsavtartalom-tesztel\u0151 szolg\u00e1ltat\u00e1sok\" href=\"https:\/\/www.materialstests.com\/hu\/products\/clrt-01-carbon-dioxide-volume-tester.html\/\">Sz\u00e9nsavtartalom-tesztel\u0151 szolg\u00e1ltat\u00e1sok<\/a>,\u00a0<a class=\"aahaf6o\" title=\"Zsugorod\u00e1si teszter szolg\u00e1ltat\u00e1sok\" href=\"https:\/\/www.materialstests.com\/hu\/shrink-tester.html\/\">Zsugorod\u00e1si teszter szolg\u00e1ltat\u00e1sok<\/a>,\u00a0<a class=\"aahaf6o\" title=\"Ball Tack Tester sz\u00e1ll\u00edt\u00f3\" href=\"https:\/\/www.materialstests.com\/hu\/products\/btt-01-ball-tack-tester.html\/\">Ball Tack Tester sz\u00e1ll\u00edt\u00f3<\/a>,\u00a0<a class=\"aahaf6o\" title=\"Ball Tack Tester export\" href=\"https:\/\/www.materialstests.com\/hu\/products\/btt-01-ball-tack-tester.html\/\">Ball Tack Tester export<\/a>,\u00a0<a class=\"aahaf6o\" title=\"Flex tart\u00f3ss\u00e1gi tesztel\u0151 gy\u00e1rt\u00f3ja\" href=\"https:\/\/www.materialstests.com\/hu\/flex-durability-tester.html\/\">Flex tart\u00f3ss\u00e1gi tesztel\u0151 gy\u00e1rt\u00f3ja<\/a>,\u00a0<a class=\"aahaf6o\" title=\"Flex tart\u00f3ss\u00e1gi tesztel\u0151 sz\u00e1ll\u00edt\u00f3\" href=\"https:\/\/www.materialstests.com\/hu\/flex-durability-tester.html\/\">Flex tart\u00f3ss\u00e1gi tesztel\u0151 sz\u00e1ll\u00edt\u00f3<\/a>,\u00a0<a class=\"aahaf6o\" title=\"Flex tart\u00f3ss\u00e1gi tesztel\u0151 export\" href=\"https:\/\/www.materialstests.com\/hu\/flex-durability-tester.html\/\">Flex tart\u00f3ss\u00e1gi tesztel\u0151 export<\/a>,\u00a0<a class=\"aahaf6o\" title=\"Flex tart\u00f3ss\u00e1gi tesztel\u0151 K\u00edna\" href=\"https:\/\/www.materialstests.com\/hu\/products\/gft-01-flex-durability-tester.html\/\">Flex tart\u00f3ss\u00e1gi tesztel\u0151 K\u00edna<\/a>,\u00a0<a class=\"aahaf6o\" title=\"Flex Durability Tester szolg\u00e1ltat\u00e1sok\" href=\"https:\/\/www.materialstests.com\/hu\/products\/gft-01-flex-durability-tester.html\/\">Flex Durability Tester szolg\u00e1ltat\u00e1sok<\/a><\/p>\t\t\t\t\t\t\t\t<\/div>\n\t\t\t\t\t<\/div>\n\t\t\t\t<\/div>\n\t\t\t\t<\/div>","protected":false},"excerpt":{"rendered":"<p>\u200b Since its official establishment in 2014, Cell Instruments has rapidly ascended in product development and innovation, marking a significant chapter in its dynamic history. Our commitment to excellence has propelled us to achieve milestones in the field of material test equipment, boasting comprehensive lines that encompass Packaging Material Testing, Medical Material Testing, Food Testing, [&hellip;]<\/p>","protected":false},"author":1,"featured_media":0,"parent":0,"menu_order":0,"comment_status":"closed","ping_status":"closed","template":"","meta":{"_acf_changed":false,"footnotes":""},"class_list":["post-2020","page","type-page","status-publish","hentry"],"acf":[],"_links":{"self":[{"href":"https:\/\/www.materialstests.com\/hu\/wp-json\/wp\/v2\/pages\/2020","targetHints":{"allow":["GET"]}}],"collection":[{"href":"https:\/\/www.materialstests.com\/hu\/wp-json\/wp\/v2\/pages"}],"about":[{"href":"https:\/\/www.materialstests.com\/hu\/wp-json\/wp\/v2\/types\/page"}],"author":[{"embeddable":true,"href":"https:\/\/www.materialstests.com\/hu\/wp-json\/wp\/v2\/users\/1"}],"replies":[{"embeddable":true,"href":"https:\/\/www.materialstests.com\/hu\/wp-json\/wp\/v2\/comments?post=2020"}],"version-history":[{"count":0,"href":"https:\/\/www.materialstests.com\/hu\/wp-json\/wp\/v2\/pages\/2020\/revisions"}],"wp:attachment":[{"href":"https:\/\/www.materialstests.com\/hu\/wp-json\/wp\/v2\/media?parent=2020"}],"curies":[{"name":"wp","href":"https:\/\/api.w.org\/{rel}","templated":true}]}}