{"id":2076,"date":"2026-01-26T05:36:23","date_gmt":"2026-01-26T05:36:23","guid":{"rendered":"https:\/\/www.materialstests.com\/?page_id=2076"},"modified":"2026-01-26T13:07:58","modified_gmt":"2026-01-26T13:07:58","slug":"service-support","status":"publish","type":"page","link":"https:\/\/www.materialstests.com\/fr\/service-support.html","title":{"rendered":"Soutien aux services"},"content":{"rendered":"<div data-elementor-type=\"wp-page\" data-elementor-id=\"2076\" class=\"elementor elementor-2076\" data-elementor-post-type=\"page\">\n\t\t\t\t<div class=\"elementor-element elementor-element-0644825 e-flex e-con-boxed e-con e-parent\" data-id=\"0644825\" data-element_type=\"container\" data-settings=\"{&quot;background_background&quot;:&quot;classic&quot;}\">\n\t\t\t\t\t<div class=\"e-con-inner\">\n\t\t\t\t<div class=\"elementor-element elementor-element-9b508b5 elementor-widget elementor-widget-heading\" data-id=\"9b508b5\" data-element_type=\"widget\" data-widget_type=\"heading.default\">\n\t\t\t\t\t<div class=\"elementor-heading-title elementor-size-default\"><nav aria-label=\"chapelure\" class=\"rank-math-breadcrumb\"><p><a href=\"https:\/\/www.materialstests.com\/fr\/\">Accueil<\/a><span class=\"separator\"> \u00bb <\/span><span class=\"last\">Accueil<\/span><\/p><\/nav>\u200b<\/div>\t\t\t\t<\/div>\n\t\t\t\t\t<\/div>\n\t\t\t\t<\/div>\n\t\t<div class=\"elementor-element elementor-element-760817c e-flex e-con-boxed e-con e-parent\" data-id=\"760817c\" data-element_type=\"container\">\n\t\t\t\t\t<div class=\"e-con-inner\">\n\t\t\t\t<div class=\"elementor-element elementor-element-55a348f elementor-widget elementor-widget-text-editor\" data-id=\"55a348f\" data-element_type=\"widget\" data-widget_type=\"text-editor.default\">\n\t\t\t\t\t\t\t\t\t<p><strong>Politique de personnalisation :<\/strong><\/p><p>Chez Cell Instruments Co, Ltd, nous sommes conscients des besoins distincts et \u00e9volutifs de notre client\u00e8le diversifi\u00e9e couvrant plusieurs secteurs d'activit\u00e9. Nous nous engageons \u00e0 offrir des solutions personnalis\u00e9es gr\u00e2ce \u00e0 une politique de personnalisation compl\u00e8te, en veillant \u00e0 ce que notre \u00e9quipement d'essai des mat\u00e9riaux r\u00e9ponde \u00e0 vos exigences sp\u00e9cifiques et uniques. Que vous vous int\u00e9ressiez \u00e0 l'emballage, \u00e0 l'alimentation, aux produits pharmaceutiques, aux produits m\u00e9dicaux, aux boissons, aux adh\u00e9sifs, \u00e0 l'\u00e9lectronique ou \u00e0 toute autre industrie, notre objectif est de vous fournir des solutions d'essai des mat\u00e9riaux \u00e0 la pointe de la technologie, adapt\u00e9es \u00e0 vos sp\u00e9cifications exactes.<\/p><p><strong>Processus de personnalisation :<\/strong><\/p><p>1. Consultation initiale :<\/p><p>- Discussion et id\u00e9ation : Participez avec nos experts \u00e0 un \u00e9change d'id\u00e9es sur la m\u00e9thode d'essai, les normes et les exigences sp\u00e9cifiques.<\/p><p>- \u00c9valuation des mat\u00e9riaux : \u00c9valuer le type, la nature et les sp\u00e9cifications du mat\u00e9riau afin de d\u00e9terminer si une modification de nos testeurs|\u3001Plastics Testing factorys existants peut r\u00e9pondre \u00e0 vos besoins en mati\u00e8re d'essais.<\/p><p>2. R\u00e9ception et modification des \u00e9chantillons :<\/p><p>- \u00c9valuation : Apr\u00e8s confirmation de la faisabilit\u00e9 d'une modification du testeur actuel, nous recevons des \u00e9chantillons de la part des clients.<\/p><p>- Modification technique : Notre \u00e9quipe technique sp\u00e9cialis\u00e9e, compos\u00e9e d'ing\u00e9nieurs en mat\u00e9riel et en logiciel, modifie soigneusement le testeur existant en fonction des d\u00e9tails techniques discut\u00e9s.<\/p><p>*OR*<\/p><p>- Conception d'un nouveau testeur : Si une modification mineure ne permet pas de r\u00e9pondre aux exigences de l'essai, notre \u00e9quipe technique con\u00e7oit un nouveau testeur et le programme correspondant, ce qui garantit une solution compl\u00e8te.<\/p><p>3. Tests de performance :<\/p><p>- Assurance qualit\u00e9 : Une fois que le testeur modifi\u00e9 ou nouveau est pr\u00eat, nous effectuons des tests approfondis sur des \u00e9chantillons afin de garantir des performances optimales.<\/p><p>4. V\u00e9rification des tests et interaction :<\/p><p>- Partage de vid\u00e9os d'essai : Nous fournissons une vid\u00e9o de test d\u00e9taill\u00e9e pr\u00e9sentant le testeur modifi\u00e9 ou nouvellement con\u00e7u en action.<\/p><p>- Invitation \u00e0 un test en direct : Les clients peuvent \u00e9galement \u00eatre invit\u00e9s \u00e0 se rendre dans nos locaux pour assister au test en direct, ce qui leur permet de se rendre compte par eux-m\u00eames des capacit\u00e9s de l'\u00e9quipement.<\/p><p>5. Confirmation et envoi :<\/p><p>- Approbation du client : Apr\u00e8s avoir examin\u00e9 les r\u00e9sultats des tests et exp\u00e9riment\u00e9 les performances de l'\u00e9quipement, les clients confirment leur satisfaction.<\/p><p>- Finalisation : Apr\u00e8s confirmation, nous proc\u00e9dons \u00e0 l'envoi du testeur personnalis\u00e9 pour une livraison r\u00e9ussie.<\/p><p><strong>Avantages de la personnalisation<\/strong><\/p><p>1. Vaste exp\u00e9rience de l'industrie :<\/p><p>- Une expertise dans tous les secteurs : Forts d'une pr\u00e9sence de longue date, nous disposons d'une grande exp\u00e9rience dans divers secteurs, notamment l'emballage, l'alimentation, les produits pharmaceutiques, les produits m\u00e9dicaux, les boissons, les adh\u00e9sifs, l'\u00e9lectronique et bien d'autres encore.<\/p><p>- Compr\u00e9hension approfondie de l'industrie : Nos professionnels poss\u00e8dent une connaissance approfondie des d\u00e9fis et des exigences propres \u00e0 l'industrie.<\/p><p>2. Large gamme de produits :<\/p><p>- Une gamme compl\u00e8te de produits : Nous proposons une gamme vari\u00e9e d'\u00e9quipements d'essai des mat\u00e9riaux pour r\u00e9pondre aux divers besoins d'essai dans les diff\u00e9rentes industries.<\/p><p>- Des solutions polyvalentes : Notre large gamme de produits nous permet de fournir des solutions pour un large \u00e9ventail d'applications de test.<\/p><p>3. Expertise en automatisation :<\/p><p>- Int\u00e9gration de l'automatisation : Tirez parti de nos comp\u00e9tences en mati\u00e8re d'automatisation pour rationaliser les processus de test et am\u00e9liorer l'efficacit\u00e9.<\/p><p>- Des solutions d'automatisation sur mesure : Notre exp\u00e9rience nous permet de personnaliser les solutions automatis\u00e9es pour r\u00e9pondre aux demandes sp\u00e9cifiques de l'industrie.<\/p><p>4. R\u00e9ponse et d\u00e9lai d'ex\u00e9cution rapides :<\/p><p>- Une \u00e9quipe souple et r\u00e9active : Notre \u00e9quipe d\u00e9vou\u00e9e r\u00e9pond rapidement aux demandes de renseignements, garantissant ainsi un processus de personnalisation rapide et sans faille.<\/p><p>- D\u00e9lai d'ex\u00e9cution efficace : B\u00e9n\u00e9ficiez de notre engagement \u00e0 fournir des solutions personnalis\u00e9es dans un d\u00e9lai raisonnable.<\/p><p>5. L'accessibilit\u00e9 financi\u00e8re :<\/p><p>- Des solutions rentables : Notre priorit\u00e9 est de fournir des options de personnalisation abordables sans compromettre la qualit\u00e9.<\/p><p>- Valeur de l'investissement : Nos solutions rentables offrent un excellent rapport qualit\u00e9-prix, garantissant un retour sur investissement positif.<\/p><p>6. Compr\u00e9hension des normes du test :<\/p><p>- Conformit\u00e9 aux normes internationales : Nous connaissons bien les normes d'essai internationales telles que ASTM, ISO, GT, YBB, JIS, DIN, IEC, etc.<\/p><p>- Pr\u00e9cision des essais : Notre adh\u00e9sion \u00e0 ces normes garantit la pr\u00e9cision et la fiabilit\u00e9 de nos solutions d'essai personnalis\u00e9es.<\/p><p>7. Bonnes comp\u00e9tences linguistiques :<\/p><p>- Une communication efficace : Notre \u00e9quipe poss\u00e8de de solides comp\u00e9tences linguistiques, ce qui facilite une communication claire et efficace tout au long du processus de personnalisation.<\/p><p><strong>Politique de service apr\u00e8s-vente<\/strong><\/p><p>Chez Cell Instruments Co, Ltd, nous nous engageons \u00e0 fournir un service apr\u00e8s-vente exceptionnel afin d'assurer la satisfaction et le succ\u00e8s de nos pr\u00e9cieux clients. Notre politique de service apr\u00e8s-vente d\u00e9crit les principes et les proc\u00e9dures qui guident notre engagement \u00e0 vous soutenir tout au long du cycle de vie du produit.<\/p><p>1. Couverture de la garantie :<\/p><p>- Tous les produits Cell Instruments b\u00e9n\u00e9ficient d'une p\u00e9riode de garantie standard, g\u00e9n\u00e9ralement d'un an. Cette garantie couvre les d\u00e9fauts de fabrication et assure le bon fonctionnement de l'\u00e9quipement pendant la p\u00e9riode sp\u00e9cifi\u00e9e.<\/p><p>2. R\u00e9clamations au titre de la garantie :<\/p><p>- En cas de recours \u00e0 la garantie, les clients doivent fournir une preuve d'achat et une description d\u00e9taill\u00e9e du probl\u00e8me.<\/p><p>- Notre \u00e9quipe d'assistance technique \u00e9valuera la demande et d\u00e9terminera si le probl\u00e8me est couvert par la garantie.<\/p><p>- Si elle est couverte, nous r\u00e9parerons ou remplacerons rapidement les pi\u00e8ces ou l'\u00e9quipement d\u00e9fectueux.<\/p><p>3. Assistance technique :<\/p><p>- Notre \u00e9quipe d'assistance technique sp\u00e9cialis\u00e9e est disponible pour r\u00e9pondre \u00e0 toutes les questions ou probl\u00e8mes que vous pourriez rencontrer.<\/p><p>- Les clients peuvent contacter notre service d'assistance technique \u00e0 l'adresse info@celtec.cn pendant les heures de bureau.<\/p><p>4. Services de maintenance et d'\u00e9talonnage :<\/p><p>- Nous recommandons un entretien r\u00e9gulier pour garantir des performances optimales. Les clients peuvent programmer des services d'entretien avec notre \u00e9quipe.<\/p><p>- Des services d'\u00e9talonnage sont disponibles pour maintenir la pr\u00e9cision de l'\u00e9quipement d'essai.<\/p><p>5. Disponibilit\u00e9 des pi\u00e8ces de rechange :<\/p><p>- Nous disposons d'un stock de pi\u00e8ces d\u00e9tach\u00e9es pour faciliter les remplacements rapides et minimiser les temps d'arr\u00eat.<\/p><p>- Les clients peuvent acheter des pi\u00e8ces d\u00e9tach\u00e9es d'origine directement aupr\u00e8s de nous pour garantir la compatibilit\u00e9 et les performances.<\/p><p>6. Formation des clients :<\/p><p>- Des sessions de formation en ligne sont toujours disponibles pour nos clients afin de maximiser leur comp\u00e9tence dans l'utilisation de notre \u00e9quipement.<\/p><p>- La formation peut \u00eatre dispens\u00e9e sur place (le co\u00fbt est \u00e0 discuter) ou \u00e0 distance selon les pr\u00e9f\u00e9rences du client.<\/p><p>7. R\u00e9troaction des clients :<\/p><p>- Nous appr\u00e9cions les commentaires de nos clients car ils nous aident \u00e0 am\u00e9liorer nos produits et nos services. Nous encourageons nos clients \u00e0 nous faire part de leurs commentaires en utilisant notre formulaire de contact ou en nous envoyant un courrier \u00e9lectronique \u00e0 l'adresse info@celtec.cn .<\/p><p>8. Informations de contact :<\/p><p>Pour toute question relative au service apr\u00e8s-vente, veuillez contacter notre \u00e9quipe d'assistance \u00e0 la client\u00e8le \u00e0 l'adresse info@celtec.cn ou +86 18560013985.<\/p><p><strong>FAQ<\/strong><\/p><p>Q : Quel est le d\u00e9lai de livraison habituel des produits Cell Instruments ?<\/p><p>R : Les d\u00e9lais de livraison varient en fonction du produit et des exigences de personnalisation. Les produits standard sont g\u00e9n\u00e9ralement exp\u00e9di\u00e9s dans un d\u00e9lai de 5 jours ouvrables ou moins.<\/p><p>Q : Puis-je acc\u00e9l\u00e9rer la livraison de ma commande ?<\/p><p>R : Oui, des options d'exp\u00e9dition acc\u00e9l\u00e9r\u00e9e sont disponibles. Veuillez contacter notre \u00e9quipe de vente pour discuter de vos besoins sp\u00e9cifiques et des d\u00e9lais de livraison.<\/p><p>Q : Quels sont les modes de paiement accept\u00e9s ?<\/p><p>R : Nous acceptons normalement les paiements par virement bancaire.<\/p><p>Q : L'utilisation de certains modes de paiement entra\u00eene-t-elle des frais suppl\u00e9mentaires ?<\/p><p>R : Nos m\u00e9thodes de paiement standard n'entra\u00eenent pas de frais suppl\u00e9mentaires. Toutefois, les virements bancaires peuvent \u00eatre soumis \u00e0 des frais bancaires.<\/p><p>Q : Comment les produits sont-ils emball\u00e9s pour l'exp\u00e9dition ?<\/p><p>R : Nos produits sont emball\u00e9s de mani\u00e8re s\u00fbre pour garantir un transport en toute s\u00e9curit\u00e9. Nous utilisons des mat\u00e9riaux d'emballage antichocs et des cartons en contreplaqu\u00e9 ou en carton pour prot\u00e9ger l'\u00e9quipement pendant le transport.<\/p><p>Q : Fournissez-vous des informations de suivi pour les commandes exp\u00e9di\u00e9es ?<\/p><p>R : Oui, une fois votre commande exp\u00e9di\u00e9e, vous recevrez un courrier \u00e9lectronique contenant les informations de suivi qui vous permettront de contr\u00f4ler l'\u00e9tat de l'exp\u00e9dition.<\/p><p>Q : Quelles sont les m\u00e9thodes d'exp\u00e9dition disponibles ?<\/p><p>R : Le choix du mode d'exp\u00e9dition peut varier en fonction de l'urgence de la livraison, des contraintes budg\u00e9taires, ainsi que de la taille et du poids des marchandises. Nous travaillons toujours en \u00e9troite collaboration avec des experts en logistique afin d'optimiser l'exp\u00e9dition pour nos pr\u00e9cieux clients.<\/p><p>Les m\u00e9thodes d'exp\u00e9dition les plus fr\u00e9quemment utilis\u00e9es sont les suivantes :<\/p><p>1. Services de messagerie (par exemple, DHL, FedEx, UPS, SF Express) :<\/p><p>Description : Soci\u00e9t\u00e9s de messagerie priv\u00e9es offrant des services de porte \u00e0 porte.<\/p><p>D\u00e9lai de livraison : D\u00e9lais d'acheminement rapides, similaires \u00e0 ceux de l'exp\u00e9dition express.<\/p><p>Convient \u00e0 : Les colis de petite et moyenne taille (GW inf\u00e9rieur \u00e0 60 kg) qui mettent l'accent sur la fiabilit\u00e9 et la rapidit\u00e9.<\/p><p>2. Fret a\u00e9rien :<\/p><p>Description : Transport a\u00e9rien pour une livraison plus rapide que le fret maritime.<\/p><p>D\u00e9lai de livraison : Plus rapide que le fret maritime, mais normalement plus lent que le transport express.<\/p><p>Convient \u00e0 : Envois sensibles au temps avec un budget et un poids mod\u00e9r\u00e9s. (GW plus de 45kg).<\/p><p>3. Fret maritime :<\/p><p>Description : Rentable pour les exp\u00e9ditions importantes et lourdes.<\/p><p>D\u00e9lai de livraison : Temps de transit plus long que pour le fret a\u00e9rien.<\/p><p>Convient \u00e0 : Les envois de grande taille, avec un objectif de r\u00e9duction des co\u00fbts et un calendrier de livraison flexible.<\/p><p>4. Le fret ferroviaire :<\/p><p>Description : Transport terrestre par rail, souvent utilis\u00e9 pour les exp\u00e9ditions intercontinentales, vers l'Asie centrale ou les clients europ\u00e9ens.<\/p><p>D\u00e9lai de livraison : g\u00e9n\u00e9ralement plus rapide que le fret maritime, mais plus lent que le fret a\u00e9rien.<\/p><p>Convient pour : Les envois importants dont les destinations sont accessibles par voie ferr\u00e9e.<\/p><p>5. Transport intermodal :<\/p><p>Description : Combinaison de plusieurs modes de transport (par exemple, maritime et ferroviaire, routier et a\u00e9rien).<\/p><p>D\u00e9lai de livraison : Variable, en fonction de la combinaison des modes choisis.<\/p><p>Convient \u00e0 : Sc\u00e9narios logistiques complexes avec une combinaison de besoins en mati\u00e8re de transport.<\/p>\t\t\t\t\t\t\t\t<\/div>\n\t\t\t\t\t<\/div>\n\t\t\t\t<\/div>\n\t\t\t\t<\/div>","protected":false},"excerpt":{"rendered":"<p>\u200b Customization Policy: At Cell Instruments Co., Ltd., we recognize the distinct and evolving needs of our diverse clientele spanning various industries. Our commitment is to offer personalized solutions through a comprehensive customization policy, ensuring that our material test equipment meets your specific and unique requirements. Whether your focus lies in packaging, food, pharmaceuticals, medical, [&hellip;]<\/p>","protected":false},"author":1,"featured_media":0,"parent":0,"menu_order":0,"comment_status":"closed","ping_status":"closed","template":"","meta":{"_acf_changed":false,"footnotes":""},"class_list":["post-2076","page","type-page","status-publish","hentry"],"acf":[],"_links":{"self":[{"href":"https:\/\/www.materialstests.com\/fr\/wp-json\/wp\/v2\/pages\/2076","targetHints":{"allow":["GET"]}}],"collection":[{"href":"https:\/\/www.materialstests.com\/fr\/wp-json\/wp\/v2\/pages"}],"about":[{"href":"https:\/\/www.materialstests.com\/fr\/wp-json\/wp\/v2\/types\/page"}],"author":[{"embeddable":true,"href":"https:\/\/www.materialstests.com\/fr\/wp-json\/wp\/v2\/users\/1"}],"replies":[{"embeddable":true,"href":"https:\/\/www.materialstests.com\/fr\/wp-json\/wp\/v2\/comments?post=2076"}],"version-history":[{"count":0,"href":"https:\/\/www.materialstests.com\/fr\/wp-json\/wp\/v2\/pages\/2076\/revisions"}],"wp:attachment":[{"href":"https:\/\/www.materialstests.com\/fr\/wp-json\/wp\/v2\/media?parent=2076"}],"curies":[{"name":"wp","href":"https:\/\/api.w.org\/{rel}","templated":true}]}}