{"id":2020,"date":"2026-01-26T03:32:25","date_gmt":"2026-01-26T03:32:25","guid":{"rendered":"https:\/\/www.materialstests.com\/?page_id=2020"},"modified":"2026-01-26T13:06:21","modified_gmt":"2026-01-26T13:06:21","slug":"about-us","status":"publish","type":"page","link":"https:\/\/www.materialstests.com\/fr\/about-us.html","title":{"rendered":"\u00c0 propos de nous"},"content":{"rendered":"<div data-elementor-type=\"wp-page\" data-elementor-id=\"2020\" class=\"elementor elementor-2020\" data-elementor-post-type=\"page\">\n\t\t\t\t<div class=\"elementor-element elementor-element-c1e7c03 e-flex e-con-boxed e-con e-parent\" data-id=\"c1e7c03\" data-element_type=\"container\" data-settings=\"{&quot;background_background&quot;:&quot;classic&quot;}\">\n\t\t\t\t\t<div class=\"e-con-inner\">\n\t\t\t\t<div class=\"elementor-element elementor-element-8fd22e0 elementor-widget elementor-widget-heading\" data-id=\"8fd22e0\" data-element_type=\"widget\" data-widget_type=\"heading.default\">\n\t\t\t\t\t<div class=\"elementor-heading-title elementor-size-default\"><nav aria-label=\"chapelure\" class=\"rank-math-breadcrumb\"><p><a href=\"https:\/\/www.materialstests.com\/fr\/\">Accueil<\/a><span class=\"separator\"> \u00bb <\/span><span class=\"last\">Accueil<\/span><\/p><\/nav>\u200b<\/div>\t\t\t\t<\/div>\n\t\t\t\t\t<\/div>\n\t\t\t\t<\/div>\n\t\t<div class=\"elementor-element elementor-element-f608734 e-flex e-con-boxed e-con e-parent\" data-id=\"f608734\" data-element_type=\"container\">\n\t\t\t\t\t<div class=\"e-con-inner\">\n\t\t\t\t<div class=\"elementor-element elementor-element-58cb6ea elementor-widget elementor-widget-text-editor\" data-id=\"58cb6ea\" data-element_type=\"widget\" data-widget_type=\"text-editor.default\">\n\t\t\t\t\t\t\t\t\t<p>Depuis sa cr\u00e9ation officielle en 2014, Cell Instruments a rapidement progress\u00e9 dans le d\u00e9veloppement de produits et l'innovation, marquant ainsi un chapitre important de son histoire dynamique. Notre engagement envers l'excellence nous a propuls\u00e9s \u00e0 atteindre des jalons dans le domaine de l'\u00e9quipement d'essai des mat\u00e9riaux, avec des lignes compl\u00e8tes qui englobent l'essai des mat\u00e9riaux d'emballage, l'essai des mat\u00e9riaux m\u00e9dicaux, l'essai des aliments, l'essai pharmaceutique, l'essai d'adh\u00e9sivit\u00e9, l'essai du papier et du carton, et m\u00eame la personnalisation \u00e0 la demande. Ces solutions de pointe trouvent des applications polyvalentes dans divers secteurs, notamment l'emballage, l'alimentaire, le pharmaceutique, le m\u00e9dical, les cosm\u00e9tiques, les boissons, l'universit\u00e9, l'inspection, l'adh\u00e9sivit\u00e9 et le textile.<\/p>\t\t\t\t\t\t\t\t<\/div>\n\t\t\t\t<div class=\"elementor-element elementor-element-c7d07e9 elementor-widget elementor-widget-image\" data-id=\"c7d07e9\" data-element_type=\"widget\" data-widget_type=\"image.default\">\n\t\t\t\t\t\t\t\t\t\t\t\t\t\t\t<img fetchpriority=\"high\" decoding=\"async\" width=\"800\" height=\"400\" src=\"https:\/\/www.materialstests.com\/wp-content\/uploads\/2026\/01\/bc800e5326c92bfcd7f943355926093a.jpg\" class=\"attachment-large size-large wp-image-2238\" alt=\"Fabricant d&#039;\u00e9quipements d&#039;essai d&#039;\u00e9tanch\u00e9it\u00e9 - \u00c0 PROPOS DE NOUS\" srcset=\"https:\/\/www.materialstests.com\/wp-content\/uploads\/2026\/01\/bc800e5326c92bfcd7f943355926093a.jpg 800w, https:\/\/www.materialstests.com\/wp-content\/uploads\/2026\/01\/bc800e5326c92bfcd7f943355926093a-300x150.jpg 300w, https:\/\/www.materialstests.com\/wp-content\/uploads\/2026\/01\/bc800e5326c92bfcd7f943355926093a-768x384.jpg 768w, https:\/\/www.materialstests.com\/wp-content\/uploads\/2026\/01\/bc800e5326c92bfcd7f943355926093a-18x9.jpg 18w\" sizes=\"(max-width: 800px) 100vw, 800px\" \/>\t\t\t\t\t\t\t\t\t\t\t\t\t\t\t<\/div>\n\t\t\t\t<div class=\"elementor-element elementor-element-127095f elementor-widget elementor-widget-text-editor\" data-id=\"127095f\" data-element_type=\"widget\" data-widget_type=\"text-editor.default\">\n\t\t\t\t\t\t\t\t\t<p>Notre empreinte mondiale s'est consid\u00e9rablement \u00e9largie, atteignant et influen\u00e7ant plus de 70 pays et r\u00e9gions. Chez Cell Instruments, notre mission va au-del\u00e0 de la simple fourniture de solutions d'essai ; elle consiste \u00e0 fa\u00e7onner le paysage du contr\u00f4le de la qualit\u00e9, de la recherche et du d\u00e9veloppement des clients. Notre mission est d'\u00eatre reconnu comme une \u2018cellule\u2019 \u00e0 part enti\u00e8re dans ces processus, en offrant des solutions comp\u00e9titives et fiables aux utilisateurs du monde entier.<\/p><p>En tant que force pionni\u00e8re dans l'industrie, Cell Instruments reste une organisation ax\u00e9e sur l'ing\u00e9nierie avec un engagement inflexible envers les normes. Privil\u00e9giant l'excellence, nous avons activement d\u00e9velopp\u00e9 des mod\u00e8les d'instruments con\u00e7us pour r\u00e9pondre aux besoins sp\u00e9cifiques de nos clients tout en garantissant la conformit\u00e9 aux normes industrielles. Ces instruments constituent de pr\u00e9cieux outils de r\u00e9solution de probl\u00e8mes, parfaitement int\u00e9gr\u00e9s dans les laboratoires des clients, les centres de recherche et de d\u00e9veloppement, les sites de production, les salles de cours et bien d'autres encore. Notre exp\u00e9rience technique garantit la qualit\u00e9 des produits de nos clients, ce qui leur permet de naviguer en toute confiance sur le march\u00e9 international.<\/p>\t\t\t\t\t\t\t\t<\/div>\n\t\t\t\t<div class=\"elementor-element elementor-element-a0311d4 elementor-widget elementor-widget-image\" data-id=\"a0311d4\" data-element_type=\"widget\" data-widget_type=\"image.default\">\n\t\t\t\t\t\t\t\t\t\t\t\t\t\t\t<img decoding=\"async\" width=\"800\" height=\"400\" src=\"https:\/\/www.materialstests.com\/wp-content\/uploads\/2026\/01\/6f6c3ee6a57f3b5a064c916fc412fc69.jpg\" class=\"attachment-large size-large wp-image-2239\" alt=\"Fabricant d&#039;\u00e9quipements d&#039;essai d&#039;\u00e9tanch\u00e9it\u00e9 - \u00c0 PROPOS DE NOUS\" srcset=\"https:\/\/www.materialstests.com\/wp-content\/uploads\/2026\/01\/6f6c3ee6a57f3b5a064c916fc412fc69.jpg 800w, https:\/\/www.materialstests.com\/wp-content\/uploads\/2026\/01\/6f6c3ee6a57f3b5a064c916fc412fc69-300x150.jpg 300w, https:\/\/www.materialstests.com\/wp-content\/uploads\/2026\/01\/6f6c3ee6a57f3b5a064c916fc412fc69-768x384.jpg 768w, https:\/\/www.materialstests.com\/wp-content\/uploads\/2026\/01\/6f6c3ee6a57f3b5a064c916fc412fc69-18x9.jpg 18w\" sizes=\"(max-width: 800px) 100vw, 800px\" \/>\t\t\t\t\t\t\t\t\t\t\t\t\t\t\t<\/div>\n\t\t\t\t<div class=\"elementor-element elementor-element-5673870 elementor-widget elementor-widget-text-editor\" data-id=\"5673870\" data-element_type=\"widget\" data-widget_type=\"text-editor.default\">\n\t\t\t\t\t\t\t\t\t<p>Cell Instruments s'est positionn\u00e9 non seulement comme un fabricant d'\u00e9quipements d'essai de pointe, mais aussi comme un partenaire strat\u00e9gique dans la r\u00e9ussite des entreprises du monde entier. Notre \u00e9quipe d\u00e9vou\u00e9e, dot\u00e9e d'une expertise diversifi\u00e9e, collabore sans rel\u00e2che pour garantir que nos clients re\u00e7oivent non seulement des produits, mais aussi des solutions compl\u00e8tes qui am\u00e9liorent leur efficacit\u00e9, la qualit\u00e9 de leurs produits et leur comp\u00e9titivit\u00e9 globale.<\/p><p>Situ\u00e9 dans la ville de Jinan, l'un des principaux centres industriels du nord de la Chine, notre si\u00e8ge social est au c\u0153ur de nos activit\u00e9s et constitue un point n\u00e9vralgique pour la recherche, le d\u00e9veloppement et les initiatives centr\u00e9es sur le client.<\/p><p>Notre succ\u00e8s d\u00e9passe les fronti\u00e8res, puisque nous nous engageons activement dans le commerce international, exportant nos solutions de pointe dans une multitude de pays. Ce rayonnement mondial t\u00e9moigne de notre vision qui consiste \u00e0 favoriser la collaboration et \u00e0 partager l'innovation \u00e0 l'\u00e9chelle mondiale.<\/p><p>Alors que nous poursuivons notre voyage vers l'excellence, nous vous invitons \u00e0 vous joindre \u00e0 nous pour fa\u00e7onner l'avenir du contr\u00f4le de la qualit\u00e9 et de la recherche et du d\u00e9veloppement \u00e0 l'\u00e9chelle mondiale.<\/p><p>Si vous souhaitez obtenir plus d'informations sur ce produit, n'h\u00e9sitez pas \u00e0 nous contacter. Nous vous recommandons d'autres produits populaires :\u00a0<a class=\"aahaf6o\" title=\"Testeur d&#039;\u00e9paisseur de papier et de carton\" href=\"https:\/\/www.materialstests.com\/fr\/paper-board-tester.html\/\">Testeur d'\u00e9paisseur de papier et de carton<\/a>,\u00a0<a class=\"aahaf6o\" title=\"\u00c9quipement d&#039;essai d&#039;\u00e9tanch\u00e9it\u00e9 brute\" href=\"https:\/\/www.materialstests.com\/fr\/gross-leak-tester.html\/\">\u00c9quipement d'essai d'\u00e9tanch\u00e9it\u00e9 brute<\/a>,\u00a0<a class=\"aahaf6o\" title=\" Testeur de fuites brutes \u00c9quipement d&#039;essai\" href=\"https:\/\/www.materialstests.com\/fr\/gross-leak-tester.html\/\">Testeur de fuites brutes \u00c9quipement d'essai<\/a>,\u00a0<a class=\"aahaf6o\" title=\"Testeur de fuites brutes \u00c9quipement d&#039;essai\" href=\"https:\/\/www.materialstests.com\/fr\/gross-leak-tester.html\/\">Testeur de fuites brutes \u00c9quipement d'essai<\/a>,\u00a0<a class=\"aahaf6o\" title=\"Fabricant de testeurs de thermoscellage \u00e0 gradient\" href=\"https:\/\/www.materialstests.com\/fr\/products\/ghs-01-gradient-heat-seal-tester.html\/\">Fabricant de testeurs de thermoscellage \u00e0 gradient<\/a>,\u00a0<a class=\"aahaf6o\" title=\"Testeur de colle chaude en laboratoire\" href=\"https:\/\/www.materialstests.com\/fr\/products\/htt-02-hot-tack-tester.html\/\">Testeur de colle chaude en laboratoire<\/a>,\u00a0<a class=\"aahaf6o\" title=\"Testeur de gradient de chaleur\" href=\"https:\/\/www.materialstests.com\/fr\/products\/ghs-01-gradient-heat-seal-tester.html\/\">Testeur de gradient de chaleur<\/a>,\u00a0<a class=\"aahaf6o\" title=\"testeur de r\u00e9traction sans film\" href=\"https:\/\/www.materialstests.com\/fr\/shrink-tester.html\/\">testeur de r\u00e9traction sans film<\/a>,\u00a0<a class=\"aahaf6o\" title=\"testeur de film thermor\u00e9tractable\" href=\"https:\/\/www.materialstests.com\/fr\/shrink-tester.html\/\">testeur de film thermor\u00e9tractable<\/a>,\u00a0<a class=\"aahaf6o\" title=\"Testeur de durabilit\u00e9 de la flexion\" href=\"https:\/\/www.materialstests.com\/fr\/flex-durability-tester.html\/\">Testeur de durabilit\u00e9 de la flexion<\/a>,\u00a0<a class=\"aahaf6o\" title=\"Testeur de thermoscellage \u00e0 gradient\" href=\"https:\/\/www.materialstests.com\/fr\/gradient-heat-seal-tester.html\/\">Testeur de thermoscellage \u00e0 gradient<\/a>,\u00a0<a class=\"aahaf6o\" title=\"Testeur de pelage\" href=\"https:\/\/www.materialstests.com\/fr\/products\/spc-01-stretch-film-peeling-cling-tester.html\/\">Testeur de pelage<\/a>,\u00a0<a class=\"aahaf6o\" title=\"Testeur de pouvoir de r\u00e9tention\" href=\"https:\/\/www.materialstests.com\/fr\/holding-power-tester.html\/\">Testeur de pouvoir de r\u00e9tention<\/a>,\u00a0<a class=\"aahaf6o\" title=\"Testeur de thermoscellage en laboratoire\" href=\"https:\/\/www.materialstests.com\/fr\/products\/hst-01-heat-seal-tester.html\/\">Testeur de thermoscellage en laboratoire<\/a>,\u00a0<a class=\"aahaf6o\" title=\"testeur de pelage des conteneurs\" href=\"https:\/\/www.materialstests.com\/fr\/productstags\/container-peeling-tester.html\/\">testeur de pelage des conteneurs<\/a>,\u00a0<a class=\"aahaf6o\" title=\"fournisseurs de testeurs de thermoscellage en chine\" href=\"https:\/\/www.materialstests.com\/fr\/heat-seal-tester.html\/\">fournisseurs de testeurs de thermoscellage en chine<\/a>,\u00a0<a class=\"aahaf6o\" title=\"testeur de thermoscellage en chine\" href=\"https:\/\/www.materialstests.com\/fr\/productstags\/china-heat-sealing-tester-factory.html\/\">testeur de thermoscellage en chine<\/a>,\u00a0<a class=\"aahaf6o\" title=\"usines de testeurs de thermoscellage\" href=\"https:\/\/www.materialstests.com\/fr\/productstags\/heat-sealing-tester-factories.html\/\">usines de testeurs de thermoscellage<\/a>,\u00a0<a class=\"aahaf6o\" title=\"usines de test de scellement \u00e0 chaud\" href=\"https:\/\/www.materialstests.com\/fr\/productstags\/heat-sealing-tester-factories.html\/\">usines de test de scellement \u00e0 chaud<\/a>,\u00a0<a class=\"aahaf6o\" title=\"Fournisseur de testeurs de carbonatation\" href=\"https:\/\/www.materialstests.com\/fr\/products\/clrt-01-carbon-dioxide-volume-tester.html\/\">Fournisseur de testeurs de carbonatation<\/a>,\u00a0<a class=\"aahaf6o\" title=\"Services de test de carbonatation\" href=\"https:\/\/www.materialstests.com\/fr\/products\/clrt-01-carbon-dioxide-volume-tester.html\/\">Services de test de carbonatation<\/a>,\u00a0<a class=\"aahaf6o\" title=\"Services de contr\u00f4le de la r\u00e9traction\" href=\"https:\/\/www.materialstests.com\/fr\/shrink-tester.html\/\">Services de contr\u00f4le de la r\u00e9traction<\/a>,\u00a0<a class=\"aahaf6o\" title=\"Fournisseur de testeurs d&#039;adh\u00e9rence des billes\" href=\"https:\/\/www.materialstests.com\/fr\/products\/btt-01-ball-tack-tester.html\/\">Fournisseur de testeurs d'adh\u00e9rence des billes<\/a>,\u00a0<a class=\"aahaf6o\" title=\"Ball Tack Tester export\" href=\"https:\/\/www.materialstests.com\/fr\/products\/btt-01-ball-tack-tester.html\/\">Ball Tack Tester export<\/a>,\u00a0<a class=\"aahaf6o\" title=\"Fabricant de testeurs de r\u00e9sistance \u00e0 la flexion\" href=\"https:\/\/www.materialstests.com\/fr\/flex-durability-tester.html\/\">Fabricant de testeurs de r\u00e9sistance \u00e0 la flexion<\/a>,\u00a0<a class=\"aahaf6o\" title=\"Fournisseur de testeurs de r\u00e9sistance \u00e0 la flexion\" href=\"https:\/\/www.materialstests.com\/fr\/flex-durability-tester.html\/\">Fournisseur de testeurs de r\u00e9sistance \u00e0 la flexion<\/a>,\u00a0<a class=\"aahaf6o\" title=\"Testeur de r\u00e9sistance \u00e0 la flexion export\" href=\"https:\/\/www.materialstests.com\/fr\/flex-durability-tester.html\/\">Testeur de r\u00e9sistance \u00e0 la flexion export<\/a>,\u00a0<a class=\"aahaf6o\" title=\"Testeur de r\u00e9sistance \u00e0 la flexion Chine\" href=\"https:\/\/www.materialstests.com\/fr\/products\/gft-01-flex-durability-tester.html\/\">Testeur de r\u00e9sistance \u00e0 la flexion Chine<\/a>,\u00a0<a class=\"aahaf6o\" title=\"Services de test de durabilit\u00e9 de la flexion\" href=\"https:\/\/www.materialstests.com\/fr\/products\/gft-01-flex-durability-tester.html\/\">Services de test de durabilit\u00e9 de la flexion<\/a><\/p>\t\t\t\t\t\t\t\t<\/div>\n\t\t\t\t\t<\/div>\n\t\t\t\t<\/div>\n\t\t\t\t<\/div>","protected":false},"excerpt":{"rendered":"<p>\u200b Since its official establishment in 2014, Cell Instruments has rapidly ascended in product development and innovation, marking a significant chapter in its dynamic history. Our commitment to excellence has propelled us to achieve milestones in the field of material test equipment, boasting comprehensive lines that encompass Packaging Material Testing, Medical Material Testing, Food Testing, [&hellip;]<\/p>","protected":false},"author":1,"featured_media":0,"parent":0,"menu_order":0,"comment_status":"closed","ping_status":"closed","template":"","meta":{"_acf_changed":false,"footnotes":""},"class_list":["post-2020","page","type-page","status-publish","hentry"],"acf":[],"_links":{"self":[{"href":"https:\/\/www.materialstests.com\/fr\/wp-json\/wp\/v2\/pages\/2020","targetHints":{"allow":["GET"]}}],"collection":[{"href":"https:\/\/www.materialstests.com\/fr\/wp-json\/wp\/v2\/pages"}],"about":[{"href":"https:\/\/www.materialstests.com\/fr\/wp-json\/wp\/v2\/types\/page"}],"author":[{"embeddable":true,"href":"https:\/\/www.materialstests.com\/fr\/wp-json\/wp\/v2\/users\/1"}],"replies":[{"embeddable":true,"href":"https:\/\/www.materialstests.com\/fr\/wp-json\/wp\/v2\/comments?post=2020"}],"version-history":[{"count":0,"href":"https:\/\/www.materialstests.com\/fr\/wp-json\/wp\/v2\/pages\/2020\/revisions"}],"wp:attachment":[{"href":"https:\/\/www.materialstests.com\/fr\/wp-json\/wp\/v2\/media?parent=2020"}],"curies":[{"name":"wp","href":"https:\/\/api.w.org\/{rel}","templated":true}]}}