{"id":2076,"date":"2026-01-26T05:36:23","date_gmt":"2026-01-26T05:36:23","guid":{"rendered":"https:\/\/www.materialstests.com\/?page_id=2076"},"modified":"2026-01-26T13:07:58","modified_gmt":"2026-01-26T13:07:58","slug":"service-support","status":"publish","type":"page","link":"https:\/\/www.materialstests.com\/fi\/service-support.html","title":{"rendered":"Palvelutuki"},"content":{"rendered":"<div data-elementor-type=\"wp-page\" data-elementor-id=\"2076\" class=\"elementor elementor-2076\" data-elementor-post-type=\"page\">\n\t\t\t\t<div class=\"elementor-element elementor-element-0644825 e-flex e-con-boxed e-con e-parent\" data-id=\"0644825\" data-element_type=\"container\" data-settings=\"{&quot;background_background&quot;:&quot;classic&quot;}\">\n\t\t\t\t\t<div class=\"e-con-inner\">\n\t\t\t\t<div class=\"elementor-element elementor-element-9b508b5 elementor-widget elementor-widget-heading\" data-id=\"9b508b5\" data-element_type=\"widget\" data-widget_type=\"heading.default\">\n\t\t\t\t\t<div class=\"elementor-heading-title elementor-size-default\"><nav aria-label=\"korppujauhot\" class=\"rank-math-breadcrumb\"><p><a href=\"https:\/\/www.materialstests.com\/fi\/\">Etusivu<\/a><span class=\"separator\"> \u00bb <\/span><span class=\"last\">Etusivu<\/span><\/p><\/nav>\u200b<\/div>\t\t\t\t<\/div>\n\t\t\t\t\t<\/div>\n\t\t\t\t<\/div>\n\t\t<div class=\"elementor-element elementor-element-760817c e-flex e-con-boxed e-con e-parent\" data-id=\"760817c\" data-element_type=\"container\">\n\t\t\t\t\t<div class=\"e-con-inner\">\n\t\t\t\t<div class=\"elementor-element elementor-element-55a348f elementor-widget elementor-widget-text-editor\" data-id=\"55a348f\" data-element_type=\"widget\" data-widget_type=\"text-editor.default\">\n\t\t\t\t\t\t\t\t\t<p><strong>R\u00e4\u00e4t\u00e4l\u00f6intik\u00e4yt\u00e4nt\u00f6:<\/strong><\/p><p>Me Cell Instruments Co., Ltd.:ss\u00e4 tunnemme eri toimialoja edustavien asiakkaidemme erilaiset ja kehittyv\u00e4t tarpeet. Sitoumuksemme on tarjota yksil\u00f6llisi\u00e4 ratkaisuja kattavan r\u00e4\u00e4t\u00e4l\u00f6intik\u00e4yt\u00e4nn\u00f6n avulla, mik\u00e4 varmistaa, ett\u00e4 materiaalitestauslaitteemme t\u00e4ytt\u00e4v\u00e4t erityiset ja ainutlaatuiset vaatimuksesi. Riippumatta siit\u00e4, oletko keskittynyt pakkaus-, elintarvike-, l\u00e4\u00e4ke-, l\u00e4\u00e4ke-, l\u00e4\u00e4ke-, juoma-, liimaus-, elektroniikka- tai muuhun teollisuuteen, tavoitteenamme on tarjota sinulle huippuluokan materiaalitestausratkaisuja, jotka on r\u00e4\u00e4t\u00e4l\u00f6ity t\u00e4sm\u00e4lleen m\u00e4\u00e4rittelyjesi mukaan.<\/p><p><strong>R\u00e4\u00e4t\u00e4l\u00f6intiprosessi:<\/strong><\/p><p>1. Alkukonsultaatio:<\/p><p>- Keskustelu ja ideointi: Keskustele asiantuntijoidemme kanssa ja vaihda ajatuksia testimenetelm\u00e4st\u00e4, standardeista ja erityisvaatimuksista.<\/p><p>- Materiaalin arviointi: Arvioi materiaalin tyyppi, luonne ja ominaisuudet sen m\u00e4\u00e4ritt\u00e4miseksi, voiko olemassa olevan Tester|\u3001Plastics Testing factorys -laitteemme muutos vastata testaustarpeisiisi.<\/p><p>2. N\u00e4ytteen vastaanotto ja muuttaminen:<\/p><p>- Arviointi: Kun olemme saaneet vahvistuksen siit\u00e4, ett\u00e4 nykyisen testerin muuttaminen on mahdollista, saamme asiakkailta n\u00e4ytteit\u00e4.<\/p><p>- Tekninen muutos: Tekninen tiimimme, joka koostuu laitteisto- ja ohjelmistoinsin\u00f6\u00f6reist\u00e4, muokkaa olemassa olevaa testauslaitetta huolellisesti keskusteltujen teknisten yksityiskohtien perusteella.<\/p><p>*OR*<\/p><p>- Uusi testauslaitteen muotoilu: Tekninen tiimimme suunnittelee uuden testaajan ja vastaavan ohjelman, jotta varmistetaan kattava ratkaisu.<\/p><p>3. Suorituskyvyn testaus:<\/p><p>- Laadunvarmistus: Kun muutettu tai uusi testeri on valmis, suoritamme perusteelliset testit n\u00e4ytteill\u00e4 varmistaaksemme optimaalisen suorituskyvyn.<\/p><p>4. Testauksen todentaminen ja vuorovaikutus:<\/p><p>- Testaa videon jakamista: Tarjoamme yksityiskohtaisen testivideon, jossa esitell\u00e4\u00e4n muokattu tai \u00e4skett\u00e4in suunniteltu testaaja toiminnassa.<\/p><p>- Live-testi Kutsu: Vaihtoehtoisesti asiakkaat kutsutaan laitoksellemme todistamaan live-testi\u00e4, jolloin he saavat omakohtaisen kokemuksen laitteiden ominaisuuksista.<\/p><p>5. Vahvistus ja l\u00e4hetys:<\/p><p>- Asiakkaan hyv\u00e4ksynt\u00e4: Asiakkaat vahvistavat tyytyv\u00e4isyytens\u00e4 tarkasteltuaan testituloksia ja koettuaan laitteiden suorituskyvyn.<\/p><p>- Viimeistely: Vahvistuksen j\u00e4lkeen jatkamme r\u00e4\u00e4t\u00e4l\u00f6idyn testerin l\u00e4hett\u00e4mist\u00e4 onnellisen toimituskokemuksen varmistamiseksi.<\/p><p><strong>R\u00e4\u00e4t\u00e4l\u00f6innin edut<\/strong><\/p><p>1. Laaja kokemus alalta:<\/p><p>- Asiantuntemus eri toimialoilla: Meill\u00e4 on pitk\u00e4aikainen l\u00e4sn\u00e4olomme, ja meill\u00e4 on runsaasti kokemusta eri teollisuudenaloilta, kuten pakkauksista, elintarvikkeista, l\u00e4\u00e4kkeist\u00e4, l\u00e4\u00e4kinn\u00e4llisist\u00e4 tuotteista, juomista, liimauksesta, elektroniikasta ja monista muista aloista.<\/p><p>- Syv\u00e4llinen toimialan ymm\u00e4rt\u00e4minen: Ammattilaisillamme on syv\u00e4llinen tiet\u00e4mys alan haasteista ja vaatimuksista.<\/p><p>2. Laaja tuotevalikoima:<\/p><p>- Kattava tuotevalikoima: Tarjoamme monipuolisen valikoiman materiaalitestauslaitteita, jotka t\u00e4ytt\u00e4v\u00e4t eri teollisuudenalojen erilaiset testaustarpeet.<\/p><p>- Monipuoliset ratkaisut: Laaja tuotevalikoimamme takaa, ett\u00e4 voimme tarjota ratkaisuja monenlaisiin testaussovelluksiin.<\/p><p>3. Automaatio-osaaminen:<\/p><p>- Automaation integrointi: Hy\u00f6dynn\u00e4 osaamistamme automaatiossa testausprosessien virtaviivaistamiseksi ja tehokkuuden lis\u00e4\u00e4miseksi.<\/p><p>- R\u00e4\u00e4t\u00e4l\u00f6idyt automaatioratkaisut: Kokemuksemme ansiosta voimme r\u00e4\u00e4t\u00e4l\u00f6id\u00e4 automaatioratkaisuja vastaamaan teollisuuden erityisvaatimuksia.<\/p><p>4. Nopea vastaus ja l\u00e4pimeno:<\/p><p>- Ketter\u00e4 ja reagoiva tiimi: Tiimimme varmistaa nopean vastauksen tiedusteluihin ja varmistaa saumattoman ja nopean r\u00e4\u00e4t\u00e4l\u00f6intiprosessin.<\/p><p>- Tehokas k\u00e4\u00e4nteentekevyys: Hy\u00f6dy sitoumuksestamme toimittaa r\u00e4\u00e4t\u00e4l\u00f6ityj\u00e4 ratkaisuja kohtuullisessa ajassa.<\/p><p>5. Edullisuus:<\/p><p>- Kustannustehokkaat ratkaisut: Tinkim\u00e4tt\u00e4 laadusta.<\/p><p>- Sijoituksen arvo: Kustannustehokkaat ratkaisumme tarjoavat erinomaista vastinetta ja takaavat positiivisen tuoton investoinnillesi.<\/p><p>6. Testistandardien ymm\u00e4rt\u00e4minen:<\/p><p>- Kansainv\u00e4listen standardien noudattaminen: ASTM, ISO, GT, YBB, JIS, DIN, IEC ja muut kansainv\u00e4liset testausstandardit.<\/p><p>- Tarkkuus testauksessa: R\u00e4\u00e4t\u00e4l\u00f6ityjen testausratkaisujemme tarkkuus ja luotettavuus varmistetaan noudattamalla n\u00e4it\u00e4 standardeja.<\/p><p>7. Hyv\u00e4 kielitaito:<\/p><p>- Tehokas viestint\u00e4: Tiimill\u00e4mme on vahva kielitaito, mik\u00e4 helpottaa selke\u00e4\u00e4 ja tehokasta viestint\u00e4\u00e4 koko r\u00e4\u00e4t\u00e4l\u00f6intiprosessin ajan.<\/p><p><strong>Myynnin j\u00e4lkeisen palvelun politiikka<\/strong><\/p><p>Me Cell Instruments Co., Ltd.:ss\u00e4 olemme sitoutuneet tarjoamaan poikkeuksellista huoltopalvelua varmistaaksemme arvostettujen asiakkaidemme tyytyv\u00e4isyyden ja menestyksen. Myynninj\u00e4lkeisen palvelun toimintaperiaatteissamme esitet\u00e4\u00e4n periaatteet ja menettelyt, jotka ohjaavat sitoutumistamme tukemaan sinua koko tuotteen elinkaaren ajan.<\/p><p>1. Takuu:<\/p><p>- Kaikilla Cell Instruments-tuotteilla on vakiotakuu, joka on yleens\u00e4 yksi vuosi. T\u00e4m\u00e4 takuu kattaa valmistusvirheet ja varmistaa laitteen moitteettoman toiminnan m\u00e4\u00e4ritellyn ajanjakson aikana.<\/p><p>2. Takuuvaatimukset:<\/p><p>- Takuukorvausvaatimuksen yhteydess\u00e4 asiakkaiden on esitett\u00e4v\u00e4 ostotodistus ja yksityiskohtainen kuvaus ongelmasta.<\/p><p>- Tekninen tukitiimimme arvioi reklamaation ja m\u00e4\u00e4ritt\u00e4\u00e4, kuuluuko ongelma takuun piiriin.<\/p><p>- Jos korvaus on katettu, korjaamme tai vaihdamme vialliset osat tai laitteet viipym\u00e4tt\u00e4.<\/p><p>3. Tekninen tuki:<\/p><p>- Erityinen tekninen tukitiimimme on k\u00e4ytett\u00e4viss\u00e4 kaikissa mahdollisissa kysymyksiss\u00e4 ja ongelmissa.<\/p><p>- Asiakkaat voivat ottaa yhteytt\u00e4 tekniseen tukeen osoitteessa info@celtec.cn virka-aikana.<\/p><p>4. Huolto- ja kalibrointipalvelut:<\/p><p>- Suosittelemme s\u00e4\u00e4nn\u00f6llist\u00e4 huoltoa optimaalisen suorituskyvyn varmistamiseksi. Asiakkaat voivat sopia huoltopalveluista tiimimme kanssa.<\/p><p>- Kalibrointipalveluja on saatavilla testauslaitteiden tarkkuuden yll\u00e4pit\u00e4miseksi.<\/p><p>5. Varaosien saatavuus:<\/p><p>- Yll\u00e4pid\u00e4mme varaosavarastoa nopeiden vaihtojen helpottamiseksi ja k\u00e4ytt\u00f6katkosten minimoimiseksi.<\/p><p>- Asiakkaat voivat ostaa aitoja varaosia suoraan meilt\u00e4 yhteensopivuuden ja suorituskyvyn varmistamiseksi.<\/p><p>6. Asiakaskoulutus:<\/p><p>- Asiakkaidemme saatavilla on aina verkkokoulutusta, jotta he voivat maksimoida taitonsa laitteidemme k\u00e4yt\u00f6ss\u00e4.<\/p><p>- Koulutus voidaan toteuttaa paikan p\u00e4\u00e4ll\u00e4 (kustannuksista keskustellaan my\u00f6hemmin) tai et\u00e4n\u00e4 asiakkaan toiveiden mukaan.<\/p><p>7. Asiakaspalaute:<\/p><p>- Arvostamme asiakaspalautetta, sill\u00e4 se auttaa meit\u00e4 parantamaan tuotteitamme ja palveluitamme. Asiakkaita kannustetaan antamaan palautetta yhteydenottolomakkeemme kautta tai s\u00e4hk\u00f6postitse info@celtec.cn .<\/p><p>8. Yhteystiedot:<\/p><p>Myynnin j\u00e4lkeist\u00e4 palvelua koskevissa tiedusteluissa ota yhteytt\u00e4 asiakastukitiimiimme osoitteessa info@celtec.cn tai +86 18560013985.<\/p><p><strong>FAQ<\/strong><\/p><p>K: Mik\u00e4 on Cell Instruments-tuotteiden tyypillinen toimitusaika?<\/p><p>V: Toimitusajat vaihtelevat tuotteen ja r\u00e4\u00e4t\u00e4l\u00f6intivaatimusten mukaan. Vakiotuotteet toimitetaan yleens\u00e4 5 ty\u00f6p\u00e4iv\u00e4n kuluessa tai lyhyemm\u00e4ss\u00e4 ajassa.<\/p><p>K: Voinko nopeuttaa tilaukseni toimitusta?<\/p><p>V: Kyll\u00e4, nopeutettuja toimitusvaihtoehtoja on saatavilla. Ota yhteytt\u00e4 myyntitiimiimme, jotta voimme keskustella erityisvaatimuksistasi ja toimitusajoista.<\/p><p>K: Mit\u00e4 maksutapoja hyv\u00e4ksytte?<\/p><p>V: Hyv\u00e4ksymme yleens\u00e4 maksut pankkisiirrolla.<\/p><p>K: Onko tiettyjen maksutapojen k\u00e4yt\u00f6st\u00e4 lis\u00e4maksuja?<\/p><p>V: Vakiomaksutavoistamme ei aiheudu lis\u00e4maksuja. Pankkisiirroista voi kuitenkin peri\u00e4 pankkimaksuja.<\/p><p>K: Miten tuotteet pakataan toimitusta varten?<\/p><p>V: Tuotteemme on pakattu turvallisesti turvallisen kuljetuksen varmistamiseksi. K\u00e4yt\u00e4mme iskunkest\u00e4vi\u00e4 pakkausmateriaaleja ja vaneripakkauksia tai kartonkipakkauksia laitteiden suojaamiseksi kuljetuksen aikana.<\/p><p>K: Annatteko seurantatietoja l\u00e4hetetyist\u00e4 tilauksista?<\/p><p>V: Kyll\u00e4, kun tilauksesi on l\u00e4hetetty, saat s\u00e4hk\u00f6postiviestin, jossa on seurantatiedot, joiden avulla voit seurata l\u00e4hetyksen tilaa.<\/p><p>K: Mitk\u00e4 ovat k\u00e4ytett\u00e4viss\u00e4 olevat toimitustavat?<\/p><p>V: L\u00e4hetystavan valinta voi vaihdella toimituksen kiireellisyyden, budjettirajoitusten sek\u00e4 tavaroiden koon ja painon mukaan. Teemme aina tiivist\u00e4 yhteisty\u00f6t\u00e4 logistiikka-asiantuntijoiden kanssa optimoidaksemme toimituksen arvokkaille asiakkaillemme.<\/p><p>Usein k\u00e4ytetyt toimitustavat ovat:<\/p><p>1. Kuriiripalvelut (esim. DHL, FedEx, UPS, SF Express):<\/p><p>Kuvaus: Yksityiset kuriiripalvelut, jotka tarjoavat ovelta ovelle -palveluja.<\/p><p>Toimitusaika: Nopea toimitusaika, samanlainen kuin pikal\u00e4hetys.<\/p><p>Sopii: Pienet ja keskikokoiset pakkaukset (GW alle 60 kg), joissa keskityt\u00e4\u00e4n luotettavuuteen ja nopeuteen.<\/p><p>2. Lentorahti:<\/p><p>Kuvaus: Lentokuljetus nopeuttaa toimitusta verrattuna merirahtiin.<\/p><p>Toimitusaika: Nopeampi kuin merikuljetus, mutta yleens\u00e4 hitaampi kuin pikakuljetus.<\/p><p>Sopii: Ajankohtaiset l\u00e4hetykset, joiden budjetti ja paino ovat kohtuulliset. (GW yli 45 kg).<\/p><p>3. Merikuljetus:<\/p><p>Kuvaus: Kustannustehokas suurille ja raskaille l\u00e4hetyksille.<\/p><p>Toimitusaika: Lentorahtia pidemm\u00e4t kuljetusajat.<\/p><p>Sopii: Suuret l\u00e4hetykset, joissa keskityt\u00e4\u00e4n kustannuss\u00e4\u00e4st\u00f6ihin ja joustavaan toimitusaikatauluun.<\/p><p>4. Rautateiden tavaraliikenne:<\/p><p>Kuvaus: Maakuljetukset rautateitse, joita k\u00e4ytet\u00e4\u00e4n usein mannertenv\u00e4liseen kuljetukseen Keski-Aasiaan tai eurooppalaisille asiakkaille.<\/p><p>Toimitusaika: Yleens\u00e4 nopeampi kuin merirahti, mutta hitaampi kuin lentorahti.<\/p><p>Sopii: Suuret l\u00e4hetykset, joiden m\u00e4\u00e4r\u00e4np\u00e4ihin p\u00e4\u00e4see rautateitse.<\/p><p>5. Intermodaalikuljetukset:<\/p><p>Kuvaus: Useiden kuljetusmuotojen yhdistelm\u00e4 (esim. meri- ja rautatieliikenne, kuorma-auto ja lentoliikenne).<\/p><p>Toimitusaika: Riippuen valitusta toimintatapojen yhdistelm\u00e4st\u00e4.<\/p><p>Sopii: Monimutkaiset logistiikkaskenaariot, joissa on erilaisia kuljetustarpeita.<\/p>\t\t\t\t\t\t\t\t<\/div>\n\t\t\t\t\t<\/div>\n\t\t\t\t<\/div>\n\t\t\t\t<\/div>","protected":false},"excerpt":{"rendered":"<p>R\u00e4\u00e4t\u00e4l\u00f6intik\u00e4yt\u00e4nt\u00f6: Cell Instruments Co., Ltd., tunnemme eri toimialojen monipuolisten asiakkaidemme erilaiset ja kehittyv\u00e4t tarpeet. Sitoumuksemme on tarjota yksil\u00f6llisi\u00e4 ratkaisuja kattavan r\u00e4\u00e4t\u00e4l\u00f6intik\u00e4yt\u00e4nn\u00f6n avulla, mik\u00e4 takaa, ett\u00e4 materiaalitestauslaitteemme t\u00e4ytt\u00e4v\u00e4t erityiset ja ainutlaatuiset vaatimuksesi. Olipa painopisteesi sitten pakkaus-, elintarvike-, l\u00e4\u00e4ke-, l\u00e4\u00e4kint\u00e4-, [...]<\/p>","protected":false},"author":1,"featured_media":0,"parent":0,"menu_order":0,"comment_status":"closed","ping_status":"closed","template":"","meta":{"_acf_changed":false,"footnotes":""},"class_list":["post-2076","page","type-page","status-publish","hentry"],"acf":[],"_links":{"self":[{"href":"https:\/\/www.materialstests.com\/fi\/wp-json\/wp\/v2\/pages\/2076","targetHints":{"allow":["GET"]}}],"collection":[{"href":"https:\/\/www.materialstests.com\/fi\/wp-json\/wp\/v2\/pages"}],"about":[{"href":"https:\/\/www.materialstests.com\/fi\/wp-json\/wp\/v2\/types\/page"}],"author":[{"embeddable":true,"href":"https:\/\/www.materialstests.com\/fi\/wp-json\/wp\/v2\/users\/1"}],"replies":[{"embeddable":true,"href":"https:\/\/www.materialstests.com\/fi\/wp-json\/wp\/v2\/comments?post=2076"}],"version-history":[{"count":0,"href":"https:\/\/www.materialstests.com\/fi\/wp-json\/wp\/v2\/pages\/2076\/revisions"}],"wp:attachment":[{"href":"https:\/\/www.materialstests.com\/fi\/wp-json\/wp\/v2\/media?parent=2076"}],"curies":[{"name":"wp","href":"https:\/\/api.w.org\/{rel}","templated":true}]}}