{"id":2020,"date":"2026-01-26T03:32:25","date_gmt":"2026-01-26T03:32:25","guid":{"rendered":"https:\/\/www.materialstests.com\/?page_id=2020"},"modified":"2026-01-26T13:06:21","modified_gmt":"2026-01-26T13:06:21","slug":"about-us","status":"publish","type":"page","link":"https:\/\/www.materialstests.com\/fi\/about-us.html","title":{"rendered":"Tietoa meist\u00e4"},"content":{"rendered":"<div data-elementor-type=\"wp-page\" data-elementor-id=\"2020\" class=\"elementor elementor-2020\" data-elementor-post-type=\"page\">\n\t\t\t\t<div class=\"elementor-element elementor-element-c1e7c03 e-flex e-con-boxed e-con e-parent\" data-id=\"c1e7c03\" data-element_type=\"container\" data-settings=\"{&quot;background_background&quot;:&quot;classic&quot;}\">\n\t\t\t\t\t<div class=\"e-con-inner\">\n\t\t\t\t<div class=\"elementor-element elementor-element-8fd22e0 elementor-widget elementor-widget-heading\" data-id=\"8fd22e0\" data-element_type=\"widget\" data-widget_type=\"heading.default\">\n\t\t\t\t\t<div class=\"elementor-heading-title elementor-size-default\"><nav aria-label=\"korppujauhot\" class=\"rank-math-breadcrumb\"><p><a href=\"https:\/\/www.materialstests.com\/fi\/\">Etusivu<\/a><span class=\"separator\"> \u00bb <\/span><span class=\"last\">Etusivu<\/span><\/p><\/nav>\u200b<\/div>\t\t\t\t<\/div>\n\t\t\t\t\t<\/div>\n\t\t\t\t<\/div>\n\t\t<div class=\"elementor-element elementor-element-f608734 e-flex e-con-boxed e-con e-parent\" data-id=\"f608734\" data-element_type=\"container\">\n\t\t\t\t\t<div class=\"e-con-inner\">\n\t\t\t\t<div class=\"elementor-element elementor-element-58cb6ea elementor-widget elementor-widget-text-editor\" data-id=\"58cb6ea\" data-element_type=\"widget\" data-widget_type=\"text-editor.default\">\n\t\t\t\t\t\t\t\t\t<p>Vuonna 2014 tapahtuneen virallisen perustamisensa j\u00e4lkeen Cell Instruments on noussut nopeasti tuotekehityksess\u00e4 ja innovoinnissa, mik\u00e4 on merkitt\u00e4v\u00e4 luku sen dynaamisessa historiassa. Sitoutumisemme huippuosaamiseen on saanut meid\u00e4t saavuttamaan virstanpylv\u00e4it\u00e4 materiaalitestauslaitteiden alalla, ja meill\u00e4 on kattavat linjat, jotka kattavat pakkausmateriaalien testauksen, l\u00e4\u00e4ketieteellisten materiaalien testauksen, elintarvikkeiden testauksen, farmaseuttisten tuotteiden testauksen, tarttuvuuden testauksen, paperin ja kartongin testauksen sek\u00e4 jopa tilausr\u00e4\u00e4t\u00e4l\u00f6innin. N\u00e4m\u00e4 huippuluokan ratkaisut l\u00f6yt\u00e4v\u00e4t monipuolisia sovelluksia eri teollisuudenaloilla, kuten pakkaus-, elintarvike-, l\u00e4\u00e4ke-, l\u00e4\u00e4ke-, kosmetiikka-, juoma-, yliopisto-, tarkastus-, liimaus- ja tekstiiliteollisuudessa.<\/p>\t\t\t\t\t\t\t\t<\/div>\n\t\t\t\t<div class=\"elementor-element elementor-element-c7d07e9 elementor-widget elementor-widget-image\" data-id=\"c7d07e9\" data-element_type=\"widget\" data-widget_type=\"image.default\">\n\t\t\t\t\t\t\t\t\t\t\t\t\t\t\t<img fetchpriority=\"high\" decoding=\"async\" width=\"800\" height=\"400\" src=\"https:\/\/www.materialstests.com\/wp-content\/uploads\/2026\/01\/bc800e5326c92bfcd7f943355926093a.jpg\" class=\"attachment-large size-large wp-image-2238\" alt=\"Vuototestauslaitteiden valmistaja - Tietoa meist\u00e4\" srcset=\"https:\/\/www.materialstests.com\/wp-content\/uploads\/2026\/01\/bc800e5326c92bfcd7f943355926093a.jpg 800w, https:\/\/www.materialstests.com\/wp-content\/uploads\/2026\/01\/bc800e5326c92bfcd7f943355926093a-300x150.jpg 300w, https:\/\/www.materialstests.com\/wp-content\/uploads\/2026\/01\/bc800e5326c92bfcd7f943355926093a-768x384.jpg 768w, https:\/\/www.materialstests.com\/wp-content\/uploads\/2026\/01\/bc800e5326c92bfcd7f943355926093a-18x9.jpg 18w\" sizes=\"(max-width: 800px) 100vw, 800px\" \/>\t\t\t\t\t\t\t\t\t\t\t\t\t\t\t<\/div>\n\t\t\t\t<div class=\"elementor-element elementor-element-127095f elementor-widget elementor-widget-text-editor\" data-id=\"127095f\" data-element_type=\"widget\" data-widget_type=\"text-editor.default\">\n\t\t\t\t\t\t\t\t\t<p>Maailmanlaajuinen toimintamme on laajentunut huomattavasti, ja se ulottuu yli 70 maahan ja alueelle. Teht\u00e4v\u00e4mme Cell Instruments:ll\u00e4 on muutakin kuin pelkkien testiratkaisujen tarjoaminen, vaan se keskittyy asiakkaiden laadunvalvonnan sek\u00e4 tutkimuksen ja kehityksen muokkaamiseen. Teht\u00e4v\u00e4mme on tulla tunnustetuksi n\u00e4iden prosessien olennaisena \u2018Cell\u2019-yksikk\u00f6n\u00e4, joka tarjoaa kilpailukykyisi\u00e4 ja luotettavia ratkaisuja k\u00e4ytt\u00e4jille maailmanlaajuisesti.<\/p><p>Cell Instruments on alan edell\u00e4k\u00e4vij\u00e4, ja se on edelleen insin\u00f6\u00f6rivetoinen organisaatio, joka on sitoutunut tiukasti standardeihin. Asetamme huippuosaamisen etusijalle, ja olemme aktiivisesti kehitt\u00e4neet laitemalleja, jotka on r\u00e4\u00e4t\u00e4l\u00f6ity vastaamaan asiakkaidemme erityistarpeita varmistaen samalla alan standardien noudattamisen. N\u00e4m\u00e4 laitteet toimivat korvaamattomina ongelmanratkaisuv\u00e4linein\u00e4, jotka on integroitu saumattomasti asiakkaan laboratorioihin, tutkimus- ja kehityskeskuksiin, tuotantolaitoksiin, luentosaleihin ja muuallekin. Tekninen taustamme takaa asiakkaidemme tuotteiden laadun, mink\u00e4 ansiosta he voivat liikkua kansainv\u00e4lisill\u00e4 markkinoilla luottavaisin mielin.<\/p>\t\t\t\t\t\t\t\t<\/div>\n\t\t\t\t<div class=\"elementor-element elementor-element-a0311d4 elementor-widget elementor-widget-image\" data-id=\"a0311d4\" data-element_type=\"widget\" data-widget_type=\"image.default\">\n\t\t\t\t\t\t\t\t\t\t\t\t\t\t\t<img decoding=\"async\" width=\"800\" height=\"400\" src=\"https:\/\/www.materialstests.com\/wp-content\/uploads\/2026\/01\/6f6c3ee6a57f3b5a064c916fc412fc69.jpg\" class=\"attachment-large size-large wp-image-2239\" alt=\"Vuototestauslaitteiden valmistaja - Tietoa meist\u00e4\" srcset=\"https:\/\/www.materialstests.com\/wp-content\/uploads\/2026\/01\/6f6c3ee6a57f3b5a064c916fc412fc69.jpg 800w, https:\/\/www.materialstests.com\/wp-content\/uploads\/2026\/01\/6f6c3ee6a57f3b5a064c916fc412fc69-300x150.jpg 300w, https:\/\/www.materialstests.com\/wp-content\/uploads\/2026\/01\/6f6c3ee6a57f3b5a064c916fc412fc69-768x384.jpg 768w, https:\/\/www.materialstests.com\/wp-content\/uploads\/2026\/01\/6f6c3ee6a57f3b5a064c916fc412fc69-18x9.jpg 18w\" sizes=\"(max-width: 800px) 100vw, 800px\" \/>\t\t\t\t\t\t\t\t\t\t\t\t\t\t\t<\/div>\n\t\t\t\t<div class=\"elementor-element elementor-element-5673870 elementor-widget elementor-widget-text-editor\" data-id=\"5673870\" data-element_type=\"widget\" data-widget_type=\"text-editor.default\">\n\t\t\t\t\t\t\t\t\t<p>Cell Instruments on asemoitunut paitsi huippuluokan testauslaitteiden valmistajana my\u00f6s strategisena kumppanina yritysten menestyksen kannalta kaikkialla maailmassa. Omistautunut tiimimme, jolla on monenlaista asiantuntemusta, tekee v\u00e4sym\u00e4tt\u00e4 yhteisty\u00f6t\u00e4 varmistaakseen, ett\u00e4 asiakkaamme eiv\u00e4t saa vain tuotteita vaan kattavia ratkaisuja, jotka parantavat heid\u00e4n tehokkuuttaan, tuotteidensa laatua ja yleist\u00e4 kilpailukyky\u00e4\u00e4n.<\/p><p>P\u00e4\u00e4konttorimme sijaitsee Jinanin kaupungissa, joka on yksi Pohjois-Kiinan t\u00e4rkeimmist\u00e4 teollisuuskeskuksista, ja se toimii toimintojemme keskuksena, joka on tutkimus- ja kehitystoiminnan sek\u00e4 asiakaskeskeisten aloitteiden keskus.<\/p><p>Menestyksemme ulottuu rajojen yli, sill\u00e4 k\u00e4ymme aktiivisesti kansainv\u00e4list\u00e4 kauppaa ja viemme huippuluokan ratkaisujamme useisiin maihin. T\u00e4m\u00e4 maailmanlaajuinen toiminta on osoitus visiostamme edist\u00e4\u00e4 yhteisty\u00f6t\u00e4 ja jakaa innovaatioita maailmanlaajuisesti.<\/p><p>Kun jatkamme matkaamme kohti huippuosaamista, kutsumme sinut mukaan muokkaamaan laadunvalvonnan sek\u00e4 tutkimuksen ja kehitt\u00e4misen tulevaisuutta maailmanlaajuisesti.<\/p><p>Jos haluat lis\u00e4tietoja t\u00e4st\u00e4 tuotteesta, ota rohkeasti yhteytt\u00e4 meihin. Suosittele muita suosittuja tuotteita sinulle:\u00a0<a class=\"aahaf6o\" title=\"Paperin ja kartongin paksuusmittari\" href=\"https:\/\/www.materialstests.com\/fi\/paper-board-tester.html\/\">Paperin ja kartongin paksuusmittari<\/a>,\u00a0<a class=\"aahaf6o\" title=\"Bruttovuototestauslaitteet\" href=\"https:\/\/www.materialstests.com\/fi\/gross-leak-tester.html\/\">Bruttovuototestauslaitteet<\/a>,\u00a0<a class=\"aahaf6o\" title=\" Bruttovuototestauslaitteiden testaus\" href=\"https:\/\/www.materialstests.com\/fi\/gross-leak-tester.html\/\">Bruttovuototestauslaitteiden testaus<\/a>,\u00a0<a class=\"aahaf6o\" title=\"Bruttovuototestauslaitteiden testaus\" href=\"https:\/\/www.materialstests.com\/fi\/gross-leak-tester.html\/\">Bruttovuototestauslaitteiden testaus<\/a>,\u00a0<a class=\"aahaf6o\" title=\"Gradientti l\u00e4mp\u00f6sulkutesterin valmistaja\" href=\"https:\/\/www.materialstests.com\/fi\/products\/ghs-01-gradient-heat-seal-tester.html\/\">Gradientti l\u00e4mp\u00f6sulkutesterin valmistaja<\/a>,\u00a0<a class=\"aahaf6o\" title=\"Laboratorio Hot Tack Tester\" href=\"https:\/\/www.materialstests.com\/fi\/products\/htt-02-hot-tack-tester.html\/\">Laboratorio Hot Tack Tester<\/a>,\u00a0<a class=\"aahaf6o\" title=\"L\u00e4mp\u00f6gradientin testaaja\" href=\"https:\/\/www.materialstests.com\/fi\/products\/ghs-01-gradient-heat-seal-tester.html\/\">L\u00e4mp\u00f6gradientin testaaja<\/a>,\u00a0<a class=\"aahaf6o\" title=\"kalvoton kutistumistesteri\" href=\"https:\/\/www.materialstests.com\/fi\/shrink-tester.html\/\">kalvoton kutistumistesteri<\/a>,\u00a0<a class=\"aahaf6o\" title=\"elokuva l\u00e4mp\u00f6kutistemittari\" href=\"https:\/\/www.materialstests.com\/fi\/shrink-tester.html\/\">elokuva l\u00e4mp\u00f6kutistemittari<\/a>,\u00a0<a class=\"aahaf6o\" title=\"Joustokest\u00e4vyyden testaaja\" href=\"https:\/\/www.materialstests.com\/fi\/flex-durability-tester.html\/\">Joustokest\u00e4vyyden testaaja<\/a>,\u00a0<a class=\"aahaf6o\" title=\"Gradientti-l\u00e4mp\u00f6sulkumittauslaite\" href=\"https:\/\/www.materialstests.com\/fi\/gradient-heat-seal-tester.html\/\">Gradientti-l\u00e4mp\u00f6sulkumittauslaite<\/a>,\u00a0<a class=\"aahaf6o\" title=\"Kuoriutuminen Cling Tester\" href=\"https:\/\/www.materialstests.com\/fi\/products\/spc-01-stretch-film-peeling-cling-tester.html\/\">Kuoriutuminen Cling Tester<\/a>,\u00a0<a class=\"aahaf6o\" title=\"Pitovoiman testaaja\" href=\"https:\/\/www.materialstests.com\/fi\/holding-power-tester.html\/\">Pitovoiman testaaja<\/a>,\u00a0<a class=\"aahaf6o\" title=\"Laboratorion l\u00e4mp\u00f6tiivisteen testauslaite\" href=\"https:\/\/www.materialstests.com\/fi\/products\/hst-01-heat-seal-tester.html\/\">Laboratorion l\u00e4mp\u00f6tiivisteen testauslaite<\/a>,\u00a0<a class=\"aahaf6o\" title=\"s\u00e4ili\u00f6n kuorinta testeri\" href=\"https:\/\/www.materialstests.com\/fi\/productstags\/container-peeling-tester.html\/\">s\u00e4ili\u00f6n kuorinta testeri<\/a>,\u00a0<a class=\"aahaf6o\" title=\"Kiina l\u00e4mp\u00f6saumaus testaaja toimittajat\" href=\"https:\/\/www.materialstests.com\/fi\/heat-seal-tester.html\/\">Kiina l\u00e4mp\u00f6saumaus testaaja toimittajat<\/a>,\u00a0<a class=\"aahaf6o\" title=\"posliini kuumasaumauksen testaaja\" href=\"https:\/\/www.materialstests.com\/fi\/productstags\/china-heat-sealing-tester-factory.html\/\">posliini kuumasaumauksen testaaja<\/a>,\u00a0<a class=\"aahaf6o\" title=\"l\u00e4mp\u00f6saumaus testaaja tehtaat\" href=\"https:\/\/www.materialstests.com\/fi\/productstags\/heat-sealing-tester-factories.html\/\">l\u00e4mp\u00f6saumaus testaaja tehtaat<\/a>,\u00a0<a class=\"aahaf6o\" title=\"kuumasaumaustesterin tehtaat\" href=\"https:\/\/www.materialstests.com\/fi\/productstags\/heat-sealing-tester-factories.html\/\">kuumasaumaustesterin tehtaat<\/a>,\u00a0<a class=\"aahaf6o\" title=\"Hiilihapotus Tester toimittaja\" href=\"https:\/\/www.materialstests.com\/fi\/products\/clrt-01-carbon-dioxide-volume-tester.html\/\">Hiilihapotus Tester toimittaja<\/a>,\u00a0<a class=\"aahaf6o\" title=\"Hiilihappotestauspalvelut\" href=\"https:\/\/www.materialstests.com\/fi\/products\/clrt-01-carbon-dioxide-volume-tester.html\/\">Hiilihappotestauspalvelut<\/a>,\u00a0<a class=\"aahaf6o\" title=\"Kutistumistesterin palvelut\" href=\"https:\/\/www.materialstests.com\/fi\/shrink-tester.html\/\">Kutistumistesterin palvelut<\/a>,\u00a0<a class=\"aahaf6o\" title=\"Ball Tack Tester toimittaja\" href=\"https:\/\/www.materialstests.com\/fi\/products\/btt-01-ball-tack-tester.html\/\">Ball Tack Tester toimittaja<\/a>,\u00a0<a class=\"aahaf6o\" title=\"Ball Tack Tester vienti\" href=\"https:\/\/www.materialstests.com\/fi\/products\/btt-01-ball-tack-tester.html\/\">Ball Tack Tester vienti<\/a>,\u00a0<a class=\"aahaf6o\" title=\"Flex Durability Tester valmistaja\" href=\"https:\/\/www.materialstests.com\/fi\/flex-durability-tester.html\/\">Flex Durability Tester valmistaja<\/a>,\u00a0<a class=\"aahaf6o\" title=\"Joustokest\u00e4vyyden testaaja toimittaja\" href=\"https:\/\/www.materialstests.com\/fi\/flex-durability-tester.html\/\">Joustokest\u00e4vyyden testaaja toimittaja<\/a>,\u00a0<a class=\"aahaf6o\" title=\"Joustokest\u00e4vyyden testauslaitteen vienti\" href=\"https:\/\/www.materialstests.com\/fi\/flex-durability-tester.html\/\">Joustokest\u00e4vyyden testauslaitteen vienti<\/a>,\u00a0<a class=\"aahaf6o\" title=\"Joustokest\u00e4vyyden testaaja Kiina\" href=\"https:\/\/www.materialstests.com\/fi\/products\/gft-01-flex-durability-tester.html\/\">Joustokest\u00e4vyyden testaaja Kiina<\/a>,\u00a0<a class=\"aahaf6o\" title=\"Flex Durability Tester -palvelut\" href=\"https:\/\/www.materialstests.com\/fi\/products\/gft-01-flex-durability-tester.html\/\">Flex Durability Tester -palvelut<\/a><\/p>\t\t\t\t\t\t\t\t<\/div>\n\t\t\t\t\t<\/div>\n\t\t\t\t<\/div>\n\t\t\t\t<\/div>","protected":false},"excerpt":{"rendered":"<p>\u200b Since its official establishment in 2014, Cell Instruments has rapidly ascended in product development and innovation, marking a significant chapter in its dynamic history. Our commitment to excellence has propelled us to achieve milestones in the field of material test equipment, boasting comprehensive lines that encompass Packaging Material Testing, Medical Material Testing, Food Testing, [&hellip;]<\/p>","protected":false},"author":1,"featured_media":0,"parent":0,"menu_order":0,"comment_status":"closed","ping_status":"closed","template":"","meta":{"_acf_changed":false,"footnotes":""},"class_list":["post-2020","page","type-page","status-publish","hentry"],"acf":[],"_links":{"self":[{"href":"https:\/\/www.materialstests.com\/fi\/wp-json\/wp\/v2\/pages\/2020","targetHints":{"allow":["GET"]}}],"collection":[{"href":"https:\/\/www.materialstests.com\/fi\/wp-json\/wp\/v2\/pages"}],"about":[{"href":"https:\/\/www.materialstests.com\/fi\/wp-json\/wp\/v2\/types\/page"}],"author":[{"embeddable":true,"href":"https:\/\/www.materialstests.com\/fi\/wp-json\/wp\/v2\/users\/1"}],"replies":[{"embeddable":true,"href":"https:\/\/www.materialstests.com\/fi\/wp-json\/wp\/v2\/comments?post=2020"}],"version-history":[{"count":0,"href":"https:\/\/www.materialstests.com\/fi\/wp-json\/wp\/v2\/pages\/2020\/revisions"}],"wp:attachment":[{"href":"https:\/\/www.materialstests.com\/fi\/wp-json\/wp\/v2\/media?parent=2020"}],"curies":[{"name":"wp","href":"https:\/\/api.w.org\/{rel}","templated":true}]}}