{"id":2076,"date":"2026-01-26T05:36:23","date_gmt":"2026-01-26T05:36:23","guid":{"rendered":"https:\/\/www.materialstests.com\/?page_id=2076"},"modified":"2026-01-26T13:07:58","modified_gmt":"2026-01-26T13:07:58","slug":"service-support","status":"publish","type":"page","link":"https:\/\/www.materialstests.com\/et\/service-support.html","title":{"rendered":"Teenuse tugi"},"content":{"rendered":"<div data-elementor-type=\"wp-page\" data-elementor-id=\"2076\" class=\"elementor elementor-2076\" data-elementor-post-type=\"page\">\n\t\t\t\t<div class=\"elementor-element elementor-element-0644825 e-flex e-con-boxed e-con e-parent\" data-id=\"0644825\" data-element_type=\"container\" data-settings=\"{&quot;background_background&quot;:&quot;classic&quot;}\">\n\t\t\t\t\t<div class=\"e-con-inner\">\n\t\t\t\t<div class=\"elementor-element elementor-element-9b508b5 elementor-widget elementor-widget-heading\" data-id=\"9b508b5\" data-element_type=\"widget\" data-widget_type=\"heading.default\">\n\t\t\t\t\t<div class=\"elementor-heading-title elementor-size-default\"><nav aria-label=\"leivapuru\" class=\"rank-math-breadcrumb\"><p><a href=\"https:\/\/www.materialstests.com\/et\/\">Kodu<\/a><span class=\"separator\"> \u00bb <\/span><span class=\"last\">Kodu<\/span><\/p><\/nav>\u200b<\/div>\t\t\t\t<\/div>\n\t\t\t\t\t<\/div>\n\t\t\t\t<\/div>\n\t\t<div class=\"elementor-element elementor-element-760817c e-flex e-con-boxed e-con e-parent\" data-id=\"760817c\" data-element_type=\"container\">\n\t\t\t\t\t<div class=\"e-con-inner\">\n\t\t\t\t<div class=\"elementor-element elementor-element-55a348f elementor-widget elementor-widget-text-editor\" data-id=\"55a348f\" data-element_type=\"widget\" data-widget_type=\"text-editor.default\">\n\t\t\t\t\t\t\t\t\t<p><strong>Kohandamispoliitika:<\/strong><\/p><p>Cell Instruments Co., Ltd. tunneb meie erinevate t\u00f6\u00f6stusharude klientide erip\u00e4raseid ja arenevaid vajadusi. Meie eesm\u00e4rk on pakkuda isikup\u00e4rastatud lahendusi tervikliku kohandamispoliitika kaudu, tagades, et meie materjalikatseseadmed vastavad teie spetsiifilistele ja ainulaadsetele n\u00f5uetele. Olenemata sellest, kas teie fookus on pakendite, toiduainete, ravimite, meditsiini, jookide, kleepuvuse, elektroonika v\u00f5i m\u00f5ne muu t\u00f6\u00f6stusharu valdkonnas, on meie eesm\u00e4rk pakkuda teile tipptasemel materjalikatsete lahendusi, mis on kohandatud t\u00e4pselt teie spetsifikatsioonidele.<\/p><p><strong>Kohandamisprotsess:<\/strong><\/p><p>1. Esialgne konsultatsioon:<\/p><p>- Arutelu ja m\u00f5ttevahetus: V\u00f5tke \u00fchendust meie ekspertidega, et vahetada ideid katsemeetodi, standardite ja erin\u00f5uete kohta.<\/p><p>- Materjali hindamine: Materjali t\u00fc\u00fcbi, laadi ja spetsifikatsioonide hindamine, et teha kindlaks, kas meie olemasoleva testija muutmine v\u00f5ib vastata teie testimisvajadustele.<\/p><p>2. N\u00e4idiste vastuv\u00f5tmine ja muutmine:<\/p><p>- Hindamine: P\u00e4rast kinnitust, et praeguse testija muutmine on teostatav, saame klientidelt proovid.<\/p><p>- Tehniline muudatus: Meie spetsiaalne tehniline meeskond, mis koosneb riist- ja tarkvarainseneridest, muudab olemasolevat testerit hoolikalt, l\u00e4htudes arutatud tehnilistest \u00fcksikasjadest.<\/p><p>*V\u00d5I*<\/p><p>- Uus testija disain: Meie tehniline meeskond projekteerib uue testija ja vastava programmi, mis tagab tervikliku lahenduse.<\/p><p>3. Tulemuslikkuse testimine:<\/p><p>- Kvaliteedi tagamine: Kui muudetud v\u00f5i uus tester on valmis, testime n\u00e4idiseid p\u00f5hjalikult, et tagada optimaalne t\u00f6\u00f6.<\/p><p>4. Katse kontrollimine ja koostoime:<\/p><p>- Video jagamise test: Pakume \u00fcksikasjalikku testivideot, milles n\u00e4idatakse muudetud v\u00f5i uue disainiga testija toimimist.<\/p><p>- Live-testi kutse: Alternatiivselt kutsutakse kliendid meie rajatisse, et olla tunnistajaks live-katsetusele, mis pakub vahetut kogemust seadmete v\u00f5imekusest.<\/p><p>5. Kinnitamine ja saatmine:<\/p><p>- Kliendi heakskiit: P\u00e4rast katsetulemuste l\u00e4bivaatamist ja seadmete toimivuse kogemist kinnitavad kliendid oma rahulolu.<\/p><p>- L\u00f5petamine: P\u00e4rast kinnitust j\u00e4tkame kohandatud testija saatmist, et saavutada \u00f5nnelik tarnekogemus.<\/p><p><strong>Eelised kohandamisel<\/strong><\/p><p>1. Ulatuslik t\u00f6\u00f6stuskogemus:<\/p><p>- T\u00f6\u00f6stusharudevaheline ekspertiis: Meie pikaajaline kohalolek annab meile rikkaliku kogemuse erinevates t\u00f6\u00f6stusharudes, sealhulgas pakendite, toiduainete, ravimite, meditsiini, jookide, liimide, elektroonika ja muudes valdkondades.<\/p><p>- P\u00f5hjalik arusaamine t\u00f6\u00f6stusharust: Meie spetsialistidel on p\u00f5hjalikud teadmised t\u00f6\u00f6stusspetsiifilistest probleemidest ja n\u00f5uetest.<\/p><p>2. Lai tootevalik:<\/p><p>- P\u00f5hjalik tooteportfell: Pakume mitmesuguseid materjalikatseseadmeid, et rahuldada erinevate t\u00f6\u00f6stusharude erinevaid katsevajadusi.<\/p><p>- Lahenduste mitmek\u00fclgsus: Meie lai tootevalik tagab, et me saame pakkuda lahendusi paljudele katserakendustele.<\/p><p>3. Automatiseerimise ekspertiis:<\/p><p>- Automatiseerimise integreerimine: Kasutage meie oskust automatiseerimises, et t\u00f5hustada testimisprotsesse ja suurendada t\u00f5husust.<\/p><p>- Individuaalsed automatiseerimislahendused: Meie kogemus v\u00f5imaldab meil kohandada automatiseeritud lahendusi vastavalt konkreetsetele t\u00f6\u00f6stusharu n\u00f5uetele.<\/p><p>4. Kiire reageerimine ja reageerimine:<\/p><p>- Kiire ja reageerimisv\u00f5imeline meeskond: Meie p\u00fchendunud meeskond tagab kiire reageerimise p\u00e4ringutele, tagades sujuva ja kiire kohandamisprotsessi.<\/p><p>- T\u00f5hus p\u00f6\u00f6rdumine: Kasuta meie p\u00fchendumust pakkuda kohandatud lahendusi m\u00f5istliku aja jooksul.<\/p><p>5. Taskukohasus:<\/p><p>- Kulut\u00f5husad lahendused: Me seame prioriteediks taskukohaste kohandamisv\u00f5imaluste pakkumise, ilma kvaliteedi osas j\u00e4releandmisi tegemata.<\/p><p>- Investeeringu v\u00e4\u00e4rtus: Meie kuluefektiivsed lahendused pakuvad suurep\u00e4rast v\u00e4\u00e4rtust, tagades teie investeeringu positiivse tasuvuse.<\/p><p>6. Katsestandardite m\u00f5istmine:<\/p><p>- Vastavus rahvusvahelistele standarditele: ASTM, ISO, GT, YBB, JIS, DIN, IEC jt.<\/p><p>- T\u00e4psus testimisel: Meie kinnipidamine nendest standarditest tagab meie kohandatud testimislahenduste t\u00e4psuse ja usaldusv\u00e4\u00e4rsuse.<\/p><p>7. Hea keeleoskus:<\/p><p>- T\u00f5hus suhtlemine: Meie meeskonnal on tugev keeleoskus, mis h\u00f5lbustab selget ja t\u00f5husat suhtlust kogu kohandamisprotsessi jooksul.<\/p><p><strong>M\u00fc\u00fcgij\u00e4rgse teeninduse poliitika<\/strong><\/p><p>Cell Instruments Co., Ltd. on p\u00fchendunud erakordse m\u00fc\u00fcgij\u00e4rgse teeninduse pakkumisele, et tagada meie hinnatud klientide rahulolu ja edu. Meie m\u00fc\u00fcgij\u00e4rgse teeninduse poliitika kirjeldab p\u00f5him\u00f5tteid ja menetlusi, millest juhindub meie p\u00fchendumine teie toetamisele kogu toote eluts\u00fckli jooksul.<\/p><p>1. Garantii:<\/p><p>- K\u00f5ikidel Cell Instruments toodetel on standardgarantii, tavaliselt \u00fcks aasta. See garantii katab tootmisvead ja tagab seadme n\u00f5uetekohase toimimise etten\u00e4htud aja jooksul.<\/p><p>2. Garantiin\u00f5uded:<\/p><p>- Garantiin\u00f5ude korral peavad kliendid esitama ostut\u00f5endi ja probleemi \u00fcksikasjaliku kirjelduse.<\/p><p>- Meie tehnilise toe meeskond hindab n\u00f5uet ja teeb kindlaks, kas probleem kuulub garantii alla.<\/p><p>- Kui see on kaetud, parandame v\u00f5i asendame vigased osad v\u00f5i seadmed viivitamata.<\/p><p>3. Tehniline tugi:<\/p><p>- Meie spetsiaalne tehnilise toe meeskond on saadaval, et aidata teid mis tahes k\u00fcsimuste v\u00f5i probleemide korral.<\/p><p>- Kliendid saavad meie tehnilise toega \u00fchendust v\u00f5tta t\u00f6\u00f6ajal aadressil info@celtec.cn.<\/p><p>4. Hooldus- ja kalibreerimisteenused:<\/p><p>- Soovitame optimaalse j\u00f5udluse tagamiseks regulaarset hooldust. Kliendid saavad meie meeskonnaga kokku leppida hooldusteenuste ajakava.<\/p><p>- Katseseadmete t\u00e4psuse s\u00e4ilitamiseks on saadaval kalibreerimisteenused.<\/p><p>5. Varuosade k\u00e4ttesaadavus:<\/p><p>- Meil on varuosade varu, et h\u00f5lbustada kiiret asendamist ja minimeerida seisakuid.<\/p><p>- Kliendid saavad osta originaalvaruosasid otse meilt, et tagada \u00fchilduvus ja j\u00f5udlus.<\/p><p>6. Klientide koolitus:<\/p><p>- Meie klientidele on alati k\u00e4ttesaadavad veebip\u00f5hised koolitused, et maksimeerida nende oskust meie seadmete kasutamisel.<\/p><p>- Koolitust saab l\u00e4bi viia kohapeal (maksumus tuleb arutada) v\u00f5i kaugkoolitusena vastavalt kliendi soovidele.<\/p><p>7. Klientide tagasiside:<\/p><p>- Me hindame klientide tagasisidet, sest see aitab meil oma tooteid ja teenuseid parandada. Kliente julgustatakse andma tagasisidet meie kontaktvormi kaudu v\u00f5i e-posti aadressil info@celtec.cn .<\/p><p>8. Kontaktandmed:<\/p><p>M\u00fc\u00fcgij\u00e4rgse teeninduse k\u00fcsimustes v\u00f5tke palun \u00fchendust meie klienditoe meeskonnaga aadressil info@celtec.cn v\u00f5i +86 18560013985.<\/p><p><strong>KKK<\/strong><\/p><p>K: Milline on Cell Instruments toodete tavaline tarneaeg?<\/p><p>V: Tarneaeg s\u00f5ltub tootest ja kohandamisn\u00f5uetest. Standardtooted saadetakse tavaliselt 5 t\u00f6\u00f6p\u00e4eva v\u00f5i v\u00e4hem.<\/p><p>K: Kas ma saan oma tellimuse kohaletoimetamist kiirendada?<\/p><p>V: Jah, saadaval on kiirveov\u00f5imalused. Palun v\u00f5tke \u00fchendust meie m\u00fc\u00fcgimeeskonnaga, et arutada teie erin\u00f5udeid ja tarnet\u00e4htaegu.<\/p><p>K: Milliseid makseviise te aktsepteerite?<\/p><p>V: Tavaliselt aktsepteerime makseid panga\u00fclekandega.<\/p><p>K: Kas teatud makseviiside kasutamise eest tuleb maksta lisatasu?<\/p><p>V: Meie standardsed makseviisid ei sisalda lisatasusid. Panga\u00fclekannete puhul v\u00f5ivad siiski lisanduda pangatasud.<\/p><p>K: Kuidas on tooted transpordiks pakendatud?<\/p><p>V: Meie tooted on turvaliselt pakitud, et tagada ohutu transport. Me kasutame seadmete kaitsmiseks saatmise ajal l\u00f6\u00f6givastaseid pakkematerjale ja vineerist v\u00f5i kartongist pakendeid.<\/p><p>K: Kas te annate j\u00e4lgimisandmeid saadetud tellimuste kohta?<\/p><p>V: Jah, kui teie tellimus on l\u00e4hetatud, saate e-kirja koos j\u00e4lgimisandmetega, et j\u00e4lgida saadetise staatust.<\/p><p>K: Millised on olemasolevad tarneviisid?<\/p><p>V: Saatmisviisi valik v\u00f5ib varieeruda s\u00f5ltuvalt tarne kiireloomulisusest, eelarvepiirangutest ning kauba suurusest ja kaalust. Teeme alati tihedat koost\u00f6\u00f6d logistikaekspertidega, et optimeerida saatmist meie hinnatud klientide jaoks.<\/p><p>Sageli kasutatavad saatmisviisid on j\u00e4rgmised:<\/p><p>1. Kullerteenused (nt DHL, FedEx, UPS, SF Express):<\/p><p>Kirjeldus: Erakullerifirmad, kes pakuvad ukselt-uksele teenuseid.<\/p><p>Tarneaeg: Kiire transiidiaeg, sarnane kiirlaevandusele.<\/p><p>Sobib: V\u00e4ikesed kuni keskmise suurusega pakendid (GW alla 60 kg), mille puhul on oluline usaldusv\u00e4\u00e4rsus ja kiirus.<\/p><p>2. \u00d5huvedu:<\/p><p>Kirjeldus: Transport \u00f5hutranspordiga, mis on kiirem kui meretransport.<\/p><p>Tarneaeg: Kiirem kui meretransport, kuid tavaliselt aeglasem kui ekspressvedu.<\/p><p>Sobib: M\u00f5\u00f5duka eelarve ja kaaluga ajaliselt tundlikud saadetised. (GW \u00fcle 45 kg).<\/p><p>3. Meretransport:<\/p><p>Kirjeldus: Kulut\u00f5hus suurte ja raskete saadetiste puhul.<\/p><p>Tarneaeg: Pikem transiidiaeg v\u00f5rreldes lennutranspordiga.<\/p><p>Sobib: Suuremahulised saadetised, mille puhul keskendutakse kulude kokkuhoiule ja paindlikule tarnet\u00e4htajale.<\/p><p>4. Raudteekaubaveod:<\/p><p>Kirjeldus: Maismaatransport raudteel, mida kasutatakse sageli kontinentidevaheliseks veoks Kesk-Aasiasse v\u00f5i Euroopa klientideni.<\/p><p>Tarneaeg: \u00dcldiselt kiirem kui meretransport, kuid aeglasem kui \u00f5hutransport.<\/p><p>Sobib: Suured saadetised, mille sihtkohad on k\u00e4ttesaadavad raudteel.<\/p><p>5. \u00dchendvedu:<\/p><p>Kirjeldus: Mitme transpordiliigi (nt mere- ja raudtee-, veoauto- ja \u00f5hutranspordi) kombinatsioon.<\/p><p>Tarneaeg: S\u00f5ltuvalt valitud re\u017eiimide kombinatsioonist.<\/p><p>Sobib: Komplekssed logistilised stsenaariumid, mis h\u00f5lmavad erinevaid transpordivajadusi.<\/p>\t\t\t\t\t\t\t\t<\/div>\n\t\t\t\t\t<\/div>\n\t\t\t\t<\/div>\n\t\t\t\t<\/div>","protected":false},"excerpt":{"rendered":"<p>\u200b Customization Policy: At Cell Instruments Co., Ltd., we recognize the distinct and evolving needs of our diverse clientele spanning various industries. Our commitment is to offer personalized solutions through a comprehensive customization policy, ensuring that our material test equipment meets your specific and unique requirements. Whether your focus lies in packaging, food, pharmaceuticals, medical, [&hellip;]<\/p>","protected":false},"author":1,"featured_media":0,"parent":0,"menu_order":0,"comment_status":"closed","ping_status":"closed","template":"","meta":{"_acf_changed":false,"footnotes":""},"class_list":["post-2076","page","type-page","status-publish","hentry"],"acf":[],"_links":{"self":[{"href":"https:\/\/www.materialstests.com\/et\/wp-json\/wp\/v2\/pages\/2076","targetHints":{"allow":["GET"]}}],"collection":[{"href":"https:\/\/www.materialstests.com\/et\/wp-json\/wp\/v2\/pages"}],"about":[{"href":"https:\/\/www.materialstests.com\/et\/wp-json\/wp\/v2\/types\/page"}],"author":[{"embeddable":true,"href":"https:\/\/www.materialstests.com\/et\/wp-json\/wp\/v2\/users\/1"}],"replies":[{"embeddable":true,"href":"https:\/\/www.materialstests.com\/et\/wp-json\/wp\/v2\/comments?post=2076"}],"version-history":[{"count":0,"href":"https:\/\/www.materialstests.com\/et\/wp-json\/wp\/v2\/pages\/2076\/revisions"}],"wp:attachment":[{"href":"https:\/\/www.materialstests.com\/et\/wp-json\/wp\/v2\/media?parent=2076"}],"curies":[{"name":"wp","href":"https:\/\/api.w.org\/{rel}","templated":true}]}}