{"id":2020,"date":"2026-01-26T03:32:25","date_gmt":"2026-01-26T03:32:25","guid":{"rendered":"https:\/\/www.materialstests.com\/?page_id=2020"},"modified":"2026-01-26T13:06:21","modified_gmt":"2026-01-26T13:06:21","slug":"about-us","status":"publish","type":"page","link":"https:\/\/www.materialstests.com\/et\/about-us.html","title":{"rendered":"Meie kohta"},"content":{"rendered":"<div data-elementor-type=\"wp-page\" data-elementor-id=\"2020\" class=\"elementor elementor-2020\" data-elementor-post-type=\"page\">\n\t\t\t\t<div class=\"elementor-element elementor-element-c1e7c03 e-flex e-con-boxed e-con e-parent\" data-id=\"c1e7c03\" data-element_type=\"container\" data-settings=\"{&quot;background_background&quot;:&quot;classic&quot;}\">\n\t\t\t\t\t<div class=\"e-con-inner\">\n\t\t\t\t<div class=\"elementor-element elementor-element-8fd22e0 elementor-widget elementor-widget-heading\" data-id=\"8fd22e0\" data-element_type=\"widget\" data-widget_type=\"heading.default\">\n\t\t\t\t\t<div class=\"elementor-heading-title elementor-size-default\"><nav aria-label=\"leivapuru\" class=\"rank-math-breadcrumb\"><p><a href=\"https:\/\/www.materialstests.com\/et\/\">Kodu<\/a><span class=\"separator\"> \u00bb <\/span><span class=\"last\">Kodu<\/span><\/p><\/nav>\u200b<\/div>\t\t\t\t<\/div>\n\t\t\t\t\t<\/div>\n\t\t\t\t<\/div>\n\t\t<div class=\"elementor-element elementor-element-f608734 e-flex e-con-boxed e-con e-parent\" data-id=\"f608734\" data-element_type=\"container\">\n\t\t\t\t\t<div class=\"e-con-inner\">\n\t\t\t\t<div class=\"elementor-element elementor-element-58cb6ea elementor-widget elementor-widget-text-editor\" data-id=\"58cb6ea\" data-element_type=\"widget\" data-widget_type=\"text-editor.default\">\n\t\t\t\t\t\t\t\t\t<p>Alates ametlikust asutamisest 2014. aastal on Cell Instruments tootearenduses ja innovatsioonis kiiresti t\u00f5usnud, t\u00e4histades olulist peat\u00fckki oma d\u00fcnaamilises ajaloos. Meie p\u00fchendumine tipptasemele on meid ajendanud saavutama verstaposte materjalide katseseadmete valdkonnas, uhkeldades terviklike liinidega, mis h\u00f5lmavad pakendimaterjalide katsetamist, meditsiiniliste materjalide katsetamist, toiduainete katsetamist, ravimite katsetamist, kleepuvuse katsetamist, paberi ja kartongi katsetamist ning isegi n\u00f5udmisel kohandamist. Need tipptasemel lahendused leiavad mitmek\u00fclgseid rakendusi erinevates t\u00f6\u00f6stusharudes, sealhulgas pakendite, toiduainete, ravimite, meditsiini, kosmeetika, jookide, \u00fclikoolide, inspekteerimise, kleepuvuse ja tekstiili valdkonnas.<\/p>\t\t\t\t\t\t\t\t<\/div>\n\t\t\t\t<div class=\"elementor-element elementor-element-c7d07e9 elementor-widget elementor-widget-image\" data-id=\"c7d07e9\" data-element_type=\"widget\" data-widget_type=\"image.default\">\n\t\t\t\t\t\t\t\t\t\t\t\t\t\t\t<img fetchpriority=\"high\" decoding=\"async\" width=\"800\" height=\"400\" src=\"https:\/\/www.materialstests.com\/wp-content\/uploads\/2026\/01\/bc800e5326c92bfcd7f943355926093a.jpg\" class=\"attachment-large size-large wp-image-2238\" alt=\"Lekkekatseseadmete tootja - MEIST\" srcset=\"https:\/\/www.materialstests.com\/wp-content\/uploads\/2026\/01\/bc800e5326c92bfcd7f943355926093a.jpg 800w, https:\/\/www.materialstests.com\/wp-content\/uploads\/2026\/01\/bc800e5326c92bfcd7f943355926093a-300x150.jpg 300w, https:\/\/www.materialstests.com\/wp-content\/uploads\/2026\/01\/bc800e5326c92bfcd7f943355926093a-768x384.jpg 768w, https:\/\/www.materialstests.com\/wp-content\/uploads\/2026\/01\/bc800e5326c92bfcd7f943355926093a-18x9.jpg 18w\" sizes=\"(max-width: 800px) 100vw, 800px\" \/>\t\t\t\t\t\t\t\t\t\t\t\t\t\t\t<\/div>\n\t\t\t\t<div class=\"elementor-element elementor-element-127095f elementor-widget elementor-widget-text-editor\" data-id=\"127095f\" data-element_type=\"widget\" data-widget_type=\"text-editor.default\">\n\t\t\t\t\t\t\t\t\t<p>Meie \u00fclemaailmne tegevusala on oluliselt laienenud, ulatudes ja m\u00f5jutades \u00fcle 70 riigi ja piirkonna. Cell Instruments missioon ulatub kaugemale kui pelgalt katselahenduste pakkumine; see keerleb klientide kvaliteedikontrolli ning teadus- ja arendustegevuse maastiku kujundamise \u00fcmber. Meie missioon on olla tunnustatud lahutamatu \u2018raku\u2019 \u00fcksus nendes protsessides, pakkudes kasutajatele konkurentsiv\u00f5imelisi ja usaldusv\u00e4\u00e4rseid lahendusi kogu maailmas.<\/p><p>Cell Instruments on t\u00f6\u00f6stusharu teerajaja, kes on j\u00e4tkuvalt inseneride poolt juhitud organisatsioon, kes on kindlalt p\u00fchendunud standardite j\u00e4rgimisele. Seades esikohale tipptaseme, oleme aktiivselt v\u00e4lja t\u00f6\u00f6tanud meie klientide erivajadustele kohandatud m\u00f5\u00f5teriistamudelid, tagades samal ajal vastavuse t\u00f6\u00f6stusstandarditele. Need instrumendid on hindamatud probleemide lahendamise vahendid, mis on sujuvalt integreeritud klientide laboritesse, teadus- ja arenduskeskustesse, tootmiskohtadesse, loenguruumidesse ja mujalegi. Meie tehniline taust tagab meie klientide toodete kvaliteedi, mis v\u00f5imaldab neil rahvusvahelisel turul kindlalt liikuda.<\/p>\t\t\t\t\t\t\t\t<\/div>\n\t\t\t\t<div class=\"elementor-element elementor-element-a0311d4 elementor-widget elementor-widget-image\" data-id=\"a0311d4\" data-element_type=\"widget\" data-widget_type=\"image.default\">\n\t\t\t\t\t\t\t\t\t\t\t\t\t\t\t<img decoding=\"async\" width=\"800\" height=\"400\" src=\"https:\/\/www.materialstests.com\/wp-content\/uploads\/2026\/01\/6f6c3ee6a57f3b5a064c916fc412fc69.jpg\" class=\"attachment-large size-large wp-image-2239\" alt=\"Lekkekatseseadmete tootja - MEIST\" srcset=\"https:\/\/www.materialstests.com\/wp-content\/uploads\/2026\/01\/6f6c3ee6a57f3b5a064c916fc412fc69.jpg 800w, https:\/\/www.materialstests.com\/wp-content\/uploads\/2026\/01\/6f6c3ee6a57f3b5a064c916fc412fc69-300x150.jpg 300w, https:\/\/www.materialstests.com\/wp-content\/uploads\/2026\/01\/6f6c3ee6a57f3b5a064c916fc412fc69-768x384.jpg 768w, https:\/\/www.materialstests.com\/wp-content\/uploads\/2026\/01\/6f6c3ee6a57f3b5a064c916fc412fc69-18x9.jpg 18w\" sizes=\"(max-width: 800px) 100vw, 800px\" \/>\t\t\t\t\t\t\t\t\t\t\t\t\t\t\t<\/div>\n\t\t\t\t<div class=\"elementor-element elementor-element-5673870 elementor-widget elementor-widget-text-editor\" data-id=\"5673870\" data-element_type=\"widget\" data-widget_type=\"text-editor.default\">\n\t\t\t\t\t\t\t\t\t<p>Cell Instruments ei ole end positsioneerinud mitte ainult tipptasemel katseseadmete tootjana, vaid ka strateegilise partnerina ettev\u00f5tete edule kogu maailmas. Meie p\u00fchendunud meeskond, kes on varustatud mitmek\u00fclgsete eriteadmistega, teeb v\u00e4simatult koost\u00f6\u00f6d, et tagada, et meie kliendid ei saaks mitte ainult tooteid, vaid terviklahendusi, mis suurendavad nende t\u00f5husust, tootekvaliteeti ja \u00fcldist konkurentsiv\u00f5imet.<\/p><p>Meie peakorter asub Jinan City's, mis on \u00fcks P\u00f5hja-Hiina peamisi t\u00f6\u00f6stuskeskusi, ning on meie tegevuse keskus, mis on teadus- ja arendustegevuse ning kliendikeskse algatuse keskuseks.<\/p><p>Meie edu ulatub \u00fcle piiride, sest me tegeleme aktiivselt rahvusvahelise kaubandusega, eksportides oma tipptasemel lahendusi paljudesse riikidesse. Selline \u00fclemaailmne haare on tunnistus meie visioonist edendada koost\u00f6\u00f6d ja jagada innovatsiooni globaalsel tasandil.<\/p><p>J\u00e4tkates oma teekonda tipptaseme suunas, kutsume teid \u00fcles \u00fchinema meiega, et kujundada kvaliteedikontrolli ning teadus- ja arendustegevuse tulevikku \u00fclemaailmses ulatuses.<\/p><p>Kui soovite selle toote kohta lisateavet, v\u00f5tke meiega \u00fchendust. Soovitan teile teisi populaarseid tooteid:\u00a0<a class=\"aahaf6o\" title=\"Paberi ja kartongi paksuse tester\" href=\"https:\/\/www.materialstests.com\/et\/paper-board-tester.html\/\">Paberi ja kartongi paksuse tester<\/a>,\u00a0<a class=\"aahaf6o\" title=\"Gross Leak Tester seadmed\" href=\"https:\/\/www.materialstests.com\/et\/gross-leak-tester.html\/\">Gross Leak Tester seadmed<\/a>,\u00a0<a class=\"aahaf6o\" title=\" Gross Leak Tester seadmete testimine\" href=\"https:\/\/www.materialstests.com\/et\/gross-leak-tester.html\/\">Gross Leak Tester seadmete testimine<\/a>,\u00a0<a class=\"aahaf6o\" title=\"Gross Leak Tester seadmete testimine\" href=\"https:\/\/www.materialstests.com\/et\/gross-leak-tester.html\/\">Gross Leak Tester seadmete testimine<\/a>,\u00a0<a class=\"aahaf6o\" title=\"Gradientne soojussulgeja tester Tootja\" href=\"https:\/\/www.materialstests.com\/et\/products\/ghs-01-gradient-heat-seal-tester.html\/\">Gradientne soojussulgeja tester Tootja<\/a>,\u00a0<a class=\"aahaf6o\" title=\"Laboratooriumi kuumakinnituse tester\" href=\"https:\/\/www.materialstests.com\/et\/products\/htt-02-hot-tack-tester.html\/\">Laboratooriumi kuumakinnituse tester<\/a>,\u00a0<a class=\"aahaf6o\" title=\"Soojusgradiendi tester\" href=\"https:\/\/www.materialstests.com\/et\/products\/ghs-01-gradient-heat-seal-tester.html\/\">Soojusgradiendi tester<\/a>,\u00a0<a class=\"aahaf6o\" title=\"kilevaba kokkut\u00f5mbetesti\" href=\"https:\/\/www.materialstests.com\/et\/shrink-tester.html\/\">kilevaba kokkut\u00f5mbetesti<\/a>,\u00a0<a class=\"aahaf6o\" title=\"kile termokahanemise tester\" href=\"https:\/\/www.materialstests.com\/et\/shrink-tester.html\/\">kile termokahanemise tester<\/a>,\u00a0<a class=\"aahaf6o\" title=\"Paindlikkuse tester\" href=\"https:\/\/www.materialstests.com\/et\/flex-durability-tester.html\/\">Paindlikkuse tester<\/a>,\u00a0<a class=\"aahaf6o\" title=\"Gradientne kuumuse tihendi tester\" href=\"https:\/\/www.materialstests.com\/et\/gradient-heat-seal-tester.html\/\">Gradientne kuumuse tihendi tester<\/a>,\u00a0<a class=\"aahaf6o\" title=\"Peeling Cling Tester\" href=\"https:\/\/www.materialstests.com\/et\/products\/spc-01-stretch-film-peeling-cling-tester.html\/\">Peeling Cling Tester<\/a>,\u00a0<a class=\"aahaf6o\" title=\"Holding Power Tester\" href=\"https:\/\/www.materialstests.com\/et\/holding-power-tester.html\/\">Holding Power Tester<\/a>,\u00a0<a class=\"aahaf6o\" title=\"Laboratooriumi kuumkindluse tester\" href=\"https:\/\/www.materialstests.com\/et\/products\/hst-01-heat-seal-tester.html\/\">Laboratooriumi kuumkindluse tester<\/a>,\u00a0<a class=\"aahaf6o\" title=\"konteineri koorimise tester\" href=\"https:\/\/www.materialstests.com\/et\/productstags\/container-peeling-tester.html\/\">konteineri koorimise tester<\/a>,\u00a0<a class=\"aahaf6o\" title=\"Hiina soojus pitsat tester tarnijad\" href=\"https:\/\/www.materialstests.com\/et\/heat-seal-tester.html\/\">Hiina soojus pitsat tester tarnijad<\/a>,\u00a0<a class=\"aahaf6o\" title=\"Hiina termotihendi tester\" href=\"https:\/\/www.materialstests.com\/et\/productstags\/china-heat-sealing-tester-factory.html\/\">Hiina termotihendi tester<\/a>,\u00a0<a class=\"aahaf6o\" title=\"soojus pitsat tester tehased\" href=\"https:\/\/www.materialstests.com\/et\/productstags\/heat-sealing-tester-factories.html\/\">soojus pitsat tester tehased<\/a>,\u00a0<a class=\"aahaf6o\" title=\"kuumkinnitusseadmete tester tehased\" href=\"https:\/\/www.materialstests.com\/et\/productstags\/heat-sealing-tester-factories.html\/\">kuumkinnitusseadmete tester tehased<\/a>,\u00a0<a class=\"aahaf6o\" title=\"Karboniseerimise testija tarnija\" href=\"https:\/\/www.materialstests.com\/et\/products\/clrt-01-carbon-dioxide-volume-tester.html\/\">Karboniseerimise testija tarnija<\/a>,\u00a0<a class=\"aahaf6o\" title=\"Karboniseerimise testija teenused\" href=\"https:\/\/www.materialstests.com\/et\/products\/clrt-01-carbon-dioxide-volume-tester.html\/\">Karboniseerimise testija teenused<\/a>,\u00a0<a class=\"aahaf6o\" title=\"Shrink Tester teenused\" href=\"https:\/\/www.materialstests.com\/et\/shrink-tester.html\/\">Shrink Tester teenused<\/a>,\u00a0<a class=\"aahaf6o\" title=\"Ball Tack Tester tarnija\" href=\"https:\/\/www.materialstests.com\/et\/products\/btt-01-ball-tack-tester.html\/\">Ball Tack Tester tarnija<\/a>,\u00a0<a class=\"aahaf6o\" title=\"Ball Tack Tester eksport\" href=\"https:\/\/www.materialstests.com\/et\/products\/btt-01-ball-tack-tester.html\/\">Ball Tack Tester eksport<\/a>,\u00a0<a class=\"aahaf6o\" title=\"Flex Durability Tester tootja\" href=\"https:\/\/www.materialstests.com\/et\/flex-durability-tester.html\/\">Flex Durability Tester tootja<\/a>,\u00a0<a class=\"aahaf6o\" title=\"Flex vastupidavuse testija tarnija\" href=\"https:\/\/www.materialstests.com\/et\/flex-durability-tester.html\/\">Flex vastupidavuse testija tarnija<\/a>,\u00a0<a class=\"aahaf6o\" title=\"Paindlikkuse testija eksport\" href=\"https:\/\/www.materialstests.com\/et\/flex-durability-tester.html\/\">Paindlikkuse testija eksport<\/a>,\u00a0<a class=\"aahaf6o\" title=\"Paindlikkuse tester Hiina\" href=\"https:\/\/www.materialstests.com\/et\/products\/gft-01-flex-durability-tester.html\/\">Paindlikkuse tester Hiina<\/a>,\u00a0<a class=\"aahaf6o\" title=\"Flex Durability Tester teenused\" href=\"https:\/\/www.materialstests.com\/et\/products\/gft-01-flex-durability-tester.html\/\">Flex Durability Tester teenused<\/a><\/p>\t\t\t\t\t\t\t\t<\/div>\n\t\t\t\t\t<\/div>\n\t\t\t\t<\/div>\n\t\t\t\t<\/div>","protected":false},"excerpt":{"rendered":"<p>\u200b Since its official establishment in 2014, Cell Instruments has rapidly ascended in product development and innovation, marking a significant chapter in its dynamic history. Our commitment to excellence has propelled us to achieve milestones in the field of material test equipment, boasting comprehensive lines that encompass Packaging Material Testing, Medical Material Testing, Food Testing, [&hellip;]<\/p>","protected":false},"author":1,"featured_media":0,"parent":0,"menu_order":0,"comment_status":"closed","ping_status":"closed","template":"","meta":{"_acf_changed":false,"footnotes":""},"class_list":["post-2020","page","type-page","status-publish","hentry"],"acf":[],"_links":{"self":[{"href":"https:\/\/www.materialstests.com\/et\/wp-json\/wp\/v2\/pages\/2020","targetHints":{"allow":["GET"]}}],"collection":[{"href":"https:\/\/www.materialstests.com\/et\/wp-json\/wp\/v2\/pages"}],"about":[{"href":"https:\/\/www.materialstests.com\/et\/wp-json\/wp\/v2\/types\/page"}],"author":[{"embeddable":true,"href":"https:\/\/www.materialstests.com\/et\/wp-json\/wp\/v2\/users\/1"}],"replies":[{"embeddable":true,"href":"https:\/\/www.materialstests.com\/et\/wp-json\/wp\/v2\/comments?post=2020"}],"version-history":[{"count":0,"href":"https:\/\/www.materialstests.com\/et\/wp-json\/wp\/v2\/pages\/2020\/revisions"}],"wp:attachment":[{"href":"https:\/\/www.materialstests.com\/et\/wp-json\/wp\/v2\/media?parent=2020"}],"curies":[{"name":"wp","href":"https:\/\/api.w.org\/{rel}","templated":true}]}}