{"id":2080,"date":"2026-01-26T05:37:24","date_gmt":"2026-01-26T05:37:24","guid":{"rendered":"https:\/\/www.materialstests.com\/?page_id=2080"},"modified":"2026-01-26T13:36:05","modified_gmt":"2026-01-26T13:36:05","slug":"faq","status":"publish","type":"page","link":"https:\/\/www.materialstests.com\/es\/faq.html","title":{"rendered":"PREGUNTAS FRECUENTES"},"content":{"rendered":"<div data-elementor-type=\"wp-page\" data-elementor-id=\"2080\" class=\"elementor elementor-2080\" data-elementor-post-type=\"page\">\n\t\t\t\t<div class=\"elementor-element elementor-element-968636c e-flex e-con-boxed e-con e-parent\" data-id=\"968636c\" data-element_type=\"container\" data-settings=\"{&quot;background_background&quot;:&quot;classic&quot;}\">\n\t\t\t\t\t<div class=\"e-con-inner\">\n\t\t\t\t<div class=\"elementor-element elementor-element-c11cda6 elementor-widget elementor-widget-heading\" data-id=\"c11cda6\" data-element_type=\"widget\" data-widget_type=\"heading.default\">\n\t\t\t\t\t<div class=\"elementor-heading-title elementor-size-default\"><nav aria-label=\"pan rallado\" class=\"rank-math-breadcrumb\"><p><a href=\"https:\/\/www.materialstests.com\/es\/\">Inicio<\/a><span class=\"separator\"> \u00bb <\/span><span class=\"last\">Inicio<\/span><\/p><\/nav>\u200b<\/div>\t\t\t\t<\/div>\n\t\t\t\t\t<\/div>\n\t\t\t\t<\/div>\n\t\t<div class=\"elementor-element elementor-element-dd484b9 e-flex e-con-boxed e-con e-parent\" data-id=\"dd484b9\" data-element_type=\"container\">\n\t\t\t\t\t<div class=\"e-con-inner\">\n\t\t\t\t<div class=\"elementor-element elementor-element-4188fa4 elementor-widget elementor-widget-n-accordion\" data-id=\"4188fa4\" data-element_type=\"widget\" data-settings=\"{&quot;default_state&quot;:&quot;all_collapsed&quot;,&quot;max_items_expended&quot;:&quot;multiple&quot;,&quot;n_accordion_animation_duration&quot;:{&quot;unit&quot;:&quot;ms&quot;,&quot;size&quot;:400,&quot;sizes&quot;:[]}}\" data-widget_type=\"nested-accordion.default\">\n\t\t\t\t\t\t\t<div class=\"e-n-accordion\" aria-label=\"Acorde\u00f3n. Abra los enlaces con Intro o Espacio, ci\u00e9rrelos con Escape y navegue con las teclas de flecha.\">\n\t\t\t\t\t\t<details id=\"e-n-accordion-item-6870\" class=\"e-n-accordion-item\" >\n\t\t\t\t<summary class=\"e-n-accordion-item-title\" data-accordion-index=\"1\" tabindex=\"0\" aria-expanded=\"false\" aria-controls=\"e-n-accordion-item-6870\" >\n\t\t\t\t\t<span class='e-n-accordion-item-title-header'><div class=\"e-n-accordion-item-title-text\"> Q\uff1a \u00bfEs usted fabricante o empresa comercial? <\/div><\/span>\n\t\t\t\t\t\t\t\t\t<\/summary>\n\t\t\t\t<div role=\"region\" aria-labelledby=\"e-n-accordion-item-6870\" class=\"elementor-element elementor-element-862560b e-con-full e-flex e-con e-child\" data-id=\"862560b\" data-element_type=\"container\" data-settings=\"{&quot;background_background&quot;:&quot;classic&quot;}\">\n\t\t<div role=\"region\" aria-labelledby=\"e-n-accordion-item-6870\" class=\"elementor-element elementor-element-76d5dfa e-flex e-con-boxed e-con e-child\" data-id=\"76d5dfa\" data-element_type=\"container\">\n\t\t\t\t\t<div class=\"e-con-inner\">\n\t\t\t\t<div class=\"elementor-element elementor-element-89c75be elementor-widget elementor-widget-text-editor\" data-id=\"89c75be\" data-element_type=\"widget\" data-widget_type=\"text-editor.default\">\n\t\t\t\t\t\t\t\t\t<p>R: Somos fabricantes especializados en instrumentos de ensayo de materiales para industrias como la del envasado, los dispositivos m\u00e9dicos, los productos farmac\u00e9uticos, los cosm\u00e9ticos, los alimentos, las bebidas y los adhesivos. Nuestra sede se encuentra en la ciudad de Jinan, Shandong, China.<\/p>\t\t\t\t\t\t\t\t<\/div>\n\t\t\t\t\t<\/div>\n\t\t\t\t<\/div>\n\t\t\t\t<\/div>\n\t\t\t\t\t<\/details>\n\t\t\t\t\t\t<details id=\"e-n-accordion-item-6871\" class=\"e-n-accordion-item\" >\n\t\t\t\t<summary class=\"e-n-accordion-item-title\" data-accordion-index=\"2\" tabindex=\"-1\" aria-expanded=\"false\" aria-controls=\"e-n-accordion-item-6871\" >\n\t\t\t\t\t<span class='e-n-accordion-item-title-header'><div class=\"e-n-accordion-item-title-text\"> Q\uff1a \u00bfD\u00f3nde puedo comprar sus comprobadores de materiales? <\/div><\/span>\n\t\t\t\t\t\t\t\t\t<\/summary>\n\t\t\t\t<div role=\"region\" aria-labelledby=\"e-n-accordion-item-6871\" class=\"elementor-element elementor-element-d3f4d4c e-con-full e-flex e-con e-child\" data-id=\"d3f4d4c\" data-element_type=\"container\" data-settings=\"{&quot;background_background&quot;:&quot;classic&quot;}\">\n\t\t<div role=\"region\" aria-labelledby=\"e-n-accordion-item-6871\" class=\"elementor-element elementor-element-da44084 e-flex e-con-boxed e-con e-child\" data-id=\"da44084\" data-element_type=\"container\">\n\t\t\t\t\t<div class=\"e-con-inner\">\n\t\t\t\t<div class=\"elementor-element elementor-element-fac06b9 elementor-widget elementor-widget-text-editor\" data-id=\"fac06b9\" data-element_type=\"widget\" data-widget_type=\"text-editor.default\">\n\t\t\t\t\t\t\t\t\t<p>R: Exportamos directamente nuestros comprobadores desde China. Adem\u00e1s, en algunas regiones contamos con representantes locales que se encargan de las ventas y ofrecen asistencia.<\/p>\t\t\t\t\t\t\t\t<\/div>\n\t\t\t\t\t<\/div>\n\t\t\t\t<\/div>\n\t\t\t\t<\/div>\n\t\t\t\t\t<\/details>\n\t\t\t\t\t\t<details id=\"e-n-accordion-item-6872\" class=\"e-n-accordion-item\" >\n\t\t\t\t<summary class=\"e-n-accordion-item-title\" data-accordion-index=\"3\" tabindex=\"-1\" aria-expanded=\"false\" aria-controls=\"e-n-accordion-item-6872\" >\n\t\t\t\t\t<span class='e-n-accordion-item-title-header'><div class=\"e-n-accordion-item-title-text\"> Q\uff1a \u00bfC\u00f3mo se gestiona el proceso de instalaci\u00f3n? <\/div><\/span>\n\t\t\t\t\t\t\t\t\t<\/summary>\n\t\t\t\t<div role=\"region\" aria-labelledby=\"e-n-accordion-item-6872\" class=\"elementor-element elementor-element-6d8cb15 e-con-full e-flex e-con e-child\" data-id=\"6d8cb15\" data-element_type=\"container\" data-settings=\"{&quot;background_background&quot;:&quot;classic&quot;}\">\n\t\t<div role=\"region\" aria-labelledby=\"e-n-accordion-item-6872\" class=\"elementor-element elementor-element-5b56bcd e-flex e-con-boxed e-con e-child\" data-id=\"5b56bcd\" data-element_type=\"container\">\n\t\t\t\t\t<div class=\"e-con-inner\">\n\t\t\t\t<div class=\"elementor-element elementor-element-f82ace7 elementor-widget elementor-widget-text-editor\" data-id=\"f82ace7\" data-element_type=\"widget\" data-widget_type=\"text-editor.default\">\n\t\t\t\t\t\t\t\t\tR: Por lo general, entregamos los comprobadores como unidades completas, y el manual de funcionamiento proporciona instrucciones detalladas para su instalaci\u00f3n. Adem\u00e1s, ofrecemos asistencia gratuita en l\u00ednea para la instalaci\u00f3n y la puesta en marcha.\t\t\t\t\t\t\t\t<\/div>\n\t\t\t\t\t<\/div>\n\t\t\t\t<\/div>\n\t\t\t\t<\/div>\n\t\t\t\t\t<\/details>\n\t\t\t\t\t\t<details id=\"e-n-accordion-item-6873\" class=\"e-n-accordion-item\" >\n\t\t\t\t<summary class=\"e-n-accordion-item-title\" data-accordion-index=\"4\" tabindex=\"-1\" aria-expanded=\"false\" aria-controls=\"e-n-accordion-item-6873\" >\n\t\t\t\t\t<span class='e-n-accordion-item-title-header'><div class=\"e-n-accordion-item-title-text\"> Q\uff1a \u00bfOfrecen servicio posventa? <\/div><\/span>\n\t\t\t\t\t\t\t\t\t<\/summary>\n\t\t\t\t<div role=\"region\" aria-labelledby=\"e-n-accordion-item-6873\" class=\"elementor-element elementor-element-961bbe7 e-con-full e-flex e-con e-child\" data-id=\"961bbe7\" data-element_type=\"container\" data-settings=\"{&quot;background_background&quot;:&quot;classic&quot;}\">\n\t\t<div role=\"region\" aria-labelledby=\"e-n-accordion-item-6873\" class=\"elementor-element elementor-element-39e1cef e-flex e-con-boxed e-con e-child\" data-id=\"39e1cef\" data-element_type=\"container\">\n\t\t\t\t\t<div class=\"e-con-inner\">\n\t\t\t\t<div class=\"elementor-element elementor-element-3e7962b elementor-widget elementor-widget-text-editor\" data-id=\"3e7962b\" data-element_type=\"widget\" data-widget_type=\"text-editor.default\">\n\t\t\t\t\t\t\t\t\tR: S\u00ed, como fabricante, podemos identificar y guiar f\u00e1cilmente a los usuarios para resolver cualquier problema. Cuando recibimos un informe posventa, respondemos en el plazo de un d\u00eda laborable y ofrecemos soluciones en las 8 horas siguientes.\t\t\t\t\t\t\t\t<\/div>\n\t\t\t\t\t<\/div>\n\t\t\t\t<\/div>\n\t\t\t\t<\/div>\n\t\t\t\t\t<\/details>\n\t\t\t\t\t\t<details id=\"e-n-accordion-item-6874\" class=\"e-n-accordion-item\" >\n\t\t\t\t<summary class=\"e-n-accordion-item-title\" data-accordion-index=\"5\" tabindex=\"-1\" aria-expanded=\"false\" aria-controls=\"e-n-accordion-item-6874\" >\n\t\t\t\t\t<span class='e-n-accordion-item-title-header'><div class=\"e-n-accordion-item-title-text\"> Q\uff1a \u00bfCu\u00e1l es el periodo de garant\u00eda de sus productos? <\/div><\/span>\n\t\t\t\t\t\t\t\t\t<\/summary>\n\t\t\t\t<div role=\"region\" aria-labelledby=\"e-n-accordion-item-6874\" class=\"elementor-element elementor-element-9d39525 e-con-full e-flex e-con e-child\" data-id=\"9d39525\" data-element_type=\"container\" data-settings=\"{&quot;background_background&quot;:&quot;classic&quot;}\">\n\t\t<div role=\"region\" aria-labelledby=\"e-n-accordion-item-6874\" class=\"elementor-element elementor-element-c4fcbc9 e-flex e-con-boxed e-con e-child\" data-id=\"c4fcbc9\" data-element_type=\"container\">\n\t\t\t\t\t<div class=\"e-con-inner\">\n\t\t\t\t<div class=\"elementor-element elementor-element-2bcd980 elementor-widget elementor-widget-text-editor\" data-id=\"2bcd980\" data-element_type=\"widget\" data-widget_type=\"text-editor.default\">\n\t\t\t\t\t\t\t\t\tR: Nuestra garant\u00eda cubre 12 meses por defectos de fabricaci\u00f3n. Adem\u00e1s, ofrecemos asistencia t\u00e9cnica gratuita de por vida.\t\t\t\t\t\t\t\t<\/div>\n\t\t\t\t\t<\/div>\n\t\t\t\t<\/div>\n\t\t\t\t<\/div>\n\t\t\t\t\t<\/details>\n\t\t\t\t\t\t<details id=\"e-n-accordion-item-6875\" class=\"e-n-accordion-item\" >\n\t\t\t\t<summary class=\"e-n-accordion-item-title\" data-accordion-index=\"6\" tabindex=\"-1\" aria-expanded=\"false\" aria-controls=\"e-n-accordion-item-6875\" >\n\t\t\t\t\t<span class='e-n-accordion-item-title-header'><div class=\"e-n-accordion-item-title-text\"> Q\uff1a \u00bfCu\u00e1l es el plazo de entrega previsto? <\/div><\/span>\n\t\t\t\t\t\t\t\t\t<\/summary>\n\t\t\t\t<div role=\"region\" aria-labelledby=\"e-n-accordion-item-6875\" class=\"elementor-element elementor-element-6a4f3ba e-con-full e-flex e-con e-child\" data-id=\"6a4f3ba\" data-element_type=\"container\" data-settings=\"{&quot;background_background&quot;:&quot;classic&quot;}\">\n\t\t<div role=\"region\" aria-labelledby=\"e-n-accordion-item-6875\" class=\"elementor-element elementor-element-223fedd e-flex e-con-boxed e-con e-child\" data-id=\"223fedd\" data-element_type=\"container\">\n\t\t\t\t\t<div class=\"e-con-inner\">\n\t\t\t\t<div class=\"elementor-element elementor-element-f061c38 elementor-widget elementor-widget-text-editor\" data-id=\"f061c38\" data-element_type=\"widget\" data-widget_type=\"text-editor.default\">\n\t\t\t\t\t\t\t\t\tR: Para los modelos est\u00e1ndar, el plazo de entrega es de 1-5 d\u00edas laborables. Los modelos personalizados suelen requerir unos 10-20 d\u00edas laborables para su entrega.\t\t\t\t\t\t\t\t<\/div>\n\t\t\t\t\t<\/div>\n\t\t\t\t<\/div>\n\t\t\t\t<\/div>\n\t\t\t\t\t<\/details>\n\t\t\t\t\t\t<details id=\"e-n-accordion-item-6876\" class=\"e-n-accordion-item\" >\n\t\t\t\t<summary class=\"e-n-accordion-item-title\" data-accordion-index=\"7\" tabindex=\"-1\" aria-expanded=\"false\" aria-controls=\"e-n-accordion-item-6876\" >\n\t\t\t\t\t<span class='e-n-accordion-item-title-header'><div class=\"e-n-accordion-item-title-text\"> Q\uff1a \u00bfPuedo obtener una demostraci\u00f3n o prueba de sus comprobadores de materiales antes de comprar? <\/div><\/span>\n\t\t\t\t\t\t\t\t\t<\/summary>\n\t\t\t\t<div role=\"region\" aria-labelledby=\"e-n-accordion-item-6876\" class=\"elementor-element elementor-element-843548f e-con-full e-flex e-con e-child\" data-id=\"843548f\" data-element_type=\"container\" data-settings=\"{&quot;background_background&quot;:&quot;classic&quot;}\">\n\t\t<div role=\"region\" aria-labelledby=\"e-n-accordion-item-6876\" class=\"elementor-element elementor-element-553585d e-flex e-con-boxed e-con e-child\" data-id=\"553585d\" data-element_type=\"container\">\n\t\t\t\t\t<div class=\"e-con-inner\">\n\t\t\t\t<div class=\"elementor-element elementor-element-d26e1bf elementor-widget elementor-widget-text-editor\" data-id=\"d26e1bf\" data-element_type=\"widget\" data-widget_type=\"text-editor.default\">\n\t\t\t\t\t\t\t\t\t<div class=\"faq-item-name  active\">\u00a0<\/div><div class=\"faq-item-text\"><div class=\"text\"><p title=\"S\u00ed, para las unidades est\u00e1ndar, ofrecemos demostraciones y pruebas para los clientes interesados. P\u00f3ngase en contacto con nuestro equipo de ventas para programar una sesi\u00f3n.\">R: S\u00ed, para las unidades est\u00e1ndar, ofrecemos demostraciones y pruebas para los clientes interesados. P\u00f3ngase en contacto con nuestro equipo de ventas para programar una sesi\u00f3n.<\/p><\/div><\/div>\t\t\t\t\t\t\t\t<\/div>\n\t\t\t\t\t<\/div>\n\t\t\t\t<\/div>\n\t\t\t\t<\/div>\n\t\t\t\t\t<\/details>\n\t\t\t\t\t\t<details id=\"e-n-accordion-item-6877\" class=\"e-n-accordion-item\" >\n\t\t\t\t<summary class=\"e-n-accordion-item-title\" data-accordion-index=\"8\" tabindex=\"-1\" aria-expanded=\"false\" aria-controls=\"e-n-accordion-item-6877\" >\n\t\t\t\t\t<span class='e-n-accordion-item-title-header'><div class=\"e-n-accordion-item-title-text\"> Q\uff1a \u00bfHay piezas de repuesto disponibles para sus comprobadores de materiales? <\/div><\/span>\n\t\t\t\t\t\t\t\t\t<\/summary>\n\t\t\t\t<div role=\"region\" aria-labelledby=\"e-n-accordion-item-6877\" class=\"elementor-element elementor-element-64b6735 e-con-full e-flex e-con e-child\" data-id=\"64b6735\" data-element_type=\"container\" data-settings=\"{&quot;background_background&quot;:&quot;classic&quot;}\">\n\t\t<div role=\"region\" aria-labelledby=\"e-n-accordion-item-6877\" class=\"elementor-element elementor-element-5f0cb7b e-flex e-con-boxed e-con e-child\" data-id=\"5f0cb7b\" data-element_type=\"container\">\n\t\t\t\t\t<div class=\"e-con-inner\">\n\t\t\t\t<div class=\"elementor-element elementor-element-a94f722 elementor-widget elementor-widget-text-editor\" data-id=\"a94f722\" data-element_type=\"widget\" data-widget_type=\"text-editor.default\">\n\t\t\t\t\t\t\t\t\t<p>R: S\u00ed, mantenemos un stock de las piezas de repuesto m\u00e1s habituales. En caso de necesitar piezas de repuesto o adicionales, nuestro equipo de atenci\u00f3n al cliente puede ayudarle.<\/p>\t\t\t\t\t\t\t\t<\/div>\n\t\t\t\t\t<\/div>\n\t\t\t\t<\/div>\n\t\t\t\t<\/div>\n\t\t\t\t\t<\/details>\n\t\t\t\t\t\t<details id=\"e-n-accordion-item-6878\" class=\"e-n-accordion-item\" >\n\t\t\t\t<summary class=\"e-n-accordion-item-title\" data-accordion-index=\"9\" tabindex=\"-1\" aria-expanded=\"false\" aria-controls=\"e-n-accordion-item-6878\" >\n\t\t\t\t\t<span class='e-n-accordion-item-title-header'><div class=\"e-n-accordion-item-title-text\"> P\uff1a \u00bfOfrecen formaci\u00f3n para el manejo de sus comprobadores de materiales? <\/div><\/span>\n\t\t\t\t\t\t\t\t\t<\/summary>\n\t\t\t\t<div role=\"region\" aria-labelledby=\"e-n-accordion-item-6878\" class=\"elementor-element elementor-element-200ae5c e-con-full e-flex e-con e-child\" data-id=\"200ae5c\" data-element_type=\"container\" data-settings=\"{&quot;background_background&quot;:&quot;classic&quot;}\">\n\t\t<div role=\"region\" aria-labelledby=\"e-n-accordion-item-6878\" class=\"elementor-element elementor-element-7146203 e-flex e-con-boxed e-con e-child\" data-id=\"7146203\" data-element_type=\"container\">\n\t\t\t\t\t<div class=\"e-con-inner\">\n\t\t\t\t<div class=\"elementor-element elementor-element-370d79a elementor-widget elementor-widget-text-editor\" data-id=\"370d79a\" data-element_type=\"widget\" data-widget_type=\"text-editor.default\">\n\t\t\t\t\t\t\t\t\tR: Por supuesto. Ofrecemos sesiones de formaci\u00f3n exhaustivas en nuestras instalaciones o a trav\u00e9s de plataformas en l\u00ednea para garantizar que los usuarios dominan el manejo de nuestros equipos.\t\t\t\t\t\t\t\t<\/div>\n\t\t\t\t\t<\/div>\n\t\t\t\t<\/div>\n\t\t\t\t<\/div>\n\t\t\t\t\t<\/details>\n\t\t\t\t\t\t<details id=\"e-n-accordion-item-6879\" class=\"e-n-accordion-item\" >\n\t\t\t\t<summary class=\"e-n-accordion-item-title\" data-accordion-index=\"10\" tabindex=\"-1\" aria-expanded=\"false\" aria-controls=\"e-n-accordion-item-6879\" >\n\t\t\t\t\t<span class='e-n-accordion-item-title-header'><div class=\"e-n-accordion-item-title-text\"> Q\uff1a \u00bfPueden personalizarse sus comprobadores de materiales para satisfacer requisitos espec\u00edficos del sector? <\/div><\/span>\n\t\t\t\t\t\t\t\t\t<\/summary>\n\t\t\t\t<div role=\"region\" aria-labelledby=\"e-n-accordion-item-6879\" class=\"elementor-element elementor-element-03a5e87 e-con-full e-flex e-con e-child\" data-id=\"03a5e87\" data-element_type=\"container\" data-settings=\"{&quot;background_background&quot;:&quot;classic&quot;}\">\n\t\t<div role=\"region\" aria-labelledby=\"e-n-accordion-item-6879\" class=\"elementor-element elementor-element-67447d9 e-flex e-con-boxed e-con e-child\" data-id=\"67447d9\" data-element_type=\"container\">\n\t\t\t\t\t<div class=\"e-con-inner\">\n\t\t\t\t<div class=\"elementor-element elementor-element-bd8ab7b elementor-widget elementor-widget-text-editor\" data-id=\"bd8ab7b\" data-element_type=\"widget\" data-widget_type=\"text-editor.default\">\n\t\t\t\t\t\t\t\t\tR: S\u00ed, ofrecemos opciones de personalizaci\u00f3n para adaptar nuestros comprobadores a las necesidades espec\u00edficas del sector. P\u00f3ngase en contacto con nuestro equipo de ventas para hablar de sus requisitos.\t\t\t\t\t\t\t\t<\/div>\n\t\t\t\t\t<\/div>\n\t\t\t\t<\/div>\n\t\t\t\t<\/div>\n\t\t\t\t\t<\/details>\n\t\t\t\t\t\t<details id=\"e-n-accordion-item-68710\" class=\"e-n-accordion-item\" >\n\t\t\t\t<summary class=\"e-n-accordion-item-title\" data-accordion-index=\"11\" tabindex=\"-1\" aria-expanded=\"false\" aria-controls=\"e-n-accordion-item-68710\" >\n\t\t\t\t\t<span class='e-n-accordion-item-title-header'><div class=\"e-n-accordion-item-title-text\"> Q\uff1a \u00bfSe pueden realizar env\u00edos internacionales de sus productos? <\/div><\/span>\n\t\t\t\t\t\t\t\t\t<\/summary>\n\t\t\t\t<div role=\"region\" aria-labelledby=\"e-n-accordion-item-68710\" class=\"elementor-element elementor-element-d34b8b6 e-con-full e-flex e-con e-child\" data-id=\"d34b8b6\" data-element_type=\"container\" data-settings=\"{&quot;background_background&quot;:&quot;classic&quot;}\">\n\t\t<div role=\"region\" aria-labelledby=\"e-n-accordion-item-68710\" class=\"elementor-element elementor-element-8402035 e-flex e-con-boxed e-con e-child\" data-id=\"8402035\" data-element_type=\"container\">\n\t\t\t\t\t<div class=\"e-con-inner\">\n\t\t\t\t<div class=\"elementor-element elementor-element-9fbdede elementor-widget elementor-widget-text-editor\" data-id=\"9fbdede\" data-element_type=\"widget\" data-widget_type=\"text-editor.default\">\n\t\t\t\t\t\t\t\t\tR: S\u00ed, realizamos env\u00edos internacionales para nuestros comprobadores de materiales. Nuestro equipo de log\u00edstica garantiza una entrega segura y puntual a clientes de todo el mundo a trav\u00e9s de las v\u00edas \u00f3ptimas.\t\t\t\t\t\t\t\t<\/div>\n\t\t\t\t\t<\/div>\n\t\t\t\t<\/div>\n\t\t\t\t<\/div>\n\t\t\t\t\t<\/details>\n\t\t\t\t\t\t<details id=\"e-n-accordion-item-68711\" class=\"e-n-accordion-item\" >\n\t\t\t\t<summary class=\"e-n-accordion-item-title\" data-accordion-index=\"12\" tabindex=\"-1\" aria-expanded=\"false\" aria-controls=\"e-n-accordion-item-68711\" >\n\t\t\t\t\t<span class='e-n-accordion-item-title-header'><div class=\"e-n-accordion-item-title-text\"> Q\uff1a \u00bfC\u00f3mo puedo ponerme en contacto con el servicio de atenci\u00f3n al cliente? <\/div><\/span>\n\t\t\t\t\t\t\t\t\t<\/summary>\n\t\t\t\t<div role=\"region\" aria-labelledby=\"e-n-accordion-item-68711\" class=\"elementor-element elementor-element-7537239 e-con-full e-flex e-con e-child\" data-id=\"7537239\" data-element_type=\"container\" data-settings=\"{&quot;background_background&quot;:&quot;classic&quot;}\">\n\t\t<div role=\"region\" aria-labelledby=\"e-n-accordion-item-68711\" class=\"elementor-element elementor-element-c7e97e5 e-flex e-con-boxed e-con e-child\" data-id=\"c7e97e5\" data-element_type=\"container\">\n\t\t\t\t\t<div class=\"e-con-inner\">\n\t\t\t\t<div class=\"elementor-element elementor-element-5cb7c40 elementor-widget elementor-widget-text-editor\" data-id=\"5cb7c40\" data-element_type=\"widget\" data-widget_type=\"text-editor.default\">\n\t\t\t\t\t\t\t\t\t<p>R: Puede ponerse en contacto con nuestro equipo de atenci\u00f3n al cliente a trav\u00e9s de nuestra l\u00ednea directa, por correo electr\u00f3nico o enviando un mensaje en nuestro sitio web. Estamos comprometidos con un servicio de atenci\u00f3n al cliente r\u00e1pido y eficaz.<\/p>\t\t\t\t\t\t\t\t<\/div>\n\t\t\t\t\t<\/div>\n\t\t\t\t<\/div>\n\t\t\t\t<\/div>\n\t\t\t\t\t<\/details>\n\t\t\t\t\t\t<details id=\"e-n-accordion-item-68712\" class=\"e-n-accordion-item\" >\n\t\t\t\t<summary class=\"e-n-accordion-item-title\" data-accordion-index=\"13\" tabindex=\"-1\" aria-expanded=\"false\" aria-controls=\"e-n-accordion-item-68712\" >\n\t\t\t\t\t<span class='e-n-accordion-item-title-header'><div class=\"e-n-accordion-item-title-text\"> Q\uff1a \u00bfSus comprobadores de materiales cumplen las normas y reglamentos del sector? <\/div><\/span>\n\t\t\t\t\t\t\t\t\t<\/summary>\n\t\t\t\t<div role=\"region\" aria-labelledby=\"e-n-accordion-item-68712\" class=\"elementor-element elementor-element-88a1322 e-con-full e-flex e-con e-child\" data-id=\"88a1322\" data-element_type=\"container\" data-settings=\"{&quot;background_background&quot;:&quot;classic&quot;}\">\n\t\t<div role=\"region\" aria-labelledby=\"e-n-accordion-item-68712\" class=\"elementor-element elementor-element-667c3c7 e-flex e-con-boxed e-con e-child\" data-id=\"667c3c7\" data-element_type=\"container\">\n\t\t\t\t\t<div class=\"e-con-inner\">\n\t\t\t\t<div class=\"elementor-element elementor-element-b93f6e3 elementor-widget elementor-widget-text-editor\" data-id=\"b93f6e3\" data-element_type=\"widget\" data-widget_type=\"text-editor.default\">\n\t\t\t\t\t\t\t\t\t<p>R: S\u00ed, nuestros comprobadores de materiales est\u00e1n dise\u00f1ados y fabricados para cumplir las normas y reglamentos pertinentes del sector. Damos prioridad a la calidad y al cumplimiento de las directrices.<\/p>\t\t\t\t\t\t\t\t<\/div>\n\t\t\t\t\t<\/div>\n\t\t\t\t<\/div>\n\t\t\t\t<\/div>\n\t\t\t\t\t<\/details>\n\t\t\t\t\t<\/div>\n\t\t\t\t\t\t<\/div>\n\t\t\t\t\t<\/div>\n\t\t\t\t<\/div>\n\t\t\t\t<\/div>","protected":false},"excerpt":{"rendered":"<p>\u200b Q\uff1a Are you a manufacturer or a trading company? A: We are the manufacturer, specializing in material testing instruments for industries such as packaging, medical devices, pharmaceuticals, cosmetics, food, beverages, and adhesives. Our headquarters are located in Jinan City, Shandong, China. Q\uff1a Where can I purchase your material testers? A: We directly export our [&hellip;]<\/p>","protected":false},"author":1,"featured_media":0,"parent":0,"menu_order":0,"comment_status":"closed","ping_status":"closed","template":"","meta":{"_acf_changed":false,"footnotes":""},"class_list":["post-2080","page","type-page","status-publish","hentry"],"acf":[],"_links":{"self":[{"href":"https:\/\/www.materialstests.com\/es\/wp-json\/wp\/v2\/pages\/2080","targetHints":{"allow":["GET"]}}],"collection":[{"href":"https:\/\/www.materialstests.com\/es\/wp-json\/wp\/v2\/pages"}],"about":[{"href":"https:\/\/www.materialstests.com\/es\/wp-json\/wp\/v2\/types\/page"}],"author":[{"embeddable":true,"href":"https:\/\/www.materialstests.com\/es\/wp-json\/wp\/v2\/users\/1"}],"replies":[{"embeddable":true,"href":"https:\/\/www.materialstests.com\/es\/wp-json\/wp\/v2\/comments?post=2080"}],"version-history":[{"count":0,"href":"https:\/\/www.materialstests.com\/es\/wp-json\/wp\/v2\/pages\/2080\/revisions"}],"wp:attachment":[{"href":"https:\/\/www.materialstests.com\/es\/wp-json\/wp\/v2\/media?parent=2080"}],"curies":[{"name":"wp","href":"https:\/\/api.w.org\/{rel}","templated":true}]}}