{"id":2076,"date":"2026-01-26T05:36:23","date_gmt":"2026-01-26T05:36:23","guid":{"rendered":"https:\/\/www.materialstests.com\/?page_id=2076"},"modified":"2026-01-26T13:07:58","modified_gmt":"2026-01-26T13:07:58","slug":"service-support","status":"publish","type":"page","link":"https:\/\/www.materialstests.com\/es\/service-support.html","title":{"rendered":"Servicio de asistencia"},"content":{"rendered":"<div data-elementor-type=\"wp-page\" data-elementor-id=\"2076\" class=\"elementor elementor-2076\" data-elementor-post-type=\"page\">\n\t\t\t\t<div class=\"elementor-element elementor-element-0644825 e-flex e-con-boxed e-con e-parent\" data-id=\"0644825\" data-element_type=\"container\" data-settings=\"{&quot;background_background&quot;:&quot;classic&quot;}\">\n\t\t\t\t\t<div class=\"e-con-inner\">\n\t\t\t\t<div class=\"elementor-element elementor-element-9b508b5 elementor-widget elementor-widget-heading\" data-id=\"9b508b5\" data-element_type=\"widget\" data-widget_type=\"heading.default\">\n\t\t\t\t\t<div class=\"elementor-heading-title elementor-size-default\"><nav aria-label=\"pan rallado\" class=\"rank-math-breadcrumb\"><p><a href=\"https:\/\/www.materialstests.com\/es\/\">Inicio<\/a><span class=\"separator\"> \u00bb <\/span><span class=\"last\">Inicio<\/span><\/p><\/nav>\u200b<\/div>\t\t\t\t<\/div>\n\t\t\t\t\t<\/div>\n\t\t\t\t<\/div>\n\t\t<div class=\"elementor-element elementor-element-760817c e-flex e-con-boxed e-con e-parent\" data-id=\"760817c\" data-element_type=\"container\">\n\t\t\t\t\t<div class=\"e-con-inner\">\n\t\t\t\t<div class=\"elementor-element elementor-element-55a348f elementor-widget elementor-widget-text-editor\" data-id=\"55a348f\" data-element_type=\"widget\" data-widget_type=\"text-editor.default\">\n\t\t\t\t\t\t\t\t\t<p><strong>Pol\u00edtica de personalizaci\u00f3n:<\/strong><\/p><p>En Cell Instruments Co., Ltd., reconocemos las necesidades distintas y cambiantes de nuestra clientela diversa que abarca varias industrias. Nuestro compromiso es ofrecer soluciones personalizadas a trav\u00e9s de una amplia pol\u00edtica de personalizaci\u00f3n, garantizando que nuestros equipos de ensayo de materiales cumplan sus requisitos espec\u00edficos y \u00fanicos. Tanto si se dedica al envasado, la alimentaci\u00f3n, los productos farmac\u00e9uticos, la medicina, las bebidas, la adhesividad, la electr\u00f3nica o cualquier otro sector, nuestro objetivo es proporcionarle soluciones de ensayo de materiales de vanguardia adaptadas a sus especificaciones exactas.<\/p><p><strong>Proceso de personalizaci\u00f3n:<\/strong><\/p><p>1. Consulta inicial:<\/p><p>- Debate e ideaci\u00f3n: Participe con nuestros expertos para intercambiar ideas sobre el m\u00e9todo de ensayo, las normas y los requisitos espec\u00edficos.<\/p><p>- Evaluaci\u00f3n de Materiales: Evaluar el tipo de material, la naturaleza y las especificaciones para determinar si una modificaci\u00f3n de nuestros Tester|\u3001Plastics Testing factorys existentes puede satisfacer sus necesidades de prueba.<\/p><p>2. Recepci\u00f3n y modificaci\u00f3n de muestras:<\/p><p>- Evaluaci\u00f3n: Una vez confirmada la viabilidad de una modificaci\u00f3n del comprobador actual, recibimos muestras de los clientes.<\/p><p>- Modificaci\u00f3n t\u00e9cnica: Nuestro equipo t\u00e9cnico especializado, compuesto por ingenieros de hardware y software, modifica cuidadosamente el comprobador existente en funci\u00f3n de los detalles t\u00e9cnicos discutidos.<\/p><p>*OR*<\/p><p>- Dise\u00f1o de nuevos comprobadores: Si una modificaci\u00f3n menor no puede cumplir los requisitos de la prueba, nuestro equipo t\u00e9cnico dise\u00f1a un nuevo comprobador y el programa correspondiente, garantizando una soluci\u00f3n integral.<\/p><p>3. Pruebas de rendimiento:<\/p><p>- Garant\u00eda de calidad: Una vez que el comprobador modificado o nuevo est\u00e1 listo, realizamos pruebas exhaustivas en muestras para garantizar un rendimiento \u00f3ptimo.<\/p><p>4. Verificaci\u00f3n de pruebas e interacci\u00f3n:<\/p><p>- Compartici\u00f3n de v\u00eddeos de prueba: Proporcionamos un v\u00eddeo de prueba detallado que muestra el comprobador modificado o de nuevo dise\u00f1o en acci\u00f3n.<\/p><p>- Invitaci\u00f3n a una prueba en directo: Alternativamente, los clientes son invitados a nuestras instalaciones para presenciar la prueba en vivo, ofreciendo una experiencia de primera mano de las capacidades del equipo.<\/p><p>5. Confirmaci\u00f3n y env\u00edo:<\/p><p>- Aprobaci\u00f3n del cliente: Tras revisar los resultados de las pruebas y experimentar el rendimiento del equipo, los clientes confirman su satisfacci\u00f3n.<\/p><p>- Finalizaci\u00f3n: Tras la confirmaci\u00f3n, procedemos al env\u00edo del probador personalizado para una feliz experiencia de entrega.<\/p><p><strong>Ventajas de la personalizaci\u00f3n<\/strong><\/p><p>1. Amplia experiencia en el sector:<\/p><p>- Experiencia en todos los sectores: Con una larga presencia en el mercado, aportamos una amplia experiencia en diversos sectores, como el envasado, la alimentaci\u00f3n, la industria farmac\u00e9utica, la medicina, las bebidas, los adhesivos y la electr\u00f3nica, entre otros.<\/p><p>- Profundo conocimiento del sector: Nuestros profesionales poseen un profundo conocimiento de los retos y requisitos espec\u00edficos del sector.<\/p><p>2. Amplia gama de productos:<\/p><p>- Amplia cartera de productos: Ofrecemos una amplia gama de equipos de ensayo de materiales para satisfacer las diversas necesidades de ensayo de los distintos sectores.<\/p><p>- Versatilidad en las soluciones: Nuestra amplia gama de productos nos permite ofrecer soluciones para una gran variedad de aplicaciones de ensayo.<\/p><p>3. Experiencia en automatizaci\u00f3n:<\/p><p>- Integraci\u00f3n de la automatizaci\u00f3n: Aproveche nuestra competencia en automatizaci\u00f3n para agilizar los procesos de pruebas y mejorar la eficiencia.<\/p><p>- Soluciones de automatizaci\u00f3n a medida: Nuestra experiencia nos permite personalizar las soluciones automatizadas para satisfacer las demandas espec\u00edficas de la industria.<\/p><p>4. Respuesta y plazos r\u00e1pidos:<\/p><p>- Equipo \u00e1gil y receptivo: Nuestro equipo especializado garantiza una respuesta r\u00e1pida a las consultas, asegurando un proceso de personalizaci\u00f3n r\u00e1pido y sin problemas.<\/p><p>- Entrega eficaz: Benef\u00edciese de nuestro compromiso de ofrecer soluciones personalizadas en un plazo razonable.<\/p><p>5. Asequibilidad:<\/p><p>- Soluciones rentables: Nuestra prioridad es ofrecer opciones de personalizaci\u00f3n asequibles sin comprometer la calidad.<\/p><p>- Valor de la inversi\u00f3n: Nuestras soluciones rentables ofrecen un valor excelente, garantizando un retorno positivo de su inversi\u00f3n.<\/p><p>6. Comprensi\u00f3n de las normas de examen:<\/p><p>- Cumplimiento de normas internacionales: Conocemos bien las normas internacionales de ensayo, como ASTM, ISO, GT, YBB, JIS, DIN, IEC, etc.<\/p><p>- Precisi\u00f3n en las pruebas: Nuestra adhesi\u00f3n a estas normas garantiza la precisi\u00f3n y fiabilidad de nuestras soluciones de ensayo personalizadas.<\/p><p>7. Buen dominio de idiomas:<\/p><p>- Comunicaci\u00f3n eficaz: Nuestro equipo posee s\u00f3lidas competencias ling\u00fc\u00edsticas, lo que facilita una comunicaci\u00f3n clara y eficaz durante todo el proceso de personalizaci\u00f3n.<\/p><p><strong>Pol\u00edtica de servicio posventa<\/strong><\/p><p>En Cell Instruments Co., Ltd., nos comprometemos a ofrecer un servicio posventa excepcional para garantizar la satisfacci\u00f3n y el \u00e9xito de nuestros valiosos clientes. Nuestra pol\u00edtica de servicio posventa describe los principios y procedimientos que gu\u00edan nuestro compromiso de prestarle asistencia durante todo el ciclo de vida del producto.<\/p><p>1. Cobertura de la garant\u00eda:<\/p><p>- Todos los productos Cell Instruments tienen un periodo de garant\u00eda est\u00e1ndar, normalmente de un a\u00f1o. Esta garant\u00eda cubre los defectos de fabricaci\u00f3n y asegura el correcto funcionamiento del equipo durante el periodo especificado.<\/p><p>2. Reclamaciones en garant\u00eda:<\/p><p>- En caso de reclamaci\u00f3n en garant\u00eda, los clientes deben presentar una prueba de compra y una descripci\u00f3n detallada del problema.<\/p><p>- Nuestro equipo de asistencia t\u00e9cnica evaluar\u00e1 la reclamaci\u00f3n y determinar\u00e1 si el problema entra dentro de la cobertura de la garant\u00eda.<\/p><p>- Si est\u00e1 cubierto, repararemos o sustituiremos sin demora las piezas o el equipo defectuosos.<\/p><p>3. Asistencia t\u00e9cnica:<\/p><p>- Nuestro equipo de asistencia t\u00e9cnica est\u00e1 a su disposici\u00f3n para ayudarle con cualquier duda o problema que pueda tener.<\/p><p>- Los clientes pueden ponerse en contacto con nuestro servicio de asistencia t\u00e9cnica a trav\u00e9s de info@celtec.cn en horario laboral.<\/p><p>4. Servicios de mantenimiento y calibraci\u00f3n:<\/p><p>- Recomendamos un mantenimiento peri\u00f3dico para garantizar un rendimiento \u00f3ptimo. Los clientes pueden programar servicios de mantenimiento con nuestro equipo.<\/p><p>- Disponemos de servicios de calibraci\u00f3n para mantener la precisi\u00f3n de los equipos de ensayo.<\/p><p>5. Disponibilidad de piezas de recambio:<\/p><p>- Mantenemos un inventario de piezas de repuesto para facilitar las sustituciones r\u00e1pidas y minimizar el tiempo de inactividad.<\/p><p>- Los clientes pueden adquirir piezas de repuesto originales directamente con nosotros para garantizar la compatibilidad y el rendimiento.<\/p><p>6. Formaci\u00f3n de los clientes:<\/p><p>- Nuestros clientes tienen siempre a su disposici\u00f3n sesiones de formaci\u00f3n en l\u00ednea para maximizar su destreza en el uso de nuestros equipos.<\/p><p>- La formaci\u00f3n puede impartirse in situ (coste a convenir) o a distancia, seg\u00fan las preferencias del cliente.<\/p><p>7. Comentarios de los clientes:<\/p><p>- Valoramos las opiniones de los clientes, ya que nos ayudan a mejorar nuestros productos y servicios. Animamos a los clientes a que nos env\u00eden sus comentarios a trav\u00e9s de nuestro formulario de contacto o por correo electr\u00f3nico a info@celtec.cn. .<\/p><p>8. Informaci\u00f3n de contacto:<\/p><p>Para consultas sobre el servicio posventa, p\u00f3ngase en contacto con nuestro equipo de atenci\u00f3n al cliente en info@celtec.cn o +86 18560013985.<\/p><p><strong>PREGUNTAS FRECUENTES<\/strong><\/p><p>P: \u00bfCu\u00e1l es el plazo de entrega habitual de los productos Cell Instruments?<\/p><p>R: Los plazos de entrega var\u00edan en funci\u00f3n del producto y de los requisitos de personalizaci\u00f3n. Los productos est\u00e1ndar suelen enviarse en 5 d\u00edas laborables o menos.<\/p><p>P: \u00bfPuedo acelerar la entrega de mi pedido?<\/p><p>R: S\u00ed, disponemos de opciones de env\u00edo urgente. P\u00f3ngase en contacto con nuestro equipo de ventas para analizar sus requisitos espec\u00edficos y los plazos de entrega.<\/p><p>P: \u00bfQu\u00e9 m\u00e9todos de pago aceptan?<\/p><p>R: Normalmente aceptamos pagos mediante transferencia bancaria.<\/p><p>P: \u00bfHay alg\u00fan coste adicional por utilizar determinados m\u00e9todos de pago?<\/p><p>R: Nuestros m\u00e9todos de pago est\u00e1ndar no conllevan gastos adicionales. Sin embargo, las transferencias bancarias pueden estar sujetas a comisiones bancarias.<\/p><p>P: \u00bfC\u00f3mo se embalan los productos para su env\u00edo?<\/p><p>R: Nuestros productos se embalan de forma segura para garantizar un tr\u00e1nsito seguro. Utilizamos materiales de embalaje antichoque y cajas de madera contrachapada, o cajas de cart\u00f3n para proteger los equipos durante el env\u00edo.<\/p><p>P: \u00bfProporcionan informaci\u00f3n de seguimiento de los pedidos enviados?<\/p><p>R: S\u00ed, una vez enviado su pedido, recibir\u00e1 un correo electr\u00f3nico con informaci\u00f3n de seguimiento para controlar el estado del env\u00edo.<\/p><p>P: \u00bfCu\u00e1les son los m\u00e9todos de env\u00edo disponibles?<\/p><p>R: La elecci\u00f3n del m\u00e9todo de env\u00edo puede variar en funci\u00f3n de la urgencia de la entrega, las limitaciones presupuestarias y el tama\u00f1o y peso de la mercanc\u00eda. Siempre trabajamos en estrecha colaboraci\u00f3n con expertos en log\u00edstica para optimizar el env\u00edo para nuestros valiosos clientes.<\/p><p>Los m\u00e9todos de env\u00edo m\u00e1s utilizados son:<\/p><p>1. Servicios de mensajer\u00eda (por ejemplo, DHL, FedEx, UPS, SF Express):<\/p><p>Descripci\u00f3n: Empresas privadas de mensajer\u00eda que ofrecen servicios puerta a puerta.<\/p><p>Plazo de entrega: Tiempos de tr\u00e1nsito r\u00e1pidos, similares al env\u00edo urgente.<\/p><p>Adecuado para: Paquetes de tama\u00f1o peque\u00f1o a mediano (GW inferior a 60 kg) centrados en la fiabilidad y la velocidad.<\/p><p>2. Flete a\u00e9reo:<\/p><p>Descripci\u00f3n: Transporte a\u00e9reo para una entrega m\u00e1s r\u00e1pida en comparaci\u00f3n con el transporte mar\u00edtimo.<\/p><p>Plazo de entrega: M\u00e1s r\u00e1pido que el transporte mar\u00edtimo pero normalmente m\u00e1s lento que el env\u00edo urgente.<\/p><p>Adecuado para: Env\u00edos sensibles al tiempo con un presupuesto y peso moderados. (GW m\u00e1s de 45kg).<\/p><p>3. Flete mar\u00edtimo:<\/p><p>Descripci\u00f3n: Rentable para env\u00edos grandes y pesados.<\/p><p>Plazo de entrega: Tiempos de tr\u00e1nsito m\u00e1s largos en comparaci\u00f3n con el transporte a\u00e9reo.<\/p><p>Adecuado para: Grandes env\u00edos centrados en el ahorro de costes y un plazo de entrega flexible.<\/p><p>4. Transporte ferroviario de mercanc\u00edas:<\/p><p>Descripci\u00f3n: Transporte terrestre por ferrocarril, a menudo utilizado para env\u00edos intercontinentales, a Asia Central o a clientes europeos.<\/p><p>Plazo de entrega: Generalmente m\u00e1s r\u00e1pido que el transporte mar\u00edtimo, pero m\u00e1s lento que el a\u00e9reo.<\/p><p>Adecuado para: Grandes env\u00edos con destinos accesibles por ferrocarril.<\/p><p>5. Transporte intermodal:<\/p><p>Descripci\u00f3n: Combinaci\u00f3n de m\u00faltiples modos de transporte (por ejemplo, mar y ferrocarril, cami\u00f3n y avi\u00f3n).<\/p><p>Plazo de entrega: Variable, en funci\u00f3n de la combinaci\u00f3n de modos elegida.<\/p><p>Adecuado para: Escenarios log\u00edsticos complejos con una mezcla de necesidades de transporte.<\/p>\t\t\t\t\t\t\t\t<\/div>\n\t\t\t\t\t<\/div>\n\t\t\t\t<\/div>\n\t\t\t\t<\/div>","protected":false},"excerpt":{"rendered":"<p>\u200b Customization Policy: At Cell Instruments Co., Ltd., we recognize the distinct and evolving needs of our diverse clientele spanning various industries. Our commitment is to offer personalized solutions through a comprehensive customization policy, ensuring that our material test equipment meets your specific and unique requirements. Whether your focus lies in packaging, food, pharmaceuticals, medical, [&hellip;]<\/p>","protected":false},"author":1,"featured_media":0,"parent":0,"menu_order":0,"comment_status":"closed","ping_status":"closed","template":"","meta":{"_acf_changed":false,"footnotes":""},"class_list":["post-2076","page","type-page","status-publish","hentry"],"acf":[],"_links":{"self":[{"href":"https:\/\/www.materialstests.com\/es\/wp-json\/wp\/v2\/pages\/2076","targetHints":{"allow":["GET"]}}],"collection":[{"href":"https:\/\/www.materialstests.com\/es\/wp-json\/wp\/v2\/pages"}],"about":[{"href":"https:\/\/www.materialstests.com\/es\/wp-json\/wp\/v2\/types\/page"}],"author":[{"embeddable":true,"href":"https:\/\/www.materialstests.com\/es\/wp-json\/wp\/v2\/users\/1"}],"replies":[{"embeddable":true,"href":"https:\/\/www.materialstests.com\/es\/wp-json\/wp\/v2\/comments?post=2076"}],"version-history":[{"count":0,"href":"https:\/\/www.materialstests.com\/es\/wp-json\/wp\/v2\/pages\/2076\/revisions"}],"wp:attachment":[{"href":"https:\/\/www.materialstests.com\/es\/wp-json\/wp\/v2\/media?parent=2076"}],"curies":[{"name":"wp","href":"https:\/\/api.w.org\/{rel}","templated":true}]}}