{"id":2020,"date":"2026-01-26T03:32:25","date_gmt":"2026-01-26T03:32:25","guid":{"rendered":"https:\/\/www.materialstests.com\/?page_id=2020"},"modified":"2026-01-26T13:06:21","modified_gmt":"2026-01-26T13:06:21","slug":"about-us","status":"publish","type":"page","link":"https:\/\/www.materialstests.com\/es\/about-us.html","title":{"rendered":"Qui\u00e9nes somos"},"content":{"rendered":"<div data-elementor-type=\"wp-page\" data-elementor-id=\"2020\" class=\"elementor elementor-2020\" data-elementor-post-type=\"page\">\n\t\t\t\t<div class=\"elementor-element elementor-element-c1e7c03 e-flex e-con-boxed e-con e-parent\" data-id=\"c1e7c03\" data-element_type=\"container\" data-settings=\"{&quot;background_background&quot;:&quot;classic&quot;}\">\n\t\t\t\t\t<div class=\"e-con-inner\">\n\t\t\t\t<div class=\"elementor-element elementor-element-8fd22e0 elementor-widget elementor-widget-heading\" data-id=\"8fd22e0\" data-element_type=\"widget\" data-widget_type=\"heading.default\">\n\t\t\t\t\t<div class=\"elementor-heading-title elementor-size-default\"><nav aria-label=\"pan rallado\" class=\"rank-math-breadcrumb\"><p><a href=\"https:\/\/www.materialstests.com\/es\/\">Inicio<\/a><span class=\"separator\"> \u00bb <\/span><span class=\"last\">Inicio<\/span><\/p><\/nav>\u200b<\/div>\t\t\t\t<\/div>\n\t\t\t\t\t<\/div>\n\t\t\t\t<\/div>\n\t\t<div class=\"elementor-element elementor-element-f608734 e-flex e-con-boxed e-con e-parent\" data-id=\"f608734\" data-element_type=\"container\">\n\t\t\t\t\t<div class=\"e-con-inner\">\n\t\t\t\t<div class=\"elementor-element elementor-element-58cb6ea elementor-widget elementor-widget-text-editor\" data-id=\"58cb6ea\" data-element_type=\"widget\" data-widget_type=\"text-editor.default\">\n\t\t\t\t\t\t\t\t\t<p>Desde su creaci\u00f3n oficial en 2014, Cell Instruments ha ascendido r\u00e1pidamente en el desarrollo y la innovaci\u00f3n de productos, marcando un cap\u00edtulo importante en su din\u00e1mica historia. Nuestro compromiso con la excelencia nos ha impulsado a lograr hitos en el campo de los equipos de ensayo de materiales, con l\u00edneas completas que abarcan ensayos de materiales de envasado, ensayos de materiales m\u00e9dicos, ensayos de alimentos, ensayos farmac\u00e9uticos, ensayos de adhesividad, ensayos de papel y cart\u00f3n, e incluso personalizaci\u00f3n bajo demanda. Estas soluciones de vanguardia encuentran aplicaciones vers\u00e1tiles en diversos sectores, como envasado, alimentaci\u00f3n, farmac\u00e9utico, m\u00e9dico, cosm\u00e9tico, bebidas, universitario, inspecci\u00f3n, adhesividad y textil.<\/p>\t\t\t\t\t\t\t\t<\/div>\n\t\t\t\t<div class=\"elementor-element elementor-element-c7d07e9 elementor-widget elementor-widget-image\" data-id=\"c7d07e9\" data-element_type=\"widget\" data-widget_type=\"image.default\">\n\t\t\t\t\t\t\t\t\t\t\t\t\t\t\t<img fetchpriority=\"high\" decoding=\"async\" width=\"800\" height=\"400\" src=\"https:\/\/www.materialstests.com\/wp-content\/uploads\/2026\/01\/bc800e5326c92bfcd7f943355926093a.jpg\" class=\"attachment-large size-large wp-image-2238\" alt=\"Fabricante de equipos de ensayo de estanqueidad- QUI\u00c9NES SOMOS\" srcset=\"https:\/\/www.materialstests.com\/wp-content\/uploads\/2026\/01\/bc800e5326c92bfcd7f943355926093a.jpg 800w, https:\/\/www.materialstests.com\/wp-content\/uploads\/2026\/01\/bc800e5326c92bfcd7f943355926093a-300x150.jpg 300w, https:\/\/www.materialstests.com\/wp-content\/uploads\/2026\/01\/bc800e5326c92bfcd7f943355926093a-768x384.jpg 768w, https:\/\/www.materialstests.com\/wp-content\/uploads\/2026\/01\/bc800e5326c92bfcd7f943355926093a-18x9.jpg 18w\" sizes=\"(max-width: 800px) 100vw, 800px\" \/>\t\t\t\t\t\t\t\t\t\t\t\t\t\t\t<\/div>\n\t\t\t\t<div class=\"elementor-element elementor-element-127095f elementor-widget elementor-widget-text-editor\" data-id=\"127095f\" data-element_type=\"widget\" data-widget_type=\"text-editor.default\">\n\t\t\t\t\t\t\t\t\t<p>Nuestra presencia mundial se ha ampliado enormemente, alcanzando e impactando en m\u00e1s de 70 pa\u00edses y regiones. En Cell Instruments, nuestra misi\u00f3n va m\u00e1s all\u00e1 del mero suministro de soluciones de ensayo; gira en torno a la configuraci\u00f3n del panorama del control de calidad del cliente y de la investigaci\u00f3n y el desarrollo. Nuestra misi\u00f3n es ser reconocidos como una unidad \u2018celular\u2019 integral dentro de estos procesos, ofreciendo soluciones competitivas y de confianza a usuarios de todo el mundo.<\/p><p>Como fuerza pionera en la industria, Cell Instruments sigue siendo una organizaci\u00f3n impulsada por la ingenier\u00eda con un compromiso inquebrantable con las normas. Priorizando la excelencia, hemos desarrollado activamente modelos de instrumentos adaptados a las necesidades espec\u00edficas de nuestros clientes, garantizando al mismo tiempo el cumplimiento de las normas del sector. Estos instrumentos son herramientas inestimables para la resoluci\u00f3n de problemas y se integran perfectamente en los laboratorios de los clientes, los centros de investigaci\u00f3n y desarrollo, los centros de fabricaci\u00f3n, las aulas y otros lugares. Nuestra experiencia t\u00e9cnica garantiza la calidad de los productos de nuestros clientes, permiti\u00e9ndoles navegar por el mercado internacional con confianza.<\/p>\t\t\t\t\t\t\t\t<\/div>\n\t\t\t\t<div class=\"elementor-element elementor-element-a0311d4 elementor-widget elementor-widget-image\" data-id=\"a0311d4\" data-element_type=\"widget\" data-widget_type=\"image.default\">\n\t\t\t\t\t\t\t\t\t\t\t\t\t\t\t<img decoding=\"async\" width=\"800\" height=\"400\" src=\"https:\/\/www.materialstests.com\/wp-content\/uploads\/2026\/01\/6f6c3ee6a57f3b5a064c916fc412fc69.jpg\" class=\"attachment-large size-large wp-image-2239\" alt=\"Fabricante de equipos de ensayo de estanqueidad- QUI\u00c9NES SOMOS\" srcset=\"https:\/\/www.materialstests.com\/wp-content\/uploads\/2026\/01\/6f6c3ee6a57f3b5a064c916fc412fc69.jpg 800w, https:\/\/www.materialstests.com\/wp-content\/uploads\/2026\/01\/6f6c3ee6a57f3b5a064c916fc412fc69-300x150.jpg 300w, https:\/\/www.materialstests.com\/wp-content\/uploads\/2026\/01\/6f6c3ee6a57f3b5a064c916fc412fc69-768x384.jpg 768w, https:\/\/www.materialstests.com\/wp-content\/uploads\/2026\/01\/6f6c3ee6a57f3b5a064c916fc412fc69-18x9.jpg 18w\" sizes=\"(max-width: 800px) 100vw, 800px\" \/>\t\t\t\t\t\t\t\t\t\t\t\t\t\t\t<\/div>\n\t\t\t\t<div class=\"elementor-element elementor-element-5673870 elementor-widget elementor-widget-text-editor\" data-id=\"5673870\" data-element_type=\"widget\" data-widget_type=\"text-editor.default\">\n\t\t\t\t\t\t\t\t\t<p>Cell Instruments se ha posicionado no s\u00f3lo como fabricante de equipos de ensayo de \u00faltima generaci\u00f3n, sino como socio estrat\u00e9gico en el \u00e9xito de empresas de todo el mundo. Nuestro dedicado equipo, dotado de una amplia gama de conocimientos especializados, colabora incansablemente para garantizar que nuestros clientes reciban no solo productos, sino soluciones integrales que mejoren su eficiencia, la calidad de sus productos y su competitividad general.<\/p><p>Situada en la ciudad de Jinan, uno de los principales polos industriales del norte de China, nuestra sede es el centro de nuestras operaciones y un nexo de uni\u00f3n para la investigaci\u00f3n, el desarrollo y las iniciativas centradas en el cliente.<\/p><p>Nuestro \u00e9xito se extiende m\u00e1s all\u00e1 de las fronteras, ya que participamos activamente en el comercio internacional, exportando nuestras soluciones de vanguardia a multitud de pa\u00edses. Este alcance mundial es testimonio de nuestra visi\u00f3n de fomentar la colaboraci\u00f3n y compartir la innovaci\u00f3n a escala global.<\/p><p>Mientras continuamos nuestro camino hacia la excelencia, le invitamos a unirse a nosotros para dar forma al futuro del control de calidad y la investigaci\u00f3n y el desarrollo a escala mundial.<\/p><p>Si desea m\u00e1s informaci\u00f3n sobre este producto, no dude en ponerse en contacto con nosotros. Le recomendamos otros productos populares:\u00a0<a class=\"aahaf6o\" title=\"Medidor de espesor de papel y cart\u00f3n\" href=\"https:\/\/www.materialstests.com\/es\/paper-board-tester.html\/\">Medidor de espesor de papel y cart\u00f3n<\/a>,\u00a0<a class=\"aahaf6o\" title=\"Equipo de detecci\u00f3n de fugas brutas\" href=\"https:\/\/www.materialstests.com\/es\/gross-leak-tester.html\/\">Equipo de detecci\u00f3n de fugas brutas<\/a>,\u00a0<a class=\"aahaf6o\" title=\" Comprobador de fugas brutas Pruebas de equipos\" href=\"https:\/\/www.materialstests.com\/es\/gross-leak-tester.html\/\">Comprobador de fugas brutas Pruebas de equipos<\/a>,\u00a0<a class=\"aahaf6o\" title=\"Comprobador de fugas brutas Pruebas de equipos\" href=\"https:\/\/www.materialstests.com\/es\/gross-leak-tester.html\/\">Comprobador de fugas brutas Pruebas de equipos<\/a>,\u00a0<a class=\"aahaf6o\" title=\"Gradient Heat Seal Tester Fabricantes\" href=\"https:\/\/www.materialstests.com\/es\/products\/ghs-01-gradient-heat-seal-tester.html\/\">Gradient Heat Seal Tester Fabricantes<\/a>,\u00a0<a class=\"aahaf6o\" title=\"Comprobador de adherencia en caliente de laboratorio\" href=\"https:\/\/www.materialstests.com\/es\/products\/htt-02-hot-tack-tester.html\/\">Comprobador de adherencia en caliente de laboratorio<\/a>,\u00a0<a class=\"aahaf6o\" title=\"Gradiente t\u00e9rmico\" href=\"https:\/\/www.materialstests.com\/es\/products\/ghs-01-gradient-heat-seal-tester.html\/\">Gradiente t\u00e9rmico<\/a>,\u00a0<a class=\"aahaf6o\" title=\"comprobador de retracci\u00f3n sin pel\u00edcula\" href=\"https:\/\/www.materialstests.com\/es\/shrink-tester.html\/\">comprobador de retracci\u00f3n sin pel\u00edcula<\/a>,\u00a0<a class=\"aahaf6o\" title=\"comprobador de termorretracci\u00f3n de pel\u00edculas\" href=\"https:\/\/www.materialstests.com\/es\/shrink-tester.html\/\">comprobador de termorretracci\u00f3n de pel\u00edculas<\/a>,\u00a0<a class=\"aahaf6o\" title=\"Comprobador de durabilidad Flex\" href=\"https:\/\/www.materialstests.com\/es\/flex-durability-tester.html\/\">Comprobador de durabilidad Flex<\/a>,\u00a0<a class=\"aahaf6o\" title=\"Comprobador de termosellado por gradiente\" href=\"https:\/\/www.materialstests.com\/es\/gradient-heat-seal-tester.html\/\">Comprobador de termosellado por gradiente<\/a>,\u00a0<a class=\"aahaf6o\" title=\"Comprobador de adherencia por pelado\" href=\"https:\/\/www.materialstests.com\/es\/products\/spc-01-stretch-film-peeling-cling-tester.html\/\">Comprobador de adherencia por pelado<\/a>,\u00a0<a class=\"aahaf6o\" title=\"Comprobador de fuerza de retenci\u00f3n\" href=\"https:\/\/www.materialstests.com\/es\/holding-power-tester.html\/\">Comprobador de fuerza de retenci\u00f3n<\/a>,\u00a0<a class=\"aahaf6o\" title=\"Comprobador de termosellado de laboratorio\" href=\"https:\/\/www.materialstests.com\/es\/products\/hst-01-heat-seal-tester.html\/\">Comprobador de termosellado de laboratorio<\/a>,\u00a0<a class=\"aahaf6o\" title=\"probador de pelado de envases\" href=\"https:\/\/www.materialstests.com\/es\/productstags\/container-peeling-tester.html\/\">probador de pelado de envases<\/a>,\u00a0<a class=\"aahaf6o\" title=\"china heat seal tester suppliers\" href=\"https:\/\/www.materialstests.com\/es\/heat-seal-tester.html\/\">china heat seal tester suppliers<\/a>,\u00a0<a class=\"aahaf6o\" title=\"comprobador de termosellado china\" href=\"https:\/\/www.materialstests.com\/es\/productstags\/china-heat-sealing-tester-factory.html\/\">comprobador de termosellado china<\/a>,\u00a0<a class=\"aahaf6o\" title=\"f\u00e1bricas de termoselladoras\" href=\"https:\/\/www.materialstests.com\/es\/productstags\/heat-sealing-tester-factories.html\/\">f\u00e1bricas de termoselladoras<\/a>,\u00a0<a class=\"aahaf6o\" title=\"f\u00e1bricas de termoselladoras\" href=\"https:\/\/www.materialstests.com\/es\/productstags\/heat-sealing-tester-factories.html\/\">f\u00e1bricas de termoselladoras<\/a>,\u00a0<a class=\"aahaf6o\" title=\"Proveedor de comprobadores de carbonataci\u00f3n\" href=\"https:\/\/www.materialstests.com\/es\/products\/clrt-01-carbon-dioxide-volume-tester.html\/\">Proveedor de comprobadores de carbonataci\u00f3n<\/a>,\u00a0<a class=\"aahaf6o\" title=\"Servicios de comprobaci\u00f3n de la carbonataci\u00f3n\" href=\"https:\/\/www.materialstests.com\/es\/products\/clrt-01-carbon-dioxide-volume-tester.html\/\">Servicios de comprobaci\u00f3n de la carbonataci\u00f3n<\/a>,\u00a0<a class=\"aahaf6o\" title=\"Servicios de comprobaci\u00f3n de la retracci\u00f3n\" href=\"https:\/\/www.materialstests.com\/es\/shrink-tester.html\/\">Servicios de comprobaci\u00f3n de la retracci\u00f3n<\/a>,\u00a0<a class=\"aahaf6o\" title=\"Proveedor de comprobadores de tensi\u00f3n de bolas\" href=\"https:\/\/www.materialstests.com\/es\/products\/btt-01-ball-tack-tester.html\/\">Proveedor de comprobadores de tensi\u00f3n de bolas<\/a>,\u00a0<a class=\"aahaf6o\" title=\"Ball Tack Tester exportaci\u00f3n\" href=\"https:\/\/www.materialstests.com\/es\/products\/btt-01-ball-tack-tester.html\/\">Ball Tack Tester exportaci\u00f3n<\/a>,\u00a0<a class=\"aahaf6o\" title=\"Fabricante de dur\u00f3metros de flexi\u00f3n\" href=\"https:\/\/www.materialstests.com\/es\/flex-durability-tester.html\/\">Fabricante de dur\u00f3metros de flexi\u00f3n<\/a>,\u00a0<a class=\"aahaf6o\" title=\"Proveedor de comprobadores de durabilidad Flex\" href=\"https:\/\/www.materialstests.com\/es\/flex-durability-tester.html\/\">Proveedor de comprobadores de durabilidad Flex<\/a>,\u00a0<a class=\"aahaf6o\" title=\"Flex Durability Tester exportaci\u00f3n\" href=\"https:\/\/www.materialstests.com\/es\/flex-durability-tester.html\/\">Flex Durability Tester exportaci\u00f3n<\/a>,\u00a0<a class=\"aahaf6o\" title=\"Flex Durability Tester China\" href=\"https:\/\/www.materialstests.com\/es\/products\/gft-01-flex-durability-tester.html\/\">Flex Durability Tester China<\/a>,\u00a0<a class=\"aahaf6o\" title=\"Servicios de comprobaci\u00f3n de la durabilidad de Flex\" href=\"https:\/\/www.materialstests.com\/es\/products\/gft-01-flex-durability-tester.html\/\">Servicios de comprobaci\u00f3n de la durabilidad de Flex<\/a><\/p>\t\t\t\t\t\t\t\t<\/div>\n\t\t\t\t\t<\/div>\n\t\t\t\t<\/div>\n\t\t\t\t<\/div>","protected":false},"excerpt":{"rendered":"<p>\u200b Since its official establishment in 2014, Cell Instruments has rapidly ascended in product development and innovation, marking a significant chapter in its dynamic history. Our commitment to excellence has propelled us to achieve milestones in the field of material test equipment, boasting comprehensive lines that encompass Packaging Material Testing, Medical Material Testing, Food Testing, [&hellip;]<\/p>","protected":false},"author":1,"featured_media":0,"parent":0,"menu_order":0,"comment_status":"closed","ping_status":"closed","template":"","meta":{"_acf_changed":false,"footnotes":""},"class_list":["post-2020","page","type-page","status-publish","hentry"],"acf":[],"_links":{"self":[{"href":"https:\/\/www.materialstests.com\/es\/wp-json\/wp\/v2\/pages\/2020","targetHints":{"allow":["GET"]}}],"collection":[{"href":"https:\/\/www.materialstests.com\/es\/wp-json\/wp\/v2\/pages"}],"about":[{"href":"https:\/\/www.materialstests.com\/es\/wp-json\/wp\/v2\/types\/page"}],"author":[{"embeddable":true,"href":"https:\/\/www.materialstests.com\/es\/wp-json\/wp\/v2\/users\/1"}],"replies":[{"embeddable":true,"href":"https:\/\/www.materialstests.com\/es\/wp-json\/wp\/v2\/comments?post=2020"}],"version-history":[{"count":0,"href":"https:\/\/www.materialstests.com\/es\/wp-json\/wp\/v2\/pages\/2020\/revisions"}],"wp:attachment":[{"href":"https:\/\/www.materialstests.com\/es\/wp-json\/wp\/v2\/media?parent=2020"}],"curies":[{"name":"wp","href":"https:\/\/api.w.org\/{rel}","templated":true}]}}