{"id":2078,"date":"2026-01-26T05:37:06","date_gmt":"2026-01-26T05:37:06","guid":{"rendered":"https:\/\/www.materialstests.com\/?page_id=2078"},"modified":"2026-01-26T13:22:09","modified_gmt":"2026-01-26T13:22:09","slug":"contact-us","status":"publish","type":"page","link":"https:\/\/www.materialstests.com\/de\/contact-us.html","title":{"rendered":"Kontakt"},"content":{"rendered":"<div data-elementor-type=\"wp-page\" data-elementor-id=\"2078\" class=\"elementor elementor-2078\" data-elementor-post-type=\"page\">\n\t\t\t\t<div class=\"elementor-element elementor-element-857c6e4 e-flex e-con-boxed e-con e-parent\" data-id=\"857c6e4\" data-element_type=\"container\" data-settings=\"{&quot;background_background&quot;:&quot;classic&quot;}\">\n\t\t\t\t\t<div class=\"e-con-inner\">\n\t\t\t\t<div class=\"elementor-element elementor-element-18c6c37 elementor-widget elementor-widget-heading\" data-id=\"18c6c37\" data-element_type=\"widget\" data-widget_type=\"heading.default\">\n\t\t\t\t\t<div class=\"elementor-heading-title elementor-size-default\"><nav aria-label=\"Semmelbr\u00f6sel\" class=\"rank-math-breadcrumb\"><p><a href=\"https:\/\/www.materialstests.com\/de\/\">Startseite<\/a><span class=\"separator\"> \u00bb <\/span><span class=\"last\">Startseite<\/span><\/p><\/nav>\u200b<\/div>\t\t\t\t<\/div>\n\t\t\t\t\t<\/div>\n\t\t\t\t<\/div>\n\t\t<div class=\"elementor-element elementor-element-a267ca2 e-flex e-con-boxed e-con e-parent\" data-id=\"a267ca2\" data-element_type=\"container\">\n\t\t\t\t\t<div class=\"e-con-inner\">\n\t\t\t\t<div class=\"elementor-element elementor-element-cae2fd3 elementor-widget elementor-widget-text-editor\" data-id=\"cae2fd3\" data-element_type=\"widget\" data-widget_type=\"text-editor.default\">\n\t\t\t\t\t\t\t\t\t<p><strong>Cell Instruments Co., Ltd.<\/strong><\/p><p><strong>Telefon<\/strong>: +86 531 88977152<\/p><p><strong>Mobiltelefon<\/strong>: +86 18560013985<\/p><p><strong>E-Mail<\/strong>: trade@celtec.cn<\/p><p><strong>WhatsApp<\/strong>: +86 18560013985<\/p><p><strong>WeChat<\/strong>: +86 18560013985<\/p><p><strong>Adresse<\/strong>: Nr. 5577 Gongyebei Rd, Licheng District, Jinan, 250109, Shandong, China<\/p><p>Wenn Sie weitere Informationen \u00fcber dieses Produkt w\u00fcnschen, k\u00f6nnen Sie uns gerne kontaktieren. Empfehlen Sie andere beliebte Produkte f\u00fcr Sie:\u00a0 <a class=\"aahaf6o\" title=\"Papier- und Kartondickentester\" href=\"https:\/\/www.materialstests.com\/de\/paper-board-tester.html\/\">Papier- und Kartondickentester<\/a>,\u00a0<a class=\"aahaf6o\" title=\"Pr\u00fcfung der Adh\u00e4sionskraft\" href=\"https:\/\/www.materialstests.com\/de\/adhesiveness-tester.html\/\">Pr\u00fcfung der Adh\u00e4sionskraft<\/a>,\u00a0<a class=\"aahaf6o\" title=\"W\u00e4rmegradiententester\" href=\"https:\/\/www.materialstests.com\/de\/products\/ghs-01-gradient-heat-seal-tester.html\/\">W\u00e4rmegradiententester<\/a>,\u00a0<a class=\"aahaf6o\" title=\"Folienschrumpfungspr\u00fcfger\u00e4t\" href=\"https:\/\/www.materialstests.com\/de\/shrink-tester.html\/\">Folienschrumpfungspr\u00fcfger\u00e4t<\/a>,\u00a0<a class=\"aahaf6o\" title=\"Flex Durability Tester\" href=\"https:\/\/www.materialstests.com\/de\/flex-durability-tester.html\/\">Flex Durability Tester<\/a>,\u00a0<a class=\"aahaf6o\" title=\"Gradient Heat Seal Tester\" href=\"https:\/\/www.materialstests.com\/de\/gradient-heat-seal-tester.html\/\">Gradient Heat Seal Tester<\/a>,\u00a0<a class=\"aahaf6o\" title=\"Peeling Cling Tester\" href=\"https:\/\/www.materialstests.com\/de\/products\/spc-01-stretch-film-peeling-cling-tester.html\/\">Peeling Cling Tester<\/a>,\u00a0<a class=\"aahaf6o\" title=\"Halteleistungstester\" href=\"https:\/\/www.materialstests.com\/de\/holding-power-tester.html\/\">Halteleistungstester<\/a>,\u00a0<a class=\"aahaf6o\" title=\"china hei\u00dfsiegelpr\u00fcfger\u00e4t\" href=\"https:\/\/www.materialstests.com\/de\/productstags\/china-heat-sealing-tester-factory.html\/\">china hei\u00dfsiegelpr\u00fcfger\u00e4t<\/a>,\u00a0<a class=\"aahaf6o\" title=\"Karbonisierungstester Dienstleistungen\" href=\"https:\/\/www.materialstests.com\/de\/products\/clrt-01-carbon-dioxide-volume-tester.html\/\">Karbonisierungstester Dienstleistungen<\/a>,\u00a0<a class=\"aahaf6o\" title=\"Dienstleistungen von Schrumpfungspr\u00fcfern\" href=\"https:\/\/www.materialstests.com\/de\/shrink-tester.html\/\">Dienstleistungen von Schrumpfungspr\u00fcfern<\/a>,\u00a0<a class=\"aahaf6o\" title=\"Biegebruchfestigkeitstester China\" href=\"https:\/\/www.materialstests.com\/de\/products\/gft-01-flex-durability-tester.html\/\">Biegebruchfestigkeitstester China<\/a>,\u00a0<a class=\"aahaf6o\" title=\"Flex Durability Tester Dienstleistungen\" href=\"https:\/\/www.materialstests.com\/de\/products\/gft-01-flex-durability-tester.html\/\">Flex Durability Tester Dienstleistungen<\/a>,\u00a0<a class=\"aahaf6o\" title=\"Folienfreier Schrumpfungstester China\" href=\"https:\/\/www.materialstests.com\/de\/shrink-tester.html\/\">Folienfreier Schrumpfungstester China<\/a>,\u00a0<a class=\"aahaf6o\" title=\"Gradient Heat Seal Tester China\" href=\"https:\/\/www.materialstests.com\/de\/gradient-heat-seal-tester.html\/\">Gradient Heat Seal Tester China<\/a>,\u00a0<a class=\"aahaf6o\" title=\"Dienstleistungen von Gradient Heat Seal Tester\" href=\"https:\/\/www.materialstests.com\/de\/gradient-heat-seal-tester.html\/\">Dienstleistungen von Gradient Heat Seal Tester<\/a>,\u00a0<a class=\"aahaf6o\" title=\"Peeling Cling Tester China\" href=\"https:\/\/www.materialstests.com\/de\/peeling-cling-tester.html\/\">Peeling Cling Tester China<\/a>,\u00a0<a class=\"aahaf6o\" title=\"Peeling Cling Tester Dienstleistungen\" href=\"https:\/\/www.materialstests.com\/de\/products\/spc-01-stretch-film-peeling-cling-tester.html\/\">Peeling Cling Tester Dienstleistungen<\/a>,\u00a0<a class=\"aahaf6o\" title=\"Container-Sch\u00e4lpr\u00fcfger\u00e4t\" href=\"https:\/\/www.materialstests.com\/de\/productstags\/container-peeling-tester.html\/\">Container-Sch\u00e4lpr\u00fcfger\u00e4t<\/a>,\u00a0<a class=\"aahaf6o\" title=\"Container-Tester\" href=\"https:\/\/www.materialstests.com\/de\/container-tester.html\/\">Container-Tester<\/a><\/p>\t\t\t\t\t\t\t\t<\/div>\n\t\t\t\t\t<\/div>\n\t\t\t\t<\/div>\n\t\t\t\t<\/div>","protected":false},"excerpt":{"rendered":"<p>\u200b Cell Instruments Co., Ltd. Telephone: +86 531 88977152 Cell phone: +86 18560013985 Mail: trade@celtec.cn WhatsApp: +86 18560013985 WeChat: +86 18560013985 Address: No. 5577 Gongyebei Rd, Licheng District, Jinan, 250109, Shandong, China If you would like more information about this product, please feel free to contact us. Recommend other popular products for you:\u00a0 Paper and [&hellip;]<\/p>","protected":false},"author":1,"featured_media":0,"parent":0,"menu_order":0,"comment_status":"closed","ping_status":"closed","template":"","meta":{"_acf_changed":false,"footnotes":""},"class_list":["post-2078","page","type-page","status-publish","hentry"],"acf":[],"_links":{"self":[{"href":"https:\/\/www.materialstests.com\/de\/wp-json\/wp\/v2\/pages\/2078","targetHints":{"allow":["GET"]}}],"collection":[{"href":"https:\/\/www.materialstests.com\/de\/wp-json\/wp\/v2\/pages"}],"about":[{"href":"https:\/\/www.materialstests.com\/de\/wp-json\/wp\/v2\/types\/page"}],"author":[{"embeddable":true,"href":"https:\/\/www.materialstests.com\/de\/wp-json\/wp\/v2\/users\/1"}],"replies":[{"embeddable":true,"href":"https:\/\/www.materialstests.com\/de\/wp-json\/wp\/v2\/comments?post=2078"}],"version-history":[{"count":0,"href":"https:\/\/www.materialstests.com\/de\/wp-json\/wp\/v2\/pages\/2078\/revisions"}],"wp:attachment":[{"href":"https:\/\/www.materialstests.com\/de\/wp-json\/wp\/v2\/media?parent=2078"}],"curies":[{"name":"wp","href":"https:\/\/api.w.org\/{rel}","templated":true}]}}