{"id":2076,"date":"2026-01-26T05:36:23","date_gmt":"2026-01-26T05:36:23","guid":{"rendered":"https:\/\/www.materialstests.com\/?page_id=2076"},"modified":"2026-01-26T13:07:58","modified_gmt":"2026-01-26T13:07:58","slug":"service-support","status":"publish","type":"page","link":"https:\/\/www.materialstests.com\/de\/service-support.html","title":{"rendered":"Service-Unterst\u00fctzung"},"content":{"rendered":"<div data-elementor-type=\"wp-page\" data-elementor-id=\"2076\" class=\"elementor elementor-2076\" data-elementor-post-type=\"page\">\n\t\t\t\t<div class=\"elementor-element elementor-element-0644825 e-flex e-con-boxed e-con e-parent\" data-id=\"0644825\" data-element_type=\"container\" data-settings=\"{&quot;background_background&quot;:&quot;classic&quot;}\">\n\t\t\t\t\t<div class=\"e-con-inner\">\n\t\t\t\t<div class=\"elementor-element elementor-element-9b508b5 elementor-widget elementor-widget-heading\" data-id=\"9b508b5\" data-element_type=\"widget\" data-widget_type=\"heading.default\">\n\t\t\t\t\t<div class=\"elementor-heading-title elementor-size-default\"><nav aria-label=\"Semmelbr\u00f6sel\" class=\"rank-math-breadcrumb\"><p><a href=\"https:\/\/www.materialstests.com\/de\/\">Startseite<\/a><span class=\"separator\"> \u00bb <\/span><span class=\"last\">Startseite<\/span><\/p><\/nav>\u200b<\/div>\t\t\t\t<\/div>\n\t\t\t\t\t<\/div>\n\t\t\t\t<\/div>\n\t\t<div class=\"elementor-element elementor-element-760817c e-flex e-con-boxed e-con e-parent\" data-id=\"760817c\" data-element_type=\"container\">\n\t\t\t\t\t<div class=\"e-con-inner\">\n\t\t\t\t<div class=\"elementor-element elementor-element-55a348f elementor-widget elementor-widget-text-editor\" data-id=\"55a348f\" data-element_type=\"widget\" data-widget_type=\"text-editor.default\">\n\t\t\t\t\t\t\t\t\t<p><strong>Anpassungspolitik:<\/strong><\/p><p>Wir bei Cell Instruments Co. erkennen die unterschiedlichen und sich entwickelnden Bed\u00fcrfnisse unserer vielf\u00e4ltigen Kunden aus verschiedenen Branchen. Wir verpflichten uns, durch eine umfassende Anpassungspolitik personalisierte L\u00f6sungen anzubieten, die sicherstellen, dass unsere Materialpr\u00fcfger\u00e4te Ihre spezifischen und einzigartigen Anforderungen erf\u00fcllen. Ganz gleich, ob Ihr Schwerpunkt in der Verpackungs-, Lebensmittel-, Pharma-, Medizin-, Getr\u00e4nke-, Klebstoff-, Elektronik- oder einer anderen Branche liegt, unser Ziel ist es, Ihnen hochmoderne Materialpr\u00fcfl\u00f6sungen zu bieten, die genau auf Ihre Spezifikationen zugeschnitten sind.<\/p><p><strong>Anpassungsprozess:<\/strong><\/p><p>1. Erste Konsultation:<\/p><p>- Diskussion und Ideenfindung: Tauschen Sie sich mit unseren Experten \u00fcber die Pr\u00fcfmethode, Normen und spezifischen Anforderungen aus.<\/p><p>- Materialbewertung: Beurteilung von Materialart, -beschaffenheit und -spezifikationen, um festzustellen, ob eine Modifikation unserer bestehenden Pr\u00fcfger\u00e4te Ihre Pr\u00fcfanforderungen erf\u00fcllen kann.<\/p><p>2. Empfang und \u00c4nderung von Proben:<\/p><p>- Bewertung: Nach der Best\u00e4tigung, dass eine \u00c4nderung des aktuellen Pr\u00fcfger\u00e4ts machbar ist, erhalten wir von den Kunden Muster.<\/p><p>- Technische Modifikation: Unser engagiertes technisches Team, bestehend aus Hardware- und Software-Ingenieuren, modifiziert das vorhandene Pr\u00fcfger\u00e4t sorgf\u00e4ltig auf der Grundlage der besprochenen technischen Details.<\/p><p>*OR*<\/p><p>- Entwurf eines neuen Pr\u00fcfger\u00e4ts: Wenn eine geringf\u00fcgige \u00c4nderung die Testanforderungen nicht erf\u00fcllen kann, entwirft unser technisches Team einen neuen Tester und das entsprechende Programm, um eine umfassende L\u00f6sung zu gew\u00e4hrleisten.<\/p><p>3. Leistungstests:<\/p><p>- Qualit\u00e4tssicherung: Sobald das modifizierte oder neue Pr\u00fcfger\u00e4t fertig ist, f\u00fchren wir gr\u00fcndliche Tests an Mustern durch, um eine optimale Leistung sicherzustellen.<\/p><p>4. Test\u00fcberpr\u00fcfung und Interaktion:<\/p><p>- Test Video Sharing: Wir stellen ein ausf\u00fchrliches Testvideo zur Verf\u00fcgung, das den modifizierten oder neu entwickelten Tester in Aktion zeigt.<\/p><p>- Einladung zum Live-Test: Alternativ werden die Kunden in unsere Einrichtung eingeladen, um den Live-Test zu erleben und sich aus erster Hand von den F\u00e4higkeiten der Ger\u00e4te zu \u00fcberzeugen.<\/p><p>5. Best\u00e4tigung und Versendung:<\/p><p>- Zustimmung des Kunden: Nach Pr\u00fcfung der Testergebnisse und der Erfahrung mit der Leistung des Ger\u00e4ts best\u00e4tigen die Kunden ihre Zufriedenheit.<\/p><p>- Fertigstellung: Nach der Best\u00e4tigung versenden wir das ma\u00dfgeschneiderte Testger\u00e4t und sorgen f\u00fcr eine reibungslose Lieferung.<\/p><p><strong>Vorteile bei der Individualisierung<\/strong><\/p><p>1. Umfassende Erfahrung in der Industrie:<\/p><p>- Branchen\u00fcbergreifende Kompetenz: Dank unserer langj\u00e4hrigen Pr\u00e4senz verf\u00fcgen wir \u00fcber einen reichen Erfahrungsschatz in verschiedenen Branchen, darunter Verpackung, Lebensmittel, Pharmazeutika, Medizintechnik, Getr\u00e4nke, Klebstoffe, Elektronik und viele mehr.<\/p><p>- Tiefgreifendes Verst\u00e4ndnis der Branche: Unsere Fachleute verf\u00fcgen \u00fcber fundierte Kenntnisse der branchenspezifischen Herausforderungen und Anforderungen.<\/p><p>2. Breite Palette von Produkten:<\/p><p>- Umfassendes Produktportfolio: Wir bieten eine breite Palette von Materialpr\u00fcfger\u00e4ten an, die den unterschiedlichen Pr\u00fcfanforderungen der verschiedenen Branchen gerecht werden.<\/p><p>- Vielseitigkeit der L\u00f6sungen: Unsere breite Produktpalette gew\u00e4hrleistet, dass wir L\u00f6sungen f\u00fcr eine Vielzahl von Pr\u00fcfanwendungen anbieten k\u00f6nnen.<\/p><p>3. Fachwissen \u00fcber Automatisierung:<\/p><p>- Integration der Automatisierung: Nutzen Sie unsere Kompetenz in der Automatisierung, um Testprozesse zu rationalisieren und die Effizienz zu steigern.<\/p><p>- Ma\u00dfgeschneiderte Automatisierungsl\u00f6sungen: Dank unserer Erfahrung sind wir in der Lage, Automatisierungsl\u00f6sungen an die spezifischen Anforderungen der Branche anzupassen.<\/p><p>4. Schnelle Reaktion und schnelle Bearbeitung:<\/p><p>- Agiles und reaktionsschnelles Team: Unser engagiertes Team sorgt f\u00fcr eine schnelle Reaktion auf Anfragen und gew\u00e4hrleistet einen nahtlosen und schnellen Anpassungsprozess.<\/p><p>- Effiziente Bearbeitungszeit: Profitieren Sie von unserem Engagement, ma\u00dfgeschneiderte L\u00f6sungen innerhalb eines angemessenen Zeitrahmens zu liefern.<\/p><p>5. Erschwinglichkeit:<\/p><p>- Kosteneffiziente L\u00f6sungen: Wir legen Wert auf erschwingliche Anpassungsoptionen, ohne Kompromisse bei der Qualit\u00e4t einzugehen.<\/p><p>- Wert f\u00fcr die Investition: Unsere kosteneffizienten L\u00f6sungen bieten ein hervorragendes Preis-Leistungs-Verh\u00e4ltnis und sorgen f\u00fcr eine positive Rendite Ihrer Investition.<\/p><p>6. Verst\u00e4ndnis der Teststandards:<\/p><p>- \u00dcbereinstimmung mit internationalen Normen: Wir kennen uns mit internationalen Pr\u00fcfnormen wie ASTM, ISO, GT, YBB, JIS, DIN, IEC und anderen aus.<\/p><p>- Pr\u00e4zision beim Testen: Die Einhaltung dieser Standards gew\u00e4hrleistet die Genauigkeit und Zuverl\u00e4ssigkeit unserer ma\u00dfgeschneiderten Testl\u00f6sungen.<\/p><p>7. Gute Sprachkenntnisse:<\/p><p>- Effektive Kommunikation: Unser Team verf\u00fcgt \u00fcber gute Sprachkenntnisse, die eine klare und effektive Kommunikation w\u00e4hrend des gesamten Anpassungsprozesses erm\u00f6glichen.<\/p><p><strong>Kundendienstpolitik<\/strong><\/p><p>Bei Cell Instruments Co., Ltd. haben wir uns verpflichtet, einen au\u00dfergew\u00f6hnlichen Kundendienst anzubieten, um die Zufriedenheit und den Erfolg unserer gesch\u00e4tzten Kunden zu gew\u00e4hrleisten. Unsere Kundendienstpolitik umrei\u00dft die Grunds\u00e4tze und Verfahren, die unser Engagement f\u00fcr Ihre Unterst\u00fctzung w\u00e4hrend des gesamten Produktlebenszyklus leiten.<\/p><p>1. Garantieabdeckung:<\/p><p>- F\u00fcr alle Cell Instruments-Produkte gilt eine Standardgarantiezeit von in der Regel einem Jahr. Diese Garantie deckt Herstellungsfehler ab und gew\u00e4hrleistet die ordnungsgem\u00e4\u00dfe Funktion des Ger\u00e4ts w\u00e4hrend des angegebenen Zeitraums.<\/p><p>2. Gew\u00e4hrleistungsanspr\u00fcche:<\/p><p>- Im Falle eines Garantieanspruchs m\u00fcssen die Kunden den Kaufnachweis und eine detaillierte Beschreibung des Problems vorlegen.<\/p><p>- Unser technisches Support-Team wird die Reklamation pr\u00fcfen und feststellen, ob das Problem unter die Garantie f\u00e4llt.<\/p><p>- Wenn dies der Fall ist, werden wir die defekten Teile oder Ger\u00e4te umgehend reparieren oder ersetzen.<\/p><p>3. Technische Unterst\u00fctzung:<\/p><p>- Unser engagiertes technisches Support-Team steht Ihnen bei allen Fragen und Problemen zur Seite.<\/p><p>- Kunden k\u00f6nnen unseren technischen Support unter info@celtec.cn w\u00e4hrend der Gesch\u00e4ftszeiten kontaktieren.<\/p><p>4. Wartungs- und Kalibrierungsdienste:<\/p><p>- Wir empfehlen eine regelm\u00e4\u00dfige Wartung, um eine optimale Leistung zu gew\u00e4hrleisten. Kunden k\u00f6nnen mit unserem Team einen Wartungstermin vereinbaren.<\/p><p>- Kalibrierungsdienste sind verf\u00fcgbar, um die Genauigkeit der Pr\u00fcfger\u00e4te aufrechtzuerhalten.<\/p><p>5. Verf\u00fcgbarkeit von Ersatzteilen:<\/p><p>- Wir unterhalten ein Ersatzteillager, um einen schnellen Austausch zu erm\u00f6glichen und Ausfallzeiten zu minimieren.<\/p><p>- Die Kunden k\u00f6nnen Originalersatzteile direkt bei uns kaufen, um Kompatibilit\u00e4t und Leistung zu gew\u00e4hrleisten.<\/p><p>6. Kundenschulung:<\/p><p>- Online-Schulungen stehen unseren Kunden jederzeit zur Verf\u00fcgung, um ihre F\u00e4higkeiten im Umgang mit unseren Ger\u00e4ten zu optimieren.<\/p><p>- Die Schulungen k\u00f6nnen je nach Kundenwunsch vor Ort (die Kosten sind noch zu besprechen) oder per Fernzugriff durchgef\u00fchrt werden.<\/p><p>7. Kunden-Feedback:<\/p><p>- Wir sch\u00e4tzen Kundenfeedback, da es uns hilft, unsere Produkte und Dienstleistungen zu verbessern. Kunden werden ermutigt, ihr Feedback \u00fcber unser Kontaktformular oder per E-Mail an info@celtec.cn zu \u00fcbermitteln. .<\/p><p>8. Kontaktinformationen:<\/p><p>Wenn Sie Fragen zum Kundendienst haben, wenden Sie sich bitte an unseren Kundendienst unter info@celtec.cn oder +86 18560013985.<\/p><p><strong>FAQ<\/strong><\/p><p>F: Was ist die typische Lieferzeit f\u00fcr Cell Instruments-Produkte?<\/p><p>A: Die Lieferzeiten variieren je nach Produkt und Anpassungsanforderungen. Standardprodukte werden in der Regel innerhalb von 5 Werktagen oder weniger ausgeliefert.<\/p><p>F: Kann ich die Lieferung meiner Bestellung beschleunigen?<\/p><p>A: Ja, es sind Optionen f\u00fcr einen beschleunigten Versand verf\u00fcgbar. Bitte wenden Sie sich an unser Vertriebsteam, um Ihre spezifischen Anforderungen und Lieferfristen zu besprechen.<\/p><p>F: Welche Zahlungsarten akzeptieren Sie?<\/p><p>A: Wir akzeptieren normalerweise Zahlungen per Bank\u00fcberweisung.<\/p><p>F: Gibt es zus\u00e4tzliche Geb\u00fchren f\u00fcr die Verwendung bestimmter Zahlungsmethoden?<\/p><p>A: F\u00fcr unsere Standard-Zahlungsmethoden fallen keine zus\u00e4tzlichen Geb\u00fchren an. Bei Bank\u00fcberweisungen k\u00f6nnen jedoch Bankgeb\u00fchren anfallen.<\/p><p>F: Wie werden die Produkte f\u00fcr den Versand verpackt?<\/p><p>A: Unsere Produkte werden sicher verpackt, um einen sicheren Transport zu gew\u00e4hrleisten. Wir verwenden sto\u00dfsichere Verpackungsmaterialien und Sperrholzkartons oder Pappkartons, um die Ger\u00e4te w\u00e4hrend des Versands zu sch\u00fctzen.<\/p><p>F: Bieten Sie Informationen zur Sendungsverfolgung f\u00fcr versandte Bestellungen an?<\/p><p>A: Ja, sobald Ihre Bestellung versandt wurde, erhalten Sie eine E-Mail mit Informationen zur Sendungsverfolgung, um den Versandstatus zu verfolgen.<\/p><p>F: Welche Versandarten sind m\u00f6glich?<\/p><p>A: Die Wahl der Versandart kann je nach Dringlichkeit der Lieferung, Budgetbeschr\u00e4nkungen sowie Gr\u00f6\u00dfe und Gewicht der Waren variieren. Wir arbeiten stets eng mit Logistikexperten zusammen, um den Versand f\u00fcr unsere gesch\u00e4tzten Kunden zu optimieren.<\/p><p>Die am h\u00e4ufigsten verwendeten Versandmethoden sind:<\/p><p>1. Kurierdienste (z. B. DHL, FedEx, UPS, SF Express):<\/p><p>Beschreibung: Private Kurierdienste, die Haus-zu-Haus-Dienste anbieten.<\/p><p>Lieferzeiten: Schnelle Laufzeiten, \u00e4hnlich wie beim Expressversand.<\/p><p>Geeignet f\u00fcr: Kleine bis mittelgro\u00dfe Pakete (GW unter 60 kg) mit dem Schwerpunkt auf Zuverl\u00e4ssigkeit und Geschwindigkeit.<\/p><p>2. Luftfracht:<\/p><p>Beschreibung: Transport auf dem Luftweg f\u00fcr eine schnellere Zustellung im Vergleich zur Seefracht.<\/p><p>Lieferzeiten: Schneller als Seefracht, aber normalerweise langsamer als Expressversand.<\/p><p>Geeignet f\u00fcr: Zeitkritische Sendungen mit einem moderaten Budget und Gewicht. (GW mehr als 45 kg).<\/p><p>3. Seefracht:<\/p><p>Beschreibung: Kosteng\u00fcnstig f\u00fcr gro\u00dfe und schwere Sendungen.<\/p><p>Lieferzeiten: L\u00e4ngere Transitzeiten im Vergleich zur Luftfracht.<\/p><p>Geeignet f\u00fcr: Gro\u00dfe Sendungen, bei denen Kosteneinsparungen und ein flexibler Zeitplan f\u00fcr die Zustellung im Vordergrund stehen.<\/p><p>4. Schieneng\u00fcterverkehr:<\/p><p>Beschreibung: Landtransport auf der Schiene, der h\u00e4ufig f\u00fcr den interkontinentalen Transport nach Zentralasien oder zu europ\u00e4ischen Kunden genutzt wird.<\/p><p>Lieferzeit: Im Allgemeinen schneller als Seefracht, aber langsamer als Luftfracht.<\/p><p>Geeignet f\u00fcr: Gro\u00dfe Sendungen mit Zielorten, die mit der Bahn erreichbar sind.<\/p><p>5. Intermodaler Transport:<\/p><p>Beschreibung: Eine Kombination aus mehreren Verkehrstr\u00e4gern (z. B. Schiff und Bahn, Lkw und Flugzeug).<\/p><p>Lieferfrist: Variabel, abh\u00e4ngig von der Kombination der gew\u00e4hlten Modi.<\/p><p>Geeignet f\u00fcr: Komplexe Logistikszenarien mit einem Mix aus verschiedenen Transportanforderungen.<\/p>\t\t\t\t\t\t\t\t<\/div>\n\t\t\t\t\t<\/div>\n\t\t\t\t<\/div>\n\t\t\t\t<\/div>","protected":false},"excerpt":{"rendered":"<p>\u200b Customization Policy: At Cell Instruments Co., Ltd., we recognize the distinct and evolving needs of our diverse clientele spanning various industries. Our commitment is to offer personalized solutions through a comprehensive customization policy, ensuring that our material test equipment meets your specific and unique requirements. Whether your focus lies in packaging, food, pharmaceuticals, medical, [&hellip;]<\/p>","protected":false},"author":1,"featured_media":0,"parent":0,"menu_order":0,"comment_status":"closed","ping_status":"closed","template":"","meta":{"_acf_changed":false,"footnotes":""},"class_list":["post-2076","page","type-page","status-publish","hentry"],"acf":[],"_links":{"self":[{"href":"https:\/\/www.materialstests.com\/de\/wp-json\/wp\/v2\/pages\/2076","targetHints":{"allow":["GET"]}}],"collection":[{"href":"https:\/\/www.materialstests.com\/de\/wp-json\/wp\/v2\/pages"}],"about":[{"href":"https:\/\/www.materialstests.com\/de\/wp-json\/wp\/v2\/types\/page"}],"author":[{"embeddable":true,"href":"https:\/\/www.materialstests.com\/de\/wp-json\/wp\/v2\/users\/1"}],"replies":[{"embeddable":true,"href":"https:\/\/www.materialstests.com\/de\/wp-json\/wp\/v2\/comments?post=2076"}],"version-history":[{"count":0,"href":"https:\/\/www.materialstests.com\/de\/wp-json\/wp\/v2\/pages\/2076\/revisions"}],"wp:attachment":[{"href":"https:\/\/www.materialstests.com\/de\/wp-json\/wp\/v2\/media?parent=2076"}],"curies":[{"name":"wp","href":"https:\/\/api.w.org\/{rel}","templated":true}]}}