{"id":2020,"date":"2026-01-26T03:32:25","date_gmt":"2026-01-26T03:32:25","guid":{"rendered":"https:\/\/www.materialstests.com\/?page_id=2020"},"modified":"2026-01-26T13:06:21","modified_gmt":"2026-01-26T13:06:21","slug":"about-us","status":"publish","type":"page","link":"https:\/\/www.materialstests.com\/de\/about-us.html","title":{"rendered":"\u00dcber uns"},"content":{"rendered":"<div data-elementor-type=\"wp-page\" data-elementor-id=\"2020\" class=\"elementor elementor-2020\" data-elementor-post-type=\"page\">\n\t\t\t\t<div class=\"elementor-element elementor-element-c1e7c03 e-flex e-con-boxed e-con e-parent\" data-id=\"c1e7c03\" data-element_type=\"container\" data-settings=\"{&quot;background_background&quot;:&quot;classic&quot;}\">\n\t\t\t\t\t<div class=\"e-con-inner\">\n\t\t\t\t<div class=\"elementor-element elementor-element-8fd22e0 elementor-widget elementor-widget-heading\" data-id=\"8fd22e0\" data-element_type=\"widget\" data-widget_type=\"heading.default\">\n\t\t\t\t\t<div class=\"elementor-heading-title elementor-size-default\"><nav aria-label=\"Semmelbr\u00f6sel\" class=\"rank-math-breadcrumb\"><p><a href=\"https:\/\/www.materialstests.com\/de\/\">Startseite<\/a><span class=\"separator\"> \u00bb <\/span><span class=\"last\">Startseite<\/span><\/p><\/nav>\u200b<\/div>\t\t\t\t<\/div>\n\t\t\t\t\t<\/div>\n\t\t\t\t<\/div>\n\t\t<div class=\"elementor-element elementor-element-f608734 e-flex e-con-boxed e-con e-parent\" data-id=\"f608734\" data-element_type=\"container\">\n\t\t\t\t\t<div class=\"e-con-inner\">\n\t\t\t\t<div class=\"elementor-element elementor-element-58cb6ea elementor-widget elementor-widget-text-editor\" data-id=\"58cb6ea\" data-element_type=\"widget\" data-widget_type=\"text-editor.default\">\n\t\t\t\t\t\t\t\t\t<p>Seit seiner offiziellen Gr\u00fcndung im Jahr 2014 hat Cell Instruments einen rasanten Aufstieg in der Produktentwicklung und -innovation hingelegt und damit ein wichtiges Kapitel in seiner dynamischen Geschichte geschrieben. Unser Engagement f\u00fcr hervorragende Leistungen hat uns dazu gebracht, Meilensteine im Bereich der Materialpr\u00fcfger\u00e4te zu erreichen. Wir verf\u00fcgen \u00fcber umfassende Produktlinien, die Verpackungsmaterialpr\u00fcfungen, medizinische Materialpr\u00fcfungen, Lebensmittelpr\u00fcfungen, pharmazeutische Pr\u00fcfungen, Haftfestigkeitspr\u00fcfungen, Papier- und Kartontests und sogar kundenspezifische Anpassungen auf Abruf umfassen. Diese hochmodernen L\u00f6sungen finden vielseitige Anwendungen in verschiedenen Branchen, darunter Verpackung, Lebensmittel, Pharmazie, Medizin, Kosmetik, Getr\u00e4nke, Universit\u00e4ten, Inspektion, Klebstoffe und Textilien.<\/p>\t\t\t\t\t\t\t\t<\/div>\n\t\t\t\t<div class=\"elementor-element elementor-element-c7d07e9 elementor-widget elementor-widget-image\" data-id=\"c7d07e9\" data-element_type=\"widget\" data-widget_type=\"image.default\">\n\t\t\t\t\t\t\t\t\t\t\t\t\t\t\t<img fetchpriority=\"high\" decoding=\"async\" width=\"800\" height=\"400\" src=\"https:\/\/www.materialstests.com\/wp-content\/uploads\/2026\/01\/bc800e5326c92bfcd7f943355926093a.jpg\" class=\"attachment-large size-large wp-image-2238\" alt=\"Hersteller von Dichtheitspr\u00fcfger\u00e4ten- \u00dcBER UNS\" srcset=\"https:\/\/www.materialstests.com\/wp-content\/uploads\/2026\/01\/bc800e5326c92bfcd7f943355926093a.jpg 800w, https:\/\/www.materialstests.com\/wp-content\/uploads\/2026\/01\/bc800e5326c92bfcd7f943355926093a-300x150.jpg 300w, https:\/\/www.materialstests.com\/wp-content\/uploads\/2026\/01\/bc800e5326c92bfcd7f943355926093a-768x384.jpg 768w, https:\/\/www.materialstests.com\/wp-content\/uploads\/2026\/01\/bc800e5326c92bfcd7f943355926093a-18x9.jpg 18w\" sizes=\"(max-width: 800px) 100vw, 800px\" \/>\t\t\t\t\t\t\t\t\t\t\t\t\t\t\t<\/div>\n\t\t\t\t<div class=\"elementor-element elementor-element-127095f elementor-widget elementor-widget-text-editor\" data-id=\"127095f\" data-element_type=\"widget\" data-widget_type=\"text-editor.default\">\n\t\t\t\t\t\t\t\t\t<p>Unsere globale Pr\u00e4senz hat sich stark ausgeweitet und erreicht und beeinflusst \u00fcber 70 L\u00e4nder und Regionen. Bei Cell Instruments geht unsere Mission \u00fcber die blo\u00dfe Bereitstellung von Testl\u00f6sungen hinaus; sie dreht sich um die Gestaltung der Landschaft der Qualit\u00e4tskontrolle sowie der Forschung und Entwicklung unserer Kunden. Unser Ziel ist es, als integraler Bestandteil dieser Prozesse anerkannt zu werden und den Anwendern weltweit wettbewerbsf\u00e4hige und vertrauensw\u00fcrdige L\u00f6sungen anzubieten.<\/p><p>Als Pionier in der Branche bleibt Cell Instruments ein ingenieursgetriebenes Unternehmen mit einer unnachgiebigen Verpflichtung zu Standards. Mit dem Ziel, Spitzenleistungen zu erzielen, haben wir aktiv Instrumentenmodelle entwickelt, die auf die spezifischen Bed\u00fcrfnisse unserer Kunden zugeschnitten sind und gleichzeitig die Einhaltung von Industriestandards gew\u00e4hrleisten. Diese Instrumente dienen als unsch\u00e4tzbare Probleml\u00f6sungswerkzeuge, die sich nahtlos in Kundenlabors, Forschungs- und Entwicklungszentren, Produktionsst\u00e4tten, Vorlesungss\u00e4le und dar\u00fcber hinaus integrieren lassen. Unser technischer Hintergrund sichert die Qualit\u00e4t der Produkte unserer Kunden und erm\u00f6glicht es ihnen, sich auf dem internationalen Markt sicher zu bewegen.<\/p>\t\t\t\t\t\t\t\t<\/div>\n\t\t\t\t<div class=\"elementor-element elementor-element-a0311d4 elementor-widget elementor-widget-image\" data-id=\"a0311d4\" data-element_type=\"widget\" data-widget_type=\"image.default\">\n\t\t\t\t\t\t\t\t\t\t\t\t\t\t\t<img decoding=\"async\" width=\"800\" height=\"400\" src=\"https:\/\/www.materialstests.com\/wp-content\/uploads\/2026\/01\/6f6c3ee6a57f3b5a064c916fc412fc69.jpg\" class=\"attachment-large size-large wp-image-2239\" alt=\"Hersteller von Dichtheitspr\u00fcfger\u00e4ten- \u00dcBER UNS\" srcset=\"https:\/\/www.materialstests.com\/wp-content\/uploads\/2026\/01\/6f6c3ee6a57f3b5a064c916fc412fc69.jpg 800w, https:\/\/www.materialstests.com\/wp-content\/uploads\/2026\/01\/6f6c3ee6a57f3b5a064c916fc412fc69-300x150.jpg 300w, https:\/\/www.materialstests.com\/wp-content\/uploads\/2026\/01\/6f6c3ee6a57f3b5a064c916fc412fc69-768x384.jpg 768w, https:\/\/www.materialstests.com\/wp-content\/uploads\/2026\/01\/6f6c3ee6a57f3b5a064c916fc412fc69-18x9.jpg 18w\" sizes=\"(max-width: 800px) 100vw, 800px\" \/>\t\t\t\t\t\t\t\t\t\t\t\t\t\t\t<\/div>\n\t\t\t\t<div class=\"elementor-element elementor-element-5673870 elementor-widget elementor-widget-text-editor\" data-id=\"5673870\" data-element_type=\"widget\" data-widget_type=\"text-editor.default\">\n\t\t\t\t\t\t\t\t\t<p>Cell Instruments hat sich nicht nur als Hersteller von hochmodernen Pr\u00fcfger\u00e4ten positioniert, sondern auch als strategischer Partner f\u00fcr den Erfolg von Unternehmen auf der ganzen Welt. Unser engagiertes Team, das \u00fcber ein breites Spektrum an Fachwissen verf\u00fcgt, arbeitet unerm\u00fcdlich daran, dass unsere Kunden nicht nur Produkte, sondern umfassende L\u00f6sungen erhalten, die ihre Effizienz, Produktqualit\u00e4t und allgemeine Wettbewerbsf\u00e4higkeit verbessern.<\/p><p>Unser Hauptsitz befindet sich in Jinan City, einem der wichtigsten Industriezentren Nordchinas, und dient als Zentrum unserer Aktivit\u00e4ten und bietet einen Knotenpunkt f\u00fcr Forschung, Entwicklung und kundenorientierte Initiativen.<\/p><p>Unser Erfolg reicht \u00fcber die Grenzen hinaus, da wir uns aktiv am internationalen Handel beteiligen und unsere innovativen L\u00f6sungen in eine Vielzahl von L\u00e4ndern exportieren. Diese globale Reichweite ist ein Beweis f\u00fcr unsere Vision, die Zusammenarbeit zu f\u00f6rdern und Innovationen auf globaler Ebene zu teilen.<\/p><p>Auf unserem Weg zu Spitzenleistungen laden wir Sie ein, gemeinsam mit uns die Zukunft der Qualit\u00e4tskontrolle sowie der Forschung und Entwicklung auf globaler Ebene zu gestalten.<\/p><p>Wenn Sie weitere Informationen \u00fcber dieses Produkt w\u00fcnschen, k\u00f6nnen Sie uns gerne kontaktieren. Empfehlen Sie andere beliebte Produkte f\u00fcr Sie:\u00a0<a class=\"aahaf6o\" title=\"Papier- und Kartondickentester\" href=\"https:\/\/www.materialstests.com\/de\/paper-board-tester.html\/\">Papier- und Kartondickentester<\/a>,\u00a0<a class=\"aahaf6o\" title=\"Brutto-Dichtheitspr\u00fcfger\u00e4te\" href=\"https:\/\/www.materialstests.com\/de\/gross-leak-tester.html\/\">Brutto-Dichtheitspr\u00fcfger\u00e4te<\/a>,\u00a0<a class=\"aahaf6o\" title=\" Bruttodichtheitspr\u00fcfger\u00e4t Ausr\u00fcstungstest\" href=\"https:\/\/www.materialstests.com\/de\/gross-leak-tester.html\/\">Bruttodichtheitspr\u00fcfger\u00e4t Ausr\u00fcstungstest<\/a>,\u00a0<a class=\"aahaf6o\" title=\"Bruttodichtheitspr\u00fcfger\u00e4t Ausr\u00fcstungstest\" href=\"https:\/\/www.materialstests.com\/de\/gross-leak-tester.html\/\">Bruttodichtheitspr\u00fcfger\u00e4t Ausr\u00fcstungstest<\/a>,\u00a0<a class=\"aahaf6o\" title=\"Gradient Heat Seal Tester Hersteller\" href=\"https:\/\/www.materialstests.com\/de\/products\/ghs-01-gradient-heat-seal-tester.html\/\">Gradient Heat Seal Tester Hersteller<\/a>,\u00a0<a class=\"aahaf6o\" title=\"Labor-Hei\u00dfklebetester\" href=\"https:\/\/www.materialstests.com\/de\/products\/htt-02-hot-tack-tester.html\/\">Labor-Hei\u00dfklebetester<\/a>,\u00a0<a class=\"aahaf6o\" title=\"W\u00e4rmegradiententester\" href=\"https:\/\/www.materialstests.com\/de\/products\/ghs-01-gradient-heat-seal-tester.html\/\">W\u00e4rmegradiententester<\/a>,\u00a0<a class=\"aahaf6o\" title=\"Folienfreies Schrumpfungspr\u00fcfger\u00e4t\" href=\"https:\/\/www.materialstests.com\/de\/shrink-tester.html\/\">Folienfreies Schrumpfungspr\u00fcfger\u00e4t<\/a>,\u00a0<a class=\"aahaf6o\" title=\"Folienschrumpfungspr\u00fcfger\u00e4t\" href=\"https:\/\/www.materialstests.com\/de\/shrink-tester.html\/\">Folienschrumpfungspr\u00fcfger\u00e4t<\/a>,\u00a0<a class=\"aahaf6o\" title=\"Flex Durability Tester\" href=\"https:\/\/www.materialstests.com\/de\/flex-durability-tester.html\/\">Flex Durability Tester<\/a>,\u00a0<a class=\"aahaf6o\" title=\"Gradient Heat Seal Tester\" href=\"https:\/\/www.materialstests.com\/de\/gradient-heat-seal-tester.html\/\">Gradient Heat Seal Tester<\/a>,\u00a0<a class=\"aahaf6o\" title=\"Peeling Cling Tester\" href=\"https:\/\/www.materialstests.com\/de\/products\/spc-01-stretch-film-peeling-cling-tester.html\/\">Peeling Cling Tester<\/a>,\u00a0<a class=\"aahaf6o\" title=\"Halteleistungstester\" href=\"https:\/\/www.materialstests.com\/de\/holding-power-tester.html\/\">Halteleistungstester<\/a>,\u00a0<a class=\"aahaf6o\" title=\"Labor-Hei\u00dfsiegelger\u00e4t\" href=\"https:\/\/www.materialstests.com\/de\/products\/hst-01-heat-seal-tester.html\/\">Labor-Hei\u00dfsiegelger\u00e4t<\/a>,\u00a0<a class=\"aahaf6o\" title=\"Container-Sch\u00e4lpr\u00fcfger\u00e4t\" href=\"https:\/\/www.materialstests.com\/de\/productstags\/container-peeling-tester.html\/\">Container-Sch\u00e4lpr\u00fcfger\u00e4t<\/a>,\u00a0<a class=\"aahaf6o\" title=\"china hei\u00dfsiegelpr\u00fcfger\u00e4t lieferanten\" href=\"https:\/\/www.materialstests.com\/de\/heat-seal-tester.html\/\">china hei\u00dfsiegelpr\u00fcfger\u00e4t lieferanten<\/a>,\u00a0<a class=\"aahaf6o\" title=\"china hei\u00dfsiegelpr\u00fcfger\u00e4t\" href=\"https:\/\/www.materialstests.com\/de\/productstags\/china-heat-sealing-tester-factory.html\/\">china hei\u00dfsiegelpr\u00fcfger\u00e4t<\/a>,\u00a0<a class=\"aahaf6o\" title=\"Hei\u00dfsiegelpr\u00fcfger\u00e4te-Fabriken\" href=\"https:\/\/www.materialstests.com\/de\/productstags\/heat-sealing-tester-factories.html\/\">Hei\u00dfsiegelpr\u00fcfger\u00e4te-Fabriken<\/a>,\u00a0<a class=\"aahaf6o\" title=\"Hei\u00dfsiegelpr\u00fcfger\u00e4te-Fabriken\" href=\"https:\/\/www.materialstests.com\/de\/productstags\/heat-sealing-tester-factories.html\/\">Hei\u00dfsiegelpr\u00fcfger\u00e4te-Fabriken<\/a>,\u00a0<a class=\"aahaf6o\" title=\"Karbonisierungstester Lieferant\" href=\"https:\/\/www.materialstests.com\/de\/products\/clrt-01-carbon-dioxide-volume-tester.html\/\">Karbonisierungstester Lieferant<\/a>,\u00a0<a class=\"aahaf6o\" title=\"Karbonisierungstester Dienstleistungen\" href=\"https:\/\/www.materialstests.com\/de\/products\/clrt-01-carbon-dioxide-volume-tester.html\/\">Karbonisierungstester Dienstleistungen<\/a>,\u00a0<a class=\"aahaf6o\" title=\"Dienstleistungen von Schrumpfungspr\u00fcfern\" href=\"https:\/\/www.materialstests.com\/de\/shrink-tester.html\/\">Dienstleistungen von Schrumpfungspr\u00fcfern<\/a>,\u00a0<a class=\"aahaf6o\" title=\"Ball Tack Tester Lieferant\" href=\"https:\/\/www.materialstests.com\/de\/products\/btt-01-ball-tack-tester.html\/\">Ball Tack Tester Lieferant<\/a>,\u00a0<a class=\"aahaf6o\" title=\"Ball Tack Tester exportieren\" href=\"https:\/\/www.materialstests.com\/de\/products\/btt-01-ball-tack-tester.html\/\">Ball Tack Tester exportieren<\/a>,\u00a0<a class=\"aahaf6o\" title=\"Flex Durability Tester Hersteller\" href=\"https:\/\/www.materialstests.com\/de\/flex-durability-tester.html\/\">Flex Durability Tester Hersteller<\/a>,\u00a0<a class=\"aahaf6o\" title=\"Flex Durability Tester Lieferant\" href=\"https:\/\/www.materialstests.com\/de\/flex-durability-tester.html\/\">Flex Durability Tester Lieferant<\/a>,\u00a0<a class=\"aahaf6o\" title=\"Flex Durability Tester exportieren\" href=\"https:\/\/www.materialstests.com\/de\/flex-durability-tester.html\/\">Flex Durability Tester exportieren<\/a>,\u00a0<a class=\"aahaf6o\" title=\"Biegebruchfestigkeitstester China\" href=\"https:\/\/www.materialstests.com\/de\/products\/gft-01-flex-durability-tester.html\/\">Biegebruchfestigkeitstester China<\/a>,\u00a0<a class=\"aahaf6o\" title=\"Flex Durability Tester Dienstleistungen\" href=\"https:\/\/www.materialstests.com\/de\/products\/gft-01-flex-durability-tester.html\/\">Flex Durability Tester Dienstleistungen<\/a><\/p>\t\t\t\t\t\t\t\t<\/div>\n\t\t\t\t\t<\/div>\n\t\t\t\t<\/div>\n\t\t\t\t<\/div>","protected":false},"excerpt":{"rendered":"<p>\u200b Since its official establishment in 2014, Cell Instruments has rapidly ascended in product development and innovation, marking a significant chapter in its dynamic history. Our commitment to excellence has propelled us to achieve milestones in the field of material test equipment, boasting comprehensive lines that encompass Packaging Material Testing, Medical Material Testing, Food Testing, [&hellip;]<\/p>","protected":false},"author":1,"featured_media":0,"parent":0,"menu_order":0,"comment_status":"closed","ping_status":"closed","template":"","meta":{"_acf_changed":false,"footnotes":""},"class_list":["post-2020","page","type-page","status-publish","hentry"],"acf":[],"_links":{"self":[{"href":"https:\/\/www.materialstests.com\/de\/wp-json\/wp\/v2\/pages\/2020","targetHints":{"allow":["GET"]}}],"collection":[{"href":"https:\/\/www.materialstests.com\/de\/wp-json\/wp\/v2\/pages"}],"about":[{"href":"https:\/\/www.materialstests.com\/de\/wp-json\/wp\/v2\/types\/page"}],"author":[{"embeddable":true,"href":"https:\/\/www.materialstests.com\/de\/wp-json\/wp\/v2\/users\/1"}],"replies":[{"embeddable":true,"href":"https:\/\/www.materialstests.com\/de\/wp-json\/wp\/v2\/comments?post=2020"}],"version-history":[{"count":0,"href":"https:\/\/www.materialstests.com\/de\/wp-json\/wp\/v2\/pages\/2020\/revisions"}],"wp:attachment":[{"href":"https:\/\/www.materialstests.com\/de\/wp-json\/wp\/v2\/media?parent=2020"}],"curies":[{"name":"wp","href":"https:\/\/api.w.org\/{rel}","templated":true}]}}