{"id":2076,"date":"2026-01-26T05:36:23","date_gmt":"2026-01-26T05:36:23","guid":{"rendered":"https:\/\/www.materialstests.com\/?page_id=2076"},"modified":"2026-01-26T13:07:58","modified_gmt":"2026-01-26T13:07:58","slug":"service-support","status":"publish","type":"page","link":"https:\/\/www.materialstests.com\/da\/service-support.html","title":{"rendered":"Service support"},"content":{"rendered":"<div data-elementor-type=\"wp-page\" data-elementor-id=\"2076\" class=\"elementor elementor-2076\" data-elementor-post-type=\"page\">\n\t\t\t\t<div class=\"elementor-element elementor-element-0644825 e-flex e-con-boxed e-con e-parent\" data-id=\"0644825\" data-element_type=\"container\" data-settings=\"{&quot;background_background&quot;:&quot;classic&quot;}\">\n\t\t\t\t\t<div class=\"e-con-inner\">\n\t\t\t\t<div class=\"elementor-element elementor-element-9b508b5 elementor-widget elementor-widget-heading\" data-id=\"9b508b5\" data-element_type=\"widget\" data-widget_type=\"heading.default\">\n\t\t\t\t\t<div class=\"elementor-heading-title elementor-size-default\"><nav aria-label=\"Br\u00f8dkrummer\" class=\"rank-math-breadcrumb\"><p><a href=\"https:\/\/www.materialstests.com\/da\/\">Hjem<\/a><span class=\"separator\"> \u00bb <\/span><span class=\"last\">Hjem<\/span><\/p><\/nav>\u200b<\/div>\t\t\t\t<\/div>\n\t\t\t\t\t<\/div>\n\t\t\t\t<\/div>\n\t\t<div class=\"elementor-element elementor-element-760817c e-flex e-con-boxed e-con e-parent\" data-id=\"760817c\" data-element_type=\"container\">\n\t\t\t\t\t<div class=\"e-con-inner\">\n\t\t\t\t<div class=\"elementor-element elementor-element-55a348f elementor-widget elementor-widget-text-editor\" data-id=\"55a348f\" data-element_type=\"widget\" data-widget_type=\"text-editor.default\">\n\t\t\t\t\t\t\t\t\t<p><strong>Politik for tilpasning:<\/strong><\/p><p>Hos Cell Instruments Co., Ltd. anerkender vi de forskellige og skiftende behov hos vores mangfoldige kundekreds, der sp\u00e6nder over forskellige brancher. Vores forpligtelse er at tilbyde personlige l\u00f8sninger gennem en omfattende tilpasningspolitik, der sikrer, at vores materialetestudstyr opfylder dine specifikke og unikke krav. Uanset om dit fokus ligger p\u00e5 emballage, f\u00f8devarer, l\u00e6gemidler, medicin, drikkevarer, kl\u00e6beevne, elektronik eller en hvilken som helst anden industri, er vores m\u00e5l at give dig avancerede materialetestl\u00f8sninger, der er skr\u00e6ddersyet til dine n\u00f8jagtige specifikationer.<\/p><p><strong>Tilpasningsproces:<\/strong><\/p><p>1. Indledende konsultation:<\/p><p>- Diskussion og id\u00e9udvikling: Samarbejd med vores eksperter for at udveksle id\u00e9er om testmetoden, standarder og specifikke krav.<\/p><p>- Vurdering af materiale: Vurder materialetype, -art og -specifikationer for at afg\u00f8re, om en \u00e6ndring af vores eksisterende testere af plast kan opfylde dine testbehov.<\/p><p>2. Modtagelse og \u00e6ndring af pr\u00f8ver:<\/p><p>- Evaluering: N\u00e5r vi har f\u00e5et bekr\u00e6ftet, at en \u00e6ndring af den nuv\u00e6rende tester er mulig, modtager vi pr\u00f8ver fra kunderne.<\/p><p>- Teknisk modifikation: Vores dedikerede tekniske team, der best\u00e5r af hardware- og softwareingeni\u00f8rer, \u00e6ndrer omhyggeligt den eksisterende tester baseret p\u00e5 de diskuterede tekniske detaljer.<\/p><p>*ELLER<\/p><p>- Design af nye testere: Hvis en mindre \u00e6ndring ikke kan opfylde testkravene, designer vores tekniske team en ny tester og et tilsvarende program, hvilket sikrer en omfattende l\u00f8sning.<\/p><p>3. Test af ydeevne:<\/p><p>- Kvalitetssikring: N\u00e5r den \u00e6ndrede eller nye tester er klar, udf\u00f8rer vi grundige test p\u00e5 pr\u00f8ver for at sikre optimal ydeevne.<\/p><p>4. Testverifikation og interaktion:<\/p><p>- Deling af testvideoer: Vi leverer en detaljeret testvideo, der viser den modificerede eller nydesignede tester i aktion.<\/p><p>- Invitation til live-test: Alternativt inviteres kunderne til vores anl\u00e6g for at overv\u00e6re live-testen og f\u00e5 en f\u00f8rsteh\u00e5ndsoplevelse af udstyrets muligheder.<\/p><p>5. Bekr\u00e6ftelse og afsendelse:<\/p><p>- Godkendelse fra kunden: Efter at have gennemg\u00e5et testresultaterne og oplevet udstyrets ydeevne bekr\u00e6fter kunderne deres tilfredshed.<\/p><p>- F\u00e6rdigg\u00f8relse: Efter bekr\u00e6ftelse forts\u00e6tter vi med at sende den tilpassede tester, s\u00e5 du f\u00e5r en god leveringsoplevelse.<\/p><p><strong>Fordele ved tilpasning<\/strong><\/p><p>1. Omfattende brancheerfaring:<\/p><p>- Ekspertise p\u00e5 tv\u00e6rs af brancher: Med vores mange\u00e5rige tilstedev\u00e6relse har vi et v\u00e6ld af erfaringer p\u00e5 tv\u00e6rs af forskellige brancher, herunder emballage, f\u00f8devarer, l\u00e6gemidler, medicin, drikkevarer, kl\u00e6bestoffer, elektronik og meget mere.<\/p><p>- Dybtg\u00e5ende brancheforst\u00e5else: Vores fagfolk har et indg\u00e5ende kendskab til branchespecifikke udfordringer og krav.<\/p><p>2. Bredt udvalg af produkter:<\/p><p>- Omfattende produktportef\u00f8lje: Vi tilbyder et bredt udvalg af udstyr til materialetest, der im\u00f8dekommer forskellige testbehov inden for forskellige brancher.<\/p><p>- Alsidighed i l\u00f8sninger: Vores brede produktsortiment sikrer, at vi kan levere l\u00f8sninger til en lang r\u00e6kke testopgaver.<\/p><p>3. Ekspertise inden for automatisering:<\/p><p>- Integration af automatisering: Udnyt vores ekspertise inden for automatisering til at str\u00f8mline testprocesser og forbedre effektiviteten.<\/p><p>- Skr\u00e6ddersyede automatiseringsl\u00f8sninger: Vores erfaring giver os mulighed for at tilpasse automatiserede l\u00f8sninger, s\u00e5 de opfylder specifikke branchekrav.<\/p><p>4. Hurtig respons og behandling:<\/p><p>- Smidigt og responsivt team: Vores dedikerede team s\u00f8rger for hurtig respons p\u00e5 foresp\u00f8rgsler og sikrer en problemfri og hurtig tilpasningsproces.<\/p><p>- Effektiv behandling: Drag fordel af vores engagement i at levere skr\u00e6ddersyede l\u00f8sninger inden for en rimelig tidsramme.<\/p><p>5. Overkommelige priser:<\/p><p>- Omkostningseffektive l\u00f8sninger: Vi prioriterer at tilbyde overkommelige tilpasningsmuligheder uden at g\u00e5 p\u00e5 kompromis med kvaliteten.<\/p><p>- V\u00e6rdi for investeringen: Vores omkostningseffektive l\u00f8sninger giver fremragende v\u00e6rdi og sikrer et positivt afkast af din investering.<\/p><p>6. Forst\u00e5else af teststandarder:<\/p><p>- Overholdelse af internationale standarder: Vi er velbevandrede i internationale teststandarder som ASTM, ISO, GT, YBB, JIS, DIN, IEC m.fl.<\/p><p>- Pr\u00e6cision i testning: Vores overholdelse af disse standarder sikrer n\u00f8jagtigheden og p\u00e5lideligheden af vores skr\u00e6ddersyede testl\u00f8sninger.<\/p><p>7. Gode sprogf\u00e6rdigheder:<\/p><p>- Effektiv kommunikation: Vores team har st\u00e6rke sprogf\u00e6rdigheder, der g\u00f8r det muligt at kommunikere klart og effektivt gennem hele tilpasningsprocessen.<\/p><p><strong>Politik for eftersalgsservice<\/strong><\/p><p>Hos Cell Instruments Co., Ltd. er vi forpligtet til at yde enest\u00e5ende eftersalgsservice for at sikre vores v\u00e6rdsatte kunders tilfredshed og succes. Vores politik for eftersalgsservice beskriver de principper og procedurer, der styrer vores forpligtelse til at st\u00f8tte dig i hele produktets livscyklus.<\/p><p>1. D\u00e6kning af garanti:<\/p><p>- Alle Cell Instruments-produkter leveres med en standardgarantiperiode, typisk et \u00e5r. Denne garanti d\u00e6kker produktionsfejl og sikrer, at udstyret fungerer korrekt i den angivne periode.<\/p><p>2. Garantikrav:<\/p><p>- I tilf\u00e6lde af et garantikrav skal kunderne fremvise et k\u00f8bsbevis og en detaljeret beskrivelse af problemet.<\/p><p>- Vores tekniske supportteam vil vurdere kravet og afg\u00f8re, om problemet falder ind under garantid\u00e6kningen.<\/p><p>- Hvis det er d\u00e6kket, vil vi straks reparere eller udskifte de defekte dele eller det defekte udstyr.<\/p><p>3. Teknisk support:<\/p><p>- Vores dedikerede tekniske supportteam st\u00e5r til r\u00e5dighed for at hj\u00e6lpe med eventuelle sp\u00f8rgsm\u00e5l eller problemer, du m\u00e5tte st\u00f8de p\u00e5.<\/p><p>- Kunder kan kontakte vores tekniske support via info@celtec.cn i \u00e5bningstiden.<\/p><p>4. Vedligeholdelses- og kalibreringstjenester:<\/p><p>- Vi anbefaler regelm\u00e6ssig vedligeholdelse for at sikre optimal ydeevne. Kunder kan planl\u00e6gge vedligeholdelse med vores team.<\/p><p>- Kalibreringsydelser er tilg\u00e6ngelige for at opretholde testudstyrets n\u00f8jagtighed.<\/p><p>5. Tilg\u00e6ngelighed af reservedele:<\/p><p>- Vi har et lager af reservedele, s\u00e5 vi kan foretage hurtige udskiftninger og minimere nedetiden.<\/p><p>- Kunderne kan k\u00f8be originale reservedele direkte fra os for at sikre kompatibilitet og ydeevne.<\/p><p>6. Uddannelse af kunder:<\/p><p>- Online-tr\u00e6ningssessioner er altid tilg\u00e6ngelige for vores kunder, s\u00e5 de kan blive s\u00e5 dygtige som muligt til at bruge vores udstyr.<\/p><p>- Tr\u00e6ning kan foreg\u00e5 p\u00e5 stedet (omkostninger skal diskuteres) eller eksternt baseret p\u00e5 kundens pr\u00e6ferencer.<\/p><p>7. Feedback fra kunder:<\/p><p>- Vi v\u00e6rds\u00e6tter kundefeedback, da det hj\u00e6lper os med at forbedre vores produkter og tjenester. Kunder opfordres til at give feedback via vores kontaktformular eller via e-mail info@celtec.cn .<\/p><p>8. Kontaktoplysninger:<\/p><p>For henvendelser om eftersalgsservice bedes du kontakte vores kundesupportteam p\u00e5 info@celtec.cn eller +86 18560013985.<\/p><p><strong>OFTE STILLEDE SP\u00d8RGSM\u00c5L<\/strong><\/p><p>Q: Hvad er den typiske leveringstid for Cell Instruments-produkter?<\/p><p>Svar: Leveringstiden varierer afh\u00e6ngigt af produktet og kravene til tilpasning. Standardprodukter afsendes typisk inden for 5 arbejdsdage eller mindre.<\/p><p>Q: Kan jeg fremskynde leveringen af min ordre?<\/p><p>Svar: Ja, der er mulighed for hurtig levering. Kontakt venligst vores salgsteam for at dr\u00f8fte dine specifikke krav og leveringstider.<\/p><p>Q: Hvilke betalingsmetoder accepterer du?<\/p><p>A: Vi accepterer normalt betalinger via bankoverf\u00f8rsel.<\/p><p>Q: Er der ekstra gebyrer for at bruge bestemte betalingsmetoder?<\/p><p>Svar: Vores standardbetalingsmetoder medf\u00f8rer ikke yderligere gebyrer. Bankoverf\u00f8rsler kan dog v\u00e6re underlagt bankgebyrer.<\/p><p>Q: Hvordan pakkes produkterne til forsendelse?<\/p><p>A: Vores produkter er forsvarligt emballeret for at sikre en sikker transport. Vi bruger antichok-emballagematerialer og krydsfiner- eller papkasser til at beskytte udstyret under forsendelsen.<\/p><p>Q: Giver I sporingsoplysninger for afsendte ordrer?<\/p><p>A: Ja, n\u00e5r din ordre er afsendt, vil du modtage en e-mail med sporingsoplysninger, s\u00e5 du kan f\u00f8lge forsendelsesstatus.<\/p><p>Q: Hvad er de tilg\u00e6ngelige forsendelsesmetoder?<\/p><p>Svar: Valget af forsendelsesmetode kan variere afh\u00e6ngigt af, hvor meget det haster med leveringen, budgetbegr\u00e6nsninger og varernes st\u00f8rrelse og v\u00e6gt. Vi arbejder altid t\u00e6t sammen med logistikeksperter for at optimere forsendelsen for vores v\u00e6rdsatte kunder.<\/p><p>De hyppigst anvendte forsendelsesmetoder er:<\/p><p>1. Kurertjenester (f.eks. DHL, FedEx, UPS, SF Express):<\/p><p>Beskrivelse: Private kurerfirmaer, der tilbyder d\u00f8r-til-d\u00f8r-service.<\/p><p>Leveringstid: Hurtig transittid, svarende til ekspresforsendelse.<\/p><p>Velegnet til: Sm\u00e5 til mellemstore pakker (GW mindre end 60 kg) med fokus p\u00e5 p\u00e5lidelighed og hastighed.<\/p><p>2. Luftfragt:<\/p><p>Beskrivelse: Transport med fly giver hurtigere levering sammenlignet med s\u00f8fragt.<\/p><p>Leveringstid: Hurtigere end s\u00f8fragt, men normalt langsommere end ekspresforsendelse.<\/p><p>Velegnet til: Tidsf\u00f8lsomme forsendelser med et moderat budget og v\u00e6gt. (GW mere end 45 kg).<\/p><p>3. S\u00f8fragt:<\/p><p>Beskrivelse: Omkostningseffektiv til store og tunge forsendelser.<\/p><p>Leveringstid: L\u00e6ngere transittid sammenlignet med luftfragt.<\/p><p>Velegnet til: Store forsendelser med fokus p\u00e5 omkostningsbesparelser og en fleksibel leveringstid.<\/p><p>4. Godstransport med jernbane:<\/p><p>Beskrivelse: Landtransport med jernbane, ofte brugt til interkontinental transport til Centralasien eller europ\u00e6iske kunder.<\/p><p>Leveringstid: Generelt hurtigere end s\u00f8fragt, men langsommere end luftfragt.<\/p><p>Velegnet til: Store forsendelser med destinationer, der kan n\u00e5s med jernbane.<\/p><p>5. Intermodal transport:<\/p><p>Beskrivelse: En kombination af flere transportformer (f.eks. skib og jernbane, lastbil og fly).<\/p><p>Leveringstid: Variabel, afh\u00e6ngigt af den valgte kombination af metoder.<\/p><p>Velegnet til: Komplekse logistikscenarier med en blanding af transportbehov.<\/p>\t\t\t\t\t\t\t\t<\/div>\n\t\t\t\t\t<\/div>\n\t\t\t\t<\/div>\n\t\t\t\t<\/div>","protected":false},"excerpt":{"rendered":"<p>\u200b Customization Policy: At Cell Instruments Co., Ltd., we recognize the distinct and evolving needs of our diverse clientele spanning various industries. Our commitment is to offer personalized solutions through a comprehensive customization policy, ensuring that our material test equipment meets your specific and unique requirements. Whether your focus lies in packaging, food, pharmaceuticals, medical, [&hellip;]<\/p>","protected":false},"author":1,"featured_media":0,"parent":0,"menu_order":0,"comment_status":"closed","ping_status":"closed","template":"","meta":{"_acf_changed":false,"footnotes":""},"class_list":["post-2076","page","type-page","status-publish","hentry"],"acf":[],"_links":{"self":[{"href":"https:\/\/www.materialstests.com\/da\/wp-json\/wp\/v2\/pages\/2076","targetHints":{"allow":["GET"]}}],"collection":[{"href":"https:\/\/www.materialstests.com\/da\/wp-json\/wp\/v2\/pages"}],"about":[{"href":"https:\/\/www.materialstests.com\/da\/wp-json\/wp\/v2\/types\/page"}],"author":[{"embeddable":true,"href":"https:\/\/www.materialstests.com\/da\/wp-json\/wp\/v2\/users\/1"}],"replies":[{"embeddable":true,"href":"https:\/\/www.materialstests.com\/da\/wp-json\/wp\/v2\/comments?post=2076"}],"version-history":[{"count":0,"href":"https:\/\/www.materialstests.com\/da\/wp-json\/wp\/v2\/pages\/2076\/revisions"}],"wp:attachment":[{"href":"https:\/\/www.materialstests.com\/da\/wp-json\/wp\/v2\/media?parent=2076"}],"curies":[{"name":"wp","href":"https:\/\/api.w.org\/{rel}","templated":true}]}}