{"id":2020,"date":"2026-01-26T03:32:25","date_gmt":"2026-01-26T03:32:25","guid":{"rendered":"https:\/\/www.materialstests.com\/?page_id=2020"},"modified":"2026-01-26T13:06:21","modified_gmt":"2026-01-26T13:06:21","slug":"about-us","status":"publish","type":"page","link":"https:\/\/www.materialstests.com\/da\/about-us.html","title":{"rendered":"Om os"},"content":{"rendered":"<div data-elementor-type=\"wp-page\" data-elementor-id=\"2020\" class=\"elementor elementor-2020\" data-elementor-post-type=\"page\">\n\t\t\t\t<div class=\"elementor-element elementor-element-c1e7c03 e-flex e-con-boxed e-con e-parent\" data-id=\"c1e7c03\" data-element_type=\"container\" data-settings=\"{&quot;background_background&quot;:&quot;classic&quot;}\">\n\t\t\t\t\t<div class=\"e-con-inner\">\n\t\t\t\t<div class=\"elementor-element elementor-element-8fd22e0 elementor-widget elementor-widget-heading\" data-id=\"8fd22e0\" data-element_type=\"widget\" data-widget_type=\"heading.default\">\n\t\t\t\t\t<div class=\"elementor-heading-title elementor-size-default\"><nav aria-label=\"Br\u00f8dkrummer\" class=\"rank-math-breadcrumb\"><p><a href=\"https:\/\/www.materialstests.com\/da\/\">Hjem<\/a><span class=\"separator\"> \u00bb <\/span><span class=\"last\">Hjem<\/span><\/p><\/nav>\u200b<\/div>\t\t\t\t<\/div>\n\t\t\t\t\t<\/div>\n\t\t\t\t<\/div>\n\t\t<div class=\"elementor-element elementor-element-f608734 e-flex e-con-boxed e-con e-parent\" data-id=\"f608734\" data-element_type=\"container\">\n\t\t\t\t\t<div class=\"e-con-inner\">\n\t\t\t\t<div class=\"elementor-element elementor-element-58cb6ea elementor-widget elementor-widget-text-editor\" data-id=\"58cb6ea\" data-element_type=\"widget\" data-widget_type=\"text-editor.default\">\n\t\t\t\t\t\t\t\t\t<p>Siden den officielle etablering i 2014 har Cell Instruments hurtigt udviklet sig inden for produktudvikling og innovation, hvilket markerer et vigtigt kapitel i virksomhedens dynamiske historie. Vores engagement i ekspertise har drevet os til at opn\u00e5 milep\u00e6le inden for materialetestudstyr med omfattende linjer, der omfatter test af emballagematerialer, test af medicinske materialer, f\u00f8devaretest, farmaceutisk test, test af kl\u00e6beevne, test af papir og karton og endda tilpasning efter behov. Disse banebrydende l\u00f8sninger finder alsidige anvendelser p\u00e5 tv\u00e6rs af forskellige industrier, herunder emballage, f\u00f8devarer, l\u00e6gemidler, medicin, kosmetik, drikkevarer, universiteter, inspektion, kl\u00e6beevne og tekstil.<\/p>\t\t\t\t\t\t\t\t<\/div>\n\t\t\t\t<div class=\"elementor-element elementor-element-c7d07e9 elementor-widget elementor-widget-image\" data-id=\"c7d07e9\" data-element_type=\"widget\" data-widget_type=\"image.default\">\n\t\t\t\t\t\t\t\t\t\t\t\t\t\t\t<img fetchpriority=\"high\" decoding=\"async\" width=\"800\" height=\"400\" src=\"https:\/\/www.materialstests.com\/wp-content\/uploads\/2026\/01\/bc800e5326c92bfcd7f943355926093a.jpg\" class=\"attachment-large size-large wp-image-2238\" alt=\"Producent af l\u00e6kagetestudstyr - OM OS\" srcset=\"https:\/\/www.materialstests.com\/wp-content\/uploads\/2026\/01\/bc800e5326c92bfcd7f943355926093a.jpg 800w, https:\/\/www.materialstests.com\/wp-content\/uploads\/2026\/01\/bc800e5326c92bfcd7f943355926093a-300x150.jpg 300w, https:\/\/www.materialstests.com\/wp-content\/uploads\/2026\/01\/bc800e5326c92bfcd7f943355926093a-768x384.jpg 768w, https:\/\/www.materialstests.com\/wp-content\/uploads\/2026\/01\/bc800e5326c92bfcd7f943355926093a-18x9.jpg 18w\" sizes=\"(max-width: 800px) 100vw, 800px\" \/>\t\t\t\t\t\t\t\t\t\t\t\t\t\t\t<\/div>\n\t\t\t\t<div class=\"elementor-element elementor-element-127095f elementor-widget elementor-widget-text-editor\" data-id=\"127095f\" data-element_type=\"widget\" data-widget_type=\"text-editor.default\">\n\t\t\t\t\t\t\t\t\t<p>Vores globale fodaftryk er vokset kraftigt og n\u00e5r ud til og p\u00e5virker over 70 lande og regioner. Hos Cell Instruments str\u00e6kker vores mission sig ud over blot at levere testl\u00f8sninger; den drejer sig om at forme landskabet for kundernes kvalitetskontrol og forskning og udvikling. Vores mission er at blive anerkendt som en integreret \u2018celle\u2019-enhed i disse processer og tilbyde konkurrencedygtige og p\u00e5lidelige l\u00f8sninger til brugere over hele verden.<\/p><p>Som pioner i branchen er Cell Instruments fortsat en ingeni\u00f8rdrevet organisation med en urokkelig forpligtelse til at overholde standarder. Vi prioriterer ekspertise og har aktivt udviklet instrumentmodeller, der er skr\u00e6ddersyet til at opfylde vores kunders specifikke behov, samtidig med at vi sikrer overholdelse af industristandarder. Disse instrumenter fungerer som uvurderlige probleml\u00f8sningsv\u00e6rkt\u00f8jer, der problemfrit integreres i kundelaboratorier, forsknings- og udviklingscentre, produktionssteder, forel\u00e6sningslokaler og meget mere. Vores tekniske baggrund sikrer kvaliteten af vores kunders produkter og g\u00f8r dem i stand til at navigere p\u00e5 det internationale marked med tillid.<\/p>\t\t\t\t\t\t\t\t<\/div>\n\t\t\t\t<div class=\"elementor-element elementor-element-a0311d4 elementor-widget elementor-widget-image\" data-id=\"a0311d4\" data-element_type=\"widget\" data-widget_type=\"image.default\">\n\t\t\t\t\t\t\t\t\t\t\t\t\t\t\t<img decoding=\"async\" width=\"800\" height=\"400\" src=\"https:\/\/www.materialstests.com\/wp-content\/uploads\/2026\/01\/6f6c3ee6a57f3b5a064c916fc412fc69.jpg\" class=\"attachment-large size-large wp-image-2239\" alt=\"Producent af l\u00e6kagetestudstyr - OM OS\" srcset=\"https:\/\/www.materialstests.com\/wp-content\/uploads\/2026\/01\/6f6c3ee6a57f3b5a064c916fc412fc69.jpg 800w, https:\/\/www.materialstests.com\/wp-content\/uploads\/2026\/01\/6f6c3ee6a57f3b5a064c916fc412fc69-300x150.jpg 300w, https:\/\/www.materialstests.com\/wp-content\/uploads\/2026\/01\/6f6c3ee6a57f3b5a064c916fc412fc69-768x384.jpg 768w, https:\/\/www.materialstests.com\/wp-content\/uploads\/2026\/01\/6f6c3ee6a57f3b5a064c916fc412fc69-18x9.jpg 18w\" sizes=\"(max-width: 800px) 100vw, 800px\" \/>\t\t\t\t\t\t\t\t\t\t\t\t\t\t\t<\/div>\n\t\t\t\t<div class=\"elementor-element elementor-element-5673870 elementor-widget elementor-widget-text-editor\" data-id=\"5673870\" data-element_type=\"widget\" data-widget_type=\"text-editor.default\">\n\t\t\t\t\t\t\t\t\t<p>Cell Instruments har ikke kun positioneret sig som producent af topmoderne testudstyr, men ogs\u00e5 som strategisk partner i virksomhedernes succes over hele verden. Vores dedikerede team, der er udstyret med en bred vifte af ekspertise, samarbejder utr\u00e6tteligt for at sikre, at vores kunder ikke bare f\u00e5r produkter, men omfattende l\u00f8sninger, der forbedrer deres effektivitet, produktkvalitet og generelle konkurrenceevne.<\/p><p>Vores hovedkvarter ligger i Jinan City, et af Nordkinas st\u00f8rste industriknudepunkter, og fungerer som centrum for vores aktiviteter og er et knudepunkt for forskning, udvikling og kundecentrerede initiativer.<\/p><p>Vores succes r\u00e6kker ud over gr\u00e6nserne, da vi aktivt deltager i international handel og eksporterer vores banebrydende l\u00f8sninger til en lang r\u00e6kke lande. Denne globale udbredelse er et vidnesbyrd om vores vision om at fremme samarbejde og dele innovation p\u00e5 globalt plan.<\/p><p>Mens vi forts\u00e6tter vores rejse mod ekspertise, inviterer vi dig til at v\u00e6re med til at forme fremtiden for kvalitetskontrol og forskning og udvikling p\u00e5 globalt plan.<\/p><p>Hvis du vil have flere oplysninger om dette produkt, er du velkommen til at kontakte os. Vi anbefaler andre popul\u00e6re produkter til dig:\u00a0<a class=\"aahaf6o\" title=\"Tykkelsesm\u00e5ler til papir og karton\" href=\"https:\/\/www.materialstests.com\/da\/paper-board-tester.html\/\">Tykkelsesm\u00e5ler til papir og karton<\/a>,\u00a0<a class=\"aahaf6o\" title=\"Udstyr til test af bruttol\u00e6kage\" href=\"https:\/\/www.materialstests.com\/da\/gross-leak-tester.html\/\">Udstyr til test af bruttol\u00e6kage<\/a>,\u00a0<a class=\"aahaf6o\" title=\" Bruttol\u00e6kagetester Test af udstyr\" href=\"https:\/\/www.materialstests.com\/da\/gross-leak-tester.html\/\">Bruttol\u00e6kagetester Test af udstyr<\/a>,\u00a0<a class=\"aahaf6o\" title=\"Bruttol\u00e6kagetester Test af udstyr\" href=\"https:\/\/www.materialstests.com\/da\/gross-leak-tester.html\/\">Bruttol\u00e6kagetester Test af udstyr<\/a>,\u00a0<a class=\"aahaf6o\" title=\"Producent af gradient varmeforseglingstester\" href=\"https:\/\/www.materialstests.com\/da\/products\/ghs-01-gradient-heat-seal-tester.html\/\">Producent af gradient varmeforseglingstester<\/a>,\u00a0<a class=\"aahaf6o\" title=\"Laboratorie Hot Tack Tester\" href=\"https:\/\/www.materialstests.com\/da\/products\/htt-02-hot-tack-tester.html\/\">Laboratorie Hot Tack Tester<\/a>,\u00a0<a class=\"aahaf6o\" title=\"Test af varmegradient\" href=\"https:\/\/www.materialstests.com\/da\/products\/ghs-01-gradient-heat-seal-tester.html\/\">Test af varmegradient<\/a>,\u00a0<a class=\"aahaf6o\" title=\"filmfri krympetester\" href=\"https:\/\/www.materialstests.com\/da\/shrink-tester.html\/\">filmfri krympetester<\/a>,\u00a0<a class=\"aahaf6o\" title=\"tester til varmekrympning af film\" href=\"https:\/\/www.materialstests.com\/da\/shrink-tester.html\/\">tester til varmekrympning af film<\/a>,\u00a0<a class=\"aahaf6o\" title=\"Test af fleksibel holdbarhed\" href=\"https:\/\/www.materialstests.com\/da\/flex-durability-tester.html\/\">Test af fleksibel holdbarhed<\/a>,\u00a0<a class=\"aahaf6o\" title=\"Gradient Heat Seal Tester\" href=\"https:\/\/www.materialstests.com\/da\/gradient-heat-seal-tester.html\/\">Gradient Heat Seal Tester<\/a>,\u00a0<a class=\"aahaf6o\" title=\"Tester for afskalning af kl\u00e6bemiddel\" href=\"https:\/\/www.materialstests.com\/da\/products\/spc-01-stretch-film-peeling-cling-tester.html\/\">Tester for afskalning af kl\u00e6bemiddel<\/a>,\u00a0<a class=\"aahaf6o\" title=\"Test af holdekraft\" href=\"https:\/\/www.materialstests.com\/da\/holding-power-tester.html\/\">Test af holdekraft<\/a>,\u00a0<a class=\"aahaf6o\" title=\"Laboratorietester til varmeforsegling\" href=\"https:\/\/www.materialstests.com\/da\/products\/hst-01-heat-seal-tester.html\/\">Laboratorietester til varmeforsegling<\/a>,\u00a0<a class=\"aahaf6o\" title=\"Tester til afskalning af beholdere\" href=\"https:\/\/www.materialstests.com\/da\/productstags\/container-peeling-tester.html\/\">Tester til afskalning af beholdere<\/a>,\u00a0<a class=\"aahaf6o\" title=\"leverand\u00f8rer af varmeforseglingstestere i Kina\" href=\"https:\/\/www.materialstests.com\/da\/heat-seal-tester.html\/\">leverand\u00f8rer af varmeforseglingstestere i Kina<\/a>,\u00a0<a class=\"aahaf6o\" title=\"Kina varmeforseglingstester\" href=\"https:\/\/www.materialstests.com\/da\/productstags\/china-heat-sealing-tester-factory.html\/\">Kina varmeforseglingstester<\/a>,\u00a0<a class=\"aahaf6o\" title=\"Varmeforseglingstester fabrikker\" href=\"https:\/\/www.materialstests.com\/da\/productstags\/heat-sealing-tester-factories.html\/\">Varmeforseglingstester fabrikker<\/a>,\u00a0<a class=\"aahaf6o\" title=\"Varmeforseglingstester fabrikker\" href=\"https:\/\/www.materialstests.com\/da\/productstags\/heat-sealing-tester-factories.html\/\">Varmeforseglingstester fabrikker<\/a>,\u00a0<a class=\"aahaf6o\" title=\"Leverand\u00f8r af kulsyre-tester\" href=\"https:\/\/www.materialstests.com\/da\/products\/clrt-01-carbon-dioxide-volume-tester.html\/\">Leverand\u00f8r af kulsyre-tester<\/a>,\u00a0<a class=\"aahaf6o\" title=\"Tjenester til kulsyre-testere\" href=\"https:\/\/www.materialstests.com\/da\/products\/clrt-01-carbon-dioxide-volume-tester.html\/\">Tjenester til kulsyre-testere<\/a>,\u00a0<a class=\"aahaf6o\" title=\"Tjenester til krympetestere\" href=\"https:\/\/www.materialstests.com\/da\/shrink-tester.html\/\">Tjenester til krympetestere<\/a>,\u00a0<a class=\"aahaf6o\" title=\"Leverand\u00f8r af Ball Tack Tester\" href=\"https:\/\/www.materialstests.com\/da\/products\/btt-01-ball-tack-tester.html\/\">Leverand\u00f8r af Ball Tack Tester<\/a>,\u00a0<a class=\"aahaf6o\" title=\"Ball Tack Tester eksport\" href=\"https:\/\/www.materialstests.com\/da\/products\/btt-01-ball-tack-tester.html\/\">Ball Tack Tester eksport<\/a>,\u00a0<a class=\"aahaf6o\" title=\"Producent af Flex Durability Tester\" href=\"https:\/\/www.materialstests.com\/da\/flex-durability-tester.html\/\">Producent af Flex Durability Tester<\/a>,\u00a0<a class=\"aahaf6o\" title=\"Leverand\u00f8r af Flex Durability Tester\" href=\"https:\/\/www.materialstests.com\/da\/flex-durability-tester.html\/\">Leverand\u00f8r af Flex Durability Tester<\/a>,\u00a0<a class=\"aahaf6o\" title=\"Flex Durability Tester eksport\" href=\"https:\/\/www.materialstests.com\/da\/flex-durability-tester.html\/\">Flex Durability Tester eksport<\/a>,\u00a0<a class=\"aahaf6o\" title=\"Test af b\u00f8jelighed og holdbarhed Kina\" href=\"https:\/\/www.materialstests.com\/da\/products\/gft-01-flex-durability-tester.html\/\">Test af b\u00f8jelighed og holdbarhed Kina<\/a>,\u00a0<a class=\"aahaf6o\" title=\"Flex Durability Tester-ydelser\" href=\"https:\/\/www.materialstests.com\/da\/products\/gft-01-flex-durability-tester.html\/\">Flex Durability Tester-ydelser<\/a><\/p>\t\t\t\t\t\t\t\t<\/div>\n\t\t\t\t\t<\/div>\n\t\t\t\t<\/div>\n\t\t\t\t<\/div>","protected":false},"excerpt":{"rendered":"<p>\u200b Since its official establishment in 2014, Cell Instruments has rapidly ascended in product development and innovation, marking a significant chapter in its dynamic history. Our commitment to excellence has propelled us to achieve milestones in the field of material test equipment, boasting comprehensive lines that encompass Packaging Material Testing, Medical Material Testing, Food Testing, [&hellip;]<\/p>","protected":false},"author":1,"featured_media":0,"parent":0,"menu_order":0,"comment_status":"closed","ping_status":"closed","template":"","meta":{"_acf_changed":false,"footnotes":""},"class_list":["post-2020","page","type-page","status-publish","hentry"],"acf":[],"_links":{"self":[{"href":"https:\/\/www.materialstests.com\/da\/wp-json\/wp\/v2\/pages\/2020","targetHints":{"allow":["GET"]}}],"collection":[{"href":"https:\/\/www.materialstests.com\/da\/wp-json\/wp\/v2\/pages"}],"about":[{"href":"https:\/\/www.materialstests.com\/da\/wp-json\/wp\/v2\/types\/page"}],"author":[{"embeddable":true,"href":"https:\/\/www.materialstests.com\/da\/wp-json\/wp\/v2\/users\/1"}],"replies":[{"embeddable":true,"href":"https:\/\/www.materialstests.com\/da\/wp-json\/wp\/v2\/comments?post=2020"}],"version-history":[{"count":0,"href":"https:\/\/www.materialstests.com\/da\/wp-json\/wp\/v2\/pages\/2020\/revisions"}],"wp:attachment":[{"href":"https:\/\/www.materialstests.com\/da\/wp-json\/wp\/v2\/media?parent=2020"}],"curies":[{"name":"wp","href":"https:\/\/api.w.org\/{rel}","templated":true}]}}